{"id":3098,"date":"2019-02-21T10:01:36","date_gmt":"2019-02-21T09:01:36","guid":{"rendered":"https:\/\/www.cascade.it\/new\/prodotto\/galleggianti-inox\/"},"modified":"2020-07-17T10:43:09","modified_gmt":"2020-07-17T08:43:09","slug":"flotteurs-inox","status":"publish","type":"product","link":"https:\/\/www.cascade.it\/fr\/prodotto\/flotteurs-inox\/","title":{"rendered":"Flotteur inox pour fontaines"},"content":{"rendered":"<p>[vc_row][vc_column][vc_empty_space height=\u00a0\u00bb50&Prime; height_mobile=\u00a0\u00bb100&Prime;][vc_column_text spacing_heading=\u00a0\u00bb\u00a0\u00bb spacing_heading_tab=\u00a0\u00bb\u00a0\u00bb spacing_heading_mobile=\u00a0\u00bb\u00a0\u00bb]<div class=\"carousel-slider-outer carousel-slider-outer-image-carousel carousel-slider-outer-2138\" style=\"--carousel-slider-nav-color:#f1f1f1;--carousel-slider-active-nav-color:#00d1b2;--carousel-slider-arrow-size:48px;--carousel-slider-bullet-size:10px\">\n<div id=\"&#039;id-2138\" class=\"carousel-slider carousel-slider-2138 arrows-visibility-hover dots-visibility-never arrows-outside dots-center dots-square owl-carousel\" data-slide-type=\"image-carousel\" data-owl-settings='{\"nav\":true,\"dots\":false,\"slideBy\":1,\"stagePadding\":0,\"margin\":10,\"loop\":true,\"lazyLoad\":true,\"autoplay\":true,\"autoplayTimeout\":5000,\"autoplaySpeed\":500,\"autoplayHoverPause\":true,\"autoWidth\":false,\"responsive\":{\"300\":{\"items\":1},\"576\":{\"items\":2},\"768\":{\"items\":2},\"1024\":{\"items\":3},\"1280\":{\"items\":3},\"1536\":{\"items\":3}}}'>\n<div class=\"carousel-slider__item\">\n\t<img class=\"owl-lazy\" data-src=\"https:\/\/www.cascade.it\/new\/wp-content\/uploads\/2019\/08\/1-Galleggianti-inox.jpg\" alt=\"\"><\/a><\/div>\n\n<div class=\"carousel-slider__item\">\n\t<img class=\"owl-lazy\" data-src=\"https:\/\/www.cascade.it\/new\/wp-content\/uploads\/2019\/08\/2-Galleggianti-inox.jpg\" alt=\"\"><\/a><\/div>\n\n<div class=\"carousel-slider__item\">\n\t<img class=\"owl-lazy\" data-src=\"https:\/\/www.cascade.it\/new\/wp-content\/uploads\/2019\/08\/3-Galleggianti-inox.jpg\" alt=\"\"><\/a><\/div>\n\n<div class=\"carousel-slider__item\">\n\t<img class=\"owl-lazy\" data-src=\"https:\/\/www.cascade.it\/new\/wp-content\/uploads\/2019\/08\/4-Galleggianti-inox.jpg\" alt=\"\"><\/a><\/div>\n\n<\/div><!-- .carousel-slider-2138 -->\n<\/div><!-- .carousel-slider-outer-2138 -->\n<\/p>\n<p>&nbsp;<\/p>\n<h1><span style=\"color: #1e73be;\">Flotteur inox sur mesure pour fontaines<\/span><\/h1>\n<p>Les <strong>Flotteurs en acier inoxydable<\/strong> pour fontaines sont fabriqu\u00e9s <strong>sur mesure<\/strong>, pour des structures d&rsquo;une certaine importance ou situ\u00e9es dans des environnements difficiles o\u00f9 le flotteur remplit \u00e9galement une <strong>fonction structurelle<\/strong>, pour les dispositifs d&rsquo;ancrage ou plus.<\/p>\n<p>Pour plus d&rsquo;informations et des devis cibl\u00e9s, contactez-nous directement.[\/vc_column_text][\/vc_column][\/vc_row][vc_row][vc_column][vc_btn title=\u00a0\u00bbContactez-nous\u00a0\u00bb style=\u00a0\u00bbcustom\u00a0\u00bb custom_background=\u00a0\u00bb#1e73be\u00a0\u00bb custom_text=\u00a0\u00bb#ffffff\u00a0\u00bb size=\u00a0\u00bblg\u00a0\u00bb align=\u00a0\u00bbcenter\u00a0\u00bb i_icon_fontawesome=\u00a0\u00bbfa fa-envelope-o\u00a0\u00bb add_icon=\u00a0\u00bbtrue\u00a0\u00bb link=\u00a0\u00bburl:https%3A%2F%2Fwww.cascade.it%2Ffr%2Fcontact%2F|||\u00a0\u00bb][\/vc_column][\/vc_row]<\/p>\n","protected":false},"excerpt":{"rendered":"<p>[vc_row][vc_column][vc_empty_space height=\u00a0\u00bb50&Prime; height_mobile=\u00a0\u00bb100&Prime;][vc_column_text spacing_heading=\u00a0\u00bb\u00a0\u00bb spacing_heading_tab=\u00a0\u00bb\u00a0\u00bb spacing_heading_mobile=\u00a0\u00bb\u00a0\u00bb] &nbsp; Flotteur inox sur mesure pour fontaines Les Flotteurs en acier inoxydable pour fontaines sont fabriqu\u00e9s sur mesure, pour des structures d&rsquo;une certaine importance ou situ\u00e9es dans des environnements difficiles o\u00f9 le flotteur remplit \u00e9galement une fonction structurelle, pour les dispositifs d&rsquo;ancrage ou plus. Pour plus d&rsquo;informations et des [&hellip;]<\/p>\n","protected":false},"featured_media":3099,"template":"","meta":[],"product_brand":[],"product_cat":[303],"product_tag":[],"class_list":{"0":"post-3098","1":"product","2":"type-product","3":"status-publish","4":"has-post-thumbnail","6":"product_cat-accessoires-fontaines-flottantes","8":"first","9":"instock","10":"shipping-taxable","11":"product-type-simple"},"yoast_head":"<!-- This site is optimized with the Yoast SEO plugin v26.7 - https:\/\/yoast.com\/wordpress\/plugins\/seo\/ -->\n<title>Flotteur inox pour fontaines - Cascade<\/title>\n<meta name=\"description\" content=\"Les Flotteurs en acier inox pour fontaines sont fabriqu\u00e9s sur mesure, pour des structures d&#039;une certaine importance ou dans des environnements difficiles.\" \/>\n<meta name=\"robots\" content=\"index, follow, max-snippet:-1, max-image-preview:large, max-video-preview:-1\" \/>\n<link rel=\"canonical\" href=\"https:\/\/www.cascade.it\/fr\/prodotto\/flotteurs-inox\/\" \/>\n<meta property=\"og:locale\" content=\"fr_FR\" \/>\n<meta property=\"og:type\" content=\"article\" \/>\n<meta property=\"og:title\" content=\"Flotteur inox pour fontaines - Cascade\" \/>\n<meta property=\"og:description\" content=\"Les Flotteurs en acier inox pour fontaines sont fabriqu\u00e9s sur mesure, pour des structures d&#039;une certaine importance ou dans des environnements difficiles.\" \/>\n<meta property=\"og:url\" content=\"https:\/\/www.cascade.it\/fr\/prodotto\/flotteurs-inox\/\" \/>\n<meta property=\"og:site_name\" content=\"Cascade\" \/>\n<meta property=\"article:modified_time\" content=\"2020-07-17T08:43:09+00:00\" \/>\n<meta property=\"og:image\" content=\"https:\/\/www.cascade.it\/new\/wp-content\/uploads\/Prodotti\/Fontane_galleggianti\/Accessori_per_fontane_galleggianti\/GALLEGGIANTI-INOX.jpg\" \/>\n\t<meta property=\"og:image:width\" content=\"1300\" \/>\n\t<meta property=\"og:image:height\" content=\"1300\" \/>\n\t<meta property=\"og:image:type\" content=\"image\/jpeg\" \/>\n<meta name=\"twitter:card\" content=\"summary_large_image\" \/>\n<meta name=\"twitter:label1\" content=\"Dur\u00e9e de lecture estim\u00e9e\" \/>\n\t<meta name=\"twitter:data1\" content=\"1 minute\" \/>\n<!-- \/ Yoast SEO plugin. -->","yoast_head_json":{"title":"Flotteur inox pour fontaines - Cascade","description":"Les Flotteurs en acier inox pour fontaines sont fabriqu\u00e9s sur mesure, pour des structures d'une certaine importance ou dans des environnements difficiles.","robots":{"index":"index","follow":"follow","max-snippet":"max-snippet:-1","max-image-preview":"max-image-preview:large","max-video-preview":"max-video-preview:-1"},"canonical":"https:\/\/www.cascade.it\/fr\/prodotto\/flotteurs-inox\/","og_locale":"fr_FR","og_type":"article","og_title":"Flotteur inox pour fontaines - Cascade","og_description":"Les Flotteurs en acier inox pour fontaines sont fabriqu\u00e9s sur mesure, pour des structures d'une certaine importance ou dans des environnements difficiles.","og_url":"https:\/\/www.cascade.it\/fr\/prodotto\/flotteurs-inox\/","og_site_name":"Cascade","article_modified_time":"2020-07-17T08:43:09+00:00","og_image":[{"width":1300,"height":1300,"url":"https:\/\/www.cascade.it\/new\/wp-content\/uploads\/Prodotti\/Fontane_galleggianti\/Accessori_per_fontane_galleggianti\/GALLEGGIANTI-INOX.jpg","type":"image\/jpeg"}],"twitter_card":"summary_large_image","twitter_misc":{"Dur\u00e9e de lecture estim\u00e9e":"1 minute"},"schema":{"@context":"https:\/\/schema.org","@graph":[{"@type":"WebPage","@id":"https:\/\/www.cascade.it\/fr\/prodotto\/flotteurs-inox\/","url":"https:\/\/www.cascade.it\/fr\/prodotto\/flotteurs-inox\/","name":"Flotteur inox pour fontaines - Cascade","isPartOf":{"@id":"https:\/\/www.cascade.it\/fr\/#website"},"primaryImageOfPage":{"@id":"https:\/\/www.cascade.it\/fr\/prodotto\/flotteurs-inox\/#primaryimage"},"image":{"@id":"https:\/\/www.cascade.it\/fr\/prodotto\/flotteurs-inox\/#primaryimage"},"thumbnailUrl":"https:\/\/www.cascade.it\/new\/wp-content\/uploads\/Prodotti\/Fontane_galleggianti\/Accessori_per_fontane_galleggianti\/GALLEGGIANTI-INOX.jpg","datePublished":"2019-02-21T09:01:36+00:00","dateModified":"2020-07-17T08:43:09+00:00","description":"Les Flotteurs en acier inox pour fontaines sont fabriqu\u00e9s sur mesure, pour des structures d'une certaine importance ou dans des environnements difficiles.","breadcrumb":{"@id":"https:\/\/www.cascade.it\/fr\/prodotto\/flotteurs-inox\/#breadcrumb"},"inLanguage":"fr-FR","potentialAction":[{"@type":"ReadAction","target":["https:\/\/www.cascade.it\/fr\/prodotto\/flotteurs-inox\/"]}]},{"@type":"ImageObject","inLanguage":"fr-FR","@id":"https:\/\/www.cascade.it\/fr\/prodotto\/flotteurs-inox\/#primaryimage","url":"https:\/\/www.cascade.it\/new\/wp-content\/uploads\/Prodotti\/Fontane_galleggianti\/Accessori_per_fontane_galleggianti\/GALLEGGIANTI-INOX.jpg","contentUrl":"https:\/\/www.cascade.it\/new\/wp-content\/uploads\/Prodotti\/Fontane_galleggianti\/Accessori_per_fontane_galleggianti\/GALLEGGIANTI-INOX.jpg","width":1300,"height":1300},{"@type":"BreadcrumbList","@id":"https:\/\/www.cascade.it\/fr\/prodotto\/flotteurs-inox\/#breadcrumb","itemListElement":[{"@type":"ListItem","position":1,"name":"Home","item":"https:\/\/www.cascade.it\/fr\/"},{"@type":"ListItem","position":2,"name":"Boutique","item":"https:\/\/www.cascade.it\/fr\/boutique\/"},{"@type":"ListItem","position":3,"name":"Flotteur inox pour fontaines"}]},{"@type":"WebSite","@id":"https:\/\/www.cascade.it\/fr\/#website","url":"https:\/\/www.cascade.it\/fr\/","name":"Cascade","description":"More than a fountain","potentialAction":[{"@type":"SearchAction","target":{"@type":"EntryPoint","urlTemplate":"https:\/\/www.cascade.it\/fr\/?s={search_term_string}"},"query-input":{"@type":"PropertyValueSpecification","valueRequired":true,"valueName":"search_term_string"}}],"inLanguage":"fr-FR"}]}},"_links":{"self":[{"href":"https:\/\/www.cascade.it\/fr\/wp-json\/wp\/v2\/product\/3098","targetHints":{"allow":["GET"]}}],"collection":[{"href":"https:\/\/www.cascade.it\/fr\/wp-json\/wp\/v2\/product"}],"about":[{"href":"https:\/\/www.cascade.it\/fr\/wp-json\/wp\/v2\/types\/product"}],"wp:featuredmedia":[{"embeddable":true,"href":"https:\/\/www.cascade.it\/fr\/wp-json\/wp\/v2\/media\/3099"}],"wp:attachment":[{"href":"https:\/\/www.cascade.it\/fr\/wp-json\/wp\/v2\/media?parent=3098"}],"wp:term":[{"taxonomy":"product_brand","embeddable":true,"href":"https:\/\/www.cascade.it\/fr\/wp-json\/wp\/v2\/product_brand?post=3098"},{"taxonomy":"product_cat","embeddable":true,"href":"https:\/\/www.cascade.it\/fr\/wp-json\/wp\/v2\/product_cat?post=3098"},{"taxonomy":"product_tag","embeddable":true,"href":"https:\/\/www.cascade.it\/fr\/wp-json\/wp\/v2\/product_tag?post=3098"}],"curies":[{"name":"wp","href":"https:\/\/api.w.org\/{rel}","templated":true}]}}