{"id":3093,"date":"2019-02-21T10:00:18","date_gmt":"2019-02-21T09:00:18","guid":{"rendered":"https:\/\/www.cascade.it\/new\/prodotto\/galleggianti-in-resina\/"},"modified":"2020-07-21T13:02:41","modified_gmt":"2020-07-21T11:02:41","slug":"flotteurs-composite","status":"publish","type":"product","link":"https:\/\/www.cascade.it\/fr\/prodotto\/flotteurs-composite\/","title":{"rendered":"Flotteurs en r\u00e9sine pour fontaines"},"content":{"rendered":"<p>[vc_row][vc_column][vc_empty_space height=\u00a0\u00bb50&Prime; height_mobile=\u00a0\u00bb100&Prime;][vc_column_text spacing_heading=\u00a0\u00bb\u00a0\u00bb spacing_heading_tab=\u00a0\u00bb\u00a0\u00bb spacing_heading_mobile=\u00a0\u00bb\u00a0\u00bb]<\/p>\n<div class=\"carousel-slider-outer carousel-slider-outer-image-carousel carousel-slider-outer-2133\" style=\"--carousel-slider-nav-color:#f1f1f1;--carousel-slider-active-nav-color:#00d1b2;--carousel-slider-arrow-size:48px;--carousel-slider-bullet-size:10px\">\n<div id=\"&#039;id-2133\" class=\"carousel-slider carousel-slider-2133 arrows-visibility-hover dots-visibility-never arrows-outside dots-center dots-square owl-carousel\" data-slide-type=\"image-carousel\" data-owl-settings='{\"nav\":true,\"dots\":false,\"slideBy\":1,\"stagePadding\":0,\"margin\":10,\"loop\":true,\"lazyLoad\":true,\"autoplay\":true,\"autoplayTimeout\":5000,\"autoplaySpeed\":500,\"autoplayHoverPause\":true,\"autoWidth\":false,\"responsive\":{\"300\":{\"items\":1},\"576\":{\"items\":2},\"768\":{\"items\":2},\"1024\":{\"items\":3},\"1280\":{\"items\":3},\"1536\":{\"items\":3}}}'>\n<div class=\"carousel-slider__item\">\n\t<img class=\"owl-lazy\" data-src=\"https:\/\/www.cascade.it\/new\/wp-content\/uploads\/2019\/08\/0-Galleggianti-in-resina.jpg\" alt=\"\"><\/a><\/div>\n\n<div class=\"carousel-slider__item\">\n\t<img class=\"owl-lazy\" data-src=\"https:\/\/www.cascade.it\/new\/wp-content\/uploads\/2019\/08\/1-Galleggianti-in-resina.jpg\" alt=\"\"><\/a><\/div>\n\n<div class=\"carousel-slider__item\">\n\t<img class=\"owl-lazy\" data-src=\"https:\/\/www.cascade.it\/new\/wp-content\/uploads\/2019\/08\/2-Galleggianti-in-resina.jpg\" alt=\"\"><\/a><\/div>\n\n<\/div><!-- .carousel-slider-2133 -->\n<\/div><!-- .carousel-slider-outer-2133 -->\n\n<h1><span style=\"color: #1e73be;\">Flotteurs en r\u00e9sine pour fontaines<\/span><\/h1>\n<p>Les <strong>Flotteurs en composites<\/strong> pour fontaines Cascade sont l\u00e9gers et r\u00e9sistants.<\/p>\n<p>Ils peuvent \u00eatre utilis\u00e9s <strong>individuellement<\/strong> ou, mieux encore, <strong>en groupes<\/strong> mont\u00e9s sur des structures de support sp\u00e9ciales pour un <strong>meilleur \u00e9quilibrage de la charge<\/strong> et pour assurer une <strong>plus grande stabilit\u00e9<\/strong> aux jets d&rsquo;eau.<\/p>\n<p>Ils peuvent \u00eatre fournis avec des <strong>supports en acier inoxydable<\/strong> pour fixer les flotteurs \u00e0 la structure possible ou pour ancrer la pompe directement sur le flotteur.<\/p>\n<p>&nbsp;<\/p>\n<h3>Donn\u00e9es techniques<\/h3>\n<div style=\"overflow-x: auto;\">\n<table width=\"96%\">\n<tbody>\n<tr>\n<td width=\"10%\"><strong>\u00a0<\/strong><\/td>\n<td class=\"thHorz\" width=\"14%\">Flotteur 80<\/td>\n<td class=\"thHorz\" width=\"14%\">Support 80 pour GA80<\/td>\n<td class=\"thHorz\" width=\"14%\">Flotteur 105<\/td>\n<td class=\"thHorz\" width=\"14%\">Support 105 pour GA105<\/td>\n<td class=\"thHorz\" width=\"14%\">Flotteur 116<\/td>\n<td class=\"thHorz\" width=\"14%\">Support 116 pour GA116<\/td>\n<\/tr>\n<tr>\n<td class=\"thVert\" width=\"10%\">Code<\/td>\n<td width=\"14%\">GA80<\/td>\n<td width=\"14%\">GASU80<\/td>\n<td width=\"14%\">GA105<\/td>\n<td width=\"14%\">GASU105<\/td>\n<td width=\"14%\">GA116<\/td>\n<td width=\"14%\">GASU116<\/td>\n<\/tr>\n<tr>\n<td class=\"thVert\" width=\"10%\">Dimensions<\/td>\n<td width=\"14%\">\u00d8 800 mm, h 205 mm<\/td>\n<td width=\"14%\">&#8211;<\/td>\n<td width=\"14%\">\u00d8 1050 mm, h 250 mm<\/td>\n<td width=\"14%\">&#8211;<\/td>\n<td width=\"14%\">\u00d8 1160 mm, h 300 mm<\/td>\n<td width=\"14%\">&#8211;<\/td>\n<\/tr>\n<tr>\n<td class=\"thVert\" width=\"10%\">Pouss\u00e9e nette max<\/td>\n<td width=\"14%\">40 kg<\/td>\n<td width=\"14%\">&#8211;<\/td>\n<td width=\"14%\">80 kg<\/td>\n<td width=\"14%\">&#8211;<\/td>\n<td width=\"14%\">120 kg<\/td>\n<td width=\"14%\">&#8211;<\/td>\n<\/tr>\n<tr>\n<td class=\"thVert\" width=\"10%\">Mat\u00e9riel<\/td>\n<td width=\"14%\">Mat\u00e9riau composite<\/td>\n<td width=\"14%\">Acier inox<\/td>\n<td width=\"14%\">Mat\u00e9riau composite<\/td>\n<td width=\"14%\">Acier inox<\/td>\n<td width=\"14%\">Mat\u00e9riau composite<\/td>\n<td width=\"14%\">Acier inox<\/td>\n<\/tr>\n<\/tbody>\n<\/table>\n<\/div>\n<p>&nbsp;<\/p>\n","protected":false},"excerpt":{"rendered":"<p>[vc_row][vc_column][vc_empty_space height=\u00a0\u00bb50&Prime; height_mobile=\u00a0\u00bb100&Prime;][vc_column_text spacing_heading=\u00a0\u00bb\u00a0\u00bb spacing_heading_tab=\u00a0\u00bb\u00a0\u00bb spacing_heading_mobile=\u00a0\u00bb\u00a0\u00bb] Flotteurs en r\u00e9sine pour fontaines Les Flotteurs en composites pour fontaines Cascade sont l\u00e9gers et r\u00e9sistants. Ils peuvent \u00eatre utilis\u00e9s individuellement ou, mieux encore, en groupes mont\u00e9s sur des structures de support sp\u00e9ciales pour un meilleur \u00e9quilibrage de la charge et pour assurer une plus grande stabilit\u00e9 aux jets [&hellip;]<\/p>\n","protected":false},"featured_media":3094,"template":"","meta":[],"product_brand":[],"product_cat":[303],"product_tag":[],"class_list":{"0":"post-3093","1":"product","2":"type-product","3":"status-publish","4":"has-post-thumbnail","6":"product_cat-accessoires-fontaines-flottantes","8":"first","9":"instock","10":"shipping-taxable","11":"product-type-simple"},"yoast_head":"<!-- This site is optimized with the Yoast SEO plugin v26.7 - https:\/\/yoast.com\/wordpress\/plugins\/seo\/ -->\n<title>Flotteurs en r\u00e9sine pour fontaines - Cascade<\/title>\n<meta name=\"description\" content=\"Les Flotteurs en composites pour fontaines Cascade sont l\u00e9gers et r\u00e9sistants. Ils peuvent \u00eatre utilis\u00e9s individuellement ou en groupes.\" \/>\n<meta name=\"robots\" content=\"index, follow, max-snippet:-1, max-image-preview:large, max-video-preview:-1\" \/>\n<link rel=\"canonical\" href=\"https:\/\/www.cascade.it\/fr\/prodotto\/flotteurs-composite\/\" \/>\n<meta property=\"og:locale\" content=\"fr_FR\" \/>\n<meta property=\"og:type\" content=\"article\" \/>\n<meta property=\"og:title\" content=\"Flotteurs en r\u00e9sine pour fontaines - Cascade\" \/>\n<meta property=\"og:description\" content=\"Les Flotteurs en composites pour fontaines Cascade sont l\u00e9gers et r\u00e9sistants. Ils peuvent \u00eatre utilis\u00e9s individuellement ou en groupes.\" \/>\n<meta property=\"og:url\" content=\"https:\/\/www.cascade.it\/fr\/prodotto\/flotteurs-composite\/\" \/>\n<meta property=\"og:site_name\" content=\"Cascade\" \/>\n<meta property=\"article:modified_time\" content=\"2020-07-21T11:02:41+00:00\" \/>\n<meta property=\"og:image\" content=\"https:\/\/www.cascade.it\/new\/wp-content\/uploads\/Prodotti\/Fontane_galleggianti\/Accessori_per_fontane_galleggianti\/GALLEGGIANTI-IN-RESINA.jpg\" \/>\n\t<meta property=\"og:image:width\" content=\"1300\" \/>\n\t<meta property=\"og:image:height\" content=\"1300\" \/>\n\t<meta property=\"og:image:type\" content=\"image\/jpeg\" \/>\n<meta name=\"twitter:card\" content=\"summary_large_image\" \/>\n<meta name=\"twitter:label1\" content=\"Dur\u00e9e de lecture estim\u00e9e\" \/>\n\t<meta name=\"twitter:data1\" content=\"1 minute\" \/>\n<!-- \/ Yoast SEO plugin. -->","yoast_head_json":{"title":"Flotteurs en r\u00e9sine pour fontaines - Cascade","description":"Les Flotteurs en composites pour fontaines Cascade sont l\u00e9gers et r\u00e9sistants. Ils peuvent \u00eatre utilis\u00e9s individuellement ou en groupes.","robots":{"index":"index","follow":"follow","max-snippet":"max-snippet:-1","max-image-preview":"max-image-preview:large","max-video-preview":"max-video-preview:-1"},"canonical":"https:\/\/www.cascade.it\/fr\/prodotto\/flotteurs-composite\/","og_locale":"fr_FR","og_type":"article","og_title":"Flotteurs en r\u00e9sine pour fontaines - Cascade","og_description":"Les Flotteurs en composites pour fontaines Cascade sont l\u00e9gers et r\u00e9sistants. Ils peuvent \u00eatre utilis\u00e9s individuellement ou en groupes.","og_url":"https:\/\/www.cascade.it\/fr\/prodotto\/flotteurs-composite\/","og_site_name":"Cascade","article_modified_time":"2020-07-21T11:02:41+00:00","og_image":[{"width":1300,"height":1300,"url":"https:\/\/www.cascade.it\/new\/wp-content\/uploads\/Prodotti\/Fontane_galleggianti\/Accessori_per_fontane_galleggianti\/GALLEGGIANTI-IN-RESINA.jpg","type":"image\/jpeg"}],"twitter_card":"summary_large_image","twitter_misc":{"Dur\u00e9e de lecture estim\u00e9e":"1 minute"},"schema":{"@context":"https:\/\/schema.org","@graph":[{"@type":"WebPage","@id":"https:\/\/www.cascade.it\/fr\/prodotto\/flotteurs-composite\/","url":"https:\/\/www.cascade.it\/fr\/prodotto\/flotteurs-composite\/","name":"Flotteurs en r\u00e9sine pour fontaines - Cascade","isPartOf":{"@id":"https:\/\/www.cascade.it\/fr\/#website"},"primaryImageOfPage":{"@id":"https:\/\/www.cascade.it\/fr\/prodotto\/flotteurs-composite\/#primaryimage"},"image":{"@id":"https:\/\/www.cascade.it\/fr\/prodotto\/flotteurs-composite\/#primaryimage"},"thumbnailUrl":"https:\/\/www.cascade.it\/new\/wp-content\/uploads\/Prodotti\/Fontane_galleggianti\/Accessori_per_fontane_galleggianti\/GALLEGGIANTI-IN-RESINA.jpg","datePublished":"2019-02-21T09:00:18+00:00","dateModified":"2020-07-21T11:02:41+00:00","description":"Les Flotteurs en composites pour fontaines Cascade sont l\u00e9gers et r\u00e9sistants. Ils peuvent \u00eatre utilis\u00e9s individuellement ou en groupes.","breadcrumb":{"@id":"https:\/\/www.cascade.it\/fr\/prodotto\/flotteurs-composite\/#breadcrumb"},"inLanguage":"fr-FR","potentialAction":[{"@type":"ReadAction","target":["https:\/\/www.cascade.it\/fr\/prodotto\/flotteurs-composite\/"]}]},{"@type":"ImageObject","inLanguage":"fr-FR","@id":"https:\/\/www.cascade.it\/fr\/prodotto\/flotteurs-composite\/#primaryimage","url":"https:\/\/www.cascade.it\/new\/wp-content\/uploads\/Prodotti\/Fontane_galleggianti\/Accessori_per_fontane_galleggianti\/GALLEGGIANTI-IN-RESINA.jpg","contentUrl":"https:\/\/www.cascade.it\/new\/wp-content\/uploads\/Prodotti\/Fontane_galleggianti\/Accessori_per_fontane_galleggianti\/GALLEGGIANTI-IN-RESINA.jpg","width":1300,"height":1300},{"@type":"BreadcrumbList","@id":"https:\/\/www.cascade.it\/fr\/prodotto\/flotteurs-composite\/#breadcrumb","itemListElement":[{"@type":"ListItem","position":1,"name":"Home","item":"https:\/\/www.cascade.it\/fr\/"},{"@type":"ListItem","position":2,"name":"Boutique","item":"https:\/\/www.cascade.it\/fr\/boutique\/"},{"@type":"ListItem","position":3,"name":"Flotteurs en r\u00e9sine pour fontaines"}]},{"@type":"WebSite","@id":"https:\/\/www.cascade.it\/fr\/#website","url":"https:\/\/www.cascade.it\/fr\/","name":"Cascade","description":"More than a fountain","potentialAction":[{"@type":"SearchAction","target":{"@type":"EntryPoint","urlTemplate":"https:\/\/www.cascade.it\/fr\/?s={search_term_string}"},"query-input":{"@type":"PropertyValueSpecification","valueRequired":true,"valueName":"search_term_string"}}],"inLanguage":"fr-FR"}]}},"_links":{"self":[{"href":"https:\/\/www.cascade.it\/fr\/wp-json\/wp\/v2\/product\/3093","targetHints":{"allow":["GET"]}}],"collection":[{"href":"https:\/\/www.cascade.it\/fr\/wp-json\/wp\/v2\/product"}],"about":[{"href":"https:\/\/www.cascade.it\/fr\/wp-json\/wp\/v2\/types\/product"}],"wp:featuredmedia":[{"embeddable":true,"href":"https:\/\/www.cascade.it\/fr\/wp-json\/wp\/v2\/media\/3094"}],"wp:attachment":[{"href":"https:\/\/www.cascade.it\/fr\/wp-json\/wp\/v2\/media?parent=3093"}],"wp:term":[{"taxonomy":"product_brand","embeddable":true,"href":"https:\/\/www.cascade.it\/fr\/wp-json\/wp\/v2\/product_brand?post=3093"},{"taxonomy":"product_cat","embeddable":true,"href":"https:\/\/www.cascade.it\/fr\/wp-json\/wp\/v2\/product_cat?post=3093"},{"taxonomy":"product_tag","embeddable":true,"href":"https:\/\/www.cascade.it\/fr\/wp-json\/wp\/v2\/product_tag?post=3093"}],"curies":[{"name":"wp","href":"https:\/\/api.w.org\/{rel}","templated":true}]}}