{"id":3084,"date":"2019-08-08T10:03:02","date_gmt":"2019-08-08T08:03:02","guid":{"rendered":"https:\/\/www.cascade.it\/new\/prodotto\/fontane-musicali-e-danzanti\/"},"modified":"2023-02-20T12:40:46","modified_gmt":"2023-02-20T11:40:46","slug":"fontaines-musicales-et-dynamiques","status":"publish","type":"product","link":"https:\/\/www.cascade.it\/fr\/prodotto\/fontaines-musicales-et-dynamiques\/","title":{"rendered":"Fontaines musicales et fontaines dansantes"},"content":{"rendered":"<p>[vc_row][vc_column][vc_empty_space height=\u00a0\u00bb50&Prime; height_mobile=\u00a0\u00bb100&Prime;][vc_column_text spacing_heading=\u00a0\u00bb\u00a0\u00bb spacing_heading_tab=\u00a0\u00bb\u00a0\u00bb spacing_heading_mobile=\u00a0\u00bb\u00a0\u00bb]<div class=\"carousel-slider-outer carousel-slider-outer-image-carousel carousel-slider-outer-2184\" style=\"--carousel-slider-nav-color:#f1f1f1;--carousel-slider-active-nav-color:#00d1b2;--carousel-slider-arrow-size:48px;--carousel-slider-bullet-size:10px\">\n<div id=\"&#039;id-2184\" class=\"carousel-slider carousel-slider-2184 arrows-visibility-hover dots-visibility-never arrows-outside dots-center dots-square owl-carousel\" data-slide-type=\"image-carousel\" data-owl-settings='{\"nav\":true,\"dots\":false,\"slideBy\":1,\"stagePadding\":0,\"margin\":10,\"loop\":true,\"lazyLoad\":true,\"autoplay\":true,\"autoplayTimeout\":5000,\"autoplaySpeed\":500,\"autoplayHoverPause\":true,\"autoWidth\":false,\"responsive\":{\"300\":{\"items\":1},\"576\":{\"items\":2},\"768\":{\"items\":2},\"1024\":{\"items\":3},\"1280\":{\"items\":3},\"1536\":{\"items\":3}}}'>\n<div class=\"carousel-slider__item\">\n\t<img class=\"owl-lazy\" data-src=\"https:\/\/www.cascade.it\/new\/wp-content\/uploads\/2019\/08\/1-Fontane-musicali-e-danzanti.jpg\" alt=\"\"><\/a><\/div>\n\n<div class=\"carousel-slider__item\">\n\t<img class=\"owl-lazy\" data-src=\"https:\/\/www.cascade.it\/new\/wp-content\/uploads\/2019\/08\/2-Fontane-musicali-e-danzanti.jpg\" alt=\"\"><\/a><\/div>\n\n<div class=\"carousel-slider__item\">\n\t<img class=\"owl-lazy\" data-src=\"https:\/\/www.cascade.it\/new\/wp-content\/uploads\/2019\/08\/3-Fontane-musicali-e-danzanti.jpg\" alt=\"\"><\/a><\/div>\n\n<div class=\"carousel-slider__item\">\n\t<img class=\"owl-lazy\" data-src=\"https:\/\/www.cascade.it\/new\/wp-content\/uploads\/2019\/08\/4-Fontane-musicali-e-danzanti.jpg\" alt=\"\"><\/a><\/div>\n\n<div class=\"carousel-slider__item\">\n\t<img class=\"owl-lazy\" data-src=\"https:\/\/www.cascade.it\/new\/wp-content\/uploads\/2019\/08\/5-Fontane-musicali-e-danzanti.jpg\" alt=\"\"><\/a><\/div>\n\n<div class=\"carousel-slider__item\">\n\t<img class=\"owl-lazy\" data-src=\"https:\/\/www.cascade.it\/new\/wp-content\/uploads\/2019\/08\/6-Fontane-musicali-e-danzanti.jpg\" alt=\"\"><\/a><\/div>\n\n<div class=\"carousel-slider__item\">\n\t<img class=\"owl-lazy\" data-src=\"https:\/\/www.cascade.it\/new\/wp-content\/uploads\/2019\/08\/7-Fontane-musicali-e-danzanti.jpg\" alt=\"\"><\/a><\/div>\n\n<div class=\"carousel-slider__item\">\n\t<img class=\"owl-lazy\" data-src=\"https:\/\/www.cascade.it\/new\/wp-content\/uploads\/2019\/08\/8-Fontane-musicali-e-danzanti.jpg\" alt=\"\"><\/a><\/div>\n\n<div class=\"carousel-slider__item\">\n\t<img class=\"owl-lazy\" data-src=\"https:\/\/www.cascade.it\/new\/wp-content\/uploads\/2019\/08\/9-Fontane-musicali-e-danzanti.jpg\" alt=\"\"><\/a><\/div>\n\n<div class=\"carousel-slider__item\">\n\t<img class=\"owl-lazy\" data-src=\"https:\/\/www.cascade.it\/new\/wp-content\/uploads\/2019\/08\/10-Fontane-musicali-e-danzanti.jpg\" alt=\"\"><\/a><\/div>\n\n<div class=\"carousel-slider__item\">\n\t<img class=\"owl-lazy\" data-src=\"https:\/\/www.cascade.it\/new\/wp-content\/uploads\/2019\/08\/11-Fontane-musicali-e-danzanti.jpg\" alt=\"\"><\/a><\/div>\n\n<div class=\"carousel-slider__item\">\n\t<img class=\"owl-lazy\" data-src=\"https:\/\/www.cascade.it\/new\/wp-content\/uploads\/2019\/08\/12-Fontane-musicali-e-danzanti.jpg\" alt=\"\"><\/a><\/div>\n\n<div class=\"carousel-slider__item\">\n\t<img class=\"owl-lazy\" data-src=\"https:\/\/www.cascade.it\/new\/wp-content\/uploads\/2019\/08\/13-Fontane-musicali-e-danzanti.jpg\" alt=\"\"><\/a><\/div>\n\n<div class=\"carousel-slider__item\">\n\t<img class=\"owl-lazy\" data-src=\"https:\/\/www.cascade.it\/new\/wp-content\/uploads\/2019\/08\/14-Fontane-musicali-e-danzanti.jpg\" alt=\"\"><\/a><\/div>\n\n<div class=\"carousel-slider__item\">\n\t<img class=\"owl-lazy\" data-src=\"https:\/\/www.cascade.it\/new\/wp-content\/uploads\/2019\/08\/15-Fontane-musicali-e-danzanti.jpg\" alt=\"\"><\/a><\/div>\n\n<div class=\"carousel-slider__item\">\n\t<img class=\"owl-lazy\" data-src=\"https:\/\/www.cascade.it\/new\/wp-content\/uploads\/2019\/08\/16-Fontane-musicali-e-danzanti.jpg\" alt=\"\"><\/a><\/div>\n\n<div class=\"carousel-slider__item\">\n\t<img class=\"owl-lazy\" data-src=\"https:\/\/www.cascade.it\/new\/wp-content\/uploads\/2019\/08\/17-Fontane-musicali-e-danzanti.jpg\" alt=\"\"><\/a><\/div>\n\n<\/div><!-- .carousel-slider-2184 -->\n<\/div><!-- .carousel-slider-outer-2184 -->\n<\/p>\n<p>&nbsp;<\/p>\n<h1><span style=\"color: #1e73be;\">Fontaines musicales et fontaines dansantes<\/span><\/h1>\n<p>Pour la cr\u00e9ation des <strong>fontaines musicales<\/strong> et des <strong>fontaines dansantes <\/strong>de tout type et de toute dimension, nous de Cascade proposons une <strong>gamme compl\u00e8te<\/strong> de produits, de <strong>composants \u00e9lectroniques<\/strong> et de <strong>logiciels professionnels<\/strong>.<\/p>\n<p>Chez Cascade, gr\u00e2ce \u00e0 notre <strong>bureau technique d&rsquo;ing\u00e9nierie <\/strong>et \u00e0 plus de <strong>30 ans d&rsquo;exp\u00e9rience<\/strong>, nous pouvons offrir une collaboration professionelle pour <strong>l&rsquo;\u00e9tude<\/strong>, la <strong>conception<\/strong> et la <strong>construction<\/strong> de fontaines musicales et de fontaines dansantes de toutes sortes, en cr\u00e9ant des produits et des <strong>syst\u00e8mes personnalis\u00e9s<\/strong> presque enti\u00e8rement <strong>pr\u00e9-assembl\u00e9s<\/strong> dans l&rsquo;entreprise, qui permettent de limiter les travaux sur site.<\/p>\n<p>Les <span style=\"text-decoration: underline;\"><a href=\"https:\/\/www.cascade.it\/fr\/produits\/systemes-de-controle-pour-fontaines\/systemes-de-controle-fontaines-dynamiques-musicales\/\"><strong>unit\u00e9s de commande<\/strong><\/a><\/span> et les <span style=\"text-decoration: underline;\"><a href=\"https:\/\/www.cascade.it\/fr\/produits\/systemes-de-controle-pour-fontaines\/\"><strong>syst\u00e8mes de controle<\/strong><\/a><\/span>, con\u00e7us, projet\u00e9s et fabriqu\u00e9s sp\u00e9cifiquement pour entra\u00eener des <span style=\"text-decoration: underline;\"><a href=\"https:\/\/www.cascade.it\/fr\/produits\/pompes-pour-fontaines\/\"><strong>pompes<\/strong><\/a><\/span>, des <span style=\"text-decoration: underline;\"><strong><a href=\"https:\/\/www.cascade.it\/fr\/prodotto\/variateurs-de-frequence\/\">variateurs de fr\u00e9quence<\/a><\/strong><\/span>, des <span style=\"text-decoration: underline;\"><strong><a href=\"https:\/\/www.cascade.it\/fr\/produits\/ajutages-pour-fontaines\/ajutages-dynamiques-controlables\/\">ajutages dynamiques<\/a><\/strong><\/span> et des <span style=\"text-decoration: underline;\"><a href=\"https:\/\/www.cascade.it\/fr\/produits\/eclairage-immerge-led\/projecteurs-led-mizar\/\"><strong>projecteurs immerg\u00e9s \u00e0 LED<\/strong><\/a><\/span> sont des <strong>produits Cascade Fontane exclusifs<\/strong>, utilis\u00e9s pour cr\u00e9er des <strong>mouvements d&rsquo;eau<\/strong> et des <strong>effets de lumi\u00e8re<\/strong> en <strong>synchronisation avec la musique<\/strong> afin de rendre les fontaines musicales excitantes et suggestives.<\/p>\n<p>La gamme compl\u00e8te de nos composants \u00e9lectroniques et hydrauliques, combin\u00e9e au <strong>savoir-faire<\/strong> <strong>exclusif Cascade<\/strong> et \u00e0 logiciels de programmation et de gestion professionnels via le <strong>protocole DMX-RDM<\/strong>, vous permet d&rsquo;avoir une vraie <strong>direction<\/strong> qui fait danser la fontaine au son de la musique, cr\u00e9ant des sc\u00e9nographies personnalis\u00e9es et mettant un accent particulier sur les diff\u00e9rentes sc\u00e8nes.<\/p>\n<p>De notre production fi\u00e8rement \u00ab\u00a0<strong>Made in Italy<\/strong>\u00ab\u00a0, nous essayons de montrer le <strong>professionnalisme<\/strong> qui depuis <strong>plus de 30 ans<\/strong> a \u00e9t\u00e9 le point d&rsquo;honneur de notre travail.<\/p>\n<p>CASCADE est un monde \u00e0 d\u00e9couvrir![\/vc_column_text][\/vc_column][\/vc_row][vc_row][vc_column][vc_btn title=\u00a0\u00bbContactez-nous\u00a0\u00bb style=\u00a0\u00bbcustom\u00a0\u00bb custom_background=\u00a0\u00bb#1e73be\u00a0\u00bb custom_text=\u00a0\u00bb#ffffff\u00a0\u00bb size=\u00a0\u00bblg\u00a0\u00bb align=\u00a0\u00bbcenter\u00a0\u00bb i_icon_fontawesome=\u00a0\u00bbfa fa-envelope-o\u00a0\u00bb add_icon=\u00a0\u00bbtrue\u00a0\u00bb link=\u00a0\u00bburl:https%3A%2F%2Fwww.cascade.it%2Ffr%2Fcontact%2F|||\u00a0\u00bb][\/vc_column][\/vc_row]<\/p>\n","protected":false},"excerpt":{"rendered":"<p>[vc_row][vc_column][vc_empty_space height=\u00a0\u00bb50&Prime; height_mobile=\u00a0\u00bb100&Prime;][vc_column_text spacing_heading=\u00a0\u00bb\u00a0\u00bb spacing_heading_tab=\u00a0\u00bb\u00a0\u00bb spacing_heading_mobile=\u00a0\u00bb\u00a0\u00bb] &nbsp; Fontaines musicales et fontaines dansantes Pour la cr\u00e9ation des fontaines musicales et des fontaines dansantes de tout type et de toute dimension, nous de Cascade proposons une gamme compl\u00e8te de produits, de composants \u00e9lectroniques et de logiciels professionnels. Chez Cascade, gr\u00e2ce \u00e0 notre bureau technique d&rsquo;ing\u00e9nierie et \u00e0 [&hellip;]<\/p>\n","protected":false},"featured_media":2402,"template":"","meta":[],"product_brand":[],"product_cat":[345],"product_tag":[],"class_list":{"0":"post-3084","1":"product","2":"type-product","3":"status-publish","4":"has-post-thumbnail","6":"product_cat-sans-categorie","8":"first","9":"instock","10":"shipping-taxable","11":"product-type-simple"},"yoast_head":"<!-- This site is optimized with the Yoast SEO plugin v26.7 - https:\/\/yoast.com\/wordpress\/plugins\/seo\/ -->\n<title>Fontaines musicales et fontaines dansantes - Cascade<\/title>\n<meta name=\"description\" content=\"Pour fontaines musicales et fontaines dansantes de toutes sortes, Cascade offre sa collaboration pour l&#039;\u00e9tude, la conception et la construction.\" \/>\n<meta name=\"robots\" content=\"index, follow, max-snippet:-1, max-image-preview:large, max-video-preview:-1\" \/>\n<link rel=\"canonical\" href=\"https:\/\/www.cascade.it\/fr\/prodotto\/fontaines-musicales-et-dynamiques\/\" \/>\n<meta property=\"og:locale\" content=\"fr_FR\" \/>\n<meta property=\"og:type\" content=\"article\" \/>\n<meta property=\"og:title\" content=\"Fontaines musicales et fontaines dansantes - Cascade\" \/>\n<meta property=\"og:description\" content=\"Pour fontaines musicales et fontaines dansantes de toutes sortes, Cascade offre sa collaboration pour l&#039;\u00e9tude, la conception et la construction.\" \/>\n<meta property=\"og:url\" content=\"https:\/\/www.cascade.it\/fr\/prodotto\/fontaines-musicales-et-dynamiques\/\" \/>\n<meta property=\"og:site_name\" content=\"Cascade\" \/>\n<meta property=\"article:modified_time\" content=\"2023-02-20T11:40:46+00:00\" \/>\n<meta property=\"og:image\" content=\"https:\/\/www.cascade.it\/new\/wp-content\/uploads\/2019\/09\/FONTANE-MUSICALI-E-DANZANTI-L.jpg\" \/>\n\t<meta property=\"og:image:width\" content=\"1300\" \/>\n\t<meta property=\"og:image:height\" content=\"1300\" \/>\n\t<meta property=\"og:image:type\" content=\"image\/jpeg\" \/>\n<meta name=\"twitter:card\" content=\"summary_large_image\" \/>\n<meta name=\"twitter:label1\" content=\"Dur\u00e9e de lecture estim\u00e9e\" \/>\n\t<meta name=\"twitter:data1\" content=\"2 minutes\" \/>\n<!-- \/ Yoast SEO plugin. -->","yoast_head_json":{"title":"Fontaines musicales et fontaines dansantes - Cascade","description":"Pour fontaines musicales et fontaines dansantes de toutes sortes, Cascade offre sa collaboration pour l'\u00e9tude, la conception et la construction.","robots":{"index":"index","follow":"follow","max-snippet":"max-snippet:-1","max-image-preview":"max-image-preview:large","max-video-preview":"max-video-preview:-1"},"canonical":"https:\/\/www.cascade.it\/fr\/prodotto\/fontaines-musicales-et-dynamiques\/","og_locale":"fr_FR","og_type":"article","og_title":"Fontaines musicales et fontaines dansantes - Cascade","og_description":"Pour fontaines musicales et fontaines dansantes de toutes sortes, Cascade offre sa collaboration pour l'\u00e9tude, la conception et la construction.","og_url":"https:\/\/www.cascade.it\/fr\/prodotto\/fontaines-musicales-et-dynamiques\/","og_site_name":"Cascade","article_modified_time":"2023-02-20T11:40:46+00:00","og_image":[{"width":1300,"height":1300,"url":"https:\/\/www.cascade.it\/new\/wp-content\/uploads\/2019\/09\/FONTANE-MUSICALI-E-DANZANTI-L.jpg","type":"image\/jpeg"}],"twitter_card":"summary_large_image","twitter_misc":{"Dur\u00e9e de lecture estim\u00e9e":"2 minutes"},"schema":{"@context":"https:\/\/schema.org","@graph":[{"@type":"WebPage","@id":"https:\/\/www.cascade.it\/fr\/prodotto\/fontaines-musicales-et-dynamiques\/","url":"https:\/\/www.cascade.it\/fr\/prodotto\/fontaines-musicales-et-dynamiques\/","name":"Fontaines musicales et fontaines dansantes - Cascade","isPartOf":{"@id":"https:\/\/www.cascade.it\/fr\/#website"},"primaryImageOfPage":{"@id":"https:\/\/www.cascade.it\/fr\/prodotto\/fontaines-musicales-et-dynamiques\/#primaryimage"},"image":{"@id":"https:\/\/www.cascade.it\/fr\/prodotto\/fontaines-musicales-et-dynamiques\/#primaryimage"},"thumbnailUrl":"https:\/\/www.cascade.it\/new\/wp-content\/uploads\/2019\/09\/FONTANE-MUSICALI-E-DANZANTI-L.jpg","datePublished":"2019-08-08T08:03:02+00:00","dateModified":"2023-02-20T11:40:46+00:00","description":"Pour fontaines musicales et fontaines dansantes de toutes sortes, Cascade offre sa collaboration pour l'\u00e9tude, la conception et la construction.","breadcrumb":{"@id":"https:\/\/www.cascade.it\/fr\/prodotto\/fontaines-musicales-et-dynamiques\/#breadcrumb"},"inLanguage":"fr-FR","potentialAction":[{"@type":"ReadAction","target":["https:\/\/www.cascade.it\/fr\/prodotto\/fontaines-musicales-et-dynamiques\/"]}]},{"@type":"ImageObject","inLanguage":"fr-FR","@id":"https:\/\/www.cascade.it\/fr\/prodotto\/fontaines-musicales-et-dynamiques\/#primaryimage","url":"https:\/\/www.cascade.it\/new\/wp-content\/uploads\/2019\/09\/FONTANE-MUSICALI-E-DANZANTI-L.jpg","contentUrl":"https:\/\/www.cascade.it\/new\/wp-content\/uploads\/2019\/09\/FONTANE-MUSICALI-E-DANZANTI-L.jpg","width":1300,"height":1300},{"@type":"BreadcrumbList","@id":"https:\/\/www.cascade.it\/fr\/prodotto\/fontaines-musicales-et-dynamiques\/#breadcrumb","itemListElement":[{"@type":"ListItem","position":1,"name":"Home","item":"https:\/\/www.cascade.it\/fr\/"},{"@type":"ListItem","position":2,"name":"Boutique","item":"https:\/\/www.cascade.it\/fr\/boutique\/"},{"@type":"ListItem","position":3,"name":"Fontaines musicales et fontaines dansantes"}]},{"@type":"WebSite","@id":"https:\/\/www.cascade.it\/fr\/#website","url":"https:\/\/www.cascade.it\/fr\/","name":"Cascade","description":"More than a fountain","potentialAction":[{"@type":"SearchAction","target":{"@type":"EntryPoint","urlTemplate":"https:\/\/www.cascade.it\/fr\/?s={search_term_string}"},"query-input":{"@type":"PropertyValueSpecification","valueRequired":true,"valueName":"search_term_string"}}],"inLanguage":"fr-FR"}]}},"_links":{"self":[{"href":"https:\/\/www.cascade.it\/fr\/wp-json\/wp\/v2\/product\/3084","targetHints":{"allow":["GET"]}}],"collection":[{"href":"https:\/\/www.cascade.it\/fr\/wp-json\/wp\/v2\/product"}],"about":[{"href":"https:\/\/www.cascade.it\/fr\/wp-json\/wp\/v2\/types\/product"}],"wp:featuredmedia":[{"embeddable":true,"href":"https:\/\/www.cascade.it\/fr\/wp-json\/wp\/v2\/media\/2402"}],"wp:attachment":[{"href":"https:\/\/www.cascade.it\/fr\/wp-json\/wp\/v2\/media?parent=3084"}],"wp:term":[{"taxonomy":"product_brand","embeddable":true,"href":"https:\/\/www.cascade.it\/fr\/wp-json\/wp\/v2\/product_brand?post=3084"},{"taxonomy":"product_cat","embeddable":true,"href":"https:\/\/www.cascade.it\/fr\/wp-json\/wp\/v2\/product_cat?post=3084"},{"taxonomy":"product_tag","embeddable":true,"href":"https:\/\/www.cascade.it\/fr\/wp-json\/wp\/v2\/product_tag?post=3084"}],"curies":[{"name":"wp","href":"https:\/\/api.w.org\/{rel}","templated":true}]}}