{"id":3076,"date":"2019-03-06T13:12:51","date_gmt":"2019-03-06T12:12:51","guid":{"rendered":"https:\/\/www.cascade.it\/new\/prodotto\/rio\/"},"modified":"2020-07-21T16:30:38","modified_gmt":"2020-07-21T14:30:38","slug":"rio","status":"publish","type":"product","link":"https:\/\/www.cascade.it\/fr\/prodotto\/rio\/","title":{"rendered":"Rio"},"content":{"rendered":"<p>&nbsp;<\/p>\n<div class=\"carousel-slider-outer carousel-slider-outer-image-carousel carousel-slider-outer-2096\" style=\"--carousel-slider-nav-color:#f1f1f1;--carousel-slider-active-nav-color:#00d1b2;--carousel-slider-arrow-size:48px;--carousel-slider-bullet-size:10px\">\n<div id=\"&#039;id-2096\" class=\"carousel-slider carousel-slider-2096 arrows-visibility-hover dots-visibility-never arrows-outside dots-center dots-square owl-carousel\" data-slide-type=\"image-carousel\" data-owl-settings='{\"nav\":true,\"dots\":false,\"slideBy\":1,\"stagePadding\":0,\"margin\":10,\"loop\":true,\"lazyLoad\":true,\"autoplay\":true,\"autoplayTimeout\":5000,\"autoplaySpeed\":500,\"autoplayHoverPause\":true,\"autoWidth\":false,\"responsive\":{\"300\":{\"items\":1},\"576\":{\"items\":2},\"768\":{\"items\":2},\"1024\":{\"items\":3},\"1280\":{\"items\":3},\"1536\":{\"items\":3}}}'>\n<div class=\"carousel-slider__item\">\n\t<img class=\"owl-lazy\" data-src=\"https:\/\/www.cascade.it\/new\/wp-content\/uploads\/2019\/08\/1-Fontane-assemblate-con-vasca-Rio.jpg\" alt=\"\"><\/a><\/div>\n\n<div class=\"carousel-slider__item\">\n\t<img class=\"owl-lazy\" data-src=\"https:\/\/www.cascade.it\/new\/wp-content\/uploads\/2019\/08\/2-Fontane-assemblate-con-vasca-Rio.jpg\" alt=\"\"><\/a><\/div>\n\n<div class=\"carousel-slider__item\">\n\t<img class=\"owl-lazy\" data-src=\"https:\/\/www.cascade.it\/new\/wp-content\/uploads\/2019\/08\/3-Fontane-assemblate-con-vasca-Rio.jpg\" alt=\"\"><\/a><\/div>\n\n<div class=\"carousel-slider__item\">\n\t<img class=\"owl-lazy\" data-src=\"https:\/\/www.cascade.it\/new\/wp-content\/uploads\/2019\/08\/4-Fontane-assemblate-con-vasca-Rio.jpg\" alt=\"\"><\/a><\/div>\n\n<div class=\"carousel-slider__item\">\n\t<img class=\"owl-lazy\" data-src=\"https:\/\/www.cascade.it\/new\/wp-content\/uploads\/2019\/08\/5-Fontane-assemblate-con-vasca-Rio.jpg\" alt=\"\"><\/a><\/div>\n\n<div class=\"carousel-slider__item\">\n\t<img class=\"owl-lazy\" data-src=\"https:\/\/www.cascade.it\/new\/wp-content\/uploads\/2019\/08\/6-Fontane-assemblate-con-vasca-Rio.jpg\" alt=\"\"><\/a><\/div>\n\n<div class=\"carousel-slider__item\">\n\t<img class=\"owl-lazy\" data-src=\"https:\/\/www.cascade.it\/new\/wp-content\/uploads\/2019\/08\/7-Fontane-assemblate-con-vasca-Rio.jpg\" alt=\"\"><\/a><\/div>\n\n<div class=\"carousel-slider__item\">\n\t<img class=\"owl-lazy\" data-src=\"https:\/\/www.cascade.it\/new\/wp-content\/uploads\/2019\/08\/8-Fontane-assemblate-con-vasca-Rio.jpg\" alt=\"\"><\/a><\/div>\n\n<div class=\"carousel-slider__item\">\n\t<img class=\"owl-lazy\" data-src=\"https:\/\/www.cascade.it\/new\/wp-content\/uploads\/2019\/08\/9-Fontane-assemblate-con-vasca-Rio.jpg\" alt=\"\"><\/a><\/div>\n\n<div class=\"carousel-slider__item\">\n\t<img class=\"owl-lazy\" data-src=\"https:\/\/www.cascade.it\/new\/wp-content\/uploads\/2019\/08\/10-Fontane-assemblate-con-vasca-Rio.jpg\" alt=\"\"><\/a><\/div>\n\n<div class=\"carousel-slider__item\">\n\t<img class=\"owl-lazy\" data-src=\"https:\/\/www.cascade.it\/new\/wp-content\/uploads\/2019\/08\/11-Fontane-assemblate-con-vasca-Rio.jpg\" alt=\"\"><\/a><\/div>\n\n<div class=\"carousel-slider__item\">\n\t<img class=\"owl-lazy\" data-src=\"https:\/\/www.cascade.it\/new\/wp-content\/uploads\/2019\/08\/12-Fontane-assemblate-con-vasca-Rio.jpg\" alt=\"\"><\/a><\/div>\n\n<div class=\"carousel-slider__item\">\n\t<img class=\"owl-lazy\" data-src=\"https:\/\/www.cascade.it\/new\/wp-content\/uploads\/2019\/08\/13-Fontane-assemblate-con-vasca-Rio.jpg\" alt=\"\"><\/a><\/div>\n\n<div class=\"carousel-slider__item\">\n\t<img class=\"owl-lazy\" data-src=\"https:\/\/www.cascade.it\/new\/wp-content\/uploads\/2019\/08\/14-Fontane-assemblate-con-vasca-Rio.jpg\" alt=\"\"><\/a><\/div>\n\n<div class=\"carousel-slider__item\">\n\t<img class=\"owl-lazy\" data-src=\"https:\/\/www.cascade.it\/new\/wp-content\/uploads\/2019\/08\/15-Fontane-assemblate-con-vasca-Rio.jpg\" alt=\"\"><\/a><\/div>\n\n<\/div><!-- .carousel-slider-2096 -->\n<\/div><!-- .carousel-slider-outer-2096 -->\n\n<p>&nbsp;<\/p>\n<h1><span style=\"color: #1e73be;\">Fontaine\u00a0<\/span><span style=\"color: #1e73be;\">pr\u00eate <\/span><span style=\"color: #1e73be;\">pr\u00e9-assembl\u00e9e avec vasque Rio<\/span><\/h1>\n<p>Les <strong>Fontaines pr\u00e9-assembl\u00e9es avec vasque<\/strong> sont une <strong>exclusivit\u00e9 absolue<\/strong> de Fontane Cascade et repr\u00e9sentent un nouveau concept de fontaine qui rassemble, en un seul produit, la possibilit\u00e9 d&rsquo;avoir un jeu d&rsquo;eau dans un bassin parfaitement scell\u00e9, <strong>simple et rapide \u00e0 installer<\/strong>.<\/p>\n<p>Les Fontaines assembl\u00e9es sur vasque de <strong>diff\u00e9rentes formes et tailles<\/strong>, <strong>parfaitement \u00e9tanches<\/strong>, sont <strong>fiables<\/strong> et test\u00e9es en entreprise.<\/p>\n<p>Ces r\u00e9servoirs peuvent \u00e9galement h\u00e9berger des syst\u00e8mes particuli\u00e8rement complexes tels que les <strong>fontaines musicales<\/strong>: en utilisant <strong>plusieurs bassins en combinaison<\/strong>, en fait, un nombre <strong>illimit\u00e9<\/strong> d&rsquo;effets aquatiques <strong>sc\u00e9nographiques de grand impact visuel<\/strong> peut \u00eatre obtenu (voir la section <a href=\"https:\/\/www.cascade.it\/fr\/prodotto\/fontaines-musicales-et-dynamiques\/\"><span style=\"text-decoration: underline;\"><strong>FONTAINES MUSICALES ET DYNAMIQUES<\/strong><\/span><\/a>).<\/p>\n<p>En <strong>mat\u00e9riau composite renforc\u00e9<\/strong>, elles sont \u00e9quip\u00e9s de chargement, d\u00e9chargement et trop-plein.<\/p>\n<p>Le <strong>syst\u00e8me de montage sp\u00e9cial<\/strong> permet de ne laisser que les ajutages et l\u2019\u00e9clairage \u00e0 vue, cachant les tuyaux et les c\u00e2bles \u00e9lectriques.<\/p>\n<p>Les vaques et les composants hydrauliques et \u00e9lectriques assembl\u00e9s sont <strong>produits par Fontane Cascade<\/strong>.<\/p>\n<p>Le r\u00e9servoir assembl\u00e9 peut \u00eatre enterr\u00e9, semi-enterr\u00e9 ou au-dessus du sol. L&rsquo;installation est simple et rapide.<\/p>\n<p>La fourniture de base des fontaines assembl\u00e9es comprend, en plus du r\u00e9servoir, <strong>l\u2019<a href=\"https:\/\/www.cascade.it\/fr\/produits\/ajutages-pour-fontaines\/ajutages-classiques\/\"><span style=\"text-decoration: underline;\">ajutage<\/span><\/a> choisi<\/strong>, la <a href=\"https:\/\/www.cascade.it\/fr\/produits\/pompes-pour-fontaines\/pompes-submersibles-basse-tension\/\"><span style=\"text-decoration: underline;\"><strong>pompe submersible basse tension<\/strong><\/span><\/a> et les accessoires n\u00e9cessaires. L&rsquo;\u00e9clairage n&rsquo;est pas inclus, ce qui est fait <strong>selon les besoins du client<\/strong> avec des projecteurs con\u00e7us et fabriqu\u00e9s sp\u00e9cifiquement pour une utilisation immerg\u00e9e et qui ont la possibilit\u00e9 de \u00ab\u00a0parler\u00a0\u00bb avec les syst\u00e8mes de contr\u00f4le \u00e9lectroniques (voir la section <a href=\"https:\/\/www.cascade.it\/fr\/produits\/eclairage-immerge-led\/\"><span style=\"text-decoration: underline;\"><strong>\u00c9CLAIRAGE IMMERG\u00c9\u00a0POUR FONTAINES<\/strong><\/span><\/a>).<\/p>\n<p>Les vasques assembl\u00e9s qui ont des dimensions particuli\u00e8rement importantes ont \u00e9t\u00e9 sp\u00e9cialement con\u00e7uses pour \u00eatre <strong>facilement transport\u00e9es<\/strong>. <strong>Divis\u00e9es en secteurs<\/strong>, elles peuvent en effet \u00eatre log\u00e9es confortablement dans des camions ou des conteneurs.<\/p>\n<p>&nbsp;<\/p>\n<h3>Donn\u00e9es techniques<\/h3>\n<div style=\"overflow-x: auto;\">\n<table width=\"100%\">\n<tbody>\n<tr>\n<td width=\"8%\"><strong>\u00a0<\/strong><\/td>\n<td class=\"thHorz\" width=\"12%\">Rio 100<\/td>\n<td class=\"thHorz\" width=\"12%\">Rio 160<\/td>\n<td class=\"thHorz\" width=\"13%\">Rio 225<\/td>\n<td class=\"thHorz\" width=\"13%\">Rio 275<\/td>\n<td class=\"thHorz\" width=\"13%\">Rio 340<\/td>\n<td class=\"thHorz\" width=\"13%\">Rio 430<\/td>\n<td class=\"thHorz\" width=\"13%\">Rio 650<\/td>\n<\/tr>\n<tr>\n<td class=\"thVert\" width=\"8%\">Dimensionis<\/td>\n<td width=\"12%\">\u00d8 103 x h 75 cm<\/td>\n<td width=\"12%\">\u00d8 160 x h 62 cm<\/td>\n<td width=\"13%\">\u00d8 225 x h 75 cm<\/td>\n<td width=\"13%\">\u00d8 275 x h 75 cm<\/td>\n<td width=\"13%\">\u00d8 340 x h 76 cm<\/td>\n<td width=\"13%\">\u00d8 430 x h 84 cm<\/td>\n<td width=\"13%\">\u00d8 660 x h 90 cm<\/td>\n<\/tr>\n<tr>\n<td class=\"thVert\" width=\"8%\">Mat\u00e9riel<\/td>\n<td width=\"12%\">Mat\u00e9riel composite renforc\u00e9<\/td>\n<td width=\"12%\">Mat\u00e9riel composite renforc\u00e9<\/td>\n<td width=\"13%\">Mat\u00e9riel composite renforc\u00e9<\/td>\n<td width=\"13%\">Mat\u00e9riel composite renforc\u00e9<\/td>\n<td width=\"13%\">Mat\u00e9riel composite renforc\u00e9<\/td>\n<td width=\"13%\">Mat\u00e9riel composite renforc\u00e9<\/td>\n<td width=\"13%\">Mat\u00e9riel composite renforc\u00e9<\/td>\n<\/tr>\n<\/tbody>\n<\/table>\n<\/div>\n<p>&nbsp;<\/p>\n","protected":false},"excerpt":{"rendered":"<p>&nbsp; &nbsp; Fontaine\u00a0pr\u00eate pr\u00e9-assembl\u00e9e avec vasque Rio Les Fontaines pr\u00e9-assembl\u00e9es avec vasque sont une exclusivit\u00e9 absolue de Fontane Cascade et repr\u00e9sentent un nouveau concept de fontaine qui rassemble, en un seul produit, la possibilit\u00e9 d&rsquo;avoir un jeu d&rsquo;eau dans un bassin parfaitement scell\u00e9, simple et rapide \u00e0 installer. Les Fontaines assembl\u00e9es sur vasque de diff\u00e9rentes [&hellip;]<\/p>\n","protected":false},"featured_media":3077,"template":"","meta":[],"product_brand":[],"product_cat":[301],"product_tag":[],"class_list":{"0":"post-3076","1":"product","2":"type-product","3":"status-publish","4":"has-post-thumbnail","6":"product_cat-fontaines-pretes-preassemblees","8":"first","9":"instock","10":"shipping-taxable","11":"product-type-simple"},"yoast_head":"<!-- This site is optimized with the Yoast SEO plugin v26.7 - https:\/\/yoast.com\/wordpress\/plugins\/seo\/ -->\n<title>Fontaine\u00a0pr\u00eate pr\u00e9-assembl\u00e9e avec vasque Rio - Cascade<\/title>\n<meta name=\"description\" content=\"Les Fontaines pr\u00e9-assembl\u00e9es avec vasque repr\u00e9sentent un nouveau concept de fontaine dans un bassin parfaitement scell\u00e9, simple et rapide \u00e0 installer.\" \/>\n<meta name=\"robots\" content=\"index, follow, max-snippet:-1, max-image-preview:large, max-video-preview:-1\" \/>\n<link rel=\"canonical\" href=\"https:\/\/www.cascade.it\/fr\/prodotto\/rio\/\" \/>\n<meta property=\"og:locale\" content=\"fr_FR\" \/>\n<meta property=\"og:type\" content=\"article\" \/>\n<meta property=\"og:title\" content=\"Fontaine\u00a0pr\u00eate pr\u00e9-assembl\u00e9e avec vasque Rio - Cascade\" \/>\n<meta property=\"og:description\" content=\"Les Fontaines pr\u00e9-assembl\u00e9es avec vasque repr\u00e9sentent un nouveau concept de fontaine dans un bassin parfaitement scell\u00e9, simple et rapide \u00e0 installer.\" \/>\n<meta property=\"og:url\" content=\"https:\/\/www.cascade.it\/fr\/prodotto\/rio\/\" \/>\n<meta property=\"og:site_name\" content=\"Cascade\" \/>\n<meta property=\"article:modified_time\" content=\"2020-07-21T14:30:38+00:00\" \/>\n<meta property=\"og:image\" content=\"https:\/\/www.cascade.it\/new\/wp-content\/uploads\/Prodotti\/Fontane_assemblate_con_vasca\/RIO.jpg\" \/>\n\t<meta property=\"og:image:width\" content=\"1300\" \/>\n\t<meta property=\"og:image:height\" content=\"1300\" \/>\n\t<meta property=\"og:image:type\" content=\"image\/jpeg\" \/>\n<meta name=\"twitter:card\" content=\"summary_large_image\" \/>\n<meta name=\"twitter:label1\" content=\"Dur\u00e9e de lecture estim\u00e9e\" \/>\n\t<meta name=\"twitter:data1\" content=\"2 minutes\" \/>\n<!-- \/ Yoast SEO plugin. -->","yoast_head_json":{"title":"Fontaine\u00a0pr\u00eate pr\u00e9-assembl\u00e9e avec vasque Rio - Cascade","description":"Les Fontaines pr\u00e9-assembl\u00e9es avec vasque repr\u00e9sentent un nouveau concept de fontaine dans un bassin parfaitement scell\u00e9, simple et rapide \u00e0 installer.","robots":{"index":"index","follow":"follow","max-snippet":"max-snippet:-1","max-image-preview":"max-image-preview:large","max-video-preview":"max-video-preview:-1"},"canonical":"https:\/\/www.cascade.it\/fr\/prodotto\/rio\/","og_locale":"fr_FR","og_type":"article","og_title":"Fontaine\u00a0pr\u00eate pr\u00e9-assembl\u00e9e avec vasque Rio - Cascade","og_description":"Les Fontaines pr\u00e9-assembl\u00e9es avec vasque repr\u00e9sentent un nouveau concept de fontaine dans un bassin parfaitement scell\u00e9, simple et rapide \u00e0 installer.","og_url":"https:\/\/www.cascade.it\/fr\/prodotto\/rio\/","og_site_name":"Cascade","article_modified_time":"2020-07-21T14:30:38+00:00","og_image":[{"width":1300,"height":1300,"url":"https:\/\/www.cascade.it\/new\/wp-content\/uploads\/Prodotti\/Fontane_assemblate_con_vasca\/RIO.jpg","type":"image\/jpeg"}],"twitter_card":"summary_large_image","twitter_misc":{"Dur\u00e9e de lecture estim\u00e9e":"2 minutes"},"schema":{"@context":"https:\/\/schema.org","@graph":[{"@type":"WebPage","@id":"https:\/\/www.cascade.it\/fr\/prodotto\/rio\/","url":"https:\/\/www.cascade.it\/fr\/prodotto\/rio\/","name":"Fontaine\u00a0pr\u00eate pr\u00e9-assembl\u00e9e avec vasque Rio - Cascade","isPartOf":{"@id":"https:\/\/www.cascade.it\/fr\/#website"},"primaryImageOfPage":{"@id":"https:\/\/www.cascade.it\/fr\/prodotto\/rio\/#primaryimage"},"image":{"@id":"https:\/\/www.cascade.it\/fr\/prodotto\/rio\/#primaryimage"},"thumbnailUrl":"https:\/\/www.cascade.it\/new\/wp-content\/uploads\/Prodotti\/Fontane_assemblate_con_vasca\/RIO.jpg","datePublished":"2019-03-06T12:12:51+00:00","dateModified":"2020-07-21T14:30:38+00:00","description":"Les Fontaines pr\u00e9-assembl\u00e9es avec vasque repr\u00e9sentent un nouveau concept de fontaine dans un bassin parfaitement scell\u00e9, simple et rapide \u00e0 installer.","breadcrumb":{"@id":"https:\/\/www.cascade.it\/fr\/prodotto\/rio\/#breadcrumb"},"inLanguage":"fr-FR","potentialAction":[{"@type":"ReadAction","target":["https:\/\/www.cascade.it\/fr\/prodotto\/rio\/"]}]},{"@type":"ImageObject","inLanguage":"fr-FR","@id":"https:\/\/www.cascade.it\/fr\/prodotto\/rio\/#primaryimage","url":"https:\/\/www.cascade.it\/new\/wp-content\/uploads\/Prodotti\/Fontane_assemblate_con_vasca\/RIO.jpg","contentUrl":"https:\/\/www.cascade.it\/new\/wp-content\/uploads\/Prodotti\/Fontane_assemblate_con_vasca\/RIO.jpg","width":1300,"height":1300},{"@type":"BreadcrumbList","@id":"https:\/\/www.cascade.it\/fr\/prodotto\/rio\/#breadcrumb","itemListElement":[{"@type":"ListItem","position":1,"name":"Home","item":"https:\/\/www.cascade.it\/fr\/"},{"@type":"ListItem","position":2,"name":"Boutique","item":"https:\/\/www.cascade.it\/fr\/boutique\/"},{"@type":"ListItem","position":3,"name":"Rio"}]},{"@type":"WebSite","@id":"https:\/\/www.cascade.it\/fr\/#website","url":"https:\/\/www.cascade.it\/fr\/","name":"Cascade","description":"More than a fountain","potentialAction":[{"@type":"SearchAction","target":{"@type":"EntryPoint","urlTemplate":"https:\/\/www.cascade.it\/fr\/?s={search_term_string}"},"query-input":{"@type":"PropertyValueSpecification","valueRequired":true,"valueName":"search_term_string"}}],"inLanguage":"fr-FR"}]}},"_links":{"self":[{"href":"https:\/\/www.cascade.it\/fr\/wp-json\/wp\/v2\/product\/3076","targetHints":{"allow":["GET"]}}],"collection":[{"href":"https:\/\/www.cascade.it\/fr\/wp-json\/wp\/v2\/product"}],"about":[{"href":"https:\/\/www.cascade.it\/fr\/wp-json\/wp\/v2\/types\/product"}],"wp:featuredmedia":[{"embeddable":true,"href":"https:\/\/www.cascade.it\/fr\/wp-json\/wp\/v2\/media\/3077"}],"wp:attachment":[{"href":"https:\/\/www.cascade.it\/fr\/wp-json\/wp\/v2\/media?parent=3076"}],"wp:term":[{"taxonomy":"product_brand","embeddable":true,"href":"https:\/\/www.cascade.it\/fr\/wp-json\/wp\/v2\/product_brand?post=3076"},{"taxonomy":"product_cat","embeddable":true,"href":"https:\/\/www.cascade.it\/fr\/wp-json\/wp\/v2\/product_cat?post=3076"},{"taxonomy":"product_tag","embeddable":true,"href":"https:\/\/www.cascade.it\/fr\/wp-json\/wp\/v2\/product_tag?post=3076"}],"curies":[{"name":"wp","href":"https:\/\/api.w.org\/{rel}","templated":true}]}}