{"id":3034,"date":"2019-02-23T11:01:04","date_gmt":"2019-02-23T10:01:04","guid":{"rendered":"https:\/\/www.cascade.it\/new\/prodotto\/soluzioni-su-misura\/"},"modified":"2020-07-14T16:29:00","modified_gmt":"2020-07-14T14:29:00","slug":"solutions-sur-mesure","status":"publish","type":"product","link":"https:\/\/www.cascade.it\/fr\/prodotto\/solutions-sur-mesure\/","title":{"rendered":"Solutions sur mesure"},"content":{"rendered":"<p>[vc_row][vc_column][vc_empty_space height=\u00a0\u00bb50&Prime; height_mobile=\u00a0\u00bb100&Prime;][vc_column_text spacing_heading=\u00a0\u00bb\u00a0\u00bb spacing_heading_tab=\u00a0\u00bb\u00a0\u00bb spacing_heading_mobile=\u00a0\u00bb\u00a0\u00bb]<div class=\"carousel-slider-outer carousel-slider-outer-image-carousel carousel-slider-outer-2011\" style=\"--carousel-slider-nav-color:#f1f1f1;--carousel-slider-active-nav-color:#00d1b2;--carousel-slider-arrow-size:48px;--carousel-slider-bullet-size:10px\">\n<div id=\"&#039;id-2011\" class=\"carousel-slider carousel-slider-2011 arrows-visibility-hover dots-visibility-never arrows-outside dots-center dots-square owl-carousel\" data-slide-type=\"image-carousel\" data-owl-settings='{\"nav\":true,\"dots\":false,\"slideBy\":1,\"stagePadding\":0,\"margin\":10,\"loop\":true,\"lazyLoad\":true,\"autoplay\":true,\"autoplayTimeout\":5000,\"autoplaySpeed\":500,\"autoplayHoverPause\":true,\"autoWidth\":false,\"responsive\":{\"300\":{\"items\":1},\"576\":{\"items\":2},\"768\":{\"items\":2},\"1024\":{\"items\":3},\"1280\":{\"items\":3},\"1536\":{\"items\":3}}}'>\n<div class=\"carousel-slider__item\">\n\t<img class=\"owl-lazy\" data-src=\"https:\/\/www.cascade.it\/new\/wp-content\/uploads\/2019\/08\/0-soluzioni-su-misura-per-fontane-a-pavimento.jpg\" alt=\"\"><\/a><\/div>\n\n<div class=\"carousel-slider__item\">\n\t<img class=\"owl-lazy\" data-src=\"https:\/\/www.cascade.it\/new\/wp-content\/uploads\/2019\/08\/01-soluzioni-su-misura-per-fontane-a-pavimento.jpg\" alt=\"\"><\/a><\/div>\n\n<div class=\"carousel-slider__item\">\n\t<img class=\"owl-lazy\" data-src=\"https:\/\/www.cascade.it\/new\/wp-content\/uploads\/2019\/08\/1-soluzioni-su-misura-per-fontane-a-pavimento.jpg\" alt=\"\"><\/a><\/div>\n\n<div class=\"carousel-slider__item\">\n\t<img class=\"owl-lazy\" data-src=\"https:\/\/www.cascade.it\/new\/wp-content\/uploads\/2019\/08\/2-soluzioni-su-misura-per-fontane-a-pavimento.jpg\" alt=\"\"><\/a><\/div>\n\n<div class=\"carousel-slider__item\">\n\t<img class=\"owl-lazy\" data-src=\"https:\/\/www.cascade.it\/new\/wp-content\/uploads\/2019\/08\/3-soluzioni-su-misura-per-fontane-a-pavimento.jpg\" alt=\"\"><\/a><\/div>\n\n<div class=\"carousel-slider__item\">\n\t<img class=\"owl-lazy\" data-src=\"https:\/\/www.cascade.it\/new\/wp-content\/uploads\/2019\/08\/4-soluzioni-su-misura-per-fontane-a-pavimento.jpg\" alt=\"\"><\/a><\/div>\n\n<div class=\"carousel-slider__item\">\n\t<img class=\"owl-lazy\" data-src=\"https:\/\/www.cascade.it\/new\/wp-content\/uploads\/2019\/08\/5-soluzioni-su-misura-per-fontane-a-pavimento.jpg\" alt=\"\"><\/a><\/div>\n\n<div class=\"carousel-slider__item\">\n\t<img class=\"owl-lazy\" data-src=\"https:\/\/www.cascade.it\/new\/wp-content\/uploads\/2019\/08\/6-soluzioni-su-misura-per-fontane-a-pavimento.jpg\" alt=\"\"><\/a><\/div>\n\n<div class=\"carousel-slider__item\">\n\t<img class=\"owl-lazy\" data-src=\"https:\/\/www.cascade.it\/new\/wp-content\/uploads\/2019\/08\/7-soluzioni-su-misura-per-fontane-a-pavimento.jpg\" alt=\"\"><\/a><\/div>\n\n<div class=\"carousel-slider__item\">\n\t<img class=\"owl-lazy\" data-src=\"https:\/\/www.cascade.it\/new\/wp-content\/uploads\/2019\/08\/8-soluzioni-su-misura-per-fontane-a-pavimento.jpg\" alt=\"\"><\/a><\/div>\n\n<div class=\"carousel-slider__item\">\n\t<img class=\"owl-lazy\" data-src=\"https:\/\/www.cascade.it\/new\/wp-content\/uploads\/2019\/08\/9-soluzioni-su-misura-per-fontane-a-pavimento.jpg\" alt=\"\"><\/a><\/div>\n\n<div class=\"carousel-slider__item\">\n\t<img class=\"owl-lazy\" data-src=\"https:\/\/www.cascade.it\/new\/wp-content\/uploads\/2019\/08\/10-soluzioni-su-misura-per-fontane-a-pavimento.jpg\" alt=\"\"><\/a><\/div>\n\n<div class=\"carousel-slider__item\">\n\t<img class=\"owl-lazy\" data-src=\"https:\/\/www.cascade.it\/new\/wp-content\/uploads\/2019\/08\/11-soluzioni-su-misura-per-fontane-a-pavimento.jpg\" alt=\"\"><\/a><\/div>\n\n<div class=\"carousel-slider__item\">\n\t<img class=\"owl-lazy\" data-src=\"https:\/\/www.cascade.it\/new\/wp-content\/uploads\/2019\/08\/12-soluzioni-su-misura-per-fontane-a-pavimento.jpg\" alt=\"\"><\/a><\/div>\n\n<div class=\"carousel-slider__item\">\n\t<img class=\"owl-lazy\" data-src=\"https:\/\/www.cascade.it\/new\/wp-content\/uploads\/2019\/08\/13-soluzioni-su-misura-per-fontane-a-pavimento.jpg\" alt=\"\"><\/a><\/div>\n\n<div class=\"carousel-slider__item\">\n\t<img class=\"owl-lazy\" data-src=\"https:\/\/www.cascade.it\/new\/wp-content\/uploads\/2019\/08\/14-soluzioni-su-misura-per-fontane-a-pavimento.jpg\" alt=\"\"><\/a><\/div>\n\n<div class=\"carousel-slider__item\">\n\t<img class=\"owl-lazy\" data-src=\"https:\/\/www.cascade.it\/new\/wp-content\/uploads\/2019\/08\/15-soluzioni-su-misura-per-fontane-a-pavimento.jpg\" alt=\"\"><\/a><\/div>\n\n<div class=\"carousel-slider__item\">\n\t<img class=\"owl-lazy\" data-src=\"https:\/\/www.cascade.it\/new\/wp-content\/uploads\/2019\/08\/16-soluzioni-su-misura-per-fontane-a-pavimento.jpg\" alt=\"\"><\/a><\/div>\n\n<\/div><!-- .carousel-slider-2011 -->\n<\/div><!-- .carousel-slider-outer-2011 -->\n<\/p>\n<p>&nbsp;<\/p>\n<h1><span style=\"color: #1e73be;\">Solutions sur mesure pour fontaines s\u00e8ches<\/span><\/h1>\n<p>Les Fontaines S\u00e8ches sont des <strong>fontaines r\u00e9tractables<\/strong> qui vous permettent d&rsquo;utiliser le m\u00eame espace \u00e0 la fois comme \u00e9l\u00e9ment d&rsquo;eau et, avec la fontaine \u00e9teinte, comme zone urbaine utilisable.<\/p>\n<p>Pour sa r\u00e9alisation, la pr\u00e9sence de Box \u00e0 encastrer dans le sol est toujours pr\u00e9vue pour abriter l\u2019ajutage et l\u2019\u00e9clairage immerg\u00e9.<\/p>\n<p>Gr\u00e2ce \u00e0 l&rsquo;extr\u00eame flexibilit\u00e9 de sa structure de production, en plus de la large gamme de <a href=\"https:\/\/www.cascade.it\/fr\/produits\/fontaines-seches\/box-pour-fontaines-seches\/\"><span style=\"text-decoration: underline;\"><strong>Box standard<\/strong><\/span><\/a>, Cascade est capable de cr\u00e9er des <strong>Box et des solutions specials sur mesure <\/strong>pour les fontaines s\u00e8ches, produites sp\u00e9cifiquement en fonction des besoins sp\u00e9cifiques du client.<\/p>\n<p>De plus, un r\u00e9servoir de compensation avec les accessoires appropri\u00e9s est toujours requis (voir les sections <a href=\"https:\/\/www.cascade.it\/fr\/produits\/accessoires-hydrauliques-pour-fontaines\/\"><span style=\"text-decoration: underline;\"><strong>ACCESSOIRES HYDRAULIQUES POUR FONTAINES<\/strong><\/span><\/a>, <a href=\"https:\/\/www.cascade.it\/fr\/produits\/fontaines-seches\/accessoires-pour-fontaines-seches\/\"><span style=\"text-decoration: underline;\"><strong>ACCESSOIRES POUR FONTAINES S<\/strong><strong>\u00c8<\/strong><strong>CHES<\/strong><\/span><\/a> et <a href=\"https:\/\/www.cascade.it\/fr\/produits\/systemes-de-controle-pour-fontaines\/\"><span style=\"text-decoration: underline;\"><strong>SYST\u00c8MES DE CONTR<\/strong><strong>\u00d4<\/strong><strong>LE POUR FONTAINES<\/strong><\/span><\/a>).<\/p>\n<p>Pour plus d&rsquo;informations, contactez notre service technique, disponible pour \u00e9tude et, surtout, pour le choix judicieux des solutions les plus appropri\u00e9es aux diff\u00e9rentes situations de conception qui, si trait\u00e9es de mani\u00e8re superficielle, elles pourraient r\u00e9server des surprises d\u00e9sagr\u00e9ables.[\/vc_column_text][\/vc_column][\/vc_row][vc_row][vc_column][vc_btn title=\u00a0\u00bbContactez-nous\u00a0\u00bb style=\u00a0\u00bbcustom\u00a0\u00bb custom_background=\u00a0\u00bb#1e73be\u00a0\u00bb custom_text=\u00a0\u00bb#ffffff\u00a0\u00bb size=\u00a0\u00bblg\u00a0\u00bb align=\u00a0\u00bbcenter\u00a0\u00bb i_icon_fontawesome=\u00a0\u00bbfa fa-envelope-o\u00a0\u00bb add_icon=\u00a0\u00bbtrue\u00a0\u00bb link=\u00a0\u00bburl:https%3A%2F%2Fwww.cascade.it%2Ffr%2Fcontact%2F|||\u00a0\u00bb][\/vc_column][\/vc_row]<\/p>\n","protected":false},"excerpt":{"rendered":"<p>[vc_row][vc_column][vc_empty_space height=\u00a0\u00bb50&Prime; height_mobile=\u00a0\u00bb100&Prime;][vc_column_text spacing_heading=\u00a0\u00bb\u00a0\u00bb spacing_heading_tab=\u00a0\u00bb\u00a0\u00bb spacing_heading_mobile=\u00a0\u00bb\u00a0\u00bb] &nbsp; Solutions sur mesure pour fontaines s\u00e8ches Les Fontaines S\u00e8ches sont des fontaines r\u00e9tractables qui vous permettent d&rsquo;utiliser le m\u00eame espace \u00e0 la fois comme \u00e9l\u00e9ment d&rsquo;eau et, avec la fontaine \u00e9teinte, comme zone urbaine utilisable. Pour sa r\u00e9alisation, la pr\u00e9sence de Box \u00e0 encastrer dans le sol est [&hellip;]<\/p>\n","protected":false},"featured_media":3035,"template":"","meta":[],"product_brand":[],"product_cat":[338],"product_tag":[],"class_list":{"0":"post-3034","1":"product","2":"type-product","3":"status-publish","4":"has-post-thumbnail","6":"product_cat-fontaines-seches","8":"first","9":"instock","10":"shipping-taxable","11":"product-type-simple"},"yoast_head":"<!-- This site is optimized with the Yoast SEO plugin v26.7 - https:\/\/yoast.com\/wordpress\/plugins\/seo\/ -->\n<title>Solutions sur mesure pour fontaines s\u00e8ches - Cascade<\/title>\n<meta name=\"description\" content=\"Cascade est en mesure de cr\u00e9er des bo\u00eetes et des solutions personnalis\u00e9es sp\u00e9ciales pour les fontaines s\u00e8ches en fonction des besoins sp\u00e9cifiques du client.\" \/>\n<meta name=\"robots\" content=\"index, follow, max-snippet:-1, max-image-preview:large, max-video-preview:-1\" \/>\n<link rel=\"canonical\" href=\"https:\/\/www.cascade.it\/fr\/prodotto\/solutions-sur-mesure\/\" \/>\n<meta property=\"og:locale\" content=\"fr_FR\" \/>\n<meta property=\"og:type\" content=\"article\" \/>\n<meta property=\"og:title\" content=\"Solutions sur mesure pour fontaines s\u00e8ches - Cascade\" \/>\n<meta property=\"og:description\" content=\"Cascade est en mesure de cr\u00e9er des bo\u00eetes et des solutions personnalis\u00e9es sp\u00e9ciales pour les fontaines s\u00e8ches en fonction des besoins sp\u00e9cifiques du client.\" \/>\n<meta property=\"og:url\" content=\"https:\/\/www.cascade.it\/fr\/prodotto\/solutions-sur-mesure\/\" \/>\n<meta property=\"og:site_name\" content=\"Cascade\" \/>\n<meta property=\"article:modified_time\" content=\"2020-07-14T14:29:00+00:00\" \/>\n<meta property=\"og:image\" content=\"https:\/\/www.cascade.it\/new\/wp-content\/uploads\/Prodotti\/Fontane_a_pavimento\/SOLUZIONI-SU-MISURA.jpg\" \/>\n\t<meta property=\"og:image:width\" content=\"1300\" \/>\n\t<meta property=\"og:image:height\" content=\"1300\" \/>\n\t<meta property=\"og:image:type\" content=\"image\/jpeg\" \/>\n<meta name=\"twitter:card\" content=\"summary_large_image\" \/>\n<meta name=\"twitter:label1\" content=\"Dur\u00e9e de lecture estim\u00e9e\" \/>\n\t<meta name=\"twitter:data1\" content=\"1 minute\" \/>\n<!-- \/ Yoast SEO plugin. -->","yoast_head_json":{"title":"Solutions sur mesure pour fontaines s\u00e8ches - Cascade","description":"Cascade est en mesure de cr\u00e9er des bo\u00eetes et des solutions personnalis\u00e9es sp\u00e9ciales pour les fontaines s\u00e8ches en fonction des besoins sp\u00e9cifiques du client.","robots":{"index":"index","follow":"follow","max-snippet":"max-snippet:-1","max-image-preview":"max-image-preview:large","max-video-preview":"max-video-preview:-1"},"canonical":"https:\/\/www.cascade.it\/fr\/prodotto\/solutions-sur-mesure\/","og_locale":"fr_FR","og_type":"article","og_title":"Solutions sur mesure pour fontaines s\u00e8ches - Cascade","og_description":"Cascade est en mesure de cr\u00e9er des bo\u00eetes et des solutions personnalis\u00e9es sp\u00e9ciales pour les fontaines s\u00e8ches en fonction des besoins sp\u00e9cifiques du client.","og_url":"https:\/\/www.cascade.it\/fr\/prodotto\/solutions-sur-mesure\/","og_site_name":"Cascade","article_modified_time":"2020-07-14T14:29:00+00:00","og_image":[{"width":1300,"height":1300,"url":"https:\/\/www.cascade.it\/new\/wp-content\/uploads\/Prodotti\/Fontane_a_pavimento\/SOLUZIONI-SU-MISURA.jpg","type":"image\/jpeg"}],"twitter_card":"summary_large_image","twitter_misc":{"Dur\u00e9e de lecture estim\u00e9e":"1 minute"},"schema":{"@context":"https:\/\/schema.org","@graph":[{"@type":"WebPage","@id":"https:\/\/www.cascade.it\/fr\/prodotto\/solutions-sur-mesure\/","url":"https:\/\/www.cascade.it\/fr\/prodotto\/solutions-sur-mesure\/","name":"Solutions sur mesure pour fontaines s\u00e8ches - Cascade","isPartOf":{"@id":"https:\/\/www.cascade.it\/fr\/#website"},"primaryImageOfPage":{"@id":"https:\/\/www.cascade.it\/fr\/prodotto\/solutions-sur-mesure\/#primaryimage"},"image":{"@id":"https:\/\/www.cascade.it\/fr\/prodotto\/solutions-sur-mesure\/#primaryimage"},"thumbnailUrl":"https:\/\/www.cascade.it\/new\/wp-content\/uploads\/Prodotti\/Fontane_a_pavimento\/SOLUZIONI-SU-MISURA.jpg","datePublished":"2019-02-23T10:01:04+00:00","dateModified":"2020-07-14T14:29:00+00:00","description":"Cascade est en mesure de cr\u00e9er des bo\u00eetes et des solutions personnalis\u00e9es sp\u00e9ciales pour les fontaines s\u00e8ches en fonction des besoins sp\u00e9cifiques du client.","breadcrumb":{"@id":"https:\/\/www.cascade.it\/fr\/prodotto\/solutions-sur-mesure\/#breadcrumb"},"inLanguage":"fr-FR","potentialAction":[{"@type":"ReadAction","target":["https:\/\/www.cascade.it\/fr\/prodotto\/solutions-sur-mesure\/"]}]},{"@type":"ImageObject","inLanguage":"fr-FR","@id":"https:\/\/www.cascade.it\/fr\/prodotto\/solutions-sur-mesure\/#primaryimage","url":"https:\/\/www.cascade.it\/new\/wp-content\/uploads\/Prodotti\/Fontane_a_pavimento\/SOLUZIONI-SU-MISURA.jpg","contentUrl":"https:\/\/www.cascade.it\/new\/wp-content\/uploads\/Prodotti\/Fontane_a_pavimento\/SOLUZIONI-SU-MISURA.jpg","width":1300,"height":1300},{"@type":"BreadcrumbList","@id":"https:\/\/www.cascade.it\/fr\/prodotto\/solutions-sur-mesure\/#breadcrumb","itemListElement":[{"@type":"ListItem","position":1,"name":"Home","item":"https:\/\/www.cascade.it\/fr\/"},{"@type":"ListItem","position":2,"name":"Boutique","item":"https:\/\/www.cascade.it\/fr\/boutique\/"},{"@type":"ListItem","position":3,"name":"Solutions sur mesure"}]},{"@type":"WebSite","@id":"https:\/\/www.cascade.it\/fr\/#website","url":"https:\/\/www.cascade.it\/fr\/","name":"Cascade","description":"More than a fountain","potentialAction":[{"@type":"SearchAction","target":{"@type":"EntryPoint","urlTemplate":"https:\/\/www.cascade.it\/fr\/?s={search_term_string}"},"query-input":{"@type":"PropertyValueSpecification","valueRequired":true,"valueName":"search_term_string"}}],"inLanguage":"fr-FR"}]}},"_links":{"self":[{"href":"https:\/\/www.cascade.it\/fr\/wp-json\/wp\/v2\/product\/3034","targetHints":{"allow":["GET"]}}],"collection":[{"href":"https:\/\/www.cascade.it\/fr\/wp-json\/wp\/v2\/product"}],"about":[{"href":"https:\/\/www.cascade.it\/fr\/wp-json\/wp\/v2\/types\/product"}],"wp:featuredmedia":[{"embeddable":true,"href":"https:\/\/www.cascade.it\/fr\/wp-json\/wp\/v2\/media\/3035"}],"wp:attachment":[{"href":"https:\/\/www.cascade.it\/fr\/wp-json\/wp\/v2\/media?parent=3034"}],"wp:term":[{"taxonomy":"product_brand","embeddable":true,"href":"https:\/\/www.cascade.it\/fr\/wp-json\/wp\/v2\/product_brand?post=3034"},{"taxonomy":"product_cat","embeddable":true,"href":"https:\/\/www.cascade.it\/fr\/wp-json\/wp\/v2\/product_cat?post=3034"},{"taxonomy":"product_tag","embeddable":true,"href":"https:\/\/www.cascade.it\/fr\/wp-json\/wp\/v2\/product_tag?post=3034"}],"curies":[{"name":"wp","href":"https:\/\/api.w.org\/{rel}","templated":true}]}}