{"id":3029,"date":"2019-02-23T10:59:35","date_gmt":"2019-02-23T09:59:35","guid":{"rendered":"https:\/\/www.cascade.it\/new\/prodotto\/smart-dry-system-500d\/"},"modified":"2020-07-23T12:18:35","modified_gmt":"2020-07-23T10:18:35","slug":"smart-dry-system","status":"publish","type":"product","link":"https:\/\/www.cascade.it\/fr\/prodotto\/smart-dry-system\/","title":{"rendered":"Smart Dry System"},"content":{"rendered":"<p>&nbsp;<\/p>\n<div class=\"carousel-slider-outer carousel-slider-outer-image-carousel carousel-slider-outer-2004\" style=\"--carousel-slider-nav-color:#f1f1f1;--carousel-slider-active-nav-color:#00d1b2;--carousel-slider-arrow-size:48px;--carousel-slider-bullet-size:10px\">\n<div id=\"&#039;id-2004\" class=\"carousel-slider carousel-slider-2004 arrows-visibility-hover dots-visibility-never arrows-outside dots-center dots-square owl-carousel\" data-slide-type=\"image-carousel\" data-owl-settings='{\"nav\":true,\"dots\":false,\"slideBy\":1,\"stagePadding\":0,\"margin\":10,\"loop\":true,\"lazyLoad\":false,\"autoplay\":true,\"autoplayTimeout\":5000,\"autoplaySpeed\":500,\"autoplayHoverPause\":false,\"autoWidth\":false,\"responsive\":{\"300\":{\"items\":1},\"576\":{\"items\":2},\"768\":{\"items\":2},\"1024\":{\"items\":3},\"1280\":{\"items\":3},\"1536\":{\"items\":3}}}'>\n<div class=\"carousel-slider__item\">\n\t<img loading=\"lazy\" decoding=\"async\" width=\"1300\" height=\"975\" src=\"https:\/\/www.cascade.it\/new\/wp-content\/uploads\/2019\/08\/0-Smart-Dry-System-500D.jpg\" class=\"attachment-full size-full\" alt=\"\" srcset=\"https:\/\/www.cascade.it\/new\/wp-content\/uploads\/2019\/08\/0-Smart-Dry-System-500D.jpg 1300w, https:\/\/www.cascade.it\/new\/wp-content\/uploads\/2019\/08\/0-Smart-Dry-System-500D-300x225.jpg 300w, https:\/\/www.cascade.it\/new\/wp-content\/uploads\/2019\/08\/0-Smart-Dry-System-500D-768x576.jpg 768w, https:\/\/www.cascade.it\/new\/wp-content\/uploads\/2019\/08\/0-Smart-Dry-System-500D-1024x768.jpg 1024w, https:\/\/www.cascade.it\/new\/wp-content\/uploads\/2019\/08\/0-Smart-Dry-System-500D-960x720.jpg 960w, https:\/\/www.cascade.it\/new\/wp-content\/uploads\/2019\/08\/0-Smart-Dry-System-500D-600x450.jpg 600w\" sizes=\"auto, (max-width: 1300px) 100vw, 1300px\" \/><\/a><\/div>\n\n<div class=\"carousel-slider__item\">\n\t<img loading=\"lazy\" decoding=\"async\" width=\"1300\" height=\"856\" src=\"https:\/\/www.cascade.it\/new\/wp-content\/uploads\/2019\/08\/1-Smart-Dry-System-500D.jpg\" class=\"attachment-full size-full\" alt=\"\" srcset=\"https:\/\/www.cascade.it\/new\/wp-content\/uploads\/2019\/08\/1-Smart-Dry-System-500D.jpg 1300w, https:\/\/www.cascade.it\/new\/wp-content\/uploads\/2019\/08\/1-Smart-Dry-System-500D-300x198.jpg 300w, https:\/\/www.cascade.it\/new\/wp-content\/uploads\/2019\/08\/1-Smart-Dry-System-500D-768x506.jpg 768w, https:\/\/www.cascade.it\/new\/wp-content\/uploads\/2019\/08\/1-Smart-Dry-System-500D-1024x674.jpg 1024w, https:\/\/www.cascade.it\/new\/wp-content\/uploads\/2019\/08\/1-Smart-Dry-System-500D-960x632.jpg 960w, https:\/\/www.cascade.it\/new\/wp-content\/uploads\/2019\/08\/1-Smart-Dry-System-500D-600x395.jpg 600w\" sizes=\"auto, (max-width: 1300px) 100vw, 1300px\" \/><\/a><\/div>\n\n<div class=\"carousel-slider__item\">\n\t<img loading=\"lazy\" decoding=\"async\" width=\"1300\" height=\"856\" src=\"https:\/\/www.cascade.it\/new\/wp-content\/uploads\/2019\/08\/2-Smart-Dry-System-500D.jpg\" class=\"attachment-full size-full\" alt=\"\" srcset=\"https:\/\/www.cascade.it\/new\/wp-content\/uploads\/2019\/08\/2-Smart-Dry-System-500D.jpg 1300w, https:\/\/www.cascade.it\/new\/wp-content\/uploads\/2019\/08\/2-Smart-Dry-System-500D-300x198.jpg 300w, https:\/\/www.cascade.it\/new\/wp-content\/uploads\/2019\/08\/2-Smart-Dry-System-500D-768x506.jpg 768w, https:\/\/www.cascade.it\/new\/wp-content\/uploads\/2019\/08\/2-Smart-Dry-System-500D-1024x674.jpg 1024w, https:\/\/www.cascade.it\/new\/wp-content\/uploads\/2019\/08\/2-Smart-Dry-System-500D-960x632.jpg 960w, https:\/\/www.cascade.it\/new\/wp-content\/uploads\/2019\/08\/2-Smart-Dry-System-500D-600x395.jpg 600w\" sizes=\"auto, (max-width: 1300px) 100vw, 1300px\" \/><\/a><\/div>\n\n<div class=\"carousel-slider__item\">\n\t<img loading=\"lazy\" decoding=\"async\" width=\"1300\" height=\"856\" src=\"https:\/\/www.cascade.it\/new\/wp-content\/uploads\/2019\/08\/3-Smart-Dry-System-500D.jpg\" class=\"attachment-full size-full\" alt=\"\" srcset=\"https:\/\/www.cascade.it\/new\/wp-content\/uploads\/2019\/08\/3-Smart-Dry-System-500D.jpg 1300w, https:\/\/www.cascade.it\/new\/wp-content\/uploads\/2019\/08\/3-Smart-Dry-System-500D-300x198.jpg 300w, https:\/\/www.cascade.it\/new\/wp-content\/uploads\/2019\/08\/3-Smart-Dry-System-500D-768x506.jpg 768w, https:\/\/www.cascade.it\/new\/wp-content\/uploads\/2019\/08\/3-Smart-Dry-System-500D-1024x674.jpg 1024w, https:\/\/www.cascade.it\/new\/wp-content\/uploads\/2019\/08\/3-Smart-Dry-System-500D-960x632.jpg 960w, https:\/\/www.cascade.it\/new\/wp-content\/uploads\/2019\/08\/3-Smart-Dry-System-500D-600x395.jpg 600w\" sizes=\"auto, (max-width: 1300px) 100vw, 1300px\" \/><\/a><\/div>\n\n<div class=\"carousel-slider__item\">\n\t<img loading=\"lazy\" decoding=\"async\" width=\"1300\" height=\"856\" src=\"https:\/\/www.cascade.it\/new\/wp-content\/uploads\/2019\/08\/4-Smart-Dry-System-500D.jpg\" class=\"attachment-full size-full\" alt=\"\" srcset=\"https:\/\/www.cascade.it\/new\/wp-content\/uploads\/2019\/08\/4-Smart-Dry-System-500D.jpg 1300w, https:\/\/www.cascade.it\/new\/wp-content\/uploads\/2019\/08\/4-Smart-Dry-System-500D-300x198.jpg 300w, https:\/\/www.cascade.it\/new\/wp-content\/uploads\/2019\/08\/4-Smart-Dry-System-500D-768x506.jpg 768w, https:\/\/www.cascade.it\/new\/wp-content\/uploads\/2019\/08\/4-Smart-Dry-System-500D-1024x674.jpg 1024w, https:\/\/www.cascade.it\/new\/wp-content\/uploads\/2019\/08\/4-Smart-Dry-System-500D-960x632.jpg 960w, https:\/\/www.cascade.it\/new\/wp-content\/uploads\/2019\/08\/4-Smart-Dry-System-500D-600x395.jpg 600w\" sizes=\"auto, (max-width: 1300px) 100vw, 1300px\" \/><\/a><\/div>\n\n<\/div><!-- .carousel-slider-2004 -->\n<\/div><!-- .carousel-slider-outer-2004 -->\n\n<h1><span style=\"color: #1e73be;\">Smart Dry System<\/span><\/h1>\n<p>Le <strong>Smart Dry System<\/strong> est un <strong>syst\u00e8me complet<\/strong> id\u00e9al pour les fontaines s\u00e8ches \u00e0 plancher flottant, o\u00f9 le r\u00e9servoir de compensation est imm\u00e9diatement sous la fontaine, qui comprend <a href=\"https:\/\/www.cascade.it\/fr\/produits\/ajutages-pour-fontaines\/ajutages-classiques\/\"><span style=\"text-decoration: underline;\"><strong>ajutage<\/strong><\/span><\/a>, <a href=\"https:\/\/www.cascade.it\/fr\/produits\/eclairage-immerge-led\/projecteurs-led-mizar\/\"><span style=\"text-decoration: underline;\"><strong>projecteurs LED immerg\u00e9s pour les fontaines de la s\u00e9rie Mizar<\/strong><\/span><\/a>, une <a href=\"https:\/\/www.cascade.it\/fr\/produits\/pompes-pour-fontaines\/pompes-submersibles-basse-tension\/\"><span style=\"text-decoration: underline;\"><strong>pompe DMX submersible<\/strong><\/span><\/a> basse tension et les accessoires n\u00e9cessaires.<\/p>\n<p>Extr\u00eamement <strong>facile \u00e0 installer<\/strong>, gr\u00e2ce au cadre de support enti\u00e8rement en <strong>acier inoxydable<\/strong> qui vous permet d&rsquo;ins\u00e9rer et de retirer l&rsquo;ensemble du syst\u00e8me <strong>par<\/strong> <strong>le haut<\/strong>, simplifiant l&rsquo;acc\u00e8s \u00e0 tous les composants de la fontaine et l&rsquo;entretien n\u00e9cessaire.<\/p>\n<p>Le Smart Dry System est une solution <strong>reproductible<\/strong>, <strong>modulaire<\/strong> et <strong>polyvalente<\/strong> qui vous permet de cr\u00e9er des fontaines s\u00e8ches dynamiques et musicales de toutes tailles et des effets sc\u00e9niques extraordinaires, gr\u00e2ce \u00e0 la possibilit\u00e9 de contr\u00f4ler chaque jet d&rsquo;eau avec sa pompe et ses projecteurs individuellement et ind\u00e9pendamment des autres, via le protocole de communication DMX.<\/p>\n<p>Fourni avec plaque sup\u00e9rieure en <strong>acier inoxydable<\/strong>, \u00d8 variable s\u00e9lon l\u2019application, \u00e9paisseur 5 mm et <strong>pi\u00e9tinable<\/strong>.<\/p>\n<p>&nbsp;<\/p>\n<h3>Donn\u00e9es techniques<\/h3>\n<div style=\"overflow-x: auto;\">\n<table width=\"86%\">\n<tbody>\n<tr>\n<td width=\"19%\"><strong>\u00a0<\/strong><\/td>\n<td class=\"thHorz\" width=\"80%\">Smart Dry System<\/td>\n<\/tr>\n<tr>\n<td class=\"thVert\" width=\"19%\">Code<\/td>\n<td width=\"80%\">SDS<\/td>\n<\/tr>\n<tr>\n<td class=\"thVert\" width=\"19%\">Dimensions plaque<\/td>\n<td width=\"80%\">\u00d8 variable, \u00e9paisseur 5 mm<\/td>\n<\/tr>\n<tr>\n<td class=\"thVert\" width=\"19%\">Ajutages adapt\u00e9s<\/td>\n<td width=\"80%\">CO12 Plus &#8211; CO14 Plus &#8211; SP20<\/td>\n<\/tr>\n<tr>\n<td class=\"thVert\" width=\"19%\">Projecteurs adapt\u00e9s<\/td>\n<td width=\"80%\">Mizar 6 &#8211; Mizar 9 &#8211; Mizar 24 Ring<\/td>\n<\/tr>\n<tr>\n<td class=\"thVert\" width=\"19%\">Pompes adapt\u00e9es<\/td>\n<td width=\"80%\">CS 24-80 DMX\/PWM \u2013 CS 24-150 DMX\/PWM<\/td>\n<\/tr>\n<tr>\n<td class=\"thVert\" width=\"19%\">Mat\u00e9riel cadre et plaque<\/td>\n<td width=\"80%\">Acier inox<\/td>\n<\/tr>\n<\/tbody>\n<\/table>\n<\/div>\n<div>\n<div style=\"float: left; padding: 5px; text-align: center; width: 150px;\"><\/div>\n<div style=\"clear: both;\"><\/div>\n<\/div>\n<div id=\"gtx-trans\" style=\"position: absolute; left: 212px; top: 752.9px;\">\n<div class=\"gtx-trans-icon\"><\/div>\n<\/div>\n","protected":false},"excerpt":{"rendered":"<p>&nbsp; Smart Dry System Le Smart Dry System est un syst\u00e8me complet id\u00e9al pour les fontaines s\u00e8ches \u00e0 plancher flottant, o\u00f9 le r\u00e9servoir de compensation est imm\u00e9diatement sous la fontaine, qui comprend ajutage, projecteurs LED immerg\u00e9s pour les fontaines de la s\u00e9rie Mizar, une pompe DMX submersible basse tension et les accessoires n\u00e9cessaires. Extr\u00eamement facile [&hellip;]<\/p>\n","protected":false},"featured_media":3030,"template":"","meta":[],"product_brand":[],"product_cat":[338],"product_tag":[],"class_list":{"0":"post-3029","1":"product","2":"type-product","3":"status-publish","4":"has-post-thumbnail","6":"product_cat-fontaines-seches","8":"first","9":"instock","10":"shipping-taxable","11":"product-type-simple"},"yoast_head":"<!-- This site is optimized with the Yoast SEO plugin v26.7 - https:\/\/yoast.com\/wordpress\/plugins\/seo\/ -->\n<title>Smart Dry System pour fontaines s\u00e8ches - Cascade<\/title>\n<meta name=\"description\" content=\"Syst\u00e8me complet id\u00e9al pour les fontaines s\u00e8ches, qui comprend l&#039;ajutage, des projecteurs Mizar, une pompe submersible DMX et des accessoires.\" \/>\n<meta name=\"robots\" content=\"index, follow, max-snippet:-1, max-image-preview:large, max-video-preview:-1\" \/>\n<link rel=\"canonical\" href=\"https:\/\/www.cascade.it\/fr\/prodotto\/smart-dry-system\/\" \/>\n<meta property=\"og:locale\" content=\"fr_FR\" \/>\n<meta property=\"og:type\" content=\"article\" \/>\n<meta property=\"og:title\" content=\"Smart Dry System pour fontaines s\u00e8ches - Cascade\" \/>\n<meta property=\"og:description\" content=\"Syst\u00e8me complet id\u00e9al pour les fontaines s\u00e8ches, qui comprend l&#039;ajutage, des projecteurs Mizar, une pompe submersible DMX et des accessoires.\" \/>\n<meta property=\"og:url\" content=\"https:\/\/www.cascade.it\/fr\/prodotto\/smart-dry-system\/\" \/>\n<meta property=\"og:site_name\" content=\"Cascade\" \/>\n<meta property=\"article:modified_time\" content=\"2020-07-23T10:18:35+00:00\" \/>\n<meta property=\"og:image\" content=\"https:\/\/www.cascade.it\/new\/wp-content\/uploads\/Prodotti\/Fontane_a_pavimento\/SMART-DRY-SYSTEM-500D.jpg\" \/>\n\t<meta property=\"og:image:width\" content=\"1300\" \/>\n\t<meta property=\"og:image:height\" content=\"1300\" \/>\n\t<meta property=\"og:image:type\" content=\"image\/jpeg\" \/>\n<meta name=\"twitter:card\" content=\"summary_large_image\" \/>\n<meta name=\"twitter:label1\" content=\"Dur\u00e9e de lecture estim\u00e9e\" \/>\n\t<meta name=\"twitter:data1\" content=\"1 minute\" \/>\n<!-- \/ Yoast SEO plugin. -->","yoast_head_json":{"title":"Smart Dry System pour fontaines s\u00e8ches - Cascade","description":"Syst\u00e8me complet id\u00e9al pour les fontaines s\u00e8ches, qui comprend l'ajutage, des projecteurs Mizar, une pompe submersible DMX et des accessoires.","robots":{"index":"index","follow":"follow","max-snippet":"max-snippet:-1","max-image-preview":"max-image-preview:large","max-video-preview":"max-video-preview:-1"},"canonical":"https:\/\/www.cascade.it\/fr\/prodotto\/smart-dry-system\/","og_locale":"fr_FR","og_type":"article","og_title":"Smart Dry System pour fontaines s\u00e8ches - Cascade","og_description":"Syst\u00e8me complet id\u00e9al pour les fontaines s\u00e8ches, qui comprend l'ajutage, des projecteurs Mizar, une pompe submersible DMX et des accessoires.","og_url":"https:\/\/www.cascade.it\/fr\/prodotto\/smart-dry-system\/","og_site_name":"Cascade","article_modified_time":"2020-07-23T10:18:35+00:00","og_image":[{"width":1300,"height":1300,"url":"https:\/\/www.cascade.it\/new\/wp-content\/uploads\/Prodotti\/Fontane_a_pavimento\/SMART-DRY-SYSTEM-500D.jpg","type":"image\/jpeg"}],"twitter_card":"summary_large_image","twitter_misc":{"Dur\u00e9e de lecture estim\u00e9e":"1 minute"},"schema":{"@context":"https:\/\/schema.org","@graph":[{"@type":"WebPage","@id":"https:\/\/www.cascade.it\/fr\/prodotto\/smart-dry-system\/","url":"https:\/\/www.cascade.it\/fr\/prodotto\/smart-dry-system\/","name":"Smart Dry System pour fontaines s\u00e8ches - Cascade","isPartOf":{"@id":"https:\/\/www.cascade.it\/fr\/#website"},"primaryImageOfPage":{"@id":"https:\/\/www.cascade.it\/fr\/prodotto\/smart-dry-system\/#primaryimage"},"image":{"@id":"https:\/\/www.cascade.it\/fr\/prodotto\/smart-dry-system\/#primaryimage"},"thumbnailUrl":"https:\/\/www.cascade.it\/new\/wp-content\/uploads\/Prodotti\/Fontane_a_pavimento\/SMART-DRY-SYSTEM-500D.jpg","datePublished":"2019-02-23T09:59:35+00:00","dateModified":"2020-07-23T10:18:35+00:00","description":"Syst\u00e8me complet id\u00e9al pour les fontaines s\u00e8ches, qui comprend l'ajutage, des projecteurs Mizar, une pompe submersible DMX et des accessoires.","breadcrumb":{"@id":"https:\/\/www.cascade.it\/fr\/prodotto\/smart-dry-system\/#breadcrumb"},"inLanguage":"fr-FR","potentialAction":[{"@type":"ReadAction","target":["https:\/\/www.cascade.it\/fr\/prodotto\/smart-dry-system\/"]}]},{"@type":"ImageObject","inLanguage":"fr-FR","@id":"https:\/\/www.cascade.it\/fr\/prodotto\/smart-dry-system\/#primaryimage","url":"https:\/\/www.cascade.it\/new\/wp-content\/uploads\/Prodotti\/Fontane_a_pavimento\/SMART-DRY-SYSTEM-500D.jpg","contentUrl":"https:\/\/www.cascade.it\/new\/wp-content\/uploads\/Prodotti\/Fontane_a_pavimento\/SMART-DRY-SYSTEM-500D.jpg","width":1300,"height":1300},{"@type":"BreadcrumbList","@id":"https:\/\/www.cascade.it\/fr\/prodotto\/smart-dry-system\/#breadcrumb","itemListElement":[{"@type":"ListItem","position":1,"name":"Home","item":"https:\/\/www.cascade.it\/fr\/"},{"@type":"ListItem","position":2,"name":"Boutique","item":"https:\/\/www.cascade.it\/fr\/boutique\/"},{"@type":"ListItem","position":3,"name":"Smart Dry System"}]},{"@type":"WebSite","@id":"https:\/\/www.cascade.it\/fr\/#website","url":"https:\/\/www.cascade.it\/fr\/","name":"Cascade","description":"More than a fountain","potentialAction":[{"@type":"SearchAction","target":{"@type":"EntryPoint","urlTemplate":"https:\/\/www.cascade.it\/fr\/?s={search_term_string}"},"query-input":{"@type":"PropertyValueSpecification","valueRequired":true,"valueName":"search_term_string"}}],"inLanguage":"fr-FR"}]}},"_links":{"self":[{"href":"https:\/\/www.cascade.it\/fr\/wp-json\/wp\/v2\/product\/3029","targetHints":{"allow":["GET"]}}],"collection":[{"href":"https:\/\/www.cascade.it\/fr\/wp-json\/wp\/v2\/product"}],"about":[{"href":"https:\/\/www.cascade.it\/fr\/wp-json\/wp\/v2\/types\/product"}],"wp:featuredmedia":[{"embeddable":true,"href":"https:\/\/www.cascade.it\/fr\/wp-json\/wp\/v2\/media\/3030"}],"wp:attachment":[{"href":"https:\/\/www.cascade.it\/fr\/wp-json\/wp\/v2\/media?parent=3029"}],"wp:term":[{"taxonomy":"product_brand","embeddable":true,"href":"https:\/\/www.cascade.it\/fr\/wp-json\/wp\/v2\/product_brand?post=3029"},{"taxonomy":"product_cat","embeddable":true,"href":"https:\/\/www.cascade.it\/fr\/wp-json\/wp\/v2\/product_cat?post=3029"},{"taxonomy":"product_tag","embeddable":true,"href":"https:\/\/www.cascade.it\/fr\/wp-json\/wp\/v2\/product_tag?post=3029"}],"curies":[{"name":"wp","href":"https:\/\/api.w.org\/{rel}","templated":true}]}}