{"id":3019,"date":"2019-02-23T11:23:17","date_gmt":"2019-02-23T10:23:17","guid":{"rendered":"https:\/\/www.cascade.it\/new\/prodotto\/bali-120\/"},"modified":"2020-07-22T10:31:30","modified_gmt":"2020-07-22T08:31:30","slug":"bali-120","status":"publish","type":"product","link":"https:\/\/www.cascade.it\/fr\/prodotto\/bali-120\/","title":{"rendered":"Fontaine Bali 120"},"content":{"rendered":"<p>&nbsp;<\/p>\n<div class=\"carousel-slider-outer carousel-slider-outer-image-carousel carousel-slider-outer-1987\" style=\"--carousel-slider-nav-color:#f1f1f1;--carousel-slider-active-nav-color:#00d1b2;--carousel-slider-arrow-size:48px;--carousel-slider-bullet-size:10px\">\n<div id=\"&#039;id-1987\" class=\"carousel-slider carousel-slider-1987 arrows-visibility-hover dots-visibility-never arrows-outside dots-center dots-square owl-carousel\" data-slide-type=\"image-carousel\" data-owl-settings='{\"nav\":true,\"dots\":false,\"slideBy\":1,\"stagePadding\":0,\"margin\":10,\"loop\":true,\"lazyLoad\":true,\"autoplay\":true,\"autoplayTimeout\":5000,\"autoplaySpeed\":500,\"autoplayHoverPause\":true,\"autoWidth\":false,\"responsive\":{\"300\":{\"items\":1},\"576\":{\"items\":2},\"768\":{\"items\":2},\"1024\":{\"items\":3},\"1280\":{\"items\":3},\"1536\":{\"items\":3}}}'>\n<div class=\"carousel-slider__item\">\n\t<img class=\"owl-lazy\" data-src=\"https:\/\/www.cascade.it\/new\/wp-content\/uploads\/2019\/11\/0-Bali-120-1.jpg\" alt=\"\"><\/a><\/div>\n\n<div class=\"carousel-slider__item\">\n\t<img class=\"owl-lazy\" data-src=\"https:\/\/www.cascade.it\/new\/wp-content\/uploads\/2019\/11\/01-Bali-120-con-copertura.jpg\" alt=\"\"><\/a><\/div>\n\n<div class=\"carousel-slider__item\">\n\t<img class=\"owl-lazy\" data-src=\"https:\/\/www.cascade.it\/new\/wp-content\/uploads\/2019\/11\/3-Bali-120.jpg\" alt=\"\"><\/a><\/div>\n\n<div class=\"carousel-slider__item\">\n\t<img class=\"owl-lazy\" data-src=\"https:\/\/www.cascade.it\/new\/wp-content\/uploads\/2019\/11\/2-Bali-120.jpg\" alt=\"\"><\/a><\/div>\n\n<div class=\"carousel-slider__item\">\n\t<img class=\"owl-lazy\" data-src=\"https:\/\/www.cascade.it\/new\/wp-content\/uploads\/2019\/11\/5-Bali-120-1.jpg\" alt=\"\"><\/a><\/div>\n\n<div class=\"carousel-slider__item\">\n\t<img class=\"owl-lazy\" data-src=\"https:\/\/www.cascade.it\/new\/wp-content\/uploads\/2019\/11\/4-Bali-120.jpg\" alt=\"\"><\/a><\/div>\n\n<div class=\"carousel-slider__item\">\n\t<img class=\"owl-lazy\" data-src=\"https:\/\/www.cascade.it\/new\/wp-content\/uploads\/2019\/11\/6-Bali-120.jpg\" alt=\"\"><\/a><\/div>\n\n<div class=\"carousel-slider__item\">\n\t<img class=\"owl-lazy\" data-src=\"https:\/\/www.cascade.it\/new\/wp-content\/uploads\/2019\/11\/7-Bali-120.jpg\" alt=\"\"><\/a><\/div>\n\n<div class=\"carousel-slider__item\">\n\t<img class=\"owl-lazy\" data-src=\"https:\/\/www.cascade.it\/new\/wp-content\/uploads\/2019\/11\/1-Bali-120.jpg\" alt=\"\"><\/a><\/div>\n\n<\/div><!-- .carousel-slider-1987 -->\n<\/div><!-- .carousel-slider-outer-1987 -->\n\n<h1><span style=\"color: #1e73be;\">Fontaine pr\u00eate Bali 120<\/span><\/h1>\n<p>La fontaine pr\u00e9-assembl\u00e9e avec r\u00e9servoir <strong>Bali 120<\/strong> est une fontaine s\u00e8che pr\u00eate compos\u00e9e d&rsquo;un r\u00e9servoir en mat\u00e9riau composite renforc\u00e9 avec chargement, d\u00e9chargement et trop-plein, qui dans la fourniture de base comprend: le <strong>r\u00e9servoir<\/strong>, <strong>l\u2019<a href=\"https:\/\/www.cascade.it\/fr\/produits\/ajutages-pour-fontaines\/ajutages-classiques\/\"><span style=\"text-decoration: underline;\">ajutage<\/span><\/a><\/strong> choisi, la <a href=\"https:\/\/www.cascade.it\/fr\/produits\/pompes-pour-fontaines\/pompes-submersibles-basse-tension\/\"><span style=\"text-decoration: underline;\"><strong>pompe submersible basse tension<\/strong><\/span><\/a> contr\u00f4lable en <strong>DMX<\/strong> aussi et les <strong>accessoires<\/strong> n\u00e9cessaires. L&rsquo;\u00e9clairage est r\u00e9alis\u00e9 avec des <a href=\"https:\/\/www.cascade.it\/fr\/produits\/eclairage-immerge-led\/projecteurs-led-mizar\/\"><span style=\"text-decoration: underline;\"><strong>projecteurs LED immerg\u00e9s pour fontaines de la s\u00e9rie Mizar<\/strong><\/span><\/a>.<\/p>\n<p>La Bali 120 est un <strong>syst\u00e8me autonome complet<\/strong> et <strong>pr\u00eat \u00e0 l&#8217;emploi<\/strong>, qui permet de r\u00e9aliser l&rsquo;installation avec <strong>peu d&rsquo;interventions invasives<\/strong>: les travaux de construction sont \u00e9vit\u00e9s car le r\u00e9servoir fait office de <strong>bassin de stockage<\/strong>, il n&rsquo;y a pas de contraintes sur la g\u00e9om\u00e9trie de la fontaine et positionnement et distance entre les jets. Elle est souvent utilis\u00e9e comme fontaine individuelle autonome \u00e0 placer <strong>sur les avenues<\/strong>, en s\u00e9rie de deux fontaines ou plus, ou comme fontaine s\u00e8che \u00e0 installer sur les <strong>places<\/strong>, les ronds-points, etc.<\/p>\n<p>Le <strong>montage sp\u00e9cial<\/strong> permet de ne rendre visible que l\u2019ajutage et le syst\u00e8me d&rsquo;\u00e9clairage, dissimulant \u00e0 la fois les tuyaux et les c\u00e2bles \u00e9lectriques.<\/p>\n<p>Tr\u00e8s <strong>facile<\/strong> et <strong>rapide<\/strong> <strong>\u00e0 installer<\/strong>, la fontaine peut \u00eatre enterr\u00e9e, semi-enterr\u00e9e ou positionn\u00e9e en surface.<\/p>\n<p>Cette fontaine pr\u00e9-assembl\u00e9e est \u00e9quip\u00e9e d&rsquo;une <strong>grille sup\u00e9rieure<\/strong> sp\u00e9ciale en <strong>acier galvanis\u00e9 \u00e0 chaud<\/strong>, ce qui facilite l&rsquo;entretien.<\/p>\n<p>En alternative au grill en acier, la Bali 120 peut \u00eatre \u00e9quip\u00e9e d&rsquo;un <strong>couverture sup\u00e9rieure pi\u00e9tinable<\/strong> en mat\u00e9riau composite renforc\u00e9. Cette couverture offre l&rsquo;avantage de cacher tous les \u00e9quipements internes, ce qui <strong>facilite son insertion dans la chauss\u00e9e<\/strong> et est plus s\u00fbr pour les zones pi\u00e9tonnes. Le couvercle, r\u00e9alis\u00e9 avec un e<strong>ffet de grain<\/strong>, est \u00e9quip\u00e9 d&rsquo;un support pour la <strong>plaque<\/strong> en <strong>acier inoxydable AISI 304<\/strong> \u00f8 500 mm pr\u00e9par\u00e9e pour l\u2019ajutage et les projecteurs, \u00e9paisseur 5 mm, fendue.<\/p>\n<p>La grille et la couverture peuvent \u00eatre combin\u00e9es avec des <strong>cadres de p\u00e9rim\u00e8tre<\/strong> en mat\u00e9riau composite renforc\u00e9 avec un effet de grain, ce qui permet une augmentation de la surface de collecte de l&rsquo;eau d\u00e9vers\u00e9e et rend l&rsquo;int\u00e9gration de la fontaine dans la chauss\u00e9e plus agr\u00e9able.<\/p>\n<p>&nbsp;<\/p>\n<h3>Donn\u00e9es techniques<\/h3>\n<div style=\"overflow-x: auto;\">\n<table width=\"97%\">\n<tbody>\n<tr>\n<td width=\"11%\"><strong>\u00a0<\/strong><\/td>\n<td class=\"thHorz\" width=\"28%\">Bali 120<\/td>\n<td class=\"thHorz\" width=\"30%\">Couverture sup\u00e9rieure pi\u00e9tinable<\/td>\n<td class=\"thHorz\" width=\"29%\">Cadre de p\u00e9rim\u00e8tre<\/td>\n<\/tr>\n<tr>\n<td class=\"thVert\" width=\"11%\">Code<\/td>\n<td width=\"28%\">BALI120<\/td>\n<td width=\"30%\">TOP120<\/td>\n<td width=\"29%\">TOPCO230<\/td>\n<\/tr>\n<tr>\n<td class=\"thVert\" width=\"11%\">Dimensions<\/td>\n<td width=\"28%\">120 x 120 x h max 85 cm<\/td>\n<td width=\"30%\">122 x 122 cm<\/td>\n<td width=\"29%\">230 x 230 cm<\/td>\n<\/tr>\n<tr>\n<td class=\"thVert\" width=\"11%\">Connexion chargement<\/td>\n<td width=\"28%\">1&Prime;<\/td>\n<td width=\"30%\">&#8211;<\/td>\n<td width=\"29%\">&#8211;<\/td>\n<\/tr>\n<tr>\n<td class=\"thVert\" width=\"11%\">Connexion d\u00e9chargement<\/td>\n<td width=\"28%\">2\u201d<\/td>\n<td width=\"30%\">&#8211;<\/td>\n<td width=\"29%\">&#8211;<\/td>\n<\/tr>\n<tr>\n<td class=\"thVert\" width=\"11%\">Connecxion trop-plein<\/td>\n<td width=\"28%\">1 1\/2&Prime;<\/td>\n<td width=\"30%\">&#8211;<\/td>\n<td width=\"29%\">&#8211;<\/td>\n<\/tr>\n<tr>\n<td class=\"thVert\" width=\"11%\">Mat\u00e9riel<\/td>\n<td width=\"28%\">Mat\u00e9riel composite renforc\u00e9, vert ou noir<\/td>\n<td width=\"30%\">Mat\u00e9riel composite renforc\u00e9 effet de grain, blanc<\/td>\n<td width=\"29%\">Mat\u00e9riel composite renforc\u00e9 effet de grain, blanc<\/td>\n<\/tr>\n<\/tbody>\n<\/table>\n<\/div>\n<p>&nbsp;<\/p>\n","protected":false},"excerpt":{"rendered":"<p>&nbsp; Fontaine pr\u00eate Bali 120 La fontaine pr\u00e9-assembl\u00e9e avec r\u00e9servoir Bali 120 est une fontaine s\u00e8che pr\u00eate compos\u00e9e d&rsquo;un r\u00e9servoir en mat\u00e9riau composite renforc\u00e9 avec chargement, d\u00e9chargement et trop-plein, qui dans la fourniture de base comprend: le r\u00e9servoir, l\u2019ajutage choisi, la pompe submersible basse tension contr\u00f4lable en DMX aussi et les accessoires n\u00e9cessaires. L&rsquo;\u00e9clairage est [&hellip;]<\/p>\n","protected":false},"featured_media":3020,"template":"","meta":[],"product_brand":[],"product_cat":[298],"product_tag":[],"class_list":{"0":"post-3019","1":"product","2":"type-product","3":"status-publish","4":"has-post-thumbnail","6":"product_cat-fontaines-seches-pretes","8":"first","9":"instock","10":"shipping-taxable","11":"product-type-simple"},"yoast_head":"<!-- This site is optimized with the Yoast SEO plugin v26.7 - https:\/\/yoast.com\/wordpress\/plugins\/seo\/ -->\n<title>Fontaine pr\u00eate Bali 120 - Cascade<\/title>\n<meta name=\"description\" content=\"La fontaine Bali 120 est un syst\u00e8me autonome complet et pr\u00eat \u00e0 l&#039;emploi, qui comprend: le r\u00e9servoir, l&#039;ajutage, la pompe et les accessoires.\" \/>\n<meta name=\"robots\" content=\"index, follow, max-snippet:-1, max-image-preview:large, max-video-preview:-1\" \/>\n<link rel=\"canonical\" href=\"https:\/\/www.cascade.it\/fr\/prodotto\/bali-120\/\" \/>\n<meta property=\"og:locale\" content=\"fr_FR\" \/>\n<meta property=\"og:type\" content=\"article\" \/>\n<meta property=\"og:title\" content=\"Fontaine pr\u00eate Bali 120 - Cascade\" \/>\n<meta property=\"og:description\" content=\"La fontaine Bali 120 est un syst\u00e8me autonome complet et pr\u00eat \u00e0 l&#039;emploi, qui comprend: le r\u00e9servoir, l&#039;ajutage, la pompe et les accessoires.\" \/>\n<meta property=\"og:url\" content=\"https:\/\/www.cascade.it\/fr\/prodotto\/bali-120\/\" \/>\n<meta property=\"og:site_name\" content=\"Cascade\" \/>\n<meta property=\"article:modified_time\" content=\"2020-07-22T08:31:30+00:00\" \/>\n<meta property=\"og:image\" content=\"https:\/\/www.cascade.it\/new\/wp-content\/uploads\/Prodotti\/Fontane_a_pavimento\/Fontane_a_pavimento_individuali\/BALI-120.jpg\" \/>\n\t<meta property=\"og:image:width\" content=\"1300\" \/>\n\t<meta property=\"og:image:height\" content=\"1300\" \/>\n\t<meta property=\"og:image:type\" content=\"image\/jpeg\" \/>\n<meta name=\"twitter:card\" content=\"summary_large_image\" \/>\n<meta name=\"twitter:label1\" content=\"Dur\u00e9e de lecture estim\u00e9e\" \/>\n\t<meta name=\"twitter:data1\" content=\"2 minutes\" \/>\n<!-- \/ Yoast SEO plugin. -->","yoast_head_json":{"title":"Fontaine pr\u00eate Bali 120 - Cascade","description":"La fontaine Bali 120 est un syst\u00e8me autonome complet et pr\u00eat \u00e0 l'emploi, qui comprend: le r\u00e9servoir, l'ajutage, la pompe et les accessoires.","robots":{"index":"index","follow":"follow","max-snippet":"max-snippet:-1","max-image-preview":"max-image-preview:large","max-video-preview":"max-video-preview:-1"},"canonical":"https:\/\/www.cascade.it\/fr\/prodotto\/bali-120\/","og_locale":"fr_FR","og_type":"article","og_title":"Fontaine pr\u00eate Bali 120 - Cascade","og_description":"La fontaine Bali 120 est un syst\u00e8me autonome complet et pr\u00eat \u00e0 l'emploi, qui comprend: le r\u00e9servoir, l'ajutage, la pompe et les accessoires.","og_url":"https:\/\/www.cascade.it\/fr\/prodotto\/bali-120\/","og_site_name":"Cascade","article_modified_time":"2020-07-22T08:31:30+00:00","og_image":[{"width":1300,"height":1300,"url":"https:\/\/www.cascade.it\/new\/wp-content\/uploads\/Prodotti\/Fontane_a_pavimento\/Fontane_a_pavimento_individuali\/BALI-120.jpg","type":"image\/jpeg"}],"twitter_card":"summary_large_image","twitter_misc":{"Dur\u00e9e de lecture estim\u00e9e":"2 minutes"},"schema":{"@context":"https:\/\/schema.org","@graph":[{"@type":"WebPage","@id":"https:\/\/www.cascade.it\/fr\/prodotto\/bali-120\/","url":"https:\/\/www.cascade.it\/fr\/prodotto\/bali-120\/","name":"Fontaine pr\u00eate Bali 120 - Cascade","isPartOf":{"@id":"https:\/\/www.cascade.it\/fr\/#website"},"primaryImageOfPage":{"@id":"https:\/\/www.cascade.it\/fr\/prodotto\/bali-120\/#primaryimage"},"image":{"@id":"https:\/\/www.cascade.it\/fr\/prodotto\/bali-120\/#primaryimage"},"thumbnailUrl":"https:\/\/www.cascade.it\/new\/wp-content\/uploads\/Prodotti\/Fontane_a_pavimento\/Fontane_a_pavimento_individuali\/BALI-120.jpg","datePublished":"2019-02-23T10:23:17+00:00","dateModified":"2020-07-22T08:31:30+00:00","description":"La fontaine Bali 120 est un syst\u00e8me autonome complet et pr\u00eat \u00e0 l'emploi, qui comprend: le r\u00e9servoir, l'ajutage, la pompe et les accessoires.","breadcrumb":{"@id":"https:\/\/www.cascade.it\/fr\/prodotto\/bali-120\/#breadcrumb"},"inLanguage":"fr-FR","potentialAction":[{"@type":"ReadAction","target":["https:\/\/www.cascade.it\/fr\/prodotto\/bali-120\/"]}]},{"@type":"ImageObject","inLanguage":"fr-FR","@id":"https:\/\/www.cascade.it\/fr\/prodotto\/bali-120\/#primaryimage","url":"https:\/\/www.cascade.it\/new\/wp-content\/uploads\/Prodotti\/Fontane_a_pavimento\/Fontane_a_pavimento_individuali\/BALI-120.jpg","contentUrl":"https:\/\/www.cascade.it\/new\/wp-content\/uploads\/Prodotti\/Fontane_a_pavimento\/Fontane_a_pavimento_individuali\/BALI-120.jpg","width":1300,"height":1300},{"@type":"BreadcrumbList","@id":"https:\/\/www.cascade.it\/fr\/prodotto\/bali-120\/#breadcrumb","itemListElement":[{"@type":"ListItem","position":1,"name":"Home","item":"https:\/\/www.cascade.it\/fr\/"},{"@type":"ListItem","position":2,"name":"Boutique","item":"https:\/\/www.cascade.it\/fr\/boutique\/"},{"@type":"ListItem","position":3,"name":"Fontaine Bali 120"}]},{"@type":"WebSite","@id":"https:\/\/www.cascade.it\/fr\/#website","url":"https:\/\/www.cascade.it\/fr\/","name":"Cascade","description":"More than a fountain","potentialAction":[{"@type":"SearchAction","target":{"@type":"EntryPoint","urlTemplate":"https:\/\/www.cascade.it\/fr\/?s={search_term_string}"},"query-input":{"@type":"PropertyValueSpecification","valueRequired":true,"valueName":"search_term_string"}}],"inLanguage":"fr-FR"}]}},"_links":{"self":[{"href":"https:\/\/www.cascade.it\/fr\/wp-json\/wp\/v2\/product\/3019","targetHints":{"allow":["GET"]}}],"collection":[{"href":"https:\/\/www.cascade.it\/fr\/wp-json\/wp\/v2\/product"}],"about":[{"href":"https:\/\/www.cascade.it\/fr\/wp-json\/wp\/v2\/types\/product"}],"wp:featuredmedia":[{"embeddable":true,"href":"https:\/\/www.cascade.it\/fr\/wp-json\/wp\/v2\/media\/3020"}],"wp:attachment":[{"href":"https:\/\/www.cascade.it\/fr\/wp-json\/wp\/v2\/media?parent=3019"}],"wp:term":[{"taxonomy":"product_brand","embeddable":true,"href":"https:\/\/www.cascade.it\/fr\/wp-json\/wp\/v2\/product_brand?post=3019"},{"taxonomy":"product_cat","embeddable":true,"href":"https:\/\/www.cascade.it\/fr\/wp-json\/wp\/v2\/product_cat?post=3019"},{"taxonomy":"product_tag","embeddable":true,"href":"https:\/\/www.cascade.it\/fr\/wp-json\/wp\/v2\/product_tag?post=3019"}],"curies":[{"name":"wp","href":"https:\/\/api.w.org\/{rel}","templated":true}]}}