{"id":3004,"date":"2019-02-23T11:17:48","date_gmt":"2019-02-23T10:17:48","guid":{"rendered":"https:\/\/www.cascade.it\/new\/prodotto\/box-360-inox\/"},"modified":"2023-10-31T09:51:35","modified_gmt":"2023-10-31T08:51:35","slug":"fontaine-seche-box-360","status":"publish","type":"product","link":"https:\/\/www.cascade.it\/fr\/prodotto\/fontaine-seche-box-360\/","title":{"rendered":"Box 360"},"content":{"rendered":"<p>&nbsp;<\/p>\n<div class=\"carousel-slider-outer carousel-slider-outer-image-carousel carousel-slider-outer-1960\" style=\"--carousel-slider-nav-color:#f1f1f1;--carousel-slider-active-nav-color:#00d1b2;--carousel-slider-arrow-size:48px;--carousel-slider-bullet-size:10px\">\n<div id=\"&#039;id-1960\" class=\"carousel-slider carousel-slider-1960 arrows-visibility-hover dots-visibility-never arrows-outside dots-center dots-square owl-carousel\" data-slide-type=\"image-carousel\" data-owl-settings='{\"nav\":true,\"dots\":false,\"slideBy\":1,\"stagePadding\":0,\"margin\":10,\"loop\":true,\"lazyLoad\":true,\"autoplay\":true,\"autoplayTimeout\":5000,\"autoplaySpeed\":500,\"autoplayHoverPause\":true,\"autoWidth\":false,\"responsive\":{\"300\":{\"items\":1},\"576\":{\"items\":2},\"768\":{\"items\":2},\"1024\":{\"items\":3},\"1280\":{\"items\":3},\"1536\":{\"items\":3}}}'>\n<div class=\"carousel-slider__item\">\n\t<img class=\"owl-lazy\" data-src=\"https:\/\/www.cascade.it\/new\/wp-content\/uploads\/2019\/11\/0-Box-360-inox-per-fontane.jpg\" alt=\"\"><\/a><\/div>\n\n<div class=\"carousel-slider__item\">\n\t<img class=\"owl-lazy\" data-src=\"https:\/\/www.cascade.it\/new\/wp-content\/uploads\/2019\/11\/1-Box-360-inox-per-fontane.jpg\" alt=\"\"><\/a><\/div>\n\n<div class=\"carousel-slider__item\">\n\t<img class=\"owl-lazy\" data-src=\"https:\/\/www.cascade.it\/new\/wp-content\/uploads\/2019\/11\/2-Box-360-inox-per-fontane.jpg\" alt=\"\"><\/a><\/div>\n\n<div class=\"carousel-slider__item\">\n\t<img class=\"owl-lazy\" data-src=\"https:\/\/www.cascade.it\/new\/wp-content\/uploads\/2019\/11\/3-Box-360-inox-per-fontane.jpg\" alt=\"\"><\/a><\/div>\n\n<div class=\"carousel-slider__item\">\n\t<img class=\"owl-lazy\" data-src=\"https:\/\/www.cascade.it\/new\/wp-content\/uploads\/2019\/11\/4-Box-360-inox-per-fontane.jpg\" alt=\"\"><\/a><\/div>\n\n<div class=\"carousel-slider__item\">\n\t<img class=\"owl-lazy\" data-src=\"https:\/\/www.cascade.it\/new\/wp-content\/uploads\/2019\/11\/5-Box-360-inox-per-fontane.jpg\" alt=\"\"><\/a><\/div>\n\n<\/div><!-- .carousel-slider-1960 -->\n<\/div><!-- .carousel-slider-outer-1960 -->\n\n<h1><span style=\"color: #1e73be;\">Box 360 inox pour fontaines s\u00e8ches<\/span><\/h1>\n<p>Box pour fontaines s\u00e8ches, en <strong>acier inoxydable AISI 304<\/strong>, \u00e0 encastrer dans le sol.<\/p>\n<p>Dimensions: hauteur 382 mm ou 460 mm (y compris les connexions) dans la version dynamique &#8211; diam\u00e8tre max 360 mm &#8211; plaque sup\u00e9rieure <strong>pi\u00e9tinable<\/strong> \u00e9paisseur 5 mm avec bride d\u2019ancrage.<\/p>\n<p>Complet avec les deux connexions d&rsquo;eau et \u00e9lectrique <strong>par le bas<\/strong>; cela vous permet de <strong>n&rsquo;avoir aucune contrainte<\/strong> de positionnement du Box et une hauteur suffisante pour <strong>stabiliser le d\u00e9bit d&rsquo;eau<\/strong>. Connexions disponibles:<\/p>\n<ul>\n<li>une ou plus entr\u00e9es \u00e9lectriques de 1\u201d F pour les projecteurs immerg\u00e9s et le d\u00e9viateur hydraulique dans la version dynamique;<\/li>\n<li>entr\u00e9e d&rsquo;eau de 2\u201d F (ou 2 \u00bd\u201d F) pour l\u2019ajutage ou 1 \u00bc\u201d dans la version dynamique;<\/li>\n<li>un vidange de 2 \u00bd\u201d F.<\/li>\n<\/ul>\n<p>Convient aux ajutages: <a href=\"https:\/\/www.cascade.it\/fr\/prodotto\/ajutage-cometa-plus\/\"><span style=\"text-decoration: underline;\"><strong>Cometa Plus 17\/18\/20<\/strong><\/span><\/a> &#8211; <a href=\"https:\/\/www.cascade.it\/fr\/prodotto\/ajutage-spumeggiante\/\"><span style=\"text-decoration: underline;\"><strong>Spumeggiante 50<\/strong><\/span><\/a> ou <a href=\"https:\/\/www.cascade.it\/fr\/prodotto\/ajutage-cometa-plus\/\"><span style=\"text-decoration: underline;\"><strong>Cometa Plus 12\/14<\/strong><\/span><\/a> &#8211; <a href=\"https:\/\/www.cascade.it\/fr\/prodotto\/ajutage-spumeggiante\/\"><span style=\"text-decoration: underline;\"><strong>Spumeggiante 20<\/strong><\/span><\/a> dans la version dynamique.<\/p>\n<p>\u00c9quip\u00e9 de 1 jusqu\u2019\u00e0 4 <a href=\"https:\/\/www.cascade.it\/fr\/produits\/eclairage-immerge-led\/projecteurs-led-mizar\/\"><span style=\"text-decoration: underline;\"><strong>projecteurs LED immerg\u00e9s pour fontaines de la s\u00e9rie Mizar<\/strong><\/span><\/a> mont\u00e9s sous plaque, avec les avantages suivants:<\/p>\n<ul>\n<li><strong>protection<\/strong> contre un \u00e9ventuel vandalisme;<\/li>\n<li>possibilit\u00e9 de <strong>diriger<\/strong> le projecteurs vers le jet d&rsquo;eau;<\/li>\n<li><strong>pas de d\u00e9p\u00f4t d&rsquo;eau<\/strong> et de r\u00e9sidus calcaires sur le vitres des spots.<\/li>\n<\/ul>\n<p>\u00c9quip\u00e9 de <strong>bride sup\u00e9rieure d\u2019ancrage<\/strong>, utilis\u00e9e aussi comme <strong>dispositif de r\u00e9glage<\/strong> pour un positionnement millim\u00e9trique de celui-ci.<\/p>\n<p>Sur demande, il peut \u00eatre en <strong>acier inoxydable AISI 316<\/strong>, avec plaque <strong>carrossable<\/strong>, \u00e9clairage encastr\u00e9 et cadre en acier inoxydable adaptable au rev\u00eatement du sol utilis\u00e9.<\/p>\n<p>&nbsp;<\/p>\n<h3>Donn\u00e9es techniques<\/h3>\n<div style=\"overflow-x: auto;\">\n<table width=\"99%\">\n<tbody>\n<tr>\n<td width=\"17%\"><strong>\u00a0<\/strong><\/td>\n<td class=\"thHorz\" width=\"38%\">Box 360<\/td>\n<td class=\"thHorz\" colspan=\"3\" width=\"44%\">Box 360 Dynamique HD<\/td>\n<\/tr>\n<tr>\n<td class=\"thVert\" width=\"17%\">Code<\/td>\n<td width=\"38%\">FP360<\/td>\n<td colspan=\"3\" width=\"44%\">FP360HD<\/td>\n<\/tr>\n<tr>\n<td class=\"thVert\" width=\"17%\">Diam\u00e8tre plaque sup\u00e9rieure<\/td>\n<td width=\"38%\">360 mm<\/td>\n<td colspan=\"3\" width=\"44%\">360 mm<\/td>\n<\/tr>\n<tr>\n<td class=\"thVert\" width=\"17%\">\u00c9paisseur plaque sup\u00e9rieure<\/td>\n<td width=\"38%\">5 mm<\/td>\n<td colspan=\"3\" width=\"44%\">5 mm<\/td>\n<\/tr>\n<tr>\n<td class=\"thVert\" width=\"17%\">Hauteur max<\/td>\n<td width=\"38%\">382 mm<\/td>\n<td colspan=\"3\" width=\"44%\">460 mm<\/td>\n<\/tr>\n<tr>\n<td class=\"thVert\" width=\"17%\">Ajutages adapt\u00e9s<\/td>\n<td width=\"38%\">CO17 Plus &#8211; CO18 Plus &#8211; CO20 Plus &#8211; SP32 &#8211; SP50<\/td>\n<td colspan=\"3\" width=\"44%\">CO12 Plus &#8211; CO14 Plus &#8211; SP20<\/td>\n<\/tr>\n<tr>\n<td class=\"thVert\" width=\"17%\">Projecteurs adapt\u00e9s<\/td>\n<td colspan=\"2\" width=\"39%\">Mizar 6 &#8211; Mizar 12 &#8211; Mizar 16 &#8211; Mizar 24 Ring<\/td>\n<td width=\"41%\">Mizar 6 &#8211; Mizar 12 &#8211; Mizar 16 &#8211; Mizar 24 Ring<\/td>\n<td width=\"1%\"><\/td>\n<\/tr>\n<tr>\n<td class=\"thVert\" width=\"17%\">D\u00e9viateur hydraulique<\/td>\n<td width=\"38%\">&#8211;<\/td>\n<td colspan=\"3\" width=\"44%\">Water Switch HD100<\/td>\n<\/tr>\n<tr>\n<td class=\"thVert\" width=\"17%\">Connexion ajutage<\/td>\n<td width=\"38%\">2\u201d F o\u00a02 1\/2\u201d F<\/td>\n<td colspan=\"3\" width=\"44%\">1 1\/4\u201d F<\/td>\n<\/tr>\n<tr>\n<td class=\"thVert\" width=\"17%\">Connexion \u00e9lectrique<\/td>\n<td width=\"38%\">1\u201d F<\/td>\n<td colspan=\"3\" width=\"44%\">1\u201d F<\/td>\n<\/tr>\n<tr>\n<td class=\"thVert\" width=\"17%\">Connexion vidange<\/td>\n<td width=\"38%\">2 1\/2\u201d F<\/td>\n<td colspan=\"3\" width=\"44%\">2\u201d F<\/td>\n<\/tr>\n<tr>\n<td class=\"thVert\" width=\"17%\">Mat\u00e9riel<\/td>\n<td width=\"38%\">Acier inox<\/td>\n<td colspan=\"3\" width=\"44%\">Acier inox<\/td>\n<\/tr>\n<\/tbody>\n<\/table>\n<\/div>\n<p>&nbsp;<\/p>\n<h3>Downloads<\/h3>\n<div class=\"divide-line text-left\"><\/div>\n<div>\n<div style=\"float: left; padding: 5px; text-align: center; width: 150px;\"><a href=\"https:\/\/www.cascade.it\/new\/wp-content\/uploads\/2023\/10\/CASCADE-Box-360-FR.pdf\" target=\"_blank\" rel=\"noopener\"><img loading=\"lazy\" decoding=\"async\" class=\"alignnone wp-image-783\" src=\"https:\/\/www.cascade.it\/new\/wp-content\/uploads\/2019\/02\/pdf-icon-png-7.jpg\" alt=\"\" width=\"91\" height=\"91\" srcset=\"https:\/\/www.cascade.it\/new\/wp-content\/uploads\/2019\/02\/pdf-icon-png-7.jpg 254w, https:\/\/www.cascade.it\/new\/wp-content\/uploads\/2019\/02\/pdf-icon-png-7-150x150.jpg 150w, https:\/\/www.cascade.it\/new\/wp-content\/uploads\/2019\/02\/pdf-icon-png-7-100x100.jpg 100w\" sizes=\"auto, (max-width: 91px) 100vw, 91px\" \/><\/a><br \/>\nFiche technique<\/div>\n<div style=\"clear: both;\"><\/div>\n<\/div>\n","protected":false},"excerpt":{"rendered":"<p>&nbsp; Box 360 inox pour fontaines s\u00e8ches Box pour fontaines s\u00e8ches, en acier inoxydable AISI 304, \u00e0 encastrer dans le sol. Dimensions: hauteur 382 mm ou 460 mm (y compris les connexions) dans la version dynamique &#8211; diam\u00e8tre max 360 mm &#8211; plaque sup\u00e9rieure pi\u00e9tinable \u00e9paisseur 5 mm avec bride d\u2019ancrage. Complet avec les deux [&hellip;]<\/p>\n","protected":false},"featured_media":11779,"template":"","meta":[],"product_brand":[],"product_cat":[297],"product_tag":[],"class_list":{"0":"post-3004","1":"product","2":"type-product","3":"status-publish","4":"has-post-thumbnail","6":"product_cat-box-pour-fontaines-seches","8":"first","9":"instock","10":"shipping-taxable","11":"product-type-simple"},"yoast_head":"<!-- This site is optimized with the Yoast SEO plugin v26.7 - https:\/\/yoast.com\/wordpress\/plugins\/seo\/ -->\n<title>Box 360 inox pour fontaines s\u00e8ches - Cascade<\/title>\n<meta name=\"description\" content=\"Box pour fontaines s\u00e8ches, en acier inoxydable AISI 304, \u00e0 encastrer dans le sol. \u00c9quip\u00e9 de 1 jusqu\u2019\u00e0 4 projecteurs LED immerg\u00e9s pour fontaines.\" \/>\n<meta name=\"robots\" content=\"index, follow, max-snippet:-1, max-image-preview:large, max-video-preview:-1\" \/>\n<link rel=\"canonical\" href=\"https:\/\/www.cascade.it\/fr\/prodotto\/fontaine-seche-box-360\/\" \/>\n<meta property=\"og:locale\" content=\"fr_FR\" \/>\n<meta property=\"og:type\" content=\"article\" \/>\n<meta property=\"og:title\" content=\"Box 360 inox pour fontaines s\u00e8ches - Cascade\" \/>\n<meta property=\"og:description\" content=\"Box pour fontaines s\u00e8ches, en acier inoxydable AISI 304, \u00e0 encastrer dans le sol. \u00c9quip\u00e9 de 1 jusqu\u2019\u00e0 4 projecteurs LED immerg\u00e9s pour fontaines.\" \/>\n<meta property=\"og:url\" content=\"https:\/\/www.cascade.it\/fr\/prodotto\/fontaine-seche-box-360\/\" \/>\n<meta property=\"og:site_name\" content=\"Cascade\" \/>\n<meta property=\"article:modified_time\" content=\"2023-10-31T08:51:35+00:00\" \/>\n<meta property=\"og:image\" content=\"https:\/\/www.cascade.it\/new\/wp-content\/uploads\/2023\/10\/BOX-360-INOX-web.jpg\" \/>\n\t<meta property=\"og:image:width\" content=\"400\" \/>\n\t<meta property=\"og:image:height\" content=\"400\" \/>\n\t<meta property=\"og:image:type\" content=\"image\/jpeg\" \/>\n<meta name=\"twitter:card\" content=\"summary_large_image\" \/>\n<meta name=\"twitter:label1\" content=\"Dur\u00e9e de lecture estim\u00e9e\" \/>\n\t<meta name=\"twitter:data1\" content=\"3 minutes\" \/>\n<!-- \/ Yoast SEO plugin. -->","yoast_head_json":{"title":"Box 360 inox pour fontaines s\u00e8ches - Cascade","description":"Box pour fontaines s\u00e8ches, en acier inoxydable AISI 304, \u00e0 encastrer dans le sol. \u00c9quip\u00e9 de 1 jusqu\u2019\u00e0 4 projecteurs LED immerg\u00e9s pour fontaines.","robots":{"index":"index","follow":"follow","max-snippet":"max-snippet:-1","max-image-preview":"max-image-preview:large","max-video-preview":"max-video-preview:-1"},"canonical":"https:\/\/www.cascade.it\/fr\/prodotto\/fontaine-seche-box-360\/","og_locale":"fr_FR","og_type":"article","og_title":"Box 360 inox pour fontaines s\u00e8ches - Cascade","og_description":"Box pour fontaines s\u00e8ches, en acier inoxydable AISI 304, \u00e0 encastrer dans le sol. \u00c9quip\u00e9 de 1 jusqu\u2019\u00e0 4 projecteurs LED immerg\u00e9s pour fontaines.","og_url":"https:\/\/www.cascade.it\/fr\/prodotto\/fontaine-seche-box-360\/","og_site_name":"Cascade","article_modified_time":"2023-10-31T08:51:35+00:00","og_image":[{"width":400,"height":400,"url":"https:\/\/www.cascade.it\/new\/wp-content\/uploads\/2023\/10\/BOX-360-INOX-web.jpg","type":"image\/jpeg"}],"twitter_card":"summary_large_image","twitter_misc":{"Dur\u00e9e de lecture estim\u00e9e":"3 minutes"},"schema":{"@context":"https:\/\/schema.org","@graph":[{"@type":"WebPage","@id":"https:\/\/www.cascade.it\/fr\/prodotto\/fontaine-seche-box-360\/","url":"https:\/\/www.cascade.it\/fr\/prodotto\/fontaine-seche-box-360\/","name":"Box 360 inox pour fontaines s\u00e8ches - Cascade","isPartOf":{"@id":"https:\/\/www.cascade.it\/fr\/#website"},"primaryImageOfPage":{"@id":"https:\/\/www.cascade.it\/fr\/prodotto\/fontaine-seche-box-360\/#primaryimage"},"image":{"@id":"https:\/\/www.cascade.it\/fr\/prodotto\/fontaine-seche-box-360\/#primaryimage"},"thumbnailUrl":"https:\/\/www.cascade.it\/new\/wp-content\/uploads\/2023\/10\/BOX-360-INOX-web.jpg","datePublished":"2019-02-23T10:17:48+00:00","dateModified":"2023-10-31T08:51:35+00:00","description":"Box pour fontaines s\u00e8ches, en acier inoxydable AISI 304, \u00e0 encastrer dans le sol. \u00c9quip\u00e9 de 1 jusqu\u2019\u00e0 4 projecteurs LED immerg\u00e9s pour fontaines.","breadcrumb":{"@id":"https:\/\/www.cascade.it\/fr\/prodotto\/fontaine-seche-box-360\/#breadcrumb"},"inLanguage":"fr-FR","potentialAction":[{"@type":"ReadAction","target":["https:\/\/www.cascade.it\/fr\/prodotto\/fontaine-seche-box-360\/"]}]},{"@type":"ImageObject","inLanguage":"fr-FR","@id":"https:\/\/www.cascade.it\/fr\/prodotto\/fontaine-seche-box-360\/#primaryimage","url":"https:\/\/www.cascade.it\/new\/wp-content\/uploads\/2023\/10\/BOX-360-INOX-web.jpg","contentUrl":"https:\/\/www.cascade.it\/new\/wp-content\/uploads\/2023\/10\/BOX-360-INOX-web.jpg","width":400,"height":400},{"@type":"BreadcrumbList","@id":"https:\/\/www.cascade.it\/fr\/prodotto\/fontaine-seche-box-360\/#breadcrumb","itemListElement":[{"@type":"ListItem","position":1,"name":"Home","item":"https:\/\/www.cascade.it\/fr\/"},{"@type":"ListItem","position":2,"name":"Boutique","item":"https:\/\/www.cascade.it\/fr\/boutique\/"},{"@type":"ListItem","position":3,"name":"Box 360"}]},{"@type":"WebSite","@id":"https:\/\/www.cascade.it\/fr\/#website","url":"https:\/\/www.cascade.it\/fr\/","name":"Cascade","description":"More than a fountain","potentialAction":[{"@type":"SearchAction","target":{"@type":"EntryPoint","urlTemplate":"https:\/\/www.cascade.it\/fr\/?s={search_term_string}"},"query-input":{"@type":"PropertyValueSpecification","valueRequired":true,"valueName":"search_term_string"}}],"inLanguage":"fr-FR"}]}},"_links":{"self":[{"href":"https:\/\/www.cascade.it\/fr\/wp-json\/wp\/v2\/product\/3004","targetHints":{"allow":["GET"]}}],"collection":[{"href":"https:\/\/www.cascade.it\/fr\/wp-json\/wp\/v2\/product"}],"about":[{"href":"https:\/\/www.cascade.it\/fr\/wp-json\/wp\/v2\/types\/product"}],"wp:featuredmedia":[{"embeddable":true,"href":"https:\/\/www.cascade.it\/fr\/wp-json\/wp\/v2\/media\/11779"}],"wp:attachment":[{"href":"https:\/\/www.cascade.it\/fr\/wp-json\/wp\/v2\/media?parent=3004"}],"wp:term":[{"taxonomy":"product_brand","embeddable":true,"href":"https:\/\/www.cascade.it\/fr\/wp-json\/wp\/v2\/product_brand?post=3004"},{"taxonomy":"product_cat","embeddable":true,"href":"https:\/\/www.cascade.it\/fr\/wp-json\/wp\/v2\/product_cat?post=3004"},{"taxonomy":"product_tag","embeddable":true,"href":"https:\/\/www.cascade.it\/fr\/wp-json\/wp\/v2\/product_tag?post=3004"}],"curies":[{"name":"wp","href":"https:\/\/api.w.org\/{rel}","templated":true}]}}