{"id":2984,"date":"2019-02-23T11:08:06","date_gmt":"2019-02-23T10:08:06","guid":{"rendered":"https:\/\/www.cascade.it\/new\/prodotto\/piastre-inox-per-ugello-e-fari\/"},"modified":"2020-07-22T12:56:33","modified_gmt":"2020-07-22T10:56:33","slug":"plaques-inox-pour-ajutage-et-projecteurs","status":"publish","type":"product","link":"https:\/\/www.cascade.it\/fr\/prodotto\/plaques-inox-pour-ajutage-et-projecteurs\/","title":{"rendered":"Plaques inox pour ajutage et projecteurs"},"content":{"rendered":"<p>[vc_row][vc_column][vc_empty_space height=\u00a0\u00bb50&Prime; height_mobile=\u00a0\u00bb100&Prime;][vc_column_text spacing_heading=\u00a0\u00bb\u00a0\u00bb spacing_heading_tab=\u00a0\u00bb\u00a0\u00bb spacing_heading_mobile=\u00a0\u00bb\u00a0\u00bb]<\/p>\n<div class=\"carousel-slider-outer carousel-slider-outer-image-carousel carousel-slider-outer-1931\" style=\"--carousel-slider-nav-color:#f1f1f1;--carousel-slider-active-nav-color:#00d1b2;--carousel-slider-arrow-size:48px;--carousel-slider-bullet-size:10px\">\n<div id=\"&#039;id-1931\" class=\"carousel-slider carousel-slider-1931 arrows-visibility-hover dots-visibility-never arrows-outside dots-center dots-square owl-carousel\" data-slide-type=\"image-carousel\" data-owl-settings='{\"nav\":true,\"dots\":false,\"slideBy\":1,\"stagePadding\":0,\"margin\":10,\"loop\":true,\"lazyLoad\":true,\"autoplay\":true,\"autoplayTimeout\":5000,\"autoplaySpeed\":500,\"autoplayHoverPause\":true,\"autoWidth\":false,\"responsive\":{\"300\":{\"items\":1},\"576\":{\"items\":2},\"768\":{\"items\":2},\"1024\":{\"items\":3},\"1280\":{\"items\":3},\"1536\":{\"items\":3}}}'>\n<div class=\"carousel-slider__item\">\n\t<img class=\"owl-lazy\" data-src=\"https:\/\/www.cascade.it\/new\/wp-content\/uploads\/2019\/11\/0-Piastre-inox-per-ugello-e-fari.jpg\" alt=\"\"><\/a><\/div>\n\n<div class=\"carousel-slider__item\">\n\t<img class=\"owl-lazy\" data-src=\"https:\/\/www.cascade.it\/new\/wp-content\/uploads\/2019\/11\/1-Piastre-inox-per-ugello-e-fari.jpg\" alt=\"\"><\/a><\/div>\n\n<div class=\"carousel-slider__item\">\n\t<img class=\"owl-lazy\" data-src=\"https:\/\/www.cascade.it\/new\/wp-content\/uploads\/2019\/11\/2-Piastre-inox-per-ugello-e-fari.jpg\" alt=\"\"><\/a><\/div>\n\n<div class=\"carousel-slider__item\">\n\t<img class=\"owl-lazy\" data-src=\"https:\/\/www.cascade.it\/new\/wp-content\/uploads\/2019\/11\/3-Piastre-inox-per-ugello-e-fari.jpg\" alt=\"\"><\/a><\/div>\n\n<div class=\"carousel-slider__item\">\n\t<img class=\"owl-lazy\" data-src=\"https:\/\/www.cascade.it\/new\/wp-content\/uploads\/2019\/11\/4-Piastre-inox-per-ugello-e-fari.jpg\" alt=\"\"><\/a><\/div>\n\n<div class=\"carousel-slider__item\">\n\t<img class=\"owl-lazy\" data-src=\"https:\/\/www.cascade.it\/new\/wp-content\/uploads\/2019\/11\/5-Piastre-inox-per-ugello-e-fari.jpg\" alt=\"\"><\/a><\/div>\n\n<\/div><!-- .carousel-slider-1931 -->\n<\/div><!-- .carousel-slider-outer-1931 -->\n\n<h1><span style=\"color: #1e73be;\">Plaques inox pour ajutage et projecteurs<\/span><\/h1>\n<p>Les <strong>Plaques inox pour ajutage et projecteurs<\/strong> sont utiles pour collecter et vidanger l&rsquo;eau courante lors de l&rsquo;utilisation du compartiment de collecte, au centre de la fontaine au sol, comme <strong>point suppl\u00e9mentaire d&rsquo;eau et de jeu de lumi\u00e8re<\/strong>.<\/p>\n<p>Elles sont disponibles en diff\u00e9rentes versions, selon la taille de la fontaine et la quantit\u00e9 d&rsquo;eau \u00e0 \u00e9liminer.<\/p>\n<p>Elles ont une <strong>grande surface de drainage<\/strong> pour permettre l&rsquo;\u00e9limination imm\u00e9diate de l&rsquo;eau de recirculation, en \u00e9vitant les accumulations et les inondations dans la fontaine.<\/p>\n<p>En <strong>acier inoxydable AISI 304<\/strong>, \u00e9paisseur 6 mm, Elles peuvent \u00eatre <strong>pi\u00e9tinables<\/strong> et compl\u00e9t\u00e9es d&rsquo;un <strong>cadre<\/strong> de fixation au sol. Sur demande, elles peuvent \u00eatre carrossables.<\/p>\n<p>Les plaques sont con\u00e7ues pour loger <strong>l\u2019ajutage central<\/strong>.<\/p>\n<p>Avec une int\u00e9gration de prix, les plaques, selon leur taille, peuvent \u00e9galement \u00eatre pr\u00e9par\u00e9es pour l&rsquo;installation de 1 \u00e0 4 <a href=\"https:\/\/www.cascade.it\/fr\/produits\/eclairage-immerge-led\/projecteurs-led-mizar\/\"><span style=\"text-decoration: underline;\"><strong>projecteurs immerg\u00e9s pour fontaines<\/strong><\/span><\/a>.<\/p>\n<p>&nbsp;<\/p>\n<h3>Donn\u00e9es techniques<\/h3>\n<div style=\"overflow-x: auto;\">\n<table width=\"96%\">\n<tbody>\n<tr>\n<td width=\"6%\"><strong>\u00a0<\/strong><\/td>\n<td class=\"thHorz\" width=\"11%\">Plaque 300 pour ajutage<\/td>\n<td class=\"thHorz\" width=\"11%\">Plaque 400 pour ajutage<\/td>\n<td class=\"thHorz\" width=\"11%\">Plaque 500 pour ajutage<\/td>\n<td class=\"thHorz\" width=\"11%\">Plaque 600 pour ajutage<\/td>\n<td class=\"thHorz\" width=\"12%\">Pr\u00e9disposition pour 1 projecteur<\/td>\n<td class=\"thHorz\" width=\"10%\">Pr\u00e9disposition pour 2 projecteur<\/td>\n<td class=\"thHorz\" width=\"11%\">Pr\u00e9disposition pour 3 projecteur<\/td>\n<td class=\"thHorz\" width=\"11%\">Pr\u00e9disposition pour 4 projecteur<\/td>\n<\/tr>\n<tr>\n<td class=\"thVert\" width=\"6%\">Code<\/td>\n<td width=\"11%\">FPPIA30<\/td>\n<td width=\"11%\">FPPIA40<\/td>\n<td width=\"11%\">FPPIA50<\/td>\n<td width=\"11%\">FPPIA60<\/td>\n<td width=\"12%\">FPPIAF1<\/td>\n<td width=\"10%\">FPPIAF2<\/td>\n<td width=\"11%\">FPPIAF3<\/td>\n<td width=\"11%\">FPPIAF4<\/td>\n<\/tr>\n<tr>\n<td class=\"thVert\" width=\"6%\">\u00c9paisseur<\/td>\n<td width=\"11%\">6 mm<\/td>\n<td width=\"11%\">6 mm<\/td>\n<td width=\"11%\">6 mm<\/td>\n<td width=\"11%\">6 mm<\/td>\n<td width=\"12%\">&#8211;<\/td>\n<td width=\"10%\">&#8211;<\/td>\n<td width=\"11%\">&#8211;<\/td>\n<td width=\"11%\">&#8211;<\/td>\n<\/tr>\n<tr>\n<td class=\"thVert\" width=\"6%\">Diam\u00e8tre<\/td>\n<td width=\"11%\">340 mm<\/td>\n<td width=\"11%\">440 mm<\/td>\n<td width=\"11%\">540 mm<\/td>\n<td width=\"11%\">640 mm<\/td>\n<td width=\"12%\">&#8211;<\/td>\n<td width=\"10%\">&#8211;<\/td>\n<td width=\"11%\">&#8211;<\/td>\n<td width=\"11%\">&#8211;<\/td>\n<\/tr>\n<tr>\n<td class=\"thVert\" width=\"6%\">Mat\u00e9riel<\/td>\n<td width=\"11%\">Acier inox<\/td>\n<td width=\"11%\">Acier inox<\/td>\n<td width=\"11%\">Acier inox<\/td>\n<td width=\"11%\">Acier inox<\/td>\n<td width=\"12%\">&#8211;<\/td>\n<td width=\"10%\">&#8211;<\/td>\n<td width=\"11%\">&#8211;<\/td>\n<td width=\"11%\">&#8211;<\/td>\n<\/tr>\n<\/tbody>\n<\/table>\n<\/div>\n<p>&nbsp;<\/p>\n<div>\n<div style=\"clear: both;\"><\/div>\n<\/div>\n","protected":false},"excerpt":{"rendered":"<p>[vc_row][vc_column][vc_empty_space height=\u00a0\u00bb50&Prime; height_mobile=\u00a0\u00bb100&Prime;][vc_column_text spacing_heading=\u00a0\u00bb\u00a0\u00bb spacing_heading_tab=\u00a0\u00bb\u00a0\u00bb spacing_heading_mobile=\u00a0\u00bb\u00a0\u00bb] Plaques inox pour ajutage et projecteurs Les Plaques inox pour ajutage et projecteurs sont utiles pour collecter et vidanger l&rsquo;eau courante lors de l&rsquo;utilisation du compartiment de collecte, au centre de la fontaine au sol, comme point suppl\u00e9mentaire d&rsquo;eau et de jeu de lumi\u00e8re. Elles sont disponibles en diff\u00e9rentes [&hellip;]<\/p>\n","protected":false},"featured_media":2985,"template":"","meta":[],"product_brand":[],"product_cat":[296],"product_tag":[],"class_list":{"0":"post-2984","1":"product","2":"type-product","3":"status-publish","4":"has-post-thumbnail","6":"product_cat-accessoires-fontaines-seches","8":"first","9":"instock","10":"shipping-taxable","11":"product-type-simple"},"yoast_head":"<!-- This site is optimized with the Yoast SEO plugin v26.7 - https:\/\/yoast.com\/wordpress\/plugins\/seo\/ -->\n<title>Plaques inox pour ajutage et projecteurs pour fontaines - Cascade<\/title>\n<meta name=\"description\" content=\"Utiles pour vidanger l&#039;eau courante lors de l&#039;utilisation du compartiment de collecte, au centre de la fontaine s\u00e8che, comme point suppl\u00e9mentaire d&#039;eau et de jeu de lumi\u00e8re.\" \/>\n<meta name=\"robots\" content=\"index, follow, max-snippet:-1, max-image-preview:large, max-video-preview:-1\" \/>\n<link rel=\"canonical\" href=\"https:\/\/www.cascade.it\/fr\/prodotto\/plaques-inox-pour-ajutage-et-projecteurs\/\" \/>\n<meta property=\"og:locale\" content=\"fr_FR\" \/>\n<meta property=\"og:type\" content=\"article\" \/>\n<meta property=\"og:title\" content=\"Plaques inox pour ajutage et projecteurs pour fontaines - Cascade\" \/>\n<meta property=\"og:description\" content=\"Utiles pour vidanger l&#039;eau courante lors de l&#039;utilisation du compartiment de collecte, au centre de la fontaine s\u00e8che, comme point suppl\u00e9mentaire d&#039;eau et de jeu de lumi\u00e8re.\" \/>\n<meta property=\"og:url\" content=\"https:\/\/www.cascade.it\/fr\/prodotto\/plaques-inox-pour-ajutage-et-projecteurs\/\" \/>\n<meta property=\"og:site_name\" content=\"Cascade\" \/>\n<meta property=\"article:modified_time\" content=\"2020-07-22T10:56:33+00:00\" \/>\n<meta property=\"og:image\" content=\"https:\/\/www.cascade.it\/new\/wp-content\/uploads\/Prodotti\/Fontane_a_pavimento\/Accessori_per_fontane_a_pavimento\/PIASTRE-INOX-PER-UGELLO-E-FARI.jpg\" \/>\n\t<meta property=\"og:image:width\" content=\"1300\" \/>\n\t<meta property=\"og:image:height\" content=\"1300\" \/>\n\t<meta property=\"og:image:type\" content=\"image\/jpeg\" \/>\n<meta name=\"twitter:card\" content=\"summary_large_image\" \/>\n<meta name=\"twitter:label1\" content=\"Dur\u00e9e de lecture estim\u00e9e\" \/>\n\t<meta name=\"twitter:data1\" content=\"1 minute\" \/>\n<!-- \/ Yoast SEO plugin. -->","yoast_head_json":{"title":"Plaques inox pour ajutage et projecteurs pour fontaines - Cascade","description":"Utiles pour vidanger l'eau courante lors de l'utilisation du compartiment de collecte, au centre de la fontaine s\u00e8che, comme point suppl\u00e9mentaire d'eau et de jeu de lumi\u00e8re.","robots":{"index":"index","follow":"follow","max-snippet":"max-snippet:-1","max-image-preview":"max-image-preview:large","max-video-preview":"max-video-preview:-1"},"canonical":"https:\/\/www.cascade.it\/fr\/prodotto\/plaques-inox-pour-ajutage-et-projecteurs\/","og_locale":"fr_FR","og_type":"article","og_title":"Plaques inox pour ajutage et projecteurs pour fontaines - Cascade","og_description":"Utiles pour vidanger l'eau courante lors de l'utilisation du compartiment de collecte, au centre de la fontaine s\u00e8che, comme point suppl\u00e9mentaire d'eau et de jeu de lumi\u00e8re.","og_url":"https:\/\/www.cascade.it\/fr\/prodotto\/plaques-inox-pour-ajutage-et-projecteurs\/","og_site_name":"Cascade","article_modified_time":"2020-07-22T10:56:33+00:00","og_image":[{"width":1300,"height":1300,"url":"https:\/\/www.cascade.it\/new\/wp-content\/uploads\/Prodotti\/Fontane_a_pavimento\/Accessori_per_fontane_a_pavimento\/PIASTRE-INOX-PER-UGELLO-E-FARI.jpg","type":"image\/jpeg"}],"twitter_card":"summary_large_image","twitter_misc":{"Dur\u00e9e de lecture estim\u00e9e":"1 minute"},"schema":{"@context":"https:\/\/schema.org","@graph":[{"@type":"WebPage","@id":"https:\/\/www.cascade.it\/fr\/prodotto\/plaques-inox-pour-ajutage-et-projecteurs\/","url":"https:\/\/www.cascade.it\/fr\/prodotto\/plaques-inox-pour-ajutage-et-projecteurs\/","name":"Plaques inox pour ajutage et projecteurs pour fontaines - Cascade","isPartOf":{"@id":"https:\/\/www.cascade.it\/fr\/#website"},"primaryImageOfPage":{"@id":"https:\/\/www.cascade.it\/fr\/prodotto\/plaques-inox-pour-ajutage-et-projecteurs\/#primaryimage"},"image":{"@id":"https:\/\/www.cascade.it\/fr\/prodotto\/plaques-inox-pour-ajutage-et-projecteurs\/#primaryimage"},"thumbnailUrl":"https:\/\/www.cascade.it\/new\/wp-content\/uploads\/Prodotti\/Fontane_a_pavimento\/Accessori_per_fontane_a_pavimento\/PIASTRE-INOX-PER-UGELLO-E-FARI.jpg","datePublished":"2019-02-23T10:08:06+00:00","dateModified":"2020-07-22T10:56:33+00:00","description":"Utiles pour vidanger l'eau courante lors de l'utilisation du compartiment de collecte, au centre de la fontaine s\u00e8che, comme point suppl\u00e9mentaire d'eau et de jeu de lumi\u00e8re.","breadcrumb":{"@id":"https:\/\/www.cascade.it\/fr\/prodotto\/plaques-inox-pour-ajutage-et-projecteurs\/#breadcrumb"},"inLanguage":"fr-FR","potentialAction":[{"@type":"ReadAction","target":["https:\/\/www.cascade.it\/fr\/prodotto\/plaques-inox-pour-ajutage-et-projecteurs\/"]}]},{"@type":"ImageObject","inLanguage":"fr-FR","@id":"https:\/\/www.cascade.it\/fr\/prodotto\/plaques-inox-pour-ajutage-et-projecteurs\/#primaryimage","url":"https:\/\/www.cascade.it\/new\/wp-content\/uploads\/Prodotti\/Fontane_a_pavimento\/Accessori_per_fontane_a_pavimento\/PIASTRE-INOX-PER-UGELLO-E-FARI.jpg","contentUrl":"https:\/\/www.cascade.it\/new\/wp-content\/uploads\/Prodotti\/Fontane_a_pavimento\/Accessori_per_fontane_a_pavimento\/PIASTRE-INOX-PER-UGELLO-E-FARI.jpg","width":1300,"height":1300},{"@type":"BreadcrumbList","@id":"https:\/\/www.cascade.it\/fr\/prodotto\/plaques-inox-pour-ajutage-et-projecteurs\/#breadcrumb","itemListElement":[{"@type":"ListItem","position":1,"name":"Home","item":"https:\/\/www.cascade.it\/fr\/"},{"@type":"ListItem","position":2,"name":"Boutique","item":"https:\/\/www.cascade.it\/fr\/boutique\/"},{"@type":"ListItem","position":3,"name":"Plaques inox pour ajutage et projecteurs"}]},{"@type":"WebSite","@id":"https:\/\/www.cascade.it\/fr\/#website","url":"https:\/\/www.cascade.it\/fr\/","name":"Cascade","description":"More than a fountain","potentialAction":[{"@type":"SearchAction","target":{"@type":"EntryPoint","urlTemplate":"https:\/\/www.cascade.it\/fr\/?s={search_term_string}"},"query-input":{"@type":"PropertyValueSpecification","valueRequired":true,"valueName":"search_term_string"}}],"inLanguage":"fr-FR"}]}},"_links":{"self":[{"href":"https:\/\/www.cascade.it\/fr\/wp-json\/wp\/v2\/product\/2984","targetHints":{"allow":["GET"]}}],"collection":[{"href":"https:\/\/www.cascade.it\/fr\/wp-json\/wp\/v2\/product"}],"about":[{"href":"https:\/\/www.cascade.it\/fr\/wp-json\/wp\/v2\/types\/product"}],"wp:featuredmedia":[{"embeddable":true,"href":"https:\/\/www.cascade.it\/fr\/wp-json\/wp\/v2\/media\/2985"}],"wp:attachment":[{"href":"https:\/\/www.cascade.it\/fr\/wp-json\/wp\/v2\/media?parent=2984"}],"wp:term":[{"taxonomy":"product_brand","embeddable":true,"href":"https:\/\/www.cascade.it\/fr\/wp-json\/wp\/v2\/product_brand?post=2984"},{"taxonomy":"product_cat","embeddable":true,"href":"https:\/\/www.cascade.it\/fr\/wp-json\/wp\/v2\/product_cat?post=2984"},{"taxonomy":"product_tag","embeddable":true,"href":"https:\/\/www.cascade.it\/fr\/wp-json\/wp\/v2\/product_tag?post=2984"}],"curies":[{"name":"wp","href":"https:\/\/api.w.org\/{rel}","templated":true}]}}