{"id":2979,"date":"2019-02-23T11:07:10","date_gmt":"2019-02-23T10:07:10","guid":{"rendered":"https:\/\/www.cascade.it\/new\/prodotto\/piastre-inox-drenanti\/"},"modified":"2020-07-22T12:55:29","modified_gmt":"2020-07-22T10:55:29","slug":"plaques-inox-drainage","status":"publish","type":"product","link":"https:\/\/www.cascade.it\/fr\/prodotto\/plaques-inox-drainage\/","title":{"rendered":"Plaques inox de drainage"},"content":{"rendered":"<p>[vc_row][vc_column][vc_empty_space height=\u00a0\u00bb50&Prime; height_mobile=\u00a0\u00bb100&Prime;][vc_column_text spacing_heading=\u00a0\u00bb\u00a0\u00bb spacing_heading_tab=\u00a0\u00bb\u00a0\u00bb spacing_heading_mobile=\u00a0\u00bb\u00a0\u00bb]<\/p>\n<div class=\"carousel-slider-outer carousel-slider-outer-image-carousel carousel-slider-outer-1926\" style=\"--carousel-slider-nav-color:#f1f1f1;--carousel-slider-active-nav-color:#00d1b2;--carousel-slider-arrow-size:48px;--carousel-slider-bullet-size:10px\">\n<div id=\"&#039;id-1926\" class=\"carousel-slider carousel-slider-1926 arrows-visibility-hover dots-visibility-never arrows-outside dots-center dots-square owl-carousel\" data-slide-type=\"image-carousel\" data-owl-settings='{\"nav\":true,\"dots\":false,\"slideBy\":1,\"stagePadding\":0,\"margin\":10,\"loop\":true,\"lazyLoad\":true,\"autoplay\":true,\"autoplayTimeout\":5000,\"autoplaySpeed\":500,\"autoplayHoverPause\":true,\"autoWidth\":false,\"responsive\":{\"300\":{\"items\":1},\"576\":{\"items\":2},\"768\":{\"items\":2},\"1024\":{\"items\":3},\"1280\":{\"items\":3},\"1536\":{\"items\":3}}}'>\n<div class=\"carousel-slider__item\">\n\t<img class=\"owl-lazy\" data-src=\"https:\/\/www.cascade.it\/new\/wp-content\/uploads\/2019\/11\/0-Piastre-inox-drenanti-1.jpg\" alt=\"\"><\/a><\/div>\n\n<div class=\"carousel-slider__item\">\n\t<img class=\"owl-lazy\" data-src=\"https:\/\/www.cascade.it\/new\/wp-content\/uploads\/2019\/11\/1-Piastre-inox-drenanti-1.jpg\" alt=\"\"><\/a><\/div>\n\n<div class=\"carousel-slider__item\">\n\t<img class=\"owl-lazy\" data-src=\"https:\/\/www.cascade.it\/new\/wp-content\/uploads\/2019\/11\/2-Piastre-inox-drenanti-1.jpg\" alt=\"\"><\/a><\/div>\n\n<\/div><!-- .carousel-slider-1926 -->\n<\/div><!-- .carousel-slider-outer-1926 -->\n\n<h1><span style=\"color: #1e73be;\">Plaques inox de drainage pour fontaines<\/span><\/h1>\n<p>Les <strong>Plaques de drainage<\/strong> en acier inoxydable sont utilis\u00e9es pour la collecte de l&rsquo;eau courante dans les fontaines s\u00e8ches. Elles sont disponibles en diff\u00e9rentes versions, selon la taille de la fontaine et la quantit\u00e9 d&rsquo;eau \u00e0 \u00e9liminer.<\/p>\n<p>Elles ont une <strong>grande surface de drainage<\/strong> pour permettre l&rsquo;\u00e9limination imm\u00e9diate de l&rsquo;eau de recirculation, en \u00e9vitant les accumulations et les inondations dans la fontaine.<\/p>\n<p>Fabriqu\u00e9es en <strong>acier inoxydable AISI 304<\/strong>, 6 mm d&rsquo;\u00e9paisseur, elles peuvent \u00eatre <strong>pi\u00e9tinables<\/strong> et compl\u00e9t\u00e9es d&rsquo;un <strong>cadre<\/strong> de fixation au sol.<\/p>\n<p>Sur demande, elles peuvent \u00eatre <strong>carrossables<\/strong>.<\/p>\n<p>&nbsp;<\/p>\n<h3>Donn\u00e9es techniques<\/h3>\n<div style=\"overflow-x: auto;\">\n<table width=\"98%\">\n<tbody>\n<tr>\n<td width=\"11%\"><strong>\u00a0<\/strong><\/td>\n<td class=\"thHorz\" width=\"21%\">Plaque de drainage 300<\/td>\n<td class=\"thHorz\" width=\"23%\">Plaque de drainage 400<\/td>\n<td class=\"thHorz\" width=\"22%\">Plaque de drainage 500<\/td>\n<td class=\"thHorz\" width=\"21%\">Plaque de drainage 600<\/td>\n<\/tr>\n<tr>\n<td class=\"thVert\" width=\"11%\">Code<\/td>\n<td width=\"21%\">FPPID30<\/td>\n<td width=\"23%\">FPPID40<\/td>\n<td width=\"22%\">FPPID50<\/td>\n<td width=\"21%\">FPPID60<\/td>\n<\/tr>\n<tr>\n<td class=\"thVert\" width=\"11%\">\u00c9paisseur<\/td>\n<td width=\"21%\">6 mm<\/td>\n<td width=\"23%\">6 mm<\/td>\n<td width=\"22%\">6 mm<\/td>\n<td width=\"21%\">6 mm<\/td>\n<\/tr>\n<tr>\n<td class=\"thVert\" width=\"11%\">Diam\u00e8tre<\/td>\n<td width=\"21%\">340 mm<\/td>\n<td width=\"23%\">440 mm<\/td>\n<td width=\"22%\">540 mm<\/td>\n<td width=\"21%\">640 mm<\/td>\n<\/tr>\n<tr>\n<td class=\"thVert\" width=\"11%\">Mat\u00e9riel<\/td>\n<td width=\"21%\">Acier inox<\/td>\n<td width=\"23%\">Acier inox<\/td>\n<td width=\"22%\">Acier inox<\/td>\n<td width=\"21%\">Acier inox<\/td>\n<\/tr>\n<\/tbody>\n<\/table>\n<\/div>\n<p>&nbsp;<\/p>\n<div>\n<div style=\"clear: both;\"><\/div>\n<\/div>\n<div id=\"gtx-trans\" style=\"position: absolute; left: 397px; top: 798.7px;\">\n<div class=\"gtx-trans-icon\"><\/div>\n<\/div>\n","protected":false},"excerpt":{"rendered":"<p>[vc_row][vc_column][vc_empty_space height=\u00a0\u00bb50&Prime; height_mobile=\u00a0\u00bb100&Prime;][vc_column_text spacing_heading=\u00a0\u00bb\u00a0\u00bb spacing_heading_tab=\u00a0\u00bb\u00a0\u00bb spacing_heading_mobile=\u00a0\u00bb\u00a0\u00bb] Plaques inox de drainage pour fontaines Les Plaques de drainage en acier inoxydable sont utilis\u00e9es pour la collecte de l&rsquo;eau courante dans les fontaines s\u00e8ches. Elles sont disponibles en diff\u00e9rentes versions, selon la taille de la fontaine et la quantit\u00e9 d&rsquo;eau \u00e0 \u00e9liminer. Elles ont une grande surface de [&hellip;]<\/p>\n","protected":false},"featured_media":2980,"template":"","meta":[],"product_brand":[],"product_cat":[296],"product_tag":[],"class_list":{"0":"post-2979","1":"product","2":"type-product","3":"status-publish","4":"has-post-thumbnail","6":"product_cat-accessoires-fontaines-seches","8":"first","9":"instock","10":"shipping-taxable","11":"product-type-simple"},"yoast_head":"<!-- This site is optimized with the Yoast SEO plugin v26.7 - https:\/\/yoast.com\/wordpress\/plugins\/seo\/ -->\n<title>Plaques inox de drainage pour fontaines - Cascade<\/title>\n<meta name=\"description\" content=\"Utilis\u00e9es pour la collecte de l&#039;eau courante dans les fontaines s\u00e8ches. Elles sont disponibles en diff\u00e9rentes versions, selon la taille de la fontaine.\" \/>\n<meta name=\"robots\" content=\"index, follow, max-snippet:-1, max-image-preview:large, max-video-preview:-1\" \/>\n<link rel=\"canonical\" href=\"https:\/\/www.cascade.it\/fr\/prodotto\/plaques-inox-drainage\/\" \/>\n<meta property=\"og:locale\" content=\"fr_FR\" \/>\n<meta property=\"og:type\" content=\"article\" \/>\n<meta property=\"og:title\" content=\"Plaques inox de drainage pour fontaines - Cascade\" \/>\n<meta property=\"og:description\" content=\"Utilis\u00e9es pour la collecte de l&#039;eau courante dans les fontaines s\u00e8ches. Elles sont disponibles en diff\u00e9rentes versions, selon la taille de la fontaine.\" \/>\n<meta property=\"og:url\" content=\"https:\/\/www.cascade.it\/fr\/prodotto\/plaques-inox-drainage\/\" \/>\n<meta property=\"og:site_name\" content=\"Cascade\" \/>\n<meta property=\"article:modified_time\" content=\"2020-07-22T10:55:29+00:00\" \/>\n<meta property=\"og:image\" content=\"https:\/\/www.cascade.it\/new\/wp-content\/uploads\/Prodotti\/Fontane_a_pavimento\/Accessori_per_fontane_a_pavimento\/PIASTRE-INOX-DRENANTI.jpg\" \/>\n\t<meta property=\"og:image:width\" content=\"1300\" \/>\n\t<meta property=\"og:image:height\" content=\"1300\" \/>\n\t<meta property=\"og:image:type\" content=\"image\/jpeg\" \/>\n<meta name=\"twitter:card\" content=\"summary_large_image\" \/>\n<meta name=\"twitter:label1\" content=\"Dur\u00e9e de lecture estim\u00e9e\" \/>\n\t<meta name=\"twitter:data1\" content=\"1 minute\" \/>\n<!-- \/ Yoast SEO plugin. -->","yoast_head_json":{"title":"Plaques inox de drainage pour fontaines - Cascade","description":"Utilis\u00e9es pour la collecte de l'eau courante dans les fontaines s\u00e8ches. Elles sont disponibles en diff\u00e9rentes versions, selon la taille de la fontaine.","robots":{"index":"index","follow":"follow","max-snippet":"max-snippet:-1","max-image-preview":"max-image-preview:large","max-video-preview":"max-video-preview:-1"},"canonical":"https:\/\/www.cascade.it\/fr\/prodotto\/plaques-inox-drainage\/","og_locale":"fr_FR","og_type":"article","og_title":"Plaques inox de drainage pour fontaines - Cascade","og_description":"Utilis\u00e9es pour la collecte de l'eau courante dans les fontaines s\u00e8ches. Elles sont disponibles en diff\u00e9rentes versions, selon la taille de la fontaine.","og_url":"https:\/\/www.cascade.it\/fr\/prodotto\/plaques-inox-drainage\/","og_site_name":"Cascade","article_modified_time":"2020-07-22T10:55:29+00:00","og_image":[{"width":1300,"height":1300,"url":"https:\/\/www.cascade.it\/new\/wp-content\/uploads\/Prodotti\/Fontane_a_pavimento\/Accessori_per_fontane_a_pavimento\/PIASTRE-INOX-DRENANTI.jpg","type":"image\/jpeg"}],"twitter_card":"summary_large_image","twitter_misc":{"Dur\u00e9e de lecture estim\u00e9e":"1 minute"},"schema":{"@context":"https:\/\/schema.org","@graph":[{"@type":"WebPage","@id":"https:\/\/www.cascade.it\/fr\/prodotto\/plaques-inox-drainage\/","url":"https:\/\/www.cascade.it\/fr\/prodotto\/plaques-inox-drainage\/","name":"Plaques inox de drainage pour fontaines - Cascade","isPartOf":{"@id":"https:\/\/www.cascade.it\/fr\/#website"},"primaryImageOfPage":{"@id":"https:\/\/www.cascade.it\/fr\/prodotto\/plaques-inox-drainage\/#primaryimage"},"image":{"@id":"https:\/\/www.cascade.it\/fr\/prodotto\/plaques-inox-drainage\/#primaryimage"},"thumbnailUrl":"https:\/\/www.cascade.it\/new\/wp-content\/uploads\/Prodotti\/Fontane_a_pavimento\/Accessori_per_fontane_a_pavimento\/PIASTRE-INOX-DRENANTI.jpg","datePublished":"2019-02-23T10:07:10+00:00","dateModified":"2020-07-22T10:55:29+00:00","description":"Utilis\u00e9es pour la collecte de l'eau courante dans les fontaines s\u00e8ches. Elles sont disponibles en diff\u00e9rentes versions, selon la taille de la fontaine.","breadcrumb":{"@id":"https:\/\/www.cascade.it\/fr\/prodotto\/plaques-inox-drainage\/#breadcrumb"},"inLanguage":"fr-FR","potentialAction":[{"@type":"ReadAction","target":["https:\/\/www.cascade.it\/fr\/prodotto\/plaques-inox-drainage\/"]}]},{"@type":"ImageObject","inLanguage":"fr-FR","@id":"https:\/\/www.cascade.it\/fr\/prodotto\/plaques-inox-drainage\/#primaryimage","url":"https:\/\/www.cascade.it\/new\/wp-content\/uploads\/Prodotti\/Fontane_a_pavimento\/Accessori_per_fontane_a_pavimento\/PIASTRE-INOX-DRENANTI.jpg","contentUrl":"https:\/\/www.cascade.it\/new\/wp-content\/uploads\/Prodotti\/Fontane_a_pavimento\/Accessori_per_fontane_a_pavimento\/PIASTRE-INOX-DRENANTI.jpg","width":1300,"height":1300},{"@type":"BreadcrumbList","@id":"https:\/\/www.cascade.it\/fr\/prodotto\/plaques-inox-drainage\/#breadcrumb","itemListElement":[{"@type":"ListItem","position":1,"name":"Home","item":"https:\/\/www.cascade.it\/fr\/"},{"@type":"ListItem","position":2,"name":"Boutique","item":"https:\/\/www.cascade.it\/fr\/boutique\/"},{"@type":"ListItem","position":3,"name":"Plaques inox de drainage"}]},{"@type":"WebSite","@id":"https:\/\/www.cascade.it\/fr\/#website","url":"https:\/\/www.cascade.it\/fr\/","name":"Cascade","description":"More than a fountain","potentialAction":[{"@type":"SearchAction","target":{"@type":"EntryPoint","urlTemplate":"https:\/\/www.cascade.it\/fr\/?s={search_term_string}"},"query-input":{"@type":"PropertyValueSpecification","valueRequired":true,"valueName":"search_term_string"}}],"inLanguage":"fr-FR"}]}},"_links":{"self":[{"href":"https:\/\/www.cascade.it\/fr\/wp-json\/wp\/v2\/product\/2979","targetHints":{"allow":["GET"]}}],"collection":[{"href":"https:\/\/www.cascade.it\/fr\/wp-json\/wp\/v2\/product"}],"about":[{"href":"https:\/\/www.cascade.it\/fr\/wp-json\/wp\/v2\/types\/product"}],"wp:featuredmedia":[{"embeddable":true,"href":"https:\/\/www.cascade.it\/fr\/wp-json\/wp\/v2\/media\/2980"}],"wp:attachment":[{"href":"https:\/\/www.cascade.it\/fr\/wp-json\/wp\/v2\/media?parent=2979"}],"wp:term":[{"taxonomy":"product_brand","embeddable":true,"href":"https:\/\/www.cascade.it\/fr\/wp-json\/wp\/v2\/product_brand?post=2979"},{"taxonomy":"product_cat","embeddable":true,"href":"https:\/\/www.cascade.it\/fr\/wp-json\/wp\/v2\/product_cat?post=2979"},{"taxonomy":"product_tag","embeddable":true,"href":"https:\/\/www.cascade.it\/fr\/wp-json\/wp\/v2\/product_tag?post=2979"}],"curies":[{"name":"wp","href":"https:\/\/api.w.org\/{rel}","templated":true}]}}