{"id":2969,"date":"2019-07-24T11:53:35","date_gmt":"2019-07-24T09:53:35","guid":{"rendered":"https:\/\/www.cascade.it\/new\/prodotto\/cestellone-inox-con-piastra\/"},"modified":"2020-07-22T10:22:13","modified_gmt":"2020-07-22T08:22:13","slug":"filtre-panier-plaque","status":"publish","type":"product","link":"https:\/\/www.cascade.it\/fr\/prodotto\/filtre-panier-plaque\/","title":{"rendered":"Filtre inox \u00e0 panier avec plaque"},"content":{"rendered":"<p>[vc_row][vc_column][vc_empty_space height=\u00a0\u00bb50&Prime; height_mobile=\u00a0\u00bb100&Prime;][vc_column_text spacing_heading=\u00a0\u00bb\u00a0\u00bb spacing_heading_tab=\u00a0\u00bb\u00a0\u00bb spacing_heading_mobile=\u00a0\u00bb\u00a0\u00bb]<\/p>\n<div class=\"carousel-slider-outer carousel-slider-outer-image-carousel carousel-slider-outer-1916\" style=\"--carousel-slider-nav-color:#f1f1f1;--carousel-slider-active-nav-color:#00d1b2;--carousel-slider-arrow-size:48px;--carousel-slider-bullet-size:10px\">\n<div id=\"&#039;id-1916\" class=\"carousel-slider carousel-slider-1916 arrows-visibility-hover dots-visibility-never arrows-outside dots-center dots-square owl-carousel\" data-slide-type=\"image-carousel\" data-owl-settings='{\"nav\":true,\"dots\":false,\"slideBy\":1,\"stagePadding\":0,\"margin\":10,\"loop\":true,\"lazyLoad\":true,\"autoplay\":true,\"autoplayTimeout\":5000,\"autoplaySpeed\":500,\"autoplayHoverPause\":true,\"autoWidth\":false,\"responsive\":{\"300\":{\"items\":1},\"576\":{\"items\":2},\"768\":{\"items\":2},\"1024\":{\"items\":3},\"1280\":{\"items\":3},\"1536\":{\"items\":3}}}'>\n<div class=\"carousel-slider__item\">\n\t<img class=\"owl-lazy\" data-src=\"https:\/\/www.cascade.it\/new\/wp-content\/uploads\/2019\/11\/0-Cestellone-con-piastra-per-fontane.jpg\" alt=\"\"><\/a><\/div>\n\n<div class=\"carousel-slider__item\">\n\t<img class=\"owl-lazy\" data-src=\"https:\/\/www.cascade.it\/new\/wp-content\/uploads\/2019\/11\/1-Cestellone-con-piastra.jpg\" alt=\"\"><\/a><\/div>\n\n<div class=\"carousel-slider__item\">\n\t<img class=\"owl-lazy\" data-src=\"https:\/\/www.cascade.it\/new\/wp-content\/uploads\/2019\/11\/2-Cestellone-con-piastra.jpg\" alt=\"\"><\/a><\/div>\n\n<\/div><!-- .carousel-slider-1916 -->\n<\/div><!-- .carousel-slider-outer-1916 -->\n\n<h1><span style=\"color: #1e73be;\">Filtre inox \u00e0 panier avec plaque pour fontaines<\/span><\/h1>\n<p>Fabriqu\u00e9 en acier inoxydable AISI 304, ce <strong>Filtre \u00e0 panier<\/strong> est combin\u00e9 avec une <strong>plaque de drainage<\/strong>.<\/p>\n<p>Le filtre est plac\u00e9 imm\u00e9diatement sous la <strong>plaque de drainage<\/strong> comme alternative aux solutions traditionnelles.<\/p>\n<p>Recommand\u00e9 pour les fontaines au sol o\u00f9 le r\u00e9servoir de stockage est <strong>sous la fontaine<\/strong>, il permet la filtration imm\u00e9diate de l&rsquo;eau transport\u00e9e dans le r\u00e9servoir de compensation en \u00e9vitant la cr\u00e9ation de trappes d&rsquo;acc\u00e8s suppl\u00e9mentaires.<\/p>\n<p>La plaque est en <strong>acier inoxydable AISI 304<\/strong>, 6 mm d&rsquo;\u00e9paisseur, elle peut \u00eatre <strong>pi\u00e9tinable<\/strong> et est compl\u00e8te avec un cadre pour la fixation au sol.<\/p>\n<p>&nbsp;<\/p>\n<h3>Donn\u00e9es techniques<\/h3>\n<div style=\"overflow-x: auto;\">\n<table width=\"98%\">\n<tbody>\n<tr>\n<td width=\"11%\"><strong>\u00a0<\/strong><\/td>\n<td class=\"thHorz\" width=\"21%\">Filtre panier avec plaque 300<\/td>\n<td class=\"thHorz\" width=\"23%\">Filtre panier avec plaque 400<\/td>\n<td class=\"thHorz\" width=\"22%\">Filtre panier avec plaque 500<\/td>\n<td class=\"thHorz\" width=\"21%\">Filtre panier avec plaque 600<\/td>\n<\/tr>\n<tr>\n<td class=\"thVert\" width=\"11%\">Code<\/td>\n<td width=\"21%\">FPCSP30<\/td>\n<td width=\"23%\">FPCSP40<\/td>\n<td width=\"22%\">FPCSP50<\/td>\n<td width=\"21%\">FPCSP60<\/td>\n<\/tr>\n<tr>\n<td class=\"thVert\" width=\"11%\">Hauteur<\/td>\n<td width=\"21%\">200 mm<\/td>\n<td width=\"23%\">200 mm<\/td>\n<td width=\"22%\">200 mm<\/td>\n<td width=\"21%\">200 mm<\/td>\n<\/tr>\n<tr>\n<td class=\"thVert\" width=\"11%\">Diam\u00e8tre plaque<\/td>\n<td width=\"21%\">340 mm<\/td>\n<td width=\"23%\">440 mm<\/td>\n<td width=\"22%\">540 mm<\/td>\n<td width=\"21%\">640 mm<\/td>\n<\/tr>\n<tr>\n<td class=\"thVert\" width=\"11%\">Mat\u00e9riel<\/td>\n<td width=\"21%\">Acier inox<\/td>\n<td width=\"23%\">Acier inox<\/td>\n<td width=\"22%\">Acier inox<\/td>\n<td width=\"21%\">Acier inox<\/td>\n<\/tr>\n<\/tbody>\n<\/table>\n<\/div>\n<h3><\/h3>\n<div id=\"gtx-trans\" style=\"position: absolute; left: 391px; top: 824.1px;\">\n<div class=\"gtx-trans-icon\"><\/div>\n<\/div>\n","protected":false},"excerpt":{"rendered":"<p>[vc_row][vc_column][vc_empty_space height=\u00a0\u00bb50&Prime; height_mobile=\u00a0\u00bb100&Prime;][vc_column_text spacing_heading=\u00a0\u00bb\u00a0\u00bb spacing_heading_tab=\u00a0\u00bb\u00a0\u00bb spacing_heading_mobile=\u00a0\u00bb\u00a0\u00bb] Filtre inox \u00e0 panier avec plaque pour fontaines Fabriqu\u00e9 en acier inoxydable AISI 304, ce Filtre \u00e0 panier est combin\u00e9 avec une plaque de drainage. Le filtre est plac\u00e9 imm\u00e9diatement sous la plaque de drainage comme alternative aux solutions traditionnelles. Recommand\u00e9 pour les fontaines au sol o\u00f9 le r\u00e9servoir [&hellip;]<\/p>\n","protected":false},"featured_media":2970,"template":"","meta":[],"product_brand":[],"product_cat":[296],"product_tag":[],"class_list":{"0":"post-2969","1":"product","2":"type-product","3":"status-publish","4":"has-post-thumbnail","6":"product_cat-accessoires-fontaines-seches","8":"first","9":"instock","10":"shipping-taxable","11":"product-type-simple"},"yoast_head":"<!-- This site is optimized with the Yoast SEO plugin v26.7 - https:\/\/yoast.com\/wordpress\/plugins\/seo\/ -->\n<title>Filtre inox \u00e0 panier avec plaque pour fontaines - Cascade<\/title>\n<meta name=\"description\" content=\"Fabriqu\u00e9 en acier inoxydable AISI 304, ce Filtre \u00e0 panier est combin\u00e9 avec une plaque de drainage. Pour fontaines s\u00e8ches.\" \/>\n<meta name=\"robots\" content=\"index, follow, max-snippet:-1, max-image-preview:large, max-video-preview:-1\" \/>\n<link rel=\"canonical\" href=\"https:\/\/www.cascade.it\/fr\/prodotto\/filtre-panier-plaque\/\" \/>\n<meta property=\"og:locale\" content=\"fr_FR\" \/>\n<meta property=\"og:type\" content=\"article\" \/>\n<meta property=\"og:title\" content=\"Filtre inox \u00e0 panier avec plaque pour fontaines - Cascade\" \/>\n<meta property=\"og:description\" content=\"Fabriqu\u00e9 en acier inoxydable AISI 304, ce Filtre \u00e0 panier est combin\u00e9 avec une plaque de drainage. Pour fontaines s\u00e8ches.\" \/>\n<meta property=\"og:url\" content=\"https:\/\/www.cascade.it\/fr\/prodotto\/filtre-panier-plaque\/\" \/>\n<meta property=\"og:site_name\" content=\"Cascade\" \/>\n<meta property=\"article:modified_time\" content=\"2020-07-22T08:22:13+00:00\" \/>\n<meta property=\"og:image\" content=\"https:\/\/www.cascade.it\/new\/wp-content\/uploads\/2019\/07\/CESTELLONE-INOX-CON-PIASTRA.jpg\" \/>\n\t<meta property=\"og:image:width\" content=\"1300\" \/>\n\t<meta property=\"og:image:height\" content=\"1300\" \/>\n\t<meta property=\"og:image:type\" content=\"image\/jpeg\" \/>\n<meta name=\"twitter:card\" content=\"summary_large_image\" \/>\n<meta name=\"twitter:label1\" content=\"Dur\u00e9e de lecture estim\u00e9e\" \/>\n\t<meta name=\"twitter:data1\" content=\"1 minute\" \/>\n<!-- \/ Yoast SEO plugin. -->","yoast_head_json":{"title":"Filtre inox \u00e0 panier avec plaque pour fontaines - Cascade","description":"Fabriqu\u00e9 en acier inoxydable AISI 304, ce Filtre \u00e0 panier est combin\u00e9 avec une plaque de drainage. Pour fontaines s\u00e8ches.","robots":{"index":"index","follow":"follow","max-snippet":"max-snippet:-1","max-image-preview":"max-image-preview:large","max-video-preview":"max-video-preview:-1"},"canonical":"https:\/\/www.cascade.it\/fr\/prodotto\/filtre-panier-plaque\/","og_locale":"fr_FR","og_type":"article","og_title":"Filtre inox \u00e0 panier avec plaque pour fontaines - Cascade","og_description":"Fabriqu\u00e9 en acier inoxydable AISI 304, ce Filtre \u00e0 panier est combin\u00e9 avec une plaque de drainage. Pour fontaines s\u00e8ches.","og_url":"https:\/\/www.cascade.it\/fr\/prodotto\/filtre-panier-plaque\/","og_site_name":"Cascade","article_modified_time":"2020-07-22T08:22:13+00:00","og_image":[{"width":1300,"height":1300,"url":"https:\/\/www.cascade.it\/new\/wp-content\/uploads\/2019\/07\/CESTELLONE-INOX-CON-PIASTRA.jpg","type":"image\/jpeg"}],"twitter_card":"summary_large_image","twitter_misc":{"Dur\u00e9e de lecture estim\u00e9e":"1 minute"},"schema":{"@context":"https:\/\/schema.org","@graph":[{"@type":"WebPage","@id":"https:\/\/www.cascade.it\/fr\/prodotto\/filtre-panier-plaque\/","url":"https:\/\/www.cascade.it\/fr\/prodotto\/filtre-panier-plaque\/","name":"Filtre inox \u00e0 panier avec plaque pour fontaines - Cascade","isPartOf":{"@id":"https:\/\/www.cascade.it\/fr\/#website"},"primaryImageOfPage":{"@id":"https:\/\/www.cascade.it\/fr\/prodotto\/filtre-panier-plaque\/#primaryimage"},"image":{"@id":"https:\/\/www.cascade.it\/fr\/prodotto\/filtre-panier-plaque\/#primaryimage"},"thumbnailUrl":"https:\/\/www.cascade.it\/new\/wp-content\/uploads\/2019\/07\/CESTELLONE-INOX-CON-PIASTRA.jpg","datePublished":"2019-07-24T09:53:35+00:00","dateModified":"2020-07-22T08:22:13+00:00","description":"Fabriqu\u00e9 en acier inoxydable AISI 304, ce Filtre \u00e0 panier est combin\u00e9 avec une plaque de drainage. Pour fontaines s\u00e8ches.","breadcrumb":{"@id":"https:\/\/www.cascade.it\/fr\/prodotto\/filtre-panier-plaque\/#breadcrumb"},"inLanguage":"fr-FR","potentialAction":[{"@type":"ReadAction","target":["https:\/\/www.cascade.it\/fr\/prodotto\/filtre-panier-plaque\/"]}]},{"@type":"ImageObject","inLanguage":"fr-FR","@id":"https:\/\/www.cascade.it\/fr\/prodotto\/filtre-panier-plaque\/#primaryimage","url":"https:\/\/www.cascade.it\/new\/wp-content\/uploads\/2019\/07\/CESTELLONE-INOX-CON-PIASTRA.jpg","contentUrl":"https:\/\/www.cascade.it\/new\/wp-content\/uploads\/2019\/07\/CESTELLONE-INOX-CON-PIASTRA.jpg","width":1300,"height":1300},{"@type":"BreadcrumbList","@id":"https:\/\/www.cascade.it\/fr\/prodotto\/filtre-panier-plaque\/#breadcrumb","itemListElement":[{"@type":"ListItem","position":1,"name":"Home","item":"https:\/\/www.cascade.it\/fr\/"},{"@type":"ListItem","position":2,"name":"Boutique","item":"https:\/\/www.cascade.it\/fr\/boutique\/"},{"@type":"ListItem","position":3,"name":"Filtre inox \u00e0 panier avec plaque"}]},{"@type":"WebSite","@id":"https:\/\/www.cascade.it\/fr\/#website","url":"https:\/\/www.cascade.it\/fr\/","name":"Cascade","description":"More than a fountain","potentialAction":[{"@type":"SearchAction","target":{"@type":"EntryPoint","urlTemplate":"https:\/\/www.cascade.it\/fr\/?s={search_term_string}"},"query-input":{"@type":"PropertyValueSpecification","valueRequired":true,"valueName":"search_term_string"}}],"inLanguage":"fr-FR"}]}},"_links":{"self":[{"href":"https:\/\/www.cascade.it\/fr\/wp-json\/wp\/v2\/product\/2969","targetHints":{"allow":["GET"]}}],"collection":[{"href":"https:\/\/www.cascade.it\/fr\/wp-json\/wp\/v2\/product"}],"about":[{"href":"https:\/\/www.cascade.it\/fr\/wp-json\/wp\/v2\/types\/product"}],"wp:featuredmedia":[{"embeddable":true,"href":"https:\/\/www.cascade.it\/fr\/wp-json\/wp\/v2\/media\/2970"}],"wp:attachment":[{"href":"https:\/\/www.cascade.it\/fr\/wp-json\/wp\/v2\/media?parent=2969"}],"wp:term":[{"taxonomy":"product_brand","embeddable":true,"href":"https:\/\/www.cascade.it\/fr\/wp-json\/wp\/v2\/product_brand?post=2969"},{"taxonomy":"product_cat","embeddable":true,"href":"https:\/\/www.cascade.it\/fr\/wp-json\/wp\/v2\/product_cat?post=2969"},{"taxonomy":"product_tag","embeddable":true,"href":"https:\/\/www.cascade.it\/fr\/wp-json\/wp\/v2\/product_tag?post=2969"}],"curies":[{"name":"wp","href":"https:\/\/api.w.org\/{rel}","templated":true}]}}