{"id":2964,"date":"2019-02-23T11:04:58","date_gmt":"2019-02-23T10:04:58","guid":{"rendered":"https:\/\/www.cascade.it\/new\/prodotto\/cestellone-inox\/"},"modified":"2021-01-28T17:47:48","modified_gmt":"2021-01-28T16:47:48","slug":"filtre-inox-a-panier-mural","status":"publish","type":"product","link":"https:\/\/www.cascade.it\/fr\/prodotto\/filtre-inox-a-panier-mural\/","title":{"rendered":"Filtre inox \u00e0 panier mural"},"content":{"rendered":"<p>[vc_row][vc_column][vc_empty_space height=\u00a0\u00bb50&Prime; height_mobile=\u00a0\u00bb100&Prime;][vc_column_text spacing_heading=\u00a0\u00bb\u00a0\u00bb spacing_heading_tab=\u00a0\u00bb\u00a0\u00bb spacing_heading_mobile=\u00a0\u00bb\u00a0\u00bb]<\/p>\n<div class=\"carousel-slider-outer carousel-slider-outer-image-carousel carousel-slider-outer-1911\" style=\"--carousel-slider-nav-color:#f1f1f1;--carousel-slider-active-nav-color:#00d1b2;--carousel-slider-arrow-size:48px;--carousel-slider-bullet-size:10px\">\n<div id=\"&#039;id-1911\" class=\"carousel-slider carousel-slider-1911 arrows-visibility-hover dots-visibility-never arrows-outside dots-center dots-square owl-carousel\" data-slide-type=\"image-carousel\" data-owl-settings='{\"nav\":true,\"dots\":false,\"slideBy\":1,\"stagePadding\":0,\"margin\":10,\"loop\":true,\"lazyLoad\":true,\"autoplay\":true,\"autoplayTimeout\":5000,\"autoplaySpeed\":500,\"autoplayHoverPause\":true,\"autoWidth\":false,\"responsive\":{\"300\":{\"items\":1},\"576\":{\"items\":2},\"768\":{\"items\":2},\"1024\":{\"items\":3},\"1280\":{\"items\":3},\"1536\":{\"items\":3}}}'>\n<div class=\"carousel-slider__item\">\n\t<img class=\"owl-lazy\" data-src=\"https:\/\/www.cascade.it\/new\/wp-content\/uploads\/2019\/11\/0-Cestellone-a-parete-per-fontane.jpg\" alt=\"\"><\/a><\/div>\n\n<div class=\"carousel-slider__item\">\n\t<img class=\"owl-lazy\" data-src=\"https:\/\/www.cascade.it\/new\/wp-content\/uploads\/2019\/11\/1-Cestellone-a-parete-per-fontane.jpg\" alt=\"\"><\/a><\/div>\n\n<div class=\"carousel-slider__item\">\n\t<img class=\"owl-lazy\" data-src=\"https:\/\/www.cascade.it\/new\/wp-content\/uploads\/2019\/11\/2-Cestellone-a-parete-per-fontane.jpg\" alt=\"\"><\/a><\/div>\n\n<\/div><!-- .carousel-slider-1911 -->\n<\/div><!-- .carousel-slider-outer-1911 -->\n\n<h1><span style=\"color: #1e73be;\">Filtre inox \u00e0 panier mural<\/span><\/h1>\n<p>Le <strong>Filtre \u00e0 panier mural pour fontaines s\u00e8ches<\/strong>, en <strong>acier inoxydable AISI 304<\/strong>, est utilis\u00e9 dans les fontaines au sol pour la <strong>premi\u00e8re filtration<\/strong> des corps grossiers suspendus dans l&rsquo;eau de retour dans le r\u00e9servoir de compensation.<\/p>\n<p>Il se compose de deux parties, le <strong>cadre fixe<\/strong> fix\u00e9 au mur et le <strong>panier amovible<\/strong> pour permettre un nettoyage simple du syst\u00e8me de filtration.<\/p>\n<p>A utiliser mont\u00e9 dans le <strong>r\u00e9servoir de compensation<\/strong>, pr\u00e8s de l&rsquo;arriv\u00e9e du tuyau de retour d&rsquo;eau de la fontaine.<\/p>\n<p>Montage mural.<\/p>\n<p>Diff\u00e9rentes tailles sur demande.<\/p>\n<p>&nbsp;<\/p>\n<h3>Donn\u00e9es techniques<\/h3>\n<div style=\"overflow-x: auto;\">\n<table width=\"87%\">\n<tbody>\n<tr>\n<td width=\"11%\"><strong>\u00a0<\/strong><\/td>\n<td class=\"thHorz\" width=\"44%\">Filtre panier 45<\/td>\n<td class=\"thHorz\" width=\"44%\">Filtre panier 49<\/td>\n<\/tr>\n<tr>\n<td class=\"thVert\" width=\"11%\">Code<\/td>\n<td width=\"44%\">FPCES45<\/td>\n<td width=\"44%\">FPCES49<\/td>\n<\/tr>\n<tr>\n<td class=\"thVert\" width=\"11%\">Largeur<\/td>\n<td width=\"44%\">390 mm<\/td>\n<td width=\"44%\">535 mm<\/td>\n<\/tr>\n<tr>\n<td class=\"thVert\" width=\"11%\">Hauteur<\/td>\n<td width=\"44%\">450 mm<\/td>\n<td width=\"44%\">490 mm<\/td>\n<\/tr>\n<tr>\n<td class=\"thVert\" width=\"11%\">Diam\u00e8tre panier<\/td>\n<td width=\"44%\">250 mm<\/td>\n<td width=\"44%\">290 mm<\/td>\n<\/tr>\n<tr>\n<td class=\"thVert\" width=\"11%\">Mat\u00e9riel<\/td>\n<td width=\"44%\">Acier inox<\/td>\n<td width=\"44%\">Acier inox<\/td>\n<\/tr>\n<\/tbody>\n<\/table>\n<\/div>\n<p>&nbsp;<\/p>\n<div id=\"gtx-trans\" style=\"position: absolute; left: 316px; top: 601.7px;\">\n<div class=\"gtx-trans-icon\"><\/div>\n<\/div>\n","protected":false},"excerpt":{"rendered":"<p>[vc_row][vc_column][vc_empty_space height=\u00a0\u00bb50&Prime; height_mobile=\u00a0\u00bb100&Prime;][vc_column_text spacing_heading=\u00a0\u00bb\u00a0\u00bb spacing_heading_tab=\u00a0\u00bb\u00a0\u00bb spacing_heading_mobile=\u00a0\u00bb\u00a0\u00bb] Filtre inox \u00e0 panier mural Le Filtre \u00e0 panier mural pour fontaines s\u00e8ches, en acier inoxydable AISI 304, est utilis\u00e9 dans les fontaines au sol pour la premi\u00e8re filtration des corps grossiers suspendus dans l&rsquo;eau de retour dans le r\u00e9servoir de compensation. Il se compose de deux parties, le [&hellip;]<\/p>\n","protected":false},"featured_media":2965,"template":"","meta":[],"product_brand":[],"product_cat":[296],"product_tag":[],"class_list":{"0":"post-2964","1":"product","2":"type-product","3":"status-publish","4":"has-post-thumbnail","6":"product_cat-accessoires-fontaines-seches","8":"first","9":"instock","10":"shipping-taxable","11":"product-type-simple"},"yoast_head":"<!-- This site is optimized with the Yoast SEO plugin v26.7 - https:\/\/yoast.com\/wordpress\/plugins\/seo\/ -->\n<title>Filtre inox \u00e0 panier mural pour fontaines s\u00e8ches - Cascade<\/title>\n<meta name=\"description\" content=\"En inox AISI 304, il est utilis\u00e9 dans les fontaines s\u00e8ches pour la premi\u00e8re filtration des corps grossiers dans l&#039;eau de retour au r\u00e9servoir.\" \/>\n<meta name=\"robots\" content=\"index, follow, max-snippet:-1, max-image-preview:large, max-video-preview:-1\" \/>\n<link rel=\"canonical\" href=\"https:\/\/www.cascade.it\/fr\/prodotto\/filtre-inox-a-panier-mural\/\" \/>\n<meta property=\"og:locale\" content=\"fr_FR\" \/>\n<meta property=\"og:type\" content=\"article\" \/>\n<meta property=\"og:title\" content=\"Filtre inox \u00e0 panier mural pour fontaines s\u00e8ches - Cascade\" \/>\n<meta property=\"og:description\" content=\"En inox AISI 304, il est utilis\u00e9 dans les fontaines s\u00e8ches pour la premi\u00e8re filtration des corps grossiers dans l&#039;eau de retour au r\u00e9servoir.\" \/>\n<meta property=\"og:url\" content=\"https:\/\/www.cascade.it\/fr\/prodotto\/filtre-inox-a-panier-mural\/\" \/>\n<meta property=\"og:site_name\" content=\"Cascade\" \/>\n<meta property=\"article:modified_time\" content=\"2021-01-28T16:47:48+00:00\" \/>\n<meta property=\"og:image\" content=\"https:\/\/www.cascade.it\/new\/wp-content\/uploads\/Prodotti\/Fontane_a_pavimento\/Accessori_per_fontane_a_pavimento\/CESTELLONE-INOX.jpg\" \/>\n\t<meta property=\"og:image:width\" content=\"1300\" \/>\n\t<meta property=\"og:image:height\" content=\"1300\" \/>\n\t<meta property=\"og:image:type\" content=\"image\/jpeg\" \/>\n<meta name=\"twitter:card\" content=\"summary_large_image\" \/>\n<meta name=\"twitter:label1\" content=\"Dur\u00e9e de lecture estim\u00e9e\" \/>\n\t<meta name=\"twitter:data1\" content=\"1 minute\" \/>\n<!-- \/ Yoast SEO plugin. -->","yoast_head_json":{"title":"Filtre inox \u00e0 panier mural pour fontaines s\u00e8ches - Cascade","description":"En inox AISI 304, il est utilis\u00e9 dans les fontaines s\u00e8ches pour la premi\u00e8re filtration des corps grossiers dans l'eau de retour au r\u00e9servoir.","robots":{"index":"index","follow":"follow","max-snippet":"max-snippet:-1","max-image-preview":"max-image-preview:large","max-video-preview":"max-video-preview:-1"},"canonical":"https:\/\/www.cascade.it\/fr\/prodotto\/filtre-inox-a-panier-mural\/","og_locale":"fr_FR","og_type":"article","og_title":"Filtre inox \u00e0 panier mural pour fontaines s\u00e8ches - Cascade","og_description":"En inox AISI 304, il est utilis\u00e9 dans les fontaines s\u00e8ches pour la premi\u00e8re filtration des corps grossiers dans l'eau de retour au r\u00e9servoir.","og_url":"https:\/\/www.cascade.it\/fr\/prodotto\/filtre-inox-a-panier-mural\/","og_site_name":"Cascade","article_modified_time":"2021-01-28T16:47:48+00:00","og_image":[{"width":1300,"height":1300,"url":"https:\/\/www.cascade.it\/new\/wp-content\/uploads\/Prodotti\/Fontane_a_pavimento\/Accessori_per_fontane_a_pavimento\/CESTELLONE-INOX.jpg","type":"image\/jpeg"}],"twitter_card":"summary_large_image","twitter_misc":{"Dur\u00e9e de lecture estim\u00e9e":"1 minute"},"schema":{"@context":"https:\/\/schema.org","@graph":[{"@type":"WebPage","@id":"https:\/\/www.cascade.it\/fr\/prodotto\/filtre-inox-a-panier-mural\/","url":"https:\/\/www.cascade.it\/fr\/prodotto\/filtre-inox-a-panier-mural\/","name":"Filtre inox \u00e0 panier mural pour fontaines s\u00e8ches - Cascade","isPartOf":{"@id":"https:\/\/www.cascade.it\/fr\/#website"},"primaryImageOfPage":{"@id":"https:\/\/www.cascade.it\/fr\/prodotto\/filtre-inox-a-panier-mural\/#primaryimage"},"image":{"@id":"https:\/\/www.cascade.it\/fr\/prodotto\/filtre-inox-a-panier-mural\/#primaryimage"},"thumbnailUrl":"https:\/\/www.cascade.it\/new\/wp-content\/uploads\/Prodotti\/Fontane_a_pavimento\/Accessori_per_fontane_a_pavimento\/CESTELLONE-INOX.jpg","datePublished":"2019-02-23T10:04:58+00:00","dateModified":"2021-01-28T16:47:48+00:00","description":"En inox AISI 304, il est utilis\u00e9 dans les fontaines s\u00e8ches pour la premi\u00e8re filtration des corps grossiers dans l'eau de retour au r\u00e9servoir.","breadcrumb":{"@id":"https:\/\/www.cascade.it\/fr\/prodotto\/filtre-inox-a-panier-mural\/#breadcrumb"},"inLanguage":"fr-FR","potentialAction":[{"@type":"ReadAction","target":["https:\/\/www.cascade.it\/fr\/prodotto\/filtre-inox-a-panier-mural\/"]}]},{"@type":"ImageObject","inLanguage":"fr-FR","@id":"https:\/\/www.cascade.it\/fr\/prodotto\/filtre-inox-a-panier-mural\/#primaryimage","url":"https:\/\/www.cascade.it\/new\/wp-content\/uploads\/Prodotti\/Fontane_a_pavimento\/Accessori_per_fontane_a_pavimento\/CESTELLONE-INOX.jpg","contentUrl":"https:\/\/www.cascade.it\/new\/wp-content\/uploads\/Prodotti\/Fontane_a_pavimento\/Accessori_per_fontane_a_pavimento\/CESTELLONE-INOX.jpg","width":1300,"height":1300},{"@type":"BreadcrumbList","@id":"https:\/\/www.cascade.it\/fr\/prodotto\/filtre-inox-a-panier-mural\/#breadcrumb","itemListElement":[{"@type":"ListItem","position":1,"name":"Home","item":"https:\/\/www.cascade.it\/fr\/"},{"@type":"ListItem","position":2,"name":"Boutique","item":"https:\/\/www.cascade.it\/fr\/boutique\/"},{"@type":"ListItem","position":3,"name":"Filtre inox \u00e0 panier mural"}]},{"@type":"WebSite","@id":"https:\/\/www.cascade.it\/fr\/#website","url":"https:\/\/www.cascade.it\/fr\/","name":"Cascade","description":"More than a fountain","potentialAction":[{"@type":"SearchAction","target":{"@type":"EntryPoint","urlTemplate":"https:\/\/www.cascade.it\/fr\/?s={search_term_string}"},"query-input":{"@type":"PropertyValueSpecification","valueRequired":true,"valueName":"search_term_string"}}],"inLanguage":"fr-FR"}]}},"_links":{"self":[{"href":"https:\/\/www.cascade.it\/fr\/wp-json\/wp\/v2\/product\/2964","targetHints":{"allow":["GET"]}}],"collection":[{"href":"https:\/\/www.cascade.it\/fr\/wp-json\/wp\/v2\/product"}],"about":[{"href":"https:\/\/www.cascade.it\/fr\/wp-json\/wp\/v2\/types\/product"}],"wp:featuredmedia":[{"embeddable":true,"href":"https:\/\/www.cascade.it\/fr\/wp-json\/wp\/v2\/media\/2965"}],"wp:attachment":[{"href":"https:\/\/www.cascade.it\/fr\/wp-json\/wp\/v2\/media?parent=2964"}],"wp:term":[{"taxonomy":"product_brand","embeddable":true,"href":"https:\/\/www.cascade.it\/fr\/wp-json\/wp\/v2\/product_brand?post=2964"},{"taxonomy":"product_cat","embeddable":true,"href":"https:\/\/www.cascade.it\/fr\/wp-json\/wp\/v2\/product_cat?post=2964"},{"taxonomy":"product_tag","embeddable":true,"href":"https:\/\/www.cascade.it\/fr\/wp-json\/wp\/v2\/product_tag?post=2964"}],"curies":[{"name":"wp","href":"https:\/\/api.w.org\/{rel}","templated":true}]}}