{"id":2959,"date":"2019-08-07T11:50:13","date_gmt":"2019-08-07T09:50:13","guid":{"rendered":"https:\/\/www.cascade.it\/new\/prodotto\/c300\/"},"modified":"2023-03-08T12:00:33","modified_gmt":"2023-03-08T11:00:33","slug":"projecteur-led-c300","status":"publish","type":"product","link":"https:\/\/www.cascade.it\/fr\/prodotto\/projecteur-led-c300\/","title":{"rendered":"Projecteur LED C300"},"content":{"rendered":"<p>&nbsp;<\/p>\n<div class=\"carousel-slider-outer carousel-slider-outer-image-carousel carousel-slider-outer-1759\" style=\"--carousel-slider-nav-color:#f1f1f1;--carousel-slider-active-nav-color:#00d1b2;--carousel-slider-arrow-size:48px;--carousel-slider-bullet-size:10px\">\n<div id=\"&#039;id-1759\" class=\"carousel-slider carousel-slider-1759 arrows-visibility-hover dots-visibility-never arrows-outside dots-center dots-square owl-carousel\" data-slide-type=\"image-carousel\" data-owl-settings='{\"nav\":true,\"dots\":false,\"slideBy\":1,\"stagePadding\":0,\"margin\":10,\"loop\":true,\"lazyLoad\":true,\"autoplay\":true,\"autoplayTimeout\":5000,\"autoplaySpeed\":500,\"autoplayHoverPause\":true,\"autoWidth\":false,\"responsive\":{\"300\":{\"items\":1},\"576\":{\"items\":2},\"768\":{\"items\":2},\"1024\":{\"items\":3},\"1280\":{\"items\":3},\"1536\":{\"items\":3}}}'>\n<div class=\"carousel-slider__item\">\n\t<img class=\"owl-lazy\" data-src=\"https:\/\/www.cascade.it\/new\/wp-content\/uploads\/2019\/08\/0-Faro-led-C300.jpg\" alt=\"\"><\/a><\/div>\n\n<div class=\"carousel-slider__item\">\n\t<img class=\"owl-lazy\" data-src=\"https:\/\/www.cascade.it\/new\/wp-content\/uploads\/2019\/08\/1-Faro-led-C300.jpg\" alt=\"\"><\/a><\/div>\n\n<div class=\"carousel-slider__item\">\n\t<img class=\"owl-lazy\" data-src=\"https:\/\/www.cascade.it\/new\/wp-content\/uploads\/2019\/08\/2-Faro-led-C300.jpg\" alt=\"\"><\/a><\/div>\n\n<div class=\"carousel-slider__item\">\n\t<img class=\"owl-lazy\" data-src=\"https:\/\/www.cascade.it\/new\/wp-content\/uploads\/2019\/08\/3-Faro-led-C300.jpg\" alt=\"\"><\/a><\/div>\n\n<\/div><!-- .carousel-slider-1759 -->\n<\/div><!-- .carousel-slider-outer-1759 -->\n\n<h1><span style=\"color: #1e73be;\">Projecteur LED C300 pour fontaines<\/span><\/h1>\n<p>Le projecteur LED immerg\u00e9 pour fontaines <strong>C300<\/strong> est fait de r\u00e9sines \u00e0 <strong>hautes caract\u00e9ristiques thermom\u00e9caniques<\/strong> enrichies de fibres de verre, <strong>r\u00e9glable<\/strong>, \u00e9quip\u00e9 de joints en caoutchouc silicone, support pour ancrage, <strong>presse-\u00e9toupe simple <\/strong>et est complet avec <strong>lampe LED monochromatique PAR56<\/strong>, puissance 26 W, tension 12 Vcc ou 12 Vca.<\/p>\n<p>Niveau de protection <strong>IP68<\/strong>.<\/p>\n<p>&nbsp;<\/p>\n<h3>Donn\u00e9es techniques<\/h3>\n<div style=\"overflow-x: auto;\">\n<table width=\"92%\">\n<tbody>\n<tr>\n<td width=\"15%\"><strong>\u00a0<\/strong><\/td>\n<td class=\"thHorz\" width=\"84%\">C300<\/td>\n<\/tr>\n<tr>\n<td class=\"thVert\" width=\"15%\">Code<\/td>\n<td width=\"84%\">LEDC300F<\/td>\n<\/tr>\n<tr>\n<td class=\"thVert\" width=\"15%\">Mat\u00e9riel<\/td>\n<td width=\"84%\">Polyamide<\/td>\n<\/tr>\n<tr>\n<td class=\"thVert\" width=\"15%\">Alimentation<\/td>\n<td width=\"84%\">12 Vcc &#8211; 12 Vca<\/td>\n<\/tr>\n<tr>\n<td class=\"thVert\" width=\"15%\">Presse-\u00e9toupes<\/td>\n<td width=\"84%\">1<\/td>\n<\/tr>\n<tr>\n<td class=\"thVert\" width=\"15%\">Puissance max<\/td>\n<td width=\"84%\">26 W<\/td>\n<\/tr>\n<tr>\n<td class=\"thVert\" width=\"15%\">Lampe<\/td>\n<td width=\"84%\">PAR 56<\/td>\n<\/tr>\n<tr>\n<td class=\"thVert\" width=\"15%\">Couleur<\/td>\n<td width=\"84%\">Blanc froid (6000\u00b0K)<\/td>\n<\/tr>\n<tr>\n<td class=\"thVert\" width=\"15%\">Flux lumineux<\/td>\n<td width=\"84%\">1700 lm<\/td>\n<\/tr>\n<tr>\n<td class=\"thVert\" width=\"15%\">C\u00e2ble<\/td>\n<td width=\"84%\">(H07RN-F) 2&#215;1,5 mm<sup>2<\/sup> &#8211; Submersible<\/td>\n<\/tr>\n<tr>\n<td class=\"thVert\" width=\"15%\">Niveau de protection<\/td>\n<td width=\"84%\">IP68<\/td>\n<\/tr>\n<\/tbody>\n<\/table>\n<\/div>\n<p>&nbsp;<\/p>\n<div id=\"gtx-trans\" style=\"position: absolute; left: 195px; top: 640.9px;\">\n<div class=\"gtx-trans-icon\"><\/div>\n<\/div>\n","protected":false},"excerpt":{"rendered":"<p>&nbsp; Projecteur LED C300 pour fontaines Le projecteur LED immerg\u00e9 pour fontaines C300 est fait de r\u00e9sines \u00e0 hautes caract\u00e9ristiques thermom\u00e9caniques enrichies de fibres de verre, r\u00e9glable, \u00e9quip\u00e9 de joints en caoutchouc silicone, support pour ancrage, presse-\u00e9toupe simple et est complet avec lampe LED monochromatique PAR56, puissance 26 W, tension 12 Vcc ou 12 Vca. [&hellip;]<\/p>\n","protected":false},"featured_media":2960,"template":"","meta":[],"product_brand":[],"product_cat":[295],"product_tag":[],"class_list":{"0":"post-2959","1":"product","2":"type-product","3":"status-publish","4":"has-post-thumbnail","6":"product_cat-projecteurs-led-poli","8":"first","9":"instock","10":"shipping-taxable","11":"product-type-simple"},"yoast_head":"<!-- This site is optimized with the Yoast SEO plugin v26.7 - https:\/\/yoast.com\/wordpress\/plugins\/seo\/ -->\n<title>Projecteur LED immerg\u00e9 C300 pour fontaines - Cascade<\/title>\n<meta name=\"description\" content=\"Le projecteur LED immerg\u00e9 pour fontaines C300 est fait de r\u00e9sines \u00e0 hautes caract\u00e9ristiques thermom\u00e9caniques enrichies de fibres de verre, r\u00e9glable.\" \/>\n<meta name=\"robots\" content=\"index, follow, max-snippet:-1, max-image-preview:large, max-video-preview:-1\" \/>\n<link rel=\"canonical\" href=\"https:\/\/www.cascade.it\/fr\/prodotto\/projecteur-led-c300\/\" \/>\n<meta property=\"og:locale\" content=\"fr_FR\" \/>\n<meta property=\"og:type\" content=\"article\" \/>\n<meta property=\"og:title\" content=\"Projecteur LED immerg\u00e9 C300 pour fontaines - Cascade\" \/>\n<meta property=\"og:description\" content=\"Le projecteur LED immerg\u00e9 pour fontaines C300 est fait de r\u00e9sines \u00e0 hautes caract\u00e9ristiques thermom\u00e9caniques enrichies de fibres de verre, r\u00e9glable.\" \/>\n<meta property=\"og:url\" content=\"https:\/\/www.cascade.it\/fr\/prodotto\/projecteur-led-c300\/\" \/>\n<meta property=\"og:site_name\" content=\"Cascade\" \/>\n<meta property=\"article:modified_time\" content=\"2023-03-08T11:00:33+00:00\" \/>\n<meta property=\"og:image\" content=\"https:\/\/www.cascade.it\/new\/wp-content\/uploads\/2019\/08\/C300.jpg\" \/>\n\t<meta property=\"og:image:width\" content=\"1300\" \/>\n\t<meta property=\"og:image:height\" content=\"1300\" \/>\n\t<meta property=\"og:image:type\" content=\"image\/jpeg\" \/>\n<meta name=\"twitter:card\" content=\"summary_large_image\" \/>\n<meta name=\"twitter:label1\" content=\"Dur\u00e9e de lecture estim\u00e9e\" \/>\n\t<meta name=\"twitter:data1\" content=\"1 minute\" \/>\n<!-- \/ Yoast SEO plugin. -->","yoast_head_json":{"title":"Projecteur LED immerg\u00e9 C300 pour fontaines - Cascade","description":"Le projecteur LED immerg\u00e9 pour fontaines C300 est fait de r\u00e9sines \u00e0 hautes caract\u00e9ristiques thermom\u00e9caniques enrichies de fibres de verre, r\u00e9glable.","robots":{"index":"index","follow":"follow","max-snippet":"max-snippet:-1","max-image-preview":"max-image-preview:large","max-video-preview":"max-video-preview:-1"},"canonical":"https:\/\/www.cascade.it\/fr\/prodotto\/projecteur-led-c300\/","og_locale":"fr_FR","og_type":"article","og_title":"Projecteur LED immerg\u00e9 C300 pour fontaines - Cascade","og_description":"Le projecteur LED immerg\u00e9 pour fontaines C300 est fait de r\u00e9sines \u00e0 hautes caract\u00e9ristiques thermom\u00e9caniques enrichies de fibres de verre, r\u00e9glable.","og_url":"https:\/\/www.cascade.it\/fr\/prodotto\/projecteur-led-c300\/","og_site_name":"Cascade","article_modified_time":"2023-03-08T11:00:33+00:00","og_image":[{"width":1300,"height":1300,"url":"https:\/\/www.cascade.it\/new\/wp-content\/uploads\/2019\/08\/C300.jpg","type":"image\/jpeg"}],"twitter_card":"summary_large_image","twitter_misc":{"Dur\u00e9e de lecture estim\u00e9e":"1 minute"},"schema":{"@context":"https:\/\/schema.org","@graph":[{"@type":"WebPage","@id":"https:\/\/www.cascade.it\/fr\/prodotto\/projecteur-led-c300\/","url":"https:\/\/www.cascade.it\/fr\/prodotto\/projecteur-led-c300\/","name":"Projecteur LED immerg\u00e9 C300 pour fontaines - Cascade","isPartOf":{"@id":"https:\/\/www.cascade.it\/fr\/#website"},"primaryImageOfPage":{"@id":"https:\/\/www.cascade.it\/fr\/prodotto\/projecteur-led-c300\/#primaryimage"},"image":{"@id":"https:\/\/www.cascade.it\/fr\/prodotto\/projecteur-led-c300\/#primaryimage"},"thumbnailUrl":"https:\/\/www.cascade.it\/new\/wp-content\/uploads\/2019\/08\/C300.jpg","datePublished":"2019-08-07T09:50:13+00:00","dateModified":"2023-03-08T11:00:33+00:00","description":"Le projecteur LED immerg\u00e9 pour fontaines C300 est fait de r\u00e9sines \u00e0 hautes caract\u00e9ristiques thermom\u00e9caniques enrichies de fibres de verre, r\u00e9glable.","breadcrumb":{"@id":"https:\/\/www.cascade.it\/fr\/prodotto\/projecteur-led-c300\/#breadcrumb"},"inLanguage":"fr-FR","potentialAction":[{"@type":"ReadAction","target":["https:\/\/www.cascade.it\/fr\/prodotto\/projecteur-led-c300\/"]}]},{"@type":"ImageObject","inLanguage":"fr-FR","@id":"https:\/\/www.cascade.it\/fr\/prodotto\/projecteur-led-c300\/#primaryimage","url":"https:\/\/www.cascade.it\/new\/wp-content\/uploads\/2019\/08\/C300.jpg","contentUrl":"https:\/\/www.cascade.it\/new\/wp-content\/uploads\/2019\/08\/C300.jpg","width":1300,"height":1300},{"@type":"BreadcrumbList","@id":"https:\/\/www.cascade.it\/fr\/prodotto\/projecteur-led-c300\/#breadcrumb","itemListElement":[{"@type":"ListItem","position":1,"name":"Home","item":"https:\/\/www.cascade.it\/fr\/"},{"@type":"ListItem","position":2,"name":"Boutique","item":"https:\/\/www.cascade.it\/fr\/boutique\/"},{"@type":"ListItem","position":3,"name":"Projecteur LED C300"}]},{"@type":"WebSite","@id":"https:\/\/www.cascade.it\/fr\/#website","url":"https:\/\/www.cascade.it\/fr\/","name":"Cascade","description":"More than a fountain","potentialAction":[{"@type":"SearchAction","target":{"@type":"EntryPoint","urlTemplate":"https:\/\/www.cascade.it\/fr\/?s={search_term_string}"},"query-input":{"@type":"PropertyValueSpecification","valueRequired":true,"valueName":"search_term_string"}}],"inLanguage":"fr-FR"}]}},"_links":{"self":[{"href":"https:\/\/www.cascade.it\/fr\/wp-json\/wp\/v2\/product\/2959","targetHints":{"allow":["GET"]}}],"collection":[{"href":"https:\/\/www.cascade.it\/fr\/wp-json\/wp\/v2\/product"}],"about":[{"href":"https:\/\/www.cascade.it\/fr\/wp-json\/wp\/v2\/types\/product"}],"wp:featuredmedia":[{"embeddable":true,"href":"https:\/\/www.cascade.it\/fr\/wp-json\/wp\/v2\/media\/2960"}],"wp:attachment":[{"href":"https:\/\/www.cascade.it\/fr\/wp-json\/wp\/v2\/media?parent=2959"}],"wp:term":[{"taxonomy":"product_brand","embeddable":true,"href":"https:\/\/www.cascade.it\/fr\/wp-json\/wp\/v2\/product_brand?post=2959"},{"taxonomy":"product_cat","embeddable":true,"href":"https:\/\/www.cascade.it\/fr\/wp-json\/wp\/v2\/product_cat?post=2959"},{"taxonomy":"product_tag","embeddable":true,"href":"https:\/\/www.cascade.it\/fr\/wp-json\/wp\/v2\/product_tag?post=2959"}],"curies":[{"name":"wp","href":"https:\/\/api.w.org\/{rel}","templated":true}]}}