{"id":2953,"date":"2019-05-02T10:42:18","date_gmt":"2019-05-02T08:42:18","guid":{"rendered":"https:\/\/www.cascade.it\/new\/prodotto\/c120\/"},"modified":"2020-07-21T12:50:03","modified_gmt":"2020-07-21T10:50:03","slug":"projecteur-led-c120","status":"publish","type":"product","link":"https:\/\/www.cascade.it\/fr\/prodotto\/projecteur-led-c120\/","title":{"rendered":"Projecteur LED C120"},"content":{"rendered":"<p>&nbsp;<\/p>\n<div class=\"carousel-slider-outer carousel-slider-outer-image-carousel carousel-slider-outer-1754\" style=\"--carousel-slider-nav-color:#f1f1f1;--carousel-slider-active-nav-color:#00d1b2;--carousel-slider-arrow-size:48px;--carousel-slider-bullet-size:10px\">\n<div id=\"&#039;id-1754\" class=\"carousel-slider carousel-slider-1754 arrows-visibility-hover dots-visibility-never arrows-outside dots-center dots-square owl-carousel\" data-slide-type=\"image-carousel\" data-owl-settings='{\"nav\":true,\"dots\":false,\"slideBy\":1,\"stagePadding\":0,\"margin\":10,\"loop\":true,\"lazyLoad\":true,\"autoplay\":true,\"autoplayTimeout\":5000,\"autoplaySpeed\":500,\"autoplayHoverPause\":true,\"autoWidth\":false,\"responsive\":{\"300\":{\"items\":1},\"576\":{\"items\":2},\"768\":{\"items\":2},\"1024\":{\"items\":3},\"1280\":{\"items\":3},\"1536\":{\"items\":3}}}'>\n<div class=\"carousel-slider__item\">\n\t<img class=\"owl-lazy\" data-src=\"https:\/\/www.cascade.it\/new\/wp-content\/uploads\/2019\/08\/0-Faro-led-C120.jpg\" alt=\"\"><\/a><\/div>\n\n<div class=\"carousel-slider__item\">\n\t<img class=\"owl-lazy\" data-src=\"https:\/\/www.cascade.it\/new\/wp-content\/uploads\/2019\/08\/1-Faro-led-C120.jpg\" alt=\"\"><\/a><\/div>\n\n<div class=\"carousel-slider__item\">\n\t<img class=\"owl-lazy\" data-src=\"https:\/\/www.cascade.it\/new\/wp-content\/uploads\/2019\/08\/2-Faro-led-C120.jpg\" alt=\"\"><\/a><\/div>\n\n<div class=\"carousel-slider__item\">\n\t<img class=\"owl-lazy\" data-src=\"https:\/\/www.cascade.it\/new\/wp-content\/uploads\/2019\/08\/3-Faro-led-C120.jpg\" alt=\"\"><\/a><\/div>\n\n<\/div><!-- .carousel-slider-1754 -->\n<\/div><!-- .carousel-slider-outer-1754 -->\n\n<h1><span style=\"color: #1e73be;\">Projecteur LED C120 pour fontaines<\/span><\/h1>\n<p>Le projecteur LED immerg\u00e9 pour fontaines <strong>C120<\/strong> est fait de r\u00e9sines \u00e0 <strong>hautes caract\u00e9ristiques thermom\u00e9caniques<\/strong> enrichies de fibres de verre, <strong>r\u00e9glable<\/strong>, \u00e9quip\u00e9 de joints en caoutchouc silicone, support pour ancrage, <strong>presse-\u00e9toupe simple ou double<\/strong> pour connexion parall\u00e8le et est complet avec <strong>lampe LED monochromatique AR111<\/strong>, puissance 15 W, tension 12 Vcc.<\/p>\n<p>Niveau de protection <strong>IP68<\/strong>.<\/p>\n<p>&nbsp;<\/p>\n<h3>Donn\u00e9es techniques<\/h3>\n<div style=\"overflow-x: auto;\">\n<table width=\"92%\">\n<tbody>\n<tr>\n<td width=\"16%\"><strong>\u00a0<\/strong><\/td>\n<td class=\"thHorz\" colspan=\"2\" width=\"83%\">C120<\/td>\n<\/tr>\n<tr>\n<td class=\"thVert\" width=\"16%\">Code<\/td>\n<td width=\"38%\">LEDC1201N<\/td>\n<td width=\"45%\">LEDC1202N<\/td>\n<\/tr>\n<tr>\n<td class=\"thVert\" width=\"16%\">Mat\u00e9riel<\/td>\n<td width=\"38%\">Polyamide<\/td>\n<td width=\"45%\">Polyamide<\/td>\n<\/tr>\n<tr>\n<td class=\"thVert\" width=\"16%\">Alimentation<\/td>\n<td width=\"38%\">12 Vdc<\/td>\n<td width=\"45%\">12 Vdc<\/td>\n<\/tr>\n<tr>\n<td class=\"thVert\" width=\"16%\">Presse-\u00e9toupes<\/td>\n<td width=\"38%\">1<\/td>\n<td width=\"45%\">2<\/td>\n<\/tr>\n<tr>\n<td class=\"thVert\" width=\"16%\">Puissance max<\/td>\n<td width=\"38%\">15 W<\/td>\n<td width=\"45%\">15 W<\/td>\n<\/tr>\n<tr>\n<td class=\"thVert\" width=\"16%\">Lampe<\/td>\n<td width=\"38%\">Led AR111<\/td>\n<td width=\"45%\">Led AR111<\/td>\n<\/tr>\n<tr>\n<td class=\"thVert\" width=\"16%\">Couleur<\/td>\n<td width=\"38%\">Blanc normal (4000\u00b0K)<\/td>\n<td width=\"45%\">Blanc normal (4000\u00b0K)<\/td>\n<\/tr>\n<tr>\n<td class=\"thVert\" width=\"16%\">C\u00e2ble<\/td>\n<td width=\"38%\">(H07RN-F) 2&#215;1 mm<sup>2<\/sup> &#8211; Submersible<\/td>\n<td width=\"45%\">(H07RN-F) 2&#215;1 mm<sup>2<\/sup> &#8211; Submersible<\/td>\n<\/tr>\n<tr>\n<td class=\"thVert\" width=\"16%\">Niveau de protection<\/td>\n<td width=\"38%\">IP68<\/td>\n<td width=\"45%\">IP68<\/td>\n<\/tr>\n<\/tbody>\n<\/table>\n<\/div>\n<p>&nbsp;<\/p>\n","protected":false},"excerpt":{"rendered":"<p>&nbsp; Projecteur LED C120 pour fontaines Le projecteur LED immerg\u00e9 pour fontaines C120 est fait de r\u00e9sines \u00e0 hautes caract\u00e9ristiques thermom\u00e9caniques enrichies de fibres de verre, r\u00e9glable, \u00e9quip\u00e9 de joints en caoutchouc silicone, support pour ancrage, presse-\u00e9toupe simple ou double pour connexion parall\u00e8le et est complet avec lampe LED monochromatique AR111, puissance 15 W, tension [&hellip;]<\/p>\n","protected":false},"featured_media":2954,"template":"","meta":[],"product_brand":[],"product_cat":[295],"product_tag":[],"class_list":{"0":"post-2953","1":"product","2":"type-product","3":"status-publish","4":"has-post-thumbnail","6":"product_cat-projecteurs-led-poli","8":"first","9":"instock","10":"shipping-taxable","11":"product-type-simple"},"yoast_head":"<!-- This site is optimized with the Yoast SEO plugin v26.7 - https:\/\/yoast.com\/wordpress\/plugins\/seo\/ -->\n<title>Projecteur LED immerg\u00e9 C120 pour fontaines - Cascade<\/title>\n<meta name=\"description\" content=\"Le projecteur LED immerg\u00e9 pour fontaines C120 est fait de r\u00e9sines \u00e0 hautes caract\u00e9ristiques thermom\u00e9caniques enrichies de fibres de verre, r\u00e9glable.\" \/>\n<meta name=\"robots\" content=\"index, follow, max-snippet:-1, max-image-preview:large, max-video-preview:-1\" \/>\n<link rel=\"canonical\" href=\"https:\/\/www.cascade.it\/fr\/prodotto\/projecteur-led-c120\/\" \/>\n<meta property=\"og:locale\" content=\"fr_FR\" \/>\n<meta property=\"og:type\" content=\"article\" \/>\n<meta property=\"og:title\" content=\"Projecteur LED immerg\u00e9 C120 pour fontaines - Cascade\" \/>\n<meta property=\"og:description\" content=\"Le projecteur LED immerg\u00e9 pour fontaines C120 est fait de r\u00e9sines \u00e0 hautes caract\u00e9ristiques thermom\u00e9caniques enrichies de fibres de verre, r\u00e9glable.\" \/>\n<meta property=\"og:url\" content=\"https:\/\/www.cascade.it\/fr\/prodotto\/projecteur-led-c120\/\" \/>\n<meta property=\"og:site_name\" content=\"Cascade\" \/>\n<meta property=\"article:modified_time\" content=\"2020-07-21T10:50:03+00:00\" \/>\n<meta property=\"og:image\" content=\"https:\/\/www.cascade.it\/new\/wp-content\/uploads\/Prodotti\/Fari_subacquei_per_fontane\/Fari_led_POLY\/C120.jpg\" \/>\n\t<meta property=\"og:image:width\" content=\"1300\" \/>\n\t<meta property=\"og:image:height\" content=\"1300\" \/>\n\t<meta property=\"og:image:type\" content=\"image\/jpeg\" \/>\n<meta name=\"twitter:card\" content=\"summary_large_image\" \/>\n<meta name=\"twitter:label1\" content=\"Dur\u00e9e de lecture estim\u00e9e\" \/>\n\t<meta name=\"twitter:data1\" content=\"1 minute\" \/>\n<!-- \/ Yoast SEO plugin. -->","yoast_head_json":{"title":"Projecteur LED immerg\u00e9 C120 pour fontaines - Cascade","description":"Le projecteur LED immerg\u00e9 pour fontaines C120 est fait de r\u00e9sines \u00e0 hautes caract\u00e9ristiques thermom\u00e9caniques enrichies de fibres de verre, r\u00e9glable.","robots":{"index":"index","follow":"follow","max-snippet":"max-snippet:-1","max-image-preview":"max-image-preview:large","max-video-preview":"max-video-preview:-1"},"canonical":"https:\/\/www.cascade.it\/fr\/prodotto\/projecteur-led-c120\/","og_locale":"fr_FR","og_type":"article","og_title":"Projecteur LED immerg\u00e9 C120 pour fontaines - Cascade","og_description":"Le projecteur LED immerg\u00e9 pour fontaines C120 est fait de r\u00e9sines \u00e0 hautes caract\u00e9ristiques thermom\u00e9caniques enrichies de fibres de verre, r\u00e9glable.","og_url":"https:\/\/www.cascade.it\/fr\/prodotto\/projecteur-led-c120\/","og_site_name":"Cascade","article_modified_time":"2020-07-21T10:50:03+00:00","og_image":[{"width":1300,"height":1300,"url":"https:\/\/www.cascade.it\/new\/wp-content\/uploads\/Prodotti\/Fari_subacquei_per_fontane\/Fari_led_POLY\/C120.jpg","type":"image\/jpeg"}],"twitter_card":"summary_large_image","twitter_misc":{"Dur\u00e9e de lecture estim\u00e9e":"1 minute"},"schema":{"@context":"https:\/\/schema.org","@graph":[{"@type":"WebPage","@id":"https:\/\/www.cascade.it\/fr\/prodotto\/projecteur-led-c120\/","url":"https:\/\/www.cascade.it\/fr\/prodotto\/projecteur-led-c120\/","name":"Projecteur LED immerg\u00e9 C120 pour fontaines - Cascade","isPartOf":{"@id":"https:\/\/www.cascade.it\/fr\/#website"},"primaryImageOfPage":{"@id":"https:\/\/www.cascade.it\/fr\/prodotto\/projecteur-led-c120\/#primaryimage"},"image":{"@id":"https:\/\/www.cascade.it\/fr\/prodotto\/projecteur-led-c120\/#primaryimage"},"thumbnailUrl":"https:\/\/www.cascade.it\/new\/wp-content\/uploads\/Prodotti\/Fari_subacquei_per_fontane\/Fari_led_POLY\/C120.jpg","datePublished":"2019-05-02T08:42:18+00:00","dateModified":"2020-07-21T10:50:03+00:00","description":"Le projecteur LED immerg\u00e9 pour fontaines C120 est fait de r\u00e9sines \u00e0 hautes caract\u00e9ristiques thermom\u00e9caniques enrichies de fibres de verre, r\u00e9glable.","breadcrumb":{"@id":"https:\/\/www.cascade.it\/fr\/prodotto\/projecteur-led-c120\/#breadcrumb"},"inLanguage":"fr-FR","potentialAction":[{"@type":"ReadAction","target":["https:\/\/www.cascade.it\/fr\/prodotto\/projecteur-led-c120\/"]}]},{"@type":"ImageObject","inLanguage":"fr-FR","@id":"https:\/\/www.cascade.it\/fr\/prodotto\/projecteur-led-c120\/#primaryimage","url":"https:\/\/www.cascade.it\/new\/wp-content\/uploads\/Prodotti\/Fari_subacquei_per_fontane\/Fari_led_POLY\/C120.jpg","contentUrl":"https:\/\/www.cascade.it\/new\/wp-content\/uploads\/Prodotti\/Fari_subacquei_per_fontane\/Fari_led_POLY\/C120.jpg","width":1300,"height":1300},{"@type":"BreadcrumbList","@id":"https:\/\/www.cascade.it\/fr\/prodotto\/projecteur-led-c120\/#breadcrumb","itemListElement":[{"@type":"ListItem","position":1,"name":"Home","item":"https:\/\/www.cascade.it\/fr\/"},{"@type":"ListItem","position":2,"name":"Boutique","item":"https:\/\/www.cascade.it\/fr\/boutique\/"},{"@type":"ListItem","position":3,"name":"Projecteur LED C120"}]},{"@type":"WebSite","@id":"https:\/\/www.cascade.it\/fr\/#website","url":"https:\/\/www.cascade.it\/fr\/","name":"Cascade","description":"More than a fountain","potentialAction":[{"@type":"SearchAction","target":{"@type":"EntryPoint","urlTemplate":"https:\/\/www.cascade.it\/fr\/?s={search_term_string}"},"query-input":{"@type":"PropertyValueSpecification","valueRequired":true,"valueName":"search_term_string"}}],"inLanguage":"fr-FR"}]}},"_links":{"self":[{"href":"https:\/\/www.cascade.it\/fr\/wp-json\/wp\/v2\/product\/2953","targetHints":{"allow":["GET"]}}],"collection":[{"href":"https:\/\/www.cascade.it\/fr\/wp-json\/wp\/v2\/product"}],"about":[{"href":"https:\/\/www.cascade.it\/fr\/wp-json\/wp\/v2\/types\/product"}],"wp:featuredmedia":[{"embeddable":true,"href":"https:\/\/www.cascade.it\/fr\/wp-json\/wp\/v2\/media\/2954"}],"wp:attachment":[{"href":"https:\/\/www.cascade.it\/fr\/wp-json\/wp\/v2\/media?parent=2953"}],"wp:term":[{"taxonomy":"product_brand","embeddable":true,"href":"https:\/\/www.cascade.it\/fr\/wp-json\/wp\/v2\/product_brand?post=2953"},{"taxonomy":"product_cat","embeddable":true,"href":"https:\/\/www.cascade.it\/fr\/wp-json\/wp\/v2\/product_cat?post=2953"},{"taxonomy":"product_tag","embeddable":true,"href":"https:\/\/www.cascade.it\/fr\/wp-json\/wp\/v2\/product_tag?post=2953"}],"curies":[{"name":"wp","href":"https:\/\/api.w.org\/{rel}","templated":true}]}}