{"id":2933,"date":"2019-05-02T10:35:23","date_gmt":"2019-05-02T08:35:23","guid":{"rendered":"https:\/\/www.cascade.it\/new\/prodotto\/mizar-36-mono\/"},"modified":"2021-01-28T16:45:47","modified_gmt":"2021-01-28T15:45:47","slug":"mizar-36-mono","status":"publish","type":"product","link":"https:\/\/www.cascade.it\/fr\/prodotto\/mizar-36-mono\/","title":{"rendered":"Mizar 36 Mono"},"content":{"rendered":"<p>&nbsp;<\/p>\n<div class=\"carousel-slider-outer carousel-slider-outer-image-carousel carousel-slider-outer-1839\" style=\"--carousel-slider-nav-color:#f1f1f1;--carousel-slider-active-nav-color:#00d1b2;--carousel-slider-arrow-size:48px;--carousel-slider-bullet-size:10px\">\n<div id=\"&#039;id-1839\" class=\"carousel-slider carousel-slider-1839 arrows-visibility-hover dots-visibility-never arrows-outside dots-center dots-square owl-carousel\" data-slide-type=\"image-carousel\" data-owl-settings='{\"nav\":true,\"dots\":false,\"slideBy\":1,\"stagePadding\":0,\"margin\":10,\"loop\":true,\"lazyLoad\":true,\"autoplay\":true,\"autoplayTimeout\":5000,\"autoplaySpeed\":500,\"autoplayHoverPause\":true,\"autoWidth\":false,\"responsive\":{\"300\":{\"items\":1},\"576\":{\"items\":2},\"768\":{\"items\":2},\"1024\":{\"items\":3},\"1280\":{\"items\":3},\"1536\":{\"items\":3}}}'>\n<div class=\"carousel-slider__item\">\n\t<img class=\"owl-lazy\" data-src=\"https:\/\/www.cascade.it\/new\/wp-content\/uploads\/2019\/08\/0-Faro-Led-Mizar-36-Mono.jpg\" alt=\"\"><\/a><\/div>\n\n<div class=\"carousel-slider__item\">\n\t<img class=\"owl-lazy\" data-src=\"https:\/\/www.cascade.it\/new\/wp-content\/uploads\/2019\/08\/1-Faro-Led-Mizar-36-Mono.jpg\" alt=\"\"><\/a><\/div>\n\n<div class=\"carousel-slider__item\">\n\t<img class=\"owl-lazy\" data-src=\"https:\/\/www.cascade.it\/new\/wp-content\/uploads\/2019\/08\/2-Faro-Led-Mizar-36-Mono.jpg\" alt=\"\"><\/a><\/div>\n\n<\/div><!-- .carousel-slider-1839 -->\n<\/div><!-- .carousel-slider-outer-1839 -->\n\n<h1><span style=\"color: #1e73be;\">Projecteur LED immerg\u00e9 Mizar 36 Mono pour fontaines<\/span><\/h1>\n<ul>\n<li>En acier inoxydable AISI 316L et laiton nickel\u00e9, \u00e9paisseur 3-8 mm;<\/li>\n<li>24 V<sub>cc<\/sub> &#8211; 36 W puissance maximale;<\/li>\n<li>Driver LED \u00e0 bord &#8211; pas de driver LED externe;<\/li>\n<li>LED monochromes haute performance;<\/li>\n<li>Optiques sp\u00e9cifiques pour un \u00e9clairage optimal;<\/li>\n<li>10 m de c\u00e2ble H07RN-F submersible;<\/li>\n<li>Jonction rapide IP68 submersible sur demande;<\/li>\n<li>Niveau de protection IP68 jusqu&rsquo;\u00e0 10 m de profondeur;<\/li>\n<li>D\u00e9montable et accessible en toutes ses parties pour un \u00e9ventuel entretien.<\/li>\n<\/ul>\n<p>&nbsp;<\/p>\n<h3>Description<\/h3>\n<p>Le projecteur LED immerg\u00e9 <strong>Mizar 36 Mono<\/strong> pour fontaines a \u00e9t\u00e9 <strong>\u00e9tudi\u00e9 et con\u00e7u<\/strong> sp\u00e9cifiquement pour l&rsquo;\u00e9clairage des fontaines et des sc\u00e9nographies aquatiques et est disponible dans la version <strong>monochromatique<\/strong>.<\/p>\n<p>Fabriqu\u00e9 en <strong>laiton nickel\u00e9 et acier inoxydable<\/strong> aux propri\u00e9t\u00e9s m\u00e9caniques \u00e9lev\u00e9es, vis en acier inoxydable, joints en caoutchouc silicone, presse-\u00e9toupes en laiton nickel\u00e9 et support en acier inoxydable (dans la version r\u00e9glable pour l&rsquo;ancrage au mur ou au sol).<\/p>\n<p>Les <strong>LED monochromatiques<\/strong> de derni\u00e8re g\u00e9n\u00e9ration aux performances chromatiques \u00e9lev\u00e9es associ\u00e9es \u00e0 des optiques sp\u00e9cifiques garantissent un excellent \u00e9clairage.<\/p>\n<p>Il peut \u00eatre mont\u00e9 encastr\u00e9 \u00e0 l&rsquo;aide de la niche en acier inoxydable ou en PVC.<\/p>\n<p>Dans la version standard, le projecteur LED immerg\u00e9 Mizar 36 Mono est complet avec <strong>10 m de c\u00e2ble<\/strong> \u00e0 deux conducteurs H07RN-F 2&#215;1.5 mm\u00b2 adapt\u00e9 pour une <strong>utilisation dans l&rsquo;eau<\/strong>. Sur demande, il peut \u00eatre fourni avec diff\u00e9rentes longueurs de c\u00e2ble ou dans la version avec <a href=\"https:\/\/www.cascade.it\/fr\/prodotto\/jonctions-submersibles-ip68\/\"><span style=\"text-decoration: underline;\"><strong>jonction submersible IP68<\/strong><\/span><\/a>\u00a0pour faciliter et acc\u00e9l\u00e9rer l&rsquo;installation et tout entretien du phare.<\/p>\n<p>Le niveau de protection est <strong>IP68<\/strong>, mais en m\u00eame temps il peut \u00eatre <strong>compl\u00e8tement d\u00e9mont\u00e9 et accessible dans toutes ses parties<\/strong>.<\/p>\n<p>&nbsp;<\/p>\n<h3>Donn\u00e9es techniques<\/h3>\n<div style=\"overflow-x: auto;\">\n<table width=\"104%\">\n<tbody>\n<tr>\n<td width=\"11%\"><strong>\u00a0<\/strong><\/td>\n<td class=\"thHorz\" colspan=\"6\" width=\"88%\">Mizar 36 Mono<\/td>\n<\/tr>\n<tr>\n<td class=\"thVert\" width=\"11%\">Code<\/td>\n<td width=\"14%\">LED36C<\/td>\n<td width=\"14%\">LED36N<\/td>\n<td width=\"14%\">LED36F<\/td>\n<td width=\"14%\">LED36R<\/td>\n<td width=\"14%\">LED36V<\/td>\n<td width=\"14%\">LED36B<\/td>\n<\/tr>\n<tr>\n<td class=\"thVert\" width=\"11%\">Mat\u00e9riel<\/td>\n<td width=\"14%\">Acier inox \u2013 Laiton nickel\u00e9<\/td>\n<td width=\"14%\">Acier inox \u2013 Laiton nickel\u00e9<\/td>\n<td width=\"14%\">Acier inox \u2013 Laiton nickel\u00e9<\/td>\n<td width=\"14%\">Acier inox \u2013 Laiton nickel\u00e9<\/td>\n<td width=\"14%\">Acier inox \u2013 Laiton nickel\u00e9<\/td>\n<td width=\"14%\">Acier inox \u2013 Laiton nickel\u00e9<\/td>\n<\/tr>\n<tr>\n<td class=\"thVert\" width=\"11%\">Alimentation<\/td>\n<td width=\"14%\">24 Vcc<\/td>\n<td width=\"14%\">24 Vcc<\/td>\n<td width=\"14%\">24 Vcc<\/td>\n<td width=\"14%\">24 Vcc<\/td>\n<td width=\"14%\">24 Vcc<\/td>\n<td width=\"14%\">24 Vcc<\/td>\n<\/tr>\n<tr>\n<td class=\"thVert\" width=\"11%\">Puissance maximale<\/td>\n<td width=\"14%\">36 W<\/td>\n<td width=\"14%\">36 W<\/td>\n<td width=\"14%\">36 W<\/td>\n<td width=\"14%\">36 W<\/td>\n<td width=\"14%\">36 W<\/td>\n<td width=\"14%\">36 W<\/td>\n<\/tr>\n<tr>\n<td class=\"thVert\" width=\"11%\">LED<\/td>\n<td width=\"14%\">12 Power LED 3 W<\/td>\n<td width=\"14%\">12 Power LED 3 W<\/td>\n<td width=\"14%\">12 Power LED 3 W<\/td>\n<td width=\"14%\">12 Power LED 3 W<\/td>\n<td width=\"14%\">12 Power LED 3 W<\/td>\n<td width=\"14%\">12 Power LED 3 W<\/td>\n<\/tr>\n<tr>\n<td class=\"thVert\" width=\"11%\">Couleur<\/td>\n<td width=\"14%\">Blanc chaud (2800-3200\u00b0K)<\/td>\n<td width=\"14%\">Blanc normal (3200-4500\u00b0K)<\/td>\n<td width=\"14%\">Blanc froid (4500-6000\u00b0K)<\/td>\n<td width=\"14%\">Rouge<\/td>\n<td width=\"14%\">Vert<\/td>\n<td width=\"14%\">Bleu<\/td>\n<\/tr>\n<tr>\n<td class=\"thVert\" width=\"11%\">Flux lumineux total max<\/td>\n<td width=\"14%\">2880 lm<\/td>\n<td width=\"14%\">2640 lm<\/td>\n<td width=\"14%\">3360 lm<\/td>\n<td width=\"14%\">1920 lm<\/td>\n<td width=\"14%\">2400 lm<\/td>\n<td width=\"14%\">804 lm<\/td>\n<\/tr>\n<tr>\n<td class=\"thVert\" width=\"11%\">Ampleur faisceau lumineux<\/td>\n<td width=\"14%\">25\u00b0 &#8211; 45\u00b0 &#8211; 60\u00b0<\/td>\n<td width=\"14%\">25\u00b0 &#8211; 45\u00b0 &#8211; 60\u00b0<\/td>\n<td width=\"14%\">25\u00b0 &#8211; 45\u00b0 &#8211; 60\u00b0<\/td>\n<td width=\"14%\">25\u00b0 &#8211; 45\u00b0 &#8211; 60\u00b0<\/td>\n<td width=\"14%\">25\u00b0 &#8211; 45\u00b0 &#8211; 60\u00b0<\/td>\n<td width=\"14%\">25\u00b0 &#8211; 45\u00b0 &#8211; 60\u00b0<\/td>\n<\/tr>\n<tr>\n<td class=\"thVert\" width=\"11%\">C\u00e2ble<\/td>\n<td width=\"14%\">(H07RN-F) 2&#215;1,5 mm<sup>2<\/sup> &#8211; 10 m &#8211; Submersible<\/td>\n<td width=\"14%\">(H07RN-F) 2&#215;1,5 mm<sup>2<\/sup> &#8211; 10 m &#8211; Submersible<\/td>\n<td width=\"14%\">(H07RN-F) 2&#215;1,5 mm<sup>2<\/sup> &#8211; 10 m &#8211; Submersible<\/td>\n<td width=\"14%\">(H07RN-F) 2&#215;1,5 mm<sup>2<\/sup> &#8211; 10 m &#8211; Submersible<\/td>\n<td width=\"14%\">(H07RN-F) 2&#215;1,5 mm<sup>2<\/sup> &#8211; 10 m &#8211; Submersible<\/td>\n<td width=\"14%\">(H07RN-F) 2&#215;1,5 mm<sup>2<\/sup> &#8211; 10 m &#8211; Submersible<\/td>\n<\/tr>\n<tr>\n<td class=\"thVert\" width=\"11%\">Niveau de protection<\/td>\n<td width=\"14%\">IP68<\/td>\n<td width=\"14%\">IP68<\/td>\n<td width=\"14%\">IP68<\/td>\n<td width=\"14%\">IP68<\/td>\n<td width=\"14%\">IP68<\/td>\n<td width=\"14%\">IP68<\/td>\n<\/tr>\n<\/tbody>\n<\/table>\n<\/div>\n<p>&nbsp;<\/p>\n<div>\n<div style=\"padding: 5px; text-align: center; float: left; margin-left: 20px;\"><\/div>\n<div style=\"clear: both;\"><\/div>\n<\/div>\n","protected":false},"excerpt":{"rendered":"<p>&nbsp; Projecteur LED immerg\u00e9 Mizar 36 Mono pour fontaines En acier inoxydable AISI 316L et laiton nickel\u00e9, \u00e9paisseur 3-8 mm; 24 Vcc &#8211; 36 W puissance maximale; Driver LED \u00e0 bord &#8211; pas de driver LED externe; LED monochromes haute performance; Optiques sp\u00e9cifiques pour un \u00e9clairage optimal; 10 m de c\u00e2ble H07RN-F submersible; Jonction rapide [&hellip;]<\/p>\n","protected":false},"featured_media":2934,"template":"","meta":[],"product_brand":[],"product_cat":[294],"product_tag":[],"class_list":{"0":"post-2933","1":"product","2":"type-product","3":"status-publish","4":"has-post-thumbnail","6":"product_cat-projecteurs-led-mizar","8":"first","9":"instock","10":"shipping-taxable","11":"product-type-simple"},"yoast_head":"<!-- This site is optimized with the Yoast SEO plugin v26.7 - https:\/\/yoast.com\/wordpress\/plugins\/seo\/ -->\n<title>Projecteur LED immerg\u00e9 Mizar 36 Mono pour fontaines - Cascade<\/title>\n<meta name=\"description\" content=\"Le projecteur LED immerg\u00e9 Mizar 36 Mono pour fontaines a \u00e9t\u00e9 \u00e9tudi\u00e9 et con\u00e7u sp\u00e9cifiquement pour l&#039;\u00e9clairage des fontaines et des sc\u00e9nographies aquatiques.\" \/>\n<meta name=\"robots\" content=\"index, follow, max-snippet:-1, max-image-preview:large, max-video-preview:-1\" \/>\n<link rel=\"canonical\" href=\"https:\/\/www.cascade.it\/fr\/prodotto\/mizar-36-mono\/\" \/>\n<meta property=\"og:locale\" content=\"fr_FR\" \/>\n<meta property=\"og:type\" content=\"article\" \/>\n<meta property=\"og:title\" content=\"Projecteur LED immerg\u00e9 Mizar 36 Mono pour fontaines - Cascade\" \/>\n<meta property=\"og:description\" content=\"Le projecteur LED immerg\u00e9 Mizar 36 Mono pour fontaines a \u00e9t\u00e9 \u00e9tudi\u00e9 et con\u00e7u sp\u00e9cifiquement pour l&#039;\u00e9clairage des fontaines et des sc\u00e9nographies aquatiques.\" \/>\n<meta property=\"og:url\" content=\"https:\/\/www.cascade.it\/fr\/prodotto\/mizar-36-mono\/\" \/>\n<meta property=\"og:site_name\" content=\"Cascade\" \/>\n<meta property=\"article:modified_time\" content=\"2021-01-28T15:45:47+00:00\" \/>\n<meta property=\"og:image\" content=\"https:\/\/www.cascade.it\/new\/wp-content\/uploads\/2019\/05\/MIZAR-36-MONO.jpg\" \/>\n\t<meta property=\"og:image:width\" content=\"1300\" \/>\n\t<meta property=\"og:image:height\" content=\"1300\" \/>\n\t<meta property=\"og:image:type\" content=\"image\/jpeg\" \/>\n<meta name=\"twitter:card\" content=\"summary_large_image\" \/>\n<meta name=\"twitter:label1\" content=\"Dur\u00e9e de lecture estim\u00e9e\" \/>\n\t<meta name=\"twitter:data1\" content=\"2 minutes\" \/>\n<!-- \/ Yoast SEO plugin. -->","yoast_head_json":{"title":"Projecteur LED immerg\u00e9 Mizar 36 Mono pour fontaines - Cascade","description":"Le projecteur LED immerg\u00e9 Mizar 36 Mono pour fontaines a \u00e9t\u00e9 \u00e9tudi\u00e9 et con\u00e7u sp\u00e9cifiquement pour l'\u00e9clairage des fontaines et des sc\u00e9nographies aquatiques.","robots":{"index":"index","follow":"follow","max-snippet":"max-snippet:-1","max-image-preview":"max-image-preview:large","max-video-preview":"max-video-preview:-1"},"canonical":"https:\/\/www.cascade.it\/fr\/prodotto\/mizar-36-mono\/","og_locale":"fr_FR","og_type":"article","og_title":"Projecteur LED immerg\u00e9 Mizar 36 Mono pour fontaines - Cascade","og_description":"Le projecteur LED immerg\u00e9 Mizar 36 Mono pour fontaines a \u00e9t\u00e9 \u00e9tudi\u00e9 et con\u00e7u sp\u00e9cifiquement pour l'\u00e9clairage des fontaines et des sc\u00e9nographies aquatiques.","og_url":"https:\/\/www.cascade.it\/fr\/prodotto\/mizar-36-mono\/","og_site_name":"Cascade","article_modified_time":"2021-01-28T15:45:47+00:00","og_image":[{"width":1300,"height":1300,"url":"https:\/\/www.cascade.it\/new\/wp-content\/uploads\/2019\/05\/MIZAR-36-MONO.jpg","type":"image\/jpeg"}],"twitter_card":"summary_large_image","twitter_misc":{"Dur\u00e9e de lecture estim\u00e9e":"2 minutes"},"schema":{"@context":"https:\/\/schema.org","@graph":[{"@type":"WebPage","@id":"https:\/\/www.cascade.it\/fr\/prodotto\/mizar-36-mono\/","url":"https:\/\/www.cascade.it\/fr\/prodotto\/mizar-36-mono\/","name":"Projecteur LED immerg\u00e9 Mizar 36 Mono pour fontaines - Cascade","isPartOf":{"@id":"https:\/\/www.cascade.it\/fr\/#website"},"primaryImageOfPage":{"@id":"https:\/\/www.cascade.it\/fr\/prodotto\/mizar-36-mono\/#primaryimage"},"image":{"@id":"https:\/\/www.cascade.it\/fr\/prodotto\/mizar-36-mono\/#primaryimage"},"thumbnailUrl":"https:\/\/www.cascade.it\/new\/wp-content\/uploads\/2019\/05\/MIZAR-36-MONO.jpg","datePublished":"2019-05-02T08:35:23+00:00","dateModified":"2021-01-28T15:45:47+00:00","description":"Le projecteur LED immerg\u00e9 Mizar 36 Mono pour fontaines a \u00e9t\u00e9 \u00e9tudi\u00e9 et con\u00e7u sp\u00e9cifiquement pour l'\u00e9clairage des fontaines et des sc\u00e9nographies aquatiques.","breadcrumb":{"@id":"https:\/\/www.cascade.it\/fr\/prodotto\/mizar-36-mono\/#breadcrumb"},"inLanguage":"fr-FR","potentialAction":[{"@type":"ReadAction","target":["https:\/\/www.cascade.it\/fr\/prodotto\/mizar-36-mono\/"]}]},{"@type":"ImageObject","inLanguage":"fr-FR","@id":"https:\/\/www.cascade.it\/fr\/prodotto\/mizar-36-mono\/#primaryimage","url":"https:\/\/www.cascade.it\/new\/wp-content\/uploads\/2019\/05\/MIZAR-36-MONO.jpg","contentUrl":"https:\/\/www.cascade.it\/new\/wp-content\/uploads\/2019\/05\/MIZAR-36-MONO.jpg","width":1300,"height":1300},{"@type":"BreadcrumbList","@id":"https:\/\/www.cascade.it\/fr\/prodotto\/mizar-36-mono\/#breadcrumb","itemListElement":[{"@type":"ListItem","position":1,"name":"Home","item":"https:\/\/www.cascade.it\/fr\/"},{"@type":"ListItem","position":2,"name":"Boutique","item":"https:\/\/www.cascade.it\/fr\/boutique\/"},{"@type":"ListItem","position":3,"name":"Mizar 36 Mono"}]},{"@type":"WebSite","@id":"https:\/\/www.cascade.it\/fr\/#website","url":"https:\/\/www.cascade.it\/fr\/","name":"Cascade","description":"More than a fountain","potentialAction":[{"@type":"SearchAction","target":{"@type":"EntryPoint","urlTemplate":"https:\/\/www.cascade.it\/fr\/?s={search_term_string}"},"query-input":{"@type":"PropertyValueSpecification","valueRequired":true,"valueName":"search_term_string"}}],"inLanguage":"fr-FR"}]}},"_links":{"self":[{"href":"https:\/\/www.cascade.it\/fr\/wp-json\/wp\/v2\/product\/2933","targetHints":{"allow":["GET"]}}],"collection":[{"href":"https:\/\/www.cascade.it\/fr\/wp-json\/wp\/v2\/product"}],"about":[{"href":"https:\/\/www.cascade.it\/fr\/wp-json\/wp\/v2\/types\/product"}],"wp:featuredmedia":[{"embeddable":true,"href":"https:\/\/www.cascade.it\/fr\/wp-json\/wp\/v2\/media\/2934"}],"wp:attachment":[{"href":"https:\/\/www.cascade.it\/fr\/wp-json\/wp\/v2\/media?parent=2933"}],"wp:term":[{"taxonomy":"product_brand","embeddable":true,"href":"https:\/\/www.cascade.it\/fr\/wp-json\/wp\/v2\/product_brand?post=2933"},{"taxonomy":"product_cat","embeddable":true,"href":"https:\/\/www.cascade.it\/fr\/wp-json\/wp\/v2\/product_cat?post=2933"},{"taxonomy":"product_tag","embeddable":true,"href":"https:\/\/www.cascade.it\/fr\/wp-json\/wp\/v2\/product_tag?post=2933"}],"curies":[{"name":"wp","href":"https:\/\/api.w.org\/{rel}","templated":true}]}}