{"id":2913,"date":"2019-07-24T11:42:25","date_gmt":"2019-07-24T09:42:25","guid":{"rendered":"https:\/\/www.cascade.it\/new\/prodotto\/mizar-24-mono\/"},"modified":"2021-01-28T17:53:27","modified_gmt":"2021-01-28T16:53:27","slug":"mizar-24-mono","status":"publish","type":"product","link":"https:\/\/www.cascade.it\/fr\/prodotto\/mizar-24-mono\/","title":{"rendered":"Mizar 24 Mono"},"content":{"rendered":"<p>&nbsp;<\/p>\n<div class=\"carousel-slider-outer carousel-slider-outer-image-carousel carousel-slider-outer-1815\" style=\"--carousel-slider-nav-color:#f1f1f1;--carousel-slider-active-nav-color:#00d1b2;--carousel-slider-arrow-size:48px;--carousel-slider-bullet-size:10px\">\n<div id=\"&#039;id-1815\" class=\"carousel-slider carousel-slider-1815 arrows-visibility-hover dots-visibility-never arrows-outside dots-center dots-square owl-carousel\" data-slide-type=\"image-carousel\" data-owl-settings='{\"nav\":true,\"dots\":false,\"slideBy\":1,\"stagePadding\":0,\"margin\":10,\"loop\":true,\"lazyLoad\":true,\"autoplay\":true,\"autoplayTimeout\":5000,\"autoplaySpeed\":500,\"autoplayHoverPause\":true,\"autoWidth\":false,\"responsive\":{\"300\":{\"items\":1},\"576\":{\"items\":2},\"768\":{\"items\":2},\"1024\":{\"items\":3},\"1280\":{\"items\":3},\"1536\":{\"items\":3}}}'>\n<div class=\"carousel-slider__item\">\n\t<img class=\"owl-lazy\" data-src=\"https:\/\/www.cascade.it\/new\/wp-content\/uploads\/2019\/08\/0-Faro-Led-Mizar-24-Mono.jpg\" alt=\"\"><\/a><\/div>\n\n<div class=\"carousel-slider__item\">\n\t<img class=\"owl-lazy\" data-src=\"https:\/\/www.cascade.it\/new\/wp-content\/uploads\/2019\/08\/1-Faro-Led-Mizar-24-Mono.jpg\" alt=\"\"><\/a><\/div>\n\n<div class=\"carousel-slider__item\">\n\t<img class=\"owl-lazy\" data-src=\"https:\/\/www.cascade.it\/new\/wp-content\/uploads\/2019\/08\/2-Faro-Led-Mizar-24-Mono.jpg\" alt=\"\"><\/a><\/div>\n\n<div class=\"carousel-slider__item\">\n\t<img class=\"owl-lazy\" data-src=\"https:\/\/www.cascade.it\/new\/wp-content\/uploads\/2019\/08\/3-Faro-Led-Mizar-24-Mono.jpg\" alt=\"\"><\/a><\/div>\n\n<\/div><!-- .carousel-slider-1815 -->\n<\/div><!-- .carousel-slider-outer-1815 -->\n\n<h1><span style=\"color: #1e73be;\">Projecteur LED immerg\u00e9 Mizar 24 Mono pour fontaines<\/span><\/h1>\n<ul>\n<li>En acier inoxydable AISI 316L, \u00e9paisseur 3-8 mm;<\/li>\n<li>24 V<sub>cc<\/sub> &#8211; 24 W puissance maximale;<\/li>\n<li>Driver LED \u00e0 bord &#8211; pas de driver LED externe;<\/li>\n<li>LED monochromes blanches haute performance;<\/li>\n<li>Optiques sp\u00e9cifiques pour un \u00e9clairage optimal;<\/li>\n<li>10 m de c\u00e2ble H07RN-F submersible;<\/li>\n<li>Jonction rapide IP68 submersible sur demande;<\/li>\n<li>Niveau de protection IP68 jusqu&rsquo;\u00e0 15 m de profondeur;<\/li>\n<\/ul>\n<p>&nbsp;<\/p>\n<h3>Description<\/h3>\n<p>Fruit d&rsquo;une conception technique soign\u00e9e, le projecteur LED immerg\u00e9<strong> Mizar 24 Mono<\/strong> de derni\u00e8re g\u00e9n\u00e9ration pour fontaines est \u00e0 la pointe gr\u00e2ce \u00e0 <strong>l&rsquo;\u00e9lectronique enti\u00e8rement int\u00e9gr\u00e9e <\/strong>\u00e0 l&rsquo;int\u00e9rieur du projecteur lui-m\u00eame (aucun autre driver ou dispositif de pilotage \u00e9lectronique n&rsquo;est requis, ni dans l&rsquo;eau ni dans l&rsquo;eau. l&rsquo;int\u00e9rieur du panneau \u00e9lectrique).<\/p>\n<p>Le projecteur LED immerg\u00e9 Mizar 24 Mono utilise des <strong>LED monochromes<\/strong> de <strong>derni\u00e8re g\u00e9n\u00e9ration<\/strong> \u00e0 hautes performances.<\/p>\n<p>Dans la version standard, il est complet avec <strong>10 m de c\u00e2ble<\/strong> \u00e0 deux conducteurs H07RN-F 2&#215;1,5 mm\u00b2 adapt\u00e9 pour une <strong>utilisation dans l&rsquo;eau<\/strong>. Sur demande, il peut \u00eatre fourni avec <strong>diff\u00e9rentes longueurs de c\u00e2ble<\/strong> ou dans la version avec <a href=\"https:\/\/www.cascade.it\/fr\/prodotto\/jonctions-submersibles-ip68\/\"><span style=\"text-decoration: underline;\"><strong>jonction submersible IP68<\/strong><\/span><\/a>\u00a0pour faciliter et acc\u00e9l\u00e9rer l&rsquo;installation et tout entretien du projecteur.<\/p>\n<p>\u00c9quip\u00e9 d&rsquo;un support pour le diriger vers le jet en cas de besoin.<\/p>\n<p>Le corps du projecteur, le couvercle, le presse-\u00e9toupe et les vis sont en <strong>acier inoxydable AISI 316 L<\/strong>. Les joints en caoutchouc silicone haute performance et l&rsquo;ing\u00e9nierie de conception le rendent <strong>compl\u00e8tement IP68<\/strong>, adapt\u00e9 \u00e0 une immersion permanente dans l&rsquo;eau sans l&rsquo;utilisation de r\u00e9sines, mais en m\u00eame temps <strong>compl\u00e8tement d\u00e9montable et accessible dans toutes les parties<\/strong> pour tout entretien.<\/p>\n<p>&nbsp;<\/p>\n<h3>Donn\u00e9es techniques<\/h3>\n<div style=\"overflow-x: auto;\">\n<table width=\"92%\">\n<tbody>\n<tr>\n<td width=\"18%\"><strong>\u00a0<\/strong><\/td>\n<td class=\"thHorz\" colspan=\"2\" width=\"81%\">Mizar 24 Mono<\/td>\n<\/tr>\n<tr>\n<td class=\"thVert\" width=\"18%\">Code<\/td>\n<td width=\"40%\">LED24C<\/td>\n<td width=\"40%\">LED24F<\/td>\n<\/tr>\n<tr>\n<td class=\"thVert\" width=\"18%\">Mat\u00e9riel<\/td>\n<td width=\"40%\">Acier inox AISI 316L<\/td>\n<td width=\"40%\">Acier inox AISI 316L<\/td>\n<\/tr>\n<tr>\n<td class=\"thVert\" width=\"18%\">Alimentation<\/td>\n<td width=\"40%\">24 Vcc<\/td>\n<td width=\"40%\">24 Vcc<\/td>\n<\/tr>\n<tr>\n<td class=\"thVert\" width=\"18%\">Puissance maximale<\/td>\n<td width=\"40%\">24 W<\/td>\n<td width=\"40%\">24 W<\/td>\n<\/tr>\n<tr>\n<td class=\"thVert\" width=\"18%\">LED<\/td>\n<td width=\"40%\">6 Multi-chip Power LED 4 W<\/td>\n<td width=\"40%\">6 Multi-chip Power LED 4 W<\/td>\n<\/tr>\n<tr>\n<td class=\"thVert\" width=\"18%\">Couleur<\/td>\n<td width=\"40%\">Blanc chaud (2600-3800\u00b0K)<\/td>\n<td width=\"40%\">Blanc froid (5000-10000\u00b0K)<\/td>\n<\/tr>\n<tr>\n<td class=\"thVert\" width=\"18%\">Flux lumineux total max<\/td>\n<td width=\"40%\">2700 lm<\/td>\n<td width=\"40%\">3600 lm<\/td>\n<\/tr>\n<tr>\n<td class=\"thVert\" width=\"18%\">Ampleur faisceau lumineux<\/td>\n<td width=\"40%\">25\u00b0 &#8211; 35\u00b0<\/td>\n<td width=\"40%\">25\u00b0 &#8211; 35\u00b0<\/td>\n<\/tr>\n<tr>\n<td class=\"thVert\" width=\"18%\">C\u00e2ble<\/td>\n<td width=\"40%\">(H07RN-F) 2&#215;1,5 mm<sup>2<\/sup> &#8211; 10 m &#8211; Submersible<\/td>\n<td width=\"40%\">(H07RN-F) 2&#215;1,5 mm<sup>2<\/sup> &#8211; 10 m &#8211; Submersible<\/td>\n<\/tr>\n<tr>\n<td class=\"thVert\" width=\"18%\">Niveau de protection<\/td>\n<td width=\"40%\">IP68<\/td>\n<td width=\"40%\">IP68<\/td>\n<\/tr>\n<\/tbody>\n<\/table>\n<\/div>\n<p>&nbsp;<\/p>\n","protected":false},"excerpt":{"rendered":"<p>&nbsp; Projecteur LED immerg\u00e9 Mizar 24 Mono pour fontaines En acier inoxydable AISI 316L, \u00e9paisseur 3-8 mm; 24 Vcc &#8211; 24 W puissance maximale; Driver LED \u00e0 bord &#8211; pas de driver LED externe; LED monochromes blanches haute performance; Optiques sp\u00e9cifiques pour un \u00e9clairage optimal; 10 m de c\u00e2ble H07RN-F submersible; Jonction rapide IP68 submersible [&hellip;]<\/p>\n","protected":false},"featured_media":2914,"template":"","meta":[],"product_brand":[],"product_cat":[294],"product_tag":[],"class_list":{"0":"post-2913","1":"product","2":"type-product","3":"status-publish","4":"has-post-thumbnail","6":"product_cat-projecteurs-led-mizar","8":"first","9":"instock","10":"shipping-taxable","11":"product-type-simple"},"yoast_head":"<!-- This site is optimized with the Yoast SEO plugin v26.7 - https:\/\/yoast.com\/wordpress\/plugins\/seo\/ -->\n<title>Projecteur LED immerg\u00e9 Mizar 24 Mono pour fontaines - Cascade<\/title>\n<meta name=\"description\" content=\"Le projecteur LED immerg\u00e9 Mizar 24 Mono de derni\u00e8re g\u00e9n\u00e9ration pour fontaines est \u00e0 la pointe gr\u00e2ce \u00e0 l&#039;\u00e9lectronique enti\u00e8rement int\u00e9gr\u00e9e \u00e0 bord.\" \/>\n<meta name=\"robots\" content=\"index, follow, max-snippet:-1, max-image-preview:large, max-video-preview:-1\" \/>\n<link rel=\"canonical\" href=\"https:\/\/www.cascade.it\/fr\/prodotto\/mizar-24-mono\/\" \/>\n<meta property=\"og:locale\" content=\"fr_FR\" \/>\n<meta property=\"og:type\" content=\"article\" \/>\n<meta property=\"og:title\" content=\"Projecteur LED immerg\u00e9 Mizar 24 Mono pour fontaines - Cascade\" \/>\n<meta property=\"og:description\" content=\"Le projecteur LED immerg\u00e9 Mizar 24 Mono de derni\u00e8re g\u00e9n\u00e9ration pour fontaines est \u00e0 la pointe gr\u00e2ce \u00e0 l&#039;\u00e9lectronique enti\u00e8rement int\u00e9gr\u00e9e \u00e0 bord.\" \/>\n<meta property=\"og:url\" content=\"https:\/\/www.cascade.it\/fr\/prodotto\/mizar-24-mono\/\" \/>\n<meta property=\"og:site_name\" content=\"Cascade\" \/>\n<meta property=\"article:modified_time\" content=\"2021-01-28T16:53:27+00:00\" \/>\n<meta property=\"og:image\" content=\"https:\/\/www.cascade.it\/new\/wp-content\/uploads\/2019\/07\/MIZAR-24-MONO.jpg\" \/>\n\t<meta property=\"og:image:width\" content=\"1300\" \/>\n\t<meta property=\"og:image:height\" content=\"1300\" \/>\n\t<meta property=\"og:image:type\" content=\"image\/jpeg\" \/>\n<meta name=\"twitter:card\" content=\"summary_large_image\" \/>\n<meta name=\"twitter:label1\" content=\"Dur\u00e9e de lecture estim\u00e9e\" \/>\n\t<meta name=\"twitter:data1\" content=\"2 minutes\" \/>\n<!-- \/ Yoast SEO plugin. -->","yoast_head_json":{"title":"Projecteur LED immerg\u00e9 Mizar 24 Mono pour fontaines - Cascade","description":"Le projecteur LED immerg\u00e9 Mizar 24 Mono de derni\u00e8re g\u00e9n\u00e9ration pour fontaines est \u00e0 la pointe gr\u00e2ce \u00e0 l'\u00e9lectronique enti\u00e8rement int\u00e9gr\u00e9e \u00e0 bord.","robots":{"index":"index","follow":"follow","max-snippet":"max-snippet:-1","max-image-preview":"max-image-preview:large","max-video-preview":"max-video-preview:-1"},"canonical":"https:\/\/www.cascade.it\/fr\/prodotto\/mizar-24-mono\/","og_locale":"fr_FR","og_type":"article","og_title":"Projecteur LED immerg\u00e9 Mizar 24 Mono pour fontaines - Cascade","og_description":"Le projecteur LED immerg\u00e9 Mizar 24 Mono de derni\u00e8re g\u00e9n\u00e9ration pour fontaines est \u00e0 la pointe gr\u00e2ce \u00e0 l'\u00e9lectronique enti\u00e8rement int\u00e9gr\u00e9e \u00e0 bord.","og_url":"https:\/\/www.cascade.it\/fr\/prodotto\/mizar-24-mono\/","og_site_name":"Cascade","article_modified_time":"2021-01-28T16:53:27+00:00","og_image":[{"width":1300,"height":1300,"url":"https:\/\/www.cascade.it\/new\/wp-content\/uploads\/2019\/07\/MIZAR-24-MONO.jpg","type":"image\/jpeg"}],"twitter_card":"summary_large_image","twitter_misc":{"Dur\u00e9e de lecture estim\u00e9e":"2 minutes"},"schema":{"@context":"https:\/\/schema.org","@graph":[{"@type":"WebPage","@id":"https:\/\/www.cascade.it\/fr\/prodotto\/mizar-24-mono\/","url":"https:\/\/www.cascade.it\/fr\/prodotto\/mizar-24-mono\/","name":"Projecteur LED immerg\u00e9 Mizar 24 Mono pour fontaines - Cascade","isPartOf":{"@id":"https:\/\/www.cascade.it\/fr\/#website"},"primaryImageOfPage":{"@id":"https:\/\/www.cascade.it\/fr\/prodotto\/mizar-24-mono\/#primaryimage"},"image":{"@id":"https:\/\/www.cascade.it\/fr\/prodotto\/mizar-24-mono\/#primaryimage"},"thumbnailUrl":"https:\/\/www.cascade.it\/new\/wp-content\/uploads\/2019\/07\/MIZAR-24-MONO.jpg","datePublished":"2019-07-24T09:42:25+00:00","dateModified":"2021-01-28T16:53:27+00:00","description":"Le projecteur LED immerg\u00e9 Mizar 24 Mono de derni\u00e8re g\u00e9n\u00e9ration pour fontaines est \u00e0 la pointe gr\u00e2ce \u00e0 l'\u00e9lectronique enti\u00e8rement int\u00e9gr\u00e9e \u00e0 bord.","breadcrumb":{"@id":"https:\/\/www.cascade.it\/fr\/prodotto\/mizar-24-mono\/#breadcrumb"},"inLanguage":"fr-FR","potentialAction":[{"@type":"ReadAction","target":["https:\/\/www.cascade.it\/fr\/prodotto\/mizar-24-mono\/"]}]},{"@type":"ImageObject","inLanguage":"fr-FR","@id":"https:\/\/www.cascade.it\/fr\/prodotto\/mizar-24-mono\/#primaryimage","url":"https:\/\/www.cascade.it\/new\/wp-content\/uploads\/2019\/07\/MIZAR-24-MONO.jpg","contentUrl":"https:\/\/www.cascade.it\/new\/wp-content\/uploads\/2019\/07\/MIZAR-24-MONO.jpg","width":1300,"height":1300},{"@type":"BreadcrumbList","@id":"https:\/\/www.cascade.it\/fr\/prodotto\/mizar-24-mono\/#breadcrumb","itemListElement":[{"@type":"ListItem","position":1,"name":"Home","item":"https:\/\/www.cascade.it\/fr\/"},{"@type":"ListItem","position":2,"name":"Boutique","item":"https:\/\/www.cascade.it\/fr\/boutique\/"},{"@type":"ListItem","position":3,"name":"Mizar 24 Mono"}]},{"@type":"WebSite","@id":"https:\/\/www.cascade.it\/fr\/#website","url":"https:\/\/www.cascade.it\/fr\/","name":"Cascade","description":"More than a fountain","potentialAction":[{"@type":"SearchAction","target":{"@type":"EntryPoint","urlTemplate":"https:\/\/www.cascade.it\/fr\/?s={search_term_string}"},"query-input":{"@type":"PropertyValueSpecification","valueRequired":true,"valueName":"search_term_string"}}],"inLanguage":"fr-FR"}]}},"_links":{"self":[{"href":"https:\/\/www.cascade.it\/fr\/wp-json\/wp\/v2\/product\/2913","targetHints":{"allow":["GET"]}}],"collection":[{"href":"https:\/\/www.cascade.it\/fr\/wp-json\/wp\/v2\/product"}],"about":[{"href":"https:\/\/www.cascade.it\/fr\/wp-json\/wp\/v2\/types\/product"}],"wp:featuredmedia":[{"embeddable":true,"href":"https:\/\/www.cascade.it\/fr\/wp-json\/wp\/v2\/media\/2914"}],"wp:attachment":[{"href":"https:\/\/www.cascade.it\/fr\/wp-json\/wp\/v2\/media?parent=2913"}],"wp:term":[{"taxonomy":"product_brand","embeddable":true,"href":"https:\/\/www.cascade.it\/fr\/wp-json\/wp\/v2\/product_brand?post=2913"},{"taxonomy":"product_cat","embeddable":true,"href":"https:\/\/www.cascade.it\/fr\/wp-json\/wp\/v2\/product_cat?post=2913"},{"taxonomy":"product_tag","embeddable":true,"href":"https:\/\/www.cascade.it\/fr\/wp-json\/wp\/v2\/product_tag?post=2913"}],"curies":[{"name":"wp","href":"https:\/\/api.w.org\/{rel}","templated":true}]}}