{"id":2865,"date":"2019-05-02T10:27:53","date_gmt":"2019-05-02T08:27:53","guid":{"rendered":"https:\/\/www.cascade.it\/new\/prodotto\/mizar-3-rgb\/"},"modified":"2021-01-28T16:19:53","modified_gmt":"2021-01-28T15:19:53","slug":"mizar-3-rgb","status":"publish","type":"product","link":"https:\/\/www.cascade.it\/fr\/prodotto\/mizar-3-rgb\/","title":{"rendered":"Mizar 3 RGB"},"content":{"rendered":"<p>&nbsp;<\/p>\n<div class=\"carousel-slider-outer carousel-slider-outer-image-carousel carousel-slider-outer-1771\" style=\"--carousel-slider-nav-color:#f1f1f1;--carousel-slider-active-nav-color:#00d1b2;--carousel-slider-arrow-size:48px;--carousel-slider-bullet-size:10px\">\n<div id=\"&#039;id-1771\" class=\"carousel-slider carousel-slider-1771 arrows-visibility-hover dots-visibility-never arrows-outside dots-center dots-square owl-carousel\" data-slide-type=\"image-carousel\" data-owl-settings='{\"nav\":true,\"dots\":false,\"slideBy\":1,\"stagePadding\":0,\"margin\":10,\"loop\":true,\"lazyLoad\":true,\"autoplay\":true,\"autoplayTimeout\":5000,\"autoplaySpeed\":500,\"autoplayHoverPause\":true,\"autoWidth\":false,\"responsive\":{\"300\":{\"items\":1},\"576\":{\"items\":2},\"768\":{\"items\":2},\"1024\":{\"items\":3},\"1280\":{\"items\":3},\"1536\":{\"items\":3}}}'>\n<div class=\"carousel-slider__item\">\n\t<img class=\"owl-lazy\" data-src=\"https:\/\/www.cascade.it\/new\/wp-content\/uploads\/2019\/08\/4-Faro-Led-Mizar-3-RGB.jpg\" alt=\"\"><\/a><\/div>\n\n<div class=\"carousel-slider__item\">\n\t<img class=\"owl-lazy\" data-src=\"https:\/\/www.cascade.it\/new\/wp-content\/uploads\/2019\/08\/0-Faro-Led-Mizar-3-RGB.jpg\" alt=\"\"><\/a><\/div>\n\n<div class=\"carousel-slider__item\">\n\t<img class=\"owl-lazy\" data-src=\"https:\/\/www.cascade.it\/new\/wp-content\/uploads\/2019\/08\/1-Faro-Led-Mizar-3-RGB.jpg\" alt=\"\"><\/a><\/div>\n\n<div class=\"carousel-slider__item\">\n\t<img class=\"owl-lazy\" data-src=\"https:\/\/www.cascade.it\/new\/wp-content\/uploads\/2019\/08\/2-Faro-Led-Mizar-3-RGB.jpg\" alt=\"\"><\/a><\/div>\n\n<div class=\"carousel-slider__item\">\n\t<img class=\"owl-lazy\" data-src=\"https:\/\/www.cascade.it\/new\/wp-content\/uploads\/2019\/08\/3-Faro-Led-Mizar-3-RGB.jpg\" alt=\"\"><\/a><\/div>\n\n<\/div><!-- .carousel-slider-1771 -->\n<\/div><!-- .carousel-slider-outer-1771 -->\n\n<h1><span style=\"color: #1e73be;\">Projecteur LED immerg\u00e9 Mizar 3 RGB pour fontaines<\/span><\/h1>\n<ul>\n<li>En acier inoxydable AISI 316L et laiton nickel\u00e9, \u00e9paisseur minimum 3 mm;<\/li>\n<li>Tr\u00e8s petites dimensions;<\/li>\n<li>24 V<sub>cc<\/sub> avec drivere externe &#8211; 3 W puissance maximale;<\/li>\n<li>LED RGB full color (3 en 1) \u00e0 ample gamme chromatique;<\/li>\n<li>6 m de c\u00e2ble Cascade certifi\u00e9 AD8 pour immersion permanente;<\/li>\n<li>Jonction rapide IP68 submersible sur demande;<\/li>\n<li>Niveau de protection IP68 jusqu&rsquo;\u00e0 5 m de profondeur;<\/li>\n<li>D\u00e9montable et accessible en toutes ses parties pour un \u00e9ventuel entretien.<\/li>\n<\/ul>\n<p>&nbsp;<\/p>\n<h3>Description<\/h3>\n<p>Le <strong>Mizar 3 Mono<\/strong> est un <strong>tr\u00e8s petit projecteur LED immerg\u00e9\u00a0<\/strong>qui peut \u00eatre utilis\u00e9 pour les petits plans d&rsquo;eau, pour les jets jusqu&rsquo;\u00e0 1,5 &#8211; 2 m de hauteur ou m\u00eame \u00e0 l&rsquo;ext\u00e9rieur pour l&rsquo;\u00e9clairage d\u00e9coratif de jardins ou fa\u00e7ades.<\/p>\n<p>Il peut \u00eatre demand\u00e9 dans la version r\u00e9glable ou encastrable. Les tr\u00e8s petites dimensions permettent l&rsquo;installation du Mizar 3 \u00e9galement dans les <a href=\"https:\/\/www.cascade.it\/fr\/prodotto\/buse-abs-inox-pour-mizar-3\/\"><span style=\"text-decoration: underline;\"><strong>buses en acier inoxydable-ABS<\/strong><\/span><\/a> g\u00e9n\u00e9ralement utilis\u00e9es dans les piscines: il est donc particuli\u00e8rement adapt\u00e9 lorsque vous devez \u00e9clairer des escaliers ou des espaces confin\u00e9s o\u00f9 il ne serait pas possible d&rsquo;utiliser l\u2019\u00e9clairages de piscine normal.<\/p>\n<p>Malgr\u00e9 sa petite taille, le projecteur LED immerg\u00e9 Mizar 3 conserve toutes les caract\u00e9ristiques m\u00e9caniques d&rsquo;un <strong>produit professionnel<\/strong>.<\/p>\n<p>Il n\u00e9cessite pour le fonctionnement d&rsquo;un <strong>driver sp\u00e9cial<\/strong> combin\u00e9 avec une alimentation 24 Vcc (voir le produit <a href=\"https:\/\/www.cascade.it\/fr\/prodotto\/multiple-pwm-station-mps4\/\"><span style=\"text-decoration: underline;\"><strong>MULTIPLE PWM STATION MPS4<\/strong><\/span><\/a>).<\/p>\n<p>Dans la version standard, il est complet avec <strong>6 m de c\u00e2ble<\/strong>\u00a0<strong>Cascade PBS8-F<\/strong> adapt\u00e9 pour l&rsquo;utilisation permanente dans l&rsquo;eau conform\u00e9ment \u00e0 la norme <strong>NF C 15-100 AD8<\/strong>. Sur demande, il peut \u00eatre fourni avec <strong>diff\u00e9rentes longueurs de c\u00e2ble<\/strong> ou dans la version avec <a href=\"https:\/\/www.cascade.it\/fr\/prodotto\/jonctions-submersibles-ip68\/\"><span style=\"text-decoration: underline;\"><strong>jonction submersible IP68<\/strong><\/span><\/a>\u00a0pour faciliter et acc\u00e9l\u00e9rer l&rsquo;installation et tout entretien du projecteur.<\/p>\n<p>&nbsp;<\/p>\n<h3>Donn\u00e9es techniques<\/h3>\n<table width=\"89%\">\n<tbody>\n<tr>\n<td width=\"16%\"><strong>\u00a0<\/strong><\/td>\n<td class=\"thHorz\" width=\"83%\">Mizar 3 RGB<\/td>\n<\/tr>\n<tr>\n<td class=\"thVert\" width=\"16%\">Code<\/td>\n<td width=\"83%\">LED3RGB<\/td>\n<\/tr>\n<tr>\n<td class=\"thVert\" width=\"16%\">Mat\u00e9riel<\/td>\n<td width=\"83%\">Acier inox \u2013 Laiton nickel\u00e9<\/td>\n<\/tr>\n<tr>\n<td class=\"thVert\" width=\"16%\">Alimentation<\/td>\n<td width=\"83%\">24 Vcc avec driver externe<\/td>\n<\/tr>\n<tr>\n<td class=\"thVert\" width=\"16%\">Puissance maximale<\/td>\n<td width=\"83%\">3 W<\/td>\n<\/tr>\n<tr>\n<td class=\"thVert\" width=\"16%\">LED<\/td>\n<td width=\"83%\">1 Power LED 3 W RGB<\/td>\n<\/tr>\n<tr>\n<td class=\"thVert\" width=\"16%\">Couleur<\/td>\n<td width=\"83%\">RGB<\/td>\n<\/tr>\n<tr>\n<td class=\"thVert\" width=\"16%\">Flusso luminoso totale max<\/td>\n<td width=\"83%\">200 lm<\/td>\n<\/tr>\n<tr>\n<td class=\"thVert\" width=\"16%\">Ampleur faisceau lumineux<\/td>\n<td width=\"83%\">25\u00b0 &#8211; 45\u00b0<\/td>\n<\/tr>\n<tr>\n<td class=\"thVert\" width=\"16%\">C\u00e2ble<\/td>\n<td width=\"83%\">PBS8-F &#8211; Immersion permanente &#8211; 6 m<\/td>\n<\/tr>\n<tr>\n<td class=\"thVert\" width=\"16%\">Niveau de protection<\/td>\n<td width=\"83%\">IP68<\/td>\n<\/tr>\n<\/tbody>\n<\/table>\n<p>&nbsp;<\/p>\n","protected":false},"excerpt":{"rendered":"<p>&nbsp; Projecteur LED immerg\u00e9 Mizar 3 RGB pour fontaines En acier inoxydable AISI 316L et laiton nickel\u00e9, \u00e9paisseur minimum 3 mm; Tr\u00e8s petites dimensions; 24 Vcc avec drivere externe &#8211; 3 W puissance maximale; LED RGB full color (3 en 1) \u00e0 ample gamme chromatique; 6 m de c\u00e2ble Cascade certifi\u00e9 AD8 pour immersion permanente; [&hellip;]<\/p>\n","protected":false},"featured_media":2866,"template":"","meta":[],"product_brand":[],"product_cat":[294],"product_tag":[],"class_list":{"0":"post-2865","1":"product","2":"type-product","3":"status-publish","4":"has-post-thumbnail","6":"product_cat-projecteurs-led-mizar","8":"first","9":"instock","10":"shipping-taxable","11":"product-type-simple"},"yoast_head":"<!-- This site is optimized with the Yoast SEO plugin v26.7 - https:\/\/yoast.com\/wordpress\/plugins\/seo\/ -->\n<title>Projecteur LED immerg\u00e9 Mizar 3 RGB pour fontaines - Cascade<\/title>\n<meta name=\"description\" content=\"Le Mizar 3 Mono est un tr\u00e8s petit projecteur LED immerg\u00e9\u00a0qui peut \u00eatre utilis\u00e9 pour les petits plans d&#039;eau ou m\u00eame pour l&#039;\u00e9clairage d\u00e9coratif.\" \/>\n<meta name=\"robots\" content=\"index, follow, max-snippet:-1, max-image-preview:large, max-video-preview:-1\" \/>\n<link rel=\"canonical\" href=\"https:\/\/www.cascade.it\/fr\/prodotto\/mizar-3-rgb\/\" \/>\n<meta property=\"og:locale\" content=\"fr_FR\" \/>\n<meta property=\"og:type\" content=\"article\" \/>\n<meta property=\"og:title\" content=\"Projecteur LED immerg\u00e9 Mizar 3 RGB pour fontaines - Cascade\" \/>\n<meta property=\"og:description\" content=\"Le Mizar 3 Mono est un tr\u00e8s petit projecteur LED immerg\u00e9\u00a0qui peut \u00eatre utilis\u00e9 pour les petits plans d&#039;eau ou m\u00eame pour l&#039;\u00e9clairage d\u00e9coratif.\" \/>\n<meta property=\"og:url\" content=\"https:\/\/www.cascade.it\/fr\/prodotto\/mizar-3-rgb\/\" \/>\n<meta property=\"og:site_name\" content=\"Cascade\" \/>\n<meta property=\"article:modified_time\" content=\"2021-01-28T15:19:53+00:00\" \/>\n<meta property=\"og:image\" content=\"https:\/\/www.cascade.it\/new\/wp-content\/uploads\/2019\/05\/MIZAR-3-RGB.jpg\" \/>\n\t<meta property=\"og:image:width\" content=\"1300\" \/>\n\t<meta property=\"og:image:height\" content=\"1300\" \/>\n\t<meta property=\"og:image:type\" content=\"image\/jpeg\" \/>\n<meta name=\"twitter:card\" content=\"summary_large_image\" \/>\n<meta name=\"twitter:label1\" content=\"Dur\u00e9e de lecture estim\u00e9e\" \/>\n\t<meta name=\"twitter:data1\" content=\"2 minutes\" \/>\n<!-- \/ Yoast SEO plugin. -->","yoast_head_json":{"title":"Projecteur LED immerg\u00e9 Mizar 3 RGB pour fontaines - Cascade","description":"Le Mizar 3 Mono est un tr\u00e8s petit projecteur LED immerg\u00e9\u00a0qui peut \u00eatre utilis\u00e9 pour les petits plans d'eau ou m\u00eame pour l'\u00e9clairage d\u00e9coratif.","robots":{"index":"index","follow":"follow","max-snippet":"max-snippet:-1","max-image-preview":"max-image-preview:large","max-video-preview":"max-video-preview:-1"},"canonical":"https:\/\/www.cascade.it\/fr\/prodotto\/mizar-3-rgb\/","og_locale":"fr_FR","og_type":"article","og_title":"Projecteur LED immerg\u00e9 Mizar 3 RGB pour fontaines - Cascade","og_description":"Le Mizar 3 Mono est un tr\u00e8s petit projecteur LED immerg\u00e9\u00a0qui peut \u00eatre utilis\u00e9 pour les petits plans d'eau ou m\u00eame pour l'\u00e9clairage d\u00e9coratif.","og_url":"https:\/\/www.cascade.it\/fr\/prodotto\/mizar-3-rgb\/","og_site_name":"Cascade","article_modified_time":"2021-01-28T15:19:53+00:00","og_image":[{"width":1300,"height":1300,"url":"https:\/\/www.cascade.it\/new\/wp-content\/uploads\/2019\/05\/MIZAR-3-RGB.jpg","type":"image\/jpeg"}],"twitter_card":"summary_large_image","twitter_misc":{"Dur\u00e9e de lecture estim\u00e9e":"2 minutes"},"schema":{"@context":"https:\/\/schema.org","@graph":[{"@type":"WebPage","@id":"https:\/\/www.cascade.it\/fr\/prodotto\/mizar-3-rgb\/","url":"https:\/\/www.cascade.it\/fr\/prodotto\/mizar-3-rgb\/","name":"Projecteur LED immerg\u00e9 Mizar 3 RGB pour fontaines - Cascade","isPartOf":{"@id":"https:\/\/www.cascade.it\/fr\/#website"},"primaryImageOfPage":{"@id":"https:\/\/www.cascade.it\/fr\/prodotto\/mizar-3-rgb\/#primaryimage"},"image":{"@id":"https:\/\/www.cascade.it\/fr\/prodotto\/mizar-3-rgb\/#primaryimage"},"thumbnailUrl":"https:\/\/www.cascade.it\/new\/wp-content\/uploads\/2019\/05\/MIZAR-3-RGB.jpg","datePublished":"2019-05-02T08:27:53+00:00","dateModified":"2021-01-28T15:19:53+00:00","description":"Le Mizar 3 Mono est un tr\u00e8s petit projecteur LED immerg\u00e9\u00a0qui peut \u00eatre utilis\u00e9 pour les petits plans d'eau ou m\u00eame pour l'\u00e9clairage d\u00e9coratif.","breadcrumb":{"@id":"https:\/\/www.cascade.it\/fr\/prodotto\/mizar-3-rgb\/#breadcrumb"},"inLanguage":"fr-FR","potentialAction":[{"@type":"ReadAction","target":["https:\/\/www.cascade.it\/fr\/prodotto\/mizar-3-rgb\/"]}]},{"@type":"ImageObject","inLanguage":"fr-FR","@id":"https:\/\/www.cascade.it\/fr\/prodotto\/mizar-3-rgb\/#primaryimage","url":"https:\/\/www.cascade.it\/new\/wp-content\/uploads\/2019\/05\/MIZAR-3-RGB.jpg","contentUrl":"https:\/\/www.cascade.it\/new\/wp-content\/uploads\/2019\/05\/MIZAR-3-RGB.jpg","width":1300,"height":1300},{"@type":"BreadcrumbList","@id":"https:\/\/www.cascade.it\/fr\/prodotto\/mizar-3-rgb\/#breadcrumb","itemListElement":[{"@type":"ListItem","position":1,"name":"Home","item":"https:\/\/www.cascade.it\/fr\/"},{"@type":"ListItem","position":2,"name":"Boutique","item":"https:\/\/www.cascade.it\/fr\/boutique\/"},{"@type":"ListItem","position":3,"name":"Mizar 3 RGB"}]},{"@type":"WebSite","@id":"https:\/\/www.cascade.it\/fr\/#website","url":"https:\/\/www.cascade.it\/fr\/","name":"Cascade","description":"More than a fountain","potentialAction":[{"@type":"SearchAction","target":{"@type":"EntryPoint","urlTemplate":"https:\/\/www.cascade.it\/fr\/?s={search_term_string}"},"query-input":{"@type":"PropertyValueSpecification","valueRequired":true,"valueName":"search_term_string"}}],"inLanguage":"fr-FR"}]}},"_links":{"self":[{"href":"https:\/\/www.cascade.it\/fr\/wp-json\/wp\/v2\/product\/2865","targetHints":{"allow":["GET"]}}],"collection":[{"href":"https:\/\/www.cascade.it\/fr\/wp-json\/wp\/v2\/product"}],"about":[{"href":"https:\/\/www.cascade.it\/fr\/wp-json\/wp\/v2\/types\/product"}],"wp:featuredmedia":[{"embeddable":true,"href":"https:\/\/www.cascade.it\/fr\/wp-json\/wp\/v2\/media\/2866"}],"wp:attachment":[{"href":"https:\/\/www.cascade.it\/fr\/wp-json\/wp\/v2\/media?parent=2865"}],"wp:term":[{"taxonomy":"product_brand","embeddable":true,"href":"https:\/\/www.cascade.it\/fr\/wp-json\/wp\/v2\/product_brand?post=2865"},{"taxonomy":"product_cat","embeddable":true,"href":"https:\/\/www.cascade.it\/fr\/wp-json\/wp\/v2\/product_cat?post=2865"},{"taxonomy":"product_tag","embeddable":true,"href":"https:\/\/www.cascade.it\/fr\/wp-json\/wp\/v2\/product_tag?post=2865"}],"curies":[{"name":"wp","href":"https:\/\/api.w.org\/{rel}","templated":true}]}}