{"id":2850,"date":"2019-07-24T11:29:15","date_gmt":"2019-07-24T09:29:15","guid":{"rendered":"https:\/\/www.cascade.it\/new\/prodotto\/nicchia-pvc-per-incasso-mizar-36\/"},"modified":"2020-07-21T08:39:48","modified_gmt":"2020-07-21T06:39:48","slug":"niche-pvc-encastree-pour-mizar-36","status":"publish","type":"product","link":"https:\/\/www.cascade.it\/fr\/prodotto\/niche-pvc-encastree-pour-mizar-36\/","title":{"rendered":"Niche PVC encastr\u00e9e pour Mizar 36"},"content":{"rendered":"<p>[vc_row][vc_column][vc_empty_space height=\u00a0\u00bb50&Prime; height_mobile=\u00a0\u00bb130&Prime;][vc_column_text spacing_heading=\u00a0\u00bb\u00a0\u00bb spacing_heading_tab=\u00a0\u00bb\u00a0\u00bb spacing_heading_mobile=\u00a0\u00bb\u00a0\u00bb]<div class=\"carousel-slider-outer carousel-slider-outer-image-carousel carousel-slider-outer-1895\" style=\"--carousel-slider-nav-color:#f1f1f1;--carousel-slider-active-nav-color:#00d1b2;--carousel-slider-arrow-size:48px;--carousel-slider-bullet-size:10px\">\n<div id=\"&#039;id-1895\" class=\"carousel-slider carousel-slider-1895 arrows-visibility-hover dots-visibility-never arrows-outside dots-center dots-square owl-carousel\" data-slide-type=\"image-carousel\" data-owl-settings='{\"nav\":true,\"dots\":false,\"slideBy\":1,\"stagePadding\":0,\"margin\":10,\"loop\":true,\"lazyLoad\":true,\"autoplay\":true,\"autoplayTimeout\":5000,\"autoplaySpeed\":500,\"autoplayHoverPause\":true,\"autoWidth\":false,\"responsive\":{\"300\":{\"items\":1},\"576\":{\"items\":2},\"768\":{\"items\":2},\"1024\":{\"items\":3},\"1280\":{\"items\":3},\"1536\":{\"items\":3}}}'>\n<div class=\"carousel-slider__item\">\n\t<img class=\"owl-lazy\" data-src=\"https:\/\/www.cascade.it\/new\/wp-content\/uploads\/2019\/08\/0-Nicchia-PVC-per-incasso-faro-Mizar-36.jpg\" alt=\"\"><\/a><\/div>\n\n<div class=\"carousel-slider__item\">\n\t<img class=\"owl-lazy\" data-src=\"https:\/\/www.cascade.it\/new\/wp-content\/uploads\/2019\/08\/1-Nicchia-PVC-per-incasso-Mizar-36.jpg\" alt=\"\"><\/a><\/div>\n\n<div class=\"carousel-slider__item\">\n\t<img class=\"owl-lazy\" data-src=\"https:\/\/www.cascade.it\/new\/wp-content\/uploads\/2019\/08\/2-Nicchia-PVC-per-incasso-Mizar-36.jpg\" alt=\"\"><\/a><\/div>\n\n<div class=\"carousel-slider__item\">\n\t<img class=\"owl-lazy\" data-src=\"https:\/\/www.cascade.it\/new\/wp-content\/uploads\/2019\/08\/3-Nicchia-PVC-per-incasso-Mizar-36.jpg\" alt=\"\"><\/a><\/div>\n\n<\/div><!-- .carousel-slider-1895 -->\n<\/div><!-- .carousel-slider-outer-1895 -->\n<\/p>\n<h1><span style=\"color: #1e73be;\">Niche PVC encastr\u00e9e pour Mizar 36<\/span><\/h1>\n<p>La <strong>Niche encastr\u00e9e en PVC<\/strong> <strong>pour <a href=\"https:\/\/www.cascade.it\/fr\/prodotto\/mizar-36-rgb\/\"><span style=\"text-decoration: underline;\">Mizar 36 <\/span><\/a><\/strong>est un appareil adapt\u00e9 pour loger le projecteur afin de pouvoir l&rsquo;encastrer, \u00e0 la fois <strong>au mur<\/strong> et <strong>au sol<\/strong>.<\/p>\n<p>Elle est compl\u00e8te avec un raccord sp\u00e9cifique pour le serrage du c\u00e2ble.<\/p>\n<p>Elle est con\u00e7ue pour contenir une partie suppl\u00e9mentaire du c\u00e2ble pour permettre tout entretien sans vider le r\u00e9servoir.<\/p>\n<p>&nbsp;<\/p>\n<h3>Donn\u00e9es techniques<\/h3>\n<div style=\"overflow-x: auto;\">\n<table width=\"92%\">\n<tbody>\n<tr>\n<td width=\"10%\"><strong>\u00a0<\/strong><\/td>\n<td class=\"thHorz\" width=\"89%\">Niche PVC encastr\u00e9e pour Mizar 36<\/td>\n<\/tr>\n<tr>\n<td class=\"thVert\" width=\"10%\">Code<\/td>\n<td width=\"89%\">LEDNIC36PVC<\/td>\n<\/tr>\n<tr>\n<td class=\"thVert\" width=\"10%\">Diam\u00e8tre bride<\/td>\n<td width=\"89%\">146 mm<\/td>\n<\/tr>\n<tr>\n<td class=\"thVert\" width=\"10%\">Longueur<\/td>\n<td width=\"89%\">200 mm<\/td>\n<\/tr>\n<tr>\n<td class=\"thVert\" width=\"10%\">Mat\u00e9riel<\/td>\n<td width=\"89%\">PVC<\/td>\n<\/tr>\n<\/tbody>\n<\/table>\n<\/div>\n<p>&nbsp;<\/p>\n","protected":false},"excerpt":{"rendered":"<p>[vc_row][vc_column][vc_empty_space height=\u00a0\u00bb50&Prime; height_mobile=\u00a0\u00bb130&Prime;][vc_column_text spacing_heading=\u00a0\u00bb\u00a0\u00bb spacing_heading_tab=\u00a0\u00bb\u00a0\u00bb spacing_heading_mobile=\u00a0\u00bb\u00a0\u00bb] Niche PVC encastr\u00e9e pour Mizar 36 La Niche encastr\u00e9e en PVC pour Mizar 36 est un appareil adapt\u00e9 pour loger le projecteur afin de pouvoir l&rsquo;encastrer, \u00e0 la fois au mur et au sol. Elle est compl\u00e8te avec un raccord sp\u00e9cifique pour le serrage du c\u00e2ble. Elle est con\u00e7ue [&hellip;]<\/p>\n","protected":false},"featured_media":2851,"template":"","meta":[],"product_brand":[],"product_cat":[293],"product_tag":[],"class_list":{"0":"post-2850","1":"product","2":"type-product","3":"status-publish","4":"has-post-thumbnail","6":"product_cat-ancres-et-niches-eclairage-immerge","8":"first","9":"instock","10":"shipping-taxable","11":"product-type-simple"},"yoast_head":"<!-- This site is optimized with the Yoast SEO plugin v26.7 - https:\/\/yoast.com\/wordpress\/plugins\/seo\/ -->\n<title>Niche PVC encastr\u00e9e pour projecteur Mizar 36 - Cascade<\/title>\n<meta name=\"description\" content=\"La Niche encastr\u00e9e en PVC pour Mizar 36 est un appareil adapt\u00e9 pour loger le projecteur afin de pouvoir l&#039;encastrer, \u00e0 la fois au mur et au sol.\" \/>\n<meta name=\"robots\" content=\"index, follow, max-snippet:-1, max-image-preview:large, max-video-preview:-1\" \/>\n<link rel=\"canonical\" href=\"https:\/\/www.cascade.it\/fr\/prodotto\/niche-pvc-encastree-pour-mizar-36\/\" \/>\n<meta property=\"og:locale\" content=\"fr_FR\" \/>\n<meta property=\"og:type\" content=\"article\" \/>\n<meta property=\"og:title\" content=\"Niche PVC encastr\u00e9e pour projecteur Mizar 36 - Cascade\" \/>\n<meta property=\"og:description\" content=\"La Niche encastr\u00e9e en PVC pour Mizar 36 est un appareil adapt\u00e9 pour loger le projecteur afin de pouvoir l&#039;encastrer, \u00e0 la fois au mur et au sol.\" \/>\n<meta property=\"og:url\" content=\"https:\/\/www.cascade.it\/fr\/prodotto\/niche-pvc-encastree-pour-mizar-36\/\" \/>\n<meta property=\"og:site_name\" content=\"Cascade\" \/>\n<meta property=\"article:modified_time\" content=\"2020-07-21T06:39:48+00:00\" \/>\n<meta property=\"og:image\" content=\"https:\/\/www.cascade.it\/new\/wp-content\/uploads\/2019\/07\/NICCHIA-PVC-PER-INCASSO-MIZAR-36.jpg\" \/>\n\t<meta property=\"og:image:width\" content=\"1300\" \/>\n\t<meta property=\"og:image:height\" content=\"1300\" \/>\n\t<meta property=\"og:image:type\" content=\"image\/jpeg\" \/>\n<meta name=\"twitter:card\" content=\"summary_large_image\" \/>\n<meta name=\"twitter:label1\" content=\"Dur\u00e9e de lecture estim\u00e9e\" \/>\n\t<meta name=\"twitter:data1\" content=\"1 minute\" \/>\n<!-- \/ Yoast SEO plugin. -->","yoast_head_json":{"title":"Niche PVC encastr\u00e9e pour projecteur Mizar 36 - Cascade","description":"La Niche encastr\u00e9e en PVC pour Mizar 36 est un appareil adapt\u00e9 pour loger le projecteur afin de pouvoir l'encastrer, \u00e0 la fois au mur et au sol.","robots":{"index":"index","follow":"follow","max-snippet":"max-snippet:-1","max-image-preview":"max-image-preview:large","max-video-preview":"max-video-preview:-1"},"canonical":"https:\/\/www.cascade.it\/fr\/prodotto\/niche-pvc-encastree-pour-mizar-36\/","og_locale":"fr_FR","og_type":"article","og_title":"Niche PVC encastr\u00e9e pour projecteur Mizar 36 - Cascade","og_description":"La Niche encastr\u00e9e en PVC pour Mizar 36 est un appareil adapt\u00e9 pour loger le projecteur afin de pouvoir l'encastrer, \u00e0 la fois au mur et au sol.","og_url":"https:\/\/www.cascade.it\/fr\/prodotto\/niche-pvc-encastree-pour-mizar-36\/","og_site_name":"Cascade","article_modified_time":"2020-07-21T06:39:48+00:00","og_image":[{"width":1300,"height":1300,"url":"https:\/\/www.cascade.it\/new\/wp-content\/uploads\/2019\/07\/NICCHIA-PVC-PER-INCASSO-MIZAR-36.jpg","type":"image\/jpeg"}],"twitter_card":"summary_large_image","twitter_misc":{"Dur\u00e9e de lecture estim\u00e9e":"1 minute"},"schema":{"@context":"https:\/\/schema.org","@graph":[{"@type":"WebPage","@id":"https:\/\/www.cascade.it\/fr\/prodotto\/niche-pvc-encastree-pour-mizar-36\/","url":"https:\/\/www.cascade.it\/fr\/prodotto\/niche-pvc-encastree-pour-mizar-36\/","name":"Niche PVC encastr\u00e9e pour projecteur Mizar 36 - Cascade","isPartOf":{"@id":"https:\/\/www.cascade.it\/fr\/#website"},"primaryImageOfPage":{"@id":"https:\/\/www.cascade.it\/fr\/prodotto\/niche-pvc-encastree-pour-mizar-36\/#primaryimage"},"image":{"@id":"https:\/\/www.cascade.it\/fr\/prodotto\/niche-pvc-encastree-pour-mizar-36\/#primaryimage"},"thumbnailUrl":"https:\/\/www.cascade.it\/new\/wp-content\/uploads\/2019\/07\/NICCHIA-PVC-PER-INCASSO-MIZAR-36.jpg","datePublished":"2019-07-24T09:29:15+00:00","dateModified":"2020-07-21T06:39:48+00:00","description":"La Niche encastr\u00e9e en PVC pour Mizar 36 est un appareil adapt\u00e9 pour loger le projecteur afin de pouvoir l'encastrer, \u00e0 la fois au mur et au sol.","breadcrumb":{"@id":"https:\/\/www.cascade.it\/fr\/prodotto\/niche-pvc-encastree-pour-mizar-36\/#breadcrumb"},"inLanguage":"fr-FR","potentialAction":[{"@type":"ReadAction","target":["https:\/\/www.cascade.it\/fr\/prodotto\/niche-pvc-encastree-pour-mizar-36\/"]}]},{"@type":"ImageObject","inLanguage":"fr-FR","@id":"https:\/\/www.cascade.it\/fr\/prodotto\/niche-pvc-encastree-pour-mizar-36\/#primaryimage","url":"https:\/\/www.cascade.it\/new\/wp-content\/uploads\/2019\/07\/NICCHIA-PVC-PER-INCASSO-MIZAR-36.jpg","contentUrl":"https:\/\/www.cascade.it\/new\/wp-content\/uploads\/2019\/07\/NICCHIA-PVC-PER-INCASSO-MIZAR-36.jpg","width":1300,"height":1300},{"@type":"BreadcrumbList","@id":"https:\/\/www.cascade.it\/fr\/prodotto\/niche-pvc-encastree-pour-mizar-36\/#breadcrumb","itemListElement":[{"@type":"ListItem","position":1,"name":"Home","item":"https:\/\/www.cascade.it\/fr\/"},{"@type":"ListItem","position":2,"name":"Boutique","item":"https:\/\/www.cascade.it\/fr\/boutique\/"},{"@type":"ListItem","position":3,"name":"Niche PVC encastr\u00e9e pour Mizar 36"}]},{"@type":"WebSite","@id":"https:\/\/www.cascade.it\/fr\/#website","url":"https:\/\/www.cascade.it\/fr\/","name":"Cascade","description":"More than a fountain","potentialAction":[{"@type":"SearchAction","target":{"@type":"EntryPoint","urlTemplate":"https:\/\/www.cascade.it\/fr\/?s={search_term_string}"},"query-input":{"@type":"PropertyValueSpecification","valueRequired":true,"valueName":"search_term_string"}}],"inLanguage":"fr-FR"}]}},"_links":{"self":[{"href":"https:\/\/www.cascade.it\/fr\/wp-json\/wp\/v2\/product\/2850","targetHints":{"allow":["GET"]}}],"collection":[{"href":"https:\/\/www.cascade.it\/fr\/wp-json\/wp\/v2\/product"}],"about":[{"href":"https:\/\/www.cascade.it\/fr\/wp-json\/wp\/v2\/types\/product"}],"wp:featuredmedia":[{"embeddable":true,"href":"https:\/\/www.cascade.it\/fr\/wp-json\/wp\/v2\/media\/2851"}],"wp:attachment":[{"href":"https:\/\/www.cascade.it\/fr\/wp-json\/wp\/v2\/media?parent=2850"}],"wp:term":[{"taxonomy":"product_brand","embeddable":true,"href":"https:\/\/www.cascade.it\/fr\/wp-json\/wp\/v2\/product_brand?post=2850"},{"taxonomy":"product_cat","embeddable":true,"href":"https:\/\/www.cascade.it\/fr\/wp-json\/wp\/v2\/product_cat?post=2850"},{"taxonomy":"product_tag","embeddable":true,"href":"https:\/\/www.cascade.it\/fr\/wp-json\/wp\/v2\/product_tag?post=2850"}],"curies":[{"name":"wp","href":"https:\/\/api.w.org\/{rel}","templated":true}]}}