{"id":2835,"date":"2019-05-02T10:01:26","date_gmt":"2019-05-02T08:01:26","guid":{"rendered":"https:\/\/www.cascade.it\/new\/prodotto\/bocchetta-abs-inox-per-mizar\/"},"modified":"2020-07-21T09:05:24","modified_gmt":"2020-07-21T07:05:24","slug":"buse-abs-inox-pour-mizar-3","status":"publish","type":"product","link":"https:\/\/www.cascade.it\/fr\/prodotto\/buse-abs-inox-pour-mizar-3\/","title":{"rendered":"Buse ABS-Inox pour Mizar 3"},"content":{"rendered":"<p>[vc_row][vc_column][vc_empty_space height=\u00a0\u00bb50&Prime; height_mobile=\u00a0\u00bb130&Prime;][vc_column_text spacing_heading=\u00a0\u00bb\u00a0\u00bb spacing_heading_tab=\u00a0\u00bb\u00a0\u00bb spacing_heading_mobile=\u00a0\u00bb\u00a0\u00bb]<div class=\"carousel-slider-outer carousel-slider-outer-image-carousel carousel-slider-outer-1877\" style=\"--carousel-slider-nav-color:#f1f1f1;--carousel-slider-active-nav-color:#00d1b2;--carousel-slider-arrow-size:48px;--carousel-slider-bullet-size:10px\">\n<div id=\"&#039;id-1877\" class=\"carousel-slider carousel-slider-1877 arrows-visibility-hover dots-visibility-never arrows-outside dots-center dots-square owl-carousel\" data-slide-type=\"image-carousel\" data-owl-settings='{\"nav\":true,\"dots\":false,\"slideBy\":1,\"stagePadding\":0,\"margin\":10,\"loop\":true,\"lazyLoad\":true,\"autoplay\":true,\"autoplayTimeout\":5000,\"autoplaySpeed\":500,\"autoplayHoverPause\":true,\"autoWidth\":false,\"responsive\":{\"300\":{\"items\":1},\"576\":{\"items\":2},\"768\":{\"items\":2},\"1024\":{\"items\":3},\"1280\":{\"items\":3},\"1536\":{\"items\":3}}}'>\n<div class=\"carousel-slider__item\">\n\t<img class=\"owl-lazy\" data-src=\"https:\/\/www.cascade.it\/new\/wp-content\/uploads\/2019\/08\/2-Bocchetta-ABS-inox-per-Mizar-3.jpg\" alt=\"\"><\/a><\/div>\n\n<div class=\"carousel-slider__item\">\n\t<img class=\"owl-lazy\" data-src=\"https:\/\/www.cascade.it\/new\/wp-content\/uploads\/2019\/08\/3-Bocchetta-ABS-inox-per-Mizar-3.jpg\" alt=\"\"><\/a><\/div>\n\n<div class=\"carousel-slider__item\">\n\t<img class=\"owl-lazy\" data-src=\"https:\/\/www.cascade.it\/new\/wp-content\/uploads\/2019\/08\/1-Bocchetta-ABS-inox-per-Mizar-3-1.jpg\" alt=\"\"><\/a><\/div>\n\n<\/div><!-- .carousel-slider-1877 -->\n<\/div><!-- .carousel-slider-outer-1877 -->\n<\/p>\n<h1><span style=\"color: #1e73be;\">Buse ABS-Inox pour Mizar 3<\/span><\/h1>\n<p><strong>Buse en ABS-inox<\/strong> utile pour encastrer le projecteur immerg\u00e9 <a href=\"https:\/\/www.cascade.it\/fr\/prodotto\/mizar-3-rgb\/\"><span style=\"text-decoration: underline;\"><strong>Mizar 3<\/strong><\/span><\/a>.<\/p>\n<p>De petite taille, gr\u00e2ce au raccord filet\u00e9 elle convient au montage sur les boucles habituellement utilis\u00e9es pour les buses de piscine, utilis\u00e9es dans ce cas avec la fonction de passage du c\u00e2ble \u00e9lectrique.<\/p>\n<p>&nbsp;<\/p>\n<h3>Donn\u00e9es techniques<\/h3>\n<div style=\"overflow-x: auto;\">\n<table width=\"92%\">\n<tbody>\n<tr>\n<td width=\"11%\"><strong>\u00a0<\/strong><\/td>\n<td class=\"thHorz\" width=\"88%\">Buse ABS-Inox pour Mizar 3<\/td>\n<\/tr>\n<tr>\n<td class=\"thVert\" width=\"11%\">Code<\/td>\n<td width=\"88%\">LEDNIC3<\/td>\n<\/tr>\n<tr>\n<td class=\"thVert\" width=\"11%\">Connexion<\/td>\n<td width=\"88%\">2\u201d<\/td>\n<\/tr>\n<tr>\n<td class=\"thVert\" width=\"11%\">Diam\u00e8tre ext\u00e9rieur<\/td>\n<td width=\"88%\">90 mm<\/td>\n<\/tr>\n<tr>\n<td class=\"thVert\" width=\"11%\">Longueur<\/td>\n<td width=\"88%\">52 mm<\/td>\n<\/tr>\n<tr>\n<td class=\"thVert\" width=\"11%\">Mat\u00e9riel<\/td>\n<td width=\"88%\">ABS &#8211; Acier inox<\/td>\n<\/tr>\n<\/tbody>\n<\/table>\n<\/div>\n<p>&nbsp;<\/p>\n<div id=\"gtx-trans\" style=\"position: absolute; left: 163px; top: 517.7px;\">\n<div class=\"gtx-trans-icon\"><\/div>\n<\/div>\n","protected":false},"excerpt":{"rendered":"<p>[vc_row][vc_column][vc_empty_space height=\u00a0\u00bb50&Prime; height_mobile=\u00a0\u00bb130&Prime;][vc_column_text spacing_heading=\u00a0\u00bb\u00a0\u00bb spacing_heading_tab=\u00a0\u00bb\u00a0\u00bb spacing_heading_mobile=\u00a0\u00bb\u00a0\u00bb] Buse ABS-Inox pour Mizar 3 Buse en ABS-inox utile pour encastrer le projecteur immerg\u00e9 Mizar 3. De petite taille, gr\u00e2ce au raccord filet\u00e9 elle convient au montage sur les boucles habituellement utilis\u00e9es pour les buses de piscine, utilis\u00e9es dans ce cas avec la fonction de passage du c\u00e2ble \u00e9lectrique. [&hellip;]<\/p>\n","protected":false},"featured_media":2836,"template":"","meta":[],"product_brand":[],"product_cat":[293],"product_tag":[],"class_list":{"0":"post-2835","1":"product","2":"type-product","3":"status-publish","4":"has-post-thumbnail","6":"product_cat-ancres-et-niches-eclairage-immerge","8":"first","9":"instock","10":"shipping-taxable","11":"product-type-simple"},"yoast_head":"<!-- This site is optimized with the Yoast SEO plugin v26.7 - https:\/\/yoast.com\/wordpress\/plugins\/seo\/ -->\n<title>Buse ABS-Inox pour projecteur Mizar 3 - Cascade<\/title>\n<meta name=\"description\" content=\"Buse en ABS-inox utile pour encastrer le projecteur immerg\u00e9 Mizar 3 sur les boucles habituellement utilis\u00e9es pour les buses de piscine.\" \/>\n<meta name=\"robots\" content=\"index, follow, max-snippet:-1, max-image-preview:large, max-video-preview:-1\" \/>\n<link rel=\"canonical\" href=\"https:\/\/www.cascade.it\/fr\/prodotto\/buse-abs-inox-pour-mizar-3\/\" \/>\n<meta property=\"og:locale\" content=\"fr_FR\" \/>\n<meta property=\"og:type\" content=\"article\" \/>\n<meta property=\"og:title\" content=\"Buse ABS-Inox pour projecteur Mizar 3 - Cascade\" \/>\n<meta property=\"og:description\" content=\"Buse en ABS-inox utile pour encastrer le projecteur immerg\u00e9 Mizar 3 sur les boucles habituellement utilis\u00e9es pour les buses de piscine.\" \/>\n<meta property=\"og:url\" content=\"https:\/\/www.cascade.it\/fr\/prodotto\/buse-abs-inox-pour-mizar-3\/\" \/>\n<meta property=\"og:site_name\" content=\"Cascade\" \/>\n<meta property=\"article:modified_time\" content=\"2020-07-21T07:05:24+00:00\" \/>\n<meta property=\"og:image\" content=\"https:\/\/www.cascade.it\/new\/wp-content\/uploads\/Prodotti\/Fari_subacquei_per_fontane\/Accessori_fari_subacquei\/BOCCHETTA-ABS-INOX-PER-MIZAR-3.jpg\" \/>\n\t<meta property=\"og:image:width\" content=\"1300\" \/>\n\t<meta property=\"og:image:height\" content=\"1300\" \/>\n\t<meta property=\"og:image:type\" content=\"image\/jpeg\" \/>\n<meta name=\"twitter:card\" content=\"summary_large_image\" \/>\n<meta name=\"twitter:label1\" content=\"Dur\u00e9e de lecture estim\u00e9e\" \/>\n\t<meta name=\"twitter:data1\" content=\"1 minute\" \/>\n<!-- \/ Yoast SEO plugin. -->","yoast_head_json":{"title":"Buse ABS-Inox pour projecteur Mizar 3 - Cascade","description":"Buse en ABS-inox utile pour encastrer le projecteur immerg\u00e9 Mizar 3 sur les boucles habituellement utilis\u00e9es pour les buses de piscine.","robots":{"index":"index","follow":"follow","max-snippet":"max-snippet:-1","max-image-preview":"max-image-preview:large","max-video-preview":"max-video-preview:-1"},"canonical":"https:\/\/www.cascade.it\/fr\/prodotto\/buse-abs-inox-pour-mizar-3\/","og_locale":"fr_FR","og_type":"article","og_title":"Buse ABS-Inox pour projecteur Mizar 3 - Cascade","og_description":"Buse en ABS-inox utile pour encastrer le projecteur immerg\u00e9 Mizar 3 sur les boucles habituellement utilis\u00e9es pour les buses de piscine.","og_url":"https:\/\/www.cascade.it\/fr\/prodotto\/buse-abs-inox-pour-mizar-3\/","og_site_name":"Cascade","article_modified_time":"2020-07-21T07:05:24+00:00","og_image":[{"width":1300,"height":1300,"url":"https:\/\/www.cascade.it\/new\/wp-content\/uploads\/Prodotti\/Fari_subacquei_per_fontane\/Accessori_fari_subacquei\/BOCCHETTA-ABS-INOX-PER-MIZAR-3.jpg","type":"image\/jpeg"}],"twitter_card":"summary_large_image","twitter_misc":{"Dur\u00e9e de lecture estim\u00e9e":"1 minute"},"schema":{"@context":"https:\/\/schema.org","@graph":[{"@type":"WebPage","@id":"https:\/\/www.cascade.it\/fr\/prodotto\/buse-abs-inox-pour-mizar-3\/","url":"https:\/\/www.cascade.it\/fr\/prodotto\/buse-abs-inox-pour-mizar-3\/","name":"Buse ABS-Inox pour projecteur Mizar 3 - Cascade","isPartOf":{"@id":"https:\/\/www.cascade.it\/fr\/#website"},"primaryImageOfPage":{"@id":"https:\/\/www.cascade.it\/fr\/prodotto\/buse-abs-inox-pour-mizar-3\/#primaryimage"},"image":{"@id":"https:\/\/www.cascade.it\/fr\/prodotto\/buse-abs-inox-pour-mizar-3\/#primaryimage"},"thumbnailUrl":"https:\/\/www.cascade.it\/new\/wp-content\/uploads\/Prodotti\/Fari_subacquei_per_fontane\/Accessori_fari_subacquei\/BOCCHETTA-ABS-INOX-PER-MIZAR-3.jpg","datePublished":"2019-05-02T08:01:26+00:00","dateModified":"2020-07-21T07:05:24+00:00","description":"Buse en ABS-inox utile pour encastrer le projecteur immerg\u00e9 Mizar 3 sur les boucles habituellement utilis\u00e9es pour les buses de piscine.","breadcrumb":{"@id":"https:\/\/www.cascade.it\/fr\/prodotto\/buse-abs-inox-pour-mizar-3\/#breadcrumb"},"inLanguage":"fr-FR","potentialAction":[{"@type":"ReadAction","target":["https:\/\/www.cascade.it\/fr\/prodotto\/buse-abs-inox-pour-mizar-3\/"]}]},{"@type":"ImageObject","inLanguage":"fr-FR","@id":"https:\/\/www.cascade.it\/fr\/prodotto\/buse-abs-inox-pour-mizar-3\/#primaryimage","url":"https:\/\/www.cascade.it\/new\/wp-content\/uploads\/Prodotti\/Fari_subacquei_per_fontane\/Accessori_fari_subacquei\/BOCCHETTA-ABS-INOX-PER-MIZAR-3.jpg","contentUrl":"https:\/\/www.cascade.it\/new\/wp-content\/uploads\/Prodotti\/Fari_subacquei_per_fontane\/Accessori_fari_subacquei\/BOCCHETTA-ABS-INOX-PER-MIZAR-3.jpg","width":1300,"height":1300},{"@type":"BreadcrumbList","@id":"https:\/\/www.cascade.it\/fr\/prodotto\/buse-abs-inox-pour-mizar-3\/#breadcrumb","itemListElement":[{"@type":"ListItem","position":1,"name":"Home","item":"https:\/\/www.cascade.it\/fr\/"},{"@type":"ListItem","position":2,"name":"Boutique","item":"https:\/\/www.cascade.it\/fr\/boutique\/"},{"@type":"ListItem","position":3,"name":"Buse ABS-Inox pour Mizar 3"}]},{"@type":"WebSite","@id":"https:\/\/www.cascade.it\/fr\/#website","url":"https:\/\/www.cascade.it\/fr\/","name":"Cascade","description":"More than a fountain","potentialAction":[{"@type":"SearchAction","target":{"@type":"EntryPoint","urlTemplate":"https:\/\/www.cascade.it\/fr\/?s={search_term_string}"},"query-input":{"@type":"PropertyValueSpecification","valueRequired":true,"valueName":"search_term_string"}}],"inLanguage":"fr-FR"}]}},"_links":{"self":[{"href":"https:\/\/www.cascade.it\/fr\/wp-json\/wp\/v2\/product\/2835","targetHints":{"allow":["GET"]}}],"collection":[{"href":"https:\/\/www.cascade.it\/fr\/wp-json\/wp\/v2\/product"}],"about":[{"href":"https:\/\/www.cascade.it\/fr\/wp-json\/wp\/v2\/types\/product"}],"wp:featuredmedia":[{"embeddable":true,"href":"https:\/\/www.cascade.it\/fr\/wp-json\/wp\/v2\/media\/2836"}],"wp:attachment":[{"href":"https:\/\/www.cascade.it\/fr\/wp-json\/wp\/v2\/media?parent=2835"}],"wp:term":[{"taxonomy":"product_brand","embeddable":true,"href":"https:\/\/www.cascade.it\/fr\/wp-json\/wp\/v2\/product_brand?post=2835"},{"taxonomy":"product_cat","embeddable":true,"href":"https:\/\/www.cascade.it\/fr\/wp-json\/wp\/v2\/product_cat?post=2835"},{"taxonomy":"product_tag","embeddable":true,"href":"https:\/\/www.cascade.it\/fr\/wp-json\/wp\/v2\/product_tag?post=2835"}],"curies":[{"name":"wp","href":"https:\/\/api.w.org\/{rel}","templated":true}]}}