{"id":2830,"date":"2019-05-02T09:59:32","date_gmt":"2019-05-02T07:59:32","guid":{"rendered":"https:\/\/www.cascade.it\/new\/prodotto\/ancoraggio-per-fari-ad-anello\/"},"modified":"2020-07-21T09:13:31","modified_gmt":"2020-07-21T07:13:31","slug":"ancre-pour-projecteurs-annulaires","status":"publish","type":"product","link":"https:\/\/www.cascade.it\/fr\/prodotto\/ancre-pour-projecteurs-annulaires\/","title":{"rendered":"Ancre pour projecteurs annulaires"},"content":{"rendered":"<p>[vc_row][vc_column][vc_empty_space height=\u00a0\u00bb50&Prime; height_mobile=\u00a0\u00bb130&Prime;][vc_column_text spacing_heading=\u00a0\u00bb\u00a0\u00bb spacing_heading_tab=\u00a0\u00bb\u00a0\u00bb spacing_heading_mobile=\u00a0\u00bb\u00a0\u00bb]<\/p>\n<div class=\"carousel-slider-outer carousel-slider-outer-image-carousel carousel-slider-outer-1872\" style=\"--carousel-slider-nav-color:#f1f1f1;--carousel-slider-active-nav-color:#00d1b2;--carousel-slider-arrow-size:48px;--carousel-slider-bullet-size:10px\">\n<div id=\"&#039;id-1872\" class=\"carousel-slider carousel-slider-1872 arrows-visibility-hover dots-visibility-never arrows-outside dots-center dots-square owl-carousel\" data-slide-type=\"image-carousel\" data-owl-settings='{\"nav\":true,\"dots\":false,\"slideBy\":1,\"stagePadding\":0,\"margin\":10,\"loop\":true,\"lazyLoad\":true,\"autoplay\":true,\"autoplayTimeout\":5000,\"autoplaySpeed\":500,\"autoplayHoverPause\":true,\"autoWidth\":false,\"responsive\":{\"300\":{\"items\":1},\"576\":{\"items\":2},\"768\":{\"items\":2},\"1024\":{\"items\":3},\"1280\":{\"items\":3},\"1536\":{\"items\":3}}}'>\n<div class=\"carousel-slider__item\">\n\t<img class=\"owl-lazy\" data-src=\"https:\/\/www.cascade.it\/new\/wp-content\/uploads\/2019\/08\/1-Ancoraggio-per-fari-ad-anello.jpg\" alt=\"\"><\/a><\/div>\n\n<div class=\"carousel-slider__item\">\n\t<img class=\"owl-lazy\" data-src=\"https:\/\/www.cascade.it\/new\/wp-content\/uploads\/2019\/08\/2-Ancoraggio-per-fari-ad-anello.jpg\" alt=\"\"><\/a><\/div>\n\n<div class=\"carousel-slider__item\">\n\t<img class=\"owl-lazy\" data-src=\"https:\/\/www.cascade.it\/new\/wp-content\/uploads\/2019\/08\/3-Ancoraggio-per-fari-ad-anello.jpg\" alt=\"\"><\/a><\/div>\n\n<\/div><!-- .carousel-slider-1872 -->\n<\/div><!-- .carousel-slider-outer-1872 -->\n\n<h1><span style=\"color: #1e73be;\">Ancre pour projecteurs annulaires<\/span><\/h1>\n<p>En <strong>acier inoxydable<\/strong>, <strong>l&rsquo;ancrage pour projecteurs annulaires<\/strong> a \u00e9t\u00e9 con\u00e7u pour permettre la fixation du <a href=\"https:\/\/www.cascade.it\/fr\/prodotto\/mizar-24-rgbw-ring\/\"><span style=\"text-decoration: underline;\"><strong>Mizar 24-Ring<\/strong><\/span><\/a>, qui a g\u00e9n\u00e9ralement lieu au niveau du tuyau d&rsquo;alimentation de l\u2019ajutage.<\/p>\n<p>\u00c9quip\u00e9 d&rsquo;une connexion filet\u00e9e m\u00e2le de 1 1\/2&Prime; pour la connexion au projecteur et de trois vis qui permettent l&rsquo;ancrage du phare au tuyau.<\/p>\n<p>&nbsp;<\/p>\n<h3>Donn\u00e9es techniques<\/h3>\n<div style=\"overflow-x: auto;\">\n<table width=\"92%\">\n<tbody>\n<tr>\n<td width=\"10%\"><strong>\u00a0<\/strong><\/td>\n<td class=\"thHorz\" width=\"89%\">Ancre pour projecteurs annulaires<\/td>\n<\/tr>\n<tr>\n<td class=\"thVert\" width=\"10%\">Code<\/td>\n<td width=\"89%\">AN-R<\/td>\n<\/tr>\n<tr>\n<td class=\"thVert\" width=\"10%\">Connexion<\/td>\n<td width=\"89%\">1 1\/2\u201d<\/td>\n<\/tr>\n<tr>\n<td class=\"thVert\" width=\"10%\">\u00d8<\/td>\n<td width=\"89%\">39 mm<\/td>\n<\/tr>\n<tr>\n<td class=\"thVert\" width=\"10%\">Mat\u00e9riel<\/td>\n<td width=\"89%\">Acier inox<\/td>\n<\/tr>\n<\/tbody>\n<\/table>\n<\/div>\n<p>&nbsp;<\/p>\n<div id=\"gtx-trans\" style=\"position: absolute; left: 116px; top: 622.7px;\">\n<div class=\"gtx-trans-icon\"><\/div>\n<\/div>\n","protected":false},"excerpt":{"rendered":"<p>[vc_row][vc_column][vc_empty_space height=\u00a0\u00bb50&Prime; height_mobile=\u00a0\u00bb130&Prime;][vc_column_text spacing_heading=\u00a0\u00bb\u00a0\u00bb spacing_heading_tab=\u00a0\u00bb\u00a0\u00bb spacing_heading_mobile=\u00a0\u00bb\u00a0\u00bb] Ancre pour projecteurs annulaires En acier inoxydable, l&rsquo;ancrage pour projecteurs annulaires a \u00e9t\u00e9 con\u00e7u pour permettre la fixation du Mizar 24-Ring, qui a g\u00e9n\u00e9ralement lieu au niveau du tuyau d&rsquo;alimentation de l\u2019ajutage. \u00c9quip\u00e9 d&rsquo;une connexion filet\u00e9e m\u00e2le de 1 1\/2&Prime; pour la connexion au projecteur et de trois vis [&hellip;]<\/p>\n","protected":false},"featured_media":2831,"template":"","meta":[],"product_brand":[],"product_cat":[293],"product_tag":[],"class_list":{"0":"post-2830","1":"product","2":"type-product","3":"status-publish","4":"has-post-thumbnail","6":"product_cat-ancres-et-niches-eclairage-immerge","8":"first","9":"instock","10":"shipping-taxable","11":"product-type-simple"},"yoast_head":"<!-- This site is optimized with the Yoast SEO plugin v26.7 - https:\/\/yoast.com\/wordpress\/plugins\/seo\/ -->\n<title>Ancre pour projecteurs annulaires per fontane - Cascade<\/title>\n<meta name=\"description\" content=\"En acier inox, l&#039;ancre pour projecteurs annulaires a \u00e9t\u00e9 con\u00e7u pour permettre la fixation du Mizar 24-Ring au tuyau d&#039;alimentation de l\u2019ajutage.\" \/>\n<meta name=\"robots\" content=\"index, follow, max-snippet:-1, max-image-preview:large, max-video-preview:-1\" \/>\n<link rel=\"canonical\" href=\"https:\/\/www.cascade.it\/fr\/prodotto\/ancre-pour-projecteurs-annulaires\/\" \/>\n<meta property=\"og:locale\" content=\"fr_FR\" \/>\n<meta property=\"og:type\" content=\"article\" \/>\n<meta property=\"og:title\" content=\"Ancre pour projecteurs annulaires per fontane - Cascade\" \/>\n<meta property=\"og:description\" content=\"En acier inox, l&#039;ancre pour projecteurs annulaires a \u00e9t\u00e9 con\u00e7u pour permettre la fixation du Mizar 24-Ring au tuyau d&#039;alimentation de l\u2019ajutage.\" \/>\n<meta property=\"og:url\" content=\"https:\/\/www.cascade.it\/fr\/prodotto\/ancre-pour-projecteurs-annulaires\/\" \/>\n<meta property=\"og:site_name\" content=\"Cascade\" \/>\n<meta property=\"article:modified_time\" content=\"2020-07-21T07:13:31+00:00\" \/>\n<meta property=\"og:image\" content=\"https:\/\/www.cascade.it\/new\/wp-content\/uploads\/Prodotti\/Fari_subacquei_per_fontane\/Accessori_fari_subacquei\/ANCORAGGIO-PER-FARI-AD-ANELLO.jpg\" \/>\n\t<meta property=\"og:image:width\" content=\"1300\" \/>\n\t<meta property=\"og:image:height\" content=\"1300\" \/>\n\t<meta property=\"og:image:type\" content=\"image\/jpeg\" \/>\n<meta name=\"twitter:card\" content=\"summary_large_image\" \/>\n<meta name=\"twitter:label1\" content=\"Dur\u00e9e de lecture estim\u00e9e\" \/>\n\t<meta name=\"twitter:data1\" content=\"1 minute\" \/>\n<!-- \/ Yoast SEO plugin. -->","yoast_head_json":{"title":"Ancre pour projecteurs annulaires per fontane - Cascade","description":"En acier inox, l'ancre pour projecteurs annulaires a \u00e9t\u00e9 con\u00e7u pour permettre la fixation du Mizar 24-Ring au tuyau d'alimentation de l\u2019ajutage.","robots":{"index":"index","follow":"follow","max-snippet":"max-snippet:-1","max-image-preview":"max-image-preview:large","max-video-preview":"max-video-preview:-1"},"canonical":"https:\/\/www.cascade.it\/fr\/prodotto\/ancre-pour-projecteurs-annulaires\/","og_locale":"fr_FR","og_type":"article","og_title":"Ancre pour projecteurs annulaires per fontane - Cascade","og_description":"En acier inox, l'ancre pour projecteurs annulaires a \u00e9t\u00e9 con\u00e7u pour permettre la fixation du Mizar 24-Ring au tuyau d'alimentation de l\u2019ajutage.","og_url":"https:\/\/www.cascade.it\/fr\/prodotto\/ancre-pour-projecteurs-annulaires\/","og_site_name":"Cascade","article_modified_time":"2020-07-21T07:13:31+00:00","og_image":[{"width":1300,"height":1300,"url":"https:\/\/www.cascade.it\/new\/wp-content\/uploads\/Prodotti\/Fari_subacquei_per_fontane\/Accessori_fari_subacquei\/ANCORAGGIO-PER-FARI-AD-ANELLO.jpg","type":"image\/jpeg"}],"twitter_card":"summary_large_image","twitter_misc":{"Dur\u00e9e de lecture estim\u00e9e":"1 minute"},"schema":{"@context":"https:\/\/schema.org","@graph":[{"@type":"WebPage","@id":"https:\/\/www.cascade.it\/fr\/prodotto\/ancre-pour-projecteurs-annulaires\/","url":"https:\/\/www.cascade.it\/fr\/prodotto\/ancre-pour-projecteurs-annulaires\/","name":"Ancre pour projecteurs annulaires per fontane - Cascade","isPartOf":{"@id":"https:\/\/www.cascade.it\/fr\/#website"},"primaryImageOfPage":{"@id":"https:\/\/www.cascade.it\/fr\/prodotto\/ancre-pour-projecteurs-annulaires\/#primaryimage"},"image":{"@id":"https:\/\/www.cascade.it\/fr\/prodotto\/ancre-pour-projecteurs-annulaires\/#primaryimage"},"thumbnailUrl":"https:\/\/www.cascade.it\/new\/wp-content\/uploads\/Prodotti\/Fari_subacquei_per_fontane\/Accessori_fari_subacquei\/ANCORAGGIO-PER-FARI-AD-ANELLO.jpg","datePublished":"2019-05-02T07:59:32+00:00","dateModified":"2020-07-21T07:13:31+00:00","description":"En acier inox, l'ancre pour projecteurs annulaires a \u00e9t\u00e9 con\u00e7u pour permettre la fixation du Mizar 24-Ring au tuyau d'alimentation de l\u2019ajutage.","breadcrumb":{"@id":"https:\/\/www.cascade.it\/fr\/prodotto\/ancre-pour-projecteurs-annulaires\/#breadcrumb"},"inLanguage":"fr-FR","potentialAction":[{"@type":"ReadAction","target":["https:\/\/www.cascade.it\/fr\/prodotto\/ancre-pour-projecteurs-annulaires\/"]}]},{"@type":"ImageObject","inLanguage":"fr-FR","@id":"https:\/\/www.cascade.it\/fr\/prodotto\/ancre-pour-projecteurs-annulaires\/#primaryimage","url":"https:\/\/www.cascade.it\/new\/wp-content\/uploads\/Prodotti\/Fari_subacquei_per_fontane\/Accessori_fari_subacquei\/ANCORAGGIO-PER-FARI-AD-ANELLO.jpg","contentUrl":"https:\/\/www.cascade.it\/new\/wp-content\/uploads\/Prodotti\/Fari_subacquei_per_fontane\/Accessori_fari_subacquei\/ANCORAGGIO-PER-FARI-AD-ANELLO.jpg","width":1300,"height":1300},{"@type":"BreadcrumbList","@id":"https:\/\/www.cascade.it\/fr\/prodotto\/ancre-pour-projecteurs-annulaires\/#breadcrumb","itemListElement":[{"@type":"ListItem","position":1,"name":"Home","item":"https:\/\/www.cascade.it\/fr\/"},{"@type":"ListItem","position":2,"name":"Boutique","item":"https:\/\/www.cascade.it\/fr\/boutique\/"},{"@type":"ListItem","position":3,"name":"Ancre pour projecteurs annulaires"}]},{"@type":"WebSite","@id":"https:\/\/www.cascade.it\/fr\/#website","url":"https:\/\/www.cascade.it\/fr\/","name":"Cascade","description":"More than a fountain","potentialAction":[{"@type":"SearchAction","target":{"@type":"EntryPoint","urlTemplate":"https:\/\/www.cascade.it\/fr\/?s={search_term_string}"},"query-input":{"@type":"PropertyValueSpecification","valueRequired":true,"valueName":"search_term_string"}}],"inLanguage":"fr-FR"}]}},"_links":{"self":[{"href":"https:\/\/www.cascade.it\/fr\/wp-json\/wp\/v2\/product\/2830","targetHints":{"allow":["GET"]}}],"collection":[{"href":"https:\/\/www.cascade.it\/fr\/wp-json\/wp\/v2\/product"}],"about":[{"href":"https:\/\/www.cascade.it\/fr\/wp-json\/wp\/v2\/types\/product"}],"wp:featuredmedia":[{"embeddable":true,"href":"https:\/\/www.cascade.it\/fr\/wp-json\/wp\/v2\/media\/2831"}],"wp:attachment":[{"href":"https:\/\/www.cascade.it\/fr\/wp-json\/wp\/v2\/media?parent=2830"}],"wp:term":[{"taxonomy":"product_brand","embeddable":true,"href":"https:\/\/www.cascade.it\/fr\/wp-json\/wp\/v2\/product_brand?post=2830"},{"taxonomy":"product_cat","embeddable":true,"href":"https:\/\/www.cascade.it\/fr\/wp-json\/wp\/v2\/product_cat?post=2830"},{"taxonomy":"product_tag","embeddable":true,"href":"https:\/\/www.cascade.it\/fr\/wp-json\/wp\/v2\/product_tag?post=2830"}],"curies":[{"name":"wp","href":"https:\/\/api.w.org\/{rel}","templated":true}]}}