{"id":2825,"date":"2019-05-02T10:00:41","date_gmt":"2019-05-02T08:00:41","guid":{"rendered":"https:\/\/www.cascade.it\/new\/prodotto\/ancoraggio-per-fari\/"},"modified":"2020-07-21T09:07:25","modified_gmt":"2020-07-21T07:07:25","slug":"ancre-projecteurs","status":"publish","type":"product","link":"https:\/\/www.cascade.it\/fr\/prodotto\/ancre-projecteurs\/","title":{"rendered":"Ancres pour projecteurs"},"content":{"rendered":"<p>[vc_row][vc_column][vc_empty_space height=\u00a0\u00bb50&Prime; height_mobile=\u00a0\u00bb130&Prime;][vc_column_text spacing_heading=\u00a0\u00bb\u00a0\u00bb spacing_heading_tab=\u00a0\u00bb\u00a0\u00bb spacing_heading_mobile=\u00a0\u00bb\u00a0\u00bb]<\/p>\n<div class=\"carousel-slider-outer carousel-slider-outer-image-carousel carousel-slider-outer-1862\" style=\"--carousel-slider-nav-color:#f1f1f1;--carousel-slider-active-nav-color:#00d1b2;--carousel-slider-arrow-size:48px;--carousel-slider-bullet-size:10px\">\n<div id=\"&#039;id-1862\" class=\"carousel-slider carousel-slider-1862 arrows-visibility-hover dots-visibility-never arrows-outside dots-center dots-square owl-carousel\" data-slide-type=\"image-carousel\" data-owl-settings='{\"nav\":true,\"dots\":false,\"slideBy\":1,\"stagePadding\":0,\"margin\":10,\"loop\":true,\"lazyLoad\":false,\"autoplay\":true,\"autoplayTimeout\":5000,\"autoplaySpeed\":500,\"autoplayHoverPause\":false,\"autoWidth\":false,\"responsive\":{\"300\":{\"items\":1},\"576\":{\"items\":2},\"768\":{\"items\":2},\"1024\":{\"items\":3},\"1280\":{\"items\":3},\"1536\":{\"items\":3}}}'>\n<div class=\"carousel-slider__item\">\n\t<img loading=\"lazy\" decoding=\"async\" width=\"1300\" height=\"975\" src=\"https:\/\/www.cascade.it\/new\/wp-content\/uploads\/2019\/08\/0-Ancoraggio-per-fari-1.jpg\" class=\"attachment-full size-full\" alt=\"\" srcset=\"https:\/\/www.cascade.it\/new\/wp-content\/uploads\/2019\/08\/0-Ancoraggio-per-fari-1.jpg 1300w, https:\/\/www.cascade.it\/new\/wp-content\/uploads\/2019\/08\/0-Ancoraggio-per-fari-1-300x225.jpg 300w, https:\/\/www.cascade.it\/new\/wp-content\/uploads\/2019\/08\/0-Ancoraggio-per-fari-1-768x576.jpg 768w, https:\/\/www.cascade.it\/new\/wp-content\/uploads\/2019\/08\/0-Ancoraggio-per-fari-1-1024x768.jpg 1024w, https:\/\/www.cascade.it\/new\/wp-content\/uploads\/2019\/08\/0-Ancoraggio-per-fari-1-960x720.jpg 960w, https:\/\/www.cascade.it\/new\/wp-content\/uploads\/2019\/08\/0-Ancoraggio-per-fari-1-600x450.jpg 600w\" sizes=\"auto, (max-width: 1300px) 100vw, 1300px\" \/><\/a><\/div>\n\n<div class=\"carousel-slider__item\">\n\t<img loading=\"lazy\" decoding=\"async\" width=\"1300\" height=\"856\" src=\"https:\/\/www.cascade.it\/new\/wp-content\/uploads\/2019\/08\/1-Ancoraggio-per-fari-1.jpg\" class=\"attachment-full size-full\" alt=\"\" srcset=\"https:\/\/www.cascade.it\/new\/wp-content\/uploads\/2019\/08\/1-Ancoraggio-per-fari-1.jpg 1300w, https:\/\/www.cascade.it\/new\/wp-content\/uploads\/2019\/08\/1-Ancoraggio-per-fari-1-300x198.jpg 300w, https:\/\/www.cascade.it\/new\/wp-content\/uploads\/2019\/08\/1-Ancoraggio-per-fari-1-768x506.jpg 768w, https:\/\/www.cascade.it\/new\/wp-content\/uploads\/2019\/08\/1-Ancoraggio-per-fari-1-1024x674.jpg 1024w, https:\/\/www.cascade.it\/new\/wp-content\/uploads\/2019\/08\/1-Ancoraggio-per-fari-1-960x632.jpg 960w, https:\/\/www.cascade.it\/new\/wp-content\/uploads\/2019\/08\/1-Ancoraggio-per-fari-1-600x395.jpg 600w\" sizes=\"auto, (max-width: 1300px) 100vw, 1300px\" \/><\/a><\/div>\n\n<div class=\"carousel-slider__item\">\n\t<img loading=\"lazy\" decoding=\"async\" width=\"1300\" height=\"856\" src=\"https:\/\/www.cascade.it\/new\/wp-content\/uploads\/2019\/08\/2-Ancoraggio-per-fari-1.jpg\" class=\"attachment-full size-full\" alt=\"\" srcset=\"https:\/\/www.cascade.it\/new\/wp-content\/uploads\/2019\/08\/2-Ancoraggio-per-fari-1.jpg 1300w, https:\/\/www.cascade.it\/new\/wp-content\/uploads\/2019\/08\/2-Ancoraggio-per-fari-1-300x198.jpg 300w, https:\/\/www.cascade.it\/new\/wp-content\/uploads\/2019\/08\/2-Ancoraggio-per-fari-1-768x506.jpg 768w, https:\/\/www.cascade.it\/new\/wp-content\/uploads\/2019\/08\/2-Ancoraggio-per-fari-1-1024x674.jpg 1024w, https:\/\/www.cascade.it\/new\/wp-content\/uploads\/2019\/08\/2-Ancoraggio-per-fari-1-960x632.jpg 960w, https:\/\/www.cascade.it\/new\/wp-content\/uploads\/2019\/08\/2-Ancoraggio-per-fari-1-600x395.jpg 600w\" sizes=\"auto, (max-width: 1300px) 100vw, 1300px\" \/><\/a><\/div>\n\n<div class=\"carousel-slider__item\">\n\t<img loading=\"lazy\" decoding=\"async\" width=\"1300\" height=\"856\" src=\"https:\/\/www.cascade.it\/new\/wp-content\/uploads\/2019\/08\/3-Ancoraggio-per-fari-1.jpg\" class=\"attachment-full size-full\" alt=\"\" srcset=\"https:\/\/www.cascade.it\/new\/wp-content\/uploads\/2019\/08\/3-Ancoraggio-per-fari-1.jpg 1300w, https:\/\/www.cascade.it\/new\/wp-content\/uploads\/2019\/08\/3-Ancoraggio-per-fari-1-300x198.jpg 300w, https:\/\/www.cascade.it\/new\/wp-content\/uploads\/2019\/08\/3-Ancoraggio-per-fari-1-768x506.jpg 768w, https:\/\/www.cascade.it\/new\/wp-content\/uploads\/2019\/08\/3-Ancoraggio-per-fari-1-1024x674.jpg 1024w, https:\/\/www.cascade.it\/new\/wp-content\/uploads\/2019\/08\/3-Ancoraggio-per-fari-1-960x632.jpg 960w, https:\/\/www.cascade.it\/new\/wp-content\/uploads\/2019\/08\/3-Ancoraggio-per-fari-1-600x395.jpg 600w\" sizes=\"auto, (max-width: 1300px) 100vw, 1300px\" \/><\/a><\/div>\n\n<\/div><!-- .carousel-slider-1862 -->\n<\/div><!-- .carousel-slider-outer-1862 -->\n\n<h1><span style=\"color: #1e73be;\">Ancres pour projecteurs pour fontaines<\/span><\/h1>\n<p>En <strong>acier inoxydable<\/strong>, ce syst\u00e8me <strong>d&rsquo;ancrage \u00e0 collerette<\/strong> est utilis\u00e9 lorsqu&rsquo;il n&rsquo;est pas possible de fixer les projecteurs au sol ou aux parois de la vasque.<\/p>\n<p>L&rsquo;ancre est install\u00e9e sur le tuyau d&rsquo;alimentation du jet, de sorte que le projecteur est immerg\u00e9 \u00e0 au moins 5 cm de la surface de l&rsquo;eau.<\/p>\n<p>Dans l&rsquo;ordre, il est n\u00e9cessaire de sp\u00e9cifier le mod\u00e8le de projecteur \u00e0 ancrer.<\/p>\n<p>&nbsp;<\/p>\n<h3>Donn\u00e9es techniques<\/h3>\n<div style=\"overflow-x: auto;\">\n<table width=\"91%\">\n<tbody>\n<tr>\n<td width=\"7%\"><strong>\u00a0<\/strong><\/td>\n<td class=\"thHorz\" colspan=\"11\" width=\"92%\">Ancres pour projecteurs<\/td>\n<\/tr>\n<tr>\n<td class=\"thVert\" width=\"7%\">Code<\/td>\n<td width=\"8%\">AN1001<\/td>\n<td width=\"8%\">AN1002<\/td>\n<td width=\"8%\">AN1251<\/td>\n<td width=\"8%\">AN1252<\/td>\n<td width=\"8%\">AN1501<\/td>\n<td width=\"8%\">AN1502<\/td>\n<td width=\"8%\">AN2001<\/td>\n<td width=\"8%\">AN2002<\/td>\n<td width=\"8%\">AN2501<\/td>\n<td width=\"8%\">AN2502<\/td>\n<td width=\"8%\">AN3502<\/td>\n<\/tr>\n<tr>\n<td class=\"thVert\" width=\"7%\">\u00d8<\/td>\n<td width=\"8%\">1\u201d<\/td>\n<td width=\"8%\">1\u201d<\/td>\n<td width=\"8%\">1 1\/4\u201d<\/td>\n<td width=\"8%\">1 1\/4\u201d<\/td>\n<td width=\"8%\">1 1\/2\u201d<\/td>\n<td width=\"8%\">1 1\/2\u201d<\/td>\n<td width=\"8%\">2\u201d<\/td>\n<td width=\"8%\">2\u201d<\/td>\n<td width=\"8%\">2 1\/2\u201d<\/td>\n<td width=\"8%\">2 1\/2\u201d<\/td>\n<td width=\"8%\">3\u201d<\/td>\n<\/tr>\n<tr>\n<td class=\"thVert\" width=\"7%\">Supports<\/td>\n<td width=\"8%\">1<\/td>\n<td width=\"8%\">2<\/td>\n<td width=\"8%\">1<\/td>\n<td width=\"8%\">2<\/td>\n<td width=\"8%\">1<\/td>\n<td width=\"8%\">2<\/td>\n<td width=\"8%\">1<\/td>\n<td width=\"8%\">2<\/td>\n<td width=\"8%\">1<\/td>\n<td width=\"8%\">2<\/td>\n<td width=\"8%\">2<\/td>\n<\/tr>\n<tr>\n<td class=\"thVert\" width=\"7%\">Mat\u00e9riel<\/td>\n<td width=\"8%\">Acier inox<\/td>\n<td width=\"8%\">Acier inox<\/td>\n<td width=\"8%\">Acier inox<\/td>\n<td width=\"8%\">Acier inox<\/td>\n<td width=\"8%\">Acier inox<\/td>\n<td width=\"8%\">Acier inox<\/td>\n<td width=\"8%\">Acier inox<\/td>\n<td width=\"8%\">Acier inox<\/td>\n<td width=\"8%\">Acier inox<\/td>\n<td width=\"8%\">Acier inox<\/td>\n<td width=\"8%\">Acier inox<\/td>\n<\/tr>\n<\/tbody>\n<\/table>\n<\/div>\n<div>\n<div style=\"padding: 5px; text-align: center; float: left; margin-left: 20px;\"><\/div>\n<\/div>\n<div id=\"gtx-trans\" style=\"position: absolute; left: 73px; top: 425.7px;\">\n<div class=\"gtx-trans-icon\"><\/div>\n<\/div>\n","protected":false},"excerpt":{"rendered":"<p>[vc_row][vc_column][vc_empty_space height=\u00a0\u00bb50&Prime; height_mobile=\u00a0\u00bb130&Prime;][vc_column_text spacing_heading=\u00a0\u00bb\u00a0\u00bb spacing_heading_tab=\u00a0\u00bb\u00a0\u00bb spacing_heading_mobile=\u00a0\u00bb\u00a0\u00bb] Ancres pour projecteurs pour fontaines En acier inoxydable, ce syst\u00e8me d&rsquo;ancrage \u00e0 collerette est utilis\u00e9 lorsqu&rsquo;il n&rsquo;est pas possible de fixer les projecteurs au sol ou aux parois de la vasque. L&rsquo;ancre est install\u00e9e sur le tuyau d&rsquo;alimentation du jet, de sorte que le projecteur est immerg\u00e9 \u00e0 au [&hellip;]<\/p>\n","protected":false},"featured_media":2826,"template":"","meta":[],"product_brand":[],"product_cat":[293],"product_tag":[],"class_list":{"0":"post-2825","1":"product","2":"type-product","3":"status-publish","4":"has-post-thumbnail","6":"product_cat-ancres-et-niches-eclairage-immerge","8":"first","9":"instock","10":"shipping-taxable","11":"product-type-simple"},"yoast_head":"<!-- This site is optimized with the Yoast SEO plugin v26.7 - https:\/\/yoast.com\/wordpress\/plugins\/seo\/ -->\n<title>Ancres pour projecteurs pour fontaines - Cascade<\/title>\n<meta name=\"description\" content=\"En acier inoxydable, ce syst\u00e8me d&#039;ancrage \u00e0 collerette est utilis\u00e9 lorsqu&#039;il n&#039;est pas possible de fixer les projecteurs au sol ou aux parois de la vasque.\" \/>\n<meta name=\"robots\" content=\"index, follow, max-snippet:-1, max-image-preview:large, max-video-preview:-1\" \/>\n<link rel=\"canonical\" href=\"https:\/\/www.cascade.it\/fr\/prodotto\/ancre-projecteurs\/\" \/>\n<meta property=\"og:locale\" content=\"fr_FR\" \/>\n<meta property=\"og:type\" content=\"article\" \/>\n<meta property=\"og:title\" content=\"Ancres pour projecteurs pour fontaines - Cascade\" \/>\n<meta property=\"og:description\" content=\"En acier inoxydable, ce syst\u00e8me d&#039;ancrage \u00e0 collerette est utilis\u00e9 lorsqu&#039;il n&#039;est pas possible de fixer les projecteurs au sol ou aux parois de la vasque.\" \/>\n<meta property=\"og:url\" content=\"https:\/\/www.cascade.it\/fr\/prodotto\/ancre-projecteurs\/\" \/>\n<meta property=\"og:site_name\" content=\"Cascade\" \/>\n<meta property=\"article:modified_time\" content=\"2020-07-21T07:07:25+00:00\" \/>\n<meta property=\"og:image\" content=\"https:\/\/www.cascade.it\/new\/wp-content\/uploads\/Prodotti\/Fari_subacquei_per_fontane\/Accessori_fari_subacquei\/ANCORAGGIO-PER-FARI.jpg\" \/>\n\t<meta property=\"og:image:width\" content=\"1300\" \/>\n\t<meta property=\"og:image:height\" content=\"1300\" \/>\n\t<meta property=\"og:image:type\" content=\"image\/jpeg\" \/>\n<meta name=\"twitter:card\" content=\"summary_large_image\" \/>\n<meta name=\"twitter:label1\" content=\"Dur\u00e9e de lecture estim\u00e9e\" \/>\n\t<meta name=\"twitter:data1\" content=\"1 minute\" \/>\n<!-- \/ Yoast SEO plugin. -->","yoast_head_json":{"title":"Ancres pour projecteurs pour fontaines - Cascade","description":"En acier inoxydable, ce syst\u00e8me d'ancrage \u00e0 collerette est utilis\u00e9 lorsqu'il n'est pas possible de fixer les projecteurs au sol ou aux parois de la vasque.","robots":{"index":"index","follow":"follow","max-snippet":"max-snippet:-1","max-image-preview":"max-image-preview:large","max-video-preview":"max-video-preview:-1"},"canonical":"https:\/\/www.cascade.it\/fr\/prodotto\/ancre-projecteurs\/","og_locale":"fr_FR","og_type":"article","og_title":"Ancres pour projecteurs pour fontaines - Cascade","og_description":"En acier inoxydable, ce syst\u00e8me d'ancrage \u00e0 collerette est utilis\u00e9 lorsqu'il n'est pas possible de fixer les projecteurs au sol ou aux parois de la vasque.","og_url":"https:\/\/www.cascade.it\/fr\/prodotto\/ancre-projecteurs\/","og_site_name":"Cascade","article_modified_time":"2020-07-21T07:07:25+00:00","og_image":[{"width":1300,"height":1300,"url":"https:\/\/www.cascade.it\/new\/wp-content\/uploads\/Prodotti\/Fari_subacquei_per_fontane\/Accessori_fari_subacquei\/ANCORAGGIO-PER-FARI.jpg","type":"image\/jpeg"}],"twitter_card":"summary_large_image","twitter_misc":{"Dur\u00e9e de lecture estim\u00e9e":"1 minute"},"schema":{"@context":"https:\/\/schema.org","@graph":[{"@type":"WebPage","@id":"https:\/\/www.cascade.it\/fr\/prodotto\/ancre-projecteurs\/","url":"https:\/\/www.cascade.it\/fr\/prodotto\/ancre-projecteurs\/","name":"Ancres pour projecteurs pour fontaines - Cascade","isPartOf":{"@id":"https:\/\/www.cascade.it\/fr\/#website"},"primaryImageOfPage":{"@id":"https:\/\/www.cascade.it\/fr\/prodotto\/ancre-projecteurs\/#primaryimage"},"image":{"@id":"https:\/\/www.cascade.it\/fr\/prodotto\/ancre-projecteurs\/#primaryimage"},"thumbnailUrl":"https:\/\/www.cascade.it\/new\/wp-content\/uploads\/Prodotti\/Fari_subacquei_per_fontane\/Accessori_fari_subacquei\/ANCORAGGIO-PER-FARI.jpg","datePublished":"2019-05-02T08:00:41+00:00","dateModified":"2020-07-21T07:07:25+00:00","description":"En acier inoxydable, ce syst\u00e8me d'ancrage \u00e0 collerette est utilis\u00e9 lorsqu'il n'est pas possible de fixer les projecteurs au sol ou aux parois de la vasque.","breadcrumb":{"@id":"https:\/\/www.cascade.it\/fr\/prodotto\/ancre-projecteurs\/#breadcrumb"},"inLanguage":"fr-FR","potentialAction":[{"@type":"ReadAction","target":["https:\/\/www.cascade.it\/fr\/prodotto\/ancre-projecteurs\/"]}]},{"@type":"ImageObject","inLanguage":"fr-FR","@id":"https:\/\/www.cascade.it\/fr\/prodotto\/ancre-projecteurs\/#primaryimage","url":"https:\/\/www.cascade.it\/new\/wp-content\/uploads\/Prodotti\/Fari_subacquei_per_fontane\/Accessori_fari_subacquei\/ANCORAGGIO-PER-FARI.jpg","contentUrl":"https:\/\/www.cascade.it\/new\/wp-content\/uploads\/Prodotti\/Fari_subacquei_per_fontane\/Accessori_fari_subacquei\/ANCORAGGIO-PER-FARI.jpg","width":1300,"height":1300},{"@type":"BreadcrumbList","@id":"https:\/\/www.cascade.it\/fr\/prodotto\/ancre-projecteurs\/#breadcrumb","itemListElement":[{"@type":"ListItem","position":1,"name":"Home","item":"https:\/\/www.cascade.it\/fr\/"},{"@type":"ListItem","position":2,"name":"Boutique","item":"https:\/\/www.cascade.it\/fr\/boutique\/"},{"@type":"ListItem","position":3,"name":"Ancres pour projecteurs"}]},{"@type":"WebSite","@id":"https:\/\/www.cascade.it\/fr\/#website","url":"https:\/\/www.cascade.it\/fr\/","name":"Cascade","description":"More than a fountain","potentialAction":[{"@type":"SearchAction","target":{"@type":"EntryPoint","urlTemplate":"https:\/\/www.cascade.it\/fr\/?s={search_term_string}"},"query-input":{"@type":"PropertyValueSpecification","valueRequired":true,"valueName":"search_term_string"}}],"inLanguage":"fr-FR"}]}},"_links":{"self":[{"href":"https:\/\/www.cascade.it\/fr\/wp-json\/wp\/v2\/product\/2825","targetHints":{"allow":["GET"]}}],"collection":[{"href":"https:\/\/www.cascade.it\/fr\/wp-json\/wp\/v2\/product"}],"about":[{"href":"https:\/\/www.cascade.it\/fr\/wp-json\/wp\/v2\/types\/product"}],"wp:featuredmedia":[{"embeddable":true,"href":"https:\/\/www.cascade.it\/fr\/wp-json\/wp\/v2\/media\/2826"}],"wp:attachment":[{"href":"https:\/\/www.cascade.it\/fr\/wp-json\/wp\/v2\/media?parent=2825"}],"wp:term":[{"taxonomy":"product_brand","embeddable":true,"href":"https:\/\/www.cascade.it\/fr\/wp-json\/wp\/v2\/product_brand?post=2825"},{"taxonomy":"product_cat","embeddable":true,"href":"https:\/\/www.cascade.it\/fr\/wp-json\/wp\/v2\/product_cat?post=2825"},{"taxonomy":"product_tag","embeddable":true,"href":"https:\/\/www.cascade.it\/fr\/wp-json\/wp\/v2\/product_tag?post=2825"}],"curies":[{"name":"wp","href":"https:\/\/api.w.org\/{rel}","templated":true}]}}