{"id":2820,"date":"2019-02-21T09:36:14","date_gmt":"2019-02-21T08:36:14","guid":{"rendered":"https:\/\/www.cascade.it\/new\/prodotto\/tunnel-dacqua\/"},"modified":"2021-02-10T16:10:39","modified_gmt":"2021-02-10T15:10:39","slug":"tunnel-deau","status":"publish","type":"product","link":"https:\/\/www.cascade.it\/fr\/prodotto\/tunnel-deau\/","title":{"rendered":"Tunnel d&rsquo;eau"},"content":{"rendered":"<p>&nbsp;<\/p>\n<div class=\"carousel-slider-outer carousel-slider-outer-image-carousel carousel-slider-outer-1734\" style=\"--carousel-slider-nav-color:#f1f1f1;--carousel-slider-active-nav-color:#00d1b2;--carousel-slider-arrow-size:48px;--carousel-slider-bullet-size:10px\">\n<div id=\"&#039;id-1734\" class=\"carousel-slider carousel-slider-1734 arrows-visibility-hover dots-visibility-never arrows-outside dots-center dots-square owl-carousel\" data-slide-type=\"image-carousel\" data-owl-settings='{\"nav\":true,\"dots\":false,\"slideBy\":1,\"stagePadding\":0,\"margin\":10,\"loop\":true,\"lazyLoad\":true,\"autoplay\":true,\"autoplayTimeout\":5000,\"autoplaySpeed\":500,\"autoplayHoverPause\":true,\"autoWidth\":false,\"responsive\":{\"300\":{\"items\":1},\"576\":{\"items\":2},\"768\":{\"items\":2},\"1024\":{\"items\":3},\"1280\":{\"items\":3},\"1536\":{\"items\":3}}}'>\n<div class=\"carousel-slider__item\">\n\t<img class=\"owl-lazy\" data-src=\"https:\/\/www.cascade.it\/new\/wp-content\/uploads\/2019\/08\/5-Tunnel-dacqua.jpg\" alt=\"\"><\/a><\/div>\n\n<div class=\"carousel-slider__item\">\n\t<img class=\"owl-lazy\" data-src=\"https:\/\/www.cascade.it\/new\/wp-content\/uploads\/2019\/08\/1-Tunnel-dacqua.jpg\" alt=\"\"><\/a><\/div>\n\n<div class=\"carousel-slider__item\">\n\t<img class=\"owl-lazy\" data-src=\"https:\/\/www.cascade.it\/new\/wp-content\/uploads\/2019\/08\/2-Tunnel-dacqua.jpg\" alt=\"\"><\/a><\/div>\n\n<div class=\"carousel-slider__item\">\n\t<img class=\"owl-lazy\" data-src=\"https:\/\/www.cascade.it\/new\/wp-content\/uploads\/2019\/08\/3-Tunnel-dacqua.jpg\" alt=\"\"><\/a><\/div>\n\n<div class=\"carousel-slider__item\">\n\t<img class=\"owl-lazy\" data-src=\"https:\/\/www.cascade.it\/new\/wp-content\/uploads\/2019\/08\/4-Tunnel-dacqua.jpg\" alt=\"\"><\/a><\/div>\n\n<\/div><!-- .carousel-slider-1734 -->\n<\/div><!-- .carousel-slider-outer-1734 -->\n\n<p>&nbsp;<\/p>\n<h1><span style=\"color: #1e73be;\">Tunnel d&rsquo;eau<\/span><\/h1>\n<p>Le <strong>Tunnel d&rsquo;eau<\/strong> est un effet sc\u00e9nographique avec un grand impact visuel qui permet le passage sous les jets d&rsquo;eau sans crainte de se mouiller (par exemple, la marche des mari\u00e9s). Pour ce faire, le Tunnel utilise des <strong>collecteurs sp\u00e9ciaux<\/strong> dimensionn\u00e9s en fonction de la longueur du tunnel et utilisant des <strong>techniques sp\u00e9cifiques<\/strong> pour stabiliser au maximum le d\u00e9bit des jets d&rsquo;eau.<\/p>\n<p>7 m de longueur, 6 m de largeur et 4 m de hauteur, c&rsquo;est une attraction aquatique tr\u00e8s int\u00e9ressante pour les parcs, h\u00f4tels, lieux publics, structures d&rsquo;accueil en g\u00e9n\u00e9ral.<\/p>\n<p>L&rsquo;effet chromatique est obtenu avec des <a href=\"https:\/\/www.cascade.it\/fr\/produits\/eclairage-immerge-led\/projecteurs-led-mizar\/\"><span style=\"text-decoration: underline;\"><strong>projecteurs LED immerg\u00e9s pour fontaines<\/strong><\/span><\/a> de la s\u00e9rie <strong>Mizar<\/strong> Cascade. Le meilleur r\u00e9sultat est obtenu en \u00e9clairant chaque jet \u00e0 la fois au d\u00e9part et \u00e0 l&rsquo;arriv\u00e9e dans le r\u00e9servoir.<\/p>\n<p>C&rsquo;est un effet qui n\u00e9cessite des espaces assez grands, notamment dans la zone de rechute de l&rsquo;eau, o\u00f9 il faut disposer d&rsquo;un bassin suffisamment grand.<\/p>\n<p>Le Tunnel d&rsquo;eau peut \u00eatre r\u00e9alis\u00e9 sur mesure <strong>selon les besoins du client<\/strong>, tant en termes de longueur de d\u00e9placement que de parabole.<\/p>\n<div>\n<div style=\"padding: 5px; text-align: center; float: left; margin-left: 20px;\"><\/div>\n<\/div>\n","protected":false},"excerpt":{"rendered":"<p>&nbsp; &nbsp; Tunnel d&rsquo;eau Le Tunnel d&rsquo;eau est un effet sc\u00e9nographique avec un grand impact visuel qui permet le passage sous les jets d&rsquo;eau sans crainte de se mouiller (par exemple, la marche des mari\u00e9s). Pour ce faire, le Tunnel utilise des collecteurs sp\u00e9ciaux dimensionn\u00e9s en fonction de la longueur du tunnel et utilisant des [&hellip;]<\/p>\n","protected":false},"featured_media":2821,"template":"","meta":[],"product_brand":[],"product_cat":[345],"product_tag":[],"class_list":{"0":"post-2820","1":"product","2":"type-product","3":"status-publish","4":"has-post-thumbnail","6":"product_cat-sans-categorie","8":"first","9":"instock","10":"shipping-taxable","11":"product-type-simple"},"yoast_head":"<!-- This site is optimized with the Yoast SEO plugin v26.7 - https:\/\/yoast.com\/wordpress\/plugins\/seo\/ -->\n<title>Tunnel d&#039;eau - Cascade<\/title>\n<meta name=\"description\" content=\"Le tunnel d&#039;eau est un effet sc\u00e9nographique avec un grand impact visuel qui permet le passage sous les jets d&#039;eau sans crainte de se mouiller.\" \/>\n<meta name=\"robots\" content=\"index, follow, max-snippet:-1, max-image-preview:large, max-video-preview:-1\" \/>\n<link rel=\"canonical\" href=\"https:\/\/www.cascade.it\/fr\/prodotto\/tunnel-deau\/\" \/>\n<meta property=\"og:locale\" content=\"fr_FR\" \/>\n<meta property=\"og:type\" content=\"article\" \/>\n<meta property=\"og:title\" content=\"Tunnel d&#039;eau - Cascade\" \/>\n<meta property=\"og:description\" content=\"Le tunnel d&#039;eau est un effet sc\u00e9nographique avec un grand impact visuel qui permet le passage sous les jets d&#039;eau sans crainte de se mouiller.\" \/>\n<meta property=\"og:url\" content=\"https:\/\/www.cascade.it\/fr\/prodotto\/tunnel-deau\/\" \/>\n<meta property=\"og:site_name\" content=\"Cascade\" \/>\n<meta property=\"article:modified_time\" content=\"2021-02-10T15:10:39+00:00\" \/>\n<meta property=\"og:image\" content=\"https:\/\/www.cascade.it\/new\/wp-content\/uploads\/Prodotti\/Effetti_speciali\/TUNNEL-DACQUA.jpg\" \/>\n\t<meta property=\"og:image:width\" content=\"1300\" \/>\n\t<meta property=\"og:image:height\" content=\"1300\" \/>\n\t<meta property=\"og:image:type\" content=\"image\/jpeg\" \/>\n<meta name=\"twitter:card\" content=\"summary_large_image\" \/>\n<meta name=\"twitter:label1\" content=\"Dur\u00e9e de lecture estim\u00e9e\" \/>\n\t<meta name=\"twitter:data1\" content=\"1 minute\" \/>\n<!-- \/ Yoast SEO plugin. -->","yoast_head_json":{"title":"Tunnel d'eau - Cascade","description":"Le tunnel d'eau est un effet sc\u00e9nographique avec un grand impact visuel qui permet le passage sous les jets d'eau sans crainte de se mouiller.","robots":{"index":"index","follow":"follow","max-snippet":"max-snippet:-1","max-image-preview":"max-image-preview:large","max-video-preview":"max-video-preview:-1"},"canonical":"https:\/\/www.cascade.it\/fr\/prodotto\/tunnel-deau\/","og_locale":"fr_FR","og_type":"article","og_title":"Tunnel d'eau - Cascade","og_description":"Le tunnel d'eau est un effet sc\u00e9nographique avec un grand impact visuel qui permet le passage sous les jets d'eau sans crainte de se mouiller.","og_url":"https:\/\/www.cascade.it\/fr\/prodotto\/tunnel-deau\/","og_site_name":"Cascade","article_modified_time":"2021-02-10T15:10:39+00:00","og_image":[{"width":1300,"height":1300,"url":"https:\/\/www.cascade.it\/new\/wp-content\/uploads\/Prodotti\/Effetti_speciali\/TUNNEL-DACQUA.jpg","type":"image\/jpeg"}],"twitter_card":"summary_large_image","twitter_misc":{"Dur\u00e9e de lecture estim\u00e9e":"1 minute"},"schema":{"@context":"https:\/\/schema.org","@graph":[{"@type":"WebPage","@id":"https:\/\/www.cascade.it\/fr\/prodotto\/tunnel-deau\/","url":"https:\/\/www.cascade.it\/fr\/prodotto\/tunnel-deau\/","name":"Tunnel d'eau - Cascade","isPartOf":{"@id":"https:\/\/www.cascade.it\/fr\/#website"},"primaryImageOfPage":{"@id":"https:\/\/www.cascade.it\/fr\/prodotto\/tunnel-deau\/#primaryimage"},"image":{"@id":"https:\/\/www.cascade.it\/fr\/prodotto\/tunnel-deau\/#primaryimage"},"thumbnailUrl":"https:\/\/www.cascade.it\/new\/wp-content\/uploads\/Prodotti\/Effetti_speciali\/TUNNEL-DACQUA.jpg","datePublished":"2019-02-21T08:36:14+00:00","dateModified":"2021-02-10T15:10:39+00:00","description":"Le tunnel d'eau est un effet sc\u00e9nographique avec un grand impact visuel qui permet le passage sous les jets d'eau sans crainte de se mouiller.","breadcrumb":{"@id":"https:\/\/www.cascade.it\/fr\/prodotto\/tunnel-deau\/#breadcrumb"},"inLanguage":"fr-FR","potentialAction":[{"@type":"ReadAction","target":["https:\/\/www.cascade.it\/fr\/prodotto\/tunnel-deau\/"]}]},{"@type":"ImageObject","inLanguage":"fr-FR","@id":"https:\/\/www.cascade.it\/fr\/prodotto\/tunnel-deau\/#primaryimage","url":"https:\/\/www.cascade.it\/new\/wp-content\/uploads\/Prodotti\/Effetti_speciali\/TUNNEL-DACQUA.jpg","contentUrl":"https:\/\/www.cascade.it\/new\/wp-content\/uploads\/Prodotti\/Effetti_speciali\/TUNNEL-DACQUA.jpg","width":1300,"height":1300},{"@type":"BreadcrumbList","@id":"https:\/\/www.cascade.it\/fr\/prodotto\/tunnel-deau\/#breadcrumb","itemListElement":[{"@type":"ListItem","position":1,"name":"Home","item":"https:\/\/www.cascade.it\/fr\/"},{"@type":"ListItem","position":2,"name":"Boutique","item":"https:\/\/www.cascade.it\/fr\/boutique\/"},{"@type":"ListItem","position":3,"name":"Tunnel d&rsquo;eau"}]},{"@type":"WebSite","@id":"https:\/\/www.cascade.it\/fr\/#website","url":"https:\/\/www.cascade.it\/fr\/","name":"Cascade","description":"More than a fountain","potentialAction":[{"@type":"SearchAction","target":{"@type":"EntryPoint","urlTemplate":"https:\/\/www.cascade.it\/fr\/?s={search_term_string}"},"query-input":{"@type":"PropertyValueSpecification","valueRequired":true,"valueName":"search_term_string"}}],"inLanguage":"fr-FR"}]}},"_links":{"self":[{"href":"https:\/\/www.cascade.it\/fr\/wp-json\/wp\/v2\/product\/2820","targetHints":{"allow":["GET"]}}],"collection":[{"href":"https:\/\/www.cascade.it\/fr\/wp-json\/wp\/v2\/product"}],"about":[{"href":"https:\/\/www.cascade.it\/fr\/wp-json\/wp\/v2\/types\/product"}],"wp:featuredmedia":[{"embeddable":true,"href":"https:\/\/www.cascade.it\/fr\/wp-json\/wp\/v2\/media\/2821"}],"wp:attachment":[{"href":"https:\/\/www.cascade.it\/fr\/wp-json\/wp\/v2\/media?parent=2820"}],"wp:term":[{"taxonomy":"product_brand","embeddable":true,"href":"https:\/\/www.cascade.it\/fr\/wp-json\/wp\/v2\/product_brand?post=2820"},{"taxonomy":"product_cat","embeddable":true,"href":"https:\/\/www.cascade.it\/fr\/wp-json\/wp\/v2\/product_cat?post=2820"},{"taxonomy":"product_tag","embeddable":true,"href":"https:\/\/www.cascade.it\/fr\/wp-json\/wp\/v2\/product_tag?post=2820"}],"curies":[{"name":"wp","href":"https:\/\/api.w.org\/{rel}","templated":true}]}}