{"id":2813,"date":"2019-02-21T09:31:30","date_gmt":"2019-02-21T08:31:30","guid":{"rendered":"https:\/\/www.cascade.it\/new\/prodotto\/cascate-laminari-su-misura\/"},"modified":"2020-11-20T18:18:05","modified_gmt":"2020-11-20T17:18:05","slug":"chutes-eau-laminaires-sur-mesure","status":"publish","type":"product","link":"https:\/\/www.cascade.it\/fr\/prodotto\/chutes-eau-laminaires-sur-mesure\/","title":{"rendered":"Chutes d\u2019eau laminaires sur mesure"},"content":{"rendered":"<p>&nbsp;<\/p>\n<div class=\"carousel-slider-outer carousel-slider-outer-image-carousel carousel-slider-outer-1724\" style=\"--carousel-slider-nav-color:#f1f1f1;--carousel-slider-active-nav-color:#00d1b2;--carousel-slider-arrow-size:48px;--carousel-slider-bullet-size:10px\">\n<div id=\"&#039;id-1724\" class=\"carousel-slider carousel-slider-1724 arrows-visibility-hover dots-visibility-never arrows-outside dots-center dots-square owl-carousel\" data-slide-type=\"image-carousel\" data-owl-settings='{\"nav\":true,\"dots\":false,\"slideBy\":1,\"stagePadding\":0,\"margin\":10,\"loop\":true,\"lazyLoad\":true,\"autoplay\":true,\"autoplayTimeout\":5000,\"autoplaySpeed\":500,\"autoplayHoverPause\":true,\"autoWidth\":false,\"responsive\":{\"300\":{\"items\":1},\"576\":{\"items\":2},\"768\":{\"items\":2},\"1024\":{\"items\":3},\"1280\":{\"items\":3},\"1536\":{\"items\":3}}}'>\n<div class=\"carousel-slider__item\">\n\t<img class=\"owl-lazy\" data-src=\"https:\/\/www.cascade.it\/new\/wp-content\/uploads\/2019\/08\/0-CASCATE-LAMINARI-SU-MISURA.jpg\" alt=\"\"><\/a><\/div>\n\n<div class=\"carousel-slider__item\">\n\t<img class=\"owl-lazy\" data-src=\"https:\/\/www.cascade.it\/new\/wp-content\/uploads\/2019\/08\/1-Cascate-su-misura.jpg\" alt=\"\"><\/a><\/div>\n\n<div class=\"carousel-slider__item\">\n\t<img class=\"owl-lazy\" data-src=\"https:\/\/www.cascade.it\/new\/wp-content\/uploads\/2020\/06\/13-Cascate-su-misura.jpg\" alt=\"\"><\/a><\/div>\n\n<div class=\"carousel-slider__item\">\n\t<img class=\"owl-lazy\" data-src=\"https:\/\/www.cascade.it\/new\/wp-content\/uploads\/2020\/06\/2-Cascate-su-misura.jpg\" alt=\"\"><\/a><\/div>\n\n<div class=\"carousel-slider__item\">\n\t<img class=\"owl-lazy\" data-src=\"https:\/\/www.cascade.it\/new\/wp-content\/uploads\/2020\/06\/11-Cascate-su-misura.jpg\" alt=\"\"><\/a><\/div>\n\n<div class=\"carousel-slider__item\">\n\t<img class=\"owl-lazy\" data-src=\"https:\/\/www.cascade.it\/new\/wp-content\/uploads\/2020\/06\/3-Cascate-su-misura.jpg\" alt=\"\"><\/a><\/div>\n\n<div class=\"carousel-slider__item\">\n\t<img class=\"owl-lazy\" data-src=\"https:\/\/www.cascade.it\/new\/wp-content\/uploads\/2020\/06\/8-Cascate-su-misura.jpg\" alt=\"\"><\/a><\/div>\n\n<div class=\"carousel-slider__item\">\n\t<img class=\"owl-lazy\" data-src=\"https:\/\/www.cascade.it\/new\/wp-content\/uploads\/2020\/06\/7-Cascate-su-misura.jpg\" alt=\"\"><\/a><\/div>\n\n<div class=\"carousel-slider__item\">\n\t<img class=\"owl-lazy\" data-src=\"https:\/\/www.cascade.it\/new\/wp-content\/uploads\/2020\/06\/9-Cascate-su-misura.jpg\" alt=\"\"><\/a><\/div>\n\n<div class=\"carousel-slider__item\">\n\t<img class=\"owl-lazy\" data-src=\"https:\/\/www.cascade.it\/new\/wp-content\/uploads\/2020\/06\/10-Cascate-su-misura.jpg\" alt=\"\"><\/a><\/div>\n\n<div class=\"carousel-slider__item\">\n\t<img class=\"owl-lazy\" data-src=\"https:\/\/www.cascade.it\/new\/wp-content\/uploads\/2020\/06\/12-Cascate-su-misura.jpg\" alt=\"\"><\/a><\/div>\n\n<\/div><!-- .carousel-slider-1724 -->\n<\/div><!-- .carousel-slider-outer-1724 -->\n\n<div style=\"overflow-x: auto;\">\n<h1><span style=\"color: #1e73be;\">Chutes d\u2019eau laminaires sur mesure<\/span><\/h1>\n<p>La <strong>Chute d\u2019eau laminaire<\/strong> se compose d&rsquo;un collecteur ferm\u00e9 en <strong>acier inoxydable AISI 304<\/strong>, avec une t\u00f4le de 2 mm d&rsquo;\u00e9paisseur, complet avec un <strong>dispositif laminaire<\/strong> interne.<\/p>\n<p>Cascade est capable de cr\u00e9er <strong>tout type de chutes d\u2019eau sur mesure<\/strong>: cascades <strong>lin\u00e9aires de toute longueur<\/strong>, cascades <strong>curvilignes<\/strong> et <strong>grandes cascades<\/strong>.<\/p>\n<p>Les chutes d\u2019eau laminaires Cascade sont con\u00e7ues pour assurer un effet d&rsquo;eau laminaire utilis\u00e9 \u00e0 la fois <strong>horizontalement et verticalement<\/strong>; travaillant <strong>sous pression<\/strong>, ils ont l&rsquo;avantage de garantir un bon fonctionnement m\u00eame dans des conditions de montage sous-optimales.<\/p>\n<p>La fermeture sup\u00e9rieure <strong>renforc\u00e9e<\/strong> fournit \u00e9galement au collecteur une fonction de <strong>support<\/strong> structurel, ce qui le rend apte \u00e0 \u00eatre int\u00e9gr\u00e9 <strong>sans d\u00e9formation<\/strong> et sans compromettre sa fonctionnalit\u00e9 correcte.<\/p>\n<p>Sur demande, il peut \u00eatre en <strong>acier inoxydable AISI 316<\/strong>.<\/p>\n<p><strong>\u00c9clairage immerg\u00e9<\/strong>: pour enrichir l&rsquo;effet de l&rsquo;eau avec des jeux de lumi\u00e8re monochromatique ou RGBW, nous recommandons l&rsquo;utilisation des <a href=\"https:\/\/www.cascade.it\/fr\/produits\/eclairage-immerge-led\/projecteurs-led-mizar\/\"><span style=\"text-decoration: underline;\"><strong>projecteurs LED immerg\u00e9s Mizar pour fontaines<\/strong><\/span><\/a>, des produits Cascade professionnels sp\u00e9cifiques pour une utilisation dans les fontaines, avec un design \u00e9l\u00e9gant, une technologie de pointe et effets de lumi\u00e8re extraordinaires.<\/p>\n<p>Pour plus d&rsquo;informations et des devis cibl\u00e9s, contactez-nous directement.[vc_row][vc_column][vc_btn title=\u00a0\u00bbContactez-nous\u00a0\u00bb style=\u00a0\u00bbcustom\u00a0\u00bb custom_background=\u00a0\u00bb#1e73be\u00a0\u00bb custom_text=\u00a0\u00bb#ffffff\u00a0\u00bb size=\u00a0\u00bblg\u00a0\u00bb align=\u00a0\u00bbcenter\u00a0\u00bb i_icon_fontawesome=\u00a0\u00bbfa fa-envelope-o\u00a0\u00bb add_icon=\u00a0\u00bbtrue\u00a0\u00bb link=\u00a0\u00bburl:https%3A%2F%2Fwww.cascade.it%2Ffr%2Fcontact%2F|||\u00a0\u00bb][\/vc_column][\/vc_row]<\/p>\n<\/div>\n","protected":false},"excerpt":{"rendered":"<p>&nbsp; Chutes d\u2019eau laminaires sur mesure La Chute d\u2019eau laminaire se compose d&rsquo;un collecteur ferm\u00e9 en acier inoxydable AISI 304, avec une t\u00f4le de 2 mm d&rsquo;\u00e9paisseur, complet avec un dispositif laminaire interne. Cascade est capable de cr\u00e9er tout type de chutes d\u2019eau sur mesure: cascades lin\u00e9aires de toute longueur, cascades curvilignes et grandes cascades. [&hellip;]<\/p>\n","protected":false},"featured_media":2814,"template":"","meta":[],"product_brand":[],"product_cat":[291],"product_tag":[],"class_list":{"0":"post-2813","1":"product","2":"type-product","3":"status-publish","4":"has-post-thumbnail","6":"product_cat-chutes-deau","8":"first","9":"instock","10":"shipping-taxable","11":"product-type-simple"},"yoast_head":"<!-- This site is optimized with the Yoast SEO plugin v26.7 - https:\/\/yoast.com\/wordpress\/plugins\/seo\/ -->\n<title>Chutes d\u2019eau laminaires sur mesure - Cascade<\/title>\n<meta name=\"description\" content=\"Cascade est capable de cr\u00e9er tout type de chutes d\u2019eau sur mesure: cascades lin\u00e9aires de toute longueur, cascades curvilignes et grandes cascades.\" \/>\n<meta name=\"robots\" content=\"index, follow, max-snippet:-1, max-image-preview:large, max-video-preview:-1\" \/>\n<link rel=\"canonical\" href=\"https:\/\/www.cascade.it\/fr\/prodotto\/chutes-eau-laminaires-sur-mesure\/\" \/>\n<meta property=\"og:locale\" content=\"fr_FR\" \/>\n<meta property=\"og:type\" content=\"article\" \/>\n<meta property=\"og:title\" content=\"Chutes d\u2019eau laminaires sur mesure - Cascade\" \/>\n<meta property=\"og:description\" content=\"Cascade est capable de cr\u00e9er tout type de chutes d\u2019eau sur mesure: cascades lin\u00e9aires de toute longueur, cascades curvilignes et grandes cascades.\" \/>\n<meta property=\"og:url\" content=\"https:\/\/www.cascade.it\/fr\/prodotto\/chutes-eau-laminaires-sur-mesure\/\" \/>\n<meta property=\"og:site_name\" content=\"Cascade\" \/>\n<meta property=\"article:modified_time\" content=\"2020-11-20T17:18:05+00:00\" \/>\n<meta property=\"og:image\" content=\"https:\/\/www.cascade.it\/new\/wp-content\/uploads\/Prodotti\/Cascate_laminari\/CASCATE-LAMINARI-SU-MISURA.jpg\" \/>\n\t<meta property=\"og:image:width\" content=\"1300\" \/>\n\t<meta property=\"og:image:height\" content=\"1300\" \/>\n\t<meta property=\"og:image:type\" content=\"image\/jpeg\" \/>\n<meta name=\"twitter:card\" content=\"summary_large_image\" \/>\n<meta name=\"twitter:label1\" content=\"Dur\u00e9e de lecture estim\u00e9e\" \/>\n\t<meta name=\"twitter:data1\" content=\"1 minute\" \/>\n<!-- \/ Yoast SEO plugin. -->","yoast_head_json":{"title":"Chutes d\u2019eau laminaires sur mesure - Cascade","description":"Cascade est capable de cr\u00e9er tout type de chutes d\u2019eau sur mesure: cascades lin\u00e9aires de toute longueur, cascades curvilignes et grandes cascades.","robots":{"index":"index","follow":"follow","max-snippet":"max-snippet:-1","max-image-preview":"max-image-preview:large","max-video-preview":"max-video-preview:-1"},"canonical":"https:\/\/www.cascade.it\/fr\/prodotto\/chutes-eau-laminaires-sur-mesure\/","og_locale":"fr_FR","og_type":"article","og_title":"Chutes d\u2019eau laminaires sur mesure - Cascade","og_description":"Cascade est capable de cr\u00e9er tout type de chutes d\u2019eau sur mesure: cascades lin\u00e9aires de toute longueur, cascades curvilignes et grandes cascades.","og_url":"https:\/\/www.cascade.it\/fr\/prodotto\/chutes-eau-laminaires-sur-mesure\/","og_site_name":"Cascade","article_modified_time":"2020-11-20T17:18:05+00:00","og_image":[{"width":1300,"height":1300,"url":"https:\/\/www.cascade.it\/new\/wp-content\/uploads\/Prodotti\/Cascate_laminari\/CASCATE-LAMINARI-SU-MISURA.jpg","type":"image\/jpeg"}],"twitter_card":"summary_large_image","twitter_misc":{"Dur\u00e9e de lecture estim\u00e9e":"1 minute"},"schema":{"@context":"https:\/\/schema.org","@graph":[{"@type":"WebPage","@id":"https:\/\/www.cascade.it\/fr\/prodotto\/chutes-eau-laminaires-sur-mesure\/","url":"https:\/\/www.cascade.it\/fr\/prodotto\/chutes-eau-laminaires-sur-mesure\/","name":"Chutes d\u2019eau laminaires sur mesure - Cascade","isPartOf":{"@id":"https:\/\/www.cascade.it\/fr\/#website"},"primaryImageOfPage":{"@id":"https:\/\/www.cascade.it\/fr\/prodotto\/chutes-eau-laminaires-sur-mesure\/#primaryimage"},"image":{"@id":"https:\/\/www.cascade.it\/fr\/prodotto\/chutes-eau-laminaires-sur-mesure\/#primaryimage"},"thumbnailUrl":"https:\/\/www.cascade.it\/new\/wp-content\/uploads\/Prodotti\/Cascate_laminari\/CASCATE-LAMINARI-SU-MISURA.jpg","datePublished":"2019-02-21T08:31:30+00:00","dateModified":"2020-11-20T17:18:05+00:00","description":"Cascade est capable de cr\u00e9er tout type de chutes d\u2019eau sur mesure: cascades lin\u00e9aires de toute longueur, cascades curvilignes et grandes cascades.","breadcrumb":{"@id":"https:\/\/www.cascade.it\/fr\/prodotto\/chutes-eau-laminaires-sur-mesure\/#breadcrumb"},"inLanguage":"fr-FR","potentialAction":[{"@type":"ReadAction","target":["https:\/\/www.cascade.it\/fr\/prodotto\/chutes-eau-laminaires-sur-mesure\/"]}]},{"@type":"ImageObject","inLanguage":"fr-FR","@id":"https:\/\/www.cascade.it\/fr\/prodotto\/chutes-eau-laminaires-sur-mesure\/#primaryimage","url":"https:\/\/www.cascade.it\/new\/wp-content\/uploads\/Prodotti\/Cascate_laminari\/CASCATE-LAMINARI-SU-MISURA.jpg","contentUrl":"https:\/\/www.cascade.it\/new\/wp-content\/uploads\/Prodotti\/Cascate_laminari\/CASCATE-LAMINARI-SU-MISURA.jpg","width":1300,"height":1300,"caption":"Fontana a Cascata - Cascade"},{"@type":"BreadcrumbList","@id":"https:\/\/www.cascade.it\/fr\/prodotto\/chutes-eau-laminaires-sur-mesure\/#breadcrumb","itemListElement":[{"@type":"ListItem","position":1,"name":"Home","item":"https:\/\/www.cascade.it\/fr\/"},{"@type":"ListItem","position":2,"name":"Boutique","item":"https:\/\/www.cascade.it\/fr\/boutique\/"},{"@type":"ListItem","position":3,"name":"Chutes d\u2019eau laminaires sur mesure"}]},{"@type":"WebSite","@id":"https:\/\/www.cascade.it\/fr\/#website","url":"https:\/\/www.cascade.it\/fr\/","name":"Cascade","description":"More than a fountain","potentialAction":[{"@type":"SearchAction","target":{"@type":"EntryPoint","urlTemplate":"https:\/\/www.cascade.it\/fr\/?s={search_term_string}"},"query-input":{"@type":"PropertyValueSpecification","valueRequired":true,"valueName":"search_term_string"}}],"inLanguage":"fr-FR"}]}},"_links":{"self":[{"href":"https:\/\/www.cascade.it\/fr\/wp-json\/wp\/v2\/product\/2813","targetHints":{"allow":["GET"]}}],"collection":[{"href":"https:\/\/www.cascade.it\/fr\/wp-json\/wp\/v2\/product"}],"about":[{"href":"https:\/\/www.cascade.it\/fr\/wp-json\/wp\/v2\/types\/product"}],"wp:featuredmedia":[{"embeddable":true,"href":"https:\/\/www.cascade.it\/fr\/wp-json\/wp\/v2\/media\/2814"}],"wp:attachment":[{"href":"https:\/\/www.cascade.it\/fr\/wp-json\/wp\/v2\/media?parent=2813"}],"wp:term":[{"taxonomy":"product_brand","embeddable":true,"href":"https:\/\/www.cascade.it\/fr\/wp-json\/wp\/v2\/product_brand?post=2813"},{"taxonomy":"product_cat","embeddable":true,"href":"https:\/\/www.cascade.it\/fr\/wp-json\/wp\/v2\/product_cat?post=2813"},{"taxonomy":"product_tag","embeddable":true,"href":"https:\/\/www.cascade.it\/fr\/wp-json\/wp\/v2\/product_tag?post=2813"}],"curies":[{"name":"wp","href":"https:\/\/api.w.org\/{rel}","templated":true}]}}