{"id":2678,"date":"2019-02-21T09:30:00","date_gmt":"2019-02-21T08:30:00","guid":{"rendered":"https:\/\/www.cascade.it\/new\/prodotto\/cascate-laminari-standard\/"},"modified":"2023-11-17T17:21:32","modified_gmt":"2023-11-17T16:21:32","slug":"chutes-eau-laminaires-standard","status":"publish","type":"product","link":"https:\/\/www.cascade.it\/fr\/prodotto\/chutes-eau-laminaires-standard\/","title":{"rendered":"Chutes d\u2019eau laminaires standard"},"content":{"rendered":"<p>&nbsp;<\/p>\n<div class=\"carousel-slider-outer carousel-slider-outer-image-carousel carousel-slider-outer-1712\" style=\"--carousel-slider-nav-color:#f1f1f1;--carousel-slider-active-nav-color:#00d1b2;--carousel-slider-arrow-size:48px;--carousel-slider-bullet-size:10px\">\n<div id=\"&#039;id-1712\" class=\"carousel-slider carousel-slider-1712 arrows-visibility-hover dots-visibility-never arrows-outside dots-center dots-square owl-carousel\" data-slide-type=\"image-carousel\" data-owl-settings='{\"nav\":true,\"dots\":false,\"slideBy\":1,\"stagePadding\":0,\"margin\":10,\"loop\":true,\"lazyLoad\":true,\"autoplay\":true,\"autoplayTimeout\":5000,\"autoplaySpeed\":500,\"autoplayHoverPause\":true,\"autoWidth\":false,\"responsive\":{\"300\":{\"items\":1},\"576\":{\"items\":2},\"768\":{\"items\":2},\"1024\":{\"items\":3},\"1280\":{\"items\":3},\"1536\":{\"items\":3}}}'>\n<div class=\"carousel-slider__item\">\n\t<img class=\"owl-lazy\" data-src=\"https:\/\/www.cascade.it\/new\/wp-content\/uploads\/2019\/08\/0-Cascate-laminari-standard.jpg\" alt=\"\"><\/a><\/div>\n\n<div class=\"carousel-slider__item\">\n\t<img class=\"owl-lazy\" data-src=\"https:\/\/www.cascade.it\/new\/wp-content\/uploads\/2020\/06\/10-Cascate-laminari-standard.jpg\" alt=\"\"><\/a><\/div>\n\n<div class=\"carousel-slider__item\">\n\t<img class=\"owl-lazy\" data-src=\"https:\/\/www.cascade.it\/new\/wp-content\/uploads\/2020\/06\/3-Cascate-laminari-standard.jpg\" alt=\"\"><\/a><\/div>\n\n<div class=\"carousel-slider__item\">\n\t<img class=\"owl-lazy\" data-src=\"https:\/\/www.cascade.it\/new\/wp-content\/uploads\/2020\/06\/11-Cascate-laminari-standard.jpg\" alt=\"\"><\/a><\/div>\n\n<div class=\"carousel-slider__item\">\n\t<img class=\"owl-lazy\" data-src=\"https:\/\/www.cascade.it\/new\/wp-content\/uploads\/2020\/06\/6-Cascate-laminari-standard.jpg\" alt=\"\"><\/a><\/div>\n\n<div class=\"carousel-slider__item\">\n\t<img class=\"owl-lazy\" data-src=\"https:\/\/www.cascade.it\/new\/wp-content\/uploads\/2020\/06\/1-Cascate-laminari-standard.jpg\" alt=\"\"><\/a><\/div>\n\n<div class=\"carousel-slider__item\">\n\t<img class=\"owl-lazy\" data-src=\"https:\/\/www.cascade.it\/new\/wp-content\/uploads\/2020\/06\/4-Cascate-laminari-standard.jpg\" alt=\"\"><\/a><\/div>\n\n<div class=\"carousel-slider__item\">\n\t<img class=\"owl-lazy\" data-src=\"https:\/\/www.cascade.it\/new\/wp-content\/uploads\/2020\/06\/12-Cascate-laminari-standard.jpg\" alt=\"\"><\/a><\/div>\n\n<div class=\"carousel-slider__item\">\n\t<img class=\"owl-lazy\" data-src=\"https:\/\/www.cascade.it\/new\/wp-content\/uploads\/2020\/06\/7-Cascate-laminari-standard.jpg\" alt=\"\"><\/a><\/div>\n\n<div class=\"carousel-slider__item\">\n\t<img class=\"owl-lazy\" data-src=\"https:\/\/www.cascade.it\/new\/wp-content\/uploads\/2020\/06\/8-Cascate-laminari-standard.jpg\" alt=\"\"><\/a><\/div>\n\n<div class=\"carousel-slider__item\">\n\t<img class=\"owl-lazy\" data-src=\"https:\/\/www.cascade.it\/new\/wp-content\/uploads\/2020\/06\/9-Cascate-laminari-standard.jpg\" alt=\"\"><\/a><\/div>\n\n<div class=\"carousel-slider__item\">\n\t<img class=\"owl-lazy\" data-src=\"https:\/\/www.cascade.it\/new\/wp-content\/uploads\/2020\/06\/2-Cascate-laminari-standard.jpg\" alt=\"\"><\/a><\/div>\n\n<div class=\"carousel-slider__item\">\n\t<img class=\"owl-lazy\" data-src=\"https:\/\/www.cascade.it\/new\/wp-content\/uploads\/2020\/06\/5-Cascate-laminari-standard.jpg\" alt=\"\"><\/a><\/div>\n\n<\/div><!-- .carousel-slider-1712 -->\n<\/div><!-- .carousel-slider-outer-1712 -->\n\n<h1><span style=\"color: #1e73be;\">Chutes d\u2019eau laminaires standard<\/span><\/h1>\n<p>La <strong>Chute d\u2019eau \u00e0 jet laminaire<\/strong> se compose d&rsquo;un collecteur ferm\u00e9 en <strong>acier inoxydable AISI 304<\/strong> complet avec un <strong>dispositif laminaire<\/strong> interne.<\/p>\n<p>Les chutes d\u2019eau Cascade sont con\u00e7ues pour assurer un effet d&rsquo;eau laminaire utilis\u00e9 \u00e0 la fois <strong>horizontalement et verticalement<\/strong>; travaillant <strong>sous<\/strong> <strong>pression<\/strong>, ils ont l&rsquo;avantage de garantir un bon fonctionnement m\u00eame dans des conditions de montage sous-optimales.<\/p>\n<p>L&rsquo;\u00e9paisseur maximale de la lame d&rsquo;eau pouvant \u00eatre obtenue est \u00e9gale \u00e0 l&rsquo;\u00e9paisseur de sortie de <strong>7 mm<\/strong>.<\/p>\n<p>La fermeture sup\u00e9rieure <strong>renforc\u00e9e<\/strong> fournit \u00e9galement au collecteur une fonction de <strong>support<\/strong> structurel, ce qui le rend apte \u00e0 \u00eatre int\u00e9gr\u00e9 <strong>sans d\u00e9formation<\/strong> et sans compromettre sa fonctionnalit\u00e9 correcte.<\/p>\n<p>Sur demande, elle peut \u00eatre en <strong>acier inox AISI 316<\/strong>.<\/p>\n<p><strong>\u00c9clairage immerg\u00e9<\/strong>: pour enrichir l&rsquo;effet de l&rsquo;eau avec des jeux de lumi\u00e8re monochromatique ou RGBW, nous recommandons l&rsquo;utilisation des <a href=\"https:\/\/www.cascade.it\/fr\/produits\/eclairage-immerge-led\/projecteurs-led-mizar\/\"><span style=\"text-decoration: underline;\"><strong>projecteurs LED immerg\u00e9s Mizar pour fontaines<\/strong><\/span><\/a>, des produits Cascade professionnels sp\u00e9cifiques pour une utilisation dans les fontaines, avec un design \u00e9l\u00e9gant, une technologie de pointe et effets de lumi\u00e8re extraordinaires.<\/p>\n<p>&nbsp;<\/p>\n<h3>Donn\u00e9es techniques<\/h3>\n<div style=\"overflow-x: auto;\">\n<table width=\"95%\">\n<tbody>\n<tr>\n<td width=\"9%\"><strong>\u00a0<\/strong><\/td>\n<td class=\"thHorz\" width=\"12%\">Chute d\u2019eau 400<\/td>\n<td class=\"thHorz\" width=\"12%\">Chute d\u2019eau 600<\/td>\n<td class=\"thHorz\" width=\"12%\">Chute d\u2019eau 800<\/td>\n<td class=\"thHorz\" width=\"12%\">Chute d\u2019eau 1000<\/td>\n<td class=\"thHorz\" width=\"12%\">Chute d\u2019eau 1200<\/td>\n<td class=\"thHorz\" width=\"12%\">Chute d\u2019eau 1500<\/td>\n<td class=\"thHorz\" width=\"12%\">Chute d\u2019eau 2000<\/td>\n<\/tr>\n<tr>\n<td class=\"thVert\" width=\"9%\">Code<\/td>\n<td width=\"12%\">CALA400<\/td>\n<td width=\"12%\">CALA600<\/td>\n<td width=\"12%\">CALA800<\/td>\n<td width=\"12%\">CALA1000<\/td>\n<td width=\"12%\">CALA1200<\/td>\n<td width=\"12%\">CALA1500<\/td>\n<td width=\"12%\">CALA2000<\/td>\n<\/tr>\n<tr>\n<td class=\"thVert\" width=\"9%\">Longueur<\/td>\n<td width=\"12%\">400 mm<\/td>\n<td width=\"12%\">600 mm<\/td>\n<td width=\"12%\">800 mm<\/td>\n<td width=\"12%\">1000 mm<\/td>\n<td width=\"12%\">1200 mm<\/td>\n<td width=\"12%\">1500 mm<\/td>\n<td width=\"12%\">2000 mm<\/td>\n<\/tr>\n<tr>\n<td class=\"thVert\" width=\"9%\">Connexions<\/td>\n<td width=\"12%\">1 da 2\u201d<\/td>\n<td width=\"12%\">2 da 1 1\/2\u201d<\/td>\n<td width=\"12%\">2 da 2\u201d<\/td>\n<td width=\"12%\">2 da 2\u201d<\/td>\n<td width=\"12%\">2 da 2\u201d<\/td>\n<td width=\"12%\">3 da 2\u201d<\/td>\n<td width=\"12%\">4 da 2\u201d<\/td>\n<\/tr>\n<tr>\n<td class=\"thVert\" width=\"9%\">Mat\u00e9riel<\/td>\n<td width=\"12%\">Acier inox<\/td>\n<td width=\"12%\">Acier inox<\/td>\n<td width=\"12%\">Acier inox<\/td>\n<td width=\"12%\">Acier inox<\/td>\n<td width=\"12%\">Acier inox<\/td>\n<td width=\"12%\">Acier inox<\/td>\n<td width=\"12%\">Acier inox<\/td>\n<\/tr>\n<tr>\n<td class=\"thVert\" width=\"9%\">Poids<\/td>\n<td width=\"12%\">6,8 kg<\/td>\n<td width=\"12%\">9,8 kg<\/td>\n<td width=\"12%\">12,8 kg<\/td>\n<td width=\"12%\">15,7 kg<\/td>\n<td width=\"12%\">18,6 kg<\/td>\n<td width=\"12%\">23,1 kg<\/td>\n<td width=\"12%\">30,6 kg<\/td>\n<\/tr>\n<\/tbody>\n<\/table>\n<\/div>\n<h3><\/h3>\n<p>&nbsp;<\/p>\n<h3>Downloads<\/h3>\n<div class=\"divide-line text-left\"><\/div>\n<div>\n<div style=\"float: left; padding: 5px; text-align: center; width: 150px;\"><a href=\"https:\/\/www.cascade.it\/new\/wp-content\/uploads\/2023\/11\/CASCADE-Chutes-deau-laminaires-FR.pdf\" target=\"_blank\" rel=\"noopener\"><img loading=\"lazy\" decoding=\"async\" class=\"alignnone wp-image-783\" src=\"https:\/\/www.cascade.it\/new\/wp-content\/uploads\/2019\/02\/pdf-icon-png-7.jpg\" alt=\"\" width=\"91\" height=\"91\" srcset=\"https:\/\/www.cascade.it\/new\/wp-content\/uploads\/2019\/02\/pdf-icon-png-7.jpg 254w, https:\/\/www.cascade.it\/new\/wp-content\/uploads\/2019\/02\/pdf-icon-png-7-150x150.jpg 150w, https:\/\/www.cascade.it\/new\/wp-content\/uploads\/2019\/02\/pdf-icon-png-7-100x100.jpg 100w\" sizes=\"auto, (max-width: 91px) 100vw, 91px\" \/><\/a><br \/>\nFiche technique<\/div>\n<\/div>\n","protected":false},"excerpt":{"rendered":"<p>&nbsp; Chutes d\u2019eau laminaires standard La Chute d\u2019eau \u00e0 jet laminaire se compose d&rsquo;un collecteur ferm\u00e9 en acier inoxydable AISI 304 complet avec un dispositif laminaire interne. Les chutes d\u2019eau Cascade sont con\u00e7ues pour assurer un effet d&rsquo;eau laminaire utilis\u00e9 \u00e0 la fois horizontalement et verticalement; travaillant sous pression, ils ont l&rsquo;avantage de garantir un [&hellip;]<\/p>\n","protected":false},"featured_media":9777,"template":"","meta":[],"product_brand":[],"product_cat":[291],"product_tag":[],"class_list":{"0":"post-2678","1":"product","2":"type-product","3":"status-publish","4":"has-post-thumbnail","6":"product_cat-chutes-deau","8":"first","9":"instock","10":"shipping-taxable","11":"product-type-simple"},"yoast_head":"<!-- This site is optimized with the Yoast SEO plugin v26.7 - https:\/\/yoast.com\/wordpress\/plugins\/seo\/ -->\n<title>Chutes d\u2019eau laminaires standard - Cascade<\/title>\n<meta name=\"description\" content=\"Les Chutes d\u2019eau \u00e0 jet laminaire se compose d&#039;un collecteur ferm\u00e9 en acier inoxydable AISI 304, avec une t\u00f4le de 2 mm d&#039;\u00e9paisseur, complet avec un dispositif laminaire interne.\" \/>\n<meta name=\"robots\" content=\"index, follow, max-snippet:-1, max-image-preview:large, max-video-preview:-1\" \/>\n<link rel=\"canonical\" href=\"https:\/\/www.cascade.it\/fr\/prodotto\/chutes-eau-laminaires-standard\/\" \/>\n<meta property=\"og:locale\" content=\"fr_FR\" \/>\n<meta property=\"og:type\" content=\"article\" \/>\n<meta property=\"og:title\" content=\"Chutes d\u2019eau laminaires standard - Cascade\" \/>\n<meta property=\"og:description\" content=\"Les Chutes d\u2019eau \u00e0 jet laminaire se compose d&#039;un collecteur ferm\u00e9 en acier inoxydable AISI 304, avec une t\u00f4le de 2 mm d&#039;\u00e9paisseur, complet avec un dispositif laminaire interne.\" \/>\n<meta property=\"og:url\" content=\"https:\/\/www.cascade.it\/fr\/prodotto\/chutes-eau-laminaires-standard\/\" \/>\n<meta property=\"og:site_name\" content=\"Cascade\" \/>\n<meta property=\"article:modified_time\" content=\"2023-11-17T16:21:32+00:00\" \/>\n<meta property=\"og:image\" content=\"https:\/\/www.cascade.it\/new\/wp-content\/uploads\/2019\/02\/CASCATE-LAMINARI-STANDARD-1.jpg\" \/>\n\t<meta property=\"og:image:width\" content=\"700\" \/>\n\t<meta property=\"og:image:height\" content=\"700\" \/>\n\t<meta property=\"og:image:type\" content=\"image\/jpeg\" \/>\n<meta name=\"twitter:card\" content=\"summary_large_image\" \/>\n<meta name=\"twitter:label1\" content=\"Dur\u00e9e de lecture estim\u00e9e\" \/>\n\t<meta name=\"twitter:data1\" content=\"2 minutes\" \/>\n<!-- \/ Yoast SEO plugin. -->","yoast_head_json":{"title":"Chutes d\u2019eau laminaires standard - Cascade","description":"Les Chutes d\u2019eau \u00e0 jet laminaire se compose d'un collecteur ferm\u00e9 en acier inoxydable AISI 304, avec une t\u00f4le de 2 mm d'\u00e9paisseur, complet avec un dispositif laminaire interne.","robots":{"index":"index","follow":"follow","max-snippet":"max-snippet:-1","max-image-preview":"max-image-preview:large","max-video-preview":"max-video-preview:-1"},"canonical":"https:\/\/www.cascade.it\/fr\/prodotto\/chutes-eau-laminaires-standard\/","og_locale":"fr_FR","og_type":"article","og_title":"Chutes d\u2019eau laminaires standard - Cascade","og_description":"Les Chutes d\u2019eau \u00e0 jet laminaire se compose d'un collecteur ferm\u00e9 en acier inoxydable AISI 304, avec une t\u00f4le de 2 mm d'\u00e9paisseur, complet avec un dispositif laminaire interne.","og_url":"https:\/\/www.cascade.it\/fr\/prodotto\/chutes-eau-laminaires-standard\/","og_site_name":"Cascade","article_modified_time":"2023-11-17T16:21:32+00:00","og_image":[{"width":700,"height":700,"url":"https:\/\/www.cascade.it\/new\/wp-content\/uploads\/2019\/02\/CASCATE-LAMINARI-STANDARD-1.jpg","type":"image\/jpeg"}],"twitter_card":"summary_large_image","twitter_misc":{"Dur\u00e9e de lecture estim\u00e9e":"2 minutes"},"schema":{"@context":"https:\/\/schema.org","@graph":[{"@type":"WebPage","@id":"https:\/\/www.cascade.it\/fr\/prodotto\/chutes-eau-laminaires-standard\/","url":"https:\/\/www.cascade.it\/fr\/prodotto\/chutes-eau-laminaires-standard\/","name":"Chutes d\u2019eau laminaires standard - Cascade","isPartOf":{"@id":"https:\/\/www.cascade.it\/fr\/#website"},"primaryImageOfPage":{"@id":"https:\/\/www.cascade.it\/fr\/prodotto\/chutes-eau-laminaires-standard\/#primaryimage"},"image":{"@id":"https:\/\/www.cascade.it\/fr\/prodotto\/chutes-eau-laminaires-standard\/#primaryimage"},"thumbnailUrl":"https:\/\/www.cascade.it\/new\/wp-content\/uploads\/2019\/02\/CASCATE-LAMINARI-STANDARD-1.jpg","datePublished":"2019-02-21T08:30:00+00:00","dateModified":"2023-11-17T16:21:32+00:00","description":"Les Chutes d\u2019eau \u00e0 jet laminaire se compose d'un collecteur ferm\u00e9 en acier inoxydable AISI 304, avec une t\u00f4le de 2 mm d'\u00e9paisseur, complet avec un dispositif laminaire interne.","breadcrumb":{"@id":"https:\/\/www.cascade.it\/fr\/prodotto\/chutes-eau-laminaires-standard\/#breadcrumb"},"inLanguage":"fr-FR","potentialAction":[{"@type":"ReadAction","target":["https:\/\/www.cascade.it\/fr\/prodotto\/chutes-eau-laminaires-standard\/"]}]},{"@type":"ImageObject","inLanguage":"fr-FR","@id":"https:\/\/www.cascade.it\/fr\/prodotto\/chutes-eau-laminaires-standard\/#primaryimage","url":"https:\/\/www.cascade.it\/new\/wp-content\/uploads\/2019\/02\/CASCATE-LAMINARI-STANDARD-1.jpg","contentUrl":"https:\/\/www.cascade.it\/new\/wp-content\/uploads\/2019\/02\/CASCATE-LAMINARI-STANDARD-1.jpg","width":700,"height":700,"caption":"Fontana a Cascata - Cascade"},{"@type":"BreadcrumbList","@id":"https:\/\/www.cascade.it\/fr\/prodotto\/chutes-eau-laminaires-standard\/#breadcrumb","itemListElement":[{"@type":"ListItem","position":1,"name":"Home","item":"https:\/\/www.cascade.it\/fr\/"},{"@type":"ListItem","position":2,"name":"Boutique","item":"https:\/\/www.cascade.it\/fr\/boutique\/"},{"@type":"ListItem","position":3,"name":"Chutes d\u2019eau laminaires standard"}]},{"@type":"WebSite","@id":"https:\/\/www.cascade.it\/fr\/#website","url":"https:\/\/www.cascade.it\/fr\/","name":"Cascade","description":"More than a fountain","potentialAction":[{"@type":"SearchAction","target":{"@type":"EntryPoint","urlTemplate":"https:\/\/www.cascade.it\/fr\/?s={search_term_string}"},"query-input":{"@type":"PropertyValueSpecification","valueRequired":true,"valueName":"search_term_string"}}],"inLanguage":"fr-FR"}]}},"_links":{"self":[{"href":"https:\/\/www.cascade.it\/fr\/wp-json\/wp\/v2\/product\/2678","targetHints":{"allow":["GET"]}}],"collection":[{"href":"https:\/\/www.cascade.it\/fr\/wp-json\/wp\/v2\/product"}],"about":[{"href":"https:\/\/www.cascade.it\/fr\/wp-json\/wp\/v2\/types\/product"}],"wp:featuredmedia":[{"embeddable":true,"href":"https:\/\/www.cascade.it\/fr\/wp-json\/wp\/v2\/media\/9777"}],"wp:attachment":[{"href":"https:\/\/www.cascade.it\/fr\/wp-json\/wp\/v2\/media?parent=2678"}],"wp:term":[{"taxonomy":"product_brand","embeddable":true,"href":"https:\/\/www.cascade.it\/fr\/wp-json\/wp\/v2\/product_brand?post=2678"},{"taxonomy":"product_cat","embeddable":true,"href":"https:\/\/www.cascade.it\/fr\/wp-json\/wp\/v2\/product_cat?post=2678"},{"taxonomy":"product_tag","embeddable":true,"href":"https:\/\/www.cascade.it\/fr\/wp-json\/wp\/v2\/product_tag?post=2678"}],"curies":[{"name":"wp","href":"https:\/\/api.w.org\/{rel}","templated":true}]}}