{"id":2673,"date":"2019-02-21T09:22:14","date_gmt":"2019-02-21T08:22:14","guid":{"rendered":"https:\/\/www.cascade.it\/new\/prodotto\/anelli-inox-standard-per-fontane\/"},"modified":"2020-07-20T15:15:59","modified_gmt":"2020-07-20T13:15:59","slug":"anneaux-inox-standard-pour-fontaines","status":"publish","type":"product","link":"https:\/\/www.cascade.it\/fr\/prodotto\/anneaux-inox-standard-pour-fontaines\/","title":{"rendered":"Anneaux inox standard pour fontaines"},"content":{"rendered":"<p>[vc_row][vc_column][vc_empty_space height=\u00a0\u00bb50&Prime; height_mobile=\u00a0\u00bb150&Prime;][vc_column_text spacing_heading=\u00a0\u00bb\u00a0\u00bb spacing_heading_tab=\u00a0\u00bb\u00a0\u00bb spacing_heading_mobile=\u00a0\u00bb\u00a0\u00bb]<div class=\"carousel-slider-outer carousel-slider-outer-image-carousel carousel-slider-outer-1706\" style=\"--carousel-slider-nav-color:#f1f1f1;--carousel-slider-active-nav-color:#00d1b2;--carousel-slider-arrow-size:48px;--carousel-slider-bullet-size:10px\">\n<div id=\"&#039;id-1706\" class=\"carousel-slider carousel-slider-1706 arrows-visibility-hover dots-visibility-never arrows-outside dots-center dots-square owl-carousel\" data-slide-type=\"image-carousel\" data-owl-settings='{\"nav\":true,\"dots\":false,\"slideBy\":1,\"stagePadding\":0,\"margin\":10,\"loop\":true,\"lazyLoad\":true,\"autoplay\":true,\"autoplayTimeout\":5000,\"autoplaySpeed\":500,\"autoplayHoverPause\":true,\"autoWidth\":false,\"responsive\":{\"300\":{\"items\":1},\"576\":{\"items\":2},\"768\":{\"items\":2},\"1024\":{\"items\":3},\"1280\":{\"items\":3},\"1536\":{\"items\":3}}}'>\n<div class=\"carousel-slider__item\">\n\t<img class=\"owl-lazy\" data-src=\"https:\/\/www.cascade.it\/new\/wp-content\/uploads\/2019\/08\/5-Anelli-inox-standard.jpg\" alt=\"\"><\/a><\/div>\n\n<div class=\"carousel-slider__item\">\n\t<img class=\"owl-lazy\" data-src=\"https:\/\/www.cascade.it\/new\/wp-content\/uploads\/2019\/08\/1-Anelli-inox-standard.jpg\" alt=\"\"><\/a><\/div>\n\n<div class=\"carousel-slider__item\">\n\t<img class=\"owl-lazy\" data-src=\"https:\/\/www.cascade.it\/new\/wp-content\/uploads\/2019\/08\/2-Anelli-inox-standard.jpg\" alt=\"\"><\/a><\/div>\n\n<div class=\"carousel-slider__item\">\n\t<img class=\"owl-lazy\" data-src=\"https:\/\/www.cascade.it\/new\/wp-content\/uploads\/2019\/08\/3-Anelli-inox-standard.jpg\" alt=\"\"><\/a><\/div>\n\n<div class=\"carousel-slider__item\">\n\t<img class=\"owl-lazy\" data-src=\"https:\/\/www.cascade.it\/new\/wp-content\/uploads\/2019\/08\/4-Anelli-inox-standard.jpg\" alt=\"\"><\/a><\/div>\n\n<\/div><!-- .carousel-slider-1706 -->\n<\/div><!-- .carousel-slider-outer-1706 -->\n<\/p>\n<p>&nbsp;<\/p>\n<h1><span style=\"color: #1e73be;\">Anneaux inox standard pour fontaines<\/span><\/h1>\n<p>Cascade poss\u00e8de <strong>une exp\u00e9rience trentenaire<\/strong> dans la <strong>conception technique et la fabrication d&rsquo;anneaux et de collecteurs en acier inoxydable<\/strong> pour fontaines.<\/p>\n<p>En <strong>acier inoxydable AISI 304<\/strong>, dans la version standard ces anneaux <strong>parfaitement circulaires<\/strong> sont constitu\u00e9s <strong>d&rsquo;une seule pi\u00e8ce<\/strong> jusqu&rsquo;\u00e0 300 cm de diam\u00e8tre.<\/p>\n<p><strong>Parfaitement \u00e9quilibr\u00e9s<\/strong>, ils n&rsquo;ont pas besoin d&rsquo;ajustements ult\u00e9rieurs, car ils sont con\u00e7us pour <strong>obtenir un \u00e9quilibre<\/strong> et une <strong>stabilisation optimaux du d\u00e9bit<\/strong> de sortie sur tous les ajutages.<\/p>\n<p>Plus de 300 cm de diam\u00e8tre, ils sont <strong>divis\u00e9s en plusieurs pi\u00e8ces<\/strong> \u00e0 brides pour faciliter le transport et le montage.<\/p>\n<p>Ils sont \u00e9quip\u00e9s <strong>d\u2019<a href=\"https:\/\/www.cascade.it\/fr\/prodotto\/ajutage-cometa\/\"><span style=\"text-decoration: underline;\">ajutages Cometa<\/span><\/a><\/strong> \u00e0 effet parabolique interne.<\/p>\n<p>Sur demande, les ajutages peuvent \u00eatre mont\u00e9s avec un effet vertical ou avec un effet parabolique vers l&rsquo;ext\u00e9rieur.<\/p>\n<p>Sur demande, les anneaux peuvent \u00eatre en <strong>acier inoxydable AISI 316<\/strong>.<\/p>\n<p>&nbsp;<\/p>\n<h3>Donn\u00e9es techniques<\/h3>\n<div style=\"overflow-x: auto;\">\n<table width=\"97%\">\n<tbody>\n<tr>\n<td width=\"9%\"><strong>\u00a0<\/strong><\/td>\n<td class=\"thHorz\" width=\"12%\">Anneau 200-4<\/td>\n<td class=\"thHorz\" width=\"12%\">Anneau 200-6<\/td>\n<td class=\"thHorz\" width=\"12%\">Anneau 250-4<\/td>\n<td class=\"thHorz\" width=\"12%\">Anneau 250-6<\/td>\n<td class=\"thHorz\" width=\"12%\">Anneau 300-4<\/td>\n<td class=\"thHorz\" width=\"12%\">Anneau 300-6<\/td>\n<td class=\"thHorz\" width=\"12%\">Anneau 400-4<\/td>\n<\/tr>\n<tr>\n<td class=\"thVert\" width=\"9%\">Code<\/td>\n<td width=\"12%\">IN204<\/td>\n<td width=\"12%\">IN206<\/td>\n<td width=\"12%\">IN254<\/td>\n<td width=\"12%\">IN256<\/td>\n<td width=\"12%\">IN304<\/td>\n<td width=\"12%\">IN306<\/td>\n<td width=\"12%\">IN404<\/td>\n<\/tr>\n<tr>\n<td class=\"thVert\" width=\"9%\">Diam\u00e8tre ext\u00e9rieur<\/td>\n<td width=\"12%\">200 cm<\/td>\n<td width=\"12%\">200 cm<\/td>\n<td width=\"12%\">250 cm<\/td>\n<td width=\"12%\">250 cm<\/td>\n<td width=\"12%\">310 cm<\/td>\n<td width=\"12%\">310 cm<\/td>\n<td width=\"12%\">400 cm<\/td>\n<\/tr>\n<tr>\n<td class=\"thVert\" width=\"9%\">Connexions<\/td>\n<td width=\"12%\">4 da 1\u201d<\/td>\n<td width=\"12%\">4 da 1 1\/4\u201d<\/td>\n<td width=\"12%\">4 da 1\u201d<\/td>\n<td width=\"12%\">4 da 1 1\/4\u201d<\/td>\n<td width=\"12%\">4 da 1 1\/4\u201d<\/td>\n<td width=\"12%\">4 da 1 1\/2\u201d<\/td>\n<td width=\"12%\">4 da 1 1\/4\u201d<\/td>\n<\/tr>\n<tr>\n<td class=\"thVert\" width=\"9%\">Ajutages inclus<\/td>\n<td width=\"12%\">n\u00b0 44 Cometa 4<\/td>\n<td width=\"12%\">n\u00b0 44 Cometa 6<\/td>\n<td width=\"12%\">n\u00b0 52 Cometa 4<\/td>\n<td width=\"12%\">n\u00b0 52 Cometa 6<\/td>\n<td width=\"12%\">n\u00b0 64 Cometa 4<\/td>\n<td width=\"12%\">n\u00b0 64 Cometa 6<\/td>\n<td width=\"12%\">n\u00b0 84 Cometa 4<\/td>\n<\/tr>\n<tr>\n<td class=\"thVert\" width=\"9%\">Mat\u00e9riel<\/td>\n<td width=\"12%\">Acier inox<\/td>\n<td width=\"12%\">Acier inox<\/td>\n<td width=\"12%\">Acier inox<\/td>\n<td width=\"12%\">Acier inox<\/td>\n<td width=\"12%\">Acier inox<\/td>\n<td width=\"12%\">Acier inox<\/td>\n<td width=\"12%\">Acier inox<\/td>\n<\/tr>\n<\/tbody>\n<\/table>\n<\/div>\n<div>\n<div style=\"padding: 5px; text-align: center; float: left; margin-left: 20px;\"><\/div>\n<\/div>\n","protected":false},"excerpt":{"rendered":"<p>[vc_row][vc_column][vc_empty_space height=\u00a0\u00bb50&Prime; height_mobile=\u00a0\u00bb150&Prime;][vc_column_text spacing_heading=\u00a0\u00bb\u00a0\u00bb spacing_heading_tab=\u00a0\u00bb\u00a0\u00bb spacing_heading_mobile=\u00a0\u00bb\u00a0\u00bb] &nbsp; Anneaux inox standard pour fontaines Cascade poss\u00e8de une exp\u00e9rience trentenaire dans la conception technique et la fabrication d&rsquo;anneaux et de collecteurs en acier inoxydable pour fontaines. En acier inoxydable AISI 304, dans la version standard ces anneaux parfaitement circulaires sont constitu\u00e9s d&rsquo;une seule pi\u00e8ce jusqu&rsquo;\u00e0 300 cm de [&hellip;]<\/p>\n","protected":false},"featured_media":2674,"template":"","meta":[],"product_brand":[],"product_cat":[290],"product_tag":[],"class_list":{"0":"post-2673","1":"product","2":"type-product","3":"status-publish","4":"has-post-thumbnail","6":"product_cat-anneaux-et-collecteurs-inox","8":"first","9":"instock","10":"shipping-taxable","11":"product-type-simple"},"yoast_head":"<!-- This site is optimized with the Yoast SEO plugin v26.7 - https:\/\/yoast.com\/wordpress\/plugins\/seo\/ -->\n<title>Anneaux inox standard pour fontaines - Cascade<\/title>\n<meta name=\"description\" content=\"Cascade poss\u00e8de une exp\u00e9rience trentenaire dans la conception technique et la fabrication d&#039;anneaux et de collecteurs en acier inoxydable pour fontaines.\" \/>\n<meta name=\"robots\" content=\"index, follow, max-snippet:-1, max-image-preview:large, max-video-preview:-1\" \/>\n<link rel=\"canonical\" href=\"https:\/\/www.cascade.it\/fr\/prodotto\/anneaux-inox-standard-pour-fontaines\/\" \/>\n<meta property=\"og:locale\" content=\"fr_FR\" \/>\n<meta property=\"og:type\" content=\"article\" \/>\n<meta property=\"og:title\" content=\"Anneaux inox standard pour fontaines - Cascade\" \/>\n<meta property=\"og:description\" content=\"Cascade poss\u00e8de une exp\u00e9rience trentenaire dans la conception technique et la fabrication d&#039;anneaux et de collecteurs en acier inoxydable pour fontaines.\" \/>\n<meta property=\"og:url\" content=\"https:\/\/www.cascade.it\/fr\/prodotto\/anneaux-inox-standard-pour-fontaines\/\" \/>\n<meta property=\"og:site_name\" content=\"Cascade\" \/>\n<meta property=\"article:modified_time\" content=\"2020-07-20T13:15:59+00:00\" \/>\n<meta property=\"og:image\" content=\"https:\/\/www.cascade.it\/new\/wp-content\/uploads\/Prodotti\/Anelli_inox_per_fontane\/ANELLI-INOX-STANDARD.jpg\" \/>\n\t<meta property=\"og:image:width\" content=\"1300\" \/>\n\t<meta property=\"og:image:height\" content=\"1300\" \/>\n\t<meta property=\"og:image:type\" content=\"image\/jpeg\" \/>\n<meta name=\"twitter:card\" content=\"summary_large_image\" \/>\n<meta name=\"twitter:label1\" content=\"Dur\u00e9e de lecture estim\u00e9e\" \/>\n\t<meta name=\"twitter:data1\" content=\"1 minute\" \/>\n<!-- \/ Yoast SEO plugin. -->","yoast_head_json":{"title":"Anneaux inox standard pour fontaines - Cascade","description":"Cascade poss\u00e8de une exp\u00e9rience trentenaire dans la conception technique et la fabrication d'anneaux et de collecteurs en acier inoxydable pour fontaines.","robots":{"index":"index","follow":"follow","max-snippet":"max-snippet:-1","max-image-preview":"max-image-preview:large","max-video-preview":"max-video-preview:-1"},"canonical":"https:\/\/www.cascade.it\/fr\/prodotto\/anneaux-inox-standard-pour-fontaines\/","og_locale":"fr_FR","og_type":"article","og_title":"Anneaux inox standard pour fontaines - Cascade","og_description":"Cascade poss\u00e8de une exp\u00e9rience trentenaire dans la conception technique et la fabrication d'anneaux et de collecteurs en acier inoxydable pour fontaines.","og_url":"https:\/\/www.cascade.it\/fr\/prodotto\/anneaux-inox-standard-pour-fontaines\/","og_site_name":"Cascade","article_modified_time":"2020-07-20T13:15:59+00:00","og_image":[{"width":1300,"height":1300,"url":"https:\/\/www.cascade.it\/new\/wp-content\/uploads\/Prodotti\/Anelli_inox_per_fontane\/ANELLI-INOX-STANDARD.jpg","type":"image\/jpeg"}],"twitter_card":"summary_large_image","twitter_misc":{"Dur\u00e9e de lecture estim\u00e9e":"1 minute"},"schema":{"@context":"https:\/\/schema.org","@graph":[{"@type":"WebPage","@id":"https:\/\/www.cascade.it\/fr\/prodotto\/anneaux-inox-standard-pour-fontaines\/","url":"https:\/\/www.cascade.it\/fr\/prodotto\/anneaux-inox-standard-pour-fontaines\/","name":"Anneaux inox standard pour fontaines - Cascade","isPartOf":{"@id":"https:\/\/www.cascade.it\/fr\/#website"},"primaryImageOfPage":{"@id":"https:\/\/www.cascade.it\/fr\/prodotto\/anneaux-inox-standard-pour-fontaines\/#primaryimage"},"image":{"@id":"https:\/\/www.cascade.it\/fr\/prodotto\/anneaux-inox-standard-pour-fontaines\/#primaryimage"},"thumbnailUrl":"https:\/\/www.cascade.it\/new\/wp-content\/uploads\/Prodotti\/Anelli_inox_per_fontane\/ANELLI-INOX-STANDARD.jpg","datePublished":"2019-02-21T08:22:14+00:00","dateModified":"2020-07-20T13:15:59+00:00","description":"Cascade poss\u00e8de une exp\u00e9rience trentenaire dans la conception technique et la fabrication d'anneaux et de collecteurs en acier inoxydable pour fontaines.","breadcrumb":{"@id":"https:\/\/www.cascade.it\/fr\/prodotto\/anneaux-inox-standard-pour-fontaines\/#breadcrumb"},"inLanguage":"fr-FR","potentialAction":[{"@type":"ReadAction","target":["https:\/\/www.cascade.it\/fr\/prodotto\/anneaux-inox-standard-pour-fontaines\/"]}]},{"@type":"ImageObject","inLanguage":"fr-FR","@id":"https:\/\/www.cascade.it\/fr\/prodotto\/anneaux-inox-standard-pour-fontaines\/#primaryimage","url":"https:\/\/www.cascade.it\/new\/wp-content\/uploads\/Prodotti\/Anelli_inox_per_fontane\/ANELLI-INOX-STANDARD.jpg","contentUrl":"https:\/\/www.cascade.it\/new\/wp-content\/uploads\/Prodotti\/Anelli_inox_per_fontane\/ANELLI-INOX-STANDARD.jpg","width":1300,"height":1300},{"@type":"BreadcrumbList","@id":"https:\/\/www.cascade.it\/fr\/prodotto\/anneaux-inox-standard-pour-fontaines\/#breadcrumb","itemListElement":[{"@type":"ListItem","position":1,"name":"Home","item":"https:\/\/www.cascade.it\/fr\/"},{"@type":"ListItem","position":2,"name":"Boutique","item":"https:\/\/www.cascade.it\/fr\/boutique\/"},{"@type":"ListItem","position":3,"name":"Anneaux inox standard pour fontaines"}]},{"@type":"WebSite","@id":"https:\/\/www.cascade.it\/fr\/#website","url":"https:\/\/www.cascade.it\/fr\/","name":"Cascade","description":"More than a fountain","potentialAction":[{"@type":"SearchAction","target":{"@type":"EntryPoint","urlTemplate":"https:\/\/www.cascade.it\/fr\/?s={search_term_string}"},"query-input":{"@type":"PropertyValueSpecification","valueRequired":true,"valueName":"search_term_string"}}],"inLanguage":"fr-FR"}]}},"_links":{"self":[{"href":"https:\/\/www.cascade.it\/fr\/wp-json\/wp\/v2\/product\/2673","targetHints":{"allow":["GET"]}}],"collection":[{"href":"https:\/\/www.cascade.it\/fr\/wp-json\/wp\/v2\/product"}],"about":[{"href":"https:\/\/www.cascade.it\/fr\/wp-json\/wp\/v2\/types\/product"}],"wp:featuredmedia":[{"embeddable":true,"href":"https:\/\/www.cascade.it\/fr\/wp-json\/wp\/v2\/media\/2674"}],"wp:attachment":[{"href":"https:\/\/www.cascade.it\/fr\/wp-json\/wp\/v2\/media?parent=2673"}],"wp:term":[{"taxonomy":"product_brand","embeddable":true,"href":"https:\/\/www.cascade.it\/fr\/wp-json\/wp\/v2\/product_brand?post=2673"},{"taxonomy":"product_cat","embeddable":true,"href":"https:\/\/www.cascade.it\/fr\/wp-json\/wp\/v2\/product_cat?post=2673"},{"taxonomy":"product_tag","embeddable":true,"href":"https:\/\/www.cascade.it\/fr\/wp-json\/wp\/v2\/product_tag?post=2673"}],"curies":[{"name":"wp","href":"https:\/\/api.w.org\/{rel}","templated":true}]}}