{"id":2667,"date":"2019-02-21T09:23:51","date_gmt":"2019-02-21T08:23:51","guid":{"rendered":"https:\/\/www.cascade.it\/new\/prodotto\/anelli-inox-su-misura\/"},"modified":"2020-07-20T15:15:05","modified_gmt":"2020-07-20T13:15:05","slug":"anneaux-inox-sur-mesure","status":"publish","type":"product","link":"https:\/\/www.cascade.it\/fr\/prodotto\/anneaux-inox-sur-mesure\/","title":{"rendered":"Anneaux et collecteurs inox sur mesure pour fontaines"},"content":{"rendered":"<p>[vc_row][\/vc_row][vc_column][\/vc_column][vc_empty_space height=\u00a0\u00bb50&Prime; height_mobile=\u00a0\u00bb150&Prime;][vc_column_text]<\/p>\n<p>[\/vc_column_text]<div class=\"carousel-slider-outer carousel-slider-outer-image-carousel carousel-slider-outer-1672\" style=\"--carousel-slider-nav-color:#f1f1f1;--carousel-slider-active-nav-color:#00d1b2;--carousel-slider-arrow-size:48px;--carousel-slider-bullet-size:10px\">\n<div id=\"&#039;id-1672\" class=\"carousel-slider carousel-slider-1672 arrows-visibility-hover dots-visibility-never arrows-outside dots-center dots-square owl-carousel\" data-slide-type=\"image-carousel\" data-owl-settings='{\"nav\":true,\"dots\":false,\"slideBy\":1,\"stagePadding\":0,\"margin\":10,\"loop\":true,\"lazyLoad\":true,\"autoplay\":true,\"autoplayTimeout\":5000,\"autoplaySpeed\":500,\"autoplayHoverPause\":true,\"autoWidth\":false,\"responsive\":{\"300\":{\"items\":1},\"576\":{\"items\":2},\"768\":{\"items\":2},\"1024\":{\"items\":3},\"1280\":{\"items\":3},\"1536\":{\"items\":3}}}'>\n<div class=\"carousel-slider__item\">\n\t<img class=\"owl-lazy\" data-src=\"https:\/\/www.cascade.it\/new\/wp-content\/uploads\/2019\/08\/12-Anelli-inox-su-misura-per-fontane.jpg\" alt=\"\"><div class=\"carousel-slider__caption\"><p class=\"caption\"><\/p><\/div><\/a><\/div>\n\n<div class=\"carousel-slider__item\">\n\t<img class=\"owl-lazy\" data-src=\"https:\/\/www.cascade.it\/new\/wp-content\/uploads\/2019\/08\/13-Anelli-inox-su-misura-per-fontane.jpg\" alt=\"\"><div class=\"carousel-slider__caption\"><p class=\"caption\"><\/p><\/div><\/a><\/div>\n\n<div class=\"carousel-slider__item\">\n\t<img class=\"owl-lazy\" data-src=\"https:\/\/www.cascade.it\/new\/wp-content\/uploads\/2019\/08\/14-Anelli-inox-su-misura-per-fontane.jpg\" alt=\"\"><div class=\"carousel-slider__caption\"><p class=\"caption\"><\/p><\/div><\/a><\/div>\n\n<div class=\"carousel-slider__item\">\n\t<img class=\"owl-lazy\" data-src=\"https:\/\/www.cascade.it\/new\/wp-content\/uploads\/2019\/08\/15-Anelli-inox-su-misura-per-fontane.jpg\" alt=\"\"><div class=\"carousel-slider__caption\"><p class=\"caption\"><\/p><\/div><\/a><\/div>\n\n<div class=\"carousel-slider__item\">\n\t<img class=\"owl-lazy\" data-src=\"https:\/\/www.cascade.it\/new\/wp-content\/uploads\/2019\/08\/16-Anelli-inox-su-misura-per-fontane.jpg\" alt=\"\"><div class=\"carousel-slider__caption\"><p class=\"caption\"><\/p><\/div><\/a><\/div>\n\n<div class=\"carousel-slider__item\">\n\t<img class=\"owl-lazy\" data-src=\"https:\/\/www.cascade.it\/new\/wp-content\/uploads\/2019\/08\/17-Anelli-inox-su-misura-per-fontane.jpg\" alt=\"\"><div class=\"carousel-slider__caption\"><p class=\"caption\"><\/p><\/div><\/a><\/div>\n\n<div class=\"carousel-slider__item\">\n\t<img class=\"owl-lazy\" data-src=\"https:\/\/www.cascade.it\/new\/wp-content\/uploads\/2019\/08\/18-Anelli-inox-su-misura-per-fontane.jpg\" alt=\"\"><div class=\"carousel-slider__caption\"><p class=\"caption\"><\/p><\/div><\/a><\/div>\n\n<div class=\"carousel-slider__item\">\n\t<img class=\"owl-lazy\" data-src=\"https:\/\/www.cascade.it\/new\/wp-content\/uploads\/2019\/08\/19-Anelli-inox-su-misura-per-fontane.jpg\" alt=\"\"><div class=\"carousel-slider__caption\"><p class=\"caption\"><\/p><\/div><\/a><\/div>\n\n<div class=\"carousel-slider__item\">\n\t<img class=\"owl-lazy\" data-src=\"https:\/\/www.cascade.it\/new\/wp-content\/uploads\/2019\/08\/20-Anelli-inox-su-misura-per-fontane.jpg\" alt=\"\"><div class=\"carousel-slider__caption\"><p class=\"caption\"><\/p><\/div><\/a><\/div>\n\n<div class=\"carousel-slider__item\">\n\t<img class=\"owl-lazy\" data-src=\"https:\/\/www.cascade.it\/new\/wp-content\/uploads\/2019\/08\/21-Anelli-inox-su-misura-per-fontane.jpg\" alt=\"\"><div class=\"carousel-slider__caption\"><p class=\"caption\"><\/p><\/div><\/a><\/div>\n\n<div class=\"carousel-slider__item\">\n\t<img class=\"owl-lazy\" data-src=\"https:\/\/www.cascade.it\/new\/wp-content\/uploads\/2019\/08\/22-Anelli-inox-su-misura-per-fontane.jpg\" alt=\"\"><div class=\"carousel-slider__caption\"><p class=\"caption\"><\/p><\/div><\/a><\/div>\n\n<div class=\"carousel-slider__item\">\n\t<img class=\"owl-lazy\" data-src=\"https:\/\/www.cascade.it\/new\/wp-content\/uploads\/2019\/08\/23-Anelli-inox-su-misura-per-fontane.jpg\" alt=\"\"><div class=\"carousel-slider__caption\"><p class=\"caption\"><\/p><\/div><\/a><\/div>\n\n<div class=\"carousel-slider__item\">\n\t<img class=\"owl-lazy\" data-src=\"https:\/\/www.cascade.it\/new\/wp-content\/uploads\/2019\/08\/24-Anelli-inox-su-misura-per-fontane.jpg\" alt=\"\"><div class=\"carousel-slider__caption\"><p class=\"caption\"><\/p><\/div><\/a><\/div>\n\n<div class=\"carousel-slider__item\">\n\t<img class=\"owl-lazy\" data-src=\"https:\/\/www.cascade.it\/new\/wp-content\/uploads\/2019\/08\/25-Anelli-inox-su-misura-per-fontane.jpg\" alt=\"\"><div class=\"carousel-slider__caption\"><p class=\"caption\"><\/p><\/div><\/a><\/div>\n\n<div class=\"carousel-slider__item\">\n\t<img class=\"owl-lazy\" data-src=\"https:\/\/www.cascade.it\/new\/wp-content\/uploads\/2019\/08\/26-Anelli-inox-su-misura-per-fontane.jpg\" alt=\"\"><div class=\"carousel-slider__caption\"><p class=\"caption\"><\/p><\/div><\/a><\/div>\n\n<div class=\"carousel-slider__item\">\n\t<img class=\"owl-lazy\" data-src=\"https:\/\/www.cascade.it\/new\/wp-content\/uploads\/2019\/08\/27-Anelli-inox-su-misura-per-fontane.jpg\" alt=\"\"><div class=\"carousel-slider__caption\"><p class=\"caption\"><\/p><\/div><\/a><\/div>\n\n<div class=\"carousel-slider__item\">\n\t<img class=\"owl-lazy\" data-src=\"https:\/\/www.cascade.it\/new\/wp-content\/uploads\/2019\/08\/28-Anelli-inox-su-misura-per-fontane.jpg\" alt=\"\"><div class=\"carousel-slider__caption\"><p class=\"caption\"><\/p><\/div><\/a><\/div>\n\n<div class=\"carousel-slider__item\">\n\t<img class=\"owl-lazy\" data-src=\"https:\/\/www.cascade.it\/new\/wp-content\/uploads\/2019\/08\/29-Anelli-inox-su-misura-per-fontane.jpg\" alt=\"\"><div class=\"carousel-slider__caption\"><p class=\"caption\"><\/p><\/div><\/a><\/div>\n\n<div class=\"carousel-slider__item\">\n\t<img class=\"owl-lazy\" data-src=\"https:\/\/www.cascade.it\/new\/wp-content\/uploads\/2019\/08\/30-Anelli-inox-su-misura-per-fontane.jpg\" alt=\"\"><div class=\"carousel-slider__caption\"><p class=\"caption\"><\/p><\/div><\/a><\/div>\n\n<div class=\"carousel-slider__item\">\n\t<img class=\"owl-lazy\" data-src=\"https:\/\/www.cascade.it\/new\/wp-content\/uploads\/2019\/08\/31-Anelli-inox-su-misura-per-fontane.jpg\" alt=\"\"><div class=\"carousel-slider__caption\"><p class=\"caption\"><\/p><\/div><\/a><\/div>\n\n<div class=\"carousel-slider__item\">\n\t<img class=\"owl-lazy\" data-src=\"https:\/\/www.cascade.it\/new\/wp-content\/uploads\/2019\/08\/32-Anelli-inox-su-misura-per-fontane.jpg\" alt=\"\"><div class=\"carousel-slider__caption\"><p class=\"caption\"><\/p><\/div><\/a><\/div>\n\n<div class=\"carousel-slider__item\">\n\t<img class=\"owl-lazy\" data-src=\"https:\/\/www.cascade.it\/new\/wp-content\/uploads\/2019\/08\/0-Anelli-inox-su-misura-per-fontane.jpg\" alt=\"\"><div class=\"carousel-slider__caption\"><p class=\"caption\"><\/p><\/div><\/a><\/div>\n\n<div class=\"carousel-slider__item\">\n\t<img class=\"owl-lazy\" data-src=\"https:\/\/www.cascade.it\/new\/wp-content\/uploads\/2019\/08\/1-Anelli-inox-su-misura-per-fontane.jpg\" alt=\"\"><div class=\"carousel-slider__caption\"><p class=\"caption\"><\/p><\/div><\/a><\/div>\n\n<div class=\"carousel-slider__item\">\n\t<img class=\"owl-lazy\" data-src=\"https:\/\/www.cascade.it\/new\/wp-content\/uploads\/2019\/08\/2-Anelli-inox-su-misura-per-fontane.jpg\" alt=\"\"><div class=\"carousel-slider__caption\"><p class=\"caption\"><\/p><\/div><\/a><\/div>\n\n<div class=\"carousel-slider__item\">\n\t<img class=\"owl-lazy\" data-src=\"https:\/\/www.cascade.it\/new\/wp-content\/uploads\/2019\/08\/3-Anelli-inox-su-misura-per-fontane.jpg\" alt=\"\"><div class=\"carousel-slider__caption\"><p class=\"caption\"><\/p><\/div><\/a><\/div>\n\n<div class=\"carousel-slider__item\">\n\t<img class=\"owl-lazy\" data-src=\"https:\/\/www.cascade.it\/new\/wp-content\/uploads\/2019\/08\/4-Anelli-inox-su-misura-per-fontane.jpg\" alt=\"\"><div class=\"carousel-slider__caption\"><p class=\"caption\"><\/p><\/div><\/a><\/div>\n\n<div class=\"carousel-slider__item\">\n\t<img class=\"owl-lazy\" data-src=\"https:\/\/www.cascade.it\/new\/wp-content\/uploads\/2019\/08\/5-Anelli-inox-su-misura-per-fontane.jpg\" alt=\"\"><div class=\"carousel-slider__caption\"><p class=\"caption\"><\/p><\/div><\/a><\/div>\n\n<div class=\"carousel-slider__item\">\n\t<img class=\"owl-lazy\" data-src=\"https:\/\/www.cascade.it\/new\/wp-content\/uploads\/2019\/08\/6-Anelli-inox-su-misura-per-fontane.jpg\" alt=\"\"><div class=\"carousel-slider__caption\"><p class=\"caption\"><\/p><\/div><\/a><\/div>\n\n<div class=\"carousel-slider__item\">\n\t<img class=\"owl-lazy\" data-src=\"https:\/\/www.cascade.it\/new\/wp-content\/uploads\/2019\/08\/7-Anelli-inox-su-misura-per-fontane.jpg\" alt=\"\"><div class=\"carousel-slider__caption\"><p class=\"caption\"><\/p><\/div><\/a><\/div>\n\n<div class=\"carousel-slider__item\">\n\t<img class=\"owl-lazy\" data-src=\"https:\/\/www.cascade.it\/new\/wp-content\/uploads\/2019\/08\/8-Anelli-inox-su-misura-per-fontane.jpg\" alt=\"\"><div class=\"carousel-slider__caption\"><p class=\"caption\"><\/p><\/div><\/a><\/div>\n\n<div class=\"carousel-slider__item\">\n\t<img class=\"owl-lazy\" data-src=\"https:\/\/www.cascade.it\/new\/wp-content\/uploads\/2019\/08\/9-Anelli-inox-su-misura-per-fontane.jpg\" alt=\"\"><div class=\"carousel-slider__caption\"><p class=\"caption\"><\/p><\/div><\/a><\/div>\n\n<div class=\"carousel-slider__item\">\n\t<img class=\"owl-lazy\" data-src=\"https:\/\/www.cascade.it\/new\/wp-content\/uploads\/2019\/08\/10-Anelli-inox-su-misura-per-fontane.jpg\" alt=\"\"><div class=\"carousel-slider__caption\"><p class=\"caption\"><\/p><\/div><\/a><\/div>\n\n<div class=\"carousel-slider__item\">\n\t<img class=\"owl-lazy\" data-src=\"https:\/\/www.cascade.it\/new\/wp-content\/uploads\/2019\/08\/11-Anelli-inox-su-misura-per-fontane.jpg\" alt=\"\"><div class=\"carousel-slider__caption\"><p class=\"caption\"><\/p><\/div><\/a><\/div>\n\n<\/div><!-- .carousel-slider-1672 -->\n<\/div><!-- .carousel-slider-outer-1672 -->\n<\/p>\n<h1><span style=\"color: #1e73be;\">Anneaux et collecteurs inox sur mesure pour fontaines<\/span><\/h1>\n<p>Cascade poss\u00e8de <strong>une experience trentenaire<\/strong> dans la <strong>conception technique<\/strong> et la <strong>fabrication<\/strong> de <strong>tout type d&rsquo;anneaux<\/strong> et de <strong>collecteurs en acier inoxydable<\/strong> pour fontaines, <strong>sur mesure<\/strong> et de <strong>toutes tailles<\/strong>, avec une grande flexibilit\u00e9 et disponibilit\u00e9 pour s&rsquo;adapter aux besoins sp\u00e9cifiques de chaque syst\u00e8me.<\/p>\n<p>On va des solutions les <strong>plus simples<\/strong>, dans lesquelles les ajutages sont <strong>mont\u00e9s directement sur l\u2019anneau<\/strong>, aux <strong>plus \u00e9labor\u00e9es<\/strong>, dans lesquelles est envisag\u00e9e l&rsquo;utilisation de <strong>montants sp\u00e9ciaux en acier inoxydable<\/strong> pour la stabilisation de l&rsquo;\u00e9coulement et fa\u00e7onn\u00e9s en fonction de l&rsquo;inclinaison souhait\u00e9e du jet.<\/p>\n<p>En <strong>acier inoxydable AISI 304<\/strong>, ces anneaux <strong>parfaitement<\/strong> <strong>circulaires<\/strong> sont constitu\u00e9s <strong>d&rsquo;une<\/strong> <strong>seule<\/strong> <strong>pi\u00e8ce<\/strong> jusqu&rsquo;\u00e0 300 cm de diam\u00e8tre.<\/p>\n<p><strong>Parfaitement<\/strong> <strong>\u00e9quilibr\u00e9s<\/strong>, ils n&rsquo;ont pas besoin d&rsquo;ajustements ult\u00e9rieurs, car ils sont con\u00e7us pour obtenir un <strong>\u00e9quilibre<\/strong> et une <strong>stabilisation<\/strong> <strong>optimaux<\/strong> <strong>du<\/strong> <strong>d\u00e9bit<\/strong> de sortie sur toutes les ajutages.<\/p>\n<p>Plus de 300 cm de diam\u00e8tre, ils sont <strong>divis\u00e9s<\/strong> <strong>en<\/strong> <strong>plusieurs<\/strong> <strong>pi\u00e8ces<\/strong> \u00e0 brides pour faciliter le transport et le montage.<\/p>\n<p>Sur demande, les anneaux peuvent \u00eatre en <strong>acier inox AISI 316<\/strong>.<\/p>\n<p>Les images disponibles sont li\u00e9es \u00e0 des <strong>anneaux particuliers<\/strong>, <strong>anneaux<\/strong> <strong>multiples<\/strong> et des <strong>compositions<\/strong> <strong>d&rsquo;anneaux<\/strong> <strong>avec<\/strong> <strong>des ajutages centraux<\/strong>.<\/p>\n<p>Pour plus d&rsquo;informations et des devis cibl\u00e9s, contactez-nous directement.<\/p>\n<p>[vc_row][vc_column][vc_btn title=\u00a0\u00bbContactez-nous\u00a0\u00bb style=\u00a0\u00bbcustom\u00a0\u00bb custom_background=\u00a0\u00bb#1e73be\u00a0\u00bb custom_text=\u00a0\u00bb#ffffff\u00a0\u00bb size=\u00a0\u00bblg\u00a0\u00bb align=\u00a0\u00bbcenter\u00a0\u00bb i_icon_fontawesome=\u00a0\u00bbfa fa-envelope-o\u00a0\u00bb add_icon=\u00a0\u00bbtrue\u00a0\u00bb link=\u00a0\u00bburl:https%3A%2F%2Fwww.cascade.it%2Ffr%2Fcontact%2F|||\u00a0\u00bb][\/vc_column][\/vc_row]<\/p>\n<div id=\"gtx-trans\" style=\"position: absolute; left: 328px; top: 860.075px;\">\n<div class=\"gtx-trans-icon\"><\/div>\n<\/div>\n","protected":false},"excerpt":{"rendered":"<p>[vc_row][\/vc_row][vc_column][\/vc_column][vc_empty_space height=\u00a0\u00bb50&Prime; height_mobile=\u00a0\u00bb150&Prime;][vc_column_text] [\/vc_column_text] Anneaux et collecteurs inox sur mesure pour fontaines Cascade poss\u00e8de une experience trentenaire dans la conception technique et la fabrication de tout type d&rsquo;anneaux et de collecteurs en acier inoxydable pour fontaines, sur mesure et de toutes tailles, avec une grande flexibilit\u00e9 et disponibilit\u00e9 pour s&rsquo;adapter aux besoins sp\u00e9cifiques de chaque [&hellip;]<\/p>\n","protected":false},"featured_media":9765,"template":"","meta":[],"product_brand":[],"product_cat":[290],"product_tag":[],"class_list":{"0":"post-2667","1":"product","2":"type-product","3":"status-publish","4":"has-post-thumbnail","6":"product_cat-anneaux-et-collecteurs-inox","8":"first","9":"instock","10":"shipping-taxable","11":"product-type-simple"},"yoast_head":"<!-- This site is optimized with the Yoast SEO plugin v26.7 - https:\/\/yoast.com\/wordpress\/plugins\/seo\/ -->\n<title>Anneaux et collecteurs inox sur mesure pour fontaines - Cascade<\/title>\n<meta name=\"description\" content=\"En acier inoxydable AISI 304, ces anneaux parfaitement circulaires sont constitu\u00e9s d&#039;une seule pi\u00e8ce jusqu&#039;\u00e0 300 cm de diam\u00e8tre.\" \/>\n<meta name=\"robots\" content=\"index, follow, max-snippet:-1, max-image-preview:large, max-video-preview:-1\" \/>\n<link rel=\"canonical\" href=\"https:\/\/www.cascade.it\/fr\/prodotto\/anneaux-inox-sur-mesure\/\" \/>\n<meta property=\"og:locale\" content=\"fr_FR\" \/>\n<meta property=\"og:type\" content=\"article\" \/>\n<meta property=\"og:title\" content=\"Anneaux et collecteurs inox sur mesure pour fontaines - Cascade\" \/>\n<meta property=\"og:description\" content=\"En acier inoxydable AISI 304, ces anneaux parfaitement circulaires sont constitu\u00e9s d&#039;une seule pi\u00e8ce jusqu&#039;\u00e0 300 cm de diam\u00e8tre.\" \/>\n<meta property=\"og:url\" content=\"https:\/\/www.cascade.it\/fr\/prodotto\/anneaux-inox-sur-mesure\/\" \/>\n<meta property=\"og:site_name\" content=\"Cascade\" \/>\n<meta property=\"article:modified_time\" content=\"2020-07-20T13:15:05+00:00\" \/>\n<meta property=\"og:image\" content=\"https:\/\/www.cascade.it\/new\/wp-content\/uploads\/2020\/06\/ANELLI-SU-MISURA.jpg\" \/>\n\t<meta property=\"og:image:width\" content=\"1300\" \/>\n\t<meta property=\"og:image:height\" content=\"1300\" \/>\n\t<meta property=\"og:image:type\" content=\"image\/jpeg\" \/>\n<meta name=\"twitter:card\" content=\"summary_large_image\" \/>\n<meta name=\"twitter:label1\" content=\"Dur\u00e9e de lecture estim\u00e9e\" \/>\n\t<meta name=\"twitter:data1\" content=\"1 minute\" \/>\n<!-- \/ Yoast SEO plugin. -->","yoast_head_json":{"title":"Anneaux et collecteurs inox sur mesure pour fontaines - Cascade","description":"En acier inoxydable AISI 304, ces anneaux parfaitement circulaires sont constitu\u00e9s d'une seule pi\u00e8ce jusqu'\u00e0 300 cm de diam\u00e8tre.","robots":{"index":"index","follow":"follow","max-snippet":"max-snippet:-1","max-image-preview":"max-image-preview:large","max-video-preview":"max-video-preview:-1"},"canonical":"https:\/\/www.cascade.it\/fr\/prodotto\/anneaux-inox-sur-mesure\/","og_locale":"fr_FR","og_type":"article","og_title":"Anneaux et collecteurs inox sur mesure pour fontaines - Cascade","og_description":"En acier inoxydable AISI 304, ces anneaux parfaitement circulaires sont constitu\u00e9s d'une seule pi\u00e8ce jusqu'\u00e0 300 cm de diam\u00e8tre.","og_url":"https:\/\/www.cascade.it\/fr\/prodotto\/anneaux-inox-sur-mesure\/","og_site_name":"Cascade","article_modified_time":"2020-07-20T13:15:05+00:00","og_image":[{"width":1300,"height":1300,"url":"https:\/\/www.cascade.it\/new\/wp-content\/uploads\/2020\/06\/ANELLI-SU-MISURA.jpg","type":"image\/jpeg"}],"twitter_card":"summary_large_image","twitter_misc":{"Dur\u00e9e de lecture estim\u00e9e":"1 minute"},"schema":{"@context":"https:\/\/schema.org","@graph":[{"@type":"WebPage","@id":"https:\/\/www.cascade.it\/fr\/prodotto\/anneaux-inox-sur-mesure\/","url":"https:\/\/www.cascade.it\/fr\/prodotto\/anneaux-inox-sur-mesure\/","name":"Anneaux et collecteurs inox sur mesure pour fontaines - Cascade","isPartOf":{"@id":"https:\/\/www.cascade.it\/fr\/#website"},"primaryImageOfPage":{"@id":"https:\/\/www.cascade.it\/fr\/prodotto\/anneaux-inox-sur-mesure\/#primaryimage"},"image":{"@id":"https:\/\/www.cascade.it\/fr\/prodotto\/anneaux-inox-sur-mesure\/#primaryimage"},"thumbnailUrl":"https:\/\/www.cascade.it\/new\/wp-content\/uploads\/2020\/06\/ANELLI-SU-MISURA.jpg","datePublished":"2019-02-21T08:23:51+00:00","dateModified":"2020-07-20T13:15:05+00:00","description":"En acier inoxydable AISI 304, ces anneaux parfaitement circulaires sont constitu\u00e9s d'une seule pi\u00e8ce jusqu'\u00e0 300 cm de diam\u00e8tre.","breadcrumb":{"@id":"https:\/\/www.cascade.it\/fr\/prodotto\/anneaux-inox-sur-mesure\/#breadcrumb"},"inLanguage":"fr-FR","potentialAction":[{"@type":"ReadAction","target":["https:\/\/www.cascade.it\/fr\/prodotto\/anneaux-inox-sur-mesure\/"]}]},{"@type":"ImageObject","inLanguage":"fr-FR","@id":"https:\/\/www.cascade.it\/fr\/prodotto\/anneaux-inox-sur-mesure\/#primaryimage","url":"https:\/\/www.cascade.it\/new\/wp-content\/uploads\/2020\/06\/ANELLI-SU-MISURA.jpg","contentUrl":"https:\/\/www.cascade.it\/new\/wp-content\/uploads\/2020\/06\/ANELLI-SU-MISURA.jpg","width":1300,"height":1300},{"@type":"BreadcrumbList","@id":"https:\/\/www.cascade.it\/fr\/prodotto\/anneaux-inox-sur-mesure\/#breadcrumb","itemListElement":[{"@type":"ListItem","position":1,"name":"Home","item":"https:\/\/www.cascade.it\/fr\/"},{"@type":"ListItem","position":2,"name":"Boutique","item":"https:\/\/www.cascade.it\/fr\/boutique\/"},{"@type":"ListItem","position":3,"name":"Anneaux et collecteurs inox sur mesure pour fontaines"}]},{"@type":"WebSite","@id":"https:\/\/www.cascade.it\/fr\/#website","url":"https:\/\/www.cascade.it\/fr\/","name":"Cascade","description":"More than a fountain","potentialAction":[{"@type":"SearchAction","target":{"@type":"EntryPoint","urlTemplate":"https:\/\/www.cascade.it\/fr\/?s={search_term_string}"},"query-input":{"@type":"PropertyValueSpecification","valueRequired":true,"valueName":"search_term_string"}}],"inLanguage":"fr-FR"}]}},"_links":{"self":[{"href":"https:\/\/www.cascade.it\/fr\/wp-json\/wp\/v2\/product\/2667","targetHints":{"allow":["GET"]}}],"collection":[{"href":"https:\/\/www.cascade.it\/fr\/wp-json\/wp\/v2\/product"}],"about":[{"href":"https:\/\/www.cascade.it\/fr\/wp-json\/wp\/v2\/types\/product"}],"wp:featuredmedia":[{"embeddable":true,"href":"https:\/\/www.cascade.it\/fr\/wp-json\/wp\/v2\/media\/9765"}],"wp:attachment":[{"href":"https:\/\/www.cascade.it\/fr\/wp-json\/wp\/v2\/media?parent=2667"}],"wp:term":[{"taxonomy":"product_brand","embeddable":true,"href":"https:\/\/www.cascade.it\/fr\/wp-json\/wp\/v2\/product_brand?post=2667"},{"taxonomy":"product_cat","embeddable":true,"href":"https:\/\/www.cascade.it\/fr\/wp-json\/wp\/v2\/product_cat?post=2667"},{"taxonomy":"product_tag","embeddable":true,"href":"https:\/\/www.cascade.it\/fr\/wp-json\/wp\/v2\/product_tag?post=2667"}],"curies":[{"name":"wp","href":"https:\/\/api.w.org\/{rel}","templated":true}]}}