{"id":2661,"date":"2019-02-21T09:20:41","date_gmt":"2019-02-21T08:20:41","guid":{"rendered":"https:\/\/www.cascade.it\/new\/prodotto\/accessori-per-anelli\/"},"modified":"2020-07-20T15:18:18","modified_gmt":"2020-07-20T13:18:18","slug":"accessoires-anneaux","status":"publish","type":"product","link":"https:\/\/www.cascade.it\/fr\/prodotto\/accessoires-anneaux\/","title":{"rendered":"Accessoires pour anneaux pour fontaines"},"content":{"rendered":"<p>&nbsp;<\/p>\n<div class=\"carousel-slider-outer carousel-slider-outer-image-carousel carousel-slider-outer-1660\" style=\"--carousel-slider-nav-color:#f1f1f1;--carousel-slider-active-nav-color:#00d1b2;--carousel-slider-arrow-size:48px;--carousel-slider-bullet-size:10px\">\n<div id=\"&#039;id-1660\" class=\"carousel-slider carousel-slider-1660 arrows-visibility-hover dots-visibility-never arrows-outside dots-center dots-square owl-carousel\" data-slide-type=\"image-carousel\" data-owl-settings='{\"nav\":true,\"dots\":false,\"slideBy\":1,\"stagePadding\":0,\"margin\":10,\"loop\":true,\"lazyLoad\":true,\"autoplay\":true,\"autoplayTimeout\":5000,\"autoplaySpeed\":500,\"autoplayHoverPause\":true,\"autoWidth\":false,\"responsive\":{\"300\":{\"items\":1},\"576\":{\"items\":2},\"768\":{\"items\":2},\"1024\":{\"items\":3},\"1280\":{\"items\":3},\"1536\":{\"items\":3}}}'>\n<div class=\"carousel-slider__item\">\n\t<img class=\"owl-lazy\" data-src=\"https:\/\/www.cascade.it\/new\/wp-content\/uploads\/2019\/08\/Supporti-per-anelli-1.jpg\" alt=\"\"><\/a><\/div>\n\n<div class=\"carousel-slider__item\">\n\t<img class=\"owl-lazy\" data-src=\"https:\/\/www.cascade.it\/new\/wp-content\/uploads\/2019\/08\/Supporti-per-anelli-2.jpg\" alt=\"\"><\/a><\/div>\n\n<div class=\"carousel-slider__item\">\n\t<img class=\"owl-lazy\" data-src=\"https:\/\/www.cascade.it\/new\/wp-content\/uploads\/2019\/08\/Supporti-per-anelli-3.jpg\" alt=\"\"><\/a><\/div>\n\n<div class=\"carousel-slider__item\">\n\t<img class=\"owl-lazy\" data-src=\"https:\/\/www.cascade.it\/new\/wp-content\/uploads\/2019\/08\/Ancoraggio-fari-1.jpg\" alt=\"\"><\/a><\/div>\n\n<div class=\"carousel-slider__item\">\n\t<img class=\"owl-lazy\" data-src=\"https:\/\/www.cascade.it\/new\/wp-content\/uploads\/2019\/08\/Ancoraggio-fari-2.jpg\" alt=\"\"><\/a><\/div>\n\n<div class=\"carousel-slider__item\">\n\t<img class=\"owl-lazy\" data-src=\"https:\/\/www.cascade.it\/new\/wp-content\/uploads\/2019\/08\/Collettori-per-alimentazione-1.jpg\" alt=\"\"><\/a><\/div>\n\n<div class=\"carousel-slider__item\">\n\t<img class=\"owl-lazy\" data-src=\"https:\/\/www.cascade.it\/new\/wp-content\/uploads\/2019\/08\/Collettori-per-alimentazione-2.jpg\" alt=\"\"><\/a><\/div>\n\n<div class=\"carousel-slider__item\">\n\t<img class=\"owl-lazy\" data-src=\"https:\/\/www.cascade.it\/new\/wp-content\/uploads\/2019\/08\/Collettori-per-alimentazione-3.jpg\" alt=\"\"><\/a><\/div>\n\n<div class=\"carousel-slider__item\">\n\t<img class=\"owl-lazy\" data-src=\"https:\/\/www.cascade.it\/new\/wp-content\/uploads\/2019\/08\/Collettori-per-alimentazione-4.jpg\" alt=\"\"><\/a><\/div>\n\n<div class=\"carousel-slider__item\">\n\t<img class=\"owl-lazy\" data-src=\"https:\/\/www.cascade.it\/new\/wp-content\/uploads\/2019\/08\/Collettori-per-alimentazione-5.jpg\" alt=\"\"><\/a><\/div>\n\n<div class=\"carousel-slider__item\">\n\t<img class=\"owl-lazy\" data-src=\"https:\/\/www.cascade.it\/new\/wp-content\/uploads\/2019\/08\/Collettori-per-alimentazione-6.jpg\" alt=\"\"><\/a><\/div>\n\n<\/div><!-- .carousel-slider-1660 -->\n<\/div><!-- .carousel-slider-outer-1660 -->\n\n<p>&nbsp;<\/p>\n<h1><span style=\"color: #1e73be;\">Accessoires pour anneaux pour fontaines<\/span><\/h1>\n<p>Ce sont des \u00e9l\u00e9ments qui sont faits pour <strong>compl\u00e9ter les anneaux<\/strong>, pour <strong>faciliter l&rsquo;installation<\/strong> et permettre le <strong>bon fonctionnement<\/strong> du syst\u00e8me.<\/p>\n<p>Cascade est en mesure de fabriquer <strong>tout type d&rsquo;accessoire sur mesure<\/strong>. Les <strong>collecteurs sur mesure pour l&rsquo;alimentation<\/strong> hydraulique, <strong>les supports et les ancrages sur mesure<\/strong> pour les projecteurs sont des accessories particuli\u00e8rement importants.<\/p>\n<p>Pour plus d&rsquo;informations et des devis cibl\u00e9s, ou pour des demandes sp\u00e9ciales, contactez-nous directement.<\/p>\n<p>&nbsp;<\/p>\n<h3>Collecteurs sur mesure pour l&rsquo;alimentation des anneaux<\/h3>\n<p>Fabriqu\u00e9s en <strong>acier inoxydable<\/strong>, adapt\u00e9s aux besoins de l&rsquo;anneau \u00e0 alimenter, ces collecteurs ont l&rsquo;avantage de pouvoir \u00eatre dimensionn\u00e9s afin de <strong>minimiser les dimensions globales dans les locaux techniques<\/strong>, contrairement aux collecteurs courants en PVC qui ne permettent pas ce type de adaptation.<\/p>\n<p>Equip\u00e9 de <strong>vannes de r\u00e9glage<\/strong> pour faciliter la maintenance et les \u00e9ventuelles op\u00e9rations de d\u00e9montage et tout r\u00e9glage des ajutages, si n\u00e9cessaire.<\/p>\n<p>&nbsp;<\/p>\n<h3>Supports sur mesure pour anneaux<\/h3>\n<p>Particuli\u00e8rement utiles pour les <strong>grands anneaux<\/strong>, ils garantissent une <strong>parfaite plan\u00e9it\u00e9<\/strong> du collecteur lors du montage et <strong>facilitent l&rsquo;installation<\/strong>.<\/p>\n<p>Ils permettent <strong>d&rsquo;\u00e9viter le pliage accidentel<\/strong> du tuyau et les <strong>dysfonctionnements<\/strong> du syst\u00e8me qui en d\u00e9coulent.<\/p>\n<p>&nbsp;<\/p>\n<h3>Ancrages sur mesures pour projecteurs<\/h3>\n<p>N\u00e9cessaires pour un <strong>montage correct<\/strong> des projecteurs immerg\u00e9s et pour permettre l&rsquo;\u00e9clairage des jets d&rsquo;eau <strong>fonctionnel aux besoins sp\u00e9cifiques<\/strong> du syst\u00e8me individuel.<\/p>\n","protected":false},"excerpt":{"rendered":"<p>&nbsp; &nbsp; Accessoires pour anneaux pour fontaines Ce sont des \u00e9l\u00e9ments qui sont faits pour compl\u00e9ter les anneaux, pour faciliter l&rsquo;installation et permettre le bon fonctionnement du syst\u00e8me. Cascade est en mesure de fabriquer tout type d&rsquo;accessoire sur mesure. Les collecteurs sur mesure pour l&rsquo;alimentation hydraulique, les supports et les ancrages sur mesure pour les [&hellip;]<\/p>\n","protected":false},"featured_media":2662,"template":"","meta":[],"product_brand":[],"product_cat":[290],"product_tag":[],"class_list":{"0":"post-2661","1":"product","2":"type-product","3":"status-publish","4":"has-post-thumbnail","6":"product_cat-anneaux-et-collecteurs-inox","8":"first","9":"instock","10":"shipping-taxable","11":"product-type-simple"},"yoast_head":"<!-- This site is optimized with the Yoast SEO plugin v26.7 - https:\/\/yoast.com\/wordpress\/plugins\/seo\/ -->\n<title>Accessoires pour anneaux pour fontaines - Cascade<\/title>\n<meta name=\"description\" content=\"\u00c9l\u00e9ments qui sont faits pour compl\u00e9ter les anneaux, pour faciliter l&#039;installation et permettre le bon fonctionnement du syst\u00e8me.\" \/>\n<meta name=\"robots\" content=\"index, follow, max-snippet:-1, max-image-preview:large, max-video-preview:-1\" \/>\n<link rel=\"canonical\" href=\"https:\/\/www.cascade.it\/fr\/prodotto\/accessoires-anneaux\/\" \/>\n<meta property=\"og:locale\" content=\"fr_FR\" \/>\n<meta property=\"og:type\" content=\"article\" \/>\n<meta property=\"og:title\" content=\"Accessoires pour anneaux pour fontaines - Cascade\" \/>\n<meta property=\"og:description\" content=\"\u00c9l\u00e9ments qui sont faits pour compl\u00e9ter les anneaux, pour faciliter l&#039;installation et permettre le bon fonctionnement du syst\u00e8me.\" \/>\n<meta property=\"og:url\" content=\"https:\/\/www.cascade.it\/fr\/prodotto\/accessoires-anneaux\/\" \/>\n<meta property=\"og:site_name\" content=\"Cascade\" \/>\n<meta property=\"article:modified_time\" content=\"2020-07-20T13:18:18+00:00\" \/>\n<meta property=\"og:image\" content=\"https:\/\/www.cascade.it\/new\/wp-content\/uploads\/Prodotti\/Anelli_inox_per_fontane\/ACCESSORI-PER-ANELLI.jpg\" \/>\n\t<meta property=\"og:image:width\" content=\"1300\" \/>\n\t<meta property=\"og:image:height\" content=\"1300\" \/>\n\t<meta property=\"og:image:type\" content=\"image\/jpeg\" \/>\n<meta name=\"twitter:card\" content=\"summary_large_image\" \/>\n<meta name=\"twitter:label1\" content=\"Dur\u00e9e de lecture estim\u00e9e\" \/>\n\t<meta name=\"twitter:data1\" content=\"1 minute\" \/>\n<!-- \/ Yoast SEO plugin. -->","yoast_head_json":{"title":"Accessoires pour anneaux pour fontaines - Cascade","description":"\u00c9l\u00e9ments qui sont faits pour compl\u00e9ter les anneaux, pour faciliter l'installation et permettre le bon fonctionnement du syst\u00e8me.","robots":{"index":"index","follow":"follow","max-snippet":"max-snippet:-1","max-image-preview":"max-image-preview:large","max-video-preview":"max-video-preview:-1"},"canonical":"https:\/\/www.cascade.it\/fr\/prodotto\/accessoires-anneaux\/","og_locale":"fr_FR","og_type":"article","og_title":"Accessoires pour anneaux pour fontaines - Cascade","og_description":"\u00c9l\u00e9ments qui sont faits pour compl\u00e9ter les anneaux, pour faciliter l'installation et permettre le bon fonctionnement du syst\u00e8me.","og_url":"https:\/\/www.cascade.it\/fr\/prodotto\/accessoires-anneaux\/","og_site_name":"Cascade","article_modified_time":"2020-07-20T13:18:18+00:00","og_image":[{"width":1300,"height":1300,"url":"https:\/\/www.cascade.it\/new\/wp-content\/uploads\/Prodotti\/Anelli_inox_per_fontane\/ACCESSORI-PER-ANELLI.jpg","type":"image\/jpeg"}],"twitter_card":"summary_large_image","twitter_misc":{"Dur\u00e9e de lecture estim\u00e9e":"1 minute"},"schema":{"@context":"https:\/\/schema.org","@graph":[{"@type":"WebPage","@id":"https:\/\/www.cascade.it\/fr\/prodotto\/accessoires-anneaux\/","url":"https:\/\/www.cascade.it\/fr\/prodotto\/accessoires-anneaux\/","name":"Accessoires pour anneaux pour fontaines - Cascade","isPartOf":{"@id":"https:\/\/www.cascade.it\/fr\/#website"},"primaryImageOfPage":{"@id":"https:\/\/www.cascade.it\/fr\/prodotto\/accessoires-anneaux\/#primaryimage"},"image":{"@id":"https:\/\/www.cascade.it\/fr\/prodotto\/accessoires-anneaux\/#primaryimage"},"thumbnailUrl":"https:\/\/www.cascade.it\/new\/wp-content\/uploads\/Prodotti\/Anelli_inox_per_fontane\/ACCESSORI-PER-ANELLI.jpg","datePublished":"2019-02-21T08:20:41+00:00","dateModified":"2020-07-20T13:18:18+00:00","description":"\u00c9l\u00e9ments qui sont faits pour compl\u00e9ter les anneaux, pour faciliter l'installation et permettre le bon fonctionnement du syst\u00e8me.","breadcrumb":{"@id":"https:\/\/www.cascade.it\/fr\/prodotto\/accessoires-anneaux\/#breadcrumb"},"inLanguage":"fr-FR","potentialAction":[{"@type":"ReadAction","target":["https:\/\/www.cascade.it\/fr\/prodotto\/accessoires-anneaux\/"]}]},{"@type":"ImageObject","inLanguage":"fr-FR","@id":"https:\/\/www.cascade.it\/fr\/prodotto\/accessoires-anneaux\/#primaryimage","url":"https:\/\/www.cascade.it\/new\/wp-content\/uploads\/Prodotti\/Anelli_inox_per_fontane\/ACCESSORI-PER-ANELLI.jpg","contentUrl":"https:\/\/www.cascade.it\/new\/wp-content\/uploads\/Prodotti\/Anelli_inox_per_fontane\/ACCESSORI-PER-ANELLI.jpg","width":1300,"height":1300},{"@type":"BreadcrumbList","@id":"https:\/\/www.cascade.it\/fr\/prodotto\/accessoires-anneaux\/#breadcrumb","itemListElement":[{"@type":"ListItem","position":1,"name":"Home","item":"https:\/\/www.cascade.it\/fr\/"},{"@type":"ListItem","position":2,"name":"Boutique","item":"https:\/\/www.cascade.it\/fr\/boutique\/"},{"@type":"ListItem","position":3,"name":"Accessoires pour anneaux pour fontaines"}]},{"@type":"WebSite","@id":"https:\/\/www.cascade.it\/fr\/#website","url":"https:\/\/www.cascade.it\/fr\/","name":"Cascade","description":"More than a fountain","potentialAction":[{"@type":"SearchAction","target":{"@type":"EntryPoint","urlTemplate":"https:\/\/www.cascade.it\/fr\/?s={search_term_string}"},"query-input":{"@type":"PropertyValueSpecification","valueRequired":true,"valueName":"search_term_string"}}],"inLanguage":"fr-FR"}]}},"_links":{"self":[{"href":"https:\/\/www.cascade.it\/fr\/wp-json\/wp\/v2\/product\/2661","targetHints":{"allow":["GET"]}}],"collection":[{"href":"https:\/\/www.cascade.it\/fr\/wp-json\/wp\/v2\/product"}],"about":[{"href":"https:\/\/www.cascade.it\/fr\/wp-json\/wp\/v2\/types\/product"}],"wp:featuredmedia":[{"embeddable":true,"href":"https:\/\/www.cascade.it\/fr\/wp-json\/wp\/v2\/media\/2662"}],"wp:attachment":[{"href":"https:\/\/www.cascade.it\/fr\/wp-json\/wp\/v2\/media?parent=2661"}],"wp:term":[{"taxonomy":"product_brand","embeddable":true,"href":"https:\/\/www.cascade.it\/fr\/wp-json\/wp\/v2\/product_brand?post=2661"},{"taxonomy":"product_cat","embeddable":true,"href":"https:\/\/www.cascade.it\/fr\/wp-json\/wp\/v2\/product_cat?post=2661"},{"taxonomy":"product_tag","embeddable":true,"href":"https:\/\/www.cascade.it\/fr\/wp-json\/wp\/v2\/product_tag?post=2661"}],"curies":[{"name":"wp","href":"https:\/\/api.w.org\/{rel}","templated":true}]}}