{"id":2656,"date":"2019-02-20T10:10:51","date_gmt":"2019-02-20T09:10:51","guid":{"rendered":"https:\/\/www.cascade.it\/new\/prodotto\/troppo-pieno-da-incasso-con-controllo-di-livello\/"},"modified":"2022-04-13T17:33:11","modified_gmt":"2022-04-13T15:33:11","slug":"trop-plein-encastrable-avec-controle-de-niveau","status":"publish","type":"product","link":"https:\/\/www.cascade.it\/fr\/prodotto\/trop-plein-encastrable-avec-controle-de-niveau\/","title":{"rendered":"Trop-plein encastrable avec Contr\u00f4le de niveau"},"content":{"rendered":"<p>[vc_row][vc_column][vc_empty_space height=\u00a0\u00bb50&Prime; height_mobile=\u00a0\u00bb150&Prime;][vc_column_text spacing_heading=\u00a0\u00bb\u00a0\u00bb spacing_heading_tab=\u00a0\u00bb\u00a0\u00bb spacing_heading_mobile=\u00a0\u00bb\u00a0\u00bb]<div class=\"carousel-slider-outer carousel-slider-outer-image-carousel carousel-slider-outer-1335\" style=\"--carousel-slider-nav-color:#f1f1f1;--carousel-slider-active-nav-color:#00d1b2;--carousel-slider-arrow-size:48px;--carousel-slider-bullet-size:10px\">\n<div id=\"&#039;id-1335\" class=\"carousel-slider carousel-slider-1335 arrows-visibility-hover dots-visibility-never arrows-outside dots-center dots-square owl-carousel\" data-slide-type=\"image-carousel\" data-owl-settings='{\"nav\":true,\"dots\":false,\"slideBy\":1,\"stagePadding\":0,\"margin\":10,\"loop\":true,\"lazyLoad\":true,\"autoplay\":true,\"autoplayTimeout\":5000,\"autoplaySpeed\":500,\"autoplayHoverPause\":true,\"autoWidth\":false,\"responsive\":{\"300\":{\"items\":1},\"576\":{\"items\":2},\"768\":{\"items\":2},\"1024\":{\"items\":3},\"1280\":{\"items\":3},\"1536\":{\"items\":3}}}'>\n<div class=\"carousel-slider__item\">\n\t<img class=\"owl-lazy\" data-src=\"https:\/\/www.cascade.it\/new\/wp-content\/uploads\/2019\/07\/Sistema-combinato-da-incasso-con-controllo-di-livello.jpg\" alt=\"\"><\/a><\/div>\n\n<div class=\"carousel-slider__item\">\n\t<img class=\"owl-lazy\" data-src=\"https:\/\/www.cascade.it\/new\/wp-content\/uploads\/2022\/04\/3SISTE1.jpg\" alt=\"\"><\/a><\/div>\n\n<div class=\"carousel-slider__item\">\n\t<img class=\"owl-lazy\" data-src=\"https:\/\/www.cascade.it\/new\/wp-content\/uploads\/2019\/07\/2-Sistema-combinato-da-incasso-con-controllo-di-livello.jpg\" alt=\"\"><\/a><\/div>\n\n<div class=\"carousel-slider__item\">\n\t<img class=\"owl-lazy\" data-src=\"https:\/\/www.cascade.it\/new\/wp-content\/uploads\/2019\/07\/1-Sistema-combinato-da-incasso-con-controllo-di-livello.jpg\" alt=\"\"><\/a><\/div>\n\n<\/div><!-- .carousel-slider-1335 -->\n<\/div><!-- .carousel-slider-outer-1335 -->\n<\/p>\n<h1><span style=\"color: #1e73be;\">Trop-plein encastrable avec Contr\u00f4le de niveau<\/span><\/h1>\n<p>Le <strong>Trop-plein encastrable avec Contr\u00f4le de niveau<\/strong>, avec compartiment en <strong>mat\u00e9riau composite<\/strong> et cadre et grille <strong>en acier inoxydable<\/strong>, est un <strong>syst\u00e8me combin\u00e9<\/strong> qui inclut le contr\u00f4le de niveau et le trop-plein dans une seule solution.<\/p>\n<p>Dans la fonction de trop-plein, il \u00e9vite un <strong>d\u00e9bordement accidentel du r\u00e9servoir<\/strong> provoqu\u00e9 par d&rsquo;\u00e9ventuels dysfonctionnements du syst\u00e8me de remplissage ou par un exc\u00e8s d&rsquo;eau de pluie. Il est particuli\u00e8rement utile pour les ajutages qui ont besoin d&rsquo;un <strong>niveau maximum d&rsquo;eau<\/strong> dans le r\u00e9servoir pour un fonctionnement correct. D\u00e9bordement r\u00e9glable avec raccord 75 ou 90 mm.<\/p>\n<p>Dans la fonction de contr\u00f4le de niveau, gr\u00e2ce aux <strong>3-4 capteurs<\/strong> avec c\u00e2ble de 5 m de c\u00e2ble H07RNF 3-4&#215;1,5 mm<sup>2<\/sup> et rail coulissant pour leur r\u00e9glage, il permet de garantir le <strong>niveau minimum<\/strong> d&rsquo;eau dans le r\u00e9servoir.<\/p>\n<p>La <strong>petite taille<\/strong> le rend id\u00e9al pour \u00eatre int\u00e9gr\u00e9 dans les parois minces des fontaines.<\/p>\n<p>\u00c0 utiliser dans la fontaine, lorsqu&rsquo;il n&rsquo;y a pas de r\u00e9servoir de compensation.<\/p>\n<p>\u00c0 utiliser avec les articles <a href=\"https:\/\/www.cascade.it\/fr\/prodotto\/centralina-di-livello-3-4-sensori\/\"><strong><span style=\"text-decoration: underline;\">CLQ<\/span><\/strong><\/a> (<strong>Unit\u00e9 de contr\u00f4le de niveau \u00e0 3-4 capteurs<\/strong>) ou <a href=\"https:\/\/www.cascade.it\/fr\/prodotto\/gruppo-centralina-di-livello-a-3-4-sensori\/\"><strong><span style=\"text-decoration: underline;\">GCL<\/span><\/strong><\/a> (<strong>Group de contr\u00f4le de niveau \u00e0 3-4 capteurs<\/strong>).<\/p>\n<p>&nbsp;<\/p>\n<h3>Donn\u00e9es techniques<\/h3>\n<div style=\"overflow-x: auto;\">\n<table width=\"86%\">\n<tbody>\n<tr>\n<td width=\"14%\"><strong>\u00a0<\/strong><\/td>\n<td class=\"thHorz\" width=\"41%\">Trop-plein encastrable avec Contr\u00f4le de niveau \u00e0 3 capteurs<\/td>\n<td class=\"thHorz\" width=\"44%\">Trop-plein encastrable avec Contr\u00f4le de niveau \u00e0 4 capteurs<\/td>\n<\/tr>\n<tr>\n<td class=\"thVert\" width=\"14%\">Code<\/td>\n<td width=\"41%\">SCP<\/td>\n<td width=\"44%\">SCP4<\/td>\n<\/tr>\n<tr>\n<td class=\"thVert\" width=\"14%\">Capteurs<\/td>\n<td width=\"41%\">3<\/td>\n<td width=\"44%\">4<\/td>\n<\/tr>\n<tr>\n<td class=\"thVert\" width=\"14%\">Cable<\/td>\n<td width=\"41%\">H07RN-F 3&#215;1,5 mm\u00b2 &#8211; longueur 5 m<\/td>\n<td width=\"44%\">H07RN-F 4&#215;1,5 mm\u00b2 &#8211; longueur 5 m<\/td>\n<\/tr>\n<tr>\n<td class=\"thVert\" width=\"14%\">Connexion trop-plein<\/td>\n<td width=\"41%\">75 F \/ 90 M mm<\/td>\n<td width=\"44%\">75 F \/ 90 M mm<\/td>\n<\/tr>\n<tr>\n<td class=\"thVert\" width=\"14%\">Dimensions<\/td>\n<td width=\"41%\">260 x 160 x 360 mm<\/td>\n<td width=\"44%\">260 x 160 x 360 mm<\/td>\n<\/tr>\n<tr>\n<td class=\"thVert\" width=\"14%\">Mat\u00e9riel<\/td>\n<td width=\"41%\">Acier inox et mat\u00e9riau composite<\/td>\n<td width=\"44%\">Acier inox et mat\u00e9riau composite<\/td>\n<\/tr>\n<\/tbody>\n<\/table>\n<\/div>\n<div>\n<div style=\"clear: both;\"><\/div>\n<p>&nbsp;<\/p>\n<h3>Downloads<\/h3>\n<div class=\"divide-line text-left\"><\/div>\n<div>\n<div style=\"float: left; padding: 5px; text-align: center; width: 150px;\"><a href=\"https:\/\/www.cascade.it\/new\/wp-content\/uploads\/2021\/10\/CASCADE-Trop-plein-encastrable-avec-control-de-niveau-FR-1.pdf\" target=\"_blank\" rel=\"noopener\"><img loading=\"lazy\" decoding=\"async\" class=\"alignnone wp-image-783\" src=\"https:\/\/www.cascade.it\/new\/wp-content\/uploads\/2019\/02\/pdf-icon-png-7.jpg\" alt=\"\" width=\"91\" height=\"91\" srcset=\"https:\/\/www.cascade.it\/new\/wp-content\/uploads\/2019\/02\/pdf-icon-png-7.jpg 254w, https:\/\/www.cascade.it\/new\/wp-content\/uploads\/2019\/02\/pdf-icon-png-7-150x150.jpg 150w, https:\/\/www.cascade.it\/new\/wp-content\/uploads\/2019\/02\/pdf-icon-png-7-100x100.jpg 100w\" sizes=\"auto, (max-width: 91px) 100vw, 91px\" \/><\/a><br \/>\nFiche technique<\/div>\n<\/div>\n<\/div>\n","protected":false},"excerpt":{"rendered":"<p>[vc_row][vc_column][vc_empty_space height=\u00a0\u00bb50&Prime; height_mobile=\u00a0\u00bb150&Prime;][vc_column_text spacing_heading=\u00a0\u00bb\u00a0\u00bb spacing_heading_tab=\u00a0\u00bb\u00a0\u00bb spacing_heading_mobile=\u00a0\u00bb\u00a0\u00bb] Trop-plein encastrable avec Contr\u00f4le de niveau Le Trop-plein encastrable avec Contr\u00f4le de niveau, avec compartiment en mat\u00e9riau composite et cadre et grille en acier inoxydable, est un syst\u00e8me combin\u00e9 qui inclut le contr\u00f4le de niveau et le trop-plein dans une seule solution. Dans la fonction de trop-plein, il \u00e9vite [&hellip;]<\/p>\n","protected":false},"featured_media":2657,"template":"","meta":[],"product_brand":[],"product_cat":[287,289],"product_tag":[],"class_list":{"0":"post-2656","1":"product","2":"type-product","3":"status-publish","4":"has-post-thumbnail","6":"product_cat-accessoires-hydrauliques-fontaines","7":"product_cat-systemes-de-controle-niveau-eau","9":"first","10":"instock","11":"shipping-taxable","12":"product-type-simple"},"yoast_head":"<!-- This site is optimized with the Yoast SEO plugin v26.7 - https:\/\/yoast.com\/wordpress\/plugins\/seo\/ -->\n<title>Trop-plein encastrable avec Contr\u00f4le de niveau pour fontaines - Cascade<\/title>\n<meta name=\"description\" content=\"Avec bo\u00eete en composite et cadre et grille en inox, il est un syst\u00e8me combin\u00e9 qui inclut le contr\u00f4le de niveau et le trop-plein dans une seule solution.\" \/>\n<meta name=\"robots\" content=\"index, follow, max-snippet:-1, max-image-preview:large, max-video-preview:-1\" \/>\n<link rel=\"canonical\" href=\"https:\/\/www.cascade.it\/fr\/prodotto\/trop-plein-encastrable-avec-controle-de-niveau\/\" \/>\n<meta property=\"og:locale\" content=\"fr_FR\" \/>\n<meta property=\"og:type\" content=\"article\" \/>\n<meta property=\"og:title\" content=\"Trop-plein encastrable avec Contr\u00f4le de niveau pour fontaines - Cascade\" \/>\n<meta property=\"og:description\" content=\"Avec bo\u00eete en composite et cadre et grille en inox, il est un syst\u00e8me combin\u00e9 qui inclut le contr\u00f4le de niveau et le trop-plein dans une seule solution.\" \/>\n<meta property=\"og:url\" content=\"https:\/\/www.cascade.it\/fr\/prodotto\/trop-plein-encastrable-avec-controle-de-niveau\/\" \/>\n<meta property=\"og:site_name\" content=\"Cascade\" \/>\n<meta property=\"article:modified_time\" content=\"2022-04-13T15:33:11+00:00\" \/>\n<meta property=\"og:image\" content=\"https:\/\/www.cascade.it\/new\/wp-content\/uploads\/Prodotti\/Accessori_per_fontane\/Accessori_idraulici_per_fontane\/TROPPO-PIENO-DA-INCASSO-CON-CONTROLLO-DI-LIVELLO.jpg\" \/>\n\t<meta property=\"og:image:width\" content=\"1300\" \/>\n\t<meta property=\"og:image:height\" content=\"1300\" \/>\n\t<meta property=\"og:image:type\" content=\"image\/jpeg\" \/>\n<meta name=\"twitter:card\" content=\"summary_large_image\" \/>\n<meta name=\"twitter:label1\" content=\"Dur\u00e9e de lecture estim\u00e9e\" \/>\n\t<meta name=\"twitter:data1\" content=\"2 minutes\" \/>\n<!-- \/ Yoast SEO plugin. -->","yoast_head_json":{"title":"Trop-plein encastrable avec Contr\u00f4le de niveau pour fontaines - Cascade","description":"Avec bo\u00eete en composite et cadre et grille en inox, il est un syst\u00e8me combin\u00e9 qui inclut le contr\u00f4le de niveau et le trop-plein dans une seule solution.","robots":{"index":"index","follow":"follow","max-snippet":"max-snippet:-1","max-image-preview":"max-image-preview:large","max-video-preview":"max-video-preview:-1"},"canonical":"https:\/\/www.cascade.it\/fr\/prodotto\/trop-plein-encastrable-avec-controle-de-niveau\/","og_locale":"fr_FR","og_type":"article","og_title":"Trop-plein encastrable avec Contr\u00f4le de niveau pour fontaines - Cascade","og_description":"Avec bo\u00eete en composite et cadre et grille en inox, il est un syst\u00e8me combin\u00e9 qui inclut le contr\u00f4le de niveau et le trop-plein dans une seule solution.","og_url":"https:\/\/www.cascade.it\/fr\/prodotto\/trop-plein-encastrable-avec-controle-de-niveau\/","og_site_name":"Cascade","article_modified_time":"2022-04-13T15:33:11+00:00","og_image":[{"width":1300,"height":1300,"url":"https:\/\/www.cascade.it\/new\/wp-content\/uploads\/Prodotti\/Accessori_per_fontane\/Accessori_idraulici_per_fontane\/TROPPO-PIENO-DA-INCASSO-CON-CONTROLLO-DI-LIVELLO.jpg","type":"image\/jpeg"}],"twitter_card":"summary_large_image","twitter_misc":{"Dur\u00e9e de lecture estim\u00e9e":"2 minutes"},"schema":{"@context":"https:\/\/schema.org","@graph":[{"@type":"WebPage","@id":"https:\/\/www.cascade.it\/fr\/prodotto\/trop-plein-encastrable-avec-controle-de-niveau\/","url":"https:\/\/www.cascade.it\/fr\/prodotto\/trop-plein-encastrable-avec-controle-de-niveau\/","name":"Trop-plein encastrable avec Contr\u00f4le de niveau pour fontaines - Cascade","isPartOf":{"@id":"https:\/\/www.cascade.it\/fr\/#website"},"primaryImageOfPage":{"@id":"https:\/\/www.cascade.it\/fr\/prodotto\/trop-plein-encastrable-avec-controle-de-niveau\/#primaryimage"},"image":{"@id":"https:\/\/www.cascade.it\/fr\/prodotto\/trop-plein-encastrable-avec-controle-de-niveau\/#primaryimage"},"thumbnailUrl":"https:\/\/www.cascade.it\/new\/wp-content\/uploads\/Prodotti\/Accessori_per_fontane\/Accessori_idraulici_per_fontane\/TROPPO-PIENO-DA-INCASSO-CON-CONTROLLO-DI-LIVELLO.jpg","datePublished":"2019-02-20T09:10:51+00:00","dateModified":"2022-04-13T15:33:11+00:00","description":"Avec bo\u00eete en composite et cadre et grille en inox, il est un syst\u00e8me combin\u00e9 qui inclut le contr\u00f4le de niveau et le trop-plein dans une seule solution.","breadcrumb":{"@id":"https:\/\/www.cascade.it\/fr\/prodotto\/trop-plein-encastrable-avec-controle-de-niveau\/#breadcrumb"},"inLanguage":"fr-FR","potentialAction":[{"@type":"ReadAction","target":["https:\/\/www.cascade.it\/fr\/prodotto\/trop-plein-encastrable-avec-controle-de-niveau\/"]}]},{"@type":"ImageObject","inLanguage":"fr-FR","@id":"https:\/\/www.cascade.it\/fr\/prodotto\/trop-plein-encastrable-avec-controle-de-niveau\/#primaryimage","url":"https:\/\/www.cascade.it\/new\/wp-content\/uploads\/Prodotti\/Accessori_per_fontane\/Accessori_idraulici_per_fontane\/TROPPO-PIENO-DA-INCASSO-CON-CONTROLLO-DI-LIVELLO.jpg","contentUrl":"https:\/\/www.cascade.it\/new\/wp-content\/uploads\/Prodotti\/Accessori_per_fontane\/Accessori_idraulici_per_fontane\/TROPPO-PIENO-DA-INCASSO-CON-CONTROLLO-DI-LIVELLO.jpg","width":1300,"height":1300},{"@type":"BreadcrumbList","@id":"https:\/\/www.cascade.it\/fr\/prodotto\/trop-plein-encastrable-avec-controle-de-niveau\/#breadcrumb","itemListElement":[{"@type":"ListItem","position":1,"name":"Home","item":"https:\/\/www.cascade.it\/fr\/"},{"@type":"ListItem","position":2,"name":"Boutique","item":"https:\/\/www.cascade.it\/fr\/boutique\/"},{"@type":"ListItem","position":3,"name":"Trop-plein encastrable avec Contr\u00f4le de niveau"}]},{"@type":"WebSite","@id":"https:\/\/www.cascade.it\/fr\/#website","url":"https:\/\/www.cascade.it\/fr\/","name":"Cascade","description":"More than a fountain","potentialAction":[{"@type":"SearchAction","target":{"@type":"EntryPoint","urlTemplate":"https:\/\/www.cascade.it\/fr\/?s={search_term_string}"},"query-input":{"@type":"PropertyValueSpecification","valueRequired":true,"valueName":"search_term_string"}}],"inLanguage":"fr-FR"}]}},"_links":{"self":[{"href":"https:\/\/www.cascade.it\/fr\/wp-json\/wp\/v2\/product\/2656","targetHints":{"allow":["GET"]}}],"collection":[{"href":"https:\/\/www.cascade.it\/fr\/wp-json\/wp\/v2\/product"}],"about":[{"href":"https:\/\/www.cascade.it\/fr\/wp-json\/wp\/v2\/types\/product"}],"wp:featuredmedia":[{"embeddable":true,"href":"https:\/\/www.cascade.it\/fr\/wp-json\/wp\/v2\/media\/2657"}],"wp:attachment":[{"href":"https:\/\/www.cascade.it\/fr\/wp-json\/wp\/v2\/media?parent=2656"}],"wp:term":[{"taxonomy":"product_brand","embeddable":true,"href":"https:\/\/www.cascade.it\/fr\/wp-json\/wp\/v2\/product_brand?post=2656"},{"taxonomy":"product_cat","embeddable":true,"href":"https:\/\/www.cascade.it\/fr\/wp-json\/wp\/v2\/product_cat?post=2656"},{"taxonomy":"product_tag","embeddable":true,"href":"https:\/\/www.cascade.it\/fr\/wp-json\/wp\/v2\/product_tag?post=2656"}],"curies":[{"name":"wp","href":"https:\/\/api.w.org\/{rel}","templated":true}]}}