{"id":2637,"date":"2019-02-20T10:08:10","date_gmt":"2019-02-20T09:08:10","guid":{"rendered":"https:\/\/www.cascade.it\/new\/prodotto\/troppo-pieno-a-pavimento-con-scarico\/"},"modified":"2021-10-19T16:19:06","modified_gmt":"2021-10-19T14:19:06","slug":"trop-plein-au-sol-avec-vidange","status":"publish","type":"product","link":"https:\/\/www.cascade.it\/fr\/prodotto\/trop-plein-au-sol-avec-vidange\/","title":{"rendered":"Trop-plein au sol avec vidange"},"content":{"rendered":"<p>[vc_row][vc_column][vc_empty_space height=\u00a0\u00bb50&Prime; height_mobile=\u00a0\u00bb150&Prime;][vc_column_text spacing_heading=\u00a0\u00bb\u00a0\u00bb spacing_heading_tab=\u00a0\u00bb\u00a0\u00bb spacing_heading_mobile=\u00a0\u00bb\u00a0\u00bb]<div class=\"carousel-slider-outer carousel-slider-outer-image-carousel carousel-slider-outer-2639\" style=\"--carousel-slider-nav-color:#f1f1f1;--carousel-slider-active-nav-color:#00d1b2;--carousel-slider-arrow-size:48px;--carousel-slider-bullet-size:10px\">\n<div id=\"&#039;id-2639\" class=\"carousel-slider carousel-slider-2639 arrows-visibility-hover dots-visibility-never arrows-outside dots-center dots-square owl-carousel\" data-slide-type=\"image-carousel\" data-owl-settings='{\"nav\":true,\"dots\":false,\"slideBy\":1,\"stagePadding\":0,\"margin\":10,\"loop\":true,\"lazyLoad\":true,\"autoplay\":true,\"autoplayTimeout\":5000,\"autoplaySpeed\":500,\"autoplayHoverPause\":true,\"autoWidth\":false,\"responsive\":{\"300\":{\"items\":1},\"576\":{\"items\":2},\"768\":{\"items\":2},\"1024\":{\"items\":3},\"1280\":{\"items\":3},\"1536\":{\"items\":3}}}'>\n<div class=\"carousel-slider__item\">\n\t<img class=\"owl-lazy\" data-src=\"https:\/\/www.cascade.it\/new\/wp-content\/uploads\/2019\/09\/Troppo-pieno-a-pavimento-con-scarico-1.jpg\" alt=\"\"><\/a><\/div>\n\n<div class=\"carousel-slider__item\">\n\t<img class=\"owl-lazy\" data-src=\"https:\/\/www.cascade.it\/new\/wp-content\/uploads\/2019\/07\/Troppo-pieno-a-pavimento-con-controllo-di-livello-4.jpg\" alt=\"\"><\/a><\/div>\n\n<div class=\"carousel-slider__item\">\n\t<img class=\"owl-lazy\" data-src=\"https:\/\/www.cascade.it\/new\/wp-content\/uploads\/2019\/09\/Troppo-pieno-a-pavimento-con-scarico.jpg\" alt=\"\"><\/a><\/div>\n\n<\/div><!-- .carousel-slider-2639 -->\n<\/div><!-- .carousel-slider-outer-2639 -->\n<\/p>\n<p>&nbsp;<\/p>\n<h1><span style=\"color: #1e73be;\">Trop-plein au sol avec vidange<\/span><\/h1>\n<p>Le <strong>Trop-plein au sol avec vidange<\/strong>, en <strong>acier inoxydable<\/strong> et <strong>laiton<\/strong>, emp\u00eache le <strong>d\u00e9bordement accidentel du r\u00e9servoir<\/strong> provoqu\u00e9 par d&rsquo;\u00e9ventuels dysfonctionnements du syst\u00e8me de remplissage d&rsquo;eau ou par un exc\u00e8s d&rsquo;eau de pluie. Il se compose d&rsquo;un <span style=\"text-decoration: underline;\"><a href=\"https:\/\/www.cascade.it\/fr\/prodotto\/trop-plein-au-sol\/\"><strong>Trop-plein au sol<\/strong><\/a> <\/span>et d&rsquo;une <strong>base en acier inoxydable<\/strong>, avec fonction de <strong>vidange<\/strong>, \u00e0 encastrer <strong>dans le fond du r\u00e9servoir<\/strong>, utile pour les syst\u00e8mes existants o\u00f9 il y a <strong>un seul tuyau de vidange<\/strong>.<\/p>\n<p>Niveau d&rsquo;eau standard de 50 cm, diff\u00e9rentes hauteurs <strong>sur demande<\/strong>.<\/p>\n<p>Sur demande, vous pouvez avoir Trop-plein au sol avec vidange \u00e9quip\u00e9 de <strong>deux leviers lat\u00e9raux<\/strong> pour ouvrir et fermer le drain.<\/p>\n<p>&nbsp;<\/p>\n<h3>Donn\u00e9es techniques<\/h3>\n<div style=\"overflow-x: auto;\">\n<table width=\"84%\">\n<tbody>\n<tr>\n<td width=\"16%\"><strong>\u00a0<\/strong><\/td>\n<td class=\"thHorz\" width=\"83%\">Trop-plein au sol avec vidange<\/td>\n<\/tr>\n<tr>\n<td class=\"thVert\" width=\"16%\">Code<\/td>\n<td width=\"83%\">TPPSC<\/td>\n<\/tr>\n<tr>\n<td class=\"thVert\" width=\"16%\">Connexion<\/td>\n<td width=\"83%\">2 1\/2\u201d F<\/td>\n<\/tr>\n<tr>\n<td class=\"thVert\" width=\"16%\">Hauteur standard<\/td>\n<td width=\"83%\">60 cm<\/td>\n<\/tr>\n<tr>\n<td class=\"thVert\" width=\"16%\">Niveau d&rsquo;eau standard<\/td>\n<td width=\"83%\">50 cm<\/td>\n<\/tr>\n<tr>\n<td class=\"thVert\" width=\"16%\">Mat\u00e9riel<\/td>\n<td width=\"83%\">Laiton et Acier Inox<\/td>\n<\/tr>\n<\/tbody>\n<\/table>\n<\/div>\n<p>&nbsp;<\/p>\n<h3>Downloads<\/h3>\n<div class=\"divide-line text-left\"><\/div>\n<div>\n<div style=\"float: left; padding: 5px; text-align: center; width: 150px;\"><a href=\"https:\/\/www.cascade.it\/new\/wp-content\/uploads\/2021\/10\/CASCADE-Trop-plein-au-sol-avec-vidange-FR.pdf\" target=\"_blank\" rel=\"noopener\"><img loading=\"lazy\" decoding=\"async\" class=\"alignnone wp-image-783\" src=\"https:\/\/www.cascade.it\/new\/wp-content\/uploads\/2019\/02\/pdf-icon-png-7.jpg\" alt=\"\" width=\"91\" height=\"91\" srcset=\"https:\/\/www.cascade.it\/new\/wp-content\/uploads\/2019\/02\/pdf-icon-png-7.jpg 254w, https:\/\/www.cascade.it\/new\/wp-content\/uploads\/2019\/02\/pdf-icon-png-7-150x150.jpg 150w, https:\/\/www.cascade.it\/new\/wp-content\/uploads\/2019\/02\/pdf-icon-png-7-100x100.jpg 100w\" sizes=\"auto, (max-width: 91px) 100vw, 91px\" \/><\/a><br \/>\nFiche technique<\/div>\n<\/div>\n","protected":false},"excerpt":{"rendered":"<p>[vc_row][vc_column][vc_empty_space height=\u00a0\u00bb50&Prime; height_mobile=\u00a0\u00bb150&Prime;][vc_column_text spacing_heading=\u00a0\u00bb\u00a0\u00bb spacing_heading_tab=\u00a0\u00bb\u00a0\u00bb spacing_heading_mobile=\u00a0\u00bb\u00a0\u00bb] &nbsp; Trop-plein au sol avec vidange Le Trop-plein au sol avec vidange, en acier inoxydable et laiton, emp\u00eache le d\u00e9bordement accidentel du r\u00e9servoir provoqu\u00e9 par d&rsquo;\u00e9ventuels dysfonctionnements du syst\u00e8me de remplissage d&rsquo;eau ou par un exc\u00e8s d&rsquo;eau de pluie. Il se compose d&rsquo;un Trop-plein au sol et d&rsquo;une base [&hellip;]<\/p>\n","protected":false},"featured_media":2638,"template":"","meta":[],"product_brand":[],"product_cat":[287],"product_tag":[],"class_list":{"0":"post-2637","1":"product","2":"type-product","3":"status-publish","4":"has-post-thumbnail","6":"product_cat-accessoires-hydrauliques-fontaines","8":"first","9":"instock","10":"shipping-taxable","11":"product-type-simple"},"yoast_head":"<!-- This site is optimized with the Yoast SEO plugin v26.7 - https:\/\/yoast.com\/wordpress\/plugins\/seo\/ -->\n<title>Trop-plein au sol avec vidange pour fontaines - Cascade<\/title>\n<meta name=\"description\" content=\"Il emp\u00eache le d\u00e9bordement accidentel du r\u00e9servoir provoqu\u00e9 par des dysfonctionnements du syst\u00e8me de remplissage d&#039;eau ou par un exc\u00e8s d&#039;eau de pluie.\" \/>\n<meta name=\"robots\" content=\"index, follow, max-snippet:-1, max-image-preview:large, max-video-preview:-1\" \/>\n<link rel=\"canonical\" href=\"https:\/\/www.cascade.it\/fr\/prodotto\/trop-plein-au-sol-avec-vidange\/\" \/>\n<meta property=\"og:locale\" content=\"fr_FR\" \/>\n<meta property=\"og:type\" content=\"article\" \/>\n<meta property=\"og:title\" content=\"Trop-plein au sol avec vidange pour fontaines - Cascade\" \/>\n<meta property=\"og:description\" content=\"Il emp\u00eache le d\u00e9bordement accidentel du r\u00e9servoir provoqu\u00e9 par des dysfonctionnements du syst\u00e8me de remplissage d&#039;eau ou par un exc\u00e8s d&#039;eau de pluie.\" \/>\n<meta property=\"og:url\" content=\"https:\/\/www.cascade.it\/fr\/prodotto\/trop-plein-au-sol-avec-vidange\/\" \/>\n<meta property=\"og:site_name\" content=\"Cascade\" \/>\n<meta property=\"article:modified_time\" content=\"2021-10-19T14:19:06+00:00\" \/>\n<meta property=\"og:image\" content=\"https:\/\/www.cascade.it\/new\/wp-content\/uploads\/Prodotti\/Accessori_per_fontane\/Accessori_idraulici_per_fontane\/TROPPO-PIENO-A-PAVIMENTO-CON-SCARICO.jpg\" \/>\n\t<meta property=\"og:image:width\" content=\"1300\" \/>\n\t<meta property=\"og:image:height\" content=\"1300\" \/>\n\t<meta property=\"og:image:type\" content=\"image\/jpeg\" \/>\n<meta name=\"twitter:card\" content=\"summary_large_image\" \/>\n<meta name=\"twitter:label1\" content=\"Dur\u00e9e de lecture estim\u00e9e\" \/>\n\t<meta name=\"twitter:data1\" content=\"1 minute\" \/>\n<!-- \/ Yoast SEO plugin. -->","yoast_head_json":{"title":"Trop-plein au sol avec vidange pour fontaines - Cascade","description":"Il emp\u00eache le d\u00e9bordement accidentel du r\u00e9servoir provoqu\u00e9 par des dysfonctionnements du syst\u00e8me de remplissage d'eau ou par un exc\u00e8s d'eau de pluie.","robots":{"index":"index","follow":"follow","max-snippet":"max-snippet:-1","max-image-preview":"max-image-preview:large","max-video-preview":"max-video-preview:-1"},"canonical":"https:\/\/www.cascade.it\/fr\/prodotto\/trop-plein-au-sol-avec-vidange\/","og_locale":"fr_FR","og_type":"article","og_title":"Trop-plein au sol avec vidange pour fontaines - Cascade","og_description":"Il emp\u00eache le d\u00e9bordement accidentel du r\u00e9servoir provoqu\u00e9 par des dysfonctionnements du syst\u00e8me de remplissage d'eau ou par un exc\u00e8s d'eau de pluie.","og_url":"https:\/\/www.cascade.it\/fr\/prodotto\/trop-plein-au-sol-avec-vidange\/","og_site_name":"Cascade","article_modified_time":"2021-10-19T14:19:06+00:00","og_image":[{"width":1300,"height":1300,"url":"https:\/\/www.cascade.it\/new\/wp-content\/uploads\/Prodotti\/Accessori_per_fontane\/Accessori_idraulici_per_fontane\/TROPPO-PIENO-A-PAVIMENTO-CON-SCARICO.jpg","type":"image\/jpeg"}],"twitter_card":"summary_large_image","twitter_misc":{"Dur\u00e9e de lecture estim\u00e9e":"1 minute"},"schema":{"@context":"https:\/\/schema.org","@graph":[{"@type":"WebPage","@id":"https:\/\/www.cascade.it\/fr\/prodotto\/trop-plein-au-sol-avec-vidange\/","url":"https:\/\/www.cascade.it\/fr\/prodotto\/trop-plein-au-sol-avec-vidange\/","name":"Trop-plein au sol avec vidange pour fontaines - Cascade","isPartOf":{"@id":"https:\/\/www.cascade.it\/fr\/#website"},"primaryImageOfPage":{"@id":"https:\/\/www.cascade.it\/fr\/prodotto\/trop-plein-au-sol-avec-vidange\/#primaryimage"},"image":{"@id":"https:\/\/www.cascade.it\/fr\/prodotto\/trop-plein-au-sol-avec-vidange\/#primaryimage"},"thumbnailUrl":"https:\/\/www.cascade.it\/new\/wp-content\/uploads\/Prodotti\/Accessori_per_fontane\/Accessori_idraulici_per_fontane\/TROPPO-PIENO-A-PAVIMENTO-CON-SCARICO.jpg","datePublished":"2019-02-20T09:08:10+00:00","dateModified":"2021-10-19T14:19:06+00:00","description":"Il emp\u00eache le d\u00e9bordement accidentel du r\u00e9servoir provoqu\u00e9 par des dysfonctionnements du syst\u00e8me de remplissage d'eau ou par un exc\u00e8s d'eau de pluie.","breadcrumb":{"@id":"https:\/\/www.cascade.it\/fr\/prodotto\/trop-plein-au-sol-avec-vidange\/#breadcrumb"},"inLanguage":"fr-FR","potentialAction":[{"@type":"ReadAction","target":["https:\/\/www.cascade.it\/fr\/prodotto\/trop-plein-au-sol-avec-vidange\/"]}]},{"@type":"ImageObject","inLanguage":"fr-FR","@id":"https:\/\/www.cascade.it\/fr\/prodotto\/trop-plein-au-sol-avec-vidange\/#primaryimage","url":"https:\/\/www.cascade.it\/new\/wp-content\/uploads\/Prodotti\/Accessori_per_fontane\/Accessori_idraulici_per_fontane\/TROPPO-PIENO-A-PAVIMENTO-CON-SCARICO.jpg","contentUrl":"https:\/\/www.cascade.it\/new\/wp-content\/uploads\/Prodotti\/Accessori_per_fontane\/Accessori_idraulici_per_fontane\/TROPPO-PIENO-A-PAVIMENTO-CON-SCARICO.jpg","width":1300,"height":1300},{"@type":"BreadcrumbList","@id":"https:\/\/www.cascade.it\/fr\/prodotto\/trop-plein-au-sol-avec-vidange\/#breadcrumb","itemListElement":[{"@type":"ListItem","position":1,"name":"Home","item":"https:\/\/www.cascade.it\/fr\/"},{"@type":"ListItem","position":2,"name":"Boutique","item":"https:\/\/www.cascade.it\/fr\/boutique\/"},{"@type":"ListItem","position":3,"name":"Trop-plein au sol avec vidange"}]},{"@type":"WebSite","@id":"https:\/\/www.cascade.it\/fr\/#website","url":"https:\/\/www.cascade.it\/fr\/","name":"Cascade","description":"More than a fountain","potentialAction":[{"@type":"SearchAction","target":{"@type":"EntryPoint","urlTemplate":"https:\/\/www.cascade.it\/fr\/?s={search_term_string}"},"query-input":{"@type":"PropertyValueSpecification","valueRequired":true,"valueName":"search_term_string"}}],"inLanguage":"fr-FR"}]}},"_links":{"self":[{"href":"https:\/\/www.cascade.it\/fr\/wp-json\/wp\/v2\/product\/2637","targetHints":{"allow":["GET"]}}],"collection":[{"href":"https:\/\/www.cascade.it\/fr\/wp-json\/wp\/v2\/product"}],"about":[{"href":"https:\/\/www.cascade.it\/fr\/wp-json\/wp\/v2\/types\/product"}],"wp:featuredmedia":[{"embeddable":true,"href":"https:\/\/www.cascade.it\/fr\/wp-json\/wp\/v2\/media\/2638"}],"wp:attachment":[{"href":"https:\/\/www.cascade.it\/fr\/wp-json\/wp\/v2\/media?parent=2637"}],"wp:term":[{"taxonomy":"product_brand","embeddable":true,"href":"https:\/\/www.cascade.it\/fr\/wp-json\/wp\/v2\/product_brand?post=2637"},{"taxonomy":"product_cat","embeddable":true,"href":"https:\/\/www.cascade.it\/fr\/wp-json\/wp\/v2\/product_cat?post=2637"},{"taxonomy":"product_tag","embeddable":true,"href":"https:\/\/www.cascade.it\/fr\/wp-json\/wp\/v2\/product_tag?post=2637"}],"curies":[{"name":"wp","href":"https:\/\/api.w.org\/{rel}","templated":true}]}}