{"id":2632,"date":"2019-02-20T10:06:07","date_gmt":"2019-02-20T09:06:07","guid":{"rendered":"https:\/\/www.cascade.it\/new\/prodotto\/troppo-pieno-a-pavimento-con-controllo-di-livello\/"},"modified":"2021-10-19T16:23:26","modified_gmt":"2021-10-19T14:23:26","slug":"trop-plein-au-sol-avec-controle-de-niveau","status":"publish","type":"product","link":"https:\/\/www.cascade.it\/fr\/prodotto\/trop-plein-au-sol-avec-controle-de-niveau\/","title":{"rendered":"Trop-plein au sol avec Contr\u00f4le de niveau"},"content":{"rendered":"<p>[vc_row][vc_column][vc_empty_space height=\u00a0\u00bb50&Prime; height_mobile=\u00a0\u00bb150&Prime;][vc_column_text spacing_heading=\u00a0\u00bb\u00a0\u00bb spacing_heading_tab=\u00a0\u00bb\u00a0\u00bb spacing_heading_mobile=\u00a0\u00bb\u00a0\u00bb]<div class=\"carousel-slider-outer carousel-slider-outer-image-carousel carousel-slider-outer-1257\" style=\"--carousel-slider-nav-color:#f1f1f1;--carousel-slider-active-nav-color:#00d1b2;--carousel-slider-arrow-size:48px;--carousel-slider-bullet-size:10px\">\n<div id=\"&#039;id-1257\" class=\"carousel-slider carousel-slider-1257 arrows-visibility-hover dots-visibility-never arrows-outside dots-center dots-square owl-carousel\" data-slide-type=\"image-carousel\" data-owl-settings='{\"nav\":true,\"dots\":false,\"slideBy\":1,\"stagePadding\":0,\"margin\":10,\"loop\":true,\"lazyLoad\":true,\"autoplay\":true,\"autoplayTimeout\":5000,\"autoplaySpeed\":500,\"autoplayHoverPause\":true,\"autoWidth\":false,\"responsive\":{\"300\":{\"items\":1},\"576\":{\"items\":2},\"768\":{\"items\":2},\"1024\":{\"items\":2},\"1280\":{\"items\":2},\"1536\":{\"items\":2}}}'>\n<div class=\"carousel-slider__item\">\n\t<img class=\"owl-lazy\" data-src=\"https:\/\/www.cascade.it\/new\/wp-content\/uploads\/2019\/07\/Troppo-pieno-a-pavimento-con-controllo-di-livello-2.jpg\" alt=\"\"><\/a><\/div>\n\n<div class=\"carousel-slider__item\">\n\t<img class=\"owl-lazy\" data-src=\"https:\/\/www.cascade.it\/new\/wp-content\/uploads\/2019\/07\/Troppo-pieno-a-pavimento-con-controllo-di-livello-1.jpg\" alt=\"\"><\/a><\/div>\n\n<\/div><!-- .carousel-slider-1257 -->\n<\/div><!-- .carousel-slider-outer-1257 -->\n<\/p>\n<h1><span style=\"color: #1e73be;\">Trop-plein au sol avec Contr\u00f4le de niveau<\/span><\/h1>\n<p>Le <strong>Trop-plein au sol avec Contr\u00f4le de niveau<\/strong>, en <strong>acier inoxydable<\/strong> et en <strong>laiton<\/strong>, est un <strong>syst\u00e8me combin\u00e9<\/strong> qui inclut le <strong>Contr\u00f4le de niveau<\/strong> et le <strong>Trop-plein au sol<\/strong> en une seule solution.<\/p>\n<p>Dans la fonction de trop-plein, il \u00e9vite un <strong>d\u00e9bordement accidentel de la vasque<\/strong> caus\u00e9 par d&rsquo;\u00e9ventuels dysfonctionnements du syst\u00e8me de remplissage d&rsquo;eau ou par un exc\u00e8s d&rsquo;eau de pluie. Il est particuli\u00e8rement utile pour les ajutages qui ont besoin <strong>d&rsquo;un niveau maximum d&rsquo;eau<\/strong> dans le r\u00e9servoir pour un fonctionnement correct.<\/p>\n<p>Dans la fonction contr\u00f4le de niveau, gr\u00e2ce aux <strong>3-4 capteurs<\/strong> c\u00e2bl\u00e9s avec 10 m de c\u00e2ble H07RNF 3-4&#215;1,5 mm<sup>2<\/sup> et <strong>rail coulissant<\/strong> pour leur r\u00e9glage, il permet de garantir le <strong>niveau minimum<\/strong> d&rsquo;eau dans le r\u00e9servoir. Possibilit\u00e9 d&rsquo;int\u00e9gration pour <strong>l&rsquo;insertion du quatri\u00e8me capteur<\/strong> s&rsquo;il est n\u00e9cessaire, en plus de la r\u00e9int\u00e9gration, \u00e9galement le <strong>blocage de la pompe<\/strong> pour \u00e9viter le fonctionnement \u00e0 sec.<\/p>\n<p>Particuli\u00e8rement utile lorsqu&rsquo;il n&rsquo;est pas possible d&rsquo;intervenir sur les parois de la vasque et d&rsquo;utiliser un <span style=\"text-decoration: underline;\"><a href=\"https:\/\/www.cascade.it\/fr\/prodotto\/trop-plein-encastrable\/\"><strong>Trop-plein encastrable<\/strong><\/a><\/span>.<\/p>\n<p>\u00c0 utiliser avec les articles <strong><a href=\"https:\/\/www.cascade.it\/fr\/prodotto\/centralina-di-livello-3-4-sensori\/\"><span style=\"text-decoration: underline;\">CLQ<\/span><\/a><\/strong> (<strong>Unit\u00e9 de contr\u00f4le de niveau \u00e0 3-4 capteurs<\/strong>) ou <a href=\"https:\/\/www.cascade.it\/fr\/prodotto\/gruppo-centralina-di-livello-a-3-4-sensori\/\"><strong><span style=\"text-decoration: underline;\">GCL<\/span> <\/strong><\/a>(<strong>Group de contr\u00f4le de niveau \u00e0 3-4 capteurs<\/strong>).<\/p>\n<p>Hauteur standard 50 cm, diff\u00e9rentes hauteurs sur demande.<\/p>\n<p>&nbsp;<\/p>\n<h3>Donn\u00e9es techniques<\/h3>\n<div style=\"overflow-x: auto;\">\n<table width=\"88%\">\n<tbody>\n<tr>\n<td width=\"14%\"><strong>\u00a0<\/strong><\/td>\n<td class=\"thHorz\" width=\"42%\">Trop-plein au sol avec Contr\u00f4le de niveau \u00e0 3 capteurs<\/td>\n<td class=\"thHorz\" width=\"42%\">Trop-plein au sol avec Contr\u00f4le de niveau \u00e0 4 capteurs<\/td>\n<\/tr>\n<tr>\n<td class=\"thVert\" width=\"14%\">Code<\/td>\n<td width=\"42%\">TPPCL<\/td>\n<td width=\"42%\">TPPCL4<\/td>\n<\/tr>\n<tr>\n<td class=\"thVert\" width=\"14%\">Capteurs<\/td>\n<td width=\"42%\">3<\/td>\n<td width=\"42%\">4<\/td>\n<\/tr>\n<tr>\n<td class=\"thVert\" width=\"14%\">Connexion<\/td>\n<td width=\"42%\">2 1\/2\u201d M<\/td>\n<td width=\"42%\">2 1\/2\u201d M<\/td>\n<\/tr>\n<tr>\n<td class=\"thVert\" width=\"14%\">Hauteur standard<\/td>\n<td width=\"42%\">50 cm<\/td>\n<td width=\"42%\">50 cm<\/td>\n<\/tr>\n<tr>\n<td class=\"thVert\" width=\"14%\">Niveau d&rsquo;eau standard<\/td>\n<td width=\"42%\">40 cm<\/td>\n<td width=\"42%\">40 cm<\/td>\n<\/tr>\n<tr>\n<td class=\"thVert\" width=\"14%\">Mat\u00e9riel<\/td>\n<td width=\"42%\">Laiton et acier inox<\/td>\n<td width=\"42%\">Laiton et acier inox<\/td>\n<\/tr>\n<\/tbody>\n<\/table>\n<\/div>\n<p>&nbsp;<\/p>\n<h3>Downloads<\/h3>\n<div class=\"divide-line text-left\"><\/div>\n<div>\n<div style=\"float: left; padding: 5px; text-align: center; width: 150px;\"><a href=\"https:\/\/www.cascade.it\/new\/wp-content\/uploads\/2021\/10\/CASCADE-Trop-plein-au-sol-avec-Controle-de-niveau-FR.pdf\" target=\"_blank\" rel=\"noopener\"><img loading=\"lazy\" decoding=\"async\" class=\"alignnone wp-image-783\" src=\"https:\/\/www.cascade.it\/new\/wp-content\/uploads\/2019\/02\/pdf-icon-png-7.jpg\" alt=\"\" width=\"91\" height=\"91\" srcset=\"https:\/\/www.cascade.it\/new\/wp-content\/uploads\/2019\/02\/pdf-icon-png-7.jpg 254w, https:\/\/www.cascade.it\/new\/wp-content\/uploads\/2019\/02\/pdf-icon-png-7-150x150.jpg 150w, https:\/\/www.cascade.it\/new\/wp-content\/uploads\/2019\/02\/pdf-icon-png-7-100x100.jpg 100w\" sizes=\"auto, (max-width: 91px) 100vw, 91px\" \/><\/a><br \/>\nFiche technique<\/div>\n<\/div>\n","protected":false},"excerpt":{"rendered":"<p>[vc_row][vc_column][vc_empty_space height=\u00a0\u00bb50&Prime; height_mobile=\u00a0\u00bb150&Prime;][vc_column_text spacing_heading=\u00a0\u00bb\u00a0\u00bb spacing_heading_tab=\u00a0\u00bb\u00a0\u00bb spacing_heading_mobile=\u00a0\u00bb\u00a0\u00bb] Trop-plein au sol avec Contr\u00f4le de niveau Le Trop-plein au sol avec Contr\u00f4le de niveau, en acier inoxydable et en laiton, est un syst\u00e8me combin\u00e9 qui inclut le Contr\u00f4le de niveau et le Trop-plein au sol en une seule solution. Dans la fonction de trop-plein, il \u00e9vite un d\u00e9bordement [&hellip;]<\/p>\n","protected":false},"featured_media":2633,"template":"","meta":[],"product_brand":[],"product_cat":[287,289],"product_tag":[],"class_list":{"0":"post-2632","1":"product","2":"type-product","3":"status-publish","4":"has-post-thumbnail","6":"product_cat-accessoires-hydrauliques-fontaines","7":"product_cat-systemes-de-controle-niveau-eau","9":"first","10":"instock","11":"shipping-taxable","12":"product-type-simple"},"yoast_head":"<!-- This site is optimized with the Yoast SEO plugin v26.7 - https:\/\/yoast.com\/wordpress\/plugins\/seo\/ -->\n<title>Trop-plein au sol avec Contr\u00f4le de niveau pour fontaines - Cascade<\/title>\n<meta name=\"description\" content=\"Le Trop-plein au sol avec Contr\u00f4le de niveau est un syst\u00e8me combin\u00e9 qui inclut le Contr\u00f4le de niveau et le Trop-plein au sol en une seule solution.\" \/>\n<meta name=\"robots\" content=\"index, follow, max-snippet:-1, max-image-preview:large, max-video-preview:-1\" \/>\n<link rel=\"canonical\" href=\"https:\/\/www.cascade.it\/fr\/prodotto\/trop-plein-au-sol-avec-controle-de-niveau\/\" \/>\n<meta property=\"og:locale\" content=\"fr_FR\" \/>\n<meta property=\"og:type\" content=\"article\" \/>\n<meta property=\"og:title\" content=\"Trop-plein au sol avec Contr\u00f4le de niveau pour fontaines - Cascade\" \/>\n<meta property=\"og:description\" content=\"Le Trop-plein au sol avec Contr\u00f4le de niveau est un syst\u00e8me combin\u00e9 qui inclut le Contr\u00f4le de niveau et le Trop-plein au sol en une seule solution.\" \/>\n<meta property=\"og:url\" content=\"https:\/\/www.cascade.it\/fr\/prodotto\/trop-plein-au-sol-avec-controle-de-niveau\/\" \/>\n<meta property=\"og:site_name\" content=\"Cascade\" \/>\n<meta property=\"article:modified_time\" content=\"2021-10-19T14:23:26+00:00\" \/>\n<meta property=\"og:image\" content=\"https:\/\/www.cascade.it\/new\/wp-content\/uploads\/Prodotti\/Accessori_per_fontane\/Accessori_idraulici_per_fontane\/TROPPO-PIENO-A-PAVIMENTO-CON-CONTROLLO-DI-LIVELLO.jpg\" \/>\n\t<meta property=\"og:image:width\" content=\"1300\" \/>\n\t<meta property=\"og:image:height\" content=\"1300\" \/>\n\t<meta property=\"og:image:type\" content=\"image\/jpeg\" \/>\n<meta name=\"twitter:card\" content=\"summary_large_image\" \/>\n<meta name=\"twitter:label1\" content=\"Dur\u00e9e de lecture estim\u00e9e\" \/>\n\t<meta name=\"twitter:data1\" content=\"2 minutes\" \/>\n<!-- \/ Yoast SEO plugin. -->","yoast_head_json":{"title":"Trop-plein au sol avec Contr\u00f4le de niveau pour fontaines - Cascade","description":"Le Trop-plein au sol avec Contr\u00f4le de niveau est un syst\u00e8me combin\u00e9 qui inclut le Contr\u00f4le de niveau et le Trop-plein au sol en une seule solution.","robots":{"index":"index","follow":"follow","max-snippet":"max-snippet:-1","max-image-preview":"max-image-preview:large","max-video-preview":"max-video-preview:-1"},"canonical":"https:\/\/www.cascade.it\/fr\/prodotto\/trop-plein-au-sol-avec-controle-de-niveau\/","og_locale":"fr_FR","og_type":"article","og_title":"Trop-plein au sol avec Contr\u00f4le de niveau pour fontaines - Cascade","og_description":"Le Trop-plein au sol avec Contr\u00f4le de niveau est un syst\u00e8me combin\u00e9 qui inclut le Contr\u00f4le de niveau et le Trop-plein au sol en une seule solution.","og_url":"https:\/\/www.cascade.it\/fr\/prodotto\/trop-plein-au-sol-avec-controle-de-niveau\/","og_site_name":"Cascade","article_modified_time":"2021-10-19T14:23:26+00:00","og_image":[{"width":1300,"height":1300,"url":"https:\/\/www.cascade.it\/new\/wp-content\/uploads\/Prodotti\/Accessori_per_fontane\/Accessori_idraulici_per_fontane\/TROPPO-PIENO-A-PAVIMENTO-CON-CONTROLLO-DI-LIVELLO.jpg","type":"image\/jpeg"}],"twitter_card":"summary_large_image","twitter_misc":{"Dur\u00e9e de lecture estim\u00e9e":"2 minutes"},"schema":{"@context":"https:\/\/schema.org","@graph":[{"@type":"WebPage","@id":"https:\/\/www.cascade.it\/fr\/prodotto\/trop-plein-au-sol-avec-controle-de-niveau\/","url":"https:\/\/www.cascade.it\/fr\/prodotto\/trop-plein-au-sol-avec-controle-de-niveau\/","name":"Trop-plein au sol avec Contr\u00f4le de niveau pour fontaines - Cascade","isPartOf":{"@id":"https:\/\/www.cascade.it\/fr\/#website"},"primaryImageOfPage":{"@id":"https:\/\/www.cascade.it\/fr\/prodotto\/trop-plein-au-sol-avec-controle-de-niveau\/#primaryimage"},"image":{"@id":"https:\/\/www.cascade.it\/fr\/prodotto\/trop-plein-au-sol-avec-controle-de-niveau\/#primaryimage"},"thumbnailUrl":"https:\/\/www.cascade.it\/new\/wp-content\/uploads\/Prodotti\/Accessori_per_fontane\/Accessori_idraulici_per_fontane\/TROPPO-PIENO-A-PAVIMENTO-CON-CONTROLLO-DI-LIVELLO.jpg","datePublished":"2019-02-20T09:06:07+00:00","dateModified":"2021-10-19T14:23:26+00:00","description":"Le Trop-plein au sol avec Contr\u00f4le de niveau est un syst\u00e8me combin\u00e9 qui inclut le Contr\u00f4le de niveau et le Trop-plein au sol en une seule solution.","breadcrumb":{"@id":"https:\/\/www.cascade.it\/fr\/prodotto\/trop-plein-au-sol-avec-controle-de-niveau\/#breadcrumb"},"inLanguage":"fr-FR","potentialAction":[{"@type":"ReadAction","target":["https:\/\/www.cascade.it\/fr\/prodotto\/trop-plein-au-sol-avec-controle-de-niveau\/"]}]},{"@type":"ImageObject","inLanguage":"fr-FR","@id":"https:\/\/www.cascade.it\/fr\/prodotto\/trop-plein-au-sol-avec-controle-de-niveau\/#primaryimage","url":"https:\/\/www.cascade.it\/new\/wp-content\/uploads\/Prodotti\/Accessori_per_fontane\/Accessori_idraulici_per_fontane\/TROPPO-PIENO-A-PAVIMENTO-CON-CONTROLLO-DI-LIVELLO.jpg","contentUrl":"https:\/\/www.cascade.it\/new\/wp-content\/uploads\/Prodotti\/Accessori_per_fontane\/Accessori_idraulici_per_fontane\/TROPPO-PIENO-A-PAVIMENTO-CON-CONTROLLO-DI-LIVELLO.jpg","width":1300,"height":1300},{"@type":"BreadcrumbList","@id":"https:\/\/www.cascade.it\/fr\/prodotto\/trop-plein-au-sol-avec-controle-de-niveau\/#breadcrumb","itemListElement":[{"@type":"ListItem","position":1,"name":"Home","item":"https:\/\/www.cascade.it\/fr\/"},{"@type":"ListItem","position":2,"name":"Boutique","item":"https:\/\/www.cascade.it\/fr\/boutique\/"},{"@type":"ListItem","position":3,"name":"Trop-plein au sol avec Contr\u00f4le de niveau"}]},{"@type":"WebSite","@id":"https:\/\/www.cascade.it\/fr\/#website","url":"https:\/\/www.cascade.it\/fr\/","name":"Cascade","description":"More than a fountain","potentialAction":[{"@type":"SearchAction","target":{"@type":"EntryPoint","urlTemplate":"https:\/\/www.cascade.it\/fr\/?s={search_term_string}"},"query-input":{"@type":"PropertyValueSpecification","valueRequired":true,"valueName":"search_term_string"}}],"inLanguage":"fr-FR"}]}},"_links":{"self":[{"href":"https:\/\/www.cascade.it\/fr\/wp-json\/wp\/v2\/product\/2632","targetHints":{"allow":["GET"]}}],"collection":[{"href":"https:\/\/www.cascade.it\/fr\/wp-json\/wp\/v2\/product"}],"about":[{"href":"https:\/\/www.cascade.it\/fr\/wp-json\/wp\/v2\/types\/product"}],"wp:featuredmedia":[{"embeddable":true,"href":"https:\/\/www.cascade.it\/fr\/wp-json\/wp\/v2\/media\/2633"}],"wp:attachment":[{"href":"https:\/\/www.cascade.it\/fr\/wp-json\/wp\/v2\/media?parent=2632"}],"wp:term":[{"taxonomy":"product_brand","embeddable":true,"href":"https:\/\/www.cascade.it\/fr\/wp-json\/wp\/v2\/product_brand?post=2632"},{"taxonomy":"product_cat","embeddable":true,"href":"https:\/\/www.cascade.it\/fr\/wp-json\/wp\/v2\/product_cat?post=2632"},{"taxonomy":"product_tag","embeddable":true,"href":"https:\/\/www.cascade.it\/fr\/wp-json\/wp\/v2\/product_tag?post=2632"}],"curies":[{"name":"wp","href":"https:\/\/api.w.org\/{rel}","templated":true}]}}