{"id":2623,"date":"2019-02-20T10:04:30","date_gmt":"2019-02-20T09:04:30","guid":{"rendered":"https:\/\/www.cascade.it\/new\/prodotto\/troppo-pieno-a-pavimento\/"},"modified":"2021-10-19T16:27:24","modified_gmt":"2021-10-19T14:27:24","slug":"trop-plein-au-sol","status":"publish","type":"product","link":"https:\/\/www.cascade.it\/fr\/prodotto\/trop-plein-au-sol\/","title":{"rendered":"Trop-plein au sol"},"content":{"rendered":"<p>[vc_row][vc_column][vc_empty_space height=\u00a0\u00bb50&Prime; height_mobile=\u00a0\u00bb100&Prime;][vc_column_text spacing_heading=\u00a0\u00bb\u00a0\u00bb spacing_heading_tab=\u00a0\u00bb\u00a0\u00bb spacing_heading_mobile=\u00a0\u00bb\u00a0\u00bb]<\/p>\n<div class=\"carousel-slider-outer carousel-slider-outer-image-carousel carousel-slider-outer-2625\" style=\"--carousel-slider-nav-color:#f1f1f1;--carousel-slider-active-nav-color:#00d1b2;--carousel-slider-arrow-size:48px;--carousel-slider-bullet-size:10px\">\n<div id=\"&#039;id-2625\" class=\"carousel-slider carousel-slider-2625 arrows-visibility-hover dots-visibility-never arrows-outside dots-center dots-square owl-carousel\" data-slide-type=\"image-carousel\" data-owl-settings='{\"nav\":true,\"dots\":false,\"slideBy\":1,\"stagePadding\":0,\"margin\":10,\"loop\":true,\"lazyLoad\":true,\"autoplay\":true,\"autoplayTimeout\":5000,\"autoplaySpeed\":500,\"autoplayHoverPause\":true,\"autoWidth\":false,\"responsive\":{\"300\":{\"items\":1},\"576\":{\"items\":2},\"768\":{\"items\":2},\"1024\":{\"items\":2},\"1280\":{\"items\":2},\"1536\":{\"items\":2}}}'>\n<div class=\"carousel-slider__item\">\n\t<img class=\"owl-lazy\" data-src=\"https:\/\/www.cascade.it\/new\/wp-content\/uploads\/2019\/09\/Troppo-pieno-a-pavimento.jpg\" alt=\"\"><\/a><\/div>\n\n<div class=\"carousel-slider__item\">\n\t<img class=\"owl-lazy\" data-src=\"https:\/\/www.cascade.it\/new\/wp-content\/uploads\/2019\/07\/Troppo-pieno-a-pavimento-con-controllo-di-livello-1.jpg\" alt=\"\"><\/a><\/div>\n\n<\/div><!-- .carousel-slider-2625 -->\n<\/div><!-- .carousel-slider-outer-2625 -->\n\n<p>&nbsp;<\/p>\n<h1><span style=\"color: #1e73be;\">Trop-plein au sol pour fontaines<\/span><\/h1>\n<p>Le <strong>Trop-plein au sol<\/strong>, en <strong>acier inoxydable<\/strong> et <strong>laiton<\/strong>, emp\u00eache tout <strong>d\u00e9bordement accidentel du r\u00e9servoir<\/strong> caus\u00e9 par d&rsquo;\u00e9ventuels dysfonctionnements du syst\u00e8me de remplissage d&rsquo;eau ou par un exc\u00e8s d&rsquo;eau de pluie.<\/p>\n<p>Il est particuli\u00e8rement utile pour les ajutages qui ont besoin d&rsquo;un <strong>niveau maximum d&rsquo;eau<\/strong> dans le r\u00e9servoir pour un fonctionnement correct.<\/p>\n<p>Particuli\u00e8rement utile lorsqu&rsquo;il n&rsquo;est pas possible d&rsquo;intervenir sur les parois de la vasque et d&rsquo;utiliser un <span style=\"text-decoration: underline;\"><a href=\"https:\/\/www.cascade.it\/fr\/prodotto\/trop-plein-encastrable\/\"><strong>Trop-plein encastrable<\/strong><\/a><\/span>.<\/p>\n<p>Hauteur standard 50 cm. Diff\u00e9rentes hauteurs sur demande.<\/p>\n<p>Il est recommand\u00e9 d&rsquo;utiliser une bride de r\u00e9glage de 2 \u00bd\u00a0\u00bb (voir <span style=\"text-decoration: underline;\"><a href=\"https:\/\/www.cascade.it\/fr\/prodotto\/bride-reglage\/\"><strong>Bride de r\u00e9glage<\/strong><\/a><\/span>).<\/p>\n<p>&nbsp;<\/p>\n<h3>Donn\u00e9es techniques<\/h3>\n<div style=\"overflow-x: auto;\">\n<table width=\"87%\">\n<tbody>\n<tr>\n<td width=\"14%\"><strong>\u00a0<\/strong><\/td>\n<td class=\"thHorz\" width=\"85%\">Trop-plein au sol<\/td>\n<\/tr>\n<tr>\n<td class=\"thVert\" width=\"14%\">Code<\/td>\n<td width=\"85%\">TPP300<\/td>\n<\/tr>\n<tr>\n<td class=\"thVert\" width=\"14%\">Connexion<\/td>\n<td width=\"85%\">2 1\/2\u201d M<\/td>\n<\/tr>\n<tr>\n<td class=\"thVert\" width=\"14%\">Hauteur standard<\/td>\n<td width=\"85%\">50 cm<\/td>\n<\/tr>\n<tr>\n<td class=\"thVert\" width=\"14%\">Niveau d&rsquo;eau standard<\/td>\n<td width=\"85%\">40 cm<\/td>\n<\/tr>\n<tr>\n<td class=\"thVert\" width=\"14%\">Mat\u00e9riel<\/td>\n<td width=\"85%\">Acier inox et laiton<\/td>\n<\/tr>\n<\/tbody>\n<\/table>\n<\/div>\n<p>&nbsp;<\/p>\n<h3>Downloads<\/h3>\n<div class=\"divide-line text-left\"><\/div>\n<div>\n<div style=\"float: left; padding: 5px; text-align: center; width: 150px;\"><a href=\"https:\/\/www.cascade.it\/new\/wp-content\/uploads\/2021\/10\/CASCADE-Trop-plein-au-sol-FR.pdf\" target=\"_blank\" rel=\"noopener\"><img loading=\"lazy\" decoding=\"async\" class=\"alignnone wp-image-783\" src=\"https:\/\/www.cascade.it\/new\/wp-content\/uploads\/2019\/02\/pdf-icon-png-7.jpg\" alt=\"\" width=\"91\" height=\"91\" srcset=\"https:\/\/www.cascade.it\/new\/wp-content\/uploads\/2019\/02\/pdf-icon-png-7.jpg 254w, https:\/\/www.cascade.it\/new\/wp-content\/uploads\/2019\/02\/pdf-icon-png-7-150x150.jpg 150w, https:\/\/www.cascade.it\/new\/wp-content\/uploads\/2019\/02\/pdf-icon-png-7-100x100.jpg 100w\" sizes=\"auto, (max-width: 91px) 100vw, 91px\" \/><\/a><br \/>\nFiche technique<\/div>\n<\/div>\n","protected":false},"excerpt":{"rendered":"<p>[vc_row][vc_column][vc_empty_space height=\u00a0\u00bb50&Prime; height_mobile=\u00a0\u00bb100&Prime;][vc_column_text spacing_heading=\u00a0\u00bb\u00a0\u00bb spacing_heading_tab=\u00a0\u00bb\u00a0\u00bb spacing_heading_mobile=\u00a0\u00bb\u00a0\u00bb] &nbsp; Trop-plein au sol pour fontaines Le Trop-plein au sol, en acier inoxydable et laiton, emp\u00eache tout d\u00e9bordement accidentel du r\u00e9servoir caus\u00e9 par d&rsquo;\u00e9ventuels dysfonctionnements du syst\u00e8me de remplissage d&rsquo;eau ou par un exc\u00e8s d&rsquo;eau de pluie. Il est particuli\u00e8rement utile pour les ajutages qui ont besoin d&rsquo;un niveau [&hellip;]<\/p>\n","protected":false},"featured_media":2624,"template":"","meta":[],"product_brand":[],"product_cat":[287],"product_tag":[],"class_list":{"0":"post-2623","1":"product","2":"type-product","3":"status-publish","4":"has-post-thumbnail","6":"product_cat-accessoires-hydrauliques-fontaines","8":"first","9":"instock","10":"shipping-taxable","11":"product-type-simple"},"yoast_head":"<!-- This site is optimized with the Yoast SEO plugin v26.7 - https:\/\/yoast.com\/wordpress\/plugins\/seo\/ -->\n<title>Trop-plein au sol pour fontaines - Cascade<\/title>\n<meta name=\"description\" content=\"Le Trop-plein au sol, en acier inoxydable et laiton, emp\u00eache tout d\u00e9bordement accidentel du r\u00e9servoir de la fontaine.\" \/>\n<meta name=\"robots\" content=\"index, follow, max-snippet:-1, max-image-preview:large, max-video-preview:-1\" \/>\n<link rel=\"canonical\" href=\"https:\/\/www.cascade.it\/fr\/prodotto\/trop-plein-au-sol\/\" \/>\n<meta property=\"og:locale\" content=\"fr_FR\" \/>\n<meta property=\"og:type\" content=\"article\" \/>\n<meta property=\"og:title\" content=\"Trop-plein au sol pour fontaines - Cascade\" \/>\n<meta property=\"og:description\" content=\"Le Trop-plein au sol, en acier inoxydable et laiton, emp\u00eache tout d\u00e9bordement accidentel du r\u00e9servoir de la fontaine.\" \/>\n<meta property=\"og:url\" content=\"https:\/\/www.cascade.it\/fr\/prodotto\/trop-plein-au-sol\/\" \/>\n<meta property=\"og:site_name\" content=\"Cascade\" \/>\n<meta property=\"article:modified_time\" content=\"2021-10-19T14:27:24+00:00\" \/>\n<meta property=\"og:image\" content=\"https:\/\/www.cascade.it\/new\/wp-content\/uploads\/Prodotti\/Accessori_per_fontane\/Accessori_idraulici_per_fontane\/TROPPO-PIENO-A-PAVIMENTO.jpg\" \/>\n\t<meta property=\"og:image:width\" content=\"1300\" \/>\n\t<meta property=\"og:image:height\" content=\"1300\" \/>\n\t<meta property=\"og:image:type\" content=\"image\/jpeg\" \/>\n<meta name=\"twitter:card\" content=\"summary_large_image\" \/>\n<meta name=\"twitter:label1\" content=\"Dur\u00e9e de lecture estim\u00e9e\" \/>\n\t<meta name=\"twitter:data1\" content=\"1 minute\" \/>\n<!-- \/ Yoast SEO plugin. -->","yoast_head_json":{"title":"Trop-plein au sol pour fontaines - Cascade","description":"Le Trop-plein au sol, en acier inoxydable et laiton, emp\u00eache tout d\u00e9bordement accidentel du r\u00e9servoir de la fontaine.","robots":{"index":"index","follow":"follow","max-snippet":"max-snippet:-1","max-image-preview":"max-image-preview:large","max-video-preview":"max-video-preview:-1"},"canonical":"https:\/\/www.cascade.it\/fr\/prodotto\/trop-plein-au-sol\/","og_locale":"fr_FR","og_type":"article","og_title":"Trop-plein au sol pour fontaines - Cascade","og_description":"Le Trop-plein au sol, en acier inoxydable et laiton, emp\u00eache tout d\u00e9bordement accidentel du r\u00e9servoir de la fontaine.","og_url":"https:\/\/www.cascade.it\/fr\/prodotto\/trop-plein-au-sol\/","og_site_name":"Cascade","article_modified_time":"2021-10-19T14:27:24+00:00","og_image":[{"width":1300,"height":1300,"url":"https:\/\/www.cascade.it\/new\/wp-content\/uploads\/Prodotti\/Accessori_per_fontane\/Accessori_idraulici_per_fontane\/TROPPO-PIENO-A-PAVIMENTO.jpg","type":"image\/jpeg"}],"twitter_card":"summary_large_image","twitter_misc":{"Dur\u00e9e de lecture estim\u00e9e":"1 minute"},"schema":{"@context":"https:\/\/schema.org","@graph":[{"@type":"WebPage","@id":"https:\/\/www.cascade.it\/fr\/prodotto\/trop-plein-au-sol\/","url":"https:\/\/www.cascade.it\/fr\/prodotto\/trop-plein-au-sol\/","name":"Trop-plein au sol pour fontaines - Cascade","isPartOf":{"@id":"https:\/\/www.cascade.it\/fr\/#website"},"primaryImageOfPage":{"@id":"https:\/\/www.cascade.it\/fr\/prodotto\/trop-plein-au-sol\/#primaryimage"},"image":{"@id":"https:\/\/www.cascade.it\/fr\/prodotto\/trop-plein-au-sol\/#primaryimage"},"thumbnailUrl":"https:\/\/www.cascade.it\/new\/wp-content\/uploads\/Prodotti\/Accessori_per_fontane\/Accessori_idraulici_per_fontane\/TROPPO-PIENO-A-PAVIMENTO.jpg","datePublished":"2019-02-20T09:04:30+00:00","dateModified":"2021-10-19T14:27:24+00:00","description":"Le Trop-plein au sol, en acier inoxydable et laiton, emp\u00eache tout d\u00e9bordement accidentel du r\u00e9servoir de la fontaine.","breadcrumb":{"@id":"https:\/\/www.cascade.it\/fr\/prodotto\/trop-plein-au-sol\/#breadcrumb"},"inLanguage":"fr-FR","potentialAction":[{"@type":"ReadAction","target":["https:\/\/www.cascade.it\/fr\/prodotto\/trop-plein-au-sol\/"]}]},{"@type":"ImageObject","inLanguage":"fr-FR","@id":"https:\/\/www.cascade.it\/fr\/prodotto\/trop-plein-au-sol\/#primaryimage","url":"https:\/\/www.cascade.it\/new\/wp-content\/uploads\/Prodotti\/Accessori_per_fontane\/Accessori_idraulici_per_fontane\/TROPPO-PIENO-A-PAVIMENTO.jpg","contentUrl":"https:\/\/www.cascade.it\/new\/wp-content\/uploads\/Prodotti\/Accessori_per_fontane\/Accessori_idraulici_per_fontane\/TROPPO-PIENO-A-PAVIMENTO.jpg","width":1300,"height":1300},{"@type":"BreadcrumbList","@id":"https:\/\/www.cascade.it\/fr\/prodotto\/trop-plein-au-sol\/#breadcrumb","itemListElement":[{"@type":"ListItem","position":1,"name":"Home","item":"https:\/\/www.cascade.it\/fr\/"},{"@type":"ListItem","position":2,"name":"Boutique","item":"https:\/\/www.cascade.it\/fr\/boutique\/"},{"@type":"ListItem","position":3,"name":"Trop-plein au sol"}]},{"@type":"WebSite","@id":"https:\/\/www.cascade.it\/fr\/#website","url":"https:\/\/www.cascade.it\/fr\/","name":"Cascade","description":"More than a fountain","potentialAction":[{"@type":"SearchAction","target":{"@type":"EntryPoint","urlTemplate":"https:\/\/www.cascade.it\/fr\/?s={search_term_string}"},"query-input":{"@type":"PropertyValueSpecification","valueRequired":true,"valueName":"search_term_string"}}],"inLanguage":"fr-FR"}]}},"_links":{"self":[{"href":"https:\/\/www.cascade.it\/fr\/wp-json\/wp\/v2\/product\/2623","targetHints":{"allow":["GET"]}}],"collection":[{"href":"https:\/\/www.cascade.it\/fr\/wp-json\/wp\/v2\/product"}],"about":[{"href":"https:\/\/www.cascade.it\/fr\/wp-json\/wp\/v2\/types\/product"}],"wp:featuredmedia":[{"embeddable":true,"href":"https:\/\/www.cascade.it\/fr\/wp-json\/wp\/v2\/media\/2624"}],"wp:attachment":[{"href":"https:\/\/www.cascade.it\/fr\/wp-json\/wp\/v2\/media?parent=2623"}],"wp:term":[{"taxonomy":"product_brand","embeddable":true,"href":"https:\/\/www.cascade.it\/fr\/wp-json\/wp\/v2\/product_brand?post=2623"},{"taxonomy":"product_cat","embeddable":true,"href":"https:\/\/www.cascade.it\/fr\/wp-json\/wp\/v2\/product_cat?post=2623"},{"taxonomy":"product_tag","embeddable":true,"href":"https:\/\/www.cascade.it\/fr\/wp-json\/wp\/v2\/product_tag?post=2623"}],"curies":[{"name":"wp","href":"https:\/\/api.w.org\/{rel}","templated":true}]}}