{"id":2612,"date":"2019-02-20T10:02:04","date_gmt":"2019-02-20T09:02:04","guid":{"rendered":"https:\/\/www.cascade.it\/new\/prodotto\/terminale-di-carico\/"},"modified":"2021-10-13T11:39:15","modified_gmt":"2021-10-13T09:39:15","slug":"charge-fontaine","status":"publish","type":"product","link":"https:\/\/www.cascade.it\/fr\/prodotto\/charge-fontaine\/","title":{"rendered":"Dispositif de charge"},"content":{"rendered":"<p>[vc_row][vc_column][vc_empty_space height=\u00a0\u00bb50&Prime; height_mobile=\u00a0\u00bb100&Prime;][vc_column_text spacing_heading=\u00a0\u00bb\u00a0\u00bb spacing_heading_tab=\u00a0\u00bb\u00a0\u00bb spacing_heading_mobile=\u00a0\u00bb\u00a0\u00bb]<div class=\"carousel-slider-outer carousel-slider-outer-image-carousel carousel-slider-outer-1250\" style=\"--carousel-slider-nav-color:#f1f1f1;--carousel-slider-active-nav-color:#00d1b2;--carousel-slider-arrow-size:48px;--carousel-slider-bullet-size:10px\">\n<div id=\"&#039;id-1250\" class=\"carousel-slider carousel-slider-1250 arrows-visibility-hover dots-visibility-never arrows-outside dots-center dots-square owl-carousel\" data-slide-type=\"image-carousel\" data-owl-settings='{\"nav\":true,\"dots\":false,\"slideBy\":1,\"stagePadding\":0,\"margin\":10,\"loop\":true,\"lazyLoad\":true,\"autoplay\":true,\"autoplayTimeout\":5000,\"autoplaySpeed\":500,\"autoplayHoverPause\":true,\"autoWidth\":false,\"responsive\":{\"300\":{\"items\":1},\"576\":{\"items\":2},\"768\":{\"items\":2},\"1024\":{\"items\":3},\"1280\":{\"items\":3},\"1536\":{\"items\":3}}}'>\n<div class=\"carousel-slider__item\">\n\t<img class=\"owl-lazy\" data-src=\"https:\/\/www.cascade.it\/new\/wp-content\/uploads\/2019\/07\/Terminale-di-carico.jpg\" alt=\"\"><\/a><\/div>\n\n<div class=\"carousel-slider__item\">\n\t<img class=\"owl-lazy\" data-src=\"https:\/\/www.cascade.it\/new\/wp-content\/uploads\/2019\/07\/2-Terminale-di-carico.jpg\" alt=\"\"><\/a><\/div>\n\n<div class=\"carousel-slider__item\">\n\t<img class=\"owl-lazy\" data-src=\"https:\/\/www.cascade.it\/new\/wp-content\/uploads\/2019\/07\/1-Terminale-di-carico.jpg\" alt=\"\"><\/a><\/div>\n\n<\/div><!-- .carousel-slider-1250 -->\n<\/div><!-- .carousel-slider-outer-1250 -->\n<\/p>\n<h1><span style=\"color: #1e73be;\">Dispositif de charge pour fontaines<\/span><\/h1>\n<p>Fabriqu\u00e9 en <strong>acier inoxydable<\/strong>, le <strong>Dispositif de charge<\/strong> est adapt\u00e9 \u00e0 <strong>l&rsquo;approvisionnement <\/strong>et au <strong>remplissage<\/strong> en eau de la fontaine.<\/p>\n<p>G\u00e9n\u00e9ralement mont\u00e9 <strong>verticalement au sol<\/strong>, avec une hauteur telle \u00e0 d\u00e9passer du niveau de l&rsquo;eau pour permettre un <strong>contr\u00f4le visuel<\/strong> du remplissage de l&rsquo;eau dans le r\u00e9servoir.<\/p>\n<p>Connexion \u00e0 bride ou filet\u00e9e disponible.<\/p>\n<p>Diff\u00e9rentes hauteurs sur demande.<\/p>\n<p>&nbsp;<\/p>\n<h3>Donn\u00e9es techniques<\/h3>\n<div style=\"overflow-x: auto;\">\n<table width=\"92%\">\n<tbody>\n<tr>\n<td width=\"11%\"><strong>\u00a0<\/strong><\/td>\n<td class=\"thHorz\" colspan=\"4\" width=\"88%\">Dispositif de charge<\/td>\n<\/tr>\n<tr>\n<td class=\"thVert\" width=\"11%\">Code<\/td>\n<td width=\"20%\">TER100<\/td>\n<td width=\"22%\">TER125<\/td>\n<td width=\"22%\">TER150<\/td>\n<td width=\"22%\">TER200<\/td>\n<\/tr>\n<tr>\n<td class=\"thVert\" width=\"11%\">Connexion<\/td>\n<td width=\"20%\">1\u201d<\/td>\n<td width=\"22%\">1 1\/4\u201d<\/td>\n<td width=\"22%\">1 1\/2\u201d<\/td>\n<td width=\"22%\">2\u201d<\/td>\n<\/tr>\n<tr>\n<td class=\"thVert\" width=\"11%\">Hauteur standard<\/td>\n<td width=\"20%\">50 cm<\/td>\n<td width=\"22%\">50 cm<\/td>\n<td width=\"22%\">50 cm<\/td>\n<td width=\"22%\">50 cm<\/td>\n<\/tr>\n<tr>\n<td class=\"thVert\" width=\"11%\">Mat\u00e9riel<\/td>\n<td width=\"20%\">Acier Inox<\/td>\n<td width=\"22%\">Acier Inox<\/td>\n<td width=\"22%\">Acier Inox<\/td>\n<td width=\"22%\">Acier Inox<\/td>\n<\/tr>\n<\/tbody>\n<\/table>\n<\/div>\n<p>&nbsp;<\/p>\n<h3>Downloads<\/h3>\n<div class=\"divide-line text-left\"><\/div>\n<div>\n<div style=\"float: left; padding: 5px; text-align: center; width: 150px;\"><a href=\"https:\/\/www.cascade.it\/new\/wp-content\/uploads\/2021\/10\/CASCADE-Dispositif-de-remplissage-FR.pdf\" target=\"_blank\" rel=\"noopener\"><img loading=\"lazy\" decoding=\"async\" class=\"alignnone wp-image-783\" src=\"https:\/\/www.cascade.it\/new\/wp-content\/uploads\/2019\/02\/pdf-icon-png-7.jpg\" alt=\"\" width=\"91\" height=\"91\" srcset=\"https:\/\/www.cascade.it\/new\/wp-content\/uploads\/2019\/02\/pdf-icon-png-7.jpg 254w, https:\/\/www.cascade.it\/new\/wp-content\/uploads\/2019\/02\/pdf-icon-png-7-150x150.jpg 150w, https:\/\/www.cascade.it\/new\/wp-content\/uploads\/2019\/02\/pdf-icon-png-7-100x100.jpg 100w\" sizes=\"auto, (max-width: 91px) 100vw, 91px\" \/><\/a><br \/>\nFiche technique<\/div>\n<\/div>\n","protected":false},"excerpt":{"rendered":"<p>[vc_row][vc_column][vc_empty_space height=\u00a0\u00bb50&Prime; height_mobile=\u00a0\u00bb100&Prime;][vc_column_text spacing_heading=\u00a0\u00bb\u00a0\u00bb spacing_heading_tab=\u00a0\u00bb\u00a0\u00bb spacing_heading_mobile=\u00a0\u00bb\u00a0\u00bb] Dispositif de charge pour fontaines Fabriqu\u00e9 en acier inoxydable, le Dispositif de charge est adapt\u00e9 \u00e0 l&rsquo;approvisionnement et au remplissage en eau de la fontaine. G\u00e9n\u00e9ralement mont\u00e9 verticalement au sol, avec une hauteur telle \u00e0 d\u00e9passer du niveau de l&rsquo;eau pour permettre un contr\u00f4le visuel du remplissage de l&rsquo;eau [&hellip;]<\/p>\n","protected":false},"featured_media":2613,"template":"","meta":[],"product_brand":[],"product_cat":[287],"product_tag":[],"class_list":{"0":"post-2612","1":"product","2":"type-product","3":"status-publish","4":"has-post-thumbnail","6":"product_cat-accessoires-hydrauliques-fontaines","8":"first","9":"instock","10":"shipping-taxable","11":"product-type-simple"},"yoast_head":"<!-- This site is optimized with the Yoast SEO plugin v26.7 - https:\/\/yoast.com\/wordpress\/plugins\/seo\/ -->\n<title>Dispositif de charge pour fontaines - Cascade<\/title>\n<meta name=\"description\" content=\"Fabriqu\u00e9 en acier inoxydable, le Dispositif de charge est adapt\u00e9 \u00e0 l&#039;approvisionnement et au remplissage en eau de la fontaine.\" \/>\n<meta name=\"robots\" content=\"index, follow, max-snippet:-1, max-image-preview:large, max-video-preview:-1\" \/>\n<link rel=\"canonical\" href=\"https:\/\/www.cascade.it\/fr\/prodotto\/charge-fontaine\/\" \/>\n<meta property=\"og:locale\" content=\"fr_FR\" \/>\n<meta property=\"og:type\" content=\"article\" \/>\n<meta property=\"og:title\" content=\"Dispositif de charge pour fontaines - Cascade\" \/>\n<meta property=\"og:description\" content=\"Fabriqu\u00e9 en acier inoxydable, le Dispositif de charge est adapt\u00e9 \u00e0 l&#039;approvisionnement et au remplissage en eau de la fontaine.\" \/>\n<meta property=\"og:url\" content=\"https:\/\/www.cascade.it\/fr\/prodotto\/charge-fontaine\/\" \/>\n<meta property=\"og:site_name\" content=\"Cascade\" \/>\n<meta property=\"article:modified_time\" content=\"2021-10-13T09:39:15+00:00\" \/>\n<meta property=\"og:image\" content=\"https:\/\/www.cascade.it\/new\/wp-content\/uploads\/Prodotti\/Accessori_per_fontane\/Accessori_idraulici_per_fontane\/TERMINALE-DI-CARICO.jpg\" \/>\n\t<meta property=\"og:image:width\" content=\"1300\" \/>\n\t<meta property=\"og:image:height\" content=\"1300\" \/>\n\t<meta property=\"og:image:type\" content=\"image\/jpeg\" \/>\n<meta name=\"twitter:card\" content=\"summary_large_image\" \/>\n<meta name=\"twitter:label1\" content=\"Dur\u00e9e de lecture estim\u00e9e\" \/>\n\t<meta name=\"twitter:data1\" content=\"1 minute\" \/>\n<!-- \/ Yoast SEO plugin. -->","yoast_head_json":{"title":"Dispositif de charge pour fontaines - Cascade","description":"Fabriqu\u00e9 en acier inoxydable, le Dispositif de charge est adapt\u00e9 \u00e0 l'approvisionnement et au remplissage en eau de la fontaine.","robots":{"index":"index","follow":"follow","max-snippet":"max-snippet:-1","max-image-preview":"max-image-preview:large","max-video-preview":"max-video-preview:-1"},"canonical":"https:\/\/www.cascade.it\/fr\/prodotto\/charge-fontaine\/","og_locale":"fr_FR","og_type":"article","og_title":"Dispositif de charge pour fontaines - Cascade","og_description":"Fabriqu\u00e9 en acier inoxydable, le Dispositif de charge est adapt\u00e9 \u00e0 l'approvisionnement et au remplissage en eau de la fontaine.","og_url":"https:\/\/www.cascade.it\/fr\/prodotto\/charge-fontaine\/","og_site_name":"Cascade","article_modified_time":"2021-10-13T09:39:15+00:00","og_image":[{"width":1300,"height":1300,"url":"https:\/\/www.cascade.it\/new\/wp-content\/uploads\/Prodotti\/Accessori_per_fontane\/Accessori_idraulici_per_fontane\/TERMINALE-DI-CARICO.jpg","type":"image\/jpeg"}],"twitter_card":"summary_large_image","twitter_misc":{"Dur\u00e9e de lecture estim\u00e9e":"1 minute"},"schema":{"@context":"https:\/\/schema.org","@graph":[{"@type":"WebPage","@id":"https:\/\/www.cascade.it\/fr\/prodotto\/charge-fontaine\/","url":"https:\/\/www.cascade.it\/fr\/prodotto\/charge-fontaine\/","name":"Dispositif de charge pour fontaines - Cascade","isPartOf":{"@id":"https:\/\/www.cascade.it\/fr\/#website"},"primaryImageOfPage":{"@id":"https:\/\/www.cascade.it\/fr\/prodotto\/charge-fontaine\/#primaryimage"},"image":{"@id":"https:\/\/www.cascade.it\/fr\/prodotto\/charge-fontaine\/#primaryimage"},"thumbnailUrl":"https:\/\/www.cascade.it\/new\/wp-content\/uploads\/Prodotti\/Accessori_per_fontane\/Accessori_idraulici_per_fontane\/TERMINALE-DI-CARICO.jpg","datePublished":"2019-02-20T09:02:04+00:00","dateModified":"2021-10-13T09:39:15+00:00","description":"Fabriqu\u00e9 en acier inoxydable, le Dispositif de charge est adapt\u00e9 \u00e0 l'approvisionnement et au remplissage en eau de la fontaine.","breadcrumb":{"@id":"https:\/\/www.cascade.it\/fr\/prodotto\/charge-fontaine\/#breadcrumb"},"inLanguage":"fr-FR","potentialAction":[{"@type":"ReadAction","target":["https:\/\/www.cascade.it\/fr\/prodotto\/charge-fontaine\/"]}]},{"@type":"ImageObject","inLanguage":"fr-FR","@id":"https:\/\/www.cascade.it\/fr\/prodotto\/charge-fontaine\/#primaryimage","url":"https:\/\/www.cascade.it\/new\/wp-content\/uploads\/Prodotti\/Accessori_per_fontane\/Accessori_idraulici_per_fontane\/TERMINALE-DI-CARICO.jpg","contentUrl":"https:\/\/www.cascade.it\/new\/wp-content\/uploads\/Prodotti\/Accessori_per_fontane\/Accessori_idraulici_per_fontane\/TERMINALE-DI-CARICO.jpg","width":1300,"height":1300},{"@type":"BreadcrumbList","@id":"https:\/\/www.cascade.it\/fr\/prodotto\/charge-fontaine\/#breadcrumb","itemListElement":[{"@type":"ListItem","position":1,"name":"Home","item":"https:\/\/www.cascade.it\/fr\/"},{"@type":"ListItem","position":2,"name":"Boutique","item":"https:\/\/www.cascade.it\/fr\/boutique\/"},{"@type":"ListItem","position":3,"name":"Dispositif de charge"}]},{"@type":"WebSite","@id":"https:\/\/www.cascade.it\/fr\/#website","url":"https:\/\/www.cascade.it\/fr\/","name":"Cascade","description":"More than a fountain","potentialAction":[{"@type":"SearchAction","target":{"@type":"EntryPoint","urlTemplate":"https:\/\/www.cascade.it\/fr\/?s={search_term_string}"},"query-input":{"@type":"PropertyValueSpecification","valueRequired":true,"valueName":"search_term_string"}}],"inLanguage":"fr-FR"}]}},"_links":{"self":[{"href":"https:\/\/www.cascade.it\/fr\/wp-json\/wp\/v2\/product\/2612","targetHints":{"allow":["GET"]}}],"collection":[{"href":"https:\/\/www.cascade.it\/fr\/wp-json\/wp\/v2\/product"}],"about":[{"href":"https:\/\/www.cascade.it\/fr\/wp-json\/wp\/v2\/types\/product"}],"wp:featuredmedia":[{"embeddable":true,"href":"https:\/\/www.cascade.it\/fr\/wp-json\/wp\/v2\/media\/2613"}],"wp:attachment":[{"href":"https:\/\/www.cascade.it\/fr\/wp-json\/wp\/v2\/media?parent=2612"}],"wp:term":[{"taxonomy":"product_brand","embeddable":true,"href":"https:\/\/www.cascade.it\/fr\/wp-json\/wp\/v2\/product_brand?post=2612"},{"taxonomy":"product_cat","embeddable":true,"href":"https:\/\/www.cascade.it\/fr\/wp-json\/wp\/v2\/product_cat?post=2612"},{"taxonomy":"product_tag","embeddable":true,"href":"https:\/\/www.cascade.it\/fr\/wp-json\/wp\/v2\/product_tag?post=2612"}],"curies":[{"name":"wp","href":"https:\/\/api.w.org\/{rel}","templated":true}]}}