{"id":2607,"date":"2019-02-20T09:58:08","date_gmt":"2019-02-20T08:58:08","guid":{"rendered":"https:\/\/www.cascade.it\/new\/prodotto\/supporto-per-fontane\/"},"modified":"2021-10-13T11:32:41","modified_gmt":"2021-10-13T09:32:41","slug":"support-pour-fontaines","status":"publish","type":"product","link":"https:\/\/www.cascade.it\/fr\/prodotto\/support-pour-fontaines\/","title":{"rendered":"Support pour fontaines"},"content":{"rendered":"<p>[vc_row][vc_column][vc_empty_space height=\u00a0\u00bb50&Prime; height_mobile=\u00a0\u00bb100&Prime;][vc_column_text spacing_heading=\u00a0\u00bb\u00a0\u00bb spacing_heading_tab=\u00a0\u00bb\u00a0\u00bb spacing_heading_mobile=\u00a0\u00bb\u00a0\u00bb]<div class=\"carousel-slider-outer carousel-slider-outer-image-carousel carousel-slider-outer-1246\" style=\"--carousel-slider-nav-color:#f1f1f1;--carousel-slider-active-nav-color:#00d1b2;--carousel-slider-arrow-size:48px;--carousel-slider-bullet-size:10px\">\n<div id=\"&#039;id-1246\" class=\"carousel-slider carousel-slider-1246 arrows-visibility-hover dots-visibility-never arrows-outside dots-center dots-square owl-carousel\" data-slide-type=\"image-carousel\" data-owl-settings='{\"nav\":true,\"dots\":false,\"slideBy\":1,\"stagePadding\":0,\"margin\":10,\"loop\":true,\"lazyLoad\":true,\"autoplay\":true,\"autoplayTimeout\":5000,\"autoplaySpeed\":500,\"autoplayHoverPause\":true,\"autoWidth\":false,\"responsive\":{\"300\":{\"items\":1},\"576\":{\"items\":2},\"768\":{\"items\":2},\"1024\":{\"items\":3},\"1280\":{\"items\":3},\"1536\":{\"items\":3}}}'>\n<div class=\"carousel-slider__item\">\n\t<img class=\"owl-lazy\" data-src=\"https:\/\/www.cascade.it\/new\/wp-content\/uploads\/2019\/07\/Supporto-per-fontana.jpg\" alt=\"\"><\/a><\/div>\n\n<div class=\"carousel-slider__item\">\n\t<img class=\"owl-lazy\" data-src=\"https:\/\/www.cascade.it\/new\/wp-content\/uploads\/2019\/07\/2-Supporto-per-fontana.jpg\" alt=\"\"><\/a><\/div>\n\n<div class=\"carousel-slider__item\">\n\t<img class=\"owl-lazy\" data-src=\"https:\/\/www.cascade.it\/new\/wp-content\/uploads\/2019\/07\/1-Supporto-per-fontana.jpg\" alt=\"\"><\/a><\/div>\n\n<\/div><!-- .carousel-slider-1246 -->\n<\/div><!-- .carousel-slider-outer-1246 -->\n<\/p>\n<h1><span style=\"color: #1e73be;\">Support pour fontaines<\/span><\/h1>\n<p>En <strong>acier inoxydable<\/strong> et id\u00e9al pour les <strong>vasques existantes<\/strong>, le <strong>Support pour fontaine<\/strong> vous permet de soutenir <strong>l\u2019<a href=\"https:\/\/www.cascade.it\/fr\/produits\/ajutages-pour-fontaines\/\"><u>ajutage<\/u><\/a><\/strong> et de fournir un support pour ancrer les <a href=\"https:\/\/www.cascade.it\/fr\/produits\/eclairage-immerge-led\/projecteurs-led-mizar\/\"><strong><u>projecteurs<\/u><\/strong><\/a> et \u00e9ventuellement la <a href=\"https:\/\/www.cascade.it\/fr\/produits\/pompes-pour-fontaines\/pompes-submersibles-basse-tension\/\"><strong><u>pompe submersible<\/u><\/strong><\/a>, tout en \u00e9vitant ou en contenant des vibrations sur le tuyau de l\u2019ajutage.<\/p>\n<p>Il est <strong>\u00e9quip\u00e9 en usine<\/strong> d\u2019ajutage, d&rsquo;une pompe submersible avec un filtre en acier inoxydable et de projecteurs au choix du client et il est donc <strong>pr\u00eat \u00e0 fonctionner<\/strong> dans la vasque, sans n\u00e9cessiter d&rsquo;interventions sur la structure.<\/p>\n<p>Il peut \u00eatre pr\u00e9par\u00e9 pour une <a href=\"https:\/\/www.cascade.it\/fr\/prodotto\/pompes-de-surface-cs-cs4\/\"><strong><u>pompe de surface<\/u><\/strong><\/a>.<\/p>\n<p>Hauteurs plus \u00e9lev\u00e9es <strong>sur demande<\/strong>.<\/p>\n<p>&nbsp;<\/p>\n<h3>Donn\u00e9es techniques<\/h3>\n<div style=\"overflow-x: auto;\">\n<table width=\"91%\">\n<tbody>\n<tr>\n<td width=\"12%\"><strong>\u00a0<\/strong><\/td>\n<td class=\"thHorz\" width=\"43%\">Support 125<\/td>\n<td class=\"thHorz\" width=\"43%\">Support 200<\/td>\n<\/tr>\n<tr>\n<td class=\"thVert\" width=\"12%\">Code<\/td>\n<td width=\"43%\">SU125<\/td>\n<td width=\"43%\">SU200<\/td>\n<\/tr>\n<tr>\n<td class=\"thVert\" width=\"12%\">Connexion<\/td>\n<td width=\"43%\">1 1\/4\u201d<\/td>\n<td width=\"43%\">2\u201d<\/td>\n<\/tr>\n<tr>\n<td class=\"thVert\" width=\"12%\">Hauteur standard<\/td>\n<td width=\"43%\">32 cm<\/td>\n<td width=\"43%\">32 cm<\/td>\n<\/tr>\n<tr>\n<td class=\"thVert\" width=\"12%\">Mat\u00e9riel<\/td>\n<td width=\"43%\">Acier Inox<\/td>\n<td width=\"43%\">Acier Inox<\/td>\n<\/tr>\n<\/tbody>\n<\/table>\n<\/div>\n<p>&nbsp;<\/p>\n<h3>Downloads<\/h3>\n<div class=\"divide-line text-left\"><\/div>\n<div>\n<div style=\"float: left; padding: 5px; text-align: center; width: 150px;\"><a href=\"https:\/\/www.cascade.it\/new\/wp-content\/uploads\/2021\/10\/CASCADE-Support-pour-fontaines-FR.pdf\" target=\"_blank\" rel=\"noopener\"><img loading=\"lazy\" decoding=\"async\" class=\"alignnone wp-image-783\" src=\"https:\/\/www.cascade.it\/new\/wp-content\/uploads\/2019\/02\/pdf-icon-png-7.jpg\" alt=\"\" width=\"91\" height=\"91\" srcset=\"https:\/\/www.cascade.it\/new\/wp-content\/uploads\/2019\/02\/pdf-icon-png-7.jpg 254w, https:\/\/www.cascade.it\/new\/wp-content\/uploads\/2019\/02\/pdf-icon-png-7-150x150.jpg 150w, https:\/\/www.cascade.it\/new\/wp-content\/uploads\/2019\/02\/pdf-icon-png-7-100x100.jpg 100w\" sizes=\"auto, (max-width: 91px) 100vw, 91px\" \/><\/a><br \/>\nFiche technique<\/div>\n<\/div>\n","protected":false},"excerpt":{"rendered":"<p>[vc_row][vc_column][vc_empty_space height=\u00a0\u00bb50&Prime; height_mobile=\u00a0\u00bb100&Prime;][vc_column_text spacing_heading=\u00a0\u00bb\u00a0\u00bb spacing_heading_tab=\u00a0\u00bb\u00a0\u00bb spacing_heading_mobile=\u00a0\u00bb\u00a0\u00bb] Support pour fontaines En acier inoxydable et id\u00e9al pour les vasques existantes, le Support pour fontaine vous permet de soutenir l\u2019ajutage et de fournir un support pour ancrer les projecteurs et \u00e9ventuellement la pompe submersible, tout en \u00e9vitant ou en contenant des vibrations sur le tuyau de l\u2019ajutage. Il [&hellip;]<\/p>\n","protected":false},"featured_media":2608,"template":"","meta":[],"product_brand":[],"product_cat":[287,288],"product_tag":[],"class_list":{"0":"post-2607","1":"product","2":"type-product","3":"status-publish","4":"has-post-thumbnail","6":"product_cat-accessoires-hydrauliques-fontaines","7":"product_cat-accessoires-hydrauliques-pompes","9":"first","10":"instock","11":"shipping-taxable","12":"product-type-simple"},"yoast_head":"<!-- This site is optimized with the Yoast SEO plugin v26.7 - https:\/\/yoast.com\/wordpress\/plugins\/seo\/ -->\n<title>Support pour fontaines - Cascade<\/title>\n<meta name=\"description\" content=\"Le Support pour fontaines permet de soutenir l\u2019ajutage et de fournir un support pour ancrer les projecteurs et la pompe submersible.\" \/>\n<meta name=\"robots\" content=\"index, follow, max-snippet:-1, max-image-preview:large, max-video-preview:-1\" \/>\n<link rel=\"canonical\" href=\"https:\/\/www.cascade.it\/fr\/prodotto\/support-pour-fontaines\/\" \/>\n<meta property=\"og:locale\" content=\"fr_FR\" \/>\n<meta property=\"og:type\" content=\"article\" \/>\n<meta property=\"og:title\" content=\"Support pour fontaines - Cascade\" \/>\n<meta property=\"og:description\" content=\"Le Support pour fontaines permet de soutenir l\u2019ajutage et de fournir un support pour ancrer les projecteurs et la pompe submersible.\" \/>\n<meta property=\"og:url\" content=\"https:\/\/www.cascade.it\/fr\/prodotto\/support-pour-fontaines\/\" \/>\n<meta property=\"og:site_name\" content=\"Cascade\" \/>\n<meta property=\"article:modified_time\" content=\"2021-10-13T09:32:41+00:00\" \/>\n<meta property=\"og:image\" content=\"https:\/\/www.cascade.it\/new\/wp-content\/uploads\/Prodotti\/Accessori_per_fontane\/Accessori_idraulici_per_fontane\/SUPPORTO-PER-FONTANA.jpg\" \/>\n\t<meta property=\"og:image:width\" content=\"1300\" \/>\n\t<meta property=\"og:image:height\" content=\"1300\" \/>\n\t<meta property=\"og:image:type\" content=\"image\/jpeg\" \/>\n<meta name=\"twitter:card\" content=\"summary_large_image\" \/>\n<meta name=\"twitter:label1\" content=\"Dur\u00e9e de lecture estim\u00e9e\" \/>\n\t<meta name=\"twitter:data1\" content=\"1 minute\" \/>\n<!-- \/ Yoast SEO plugin. -->","yoast_head_json":{"title":"Support pour fontaines - Cascade","description":"Le Support pour fontaines permet de soutenir l\u2019ajutage et de fournir un support pour ancrer les projecteurs et la pompe submersible.","robots":{"index":"index","follow":"follow","max-snippet":"max-snippet:-1","max-image-preview":"max-image-preview:large","max-video-preview":"max-video-preview:-1"},"canonical":"https:\/\/www.cascade.it\/fr\/prodotto\/support-pour-fontaines\/","og_locale":"fr_FR","og_type":"article","og_title":"Support pour fontaines - Cascade","og_description":"Le Support pour fontaines permet de soutenir l\u2019ajutage et de fournir un support pour ancrer les projecteurs et la pompe submersible.","og_url":"https:\/\/www.cascade.it\/fr\/prodotto\/support-pour-fontaines\/","og_site_name":"Cascade","article_modified_time":"2021-10-13T09:32:41+00:00","og_image":[{"width":1300,"height":1300,"url":"https:\/\/www.cascade.it\/new\/wp-content\/uploads\/Prodotti\/Accessori_per_fontane\/Accessori_idraulici_per_fontane\/SUPPORTO-PER-FONTANA.jpg","type":"image\/jpeg"}],"twitter_card":"summary_large_image","twitter_misc":{"Dur\u00e9e de lecture estim\u00e9e":"1 minute"},"schema":{"@context":"https:\/\/schema.org","@graph":[{"@type":"WebPage","@id":"https:\/\/www.cascade.it\/fr\/prodotto\/support-pour-fontaines\/","url":"https:\/\/www.cascade.it\/fr\/prodotto\/support-pour-fontaines\/","name":"Support pour fontaines - Cascade","isPartOf":{"@id":"https:\/\/www.cascade.it\/fr\/#website"},"primaryImageOfPage":{"@id":"https:\/\/www.cascade.it\/fr\/prodotto\/support-pour-fontaines\/#primaryimage"},"image":{"@id":"https:\/\/www.cascade.it\/fr\/prodotto\/support-pour-fontaines\/#primaryimage"},"thumbnailUrl":"https:\/\/www.cascade.it\/new\/wp-content\/uploads\/Prodotti\/Accessori_per_fontane\/Accessori_idraulici_per_fontane\/SUPPORTO-PER-FONTANA.jpg","datePublished":"2019-02-20T08:58:08+00:00","dateModified":"2021-10-13T09:32:41+00:00","description":"Le Support pour fontaines permet de soutenir l\u2019ajutage et de fournir un support pour ancrer les projecteurs et la pompe submersible.","breadcrumb":{"@id":"https:\/\/www.cascade.it\/fr\/prodotto\/support-pour-fontaines\/#breadcrumb"},"inLanguage":"fr-FR","potentialAction":[{"@type":"ReadAction","target":["https:\/\/www.cascade.it\/fr\/prodotto\/support-pour-fontaines\/"]}]},{"@type":"ImageObject","inLanguage":"fr-FR","@id":"https:\/\/www.cascade.it\/fr\/prodotto\/support-pour-fontaines\/#primaryimage","url":"https:\/\/www.cascade.it\/new\/wp-content\/uploads\/Prodotti\/Accessori_per_fontane\/Accessori_idraulici_per_fontane\/SUPPORTO-PER-FONTANA.jpg","contentUrl":"https:\/\/www.cascade.it\/new\/wp-content\/uploads\/Prodotti\/Accessori_per_fontane\/Accessori_idraulici_per_fontane\/SUPPORTO-PER-FONTANA.jpg","width":1300,"height":1300},{"@type":"BreadcrumbList","@id":"https:\/\/www.cascade.it\/fr\/prodotto\/support-pour-fontaines\/#breadcrumb","itemListElement":[{"@type":"ListItem","position":1,"name":"Home","item":"https:\/\/www.cascade.it\/fr\/"},{"@type":"ListItem","position":2,"name":"Boutique","item":"https:\/\/www.cascade.it\/fr\/boutique\/"},{"@type":"ListItem","position":3,"name":"Support pour fontaines"}]},{"@type":"WebSite","@id":"https:\/\/www.cascade.it\/fr\/#website","url":"https:\/\/www.cascade.it\/fr\/","name":"Cascade","description":"More than a fountain","potentialAction":[{"@type":"SearchAction","target":{"@type":"EntryPoint","urlTemplate":"https:\/\/www.cascade.it\/fr\/?s={search_term_string}"},"query-input":{"@type":"PropertyValueSpecification","valueRequired":true,"valueName":"search_term_string"}}],"inLanguage":"fr-FR"}]}},"_links":{"self":[{"href":"https:\/\/www.cascade.it\/fr\/wp-json\/wp\/v2\/product\/2607","targetHints":{"allow":["GET"]}}],"collection":[{"href":"https:\/\/www.cascade.it\/fr\/wp-json\/wp\/v2\/product"}],"about":[{"href":"https:\/\/www.cascade.it\/fr\/wp-json\/wp\/v2\/types\/product"}],"wp:featuredmedia":[{"embeddable":true,"href":"https:\/\/www.cascade.it\/fr\/wp-json\/wp\/v2\/media\/2608"}],"wp:attachment":[{"href":"https:\/\/www.cascade.it\/fr\/wp-json\/wp\/v2\/media?parent=2607"}],"wp:term":[{"taxonomy":"product_brand","embeddable":true,"href":"https:\/\/www.cascade.it\/fr\/wp-json\/wp\/v2\/product_brand?post=2607"},{"taxonomy":"product_cat","embeddable":true,"href":"https:\/\/www.cascade.it\/fr\/wp-json\/wp\/v2\/product_cat?post=2607"},{"taxonomy":"product_tag","embeddable":true,"href":"https:\/\/www.cascade.it\/fr\/wp-json\/wp\/v2\/product_tag?post=2607"}],"curies":[{"name":"wp","href":"https:\/\/api.w.org\/{rel}","templated":true}]}}