{"id":2602,"date":"2019-02-20T09:58:25","date_gmt":"2019-02-20T08:58:25","guid":{"rendered":"https:\/\/www.cascade.it\/new\/prodotto\/skimmer-per-fontane\/"},"modified":"2021-10-13T11:36:00","modified_gmt":"2021-10-13T09:36:00","slug":"skimmer-fontaine","status":"publish","type":"product","link":"https:\/\/www.cascade.it\/fr\/prodotto\/skimmer-fontaine\/","title":{"rendered":"Skimmer pour fontaines"},"content":{"rendered":"<p>&nbsp;<\/p>\n<div class=\"carousel-slider-outer carousel-slider-outer-image-carousel carousel-slider-outer-1242\" style=\"--carousel-slider-nav-color:#f1f1f1;--carousel-slider-active-nav-color:#00d1b2;--carousel-slider-arrow-size:48px;--carousel-slider-bullet-size:10px\">\n<div id=\"&#039;id-1242\" class=\"carousel-slider carousel-slider-1242 arrows-visibility-hover dots-visibility-never arrows-outside dots-center dots-square owl-carousel\" data-slide-type=\"image-carousel\" data-owl-settings='{\"nav\":true,\"dots\":false,\"slideBy\":1,\"stagePadding\":0,\"margin\":10,\"loop\":true,\"lazyLoad\":true,\"autoplay\":true,\"autoplayTimeout\":5000,\"autoplaySpeed\":500,\"autoplayHoverPause\":true,\"autoWidth\":false,\"responsive\":{\"300\":{\"items\":1},\"576\":{\"items\":2},\"768\":{\"items\":2},\"1024\":{\"items\":2},\"1280\":{\"items\":2},\"1536\":{\"items\":2}}}'>\n<div class=\"carousel-slider__item\">\n\t<img class=\"owl-lazy\" data-src=\"https:\/\/www.cascade.it\/new\/wp-content\/uploads\/2019\/07\/Skimmer-per-fontana.jpg\" alt=\"\"><\/a><\/div>\n\n<div class=\"carousel-slider__item\">\n\t<img class=\"owl-lazy\" data-src=\"https:\/\/www.cascade.it\/new\/wp-content\/uploads\/2019\/07\/Skimmer-per-fontana-1.jpg\" alt=\"\"><\/a><\/div>\n\n<\/div><!-- .carousel-slider-1242 -->\n<\/div><!-- .carousel-slider-outer-1242 -->\n\n<h1><span style=\"color: #1e73be;\">Skimmer pour fontaines<\/span><\/h1>\n<p>Fabriqu\u00e9 en <strong>mat\u00e9riau composite<\/strong> avec un <strong>cadre en acier inoxydable<\/strong>, il est complet avec un <strong>panier<\/strong> en acier inoxydable <strong>amovible frontal<\/strong> et un vantail flottant.<\/p>\n<p>Le <strong>Skimmer<\/strong> a \u00e9t\u00e9 <strong>con\u00e7u<\/strong> sp\u00e9cifiquement pour une <strong>utilisation dans les murs minces<\/strong> de ma\u00e7onnerie des fontaines: la petite taille et le panier amovible \u00e0 l&rsquo;avant en font un \u00e9l\u00e9ment <strong>fonctionnel<\/strong> mais <strong>discret<\/strong>, avec un impact esth\u00e9tique et structurel tr\u00e8s limit\u00e9, <strong>facile \u00e0 installer et \u00e0 g\u00e9rer<\/strong>.<\/p>\n<p>&nbsp;<\/p>\n<h3>Donn\u00e9es techniques<\/h3>\n<div style=\"overflow-x: auto;\">\n<table width=\"87%\">\n<tbody>\n<tr>\n<td width=\"11%\"><strong>\u00a0<\/strong><\/td>\n<td class=\"thHorz\" width=\"44%\">Skimmer 300<\/td>\n<td class=\"thHorz\" width=\"44%\">Skimmer 600<\/td>\n<\/tr>\n<tr>\n<td class=\"thVert\" width=\"11%\">Code<\/td>\n<td width=\"44%\">SK300<\/td>\n<td width=\"44%\">SK600<\/td>\n<\/tr>\n<tr>\n<td class=\"thVert\" width=\"11%\">Connexion<\/td>\n<td width=\"44%\">1 da \u00f8 50 mm<\/td>\n<td width=\"44%\">2 da \u00f8 50 mm<\/td>\n<\/tr>\n<tr>\n<td class=\"thVert\" width=\"11%\">Dimensions<\/td>\n<td width=\"44%\">\u00a0h 190 x l 340 x p 134,5 mm<\/td>\n<td width=\"44%\">h 150 x l 560 x p 124,5 mm<\/td>\n<\/tr>\n<tr>\n<td class=\"thVert\" width=\"11%\">Mat\u00e9riel<\/td>\n<td width=\"44%\">Composite et acier inox<\/td>\n<td width=\"44%\">Composite et acier inox<\/td>\n<\/tr>\n<\/tbody>\n<\/table>\n<\/div>\n<p>&nbsp;<\/p>\n<h3>Downloads<\/h3>\n<div class=\"divide-line text-left\"><\/div>\n<div>\n<div style=\"float: left; padding: 5px; text-align: center; width: 150px;\"><a href=\"https:\/\/www.cascade.it\/new\/wp-content\/uploads\/2021\/10\/Skimmer-pour-fontaines-FR.pdf\" target=\"_blank\" rel=\"noopener\"><img loading=\"lazy\" decoding=\"async\" class=\"alignnone wp-image-783\" src=\"https:\/\/www.cascade.it\/new\/wp-content\/uploads\/2019\/02\/pdf-icon-png-7.jpg\" alt=\"\" width=\"91\" height=\"91\" srcset=\"https:\/\/www.cascade.it\/new\/wp-content\/uploads\/2019\/02\/pdf-icon-png-7.jpg 254w, https:\/\/www.cascade.it\/new\/wp-content\/uploads\/2019\/02\/pdf-icon-png-7-150x150.jpg 150w, https:\/\/www.cascade.it\/new\/wp-content\/uploads\/2019\/02\/pdf-icon-png-7-100x100.jpg 100w\" sizes=\"auto, (max-width: 91px) 100vw, 91px\" \/><\/a><br \/>\nFiche technique<\/div>\n<\/div>\n","protected":false},"excerpt":{"rendered":"<p>&nbsp; Skimmer pour fontaines Fabriqu\u00e9 en mat\u00e9riau composite avec un cadre en acier inoxydable, il est complet avec un panier en acier inoxydable amovible frontal et un vantail flottant. Le Skimmer a \u00e9t\u00e9 con\u00e7u sp\u00e9cifiquement pour une utilisation dans les murs minces de ma\u00e7onnerie des fontaines: la petite taille et le panier amovible \u00e0 l&rsquo;avant [&hellip;]<\/p>\n","protected":false},"featured_media":9768,"template":"","meta":[],"product_brand":[],"product_cat":[287],"product_tag":[],"class_list":{"0":"post-2602","1":"product","2":"type-product","3":"status-publish","4":"has-post-thumbnail","6":"product_cat-accessoires-hydrauliques-fontaines","8":"first","9":"instock","10":"shipping-taxable","11":"product-type-simple"},"yoast_head":"<!-- This site is optimized with the Yoast SEO plugin v26.7 - https:\/\/yoast.com\/wordpress\/plugins\/seo\/ -->\n<title>Skimmer pour fontaines - Cascade<\/title>\n<meta name=\"description\" content=\"Fabriqu\u00e9 en mat\u00e9riau composite avec un cadre en acier inoxydable, il est complet avec un panier en acier inoxydable amovible frontal et un vantail flottant.\" \/>\n<meta name=\"robots\" content=\"index, follow, max-snippet:-1, max-image-preview:large, max-video-preview:-1\" \/>\n<link rel=\"canonical\" href=\"https:\/\/www.cascade.it\/fr\/prodotto\/skimmer-fontaine\/\" \/>\n<meta property=\"og:locale\" content=\"fr_FR\" \/>\n<meta property=\"og:type\" content=\"article\" \/>\n<meta property=\"og:title\" content=\"Skimmer pour fontaines - Cascade\" \/>\n<meta property=\"og:description\" content=\"Fabriqu\u00e9 en mat\u00e9riau composite avec un cadre en acier inoxydable, il est complet avec un panier en acier inoxydable amovible frontal et un vantail flottant.\" \/>\n<meta property=\"og:url\" content=\"https:\/\/www.cascade.it\/fr\/prodotto\/skimmer-fontaine\/\" \/>\n<meta property=\"og:site_name\" content=\"Cascade\" \/>\n<meta property=\"article:modified_time\" content=\"2021-10-13T09:36:00+00:00\" \/>\n<meta property=\"og:image\" content=\"https:\/\/www.cascade.it\/new\/wp-content\/uploads\/2020\/06\/SKIMMER-PER-FONTANE.jpg\" \/>\n\t<meta property=\"og:image:width\" content=\"1300\" \/>\n\t<meta property=\"og:image:height\" content=\"1300\" \/>\n\t<meta property=\"og:image:type\" content=\"image\/jpeg\" \/>\n<meta name=\"twitter:card\" content=\"summary_large_image\" \/>\n<meta name=\"twitter:label1\" content=\"Dur\u00e9e de lecture estim\u00e9e\" \/>\n\t<meta name=\"twitter:data1\" content=\"1 minute\" \/>\n<!-- \/ Yoast SEO plugin. -->","yoast_head_json":{"title":"Skimmer pour fontaines - Cascade","description":"Fabriqu\u00e9 en mat\u00e9riau composite avec un cadre en acier inoxydable, il est complet avec un panier en acier inoxydable amovible frontal et un vantail flottant.","robots":{"index":"index","follow":"follow","max-snippet":"max-snippet:-1","max-image-preview":"max-image-preview:large","max-video-preview":"max-video-preview:-1"},"canonical":"https:\/\/www.cascade.it\/fr\/prodotto\/skimmer-fontaine\/","og_locale":"fr_FR","og_type":"article","og_title":"Skimmer pour fontaines - Cascade","og_description":"Fabriqu\u00e9 en mat\u00e9riau composite avec un cadre en acier inoxydable, il est complet avec un panier en acier inoxydable amovible frontal et un vantail flottant.","og_url":"https:\/\/www.cascade.it\/fr\/prodotto\/skimmer-fontaine\/","og_site_name":"Cascade","article_modified_time":"2021-10-13T09:36:00+00:00","og_image":[{"width":1300,"height":1300,"url":"https:\/\/www.cascade.it\/new\/wp-content\/uploads\/2020\/06\/SKIMMER-PER-FONTANE.jpg","type":"image\/jpeg"}],"twitter_card":"summary_large_image","twitter_misc":{"Dur\u00e9e de lecture estim\u00e9e":"1 minute"},"schema":{"@context":"https:\/\/schema.org","@graph":[{"@type":"WebPage","@id":"https:\/\/www.cascade.it\/fr\/prodotto\/skimmer-fontaine\/","url":"https:\/\/www.cascade.it\/fr\/prodotto\/skimmer-fontaine\/","name":"Skimmer pour fontaines - Cascade","isPartOf":{"@id":"https:\/\/www.cascade.it\/fr\/#website"},"primaryImageOfPage":{"@id":"https:\/\/www.cascade.it\/fr\/prodotto\/skimmer-fontaine\/#primaryimage"},"image":{"@id":"https:\/\/www.cascade.it\/fr\/prodotto\/skimmer-fontaine\/#primaryimage"},"thumbnailUrl":"https:\/\/www.cascade.it\/new\/wp-content\/uploads\/2020\/06\/SKIMMER-PER-FONTANE.jpg","datePublished":"2019-02-20T08:58:25+00:00","dateModified":"2021-10-13T09:36:00+00:00","description":"Fabriqu\u00e9 en mat\u00e9riau composite avec un cadre en acier inoxydable, il est complet avec un panier en acier inoxydable amovible frontal et un vantail flottant.","breadcrumb":{"@id":"https:\/\/www.cascade.it\/fr\/prodotto\/skimmer-fontaine\/#breadcrumb"},"inLanguage":"fr-FR","potentialAction":[{"@type":"ReadAction","target":["https:\/\/www.cascade.it\/fr\/prodotto\/skimmer-fontaine\/"]}]},{"@type":"ImageObject","inLanguage":"fr-FR","@id":"https:\/\/www.cascade.it\/fr\/prodotto\/skimmer-fontaine\/#primaryimage","url":"https:\/\/www.cascade.it\/new\/wp-content\/uploads\/2020\/06\/SKIMMER-PER-FONTANE.jpg","contentUrl":"https:\/\/www.cascade.it\/new\/wp-content\/uploads\/2020\/06\/SKIMMER-PER-FONTANE.jpg","width":1300,"height":1300},{"@type":"BreadcrumbList","@id":"https:\/\/www.cascade.it\/fr\/prodotto\/skimmer-fontaine\/#breadcrumb","itemListElement":[{"@type":"ListItem","position":1,"name":"Home","item":"https:\/\/www.cascade.it\/fr\/"},{"@type":"ListItem","position":2,"name":"Boutique","item":"https:\/\/www.cascade.it\/fr\/boutique\/"},{"@type":"ListItem","position":3,"name":"Skimmer pour fontaines"}]},{"@type":"WebSite","@id":"https:\/\/www.cascade.it\/fr\/#website","url":"https:\/\/www.cascade.it\/fr\/","name":"Cascade","description":"More than a fountain","potentialAction":[{"@type":"SearchAction","target":{"@type":"EntryPoint","urlTemplate":"https:\/\/www.cascade.it\/fr\/?s={search_term_string}"},"query-input":{"@type":"PropertyValueSpecification","valueRequired":true,"valueName":"search_term_string"}}],"inLanguage":"fr-FR"}]}},"_links":{"self":[{"href":"https:\/\/www.cascade.it\/fr\/wp-json\/wp\/v2\/product\/2602","targetHints":{"allow":["GET"]}}],"collection":[{"href":"https:\/\/www.cascade.it\/fr\/wp-json\/wp\/v2\/product"}],"about":[{"href":"https:\/\/www.cascade.it\/fr\/wp-json\/wp\/v2\/types\/product"}],"wp:featuredmedia":[{"embeddable":true,"href":"https:\/\/www.cascade.it\/fr\/wp-json\/wp\/v2\/media\/9768"}],"wp:attachment":[{"href":"https:\/\/www.cascade.it\/fr\/wp-json\/wp\/v2\/media?parent=2602"}],"wp:term":[{"taxonomy":"product_brand","embeddable":true,"href":"https:\/\/www.cascade.it\/fr\/wp-json\/wp\/v2\/product_brand?post=2602"},{"taxonomy":"product_cat","embeddable":true,"href":"https:\/\/www.cascade.it\/fr\/wp-json\/wp\/v2\/product_cat?post=2602"},{"taxonomy":"product_tag","embeddable":true,"href":"https:\/\/www.cascade.it\/fr\/wp-json\/wp\/v2\/product_tag?post=2602"}],"curies":[{"name":"wp","href":"https:\/\/api.w.org\/{rel}","templated":true}]}}