{"id":2592,"date":"2019-02-20T09:55:14","date_gmt":"2019-02-20T08:55:14","guid":{"rendered":"https:\/\/www.cascade.it\/new\/prodotto\/sistema-filtrante-a-vista\/"},"modified":"2021-10-13T11:13:01","modified_gmt":"2021-10-13T09:13:01","slug":"systeme-filtrant-visible","status":"publish","type":"product","link":"https:\/\/www.cascade.it\/fr\/prodotto\/systeme-filtrant-visible\/","title":{"rendered":"Syst\u00e8me filtrant visible"},"content":{"rendered":"<p>[vc_row][vc_column][vc_empty_space height=\u00a0\u00bb50&Prime; height_mobile=\u00a0\u00bb100&Prime;][vc_column_text spacing_heading=\u00a0\u00bb\u00a0\u00bb spacing_heading_tab=\u00a0\u00bb\u00a0\u00bb spacing_heading_mobile=\u00a0\u00bb\u00a0\u00bb]<div class=\"carousel-slider-outer carousel-slider-outer-image-carousel carousel-slider-outer-1232\" style=\"--carousel-slider-nav-color:#f1f1f1;--carousel-slider-active-nav-color:#00d1b2;--carousel-slider-arrow-size:48px;--carousel-slider-bullet-size:10px\">\n<div id=\"&#039;id-1232\" class=\"carousel-slider carousel-slider-1232 arrows-visibility-hover dots-visibility-never arrows-outside dots-center dots-square owl-carousel\" data-slide-type=\"image-carousel\" data-owl-settings='{\"nav\":true,\"dots\":false,\"slideBy\":1,\"stagePadding\":0,\"margin\":10,\"loop\":true,\"lazyLoad\":true,\"autoplay\":true,\"autoplayTimeout\":5000,\"autoplaySpeed\":500,\"autoplayHoverPause\":true,\"autoWidth\":false,\"responsive\":{\"300\":{\"items\":1},\"576\":{\"items\":2},\"768\":{\"items\":2},\"1024\":{\"items\":3},\"1280\":{\"items\":3},\"1536\":{\"items\":3}}}'>\n<div class=\"carousel-slider__item\">\n\t<img class=\"owl-lazy\" data-src=\"https:\/\/www.cascade.it\/new\/wp-content\/uploads\/2019\/07\/Sistema-filtrante-a-vista.jpg\" alt=\"\"><\/a><\/div>\n\n<div class=\"carousel-slider__item\">\n\t<img class=\"owl-lazy\" data-src=\"https:\/\/www.cascade.it\/new\/wp-content\/uploads\/2019\/07\/4-Sistema-filtrante-a-vista.jpg\" alt=\"\"><\/a><\/div>\n\n<div class=\"carousel-slider__item\">\n\t<img class=\"owl-lazy\" data-src=\"https:\/\/www.cascade.it\/new\/wp-content\/uploads\/2019\/07\/3-Sistema-filtrante-a-vista.jpg\" alt=\"\"><\/a><\/div>\n\n<div class=\"carousel-slider__item\">\n\t<img class=\"owl-lazy\" data-src=\"https:\/\/www.cascade.it\/new\/wp-content\/uploads\/2019\/07\/2-Sistema-filtrante-a-vista.jpg\" alt=\"\"><\/a><\/div>\n\n<div class=\"carousel-slider__item\">\n\t<img class=\"owl-lazy\" data-src=\"https:\/\/www.cascade.it\/new\/wp-content\/uploads\/2019\/07\/1-Sistema-filtrante-a-vista.jpg\" alt=\"\"><\/a><\/div>\n\n<\/div><!-- .carousel-slider-1232 -->\n<\/div><!-- .carousel-slider-outer-1232 -->\n<\/p>\n<h1><span style=\"color: #1e73be;\">Syst\u00e8me filtrant visible pour fontaines<\/span><\/h1>\n<p>En <strong>acier inoxydable<\/strong>, il permet une <strong>filtration m\u00e9canique prot\u00e9geant l&rsquo;aspiration de la pompe<\/strong>.<\/p>\n<p><strong>Grande facilit\u00e9<\/strong> de <strong>gestion<\/strong> et de <strong>maintenance<\/strong>: ce syst\u00e8me de filtration a l&rsquo;avantage de ne pas \u00eatre attach\u00e9 \u00e0 la tuyauterie car il ne doit pas \u00eatre soud\u00e9 ou coll\u00e9, mais simplement <strong>extrait<\/strong>.<\/p>\n<p id=\"tw-target-text\" class=\"tw-data-text tw-text-large XcVN5d tw-ta\" dir=\"ltr\" data-placeholder=\"Traduzione\"><span lang=\"fr\">La <strong>grande surface filtrante<\/strong> de ces dispositifs permet de minimiser le colmatage des filtres dans le temps et, par cons\u00e9quent, leur entretien et leur nettoyage.<\/span><\/p>\n<p>Per\u00e7age de surface du filtre \u00f8 3 mm ou \u00f8 5 mm.<\/p>\n<p>Connexion de base avec <strong>bride en PVC<\/strong>, sur demande vous pouvez avoir une bride en acier inoxydable, une connexion filet\u00e9e ou faite selon le tuyau utilis\u00e9.<\/p>\n<p>Recommand\u00e9 dans les cas o\u00f9 le syst\u00e8me encastrable ne peut pas \u00eatre utilis\u00e9 (voir <a href=\"https:\/\/www.cascade.it\/fr\/prodotto\/systeme-filtrant-encastrable\/\"><span style=\"text-decoration: underline;\"><strong>Syst\u00e8me filtrant encastrable<\/strong><\/span><\/a>).<\/p>\n<p>Nous recommandons de placer le syst\u00e8me filtrant visible \u00e0 l&rsquo;int\u00e9rieur d&rsquo;un puits recouvert d&rsquo;une grille en acier inoxydable (voir <a href=\"https:\/\/www.cascade.it\/fr\/prodotto\/grille-en-acier-inoxydable\/\"><span style=\"text-decoration: underline;\"><strong>Grilles en acier inoxydable<\/strong><\/span><\/a>).<\/p>\n<p>Montage au sol.<\/p>\n<p>&nbsp;<\/p>\n<h3>Donn\u00e9es technique<\/h3>\n<div style=\"overflow-x: auto;\">\n<table width=\"100%\">\n<tbody>\n<tr>\n<td width=\"8%\"><strong>\u00a0<\/strong><\/td>\n<td class=\"thHorz\" colspan=\"8\" width=\"91%\">Syst\u00e8me filtrant visible<\/td>\n<\/tr>\n<tr>\n<td class=\"thVert\" width=\"8%\">Code<\/td>\n<td width=\"11%\">SFP13<\/td>\n<td width=\"11%\">SFP15<\/td>\n<td width=\"11%\">SFP23<\/td>\n<td width=\"11%\">SFP25<\/td>\n<td width=\"11%\">SFP33<\/td>\n<td width=\"11%\">SFP35<\/td>\n<td width=\"11%\">SFP43<\/td>\n<td width=\"11%\">SFP45<\/td>\n<\/tr>\n<tr>\n<td class=\"thVert\" width=\"8%\">Diam\u00e8tre<\/td>\n<td width=\"11%\">20 cm<\/td>\n<td width=\"11%\">20 cm<\/td>\n<td width=\"11%\">20 cm<\/td>\n<td width=\"11%\">20 cm<\/td>\n<td width=\"11%\">30 cm<\/td>\n<td width=\"11%\">30 cm<\/td>\n<td width=\"11%\">30 cm<\/td>\n<td width=\"11%\">30 cm<\/td>\n<\/tr>\n<tr>\n<td class=\"thVert\" width=\"8%\">Hauteur<\/td>\n<td width=\"11%\">15 cm<\/td>\n<td width=\"11%\">15 cm<\/td>\n<td width=\"11%\">20 cm<\/td>\n<td width=\"11%\">20 cm<\/td>\n<td width=\"11%\">15 cm<\/td>\n<td width=\"11%\">15 cm<\/td>\n<td width=\"11%\">20 cm<\/td>\n<td width=\"11%\">20 cm<\/td>\n<\/tr>\n<tr>\n<td class=\"thVert\" width=\"8%\">\u00f8 Bride<\/td>\n<td width=\"11%\">Jusqu\u2019\u00e0 90 mm<\/td>\n<td width=\"11%\">Jusqu\u2019\u00e0 90 mm<\/td>\n<td width=\"11%\">Jusqu\u2019\u00e0 90 mm<\/td>\n<td width=\"11%\">Jusqu\u2019\u00e0 90 mm<\/td>\n<td width=\"11%\">Jusqu\u2019\u00e0 160 mm<\/td>\n<td width=\"11%\">Jusqu\u2019\u00e0 160 mm<\/td>\n<td width=\"11%\">Jusqu\u2019\u00e0 160 mm<\/td>\n<td width=\"11%\">Jusqu\u2019\u00e0 160 mm<\/td>\n<\/tr>\n<tr>\n<td class=\"thVert\" width=\"8%\">\u00f8 Percage<\/td>\n<td width=\"11%\">3 mm<\/td>\n<td width=\"11%\">5 mm<\/td>\n<td width=\"11%\">3 mm<\/td>\n<td width=\"11%\">5 mm<\/td>\n<td width=\"11%\">3 mm<\/td>\n<td width=\"11%\">5 mm<\/td>\n<td width=\"11%\">3 mm<\/td>\n<td width=\"11%\">5 mm<\/td>\n<\/tr>\n<tr>\n<td class=\"thVert\" width=\"8%\">Mat\u00e9riel<\/td>\n<td width=\"11%\">Acier Inox<\/td>\n<td width=\"11%\">Acier Inox<\/td>\n<td width=\"11%\">Acier Inox<\/td>\n<td width=\"11%\">Acier Inox<\/td>\n<td width=\"11%\">Acier Inox<\/td>\n<td width=\"11%\">Acier Inox<\/td>\n<td width=\"11%\">Acier Inox<\/td>\n<td width=\"11%\">Acier Inox<\/td>\n<\/tr>\n<\/tbody>\n<\/table>\n<\/div>\n<p>&nbsp;<\/p>\n<h3>Downloads<\/h3>\n<div class=\"divide-line text-left\"><\/div>\n<div>\n<div style=\"float: left; padding: 5px; text-align: center; width: 150px;\"><a href=\"https:\/\/www.cascade.it\/new\/wp-content\/uploads\/2021\/10\/CASCADE-Systeme-filtrant-visible-FR.pdf\" target=\"_blank\" rel=\"noopener\"><img loading=\"lazy\" decoding=\"async\" class=\"alignnone wp-image-783\" src=\"https:\/\/www.cascade.it\/new\/wp-content\/uploads\/2019\/02\/pdf-icon-png-7.jpg\" alt=\"\" width=\"91\" height=\"91\" srcset=\"https:\/\/www.cascade.it\/new\/wp-content\/uploads\/2019\/02\/pdf-icon-png-7.jpg 254w, https:\/\/www.cascade.it\/new\/wp-content\/uploads\/2019\/02\/pdf-icon-png-7-150x150.jpg 150w, https:\/\/www.cascade.it\/new\/wp-content\/uploads\/2019\/02\/pdf-icon-png-7-100x100.jpg 100w\" sizes=\"auto, (max-width: 91px) 100vw, 91px\" \/><\/a><br \/>\nFiche technique<\/div>\n<\/div>\n","protected":false},"excerpt":{"rendered":"<p>[vc_row][vc_column][vc_empty_space height=\u00a0\u00bb50&Prime; height_mobile=\u00a0\u00bb100&Prime;][vc_column_text spacing_heading=\u00a0\u00bb\u00a0\u00bb spacing_heading_tab=\u00a0\u00bb\u00a0\u00bb spacing_heading_mobile=\u00a0\u00bb\u00a0\u00bb] Syst\u00e8me filtrant visible pour fontaines En acier inoxydable, il permet une filtration m\u00e9canique prot\u00e9geant l&rsquo;aspiration de la pompe. Grande facilit\u00e9 de gestion et de maintenance: ce syst\u00e8me de filtration a l&rsquo;avantage de ne pas \u00eatre attach\u00e9 \u00e0 la tuyauterie car il ne doit pas \u00eatre soud\u00e9 ou coll\u00e9, mais [&hellip;]<\/p>\n","protected":false},"featured_media":2593,"template":"","meta":[],"product_brand":[],"product_cat":[287,288],"product_tag":[],"class_list":{"0":"post-2592","1":"product","2":"type-product","3":"status-publish","4":"has-post-thumbnail","6":"product_cat-accessoires-hydrauliques-fontaines","7":"product_cat-accessoires-hydrauliques-pompes","9":"first","10":"instock","11":"shipping-taxable","12":"product-type-simple"},"yoast_head":"<!-- This site is optimized with the Yoast SEO plugin v26.7 - https:\/\/yoast.com\/wordpress\/plugins\/seo\/ -->\n<title>Syst\u00e8me filtrant visible pour fontaines - Cascade<\/title>\n<meta name=\"description\" content=\"En acier inoxydable, il permet une filtration m\u00e9canique prot\u00e9geant l&#039;aspiration de la pompe. Grande facilit\u00e9 de gestion et de maintenance.\" \/>\n<meta name=\"robots\" content=\"index, follow, max-snippet:-1, max-image-preview:large, max-video-preview:-1\" \/>\n<link rel=\"canonical\" href=\"https:\/\/www.cascade.it\/fr\/prodotto\/systeme-filtrant-visible\/\" \/>\n<meta property=\"og:locale\" content=\"fr_FR\" \/>\n<meta property=\"og:type\" content=\"article\" \/>\n<meta property=\"og:title\" content=\"Syst\u00e8me filtrant visible pour fontaines - Cascade\" \/>\n<meta property=\"og:description\" content=\"En acier inoxydable, il permet une filtration m\u00e9canique prot\u00e9geant l&#039;aspiration de la pompe. Grande facilit\u00e9 de gestion et de maintenance.\" \/>\n<meta property=\"og:url\" content=\"https:\/\/www.cascade.it\/fr\/prodotto\/systeme-filtrant-visible\/\" \/>\n<meta property=\"og:site_name\" content=\"Cascade\" \/>\n<meta property=\"article:modified_time\" content=\"2021-10-13T09:13:01+00:00\" \/>\n<meta property=\"og:image\" content=\"https:\/\/www.cascade.it\/new\/wp-content\/uploads\/Prodotti\/Accessori_per_fontane\/Accessori_idraulici_per_fontane\/SISTEMA-FILTRANTE-A-VISTA.jpg\" \/>\n\t<meta property=\"og:image:width\" content=\"1300\" \/>\n\t<meta property=\"og:image:height\" content=\"1300\" \/>\n\t<meta property=\"og:image:type\" content=\"image\/jpeg\" \/>\n<meta name=\"twitter:card\" content=\"summary_large_image\" \/>\n<meta name=\"twitter:label1\" content=\"Dur\u00e9e de lecture estim\u00e9e\" \/>\n\t<meta name=\"twitter:data1\" content=\"2 minutes\" \/>\n<!-- \/ Yoast SEO plugin. -->","yoast_head_json":{"title":"Syst\u00e8me filtrant visible pour fontaines - Cascade","description":"En acier inoxydable, il permet une filtration m\u00e9canique prot\u00e9geant l'aspiration de la pompe. Grande facilit\u00e9 de gestion et de maintenance.","robots":{"index":"index","follow":"follow","max-snippet":"max-snippet:-1","max-image-preview":"max-image-preview:large","max-video-preview":"max-video-preview:-1"},"canonical":"https:\/\/www.cascade.it\/fr\/prodotto\/systeme-filtrant-visible\/","og_locale":"fr_FR","og_type":"article","og_title":"Syst\u00e8me filtrant visible pour fontaines - Cascade","og_description":"En acier inoxydable, il permet une filtration m\u00e9canique prot\u00e9geant l'aspiration de la pompe. Grande facilit\u00e9 de gestion et de maintenance.","og_url":"https:\/\/www.cascade.it\/fr\/prodotto\/systeme-filtrant-visible\/","og_site_name":"Cascade","article_modified_time":"2021-10-13T09:13:01+00:00","og_image":[{"width":1300,"height":1300,"url":"https:\/\/www.cascade.it\/new\/wp-content\/uploads\/Prodotti\/Accessori_per_fontane\/Accessori_idraulici_per_fontane\/SISTEMA-FILTRANTE-A-VISTA.jpg","type":"image\/jpeg"}],"twitter_card":"summary_large_image","twitter_misc":{"Dur\u00e9e de lecture estim\u00e9e":"2 minutes"},"schema":{"@context":"https:\/\/schema.org","@graph":[{"@type":"WebPage","@id":"https:\/\/www.cascade.it\/fr\/prodotto\/systeme-filtrant-visible\/","url":"https:\/\/www.cascade.it\/fr\/prodotto\/systeme-filtrant-visible\/","name":"Syst\u00e8me filtrant visible pour fontaines - Cascade","isPartOf":{"@id":"https:\/\/www.cascade.it\/fr\/#website"},"primaryImageOfPage":{"@id":"https:\/\/www.cascade.it\/fr\/prodotto\/systeme-filtrant-visible\/#primaryimage"},"image":{"@id":"https:\/\/www.cascade.it\/fr\/prodotto\/systeme-filtrant-visible\/#primaryimage"},"thumbnailUrl":"https:\/\/www.cascade.it\/new\/wp-content\/uploads\/Prodotti\/Accessori_per_fontane\/Accessori_idraulici_per_fontane\/SISTEMA-FILTRANTE-A-VISTA.jpg","datePublished":"2019-02-20T08:55:14+00:00","dateModified":"2021-10-13T09:13:01+00:00","description":"En acier inoxydable, il permet une filtration m\u00e9canique prot\u00e9geant l'aspiration de la pompe. Grande facilit\u00e9 de gestion et de maintenance.","breadcrumb":{"@id":"https:\/\/www.cascade.it\/fr\/prodotto\/systeme-filtrant-visible\/#breadcrumb"},"inLanguage":"fr-FR","potentialAction":[{"@type":"ReadAction","target":["https:\/\/www.cascade.it\/fr\/prodotto\/systeme-filtrant-visible\/"]}]},{"@type":"ImageObject","inLanguage":"fr-FR","@id":"https:\/\/www.cascade.it\/fr\/prodotto\/systeme-filtrant-visible\/#primaryimage","url":"https:\/\/www.cascade.it\/new\/wp-content\/uploads\/Prodotti\/Accessori_per_fontane\/Accessori_idraulici_per_fontane\/SISTEMA-FILTRANTE-A-VISTA.jpg","contentUrl":"https:\/\/www.cascade.it\/new\/wp-content\/uploads\/Prodotti\/Accessori_per_fontane\/Accessori_idraulici_per_fontane\/SISTEMA-FILTRANTE-A-VISTA.jpg","width":1300,"height":1300},{"@type":"BreadcrumbList","@id":"https:\/\/www.cascade.it\/fr\/prodotto\/systeme-filtrant-visible\/#breadcrumb","itemListElement":[{"@type":"ListItem","position":1,"name":"Home","item":"https:\/\/www.cascade.it\/fr\/"},{"@type":"ListItem","position":2,"name":"Boutique","item":"https:\/\/www.cascade.it\/fr\/boutique\/"},{"@type":"ListItem","position":3,"name":"Syst\u00e8me filtrant visible"}]},{"@type":"WebSite","@id":"https:\/\/www.cascade.it\/fr\/#website","url":"https:\/\/www.cascade.it\/fr\/","name":"Cascade","description":"More than a fountain","potentialAction":[{"@type":"SearchAction","target":{"@type":"EntryPoint","urlTemplate":"https:\/\/www.cascade.it\/fr\/?s={search_term_string}"},"query-input":{"@type":"PropertyValueSpecification","valueRequired":true,"valueName":"search_term_string"}}],"inLanguage":"fr-FR"}]}},"_links":{"self":[{"href":"https:\/\/www.cascade.it\/fr\/wp-json\/wp\/v2\/product\/2592","targetHints":{"allow":["GET"]}}],"collection":[{"href":"https:\/\/www.cascade.it\/fr\/wp-json\/wp\/v2\/product"}],"about":[{"href":"https:\/\/www.cascade.it\/fr\/wp-json\/wp\/v2\/types\/product"}],"wp:featuredmedia":[{"embeddable":true,"href":"https:\/\/www.cascade.it\/fr\/wp-json\/wp\/v2\/media\/2593"}],"wp:attachment":[{"href":"https:\/\/www.cascade.it\/fr\/wp-json\/wp\/v2\/media?parent=2592"}],"wp:term":[{"taxonomy":"product_brand","embeddable":true,"href":"https:\/\/www.cascade.it\/fr\/wp-json\/wp\/v2\/product_brand?post=2592"},{"taxonomy":"product_cat","embeddable":true,"href":"https:\/\/www.cascade.it\/fr\/wp-json\/wp\/v2\/product_cat?post=2592"},{"taxonomy":"product_tag","embeddable":true,"href":"https:\/\/www.cascade.it\/fr\/wp-json\/wp\/v2\/product_tag?post=2592"}],"curies":[{"name":"wp","href":"https:\/\/api.w.org\/{rel}","templated":true}]}}