{"id":2582,"date":"2019-02-20T09:51:57","date_gmt":"2019-02-20T08:51:57","guid":{"rendered":"https:\/\/www.cascade.it\/new\/prodotto\/pulsante-pneumatico\/"},"modified":"2021-10-13T11:06:01","modified_gmt":"2021-10-13T09:06:01","slug":"bouton-pneumatique-au-sol","status":"publish","type":"product","link":"https:\/\/www.cascade.it\/fr\/prodotto\/bouton-pneumatique-au-sol\/","title":{"rendered":"Bouton pneumatique au sol"},"content":{"rendered":"<p>&nbsp;<\/p>\n<div class=\"carousel-slider-outer carousel-slider-outer-image-carousel carousel-slider-outer-1226\" style=\"--carousel-slider-nav-color:#f1f1f1;--carousel-slider-active-nav-color:#00d1b2;--carousel-slider-arrow-size:48px;--carousel-slider-bullet-size:10px\">\n<div id=\"&#039;id-1226\" class=\"carousel-slider carousel-slider-1226 arrows-visibility-hover dots-visibility-never arrows-outside dots-center dots-square owl-carousel\" data-slide-type=\"image-carousel\" data-owl-settings='{\"nav\":true,\"dots\":false,\"slideBy\":1,\"stagePadding\":0,\"margin\":10,\"loop\":true,\"lazyLoad\":true,\"autoplay\":true,\"autoplayTimeout\":5000,\"autoplaySpeed\":500,\"autoplayHoverPause\":true,\"autoWidth\":false,\"responsive\":{\"300\":{\"items\":1},\"576\":{\"items\":2},\"768\":{\"items\":2},\"1024\":{\"items\":2},\"1280\":{\"items\":2},\"1536\":{\"items\":2}}}'>\n<div class=\"carousel-slider__item\">\n\t<img class=\"owl-lazy\" data-src=\"https:\/\/www.cascade.it\/new\/wp-content\/uploads\/2019\/07\/Pulsante-pneumatico-a-pavimento.jpg\" alt=\"\"><\/a><\/div>\n\n<div class=\"carousel-slider__item\">\n\t<img class=\"owl-lazy\" data-src=\"https:\/\/www.cascade.it\/new\/wp-content\/uploads\/2019\/07\/Pulsante-pneumatico-a-pavimento-1.jpg\" alt=\"\"><\/a><\/div>\n\n<\/div><!-- .carousel-slider-1226 -->\n<\/div><!-- .carousel-slider-outer-1226 -->\n\n<h1><span style=\"color: #1e73be;\">Bouton pneumatique au sol pour fontaines<\/span><\/h1>\n<p>Fabriqu\u00e9 en <b>bronze\u00a0<\/b>et en <strong>acier inoxydable<\/strong>, le <strong>Bouton pneumatique<\/strong> peut \u00eatre mont\u00e9 au sol ou au mur.<\/p>\n<p>Il permet le <strong>fonctionnement \u00e0 distance<\/strong> du syst\u00e8me en toute s\u00e9curit\u00e9 car il n&rsquo;y a pas de pi\u00e8ces \u00e9lectriques actives, gr\u00e2ce \u00e0 l&rsquo;aide d&rsquo;un <strong>interrupteur pneumatique<\/strong> qui <strong>interagit avec le tableau de commande<\/strong>.<\/p>\n<p>Particuli\u00e8rement adapt\u00e9 aux <a href=\"https:\/\/www.cascade.it\/fr\/produits\/fontaines-seches\/\"><span style=\"text-decoration: underline;\"><strong>fontaines interactives<\/strong><\/span><\/a> ou lorsqu&rsquo;il est n\u00e9cessaire d&rsquo;augmenter l&rsquo;int\u00e9r\u00eat du syst\u00e8me en le faisant fonctionner \u00e0 partir de <strong>zones humides<\/strong> ou de <strong>l&rsquo;int\u00e9rieur<\/strong> de la <strong>fontaine<\/strong> <strong>elle-m\u00eame<\/strong>.<\/p>\n<p>Gr\u00e2ce aux mat\u00e9riaux nobles utilis\u00e9s et \u00e0 sa structure m\u00e9canique, ce bouton est particuli\u00e8rement <strong>robuste<\/strong> et <strong>r\u00e9sistant<\/strong> dans le temps.<\/p>\n<p>Fixation au moyen de trois vis \u00e0 t\u00eate frais\u00e9e M6.<\/p>\n<p>&nbsp;<\/p>\n<h3>Donn\u00e9es techniques<\/h3>\n<div style=\"overflow-x: auto;\">\n<table width=\"81%\">\n<tbody>\n<tr>\n<td width=\"14%\"><strong>\u00a0<\/strong><\/td>\n<td class=\"thHorz\" width=\"85%\">Bouton pneumatique au sol<\/td>\n<\/tr>\n<tr>\n<td class=\"thVert\" width=\"14%\">Code<\/td>\n<td width=\"85%\">PP165<\/td>\n<\/tr>\n<tr>\n<td class=\"thVert\" width=\"14%\">Dimensions tube air<\/td>\n<td width=\"85%\">6 x 4 mm<\/td>\n<\/tr>\n<tr>\n<td class=\"thVert\" width=\"14%\">Accessoires n\u00e9cessaires<\/td>\n<td width=\"85%\">Interrupteur pneumatique N.O.<\/td>\n<\/tr>\n<tr>\n<td class=\"thVert\" width=\"14%\">Mat\u00e9riel<\/td>\n<td width=\"85%\">Bronze et Acier Inox<\/td>\n<\/tr>\n<\/tbody>\n<\/table>\n<\/div>\n<p>&nbsp;<\/p>\n<h3>Downloads<\/h3>\n<div class=\"divide-line text-left\"><\/div>\n<div>\n<div style=\"float: left; padding: 5px; text-align: center; width: 150px;\"><a href=\"https:\/\/www.cascade.it\/new\/wp-content\/uploads\/2021\/10\/CASCADE-Bouton-pneumatique-FR.pdf\" target=\"_blank\" rel=\"noopener\"><img loading=\"lazy\" decoding=\"async\" class=\"alignnone wp-image-783\" src=\"https:\/\/www.cascade.it\/new\/wp-content\/uploads\/2019\/02\/pdf-icon-png-7.jpg\" alt=\"\" width=\"91\" height=\"91\" srcset=\"https:\/\/www.cascade.it\/new\/wp-content\/uploads\/2019\/02\/pdf-icon-png-7.jpg 254w, https:\/\/www.cascade.it\/new\/wp-content\/uploads\/2019\/02\/pdf-icon-png-7-150x150.jpg 150w, https:\/\/www.cascade.it\/new\/wp-content\/uploads\/2019\/02\/pdf-icon-png-7-100x100.jpg 100w\" sizes=\"auto, (max-width: 91px) 100vw, 91px\" \/><\/a><br \/>\nFiche technique<\/div>\n<div style=\"padding: 5px; text-align: center; float: left; margin-left: 20px;\"><\/div>\n<\/div>\n","protected":false},"excerpt":{"rendered":"<p>&nbsp; Bouton pneumatique au sol pour fontaines Fabriqu\u00e9 en bronze\u00a0et en acier inoxydable, le Bouton pneumatique peut \u00eatre mont\u00e9 au sol ou au mur. Il permet le fonctionnement \u00e0 distance du syst\u00e8me en toute s\u00e9curit\u00e9 car il n&rsquo;y a pas de pi\u00e8ces \u00e9lectriques actives, gr\u00e2ce \u00e0 l&rsquo;aide d&rsquo;un interrupteur pneumatique qui interagit avec le tableau [&hellip;]<\/p>\n","protected":false},"featured_media":2583,"template":"","meta":[],"product_brand":[],"product_cat":[287],"product_tag":[],"class_list":{"0":"post-2582","1":"product","2":"type-product","3":"status-publish","4":"has-post-thumbnail","6":"product_cat-accessoires-hydrauliques-fontaines","8":"first","9":"instock","10":"shipping-taxable","11":"product-type-simple"},"yoast_head":"<!-- This site is optimized with the Yoast SEO plugin v26.7 - https:\/\/yoast.com\/wordpress\/plugins\/seo\/ -->\n<title>Bouton pneumatique au sol pour fontaines - Cascade<\/title>\n<meta name=\"description\" content=\"Fabriqu\u00e9 en bronze et en acier inoxydable, le Bouton pneumatique peut \u00eatre mont\u00e9 au sol ou au mur.Il permet le fonctionnement \u00e0 distance de la fontaine.\" \/>\n<meta name=\"robots\" content=\"index, follow, max-snippet:-1, max-image-preview:large, max-video-preview:-1\" \/>\n<link rel=\"canonical\" href=\"https:\/\/www.cascade.it\/fr\/prodotto\/bouton-pneumatique-au-sol\/\" \/>\n<meta property=\"og:locale\" content=\"fr_FR\" \/>\n<meta property=\"og:type\" content=\"article\" \/>\n<meta property=\"og:title\" content=\"Bouton pneumatique au sol pour fontaines - Cascade\" \/>\n<meta property=\"og:description\" content=\"Fabriqu\u00e9 en bronze et en acier inoxydable, le Bouton pneumatique peut \u00eatre mont\u00e9 au sol ou au mur.Il permet le fonctionnement \u00e0 distance de la fontaine.\" \/>\n<meta property=\"og:url\" content=\"https:\/\/www.cascade.it\/fr\/prodotto\/bouton-pneumatique-au-sol\/\" \/>\n<meta property=\"og:site_name\" content=\"Cascade\" \/>\n<meta property=\"article:modified_time\" content=\"2021-10-13T09:06:01+00:00\" \/>\n<meta property=\"og:image\" content=\"https:\/\/www.cascade.it\/new\/wp-content\/uploads\/Prodotti\/Accessori_per_fontane\/Accessori_idraulici_per_fontane\/PULSANTE-PNEUMATICO-A-PAVIMENTO.jpg\" \/>\n\t<meta property=\"og:image:width\" content=\"1300\" \/>\n\t<meta property=\"og:image:height\" content=\"1300\" \/>\n\t<meta property=\"og:image:type\" content=\"image\/jpeg\" \/>\n<meta name=\"twitter:card\" content=\"summary_large_image\" \/>\n<meta name=\"twitter:label1\" content=\"Dur\u00e9e de lecture estim\u00e9e\" \/>\n\t<meta name=\"twitter:data1\" content=\"1 minute\" \/>\n<!-- \/ Yoast SEO plugin. -->","yoast_head_json":{"title":"Bouton pneumatique au sol pour fontaines - Cascade","description":"Fabriqu\u00e9 en bronze et en acier inoxydable, le Bouton pneumatique peut \u00eatre mont\u00e9 au sol ou au mur.Il permet le fonctionnement \u00e0 distance de la fontaine.","robots":{"index":"index","follow":"follow","max-snippet":"max-snippet:-1","max-image-preview":"max-image-preview:large","max-video-preview":"max-video-preview:-1"},"canonical":"https:\/\/www.cascade.it\/fr\/prodotto\/bouton-pneumatique-au-sol\/","og_locale":"fr_FR","og_type":"article","og_title":"Bouton pneumatique au sol pour fontaines - Cascade","og_description":"Fabriqu\u00e9 en bronze et en acier inoxydable, le Bouton pneumatique peut \u00eatre mont\u00e9 au sol ou au mur.Il permet le fonctionnement \u00e0 distance de la fontaine.","og_url":"https:\/\/www.cascade.it\/fr\/prodotto\/bouton-pneumatique-au-sol\/","og_site_name":"Cascade","article_modified_time":"2021-10-13T09:06:01+00:00","og_image":[{"width":1300,"height":1300,"url":"https:\/\/www.cascade.it\/new\/wp-content\/uploads\/Prodotti\/Accessori_per_fontane\/Accessori_idraulici_per_fontane\/PULSANTE-PNEUMATICO-A-PAVIMENTO.jpg","type":"image\/jpeg"}],"twitter_card":"summary_large_image","twitter_misc":{"Dur\u00e9e de lecture estim\u00e9e":"1 minute"},"schema":{"@context":"https:\/\/schema.org","@graph":[{"@type":"WebPage","@id":"https:\/\/www.cascade.it\/fr\/prodotto\/bouton-pneumatique-au-sol\/","url":"https:\/\/www.cascade.it\/fr\/prodotto\/bouton-pneumatique-au-sol\/","name":"Bouton pneumatique au sol pour fontaines - Cascade","isPartOf":{"@id":"https:\/\/www.cascade.it\/fr\/#website"},"primaryImageOfPage":{"@id":"https:\/\/www.cascade.it\/fr\/prodotto\/bouton-pneumatique-au-sol\/#primaryimage"},"image":{"@id":"https:\/\/www.cascade.it\/fr\/prodotto\/bouton-pneumatique-au-sol\/#primaryimage"},"thumbnailUrl":"https:\/\/www.cascade.it\/new\/wp-content\/uploads\/Prodotti\/Accessori_per_fontane\/Accessori_idraulici_per_fontane\/PULSANTE-PNEUMATICO-A-PAVIMENTO.jpg","datePublished":"2019-02-20T08:51:57+00:00","dateModified":"2021-10-13T09:06:01+00:00","description":"Fabriqu\u00e9 en bronze et en acier inoxydable, le Bouton pneumatique peut \u00eatre mont\u00e9 au sol ou au mur.Il permet le fonctionnement \u00e0 distance de la fontaine.","breadcrumb":{"@id":"https:\/\/www.cascade.it\/fr\/prodotto\/bouton-pneumatique-au-sol\/#breadcrumb"},"inLanguage":"fr-FR","potentialAction":[{"@type":"ReadAction","target":["https:\/\/www.cascade.it\/fr\/prodotto\/bouton-pneumatique-au-sol\/"]}]},{"@type":"ImageObject","inLanguage":"fr-FR","@id":"https:\/\/www.cascade.it\/fr\/prodotto\/bouton-pneumatique-au-sol\/#primaryimage","url":"https:\/\/www.cascade.it\/new\/wp-content\/uploads\/Prodotti\/Accessori_per_fontane\/Accessori_idraulici_per_fontane\/PULSANTE-PNEUMATICO-A-PAVIMENTO.jpg","contentUrl":"https:\/\/www.cascade.it\/new\/wp-content\/uploads\/Prodotti\/Accessori_per_fontane\/Accessori_idraulici_per_fontane\/PULSANTE-PNEUMATICO-A-PAVIMENTO.jpg","width":1300,"height":1300},{"@type":"BreadcrumbList","@id":"https:\/\/www.cascade.it\/fr\/prodotto\/bouton-pneumatique-au-sol\/#breadcrumb","itemListElement":[{"@type":"ListItem","position":1,"name":"Home","item":"https:\/\/www.cascade.it\/fr\/"},{"@type":"ListItem","position":2,"name":"Boutique","item":"https:\/\/www.cascade.it\/fr\/boutique\/"},{"@type":"ListItem","position":3,"name":"Bouton pneumatique au sol"}]},{"@type":"WebSite","@id":"https:\/\/www.cascade.it\/fr\/#website","url":"https:\/\/www.cascade.it\/fr\/","name":"Cascade","description":"More than a fountain","potentialAction":[{"@type":"SearchAction","target":{"@type":"EntryPoint","urlTemplate":"https:\/\/www.cascade.it\/fr\/?s={search_term_string}"},"query-input":{"@type":"PropertyValueSpecification","valueRequired":true,"valueName":"search_term_string"}}],"inLanguage":"fr-FR"}]}},"_links":{"self":[{"href":"https:\/\/www.cascade.it\/fr\/wp-json\/wp\/v2\/product\/2582","targetHints":{"allow":["GET"]}}],"collection":[{"href":"https:\/\/www.cascade.it\/fr\/wp-json\/wp\/v2\/product"}],"about":[{"href":"https:\/\/www.cascade.it\/fr\/wp-json\/wp\/v2\/types\/product"}],"wp:featuredmedia":[{"embeddable":true,"href":"https:\/\/www.cascade.it\/fr\/wp-json\/wp\/v2\/media\/2583"}],"wp:attachment":[{"href":"https:\/\/www.cascade.it\/fr\/wp-json\/wp\/v2\/media?parent=2582"}],"wp:term":[{"taxonomy":"product_brand","embeddable":true,"href":"https:\/\/www.cascade.it\/fr\/wp-json\/wp\/v2\/product_brand?post=2582"},{"taxonomy":"product_cat","embeddable":true,"href":"https:\/\/www.cascade.it\/fr\/wp-json\/wp\/v2\/product_cat?post=2582"},{"taxonomy":"product_tag","embeddable":true,"href":"https:\/\/www.cascade.it\/fr\/wp-json\/wp\/v2\/product_tag?post=2582"}],"curies":[{"name":"wp","href":"https:\/\/api.w.org\/{rel}","templated":true}]}}