{"id":2577,"date":"2019-02-20T09:49:34","date_gmt":"2019-02-20T08:49:34","guid":{"rendered":"https:\/\/www.cascade.it\/new\/prodotto\/prolunga-regolabile\/"},"modified":"2021-10-13T11:00:05","modified_gmt":"2021-10-13T09:00:05","slug":"rallonge-reglable","status":"publish","type":"product","link":"https:\/\/www.cascade.it\/fr\/prodotto\/rallonge-reglable\/","title":{"rendered":"Rallonge r\u00e9glable"},"content":{"rendered":"<p>[vc_row][vc_column][vc_empty_space height=\u00a0\u00bb50&Prime; height_mobile=\u00a0\u00bb100&Prime;][vc_column_text spacing_heading=\u00a0\u00bb\u00a0\u00bb spacing_heading_tab=\u00a0\u00bb\u00a0\u00bb spacing_heading_mobile=\u00a0\u00bb\u00a0\u00bb]<div class=\"carousel-slider-outer carousel-slider-outer-image-carousel carousel-slider-outer-1223\" style=\"--carousel-slider-nav-color:#f1f1f1;--carousel-slider-active-nav-color:#00d1b2;--carousel-slider-arrow-size:48px;--carousel-slider-bullet-size:10px\">\n<div id=\"&#039;id-1223\" class=\"carousel-slider carousel-slider-1223 arrows-visibility-hover dots-visibility-never arrows-outside dots-center dots-square owl-carousel\" data-slide-type=\"image-carousel\" data-owl-settings='{\"nav\":true,\"dots\":false,\"slideBy\":1,\"stagePadding\":0,\"margin\":10,\"loop\":true,\"lazyLoad\":true,\"autoplay\":true,\"autoplayTimeout\":5000,\"autoplaySpeed\":500,\"autoplayHoverPause\":true,\"autoWidth\":false,\"responsive\":{\"300\":{\"items\":1},\"576\":{\"items\":2},\"768\":{\"items\":2},\"1024\":{\"items\":2},\"1280\":{\"items\":2},\"1536\":{\"items\":2}}}'>\n<div class=\"carousel-slider__item\">\n\t<img class=\"owl-lazy\" data-src=\"https:\/\/www.cascade.it\/new\/wp-content\/uploads\/2019\/09\/Prolunga-regolabile.jpg\" alt=\"\"><\/a><\/div>\n\n<div class=\"carousel-slider__item\">\n\t<img class=\"owl-lazy\" data-src=\"https:\/\/www.cascade.it\/new\/wp-content\/uploads\/2019\/07\/Prolunga-regolabile-1.jpg\" alt=\"\"><\/a><\/div>\n\n<\/div><!-- .carousel-slider-1223 -->\n<\/div><!-- .carousel-slider-outer-1223 -->\n<\/p>\n<p>&nbsp;<\/p>\n<h1><span style=\"color: #1e73be;\">Rallonge r\u00e9glable pour fontaines<\/span><\/h1>\n<p>En <strong>bronze<\/strong> et <strong>laiton<\/strong>, <strong>le Rallonge<\/strong>\u00a0<strong>r\u00e9glable<\/strong> permet un <strong>r\u00e9glage en hauteur de la position de l\u2019ajutage<\/strong>.<\/p>\n<p>Dispositif utile dans les op\u00e9rations de configuration du syst\u00e8me, en particulier pour les ajutages <strong>d\u00e9pendants<\/strong> du niveau de l&rsquo;eau, comme le <span style=\"text-decoration: underline;\"><a href=\"https:\/\/www.cascade.it\/fr\/prodotto\/ajutage-cascade\/\"><strong>Cascade<\/strong><\/a><\/span> et le\u00a0<a href=\"https:\/\/www.cascade.it\/fr\/prodotto\/ajutage-geiser\/\"><span style=\"text-decoration: underline;\"><strong>Geiser<\/strong><\/span><\/a>, dont fonctionnement est fortement influenc\u00e9 par la position de l\u2019ajutage par rapport \u00e0 la surface de l&rsquo;eau. Cela vous permet de trouver le point de travail correct de l\u2019ajutage en fonction des besoins sp\u00e9cifiques du syst\u00e8me.<\/p>\n<p>R\u00e9glage <strong>50 mm<\/strong> (hauteurs sup\u00e9rieures sur demande).<\/p>\n<p>&nbsp;<\/p>\n<h3>Donn\u00e9es techniques<\/h3>\n<div style=\"overflow-x: auto;\">\n<table width=\"91%\">\n<tbody>\n<tr>\n<td width=\"11%\"><strong>\u00a0<\/strong><\/td>\n<td class=\"thHorz\" width=\"17%\">Rallonge 100<\/td>\n<td class=\"thHorz\" width=\"17%\">Rallonge 125<\/td>\n<td class=\"thHorz\" width=\"17%\">Rallonge 150<\/td>\n<td class=\"thHorz\" width=\"17%\">Rallonge 200<\/td>\n<td class=\"thHorz\" width=\"17%\">Rallonge 250<\/td>\n<\/tr>\n<tr>\n<td class=\"thVert\" width=\"11%\">Code<\/td>\n<td width=\"17%\">PRO100<\/td>\n<td width=\"17%\">PRO125<\/td>\n<td width=\"17%\">PRO150<\/td>\n<td width=\"17%\">PRO200<\/td>\n<td width=\"17%\">PRO250<\/td>\n<\/tr>\n<tr>\n<td class=\"thVert\" width=\"11%\">Connexion<\/td>\n<td width=\"17%\">1\u201d<\/td>\n<td width=\"17%\">1 1\/4\u201d<\/td>\n<td width=\"17%\">1 1\/2\u201d<\/td>\n<td width=\"17%\">2\u201d<\/td>\n<td width=\"17%\">2 1\/2\u201d<\/td>\n<\/tr>\n<tr>\n<td class=\"thVert\" width=\"11%\">Mat\u00e9riel<\/td>\n<td width=\"17%\">Bronze et Laiton<\/td>\n<td width=\"17%\">Bronze et Laiton<\/td>\n<td width=\"17%\">Bronze et Laiton<\/td>\n<td width=\"17%\">Bronze et Laiton<\/td>\n<td width=\"17%\">Bronze et Laiton<\/td>\n<\/tr>\n<\/tbody>\n<\/table>\n<\/div>\n<p>&nbsp;<\/p>\n<h3>Downloads<\/h3>\n<div class=\"divide-line text-left\"><\/div>\n<div>\n<div style=\"float: left; padding: 5px; text-align: center; width: 150px;\"><a href=\"https:\/\/www.cascade.it\/new\/wp-content\/uploads\/2021\/10\/CASCADE-Rallonge-reglable-FR.pdf\" target=\"_blank\" rel=\"noopener\"><img loading=\"lazy\" decoding=\"async\" class=\"alignnone wp-image-783\" src=\"https:\/\/www.cascade.it\/new\/wp-content\/uploads\/2019\/02\/pdf-icon-png-7.jpg\" alt=\"\" width=\"91\" height=\"91\" srcset=\"https:\/\/www.cascade.it\/new\/wp-content\/uploads\/2019\/02\/pdf-icon-png-7.jpg 254w, https:\/\/www.cascade.it\/new\/wp-content\/uploads\/2019\/02\/pdf-icon-png-7-150x150.jpg 150w, https:\/\/www.cascade.it\/new\/wp-content\/uploads\/2019\/02\/pdf-icon-png-7-100x100.jpg 100w\" sizes=\"auto, (max-width: 91px) 100vw, 91px\" \/><\/a><br \/>\nFiche technique<\/div>\n<\/div>\n","protected":false},"excerpt":{"rendered":"<p>[vc_row][vc_column][vc_empty_space height=\u00a0\u00bb50&Prime; height_mobile=\u00a0\u00bb100&Prime;][vc_column_text spacing_heading=\u00a0\u00bb\u00a0\u00bb spacing_heading_tab=\u00a0\u00bb\u00a0\u00bb spacing_heading_mobile=\u00a0\u00bb\u00a0\u00bb] &nbsp; Rallonge r\u00e9glable pour fontaines En bronze et laiton, le Rallonge\u00a0r\u00e9glable permet un r\u00e9glage en hauteur de la position de l\u2019ajutage. Dispositif utile dans les op\u00e9rations de configuration du syst\u00e8me, en particulier pour les ajutages d\u00e9pendants du niveau de l&rsquo;eau, comme le Cascade et le\u00a0Geiser, dont fonctionnement est fortement [&hellip;]<\/p>\n","protected":false},"featured_media":2578,"template":"","meta":[],"product_brand":[],"product_cat":[287],"product_tag":[],"class_list":{"0":"post-2577","1":"product","2":"type-product","3":"status-publish","4":"has-post-thumbnail","6":"product_cat-accessoires-hydrauliques-fontaines","8":"first","9":"instock","10":"shipping-taxable","11":"product-type-simple"},"yoast_head":"<!-- This site is optimized with the Yoast SEO plugin v26.7 - https:\/\/yoast.com\/wordpress\/plugins\/seo\/ -->\n<title>Rallonge r\u00e9glable pour fontaines - Cascade<\/title>\n<meta name=\"description\" content=\"En bronze et laiton, le Rallonge r\u00e9glable permet un r\u00e9glage en hauteur de la position de l\u2019ajutage, en particulier pour les ajutages Cascade et Geiser.\" \/>\n<meta name=\"robots\" content=\"index, follow, max-snippet:-1, max-image-preview:large, max-video-preview:-1\" \/>\n<link rel=\"canonical\" href=\"https:\/\/www.cascade.it\/fr\/prodotto\/rallonge-reglable\/\" \/>\n<meta property=\"og:locale\" content=\"fr_FR\" \/>\n<meta property=\"og:type\" content=\"article\" \/>\n<meta property=\"og:title\" content=\"Rallonge r\u00e9glable pour fontaines - Cascade\" \/>\n<meta property=\"og:description\" content=\"En bronze et laiton, le Rallonge r\u00e9glable permet un r\u00e9glage en hauteur de la position de l\u2019ajutage, en particulier pour les ajutages Cascade et Geiser.\" \/>\n<meta property=\"og:url\" content=\"https:\/\/www.cascade.it\/fr\/prodotto\/rallonge-reglable\/\" \/>\n<meta property=\"og:site_name\" content=\"Cascade\" \/>\n<meta property=\"article:modified_time\" content=\"2021-10-13T09:00:05+00:00\" \/>\n<meta property=\"og:image\" content=\"https:\/\/www.cascade.it\/new\/wp-content\/uploads\/Prodotti\/Accessori_per_fontane\/Accessori_idraulici_per_fontane\/PROLUNGA-REGOLABILE.jpg\" \/>\n\t<meta property=\"og:image:width\" content=\"1300\" \/>\n\t<meta property=\"og:image:height\" content=\"1300\" \/>\n\t<meta property=\"og:image:type\" content=\"image\/jpeg\" \/>\n<meta name=\"twitter:card\" content=\"summary_large_image\" \/>\n<meta name=\"twitter:label1\" content=\"Dur\u00e9e de lecture estim\u00e9e\" \/>\n\t<meta name=\"twitter:data1\" content=\"1 minute\" \/>\n<!-- \/ Yoast SEO plugin. -->","yoast_head_json":{"title":"Rallonge r\u00e9glable pour fontaines - Cascade","description":"En bronze et laiton, le Rallonge r\u00e9glable permet un r\u00e9glage en hauteur de la position de l\u2019ajutage, en particulier pour les ajutages Cascade et Geiser.","robots":{"index":"index","follow":"follow","max-snippet":"max-snippet:-1","max-image-preview":"max-image-preview:large","max-video-preview":"max-video-preview:-1"},"canonical":"https:\/\/www.cascade.it\/fr\/prodotto\/rallonge-reglable\/","og_locale":"fr_FR","og_type":"article","og_title":"Rallonge r\u00e9glable pour fontaines - Cascade","og_description":"En bronze et laiton, le Rallonge r\u00e9glable permet un r\u00e9glage en hauteur de la position de l\u2019ajutage, en particulier pour les ajutages Cascade et Geiser.","og_url":"https:\/\/www.cascade.it\/fr\/prodotto\/rallonge-reglable\/","og_site_name":"Cascade","article_modified_time":"2021-10-13T09:00:05+00:00","og_image":[{"width":1300,"height":1300,"url":"https:\/\/www.cascade.it\/new\/wp-content\/uploads\/Prodotti\/Accessori_per_fontane\/Accessori_idraulici_per_fontane\/PROLUNGA-REGOLABILE.jpg","type":"image\/jpeg"}],"twitter_card":"summary_large_image","twitter_misc":{"Dur\u00e9e de lecture estim\u00e9e":"1 minute"},"schema":{"@context":"https:\/\/schema.org","@graph":[{"@type":"WebPage","@id":"https:\/\/www.cascade.it\/fr\/prodotto\/rallonge-reglable\/","url":"https:\/\/www.cascade.it\/fr\/prodotto\/rallonge-reglable\/","name":"Rallonge r\u00e9glable pour fontaines - Cascade","isPartOf":{"@id":"https:\/\/www.cascade.it\/fr\/#website"},"primaryImageOfPage":{"@id":"https:\/\/www.cascade.it\/fr\/prodotto\/rallonge-reglable\/#primaryimage"},"image":{"@id":"https:\/\/www.cascade.it\/fr\/prodotto\/rallonge-reglable\/#primaryimage"},"thumbnailUrl":"https:\/\/www.cascade.it\/new\/wp-content\/uploads\/Prodotti\/Accessori_per_fontane\/Accessori_idraulici_per_fontane\/PROLUNGA-REGOLABILE.jpg","datePublished":"2019-02-20T08:49:34+00:00","dateModified":"2021-10-13T09:00:05+00:00","description":"En bronze et laiton, le Rallonge r\u00e9glable permet un r\u00e9glage en hauteur de la position de l\u2019ajutage, en particulier pour les ajutages Cascade et Geiser.","breadcrumb":{"@id":"https:\/\/www.cascade.it\/fr\/prodotto\/rallonge-reglable\/#breadcrumb"},"inLanguage":"fr-FR","potentialAction":[{"@type":"ReadAction","target":["https:\/\/www.cascade.it\/fr\/prodotto\/rallonge-reglable\/"]}]},{"@type":"ImageObject","inLanguage":"fr-FR","@id":"https:\/\/www.cascade.it\/fr\/prodotto\/rallonge-reglable\/#primaryimage","url":"https:\/\/www.cascade.it\/new\/wp-content\/uploads\/Prodotti\/Accessori_per_fontane\/Accessori_idraulici_per_fontane\/PROLUNGA-REGOLABILE.jpg","contentUrl":"https:\/\/www.cascade.it\/new\/wp-content\/uploads\/Prodotti\/Accessori_per_fontane\/Accessori_idraulici_per_fontane\/PROLUNGA-REGOLABILE.jpg","width":1300,"height":1300},{"@type":"BreadcrumbList","@id":"https:\/\/www.cascade.it\/fr\/prodotto\/rallonge-reglable\/#breadcrumb","itemListElement":[{"@type":"ListItem","position":1,"name":"Home","item":"https:\/\/www.cascade.it\/fr\/"},{"@type":"ListItem","position":2,"name":"Boutique","item":"https:\/\/www.cascade.it\/fr\/boutique\/"},{"@type":"ListItem","position":3,"name":"Rallonge r\u00e9glable"}]},{"@type":"WebSite","@id":"https:\/\/www.cascade.it\/fr\/#website","url":"https:\/\/www.cascade.it\/fr\/","name":"Cascade","description":"More than a fountain","potentialAction":[{"@type":"SearchAction","target":{"@type":"EntryPoint","urlTemplate":"https:\/\/www.cascade.it\/fr\/?s={search_term_string}"},"query-input":{"@type":"PropertyValueSpecification","valueRequired":true,"valueName":"search_term_string"}}],"inLanguage":"fr-FR"}]}},"_links":{"self":[{"href":"https:\/\/www.cascade.it\/fr\/wp-json\/wp\/v2\/product\/2577","targetHints":{"allow":["GET"]}}],"collection":[{"href":"https:\/\/www.cascade.it\/fr\/wp-json\/wp\/v2\/product"}],"about":[{"href":"https:\/\/www.cascade.it\/fr\/wp-json\/wp\/v2\/types\/product"}],"wp:featuredmedia":[{"embeddable":true,"href":"https:\/\/www.cascade.it\/fr\/wp-json\/wp\/v2\/media\/2578"}],"wp:attachment":[{"href":"https:\/\/www.cascade.it\/fr\/wp-json\/wp\/v2\/media?parent=2577"}],"wp:term":[{"taxonomy":"product_brand","embeddable":true,"href":"https:\/\/www.cascade.it\/fr\/wp-json\/wp\/v2\/product_brand?post=2577"},{"taxonomy":"product_cat","embeddable":true,"href":"https:\/\/www.cascade.it\/fr\/wp-json\/wp\/v2\/product_cat?post=2577"},{"taxonomy":"product_tag","embeddable":true,"href":"https:\/\/www.cascade.it\/fr\/wp-json\/wp\/v2\/product_tag?post=2577"}],"curies":[{"name":"wp","href":"https:\/\/api.w.org\/{rel}","templated":true}]}}