{"id":2569,"date":"2019-02-20T09:48:20","date_gmt":"2019-02-20T08:48:20","guid":{"rendered":"https:\/\/www.cascade.it\/new\/prodotto\/presa-daria-per-locale-tecnico\/"},"modified":"2021-10-12T18:31:31","modified_gmt":"2021-10-12T16:31:31","slug":"prise-dair","status":"publish","type":"product","link":"https:\/\/www.cascade.it\/fr\/prodotto\/prise-dair\/","title":{"rendered":"Prise d&rsquo;air pour local technique"},"content":{"rendered":"<p>[vc_row][vc_column][vc_empty_space height=\u00a0\u00bb50&Prime; height_mobile=\u00a0\u00bb100&Prime;][vc_column_text spacing_heading=\u00a0\u00bb\u00a0\u00bb spacing_heading_tab=\u00a0\u00bb\u00a0\u00bb spacing_heading_mobile=\u00a0\u00bb\u00a0\u00bb]<div class=\"carousel-slider-outer carousel-slider-outer-image-carousel carousel-slider-outer-1220\" style=\"--carousel-slider-nav-color:#f1f1f1;--carousel-slider-active-nav-color:#00d1b2;--carousel-slider-arrow-size:48px;--carousel-slider-bullet-size:10px\">\n<div id=\"&#039;id-1220\" class=\"carousel-slider carousel-slider-1220 arrows-visibility-hover dots-visibility-never arrows-outside dots-center dots-square owl-carousel\" data-slide-type=\"image-carousel\" data-owl-settings='{\"nav\":true,\"dots\":false,\"slideBy\":1,\"stagePadding\":0,\"margin\":10,\"loop\":true,\"lazyLoad\":true,\"autoplay\":true,\"autoplayTimeout\":5000,\"autoplaySpeed\":500,\"autoplayHoverPause\":true,\"autoWidth\":false,\"responsive\":{\"300\":{\"items\":1},\"576\":{\"items\":2},\"768\":{\"items\":2},\"1024\":{\"items\":2},\"1280\":{\"items\":2},\"1536\":{\"items\":2}}}'>\n<div class=\"carousel-slider__item\">\n\t<img class=\"owl-lazy\" data-src=\"https:\/\/www.cascade.it\/new\/wp-content\/uploads\/2019\/07\/Presa-daria-per-locale-tecnico.jpg\" alt=\"\"><\/a><\/div>\n\n<div class=\"carousel-slider__item\">\n\t<img class=\"owl-lazy\" data-src=\"https:\/\/www.cascade.it\/new\/wp-content\/uploads\/2019\/07\/Presa-daria-per-locale-tecnico-1.jpg\" alt=\"\"><\/a><\/div>\n\n<\/div><!-- .carousel-slider-1220 -->\n<\/div><!-- .carousel-slider-outer-1220 -->\n<\/p>\n<h1><span style=\"color: #1e73be;\">Prise d\u2019air pour local technique<\/span><\/h1>\n<p>Fabriqu\u00e9e en <strong>acier inoxydable<\/strong>, elle convient \u00e0 la <strong>ventilation naturelle<\/strong> dans les <strong>compartiments techniques souterrains<\/strong> ou sans ouvertures vers l&rsquo;ext\u00e9rieur.<\/p>\n<p>Elle est con\u00e7ue dans sa forme pour avoir un <strong>aspect esth\u00e9tique agr\u00e9able<\/strong> et des <strong>dimensions contenues<\/strong>.<\/p>\n<p>Elle est complete d\u2019<strong>ancrage avec bride<\/strong> pour la fixation \u00e0 la base de support et <strong>capuchon de fermeture<\/strong> pour emp\u00eacher l&rsquo;entr\u00e9e d&rsquo;eau de pluie.<\/p>\n<p>Particuli\u00e8rement recommand\u00e9e pour les locaux techniques souterrains o\u00f9 le <strong>bon fonctionnement<\/strong> des \u00e9quipements hydrauliques et \u00e9lectroniques doit \u00eatre <strong>pr\u00e9serv\u00e9 dans le temps<\/strong>.<\/p>\n<p><strong>Pour une bonne ventilation, 2 prises sont n\u00e9cessaires<\/strong>.<\/p>\n<p>&nbsp;<\/p>\n<h3>Donn\u00e9es techniques<\/h3>\n<div style=\"overflow-x: auto;\">\n<table width=\"81%\">\n<tbody>\n<tr>\n<td width=\"14%\"><strong>\u00a0<\/strong><\/td>\n<td class=\"thHorz\" width=\"85%\">Prise d\u2019air pour local technique<\/td>\n<\/tr>\n<tr>\n<td class=\"thVert\" width=\"14%\">Code<\/td>\n<td width=\"85%\">PAIR<\/td>\n<\/tr>\n<tr>\n<td class=\"thVert\" width=\"14%\">Diam\u00e8tre<\/td>\n<td width=\"85%\">27 cm<\/td>\n<\/tr>\n<tr>\n<td class=\"thVert\" width=\"14%\">Hauteur<\/td>\n<td width=\"85%\">35 cm<\/td>\n<\/tr>\n<tr>\n<td class=\"thVert\" width=\"14%\">Diam\u00e8tre Bride<\/td>\n<td width=\"85%\">30 cm<\/td>\n<\/tr>\n<tr>\n<td class=\"thVert\" width=\"14%\">Mat\u00e8riel<\/td>\n<td width=\"85%\">Acier Inox<\/td>\n<\/tr>\n<\/tbody>\n<\/table>\n<\/div>\n<p>&nbsp;<\/p>\n<h3>Downloads<\/h3>\n<div class=\"divide-line text-left\"><\/div>\n<div>\n<div style=\"float: left; padding: 5px; text-align: center; width: 150px;\"><a href=\"https:\/\/www.cascade.it\/new\/wp-content\/uploads\/2021\/10\/CASCADE-Prise-dair-pour-local-technique-FR.pdf\" target=\"_blank\" rel=\"noopener\"><img loading=\"lazy\" decoding=\"async\" class=\"alignnone wp-image-783\" src=\"https:\/\/www.cascade.it\/new\/wp-content\/uploads\/2019\/02\/pdf-icon-png-7.jpg\" alt=\"\" width=\"91\" height=\"91\" srcset=\"https:\/\/www.cascade.it\/new\/wp-content\/uploads\/2019\/02\/pdf-icon-png-7.jpg 254w, https:\/\/www.cascade.it\/new\/wp-content\/uploads\/2019\/02\/pdf-icon-png-7-150x150.jpg 150w, https:\/\/www.cascade.it\/new\/wp-content\/uploads\/2019\/02\/pdf-icon-png-7-100x100.jpg 100w\" sizes=\"auto, (max-width: 91px) 100vw, 91px\" \/><\/a><br \/>\nFiche technique<\/div>\n<\/div>\n","protected":false},"excerpt":{"rendered":"<p>[vc_row][vc_column][vc_empty_space height=\u00a0\u00bb50&Prime; height_mobile=\u00a0\u00bb100&Prime;][vc_column_text spacing_heading=\u00a0\u00bb\u00a0\u00bb spacing_heading_tab=\u00a0\u00bb\u00a0\u00bb spacing_heading_mobile=\u00a0\u00bb\u00a0\u00bb] Prise d\u2019air pour local technique Fabriqu\u00e9e en acier inoxydable, elle convient \u00e0 la ventilation naturelle dans les compartiments techniques souterrains ou sans ouvertures vers l&rsquo;ext\u00e9rieur. Elle est con\u00e7ue dans sa forme pour avoir un aspect esth\u00e9tique agr\u00e9able et des dimensions contenues. Elle est complete d\u2019ancrage avec bride pour la [&hellip;]<\/p>\n","protected":false},"featured_media":2570,"template":"","meta":[],"product_brand":[],"product_cat":[287],"product_tag":[],"class_list":{"0":"post-2569","1":"product","2":"type-product","3":"status-publish","4":"has-post-thumbnail","6":"product_cat-accessoires-hydrauliques-fontaines","8":"first","9":"instock","10":"shipping-taxable","11":"product-type-simple"},"yoast_head":"<!-- This site is optimized with the Yoast SEO plugin v26.7 - https:\/\/yoast.com\/wordpress\/plugins\/seo\/ -->\n<title>Prise d&#039;air pour local technique - Cascade<\/title>\n<meta name=\"description\" content=\"Fabriqu\u00e9e en acier inoxydable, elle convient \u00e0 la ventilation naturelle dans les compartiments techniques souterrains ou sans ouvertures vers l&#039;ext\u00e9rieur.\" \/>\n<meta name=\"robots\" content=\"index, follow, max-snippet:-1, max-image-preview:large, max-video-preview:-1\" \/>\n<link rel=\"canonical\" href=\"https:\/\/www.cascade.it\/fr\/prodotto\/prise-dair\/\" \/>\n<meta property=\"og:locale\" content=\"fr_FR\" \/>\n<meta property=\"og:type\" content=\"article\" \/>\n<meta property=\"og:title\" content=\"Prise d&#039;air pour local technique - Cascade\" \/>\n<meta property=\"og:description\" content=\"Fabriqu\u00e9e en acier inoxydable, elle convient \u00e0 la ventilation naturelle dans les compartiments techniques souterrains ou sans ouvertures vers l&#039;ext\u00e9rieur.\" \/>\n<meta property=\"og:url\" content=\"https:\/\/www.cascade.it\/fr\/prodotto\/prise-dair\/\" \/>\n<meta property=\"og:site_name\" content=\"Cascade\" \/>\n<meta property=\"article:modified_time\" content=\"2021-10-12T16:31:31+00:00\" \/>\n<meta property=\"og:image\" content=\"https:\/\/www.cascade.it\/new\/wp-content\/uploads\/Prodotti\/Accessori_per_fontane\/Accessori_idraulici_per_fontane\/PRESA-DARIA-PER-LOCALE-TECNICO.jpg\" \/>\n\t<meta property=\"og:image:width\" content=\"1300\" \/>\n\t<meta property=\"og:image:height\" content=\"1300\" \/>\n\t<meta property=\"og:image:type\" content=\"image\/jpeg\" \/>\n<meta name=\"twitter:card\" content=\"summary_large_image\" \/>\n<meta name=\"twitter:label1\" content=\"Dur\u00e9e de lecture estim\u00e9e\" \/>\n\t<meta name=\"twitter:data1\" content=\"1 minute\" \/>\n<!-- \/ Yoast SEO plugin. -->","yoast_head_json":{"title":"Prise d'air pour local technique - Cascade","description":"Fabriqu\u00e9e en acier inoxydable, elle convient \u00e0 la ventilation naturelle dans les compartiments techniques souterrains ou sans ouvertures vers l'ext\u00e9rieur.","robots":{"index":"index","follow":"follow","max-snippet":"max-snippet:-1","max-image-preview":"max-image-preview:large","max-video-preview":"max-video-preview:-1"},"canonical":"https:\/\/www.cascade.it\/fr\/prodotto\/prise-dair\/","og_locale":"fr_FR","og_type":"article","og_title":"Prise d'air pour local technique - Cascade","og_description":"Fabriqu\u00e9e en acier inoxydable, elle convient \u00e0 la ventilation naturelle dans les compartiments techniques souterrains ou sans ouvertures vers l'ext\u00e9rieur.","og_url":"https:\/\/www.cascade.it\/fr\/prodotto\/prise-dair\/","og_site_name":"Cascade","article_modified_time":"2021-10-12T16:31:31+00:00","og_image":[{"width":1300,"height":1300,"url":"https:\/\/www.cascade.it\/new\/wp-content\/uploads\/Prodotti\/Accessori_per_fontane\/Accessori_idraulici_per_fontane\/PRESA-DARIA-PER-LOCALE-TECNICO.jpg","type":"image\/jpeg"}],"twitter_card":"summary_large_image","twitter_misc":{"Dur\u00e9e de lecture estim\u00e9e":"1 minute"},"schema":{"@context":"https:\/\/schema.org","@graph":[{"@type":"WebPage","@id":"https:\/\/www.cascade.it\/fr\/prodotto\/prise-dair\/","url":"https:\/\/www.cascade.it\/fr\/prodotto\/prise-dair\/","name":"Prise d'air pour local technique - Cascade","isPartOf":{"@id":"https:\/\/www.cascade.it\/fr\/#website"},"primaryImageOfPage":{"@id":"https:\/\/www.cascade.it\/fr\/prodotto\/prise-dair\/#primaryimage"},"image":{"@id":"https:\/\/www.cascade.it\/fr\/prodotto\/prise-dair\/#primaryimage"},"thumbnailUrl":"https:\/\/www.cascade.it\/new\/wp-content\/uploads\/Prodotti\/Accessori_per_fontane\/Accessori_idraulici_per_fontane\/PRESA-DARIA-PER-LOCALE-TECNICO.jpg","datePublished":"2019-02-20T08:48:20+00:00","dateModified":"2021-10-12T16:31:31+00:00","description":"Fabriqu\u00e9e en acier inoxydable, elle convient \u00e0 la ventilation naturelle dans les compartiments techniques souterrains ou sans ouvertures vers l'ext\u00e9rieur.","breadcrumb":{"@id":"https:\/\/www.cascade.it\/fr\/prodotto\/prise-dair\/#breadcrumb"},"inLanguage":"fr-FR","potentialAction":[{"@type":"ReadAction","target":["https:\/\/www.cascade.it\/fr\/prodotto\/prise-dair\/"]}]},{"@type":"ImageObject","inLanguage":"fr-FR","@id":"https:\/\/www.cascade.it\/fr\/prodotto\/prise-dair\/#primaryimage","url":"https:\/\/www.cascade.it\/new\/wp-content\/uploads\/Prodotti\/Accessori_per_fontane\/Accessori_idraulici_per_fontane\/PRESA-DARIA-PER-LOCALE-TECNICO.jpg","contentUrl":"https:\/\/www.cascade.it\/new\/wp-content\/uploads\/Prodotti\/Accessori_per_fontane\/Accessori_idraulici_per_fontane\/PRESA-DARIA-PER-LOCALE-TECNICO.jpg","width":1300,"height":1300},{"@type":"BreadcrumbList","@id":"https:\/\/www.cascade.it\/fr\/prodotto\/prise-dair\/#breadcrumb","itemListElement":[{"@type":"ListItem","position":1,"name":"Home","item":"https:\/\/www.cascade.it\/fr\/"},{"@type":"ListItem","position":2,"name":"Boutique","item":"https:\/\/www.cascade.it\/fr\/boutique\/"},{"@type":"ListItem","position":3,"name":"Prise d&rsquo;air pour local technique"}]},{"@type":"WebSite","@id":"https:\/\/www.cascade.it\/fr\/#website","url":"https:\/\/www.cascade.it\/fr\/","name":"Cascade","description":"More than a fountain","potentialAction":[{"@type":"SearchAction","target":{"@type":"EntryPoint","urlTemplate":"https:\/\/www.cascade.it\/fr\/?s={search_term_string}"},"query-input":{"@type":"PropertyValueSpecification","valueRequired":true,"valueName":"search_term_string"}}],"inLanguage":"fr-FR"}]}},"_links":{"self":[{"href":"https:\/\/www.cascade.it\/fr\/wp-json\/wp\/v2\/product\/2569","targetHints":{"allow":["GET"]}}],"collection":[{"href":"https:\/\/www.cascade.it\/fr\/wp-json\/wp\/v2\/product"}],"about":[{"href":"https:\/\/www.cascade.it\/fr\/wp-json\/wp\/v2\/types\/product"}],"wp:featuredmedia":[{"embeddable":true,"href":"https:\/\/www.cascade.it\/fr\/wp-json\/wp\/v2\/media\/2570"}],"wp:attachment":[{"href":"https:\/\/www.cascade.it\/fr\/wp-json\/wp\/v2\/media?parent=2569"}],"wp:term":[{"taxonomy":"product_brand","embeddable":true,"href":"https:\/\/www.cascade.it\/fr\/wp-json\/wp\/v2\/product_brand?post=2569"},{"taxonomy":"product_cat","embeddable":true,"href":"https:\/\/www.cascade.it\/fr\/wp-json\/wp\/v2\/product_cat?post=2569"},{"taxonomy":"product_tag","embeddable":true,"href":"https:\/\/www.cascade.it\/fr\/wp-json\/wp\/v2\/product_tag?post=2569"}],"curies":[{"name":"wp","href":"https:\/\/api.w.org\/{rel}","templated":true}]}}