{"id":2564,"date":"2019-02-20T09:46:43","date_gmt":"2019-02-20T08:46:43","guid":{"rendered":"https:\/\/www.cascade.it\/new\/prodotto\/piletta-di-scarico\/"},"modified":"2021-10-12T18:26:18","modified_gmt":"2021-10-12T16:26:18","slug":"puisard-decharge","status":"publish","type":"product","link":"https:\/\/www.cascade.it\/fr\/prodotto\/puisard-decharge\/","title":{"rendered":"Puisard de d\u00e9charge"},"content":{"rendered":"<p>&nbsp;<\/p>\n<div class=\"carousel-slider-outer carousel-slider-outer-image-carousel carousel-slider-outer-1216\" style=\"--carousel-slider-nav-color:#f1f1f1;--carousel-slider-active-nav-color:#00d1b2;--carousel-slider-arrow-size:48px;--carousel-slider-bullet-size:10px\">\n<div id=\"&#039;id-1216\" class=\"carousel-slider carousel-slider-1216 arrows-visibility-hover dots-visibility-never arrows-outside dots-center dots-square owl-carousel\" data-slide-type=\"image-carousel\" data-owl-settings='{\"nav\":true,\"dots\":false,\"slideBy\":1,\"stagePadding\":0,\"margin\":10,\"loop\":true,\"lazyLoad\":true,\"autoplay\":true,\"autoplayTimeout\":5000,\"autoplaySpeed\":500,\"autoplayHoverPause\":true,\"autoWidth\":false,\"responsive\":{\"300\":{\"items\":1},\"576\":{\"items\":2},\"768\":{\"items\":2},\"1024\":{\"items\":3},\"1280\":{\"items\":3},\"1536\":{\"items\":3}}}'>\n<div class=\"carousel-slider__item\">\n\t<img class=\"owl-lazy\" data-src=\"https:\/\/www.cascade.it\/new\/wp-content\/uploads\/2019\/07\/Piletta-di-scarico.jpg\" alt=\"\"><\/a><\/div>\n\n<div class=\"carousel-slider__item\">\n\t<img class=\"owl-lazy\" data-src=\"https:\/\/www.cascade.it\/new\/wp-content\/uploads\/2019\/07\/2-Piletta-di-scarico.jpg\" alt=\"\"><\/a><\/div>\n\n<div class=\"carousel-slider__item\">\n\t<img class=\"owl-lazy\" data-src=\"https:\/\/www.cascade.it\/new\/wp-content\/uploads\/2019\/07\/1-Piletta-di-scarico.jpg\" alt=\"\"><\/a><\/div>\n\n<\/div><!-- .carousel-slider-1216 -->\n<\/div><!-- .carousel-slider-outer-1216 -->\n\n<h1><span style=\"color: #1e73be;\">Puisard de d\u00e9charge pour fontaines<\/span><\/h1>\n<p>Le <strong>Puisard de d\u00e9charge<\/strong>, id\u00e9al pour vider les vasques et r\u00e9servoirs, est en mat\u00e9riau composite, avec un cadre et une grille en acier inoxydable.<\/p>\n<p>L\u2019hauteur contenue (21 cm max) et le raccordement lat\u00e9ral permettent son installation au ras du fond du r\u00e9servoir, simplifiant grandement l&rsquo;installation et le raccordement au tuyau de vidange. Cela vous permet \u00e9galement de ne voir que le cadre sup\u00e9rieur en acier inoxydable et la grille, tandis que la partie en fibre de verre reste encastr\u00e9e.<\/p>\n<p>\u00c9galement disponible en versions avec panier amovible, pour faciliter le nettoyage.<\/p>\n<p>Raccord de vidange <strong>filet\u00e9<\/strong> ou <strong>coll\u00e9<\/strong>.<\/p>\n<p>Attaque sur le fond et diam\u00e8tre diff\u00e9rent <strong>sur demande<\/strong>.<\/p>\n<p>&nbsp;<\/p>\n<h3>Donn\u00e9es techniques<\/h3>\n<div style=\"overflow-x: auto;\">\n<table width=\"96%\">\n<tbody>\n<tr>\n<td width=\"8%\"><strong>\u00a0<\/strong><\/td>\n<td class=\"thHorz\" width=\"15%\">Puisard 63<\/td>\n<td class=\"thHorz\" width=\"15%\">Puisard 75<\/td>\n<td class=\"thHorz\" width=\"15%\">Puisard 90<\/td>\n<td class=\"thHorz\" width=\"15%\">Puisard 90 avec panier amovible<\/td>\n<td class=\"thHorz\" width=\"15%\">Puisard 110<\/td>\n<td class=\"thHorz\" width=\"15%\">Puisard 110 avec panier amovible<\/td>\n<\/tr>\n<tr>\n<td class=\"thVert\" width=\"8%\">Code<\/td>\n<td width=\"15%\">PS63<\/td>\n<td width=\"15%\">PS75<\/td>\n<td width=\"15%\">PS90<\/td>\n<td width=\"15%\">PS90CE<\/td>\n<td width=\"15%\">PS110<\/td>\n<td width=\"15%\">PS110CE<\/td>\n<\/tr>\n<tr>\n<td class=\"thVert\" width=\"8%\">Connexion<\/td>\n<td width=\"15%\">Lat\u00e9rale 63 mm<\/td>\n<td width=\"15%\">Lat\u00e9rale 75 mm<\/td>\n<td width=\"15%\">Lat\u00e9rale 90 mm<\/td>\n<td width=\"15%\">Lat\u00e9rale 90 mm<\/td>\n<td width=\"15%\">Lat\u00e9rale 110 mm<\/td>\n<td width=\"15%\">Lat\u00e9rale 110 mm<\/td>\n<\/tr>\n<tr>\n<td class=\"thVert\" width=\"8%\">Dimensions<\/td>\n<td width=\"15%\">250 x 250 x 150 mm<\/td>\n<td width=\"15%\">250 x 250 x 150 mm<\/td>\n<td width=\"15%\">360 x 360 x 210 mm<\/td>\n<td width=\"15%\">360 x 360 x 210 mm<\/td>\n<td width=\"15%\">360 x 360 x 210 mm<\/td>\n<td width=\"15%\">360 x 360 x 210 mm<\/td>\n<\/tr>\n<tr>\n<td class=\"thVert\" width=\"8%\">Mat\u00e9riel<\/td>\n<td width=\"15%\">Composite<\/td>\n<td width=\"15%\">Composite<\/td>\n<td width=\"15%\">Composite<\/td>\n<td width=\"15%\">Acier Inox et Composite<\/td>\n<td width=\"15%\">Composite<\/td>\n<td width=\"15%\">Acier Inox et\u00a0Composite<\/td>\n<\/tr>\n<\/tbody>\n<\/table>\n<\/div>\n<p>&nbsp;<\/p>\n<h3>Downloads<\/h3>\n<div class=\"divide-line text-left\"><\/div>\n<div>\n<div style=\"float: left; padding: 5px; text-align: center; width: 150px;\"><a href=\"https:\/\/www.cascade.it\/new\/wp-content\/uploads\/2021\/10\/CASCADE-Puisard-de-decharge-FR.pdf\" target=\"_blank\" rel=\"noopener\"><img loading=\"lazy\" decoding=\"async\" class=\"alignnone wp-image-783\" src=\"https:\/\/www.cascade.it\/new\/wp-content\/uploads\/2019\/02\/pdf-icon-png-7.jpg\" alt=\"\" width=\"91\" height=\"91\" srcset=\"https:\/\/www.cascade.it\/new\/wp-content\/uploads\/2019\/02\/pdf-icon-png-7.jpg 254w, https:\/\/www.cascade.it\/new\/wp-content\/uploads\/2019\/02\/pdf-icon-png-7-150x150.jpg 150w, https:\/\/www.cascade.it\/new\/wp-content\/uploads\/2019\/02\/pdf-icon-png-7-100x100.jpg 100w\" sizes=\"auto, (max-width: 91px) 100vw, 91px\" \/><\/a><br \/>\nFiche technique<\/div>\n<\/div>\n","protected":false},"excerpt":{"rendered":"<p>&nbsp; Puisard de d\u00e9charge pour fontaines Le Puisard de d\u00e9charge, id\u00e9al pour vider les vasques et r\u00e9servoirs, est en mat\u00e9riau composite, avec un cadre et une grille en acier inoxydable. L\u2019hauteur contenue (21 cm max) et le raccordement lat\u00e9ral permettent son installation au ras du fond du r\u00e9servoir, simplifiant grandement l&rsquo;installation et le raccordement au [&hellip;]<\/p>\n","protected":false},"featured_media":2565,"template":"","meta":[],"product_brand":[],"product_cat":[287],"product_tag":[],"class_list":{"0":"post-2564","1":"product","2":"type-product","3":"status-publish","4":"has-post-thumbnail","6":"product_cat-accessoires-hydrauliques-fontaines","8":"first","9":"instock","10":"shipping-taxable","11":"product-type-simple"},"yoast_head":"<!-- This site is optimized with the Yoast SEO plugin v26.7 - https:\/\/yoast.com\/wordpress\/plugins\/seo\/ -->\n<title>Puisard de d\u00e9charge pour fontaines - Cascade<\/title>\n<meta name=\"description\" content=\"Le Puisard de d\u00e9charge, id\u00e9al pour vider les vasques et r\u00e9servoirs, est en mat\u00e9riau composite, avec un cadre et une grille en acier inoxydable.\" \/>\n<meta name=\"robots\" content=\"index, follow, max-snippet:-1, max-image-preview:large, max-video-preview:-1\" \/>\n<link rel=\"canonical\" href=\"https:\/\/www.cascade.it\/fr\/prodotto\/puisard-decharge\/\" \/>\n<meta property=\"og:locale\" content=\"fr_FR\" \/>\n<meta property=\"og:type\" content=\"article\" \/>\n<meta property=\"og:title\" content=\"Puisard de d\u00e9charge pour fontaines - Cascade\" \/>\n<meta property=\"og:description\" content=\"Le Puisard de d\u00e9charge, id\u00e9al pour vider les vasques et r\u00e9servoirs, est en mat\u00e9riau composite, avec un cadre et une grille en acier inoxydable.\" \/>\n<meta property=\"og:url\" content=\"https:\/\/www.cascade.it\/fr\/prodotto\/puisard-decharge\/\" \/>\n<meta property=\"og:site_name\" content=\"Cascade\" \/>\n<meta property=\"article:modified_time\" content=\"2021-10-12T16:26:18+00:00\" \/>\n<meta property=\"og:image\" content=\"https:\/\/www.cascade.it\/new\/wp-content\/uploads\/Prodotti\/Accessori_per_fontane\/Accessori_idraulici_per_fontane\/PILETTA-DI-SCARICO.jpg\" \/>\n\t<meta property=\"og:image:width\" content=\"1300\" \/>\n\t<meta property=\"og:image:height\" content=\"1300\" \/>\n\t<meta property=\"og:image:type\" content=\"image\/jpeg\" \/>\n<meta name=\"twitter:card\" content=\"summary_large_image\" \/>\n<meta name=\"twitter:label1\" content=\"Dur\u00e9e de lecture estim\u00e9e\" \/>\n\t<meta name=\"twitter:data1\" content=\"1 minute\" \/>\n<!-- \/ Yoast SEO plugin. -->","yoast_head_json":{"title":"Puisard de d\u00e9charge pour fontaines - Cascade","description":"Le Puisard de d\u00e9charge, id\u00e9al pour vider les vasques et r\u00e9servoirs, est en mat\u00e9riau composite, avec un cadre et une grille en acier inoxydable.","robots":{"index":"index","follow":"follow","max-snippet":"max-snippet:-1","max-image-preview":"max-image-preview:large","max-video-preview":"max-video-preview:-1"},"canonical":"https:\/\/www.cascade.it\/fr\/prodotto\/puisard-decharge\/","og_locale":"fr_FR","og_type":"article","og_title":"Puisard de d\u00e9charge pour fontaines - Cascade","og_description":"Le Puisard de d\u00e9charge, id\u00e9al pour vider les vasques et r\u00e9servoirs, est en mat\u00e9riau composite, avec un cadre et une grille en acier inoxydable.","og_url":"https:\/\/www.cascade.it\/fr\/prodotto\/puisard-decharge\/","og_site_name":"Cascade","article_modified_time":"2021-10-12T16:26:18+00:00","og_image":[{"width":1300,"height":1300,"url":"https:\/\/www.cascade.it\/new\/wp-content\/uploads\/Prodotti\/Accessori_per_fontane\/Accessori_idraulici_per_fontane\/PILETTA-DI-SCARICO.jpg","type":"image\/jpeg"}],"twitter_card":"summary_large_image","twitter_misc":{"Dur\u00e9e de lecture estim\u00e9e":"1 minute"},"schema":{"@context":"https:\/\/schema.org","@graph":[{"@type":"WebPage","@id":"https:\/\/www.cascade.it\/fr\/prodotto\/puisard-decharge\/","url":"https:\/\/www.cascade.it\/fr\/prodotto\/puisard-decharge\/","name":"Puisard de d\u00e9charge pour fontaines - Cascade","isPartOf":{"@id":"https:\/\/www.cascade.it\/fr\/#website"},"primaryImageOfPage":{"@id":"https:\/\/www.cascade.it\/fr\/prodotto\/puisard-decharge\/#primaryimage"},"image":{"@id":"https:\/\/www.cascade.it\/fr\/prodotto\/puisard-decharge\/#primaryimage"},"thumbnailUrl":"https:\/\/www.cascade.it\/new\/wp-content\/uploads\/Prodotti\/Accessori_per_fontane\/Accessori_idraulici_per_fontane\/PILETTA-DI-SCARICO.jpg","datePublished":"2019-02-20T08:46:43+00:00","dateModified":"2021-10-12T16:26:18+00:00","description":"Le Puisard de d\u00e9charge, id\u00e9al pour vider les vasques et r\u00e9servoirs, est en mat\u00e9riau composite, avec un cadre et une grille en acier inoxydable.","breadcrumb":{"@id":"https:\/\/www.cascade.it\/fr\/prodotto\/puisard-decharge\/#breadcrumb"},"inLanguage":"fr-FR","potentialAction":[{"@type":"ReadAction","target":["https:\/\/www.cascade.it\/fr\/prodotto\/puisard-decharge\/"]}]},{"@type":"ImageObject","inLanguage":"fr-FR","@id":"https:\/\/www.cascade.it\/fr\/prodotto\/puisard-decharge\/#primaryimage","url":"https:\/\/www.cascade.it\/new\/wp-content\/uploads\/Prodotti\/Accessori_per_fontane\/Accessori_idraulici_per_fontane\/PILETTA-DI-SCARICO.jpg","contentUrl":"https:\/\/www.cascade.it\/new\/wp-content\/uploads\/Prodotti\/Accessori_per_fontane\/Accessori_idraulici_per_fontane\/PILETTA-DI-SCARICO.jpg","width":1300,"height":1300},{"@type":"BreadcrumbList","@id":"https:\/\/www.cascade.it\/fr\/prodotto\/puisard-decharge\/#breadcrumb","itemListElement":[{"@type":"ListItem","position":1,"name":"Home","item":"https:\/\/www.cascade.it\/fr\/"},{"@type":"ListItem","position":2,"name":"Boutique","item":"https:\/\/www.cascade.it\/fr\/boutique\/"},{"@type":"ListItem","position":3,"name":"Puisard de d\u00e9charge"}]},{"@type":"WebSite","@id":"https:\/\/www.cascade.it\/fr\/#website","url":"https:\/\/www.cascade.it\/fr\/","name":"Cascade","description":"More than a fountain","potentialAction":[{"@type":"SearchAction","target":{"@type":"EntryPoint","urlTemplate":"https:\/\/www.cascade.it\/fr\/?s={search_term_string}"},"query-input":{"@type":"PropertyValueSpecification","valueRequired":true,"valueName":"search_term_string"}}],"inLanguage":"fr-FR"}]}},"_links":{"self":[{"href":"https:\/\/www.cascade.it\/fr\/wp-json\/wp\/v2\/product\/2564","targetHints":{"allow":["GET"]}}],"collection":[{"href":"https:\/\/www.cascade.it\/fr\/wp-json\/wp\/v2\/product"}],"about":[{"href":"https:\/\/www.cascade.it\/fr\/wp-json\/wp\/v2\/types\/product"}],"wp:featuredmedia":[{"embeddable":true,"href":"https:\/\/www.cascade.it\/fr\/wp-json\/wp\/v2\/media\/2565"}],"wp:attachment":[{"href":"https:\/\/www.cascade.it\/fr\/wp-json\/wp\/v2\/media?parent=2564"}],"wp:term":[{"taxonomy":"product_brand","embeddable":true,"href":"https:\/\/www.cascade.it\/fr\/wp-json\/wp\/v2\/product_brand?post=2564"},{"taxonomy":"product_cat","embeddable":true,"href":"https:\/\/www.cascade.it\/fr\/wp-json\/wp\/v2\/product_cat?post=2564"},{"taxonomy":"product_tag","embeddable":true,"href":"https:\/\/www.cascade.it\/fr\/wp-json\/wp\/v2\/product_tag?post=2564"}],"curies":[{"name":"wp","href":"https:\/\/api.w.org\/{rel}","templated":true}]}}