{"id":2559,"date":"2019-02-20T09:45:13","date_gmt":"2019-02-20T08:45:13","guid":{"rendered":"https:\/\/www.cascade.it\/new\/prodotto\/passante-per-vasche\/"},"modified":"2021-10-12T18:22:35","modified_gmt":"2021-10-12T16:22:35","slug":"traversee-etanche-vasques","status":"publish","type":"product","link":"https:\/\/www.cascade.it\/fr\/prodotto\/traversee-etanche-vasques\/","title":{"rendered":"Travers\u00e9e \u00e0 \u00e9tanche pour vasques"},"content":{"rendered":"<p>&nbsp;<\/p>\n<div class=\"carousel-slider-outer carousel-slider-outer-image-carousel carousel-slider-outer-1213\" style=\"--carousel-slider-nav-color:#f1f1f1;--carousel-slider-active-nav-color:#00d1b2;--carousel-slider-arrow-size:48px;--carousel-slider-bullet-size:10px\">\n<div id=\"&#039;id-1213\" class=\"carousel-slider carousel-slider-1213 arrows-visibility-hover dots-visibility-never arrows-outside dots-center dots-square owl-carousel\" data-slide-type=\"image-carousel\" data-owl-settings='{\"nav\":true,\"dots\":false,\"slideBy\":1,\"stagePadding\":0,\"margin\":10,\"loop\":true,\"lazyLoad\":true,\"autoplay\":true,\"autoplayTimeout\":5000,\"autoplaySpeed\":500,\"autoplayHoverPause\":true,\"autoWidth\":false,\"responsive\":{\"300\":{\"items\":1},\"576\":{\"items\":2},\"768\":{\"items\":2},\"1024\":{\"items\":3},\"1280\":{\"items\":3},\"1536\":{\"items\":3}}}'>\n<div class=\"carousel-slider__item\">\n\t<img class=\"owl-lazy\" data-src=\"https:\/\/www.cascade.it\/new\/wp-content\/uploads\/2019\/07\/Paassante-per-vasche.jpg\" alt=\"\"><\/a><\/div>\n\n<div class=\"carousel-slider__item\">\n\t<img class=\"owl-lazy\" data-src=\"https:\/\/www.cascade.it\/new\/wp-content\/uploads\/2019\/07\/Passante-per-vasche.jpg\" alt=\"\"><\/a><\/div>\n\n<\/div><!-- .carousel-slider-1213 -->\n<\/div><!-- .carousel-slider-outer-1213 -->\n\n<h1><span style=\"color: #1e73be;\">Travers\u00e9e \u00e0 \u00e9tanche pour vasques<\/span><\/h1>\n<p>La <strong>Travers\u00e9e \u00e0 \u00e9tanche pour r\u00e9servoirs<\/strong> permet le <strong>passage \u00e9tanche des tuyaux<\/strong> \u00e0 travers des parois minces des fontaines, g\u00e9n\u00e9ralement en plastique ou en m\u00e9tal.<\/p>\n<p>Gr\u00e2ce au mat\u00e9riau dans lequel elle est fabriqu\u00e9e, le <strong>laiton<\/strong>, et \u00e0 <strong>l&rsquo;ancrage filet\u00e9<\/strong> particuli\u00e8rement renforc\u00e9, la travers\u00e9e hydraulique des r\u00e9servoirs est id\u00e9ale pour les tuyaux m\u00eame importants, car la <strong>r\u00e9sistance m\u00e9canique<\/strong> et sa <strong>fonctionnalit\u00e9<\/strong> sont une garantie de r\u00e9sistance dans le temps pour vibrations et autres contraintes.<\/p>\n<p>La g\u00e9om\u00e9trie particuli\u00e8re facilite l&rsquo;assemblage et l&rsquo;installation.<\/p>\n<p>&nbsp;<\/p>\n<h3>Donn\u00e9es techniques<\/h3>\n<div style=\"overflow-x: auto;\">\n<table width=\"86%\">\n<tbody>\n<tr>\n<td width=\"15%\"><strong>\u00a0<\/strong><\/td>\n<td class=\"thHorz\" width=\"28%\">Travers\u00e9e 125A<\/td>\n<td class=\"thHorz\" width=\"28%\">Travers\u00e9e 125B<\/td>\n<td class=\"thHorz\" width=\"28%\">Travers\u00e9e 150<\/td>\n<\/tr>\n<tr>\n<td class=\"thVert\" width=\"15%\">Code<\/td>\n<td width=\"28%\">PAVA125A<\/td>\n<td width=\"28%\">PAVA125B<\/td>\n<td width=\"28%\">PAVA150<\/td>\n<\/tr>\n<tr>\n<td class=\"thVert\" width=\"15%\">Connexions<\/td>\n<td width=\"28%\">1 1\/4\u201d F x 1 1\/4\u201d M<\/td>\n<td width=\"28%\">1 1\/4\u201d F x 1 1\/2\u201d M<\/td>\n<td width=\"28%\">1 1\/2\u201d F x 1 1\/2\u201d M<\/td>\n<\/tr>\n<tr>\n<td class=\"thVert\" width=\"15%\">Mat\u00e9riel<\/td>\n<td width=\"28%\">Laiton<\/td>\n<td width=\"28%\">Laiton<\/td>\n<td width=\"28%\">Laiton<\/td>\n<\/tr>\n<\/tbody>\n<\/table>\n<\/div>\n<p>&nbsp;<\/p>\n<h3>Downloads<\/h3>\n<div class=\"divide-line text-left\"><\/div>\n<div>\n<div style=\"float: left; padding: 5px; text-align: center; width: 150px;\"><a href=\"https:\/\/www.cascade.it\/new\/wp-content\/uploads\/2021\/10\/CASCADE-Traversee-a-etanche-pour-vasques-FR.pdf\" target=\"_blank\" rel=\"noopener\"><img loading=\"lazy\" decoding=\"async\" class=\"alignnone wp-image-783\" src=\"https:\/\/www.cascade.it\/new\/wp-content\/uploads\/2019\/02\/pdf-icon-png-7.jpg\" alt=\"\" width=\"91\" height=\"91\" srcset=\"https:\/\/www.cascade.it\/new\/wp-content\/uploads\/2019\/02\/pdf-icon-png-7.jpg 254w, https:\/\/www.cascade.it\/new\/wp-content\/uploads\/2019\/02\/pdf-icon-png-7-150x150.jpg 150w, https:\/\/www.cascade.it\/new\/wp-content\/uploads\/2019\/02\/pdf-icon-png-7-100x100.jpg 100w\" sizes=\"auto, (max-width: 91px) 100vw, 91px\" \/><\/a><br \/>\nFiche technique<\/div>\n<\/div>\n","protected":false},"excerpt":{"rendered":"<p>&nbsp; Travers\u00e9e \u00e0 \u00e9tanche pour vasques La Travers\u00e9e \u00e0 \u00e9tanche pour r\u00e9servoirs permet le passage \u00e9tanche des tuyaux \u00e0 travers des parois minces des fontaines, g\u00e9n\u00e9ralement en plastique ou en m\u00e9tal. Gr\u00e2ce au mat\u00e9riau dans lequel elle est fabriqu\u00e9e, le laiton, et \u00e0 l&rsquo;ancrage filet\u00e9 particuli\u00e8rement renforc\u00e9, la travers\u00e9e hydraulique des r\u00e9servoirs est id\u00e9ale pour [&hellip;]<\/p>\n","protected":false},"featured_media":2560,"template":"","meta":[],"product_brand":[],"product_cat":[287],"product_tag":[],"class_list":{"0":"post-2559","1":"product","2":"type-product","3":"status-publish","4":"has-post-thumbnail","6":"product_cat-accessoires-hydrauliques-fontaines","8":"first","9":"instock","10":"shipping-taxable","11":"product-type-simple"},"yoast_head":"<!-- This site is optimized with the Yoast SEO plugin v26.7 - https:\/\/yoast.com\/wordpress\/plugins\/seo\/ -->\n<title>Travers\u00e9e \u00e0 \u00e9tanche pour vasques pour fontaines - Cascade<\/title>\n<meta name=\"description\" content=\"La Travers\u00e9e \u00e0 \u00e9tanche pour r\u00e9servoirs permet le passage \u00e9tanche des tuyaux \u00e0 travers des parois minces des fontaines.\" \/>\n<meta name=\"robots\" content=\"index, follow, max-snippet:-1, max-image-preview:large, max-video-preview:-1\" \/>\n<link rel=\"canonical\" href=\"https:\/\/www.cascade.it\/fr\/prodotto\/traversee-etanche-vasques\/\" \/>\n<meta property=\"og:locale\" content=\"fr_FR\" \/>\n<meta property=\"og:type\" content=\"article\" \/>\n<meta property=\"og:title\" content=\"Travers\u00e9e \u00e0 \u00e9tanche pour vasques pour fontaines - Cascade\" \/>\n<meta property=\"og:description\" content=\"La Travers\u00e9e \u00e0 \u00e9tanche pour r\u00e9servoirs permet le passage \u00e9tanche des tuyaux \u00e0 travers des parois minces des fontaines.\" \/>\n<meta property=\"og:url\" content=\"https:\/\/www.cascade.it\/fr\/prodotto\/traversee-etanche-vasques\/\" \/>\n<meta property=\"og:site_name\" content=\"Cascade\" \/>\n<meta property=\"article:modified_time\" content=\"2021-10-12T16:22:35+00:00\" \/>\n<meta property=\"og:image\" content=\"https:\/\/www.cascade.it\/new\/wp-content\/uploads\/Prodotti\/Accessori_per_fontane\/Accessori_idraulici_per_fontane\/PASSANTE-PER-VASCHE.jpg\" \/>\n\t<meta property=\"og:image:width\" content=\"1300\" \/>\n\t<meta property=\"og:image:height\" content=\"1300\" \/>\n\t<meta property=\"og:image:type\" content=\"image\/jpeg\" \/>\n<meta name=\"twitter:card\" content=\"summary_large_image\" \/>\n<meta name=\"twitter:label1\" content=\"Dur\u00e9e de lecture estim\u00e9e\" \/>\n\t<meta name=\"twitter:data1\" content=\"1 minute\" \/>\n<!-- \/ Yoast SEO plugin. -->","yoast_head_json":{"title":"Travers\u00e9e \u00e0 \u00e9tanche pour vasques pour fontaines - Cascade","description":"La Travers\u00e9e \u00e0 \u00e9tanche pour r\u00e9servoirs permet le passage \u00e9tanche des tuyaux \u00e0 travers des parois minces des fontaines.","robots":{"index":"index","follow":"follow","max-snippet":"max-snippet:-1","max-image-preview":"max-image-preview:large","max-video-preview":"max-video-preview:-1"},"canonical":"https:\/\/www.cascade.it\/fr\/prodotto\/traversee-etanche-vasques\/","og_locale":"fr_FR","og_type":"article","og_title":"Travers\u00e9e \u00e0 \u00e9tanche pour vasques pour fontaines - Cascade","og_description":"La Travers\u00e9e \u00e0 \u00e9tanche pour r\u00e9servoirs permet le passage \u00e9tanche des tuyaux \u00e0 travers des parois minces des fontaines.","og_url":"https:\/\/www.cascade.it\/fr\/prodotto\/traversee-etanche-vasques\/","og_site_name":"Cascade","article_modified_time":"2021-10-12T16:22:35+00:00","og_image":[{"width":1300,"height":1300,"url":"https:\/\/www.cascade.it\/new\/wp-content\/uploads\/Prodotti\/Accessori_per_fontane\/Accessori_idraulici_per_fontane\/PASSANTE-PER-VASCHE.jpg","type":"image\/jpeg"}],"twitter_card":"summary_large_image","twitter_misc":{"Dur\u00e9e de lecture estim\u00e9e":"1 minute"},"schema":{"@context":"https:\/\/schema.org","@graph":[{"@type":"WebPage","@id":"https:\/\/www.cascade.it\/fr\/prodotto\/traversee-etanche-vasques\/","url":"https:\/\/www.cascade.it\/fr\/prodotto\/traversee-etanche-vasques\/","name":"Travers\u00e9e \u00e0 \u00e9tanche pour vasques pour fontaines - Cascade","isPartOf":{"@id":"https:\/\/www.cascade.it\/fr\/#website"},"primaryImageOfPage":{"@id":"https:\/\/www.cascade.it\/fr\/prodotto\/traversee-etanche-vasques\/#primaryimage"},"image":{"@id":"https:\/\/www.cascade.it\/fr\/prodotto\/traversee-etanche-vasques\/#primaryimage"},"thumbnailUrl":"https:\/\/www.cascade.it\/new\/wp-content\/uploads\/Prodotti\/Accessori_per_fontane\/Accessori_idraulici_per_fontane\/PASSANTE-PER-VASCHE.jpg","datePublished":"2019-02-20T08:45:13+00:00","dateModified":"2021-10-12T16:22:35+00:00","description":"La Travers\u00e9e \u00e0 \u00e9tanche pour r\u00e9servoirs permet le passage \u00e9tanche des tuyaux \u00e0 travers des parois minces des fontaines.","breadcrumb":{"@id":"https:\/\/www.cascade.it\/fr\/prodotto\/traversee-etanche-vasques\/#breadcrumb"},"inLanguage":"fr-FR","potentialAction":[{"@type":"ReadAction","target":["https:\/\/www.cascade.it\/fr\/prodotto\/traversee-etanche-vasques\/"]}]},{"@type":"ImageObject","inLanguage":"fr-FR","@id":"https:\/\/www.cascade.it\/fr\/prodotto\/traversee-etanche-vasques\/#primaryimage","url":"https:\/\/www.cascade.it\/new\/wp-content\/uploads\/Prodotti\/Accessori_per_fontane\/Accessori_idraulici_per_fontane\/PASSANTE-PER-VASCHE.jpg","contentUrl":"https:\/\/www.cascade.it\/new\/wp-content\/uploads\/Prodotti\/Accessori_per_fontane\/Accessori_idraulici_per_fontane\/PASSANTE-PER-VASCHE.jpg","width":1300,"height":1300},{"@type":"BreadcrumbList","@id":"https:\/\/www.cascade.it\/fr\/prodotto\/traversee-etanche-vasques\/#breadcrumb","itemListElement":[{"@type":"ListItem","position":1,"name":"Home","item":"https:\/\/www.cascade.it\/fr\/"},{"@type":"ListItem","position":2,"name":"Boutique","item":"https:\/\/www.cascade.it\/fr\/boutique\/"},{"@type":"ListItem","position":3,"name":"Travers\u00e9e \u00e0 \u00e9tanche pour vasques"}]},{"@type":"WebSite","@id":"https:\/\/www.cascade.it\/fr\/#website","url":"https:\/\/www.cascade.it\/fr\/","name":"Cascade","description":"More than a fountain","potentialAction":[{"@type":"SearchAction","target":{"@type":"EntryPoint","urlTemplate":"https:\/\/www.cascade.it\/fr\/?s={search_term_string}"},"query-input":{"@type":"PropertyValueSpecification","valueRequired":true,"valueName":"search_term_string"}}],"inLanguage":"fr-FR"}]}},"_links":{"self":[{"href":"https:\/\/www.cascade.it\/fr\/wp-json\/wp\/v2\/product\/2559","targetHints":{"allow":["GET"]}}],"collection":[{"href":"https:\/\/www.cascade.it\/fr\/wp-json\/wp\/v2\/product"}],"about":[{"href":"https:\/\/www.cascade.it\/fr\/wp-json\/wp\/v2\/types\/product"}],"wp:featuredmedia":[{"embeddable":true,"href":"https:\/\/www.cascade.it\/fr\/wp-json\/wp\/v2\/media\/2560"}],"wp:attachment":[{"href":"https:\/\/www.cascade.it\/fr\/wp-json\/wp\/v2\/media?parent=2559"}],"wp:term":[{"taxonomy":"product_brand","embeddable":true,"href":"https:\/\/www.cascade.it\/fr\/wp-json\/wp\/v2\/product_brand?post=2559"},{"taxonomy":"product_cat","embeddable":true,"href":"https:\/\/www.cascade.it\/fr\/wp-json\/wp\/v2\/product_cat?post=2559"},{"taxonomy":"product_tag","embeddable":true,"href":"https:\/\/www.cascade.it\/fr\/wp-json\/wp\/v2\/product_tag?post=2559"}],"curies":[{"name":"wp","href":"https:\/\/api.w.org\/{rel}","templated":true}]}}