{"id":2554,"date":"2019-02-20T09:43:53","date_gmt":"2019-02-20T08:43:53","guid":{"rendered":"https:\/\/www.cascade.it\/new\/prodotto\/passante-per-telo-liner\/"},"modified":"2021-10-12T17:20:35","modified_gmt":"2021-10-12T15:20:35","slug":"traversee-etanche-liner","status":"publish","type":"product","link":"https:\/\/www.cascade.it\/fr\/prodotto\/traversee-etanche-liner\/","title":{"rendered":"Travers\u00e9e \u00e0 \u00e9tanche pour liner"},"content":{"rendered":"<p>&nbsp;<\/p>\n<div class=\"carousel-slider-outer carousel-slider-outer-image-carousel carousel-slider-outer-1210\" style=\"--carousel-slider-nav-color:#f1f1f1;--carousel-slider-active-nav-color:#00d1b2;--carousel-slider-arrow-size:48px;--carousel-slider-bullet-size:10px\">\n<div id=\"&#039;id-1210\" class=\"carousel-slider carousel-slider-1210 arrows-visibility-hover dots-visibility-never arrows-outside dots-center dots-square owl-carousel\" data-slide-type=\"image-carousel\" data-owl-settings='{\"nav\":true,\"dots\":false,\"slideBy\":1,\"stagePadding\":0,\"margin\":10,\"loop\":true,\"lazyLoad\":true,\"autoplay\":true,\"autoplayTimeout\":5000,\"autoplaySpeed\":500,\"autoplayHoverPause\":true,\"autoWidth\":false,\"responsive\":{\"300\":{\"items\":1},\"576\":{\"items\":2},\"768\":{\"items\":2},\"1024\":{\"items\":2},\"1280\":{\"items\":2},\"1536\":{\"items\":2}}}'>\n<div class=\"carousel-slider__item\">\n\t<img class=\"owl-lazy\" data-src=\"https:\/\/www.cascade.it\/new\/wp-content\/uploads\/2019\/07\/Paassante-per-telo-liner.jpg\" alt=\"\"><\/a><\/div>\n\n<div class=\"carousel-slider__item\">\n\t<img class=\"owl-lazy\" data-src=\"https:\/\/www.cascade.it\/new\/wp-content\/uploads\/2019\/07\/Passante-per-telo-liner.jpg\" alt=\"\"><\/a><\/div>\n\n<\/div><!-- .carousel-slider-1210 -->\n<\/div><!-- .carousel-slider-outer-1210 -->\n\n<h1><span style=\"color: #1e73be;\">Travers\u00e9e \u00e0 \u00e9tanche pour liner<\/span><\/h1>\n<p>Cette <strong>Travers\u00e9e<\/strong> convient au <strong>passage \u00e9tanche des tuyaux et des c\u00e2bles \u00e9lectriques <\/strong>\u00e0 travers les murs ou les r\u00e9servoirs recouverts de rev\u00eatement <strong>liner<\/strong>.<\/p>\n<p>Gr\u00e2ce au mat\u00e9riau dans lequel elle est fabriqu\u00e9e, <strong>l&rsquo;acier inoxydable<\/strong>, et \u00e0 <strong>l&rsquo;ancrage<\/strong> <strong>filet\u00e9<\/strong> particuli\u00e8rement <strong>renforc\u00e9<\/strong>, la Travers\u00e9e pour liner est id\u00e9ale pour les tuyaux m\u00eame importants, car la <strong>r\u00e9sistance m\u00e9canique<\/strong> et sa <strong>fonctionnalit\u00e9<\/strong> sont une garantie de r\u00e9sistance dans le temps \u00e0 vibrations et autres contraintes.<\/p>\n<p>Disponible dans une large gamme de tailles, de <strong>1&Prime;<\/strong> \u00e0 <strong>4&Prime;<\/strong>.<\/p>\n<p>Complet avec garnitures.<\/p>\n<p>Travers\u00e9e en bronze sur demande.<\/p>\n<p>&nbsp;<\/p>\n<h3>Donn\u00e9es techniques<\/h3>\n<div style=\"overflow-x: auto;\">\n<table width=\"98%\">\n<tbody>\n<tr>\n<td width=\"8%\"><strong>\u00a0<\/strong><\/td>\n<td class=\"thHorz\" width=\"13%\">Travers\u00e9e 100<\/td>\n<td class=\"thHorz\" width=\"13%\">Travers\u00e9e 125<\/td>\n<td class=\"thHorz\" width=\"13%\">Travers\u00e9e 150<\/td>\n<td class=\"thHorz\" width=\"13%\">Travers\u00e9e 200<\/td>\n<td class=\"thHorz\" width=\"13%\">Travers\u00e9e 250<\/td>\n<td class=\"thHorz\" width=\"13%\">Travers\u00e9e 300<\/td>\n<td class=\"thHorz\" width=\"13%\">Travers\u00e9e 400<\/td>\n<\/tr>\n<tr>\n<td class=\"thVert\" width=\"8%\">Code<\/td>\n<td width=\"13%\">PALI100<\/td>\n<td width=\"13%\">PALI125<\/td>\n<td width=\"13%\">PALI150<\/td>\n<td width=\"13%\">PALI200<\/td>\n<td width=\"13%\">PALI250<\/td>\n<td width=\"13%\">PALI300<\/td>\n<td width=\"13%\">PALI400<\/td>\n<\/tr>\n<tr>\n<td class=\"thVert\" width=\"8%\">Connexion<\/td>\n<td width=\"13%\">1\u201d<\/td>\n<td width=\"13%\">1 1\/4\u201d<\/td>\n<td width=\"13%\">1 1\/2\u201d<\/td>\n<td width=\"13%\">2\u201d<\/td>\n<td width=\"13%\">2 1\/2\u201d<\/td>\n<td width=\"13%\">3\u201d<\/td>\n<td width=\"13%\">4\u201d<\/td>\n<\/tr>\n<tr>\n<td class=\"thVert\" width=\"8%\">\u00d8 ext\u00e9rieur<\/td>\n<td width=\"13%\">80 mm<\/td>\n<td width=\"13%\">110 mm<\/td>\n<td width=\"13%\">120 mm<\/td>\n<td width=\"13%\">135 mm<\/td>\n<td width=\"13%\">145 mm<\/td>\n<td width=\"13%\">150 mm<\/td>\n<td width=\"13%\">180 mm<\/td>\n<\/tr>\n<tr>\n<td class=\"thVert\" width=\"8%\">Mat\u00e9riel<\/td>\n<td width=\"13%\">Acier Inox<\/td>\n<td width=\"13%\">Acier Inox<\/td>\n<td width=\"13%\">Acier Inox<\/td>\n<td width=\"13%\">Acier Inox<\/td>\n<td width=\"13%\">Acier Inox<\/td>\n<td width=\"13%\">Acier Inox<\/td>\n<td width=\"13%\">Acier Inox<\/td>\n<\/tr>\n<\/tbody>\n<\/table>\n<\/div>\n<p>&nbsp;<\/p>\n<h3>Downloads<\/h3>\n<div class=\"divide-line text-left\"><\/div>\n<div>\n<div style=\"float: left; padding: 5px; text-align: center; width: 150px;\"><a href=\"https:\/\/www.cascade.it\/new\/wp-content\/uploads\/2021\/10\/CASCADE-Traversee-a-etanche-pour-liner-FR.pdf\" target=\"_blank\" rel=\"noopener\"><img loading=\"lazy\" decoding=\"async\" class=\"alignnone wp-image-783\" src=\"https:\/\/www.cascade.it\/new\/wp-content\/uploads\/2019\/02\/pdf-icon-png-7.jpg\" alt=\"\" width=\"91\" height=\"91\" srcset=\"https:\/\/www.cascade.it\/new\/wp-content\/uploads\/2019\/02\/pdf-icon-png-7.jpg 254w, https:\/\/www.cascade.it\/new\/wp-content\/uploads\/2019\/02\/pdf-icon-png-7-150x150.jpg 150w, https:\/\/www.cascade.it\/new\/wp-content\/uploads\/2019\/02\/pdf-icon-png-7-100x100.jpg 100w\" sizes=\"auto, (max-width: 91px) 100vw, 91px\" \/><\/a><br \/>\nFiche technique<\/div>\n<\/div>\n","protected":false},"excerpt":{"rendered":"<p>&nbsp; Travers\u00e9e \u00e0 \u00e9tanche pour liner Cette Travers\u00e9e convient au passage \u00e9tanche des tuyaux et des c\u00e2bles \u00e9lectriques \u00e0 travers les murs ou les r\u00e9servoirs recouverts de rev\u00eatement liner. Gr\u00e2ce au mat\u00e9riau dans lequel elle est fabriqu\u00e9e, l&rsquo;acier inoxydable, et \u00e0 l&rsquo;ancrage filet\u00e9 particuli\u00e8rement renforc\u00e9, la Travers\u00e9e pour liner est id\u00e9ale pour les tuyaux m\u00eame [&hellip;]<\/p>\n","protected":false},"featured_media":2555,"template":"","meta":[],"product_brand":[],"product_cat":[287],"product_tag":[],"class_list":{"0":"post-2554","1":"product","2":"type-product","3":"status-publish","4":"has-post-thumbnail","6":"product_cat-accessoires-hydrauliques-fontaines","8":"first","9":"instock","10":"shipping-taxable","11":"product-type-simple"},"yoast_head":"<!-- This site is optimized with the Yoast SEO plugin v26.7 - https:\/\/yoast.com\/wordpress\/plugins\/seo\/ -->\n<title>Travers\u00e9e \u00e0 \u00e9tanche pour liner - Cascade<\/title>\n<meta name=\"description\" content=\"Cette Travers\u00e9e convient au passage \u00e9tanche des tuyaux et des c\u00e2bles \u00e9lectriques \u00e0 travers les murs ou les r\u00e9servoirs recouverts de rev\u00eatement liner.\" \/>\n<meta name=\"robots\" content=\"index, follow, max-snippet:-1, max-image-preview:large, max-video-preview:-1\" \/>\n<link rel=\"canonical\" href=\"https:\/\/www.cascade.it\/fr\/prodotto\/traversee-etanche-liner\/\" \/>\n<meta property=\"og:locale\" content=\"fr_FR\" \/>\n<meta property=\"og:type\" content=\"article\" \/>\n<meta property=\"og:title\" content=\"Travers\u00e9e \u00e0 \u00e9tanche pour liner - Cascade\" \/>\n<meta property=\"og:description\" content=\"Cette Travers\u00e9e convient au passage \u00e9tanche des tuyaux et des c\u00e2bles \u00e9lectriques \u00e0 travers les murs ou les r\u00e9servoirs recouverts de rev\u00eatement liner.\" \/>\n<meta property=\"og:url\" content=\"https:\/\/www.cascade.it\/fr\/prodotto\/traversee-etanche-liner\/\" \/>\n<meta property=\"og:site_name\" content=\"Cascade\" \/>\n<meta property=\"article:modified_time\" content=\"2021-10-12T15:20:35+00:00\" \/>\n<meta property=\"og:image\" content=\"https:\/\/www.cascade.it\/new\/wp-content\/uploads\/Prodotti\/Accessori_per_fontane\/Accessori_idraulici_per_fontane\/PASSANTE-PER-TELO-LINER.jpg\" \/>\n\t<meta property=\"og:image:width\" content=\"1300\" \/>\n\t<meta property=\"og:image:height\" content=\"1300\" \/>\n\t<meta property=\"og:image:type\" content=\"image\/jpeg\" \/>\n<meta name=\"twitter:card\" content=\"summary_large_image\" \/>\n<meta name=\"twitter:label1\" content=\"Dur\u00e9e de lecture estim\u00e9e\" \/>\n\t<meta name=\"twitter:data1\" content=\"1 minute\" \/>\n<!-- \/ Yoast SEO plugin. -->","yoast_head_json":{"title":"Travers\u00e9e \u00e0 \u00e9tanche pour liner - Cascade","description":"Cette Travers\u00e9e convient au passage \u00e9tanche des tuyaux et des c\u00e2bles \u00e9lectriques \u00e0 travers les murs ou les r\u00e9servoirs recouverts de rev\u00eatement liner.","robots":{"index":"index","follow":"follow","max-snippet":"max-snippet:-1","max-image-preview":"max-image-preview:large","max-video-preview":"max-video-preview:-1"},"canonical":"https:\/\/www.cascade.it\/fr\/prodotto\/traversee-etanche-liner\/","og_locale":"fr_FR","og_type":"article","og_title":"Travers\u00e9e \u00e0 \u00e9tanche pour liner - Cascade","og_description":"Cette Travers\u00e9e convient au passage \u00e9tanche des tuyaux et des c\u00e2bles \u00e9lectriques \u00e0 travers les murs ou les r\u00e9servoirs recouverts de rev\u00eatement liner.","og_url":"https:\/\/www.cascade.it\/fr\/prodotto\/traversee-etanche-liner\/","og_site_name":"Cascade","article_modified_time":"2021-10-12T15:20:35+00:00","og_image":[{"width":1300,"height":1300,"url":"https:\/\/www.cascade.it\/new\/wp-content\/uploads\/Prodotti\/Accessori_per_fontane\/Accessori_idraulici_per_fontane\/PASSANTE-PER-TELO-LINER.jpg","type":"image\/jpeg"}],"twitter_card":"summary_large_image","twitter_misc":{"Dur\u00e9e de lecture estim\u00e9e":"1 minute"},"schema":{"@context":"https:\/\/schema.org","@graph":[{"@type":"WebPage","@id":"https:\/\/www.cascade.it\/fr\/prodotto\/traversee-etanche-liner\/","url":"https:\/\/www.cascade.it\/fr\/prodotto\/traversee-etanche-liner\/","name":"Travers\u00e9e \u00e0 \u00e9tanche pour liner - Cascade","isPartOf":{"@id":"https:\/\/www.cascade.it\/fr\/#website"},"primaryImageOfPage":{"@id":"https:\/\/www.cascade.it\/fr\/prodotto\/traversee-etanche-liner\/#primaryimage"},"image":{"@id":"https:\/\/www.cascade.it\/fr\/prodotto\/traversee-etanche-liner\/#primaryimage"},"thumbnailUrl":"https:\/\/www.cascade.it\/new\/wp-content\/uploads\/Prodotti\/Accessori_per_fontane\/Accessori_idraulici_per_fontane\/PASSANTE-PER-TELO-LINER.jpg","datePublished":"2019-02-20T08:43:53+00:00","dateModified":"2021-10-12T15:20:35+00:00","description":"Cette Travers\u00e9e convient au passage \u00e9tanche des tuyaux et des c\u00e2bles \u00e9lectriques \u00e0 travers les murs ou les r\u00e9servoirs recouverts de rev\u00eatement liner.","breadcrumb":{"@id":"https:\/\/www.cascade.it\/fr\/prodotto\/traversee-etanche-liner\/#breadcrumb"},"inLanguage":"fr-FR","potentialAction":[{"@type":"ReadAction","target":["https:\/\/www.cascade.it\/fr\/prodotto\/traversee-etanche-liner\/"]}]},{"@type":"ImageObject","inLanguage":"fr-FR","@id":"https:\/\/www.cascade.it\/fr\/prodotto\/traversee-etanche-liner\/#primaryimage","url":"https:\/\/www.cascade.it\/new\/wp-content\/uploads\/Prodotti\/Accessori_per_fontane\/Accessori_idraulici_per_fontane\/PASSANTE-PER-TELO-LINER.jpg","contentUrl":"https:\/\/www.cascade.it\/new\/wp-content\/uploads\/Prodotti\/Accessori_per_fontane\/Accessori_idraulici_per_fontane\/PASSANTE-PER-TELO-LINER.jpg","width":1300,"height":1300},{"@type":"BreadcrumbList","@id":"https:\/\/www.cascade.it\/fr\/prodotto\/traversee-etanche-liner\/#breadcrumb","itemListElement":[{"@type":"ListItem","position":1,"name":"Home","item":"https:\/\/www.cascade.it\/fr\/"},{"@type":"ListItem","position":2,"name":"Boutique","item":"https:\/\/www.cascade.it\/fr\/boutique\/"},{"@type":"ListItem","position":3,"name":"Travers\u00e9e \u00e0 \u00e9tanche pour liner"}]},{"@type":"WebSite","@id":"https:\/\/www.cascade.it\/fr\/#website","url":"https:\/\/www.cascade.it\/fr\/","name":"Cascade","description":"More than a fountain","potentialAction":[{"@type":"SearchAction","target":{"@type":"EntryPoint","urlTemplate":"https:\/\/www.cascade.it\/fr\/?s={search_term_string}"},"query-input":{"@type":"PropertyValueSpecification","valueRequired":true,"valueName":"search_term_string"}}],"inLanguage":"fr-FR"}]}},"_links":{"self":[{"href":"https:\/\/www.cascade.it\/fr\/wp-json\/wp\/v2\/product\/2554","targetHints":{"allow":["GET"]}}],"collection":[{"href":"https:\/\/www.cascade.it\/fr\/wp-json\/wp\/v2\/product"}],"about":[{"href":"https:\/\/www.cascade.it\/fr\/wp-json\/wp\/v2\/types\/product"}],"wp:featuredmedia":[{"embeddable":true,"href":"https:\/\/www.cascade.it\/fr\/wp-json\/wp\/v2\/media\/2555"}],"wp:attachment":[{"href":"https:\/\/www.cascade.it\/fr\/wp-json\/wp\/v2\/media?parent=2554"}],"wp:term":[{"taxonomy":"product_brand","embeddable":true,"href":"https:\/\/www.cascade.it\/fr\/wp-json\/wp\/v2\/product_brand?post=2554"},{"taxonomy":"product_cat","embeddable":true,"href":"https:\/\/www.cascade.it\/fr\/wp-json\/wp\/v2\/product_cat?post=2554"},{"taxonomy":"product_tag","embeddable":true,"href":"https:\/\/www.cascade.it\/fr\/wp-json\/wp\/v2\/product_tag?post=2554"}],"curies":[{"name":"wp","href":"https:\/\/api.w.org\/{rel}","templated":true}]}}