{"id":2548,"date":"2019-02-20T09:42:32","date_gmt":"2019-02-20T08:42:32","guid":{"rendered":"https:\/\/www.cascade.it\/new\/prodotto\/immissore-per-fontana\/"},"modified":"2021-10-12T17:16:29","modified_gmt":"2021-10-12T15:16:29","slug":"buse-pour-fontaine","status":"publish","type":"product","link":"https:\/\/www.cascade.it\/fr\/prodotto\/buse-pour-fontaine\/","title":{"rendered":"Buse pour fontaine"},"content":{"rendered":"<p>[vc_row][vc_column][vc_empty_space height=\u00a0\u00bb50&Prime; height_mobile=\u00a0\u00bb100&Prime;][vc_column_text spacing_heading=\u00a0\u00bb\u00a0\u00bb spacing_heading_tab=\u00a0\u00bb\u00a0\u00bb spacing_heading_mobile=\u00a0\u00bb\u00a0\u00bb]<div class=\"carousel-slider-outer carousel-slider-outer-image-carousel carousel-slider-outer-1206\" style=\"--carousel-slider-nav-color:#f1f1f1;--carousel-slider-active-nav-color:#00d1b2;--carousel-slider-arrow-size:48px;--carousel-slider-bullet-size:10px\">\n<div id=\"&#039;id-1206\" class=\"carousel-slider carousel-slider-1206 arrows-visibility-hover dots-visibility-never arrows-outside dots-center dots-square owl-carousel\" data-slide-type=\"image-carousel\" data-owl-settings='{\"nav\":true,\"dots\":false,\"slideBy\":1,\"stagePadding\":0,\"margin\":10,\"loop\":true,\"lazyLoad\":true,\"autoplay\":true,\"autoplayTimeout\":5000,\"autoplaySpeed\":500,\"autoplayHoverPause\":true,\"autoWidth\":false,\"responsive\":{\"300\":{\"items\":1},\"576\":{\"items\":2},\"768\":{\"items\":2},\"1024\":{\"items\":2},\"1280\":{\"items\":2},\"1536\":{\"items\":2}}}'>\n<div class=\"carousel-slider__item\">\n\t<img class=\"owl-lazy\" data-src=\"https:\/\/www.cascade.it\/new\/wp-content\/uploads\/2019\/07\/Immissori.jpg\" alt=\"\"><\/a><\/div>\n\n<div class=\"carousel-slider__item\">\n\t<img class=\"owl-lazy\" data-src=\"https:\/\/www.cascade.it\/new\/wp-content\/uploads\/2019\/07\/Immissore-per-fontana.jpg\" alt=\"\"><\/a><\/div>\n\n<\/div><!-- .carousel-slider-1206 -->\n<\/div><!-- .carousel-slider-outer-1206 -->\n<\/p>\n<h1><span style=\"color: #1e73be;\">Buse pour fontaine<\/span><\/h1>\n<p><strong>La Buse pour fontaines<\/strong>, en <strong>laiton<\/strong>, en <strong>acier<\/strong> <strong>inoxydable<\/strong> ou en <strong>nylon<\/strong> <strong>blanc<\/strong>, est adapt\u00e9e \u00e0 la <strong>recirculation<\/strong> <strong>de<\/strong> <strong>l&rsquo;eau<\/strong> dans la fontaine dans les petits syst\u00e8mes de filtration.<\/p>\n<p>Les <strong>petites tailles<\/strong> disponibles (1&Prime; et 1 1\/4&Prime;) par rapport aux normes du march\u00e9 garantissent cependant d&rsquo;importants d\u00e9bits d&rsquo;eau de recirculation, mais avec des dimensions r\u00e9duites. Cela vous permet d&rsquo;utiliser plusieurs entr\u00e9es m\u00eame dans de petits bassins, permettant une meilleure r\u00e9partition de l&rsquo;eau introduite dans le r\u00e9servoir.<\/p>\n<p>Dans les versions en laiton ou en acier inoxydable, elles sont particuli\u00e8rement adapt\u00e9s aux fontaines qui utilisent des mat\u00e9riaux de construction pr\u00e9cieux, o\u00f9 l&rsquo;aspect esth\u00e9tique est \u00e9galement important, car ils s&rsquo;int\u00e8grent mieux dans le contexte gr\u00e2ce \u00e0 la <strong>valeur<\/strong> donn\u00e9e par le laiton et l&rsquo;acier et les petits tailles.<\/p>\n<p>\u00c0 utiliser de pr\u00e9f\u00e9rence en combinaison avec les articles <a href=\"https:\/\/www.cascade.it\/fr\/prodotto\/puisard-decharge\/\"><span style=\"text-decoration: underline;\"><strong>Puisard de decharge<\/strong><\/span><\/a> et <a href=\"https:\/\/www.cascade.it\/fr\/prodotto\/skimmer-fontaine\/\"><span style=\"text-decoration: underline;\"><strong>Skimmer pour fontaines<\/strong><\/span><\/a>.<\/p>\n<p>Dans la <strong>version m\u00e9tallique<\/strong>, elle est disponible pour un montage <strong>mural<\/strong> ou un montage <strong>sur le fond<\/strong>.<\/p>\n<p>&nbsp;<\/p>\n<h3>Donn\u00e9es techniques<\/h3>\n<div style=\"overflow-x: auto;\">\n<table width=\"84%\">\n<tbody>\n<tr>\n<td width=\"15%\"><strong>\u00a0<\/strong><\/td>\n<td class=\"thHorz\" style=\"border-right: 2px solid #fff;\" colspan=\"2\" width=\"56%\">Buse \u00e0 mur<\/td>\n<td class=\"thHorz\" width=\"28%\">Buse sur le fond<\/td>\n<\/tr>\n<tr>\n<td class=\"thVert\" width=\"15%\">Code<\/td>\n<td width=\"28%\">IMP100<\/td>\n<td width=\"28%\">IMP125<\/td>\n<td width=\"28%\">IMF150<\/td>\n<\/tr>\n<tr>\n<td class=\"thVert\" width=\"15%\">Connexion<\/td>\n<td width=\"28%\">1\u201d M<\/td>\n<td width=\"28%\">1 1\/4\u201d M<\/td>\n<td width=\"28%\">1 1\/2\u201d F<\/td>\n<\/tr>\n<tr>\n<td class=\"thVert\" width=\"15%\">Mat\u00e9riel<\/td>\n<td width=\"28%\">Laiton \/ Acier Inox \/ Polyamide<\/td>\n<td width=\"28%\">Laiton \/\u00a0Acier Inox<\/td>\n<td width=\"28%\">ABS et Acier Inox<\/td>\n<\/tr>\n<\/tbody>\n<\/table>\n<\/div>\n<p>&nbsp;<\/p>\n<h3>Downloads<\/h3>\n<div class=\"divide-line text-left\"><\/div>\n<div>\n<div style=\"float: left; padding: 5px; text-align: center; width: 150px;\"><a href=\"https:\/\/www.cascade.it\/new\/wp-content\/uploads\/2021\/10\/CASCADE-Buse-pour-fontaines-FR.pdf\" target=\"_blank\" rel=\"noopener\"><img loading=\"lazy\" decoding=\"async\" class=\"alignnone wp-image-783\" src=\"https:\/\/www.cascade.it\/new\/wp-content\/uploads\/2019\/02\/pdf-icon-png-7.jpg\" alt=\"\" width=\"91\" height=\"91\" srcset=\"https:\/\/www.cascade.it\/new\/wp-content\/uploads\/2019\/02\/pdf-icon-png-7.jpg 254w, https:\/\/www.cascade.it\/new\/wp-content\/uploads\/2019\/02\/pdf-icon-png-7-150x150.jpg 150w, https:\/\/www.cascade.it\/new\/wp-content\/uploads\/2019\/02\/pdf-icon-png-7-100x100.jpg 100w\" sizes=\"auto, (max-width: 91px) 100vw, 91px\" \/><\/a><br \/>\nFiche technique<\/div>\n<\/div>\n<div id=\"gtx-trans\" style=\"position: absolute; left: 552px; top: 404.075px;\">\n<div class=\"gtx-trans-icon\"><\/div>\n<\/div>\n","protected":false},"excerpt":{"rendered":"<p>[vc_row][vc_column][vc_empty_space height=\u00a0\u00bb50&Prime; height_mobile=\u00a0\u00bb100&Prime;][vc_column_text spacing_heading=\u00a0\u00bb\u00a0\u00bb spacing_heading_tab=\u00a0\u00bb\u00a0\u00bb spacing_heading_mobile=\u00a0\u00bb\u00a0\u00bb] Buse pour fontaine La Buse pour fontaines, en laiton, en acier inoxydable ou en nylon blanc, est adapt\u00e9e \u00e0 la recirculation de l&rsquo;eau dans la fontaine dans les petits syst\u00e8mes de filtration. Les petites tailles disponibles (1&Prime; et 1 1\/4&Prime;) par rapport aux normes du march\u00e9 garantissent cependant d&rsquo;importants [&hellip;]<\/p>\n","protected":false},"featured_media":2549,"template":"","meta":[],"product_brand":[],"product_cat":[287],"product_tag":[],"class_list":{"0":"post-2548","1":"product","2":"type-product","3":"status-publish","4":"has-post-thumbnail","6":"product_cat-accessoires-hydrauliques-fontaines","8":"first","9":"instock","10":"shipping-taxable","11":"product-type-simple"},"yoast_head":"<!-- This site is optimized with the Yoast SEO plugin v26.7 - https:\/\/yoast.com\/wordpress\/plugins\/seo\/ -->\n<title>Buse pour fontaine - Cascade<\/title>\n<meta name=\"description\" content=\"La Buse pour fontaines, en laiton, inox ou nylon blanc, est adapt\u00e9e \u00e0 la recirculation de l&#039;eau dans la fontaine dans les petits syst\u00e8mes de filtration.\" \/>\n<meta name=\"robots\" content=\"index, follow, max-snippet:-1, max-image-preview:large, max-video-preview:-1\" \/>\n<link rel=\"canonical\" href=\"https:\/\/www.cascade.it\/fr\/prodotto\/buse-pour-fontaine\/\" \/>\n<meta property=\"og:locale\" content=\"fr_FR\" \/>\n<meta property=\"og:type\" content=\"article\" \/>\n<meta property=\"og:title\" content=\"Buse pour fontaine - Cascade\" \/>\n<meta property=\"og:description\" content=\"La Buse pour fontaines, en laiton, inox ou nylon blanc, est adapt\u00e9e \u00e0 la recirculation de l&#039;eau dans la fontaine dans les petits syst\u00e8mes de filtration.\" \/>\n<meta property=\"og:url\" content=\"https:\/\/www.cascade.it\/fr\/prodotto\/buse-pour-fontaine\/\" \/>\n<meta property=\"og:site_name\" content=\"Cascade\" \/>\n<meta property=\"article:modified_time\" content=\"2021-10-12T15:16:29+00:00\" \/>\n<meta property=\"og:image\" content=\"https:\/\/www.cascade.it\/new\/wp-content\/uploads\/Prodotti\/Accessori_per_fontane\/Accessori_idraulici_per_fontane\/IMMISSORE-PER-FONTANA.jpg\" \/>\n\t<meta property=\"og:image:width\" content=\"1300\" \/>\n\t<meta property=\"og:image:height\" content=\"1300\" \/>\n\t<meta property=\"og:image:type\" content=\"image\/jpeg\" \/>\n<meta name=\"twitter:card\" content=\"summary_large_image\" \/>\n<meta name=\"twitter:label1\" content=\"Dur\u00e9e de lecture estim\u00e9e\" \/>\n\t<meta name=\"twitter:data1\" content=\"2 minutes\" \/>\n<!-- \/ Yoast SEO plugin. -->","yoast_head_json":{"title":"Buse pour fontaine - Cascade","description":"La Buse pour fontaines, en laiton, inox ou nylon blanc, est adapt\u00e9e \u00e0 la recirculation de l'eau dans la fontaine dans les petits syst\u00e8mes de filtration.","robots":{"index":"index","follow":"follow","max-snippet":"max-snippet:-1","max-image-preview":"max-image-preview:large","max-video-preview":"max-video-preview:-1"},"canonical":"https:\/\/www.cascade.it\/fr\/prodotto\/buse-pour-fontaine\/","og_locale":"fr_FR","og_type":"article","og_title":"Buse pour fontaine - Cascade","og_description":"La Buse pour fontaines, en laiton, inox ou nylon blanc, est adapt\u00e9e \u00e0 la recirculation de l'eau dans la fontaine dans les petits syst\u00e8mes de filtration.","og_url":"https:\/\/www.cascade.it\/fr\/prodotto\/buse-pour-fontaine\/","og_site_name":"Cascade","article_modified_time":"2021-10-12T15:16:29+00:00","og_image":[{"width":1300,"height":1300,"url":"https:\/\/www.cascade.it\/new\/wp-content\/uploads\/Prodotti\/Accessori_per_fontane\/Accessori_idraulici_per_fontane\/IMMISSORE-PER-FONTANA.jpg","type":"image\/jpeg"}],"twitter_card":"summary_large_image","twitter_misc":{"Dur\u00e9e de lecture estim\u00e9e":"2 minutes"},"schema":{"@context":"https:\/\/schema.org","@graph":[{"@type":"WebPage","@id":"https:\/\/www.cascade.it\/fr\/prodotto\/buse-pour-fontaine\/","url":"https:\/\/www.cascade.it\/fr\/prodotto\/buse-pour-fontaine\/","name":"Buse pour fontaine - Cascade","isPartOf":{"@id":"https:\/\/www.cascade.it\/fr\/#website"},"primaryImageOfPage":{"@id":"https:\/\/www.cascade.it\/fr\/prodotto\/buse-pour-fontaine\/#primaryimage"},"image":{"@id":"https:\/\/www.cascade.it\/fr\/prodotto\/buse-pour-fontaine\/#primaryimage"},"thumbnailUrl":"https:\/\/www.cascade.it\/new\/wp-content\/uploads\/Prodotti\/Accessori_per_fontane\/Accessori_idraulici_per_fontane\/IMMISSORE-PER-FONTANA.jpg","datePublished":"2019-02-20T08:42:32+00:00","dateModified":"2021-10-12T15:16:29+00:00","description":"La Buse pour fontaines, en laiton, inox ou nylon blanc, est adapt\u00e9e \u00e0 la recirculation de l'eau dans la fontaine dans les petits syst\u00e8mes de filtration.","breadcrumb":{"@id":"https:\/\/www.cascade.it\/fr\/prodotto\/buse-pour-fontaine\/#breadcrumb"},"inLanguage":"fr-FR","potentialAction":[{"@type":"ReadAction","target":["https:\/\/www.cascade.it\/fr\/prodotto\/buse-pour-fontaine\/"]}]},{"@type":"ImageObject","inLanguage":"fr-FR","@id":"https:\/\/www.cascade.it\/fr\/prodotto\/buse-pour-fontaine\/#primaryimage","url":"https:\/\/www.cascade.it\/new\/wp-content\/uploads\/Prodotti\/Accessori_per_fontane\/Accessori_idraulici_per_fontane\/IMMISSORE-PER-FONTANA.jpg","contentUrl":"https:\/\/www.cascade.it\/new\/wp-content\/uploads\/Prodotti\/Accessori_per_fontane\/Accessori_idraulici_per_fontane\/IMMISSORE-PER-FONTANA.jpg","width":1300,"height":1300},{"@type":"BreadcrumbList","@id":"https:\/\/www.cascade.it\/fr\/prodotto\/buse-pour-fontaine\/#breadcrumb","itemListElement":[{"@type":"ListItem","position":1,"name":"Home","item":"https:\/\/www.cascade.it\/fr\/"},{"@type":"ListItem","position":2,"name":"Boutique","item":"https:\/\/www.cascade.it\/fr\/boutique\/"},{"@type":"ListItem","position":3,"name":"Buse pour fontaine"}]},{"@type":"WebSite","@id":"https:\/\/www.cascade.it\/fr\/#website","url":"https:\/\/www.cascade.it\/fr\/","name":"Cascade","description":"More than a fountain","potentialAction":[{"@type":"SearchAction","target":{"@type":"EntryPoint","urlTemplate":"https:\/\/www.cascade.it\/fr\/?s={search_term_string}"},"query-input":{"@type":"PropertyValueSpecification","valueRequired":true,"valueName":"search_term_string"}}],"inLanguage":"fr-FR"}]}},"_links":{"self":[{"href":"https:\/\/www.cascade.it\/fr\/wp-json\/wp\/v2\/product\/2548","targetHints":{"allow":["GET"]}}],"collection":[{"href":"https:\/\/www.cascade.it\/fr\/wp-json\/wp\/v2\/product"}],"about":[{"href":"https:\/\/www.cascade.it\/fr\/wp-json\/wp\/v2\/types\/product"}],"wp:featuredmedia":[{"embeddable":true,"href":"https:\/\/www.cascade.it\/fr\/wp-json\/wp\/v2\/media\/2549"}],"wp:attachment":[{"href":"https:\/\/www.cascade.it\/fr\/wp-json\/wp\/v2\/media?parent=2548"}],"wp:term":[{"taxonomy":"product_brand","embeddable":true,"href":"https:\/\/www.cascade.it\/fr\/wp-json\/wp\/v2\/product_brand?post=2548"},{"taxonomy":"product_cat","embeddable":true,"href":"https:\/\/www.cascade.it\/fr\/wp-json\/wp\/v2\/product_cat?post=2548"},{"taxonomy":"product_tag","embeddable":true,"href":"https:\/\/www.cascade.it\/fr\/wp-json\/wp\/v2\/product_tag?post=2548"}],"curies":[{"name":"wp","href":"https:\/\/api.w.org\/{rel}","templated":true}]}}