{"id":2543,"date":"2019-02-20T09:41:09","date_gmt":"2019-02-20T08:41:09","guid":{"rendered":"https:\/\/www.cascade.it\/new\/prodotto\/griglia-inox\/"},"modified":"2020-10-27T10:28:18","modified_gmt":"2020-10-27T09:28:18","slug":"grille-en-acier-inoxydable","status":"publish","type":"product","link":"https:\/\/www.cascade.it\/fr\/prodotto\/grille-en-acier-inoxydable\/","title":{"rendered":"Grilles en acier inoxydable"},"content":{"rendered":"<p>&nbsp;<\/p>\n<div class=\"carousel-slider-outer carousel-slider-outer-image-carousel carousel-slider-outer-1202\" style=\"--carousel-slider-nav-color:#f1f1f1;--carousel-slider-active-nav-color:#00d1b2;--carousel-slider-arrow-size:48px;--carousel-slider-bullet-size:10px\">\n<div id=\"&#039;id-1202\" class=\"carousel-slider carousel-slider-1202 arrows-visibility-hover dots-visibility-never arrows-outside dots-center dots-square owl-carousel\" data-slide-type=\"image-carousel\" data-owl-settings='{\"nav\":true,\"dots\":false,\"slideBy\":1,\"stagePadding\":0,\"margin\":10,\"loop\":true,\"lazyLoad\":true,\"autoplay\":true,\"autoplayTimeout\":5000,\"autoplaySpeed\":500,\"autoplayHoverPause\":true,\"autoWidth\":false,\"responsive\":{\"300\":{\"items\":1},\"576\":{\"items\":2},\"768\":{\"items\":2},\"1024\":{\"items\":3},\"1280\":{\"items\":3},\"1536\":{\"items\":3}}}'>\n<div class=\"carousel-slider__item\">\n\t<img class=\"owl-lazy\" data-src=\"https:\/\/www.cascade.it\/new\/wp-content\/uploads\/2019\/07\/Griglie.jpg\" alt=\"\"><\/a><\/div>\n\n<div class=\"carousel-slider__item\">\n\t<img class=\"owl-lazy\" data-src=\"https:\/\/www.cascade.it\/new\/wp-content\/uploads\/2019\/07\/3-Griglie-inox.jpg\" alt=\"\"><\/a><\/div>\n\n<div class=\"carousel-slider__item\">\n\t<img class=\"owl-lazy\" data-src=\"https:\/\/www.cascade.it\/new\/wp-content\/uploads\/2019\/07\/2-Griglie-inox.jpg\" alt=\"\"><\/a><\/div>\n\n<div class=\"carousel-slider__item\">\n\t<img class=\"owl-lazy\" data-src=\"https:\/\/www.cascade.it\/new\/wp-content\/uploads\/2019\/07\/1-Griglie-inox.jpg\" alt=\"\"><\/a><\/div>\n\n<\/div><!-- .carousel-slider-1202 -->\n<\/div><!-- .carousel-slider-outer-1202 -->\n\n<h1><span style=\"color: #1e73be;\">Grilles inox pour fontaines<\/span><\/h1>\n<p>Les <strong>grilles pour fontaines<\/strong>, en <strong>acier inoxydable<\/strong>, couvrent diff\u00e9rentes fonctions.<\/p>\n<p>Les grilles au sol sont g\u00e9n\u00e9ralement utilis\u00e9es pour couvrir le compartiment qui abrite les <strong>filtres d&rsquo;aspiration<\/strong> des pompes (voir <a href=\"https:\/\/www.cascade.it\/fr\/prodotto\/systeme-filtrant-visible\/\"><span style=\"text-decoration: underline;\"><strong>Syst\u00e8me filtrant visible<\/strong><\/span><\/a>): de cette mani\u00e8re, en particulier pour les r\u00e9servoirs \u00e0 profondeur r\u00e9duite, on permet le camouflage de ces \u00e9l\u00e9ments, sinon ils seraient expos\u00e9s \u00e0 l&rsquo;int\u00e9rieur du bassin de la fontaine.<\/p>\n<p>Les grilles sont \u00e9galement utilis\u00e9es comme <strong>pr\u00e9filtres<\/strong>, retardant ou \u00e9vitant le colmatage accidentel des filtres d&rsquo;aspiration des pompes.<\/p>\n<p>Elles peuvent \u00eatre <strong>pi\u00e9tinables<\/strong> et fournies <strong>avec un cadre<\/strong> pour le montage au sol.<\/p>\n<p>&nbsp;<\/p>\n<h3>Donn\u00e9es techniques<\/h3>\n<div style=\"overflow-x: auto;\">\n<table width=\"91%\">\n<tbody>\n<tr>\n<td width=\"13%\"><strong>\u00a0<\/strong><\/td>\n<td class=\"thHorz\" width=\"17%\">Grille 30<\/td>\n<td class=\"thHorz\" width=\"17%\">Grille 40<\/td>\n<td class=\"thHorz\" width=\"17%\">Grille 60<\/td>\n<td class=\"thHorz\" width=\"17%\">Grille 120<\/td>\n<td class=\"thHorz\" width=\"17%\">Grille 180<\/td>\n<\/tr>\n<tr>\n<td class=\"thVert\" width=\"13%\">Code<\/td>\n<td width=\"17%\">GRINOX30<\/td>\n<td width=\"17%\">GRINOX40<\/td>\n<td width=\"17%\">GRINOX60<\/td>\n<td width=\"17%\">GRINOX120<\/td>\n<td width=\"17%\">GRINOX180<\/td>\n<\/tr>\n<tr>\n<td class=\"thVert\" width=\"13%\">Dimensions cadre<\/td>\n<td width=\"17%\">30 x 30 cm<\/td>\n<td width=\"17%\">40 x 40 cm<\/td>\n<td width=\"17%\">60 x 60 cm<\/td>\n<td width=\"17%\">120 x 60 cm<\/td>\n<td width=\"17%\">180 x 60 cm<\/td>\n<\/tr>\n<tr>\n<td class=\"thVert\" width=\"13%\">Mat\u00e9riel<\/td>\n<td width=\"17%\">Acier Inox<\/td>\n<td width=\"17%\">Acier Inox<\/td>\n<td width=\"17%\">Acier Inox<\/td>\n<td width=\"17%\">Acier Inox<\/td>\n<td width=\"17%\">Acier Inox<\/td>\n<\/tr>\n<\/tbody>\n<\/table>\n<\/div>\n","protected":false},"excerpt":{"rendered":"<p>&nbsp; Grilles inox pour fontaines Les grilles pour fontaines, en acier inoxydable, couvrent diff\u00e9rentes fonctions. Les grilles au sol sont g\u00e9n\u00e9ralement utilis\u00e9es pour couvrir le compartiment qui abrite les filtres d&rsquo;aspiration des pompes (voir Syst\u00e8me filtrant visible): de cette mani\u00e8re, en particulier pour les r\u00e9servoirs \u00e0 profondeur r\u00e9duite, on permet le camouflage de ces \u00e9l\u00e9ments, [&hellip;]<\/p>\n","protected":false},"featured_media":2544,"template":"","meta":[],"product_brand":[],"product_cat":[287],"product_tag":[],"class_list":{"0":"post-2543","1":"product","2":"type-product","3":"status-publish","4":"has-post-thumbnail","6":"product_cat-accessoires-hydrauliques-fontaines","8":"first","9":"instock","10":"shipping-taxable","11":"product-type-simple"},"yoast_head":"<!-- This site is optimized with the Yoast SEO plugin v26.7 - https:\/\/yoast.com\/wordpress\/plugins\/seo\/ -->\n<title>Grilles en acier inoxydable pour fontaines - Cascade<\/title>\n<meta name=\"description\" content=\"Les grilles inox pour fontaines sont g\u00e9n\u00e9ralement utilis\u00e9es au sol pour couvrir le compartiment qui abrite les filtres d&#039;aspiration des pompes.\" \/>\n<meta name=\"robots\" content=\"index, follow, max-snippet:-1, max-image-preview:large, max-video-preview:-1\" \/>\n<link rel=\"canonical\" href=\"https:\/\/www.cascade.it\/fr\/prodotto\/grille-en-acier-inoxydable\/\" \/>\n<meta property=\"og:locale\" content=\"fr_FR\" \/>\n<meta property=\"og:type\" content=\"article\" \/>\n<meta property=\"og:title\" content=\"Grilles en acier inoxydable pour fontaines - Cascade\" \/>\n<meta property=\"og:description\" content=\"Les grilles inox pour fontaines sont g\u00e9n\u00e9ralement utilis\u00e9es au sol pour couvrir le compartiment qui abrite les filtres d&#039;aspiration des pompes.\" \/>\n<meta property=\"og:url\" content=\"https:\/\/www.cascade.it\/fr\/prodotto\/grille-en-acier-inoxydable\/\" \/>\n<meta property=\"og:site_name\" content=\"Cascade\" \/>\n<meta property=\"article:modified_time\" content=\"2020-10-27T09:28:18+00:00\" \/>\n<meta property=\"og:image\" content=\"https:\/\/www.cascade.it\/new\/wp-content\/uploads\/Prodotti\/Accessori_per_fontane\/Accessori_idraulici_per_fontane\/GRIGLIE-INOX.jpg\" \/>\n\t<meta property=\"og:image:width\" content=\"1300\" \/>\n\t<meta property=\"og:image:height\" content=\"1300\" \/>\n\t<meta property=\"og:image:type\" content=\"image\/jpeg\" \/>\n<meta name=\"twitter:card\" content=\"summary_large_image\" \/>\n<meta name=\"twitter:label1\" content=\"Dur\u00e9e de lecture estim\u00e9e\" \/>\n\t<meta name=\"twitter:data1\" content=\"1 minute\" \/>\n<!-- \/ Yoast SEO plugin. -->","yoast_head_json":{"title":"Grilles en acier inoxydable pour fontaines - Cascade","description":"Les grilles inox pour fontaines sont g\u00e9n\u00e9ralement utilis\u00e9es au sol pour couvrir le compartiment qui abrite les filtres d'aspiration des pompes.","robots":{"index":"index","follow":"follow","max-snippet":"max-snippet:-1","max-image-preview":"max-image-preview:large","max-video-preview":"max-video-preview:-1"},"canonical":"https:\/\/www.cascade.it\/fr\/prodotto\/grille-en-acier-inoxydable\/","og_locale":"fr_FR","og_type":"article","og_title":"Grilles en acier inoxydable pour fontaines - Cascade","og_description":"Les grilles inox pour fontaines sont g\u00e9n\u00e9ralement utilis\u00e9es au sol pour couvrir le compartiment qui abrite les filtres d'aspiration des pompes.","og_url":"https:\/\/www.cascade.it\/fr\/prodotto\/grille-en-acier-inoxydable\/","og_site_name":"Cascade","article_modified_time":"2020-10-27T09:28:18+00:00","og_image":[{"width":1300,"height":1300,"url":"https:\/\/www.cascade.it\/new\/wp-content\/uploads\/Prodotti\/Accessori_per_fontane\/Accessori_idraulici_per_fontane\/GRIGLIE-INOX.jpg","type":"image\/jpeg"}],"twitter_card":"summary_large_image","twitter_misc":{"Dur\u00e9e de lecture estim\u00e9e":"1 minute"},"schema":{"@context":"https:\/\/schema.org","@graph":[{"@type":"WebPage","@id":"https:\/\/www.cascade.it\/fr\/prodotto\/grille-en-acier-inoxydable\/","url":"https:\/\/www.cascade.it\/fr\/prodotto\/grille-en-acier-inoxydable\/","name":"Grilles en acier inoxydable pour fontaines - Cascade","isPartOf":{"@id":"https:\/\/www.cascade.it\/fr\/#website"},"primaryImageOfPage":{"@id":"https:\/\/www.cascade.it\/fr\/prodotto\/grille-en-acier-inoxydable\/#primaryimage"},"image":{"@id":"https:\/\/www.cascade.it\/fr\/prodotto\/grille-en-acier-inoxydable\/#primaryimage"},"thumbnailUrl":"https:\/\/www.cascade.it\/new\/wp-content\/uploads\/Prodotti\/Accessori_per_fontane\/Accessori_idraulici_per_fontane\/GRIGLIE-INOX.jpg","datePublished":"2019-02-20T08:41:09+00:00","dateModified":"2020-10-27T09:28:18+00:00","description":"Les grilles inox pour fontaines sont g\u00e9n\u00e9ralement utilis\u00e9es au sol pour couvrir le compartiment qui abrite les filtres d'aspiration des pompes.","breadcrumb":{"@id":"https:\/\/www.cascade.it\/fr\/prodotto\/grille-en-acier-inoxydable\/#breadcrumb"},"inLanguage":"fr-FR","potentialAction":[{"@type":"ReadAction","target":["https:\/\/www.cascade.it\/fr\/prodotto\/grille-en-acier-inoxydable\/"]}]},{"@type":"ImageObject","inLanguage":"fr-FR","@id":"https:\/\/www.cascade.it\/fr\/prodotto\/grille-en-acier-inoxydable\/#primaryimage","url":"https:\/\/www.cascade.it\/new\/wp-content\/uploads\/Prodotti\/Accessori_per_fontane\/Accessori_idraulici_per_fontane\/GRIGLIE-INOX.jpg","contentUrl":"https:\/\/www.cascade.it\/new\/wp-content\/uploads\/Prodotti\/Accessori_per_fontane\/Accessori_idraulici_per_fontane\/GRIGLIE-INOX.jpg","width":1300,"height":1300},{"@type":"BreadcrumbList","@id":"https:\/\/www.cascade.it\/fr\/prodotto\/grille-en-acier-inoxydable\/#breadcrumb","itemListElement":[{"@type":"ListItem","position":1,"name":"Home","item":"https:\/\/www.cascade.it\/fr\/"},{"@type":"ListItem","position":2,"name":"Boutique","item":"https:\/\/www.cascade.it\/fr\/boutique\/"},{"@type":"ListItem","position":3,"name":"Grilles en acier inoxydable"}]},{"@type":"WebSite","@id":"https:\/\/www.cascade.it\/fr\/#website","url":"https:\/\/www.cascade.it\/fr\/","name":"Cascade","description":"More than a fountain","potentialAction":[{"@type":"SearchAction","target":{"@type":"EntryPoint","urlTemplate":"https:\/\/www.cascade.it\/fr\/?s={search_term_string}"},"query-input":{"@type":"PropertyValueSpecification","valueRequired":true,"valueName":"search_term_string"}}],"inLanguage":"fr-FR"}]}},"_links":{"self":[{"href":"https:\/\/www.cascade.it\/fr\/wp-json\/wp\/v2\/product\/2543","targetHints":{"allow":["GET"]}}],"collection":[{"href":"https:\/\/www.cascade.it\/fr\/wp-json\/wp\/v2\/product"}],"about":[{"href":"https:\/\/www.cascade.it\/fr\/wp-json\/wp\/v2\/types\/product"}],"wp:featuredmedia":[{"embeddable":true,"href":"https:\/\/www.cascade.it\/fr\/wp-json\/wp\/v2\/media\/2544"}],"wp:attachment":[{"href":"https:\/\/www.cascade.it\/fr\/wp-json\/wp\/v2\/media?parent=2543"}],"wp:term":[{"taxonomy":"product_brand","embeddable":true,"href":"https:\/\/www.cascade.it\/fr\/wp-json\/wp\/v2\/product_brand?post=2543"},{"taxonomy":"product_cat","embeddable":true,"href":"https:\/\/www.cascade.it\/fr\/wp-json\/wp\/v2\/product_cat?post=2543"},{"taxonomy":"product_tag","embeddable":true,"href":"https:\/\/www.cascade.it\/fr\/wp-json\/wp\/v2\/product_tag?post=2543"}],"curies":[{"name":"wp","href":"https:\/\/api.w.org\/{rel}","templated":true}]}}