{"id":2538,"date":"2019-02-20T09:39:43","date_gmt":"2019-02-20T08:39:43","guid":{"rendered":"https:\/\/www.cascade.it\/new\/prodotto\/gomito-45-per-lama-e-ventaglio\/"},"modified":"2020-07-20T10:49:51","modified_gmt":"2020-07-20T08:49:51","slug":"coude-45-pour-ajutages-lama-et-ventaglio","status":"publish","type":"product","link":"https:\/\/www.cascade.it\/fr\/prodotto\/coude-45-pour-ajutages-lama-et-ventaglio\/","title":{"rendered":"Coude 45\u00b0 pour ajutages Lama et Ventaglio"},"content":{"rendered":"<p>[vc_row][vc_column][vc_empty_space height=\u00a0\u00bb50&Prime; height_mobile=\u00a0\u00bb100&Prime;][vc_column_text spacing_heading=\u00a0\u00bb\u00a0\u00bb spacing_heading_tab=\u00a0\u00bb\u00a0\u00bb spacing_heading_mobile=\u00a0\u00bb\u00a0\u00bb]<div class=\"carousel-slider-outer carousel-slider-outer-image-carousel carousel-slider-outer-1194\" style=\"--carousel-slider-nav-color:#f1f1f1;--carousel-slider-active-nav-color:#00d1b2;--carousel-slider-arrow-size:48px;--carousel-slider-bullet-size:10px\">\n<div id=\"&#039;id-1194\" class=\"carousel-slider carousel-slider-1194 arrows-visibility-hover dots-visibility-never arrows-outside dots-center dots-square owl-carousel\" data-slide-type=\"image-carousel\" data-owl-settings='{\"nav\":true,\"dots\":false,\"slideBy\":1,\"stagePadding\":0,\"margin\":10,\"loop\":true,\"lazyLoad\":true,\"autoplay\":true,\"autoplayTimeout\":5000,\"autoplaySpeed\":500,\"autoplayHoverPause\":true,\"autoWidth\":false,\"responsive\":{\"300\":{\"items\":1},\"576\":{\"items\":2},\"768\":{\"items\":2},\"1024\":{\"items\":3},\"1280\":{\"items\":3},\"1536\":{\"items\":3}}}'>\n<div class=\"carousel-slider__item\">\n\t<img class=\"owl-lazy\" data-src=\"https:\/\/www.cascade.it\/new\/wp-content\/uploads\/2019\/07\/Gomito-1.jpg\" alt=\"\"><\/a><\/div>\n\n<div class=\"carousel-slider__item\">\n\t<img class=\"owl-lazy\" data-src=\"https:\/\/www.cascade.it\/new\/wp-content\/uploads\/2019\/07\/3-Gomito-45\u00b0-per-ugelli-Lama-e-Ventaglio.jpg\" alt=\"\"><\/a><\/div>\n\n<div class=\"carousel-slider__item\">\n\t<img class=\"owl-lazy\" data-src=\"https:\/\/www.cascade.it\/new\/wp-content\/uploads\/2019\/07\/4-Gomito-45\u00b0-per-ugelli-Lama-e-Ventaglio.jpg\" alt=\"\"><\/a><\/div>\n\n<div class=\"carousel-slider__item\">\n\t<img class=\"owl-lazy\" data-src=\"https:\/\/www.cascade.it\/new\/wp-content\/uploads\/2019\/07\/2-Gomito-45\u00b0-per-ugelli-Lama-e-Ventaglio.jpg\" alt=\"\"><\/a><\/div>\n\n<div class=\"carousel-slider__item\">\n\t<img class=\"owl-lazy\" data-src=\"https:\/\/www.cascade.it\/new\/wp-content\/uploads\/2019\/07\/1-Gomito-45\u00b0-per-ugelli-Lama-e-Ventaglio.jpg\" alt=\"\"><\/a><\/div>\n\n<\/div><!-- .carousel-slider-1194 -->\n<\/div><!-- .carousel-slider-outer-1194 -->\n<\/p>\n<h1><span style=\"color: #1e73be;\">Coude 45\u00b0 pour ajutages Lama et Ventaglio<\/span><\/h1>\n<p>Le <strong>Coude \u00e0 45 \u00b0<\/strong> est en <strong>acier inoxydable<\/strong> et recommand\u00e9 pour les ajutages <a href=\"https:\/\/www.cascade.it\/fr\/prodotto\/ajutage-lama-dacqua\/\"><span style=\"text-decoration: underline;\"><strong>Lama<\/strong><\/span><\/a> et\u00a0<a href=\"https:\/\/www.cascade.it\/fr\/prodotto\/ajutage-ventaglio\/\"><span style=\"text-decoration: underline;\"><strong>Ventaglio<\/strong><\/span><\/a>\u00a0 lorsqu&rsquo;ils sont utilis\u00e9s en <strong>position inclin\u00e9e<\/strong>.<\/p>\n<p>Disponible dans une large gamme de tailles.<\/p>\n<p>&nbsp;<\/p>\n<h3>Donn\u00e9es techniques<\/h3>\n<div style=\"overflow-x: auto;\">\n<table width=\"92%\">\n<tbody>\n<tr>\n<td width=\"13%\"><strong>\u00a0<\/strong><\/td>\n<td class=\"thHorz\" width=\"17%\">Coude 45\u00b0 75<\/td>\n<td class=\"thHorz\" width=\"17%\">Coude 45\u00b0 100<\/td>\n<td class=\"thHorz\" width=\"17%\">Coude 45\u00b0 125<\/td>\n<td class=\"thHorz\" width=\"17%\">Coude 45\u00b0 150<\/td>\n<td class=\"thHorz\" width=\"17%\">Coude 45\u00b0 200<\/td>\n<\/tr>\n<tr>\n<td class=\"thVert\" width=\"13%\">Code<\/td>\n<td width=\"17%\">G75<\/td>\n<td width=\"17%\">G100<\/td>\n<td width=\"17%\">G125<\/td>\n<td width=\"17%\">G150<\/td>\n<td width=\"17%\">G200<\/td>\n<\/tr>\n<tr>\n<td class=\"thVert\" width=\"13%\">Diam\u00e8tre<\/td>\n<td width=\"17%\">3\/4\u201d<\/td>\n<td width=\"17%\">1\u201d<\/td>\n<td width=\"17%\">1 1\/4\u201d<\/td>\n<td width=\"17%\">1 1\/2\u201d<\/td>\n<td width=\"17%\">2\u201d<\/td>\n<\/tr>\n<tr>\n<td class=\"thVert\" width=\"13%\">Mat\u00e8riel<\/td>\n<td width=\"17%\">Acier Inox<\/td>\n<td width=\"17%\">Acier Inox<\/td>\n<td width=\"17%\">Acier Inox<\/td>\n<td width=\"17%\">Acier Inox<\/td>\n<td width=\"17%\">Acier Inox<\/td>\n<\/tr>\n<\/tbody>\n<\/table>\n<\/div>\n<p>&nbsp;<\/p>\n","protected":false},"excerpt":{"rendered":"<p>[vc_row][vc_column][vc_empty_space height=\u00a0\u00bb50&Prime; height_mobile=\u00a0\u00bb100&Prime;][vc_column_text spacing_heading=\u00a0\u00bb\u00a0\u00bb spacing_heading_tab=\u00a0\u00bb\u00a0\u00bb spacing_heading_mobile=\u00a0\u00bb\u00a0\u00bb] Coude 45\u00b0 pour ajutages Lama et Ventaglio Le Coude \u00e0 45 \u00b0 est en acier inoxydable et recommand\u00e9 pour les ajutages Lama et\u00a0Ventaglio\u00a0 lorsqu&rsquo;ils sont utilis\u00e9s en position inclin\u00e9e. Disponible dans une large gamme de tailles. &nbsp; Donn\u00e9es techniques \u00a0 Coude 45\u00b0 75 Coude 45\u00b0 100 Coude 45\u00b0 125 [&hellip;]<\/p>\n","protected":false},"featured_media":2539,"template":"","meta":[],"product_brand":[],"product_cat":[287],"product_tag":[],"class_list":{"0":"post-2538","1":"product","2":"type-product","3":"status-publish","4":"has-post-thumbnail","6":"product_cat-accessoires-hydrauliques-fontaines","8":"first","9":"instock","10":"shipping-taxable","11":"product-type-simple"},"yoast_head":"<!-- This site is optimized with the Yoast SEO plugin v26.7 - https:\/\/yoast.com\/wordpress\/plugins\/seo\/ -->\n<title>Coude 45\u00b0 pour ajutages Lama et Ventaglio pour fontaines - Cascade<\/title>\n<meta name=\"description\" content=\"Le Coude \u00e0 45 \u00b0 est en acier inoxydable et recommand\u00e9 pour les ajutages Lama et\u00a0Ventaglio\u00a0 lorsqu&#039;ils sont utilis\u00e9s en position inclin\u00e9e.\" \/>\n<meta name=\"robots\" content=\"index, follow, max-snippet:-1, max-image-preview:large, max-video-preview:-1\" \/>\n<link rel=\"canonical\" href=\"https:\/\/www.cascade.it\/fr\/prodotto\/coude-45-pour-ajutages-lama-et-ventaglio\/\" \/>\n<meta property=\"og:locale\" content=\"fr_FR\" \/>\n<meta property=\"og:type\" content=\"article\" \/>\n<meta property=\"og:title\" content=\"Coude 45\u00b0 pour ajutages Lama et Ventaglio pour fontaines - Cascade\" \/>\n<meta property=\"og:description\" content=\"Le Coude \u00e0 45 \u00b0 est en acier inoxydable et recommand\u00e9 pour les ajutages Lama et\u00a0Ventaglio\u00a0 lorsqu&#039;ils sont utilis\u00e9s en position inclin\u00e9e.\" \/>\n<meta property=\"og:url\" content=\"https:\/\/www.cascade.it\/fr\/prodotto\/coude-45-pour-ajutages-lama-et-ventaglio\/\" \/>\n<meta property=\"og:site_name\" content=\"Cascade\" \/>\n<meta property=\"article:modified_time\" content=\"2020-07-20T08:49:51+00:00\" \/>\n<meta property=\"og:image\" content=\"https:\/\/www.cascade.it\/new\/wp-content\/uploads\/Prodotti\/Accessori_per_fontane\/Accessori_idraulici_per_fontane\/GOMITO-45\u00b0-PER-LAMA-E-VENTAGLIO.jpg\" \/>\n\t<meta property=\"og:image:width\" content=\"1300\" \/>\n\t<meta property=\"og:image:height\" content=\"1300\" \/>\n\t<meta property=\"og:image:type\" content=\"image\/jpeg\" \/>\n<meta name=\"twitter:card\" content=\"summary_large_image\" \/>\n<!-- \/ Yoast SEO plugin. -->","yoast_head_json":{"title":"Coude 45\u00b0 pour ajutages Lama et Ventaglio pour fontaines - Cascade","description":"Le Coude \u00e0 45 \u00b0 est en acier inoxydable et recommand\u00e9 pour les ajutages Lama et\u00a0Ventaglio\u00a0 lorsqu'ils sont utilis\u00e9s en position inclin\u00e9e.","robots":{"index":"index","follow":"follow","max-snippet":"max-snippet:-1","max-image-preview":"max-image-preview:large","max-video-preview":"max-video-preview:-1"},"canonical":"https:\/\/www.cascade.it\/fr\/prodotto\/coude-45-pour-ajutages-lama-et-ventaglio\/","og_locale":"fr_FR","og_type":"article","og_title":"Coude 45\u00b0 pour ajutages Lama et Ventaglio pour fontaines - Cascade","og_description":"Le Coude \u00e0 45 \u00b0 est en acier inoxydable et recommand\u00e9 pour les ajutages Lama et\u00a0Ventaglio\u00a0 lorsqu'ils sont utilis\u00e9s en position inclin\u00e9e.","og_url":"https:\/\/www.cascade.it\/fr\/prodotto\/coude-45-pour-ajutages-lama-et-ventaglio\/","og_site_name":"Cascade","article_modified_time":"2020-07-20T08:49:51+00:00","og_image":[{"width":1300,"height":1300,"url":"https:\/\/www.cascade.it\/new\/wp-content\/uploads\/Prodotti\/Accessori_per_fontane\/Accessori_idraulici_per_fontane\/GOMITO-45\u00b0-PER-LAMA-E-VENTAGLIO.jpg","type":"image\/jpeg"}],"twitter_card":"summary_large_image","schema":{"@context":"https:\/\/schema.org","@graph":[{"@type":"WebPage","@id":"https:\/\/www.cascade.it\/fr\/prodotto\/coude-45-pour-ajutages-lama-et-ventaglio\/","url":"https:\/\/www.cascade.it\/fr\/prodotto\/coude-45-pour-ajutages-lama-et-ventaglio\/","name":"Coude 45\u00b0 pour ajutages Lama et Ventaglio pour fontaines - Cascade","isPartOf":{"@id":"https:\/\/www.cascade.it\/fr\/#website"},"primaryImageOfPage":{"@id":"https:\/\/www.cascade.it\/fr\/prodotto\/coude-45-pour-ajutages-lama-et-ventaglio\/#primaryimage"},"image":{"@id":"https:\/\/www.cascade.it\/fr\/prodotto\/coude-45-pour-ajutages-lama-et-ventaglio\/#primaryimage"},"thumbnailUrl":"https:\/\/www.cascade.it\/new\/wp-content\/uploads\/Prodotti\/Accessori_per_fontane\/Accessori_idraulici_per_fontane\/GOMITO-45\u00b0-PER-LAMA-E-VENTAGLIO.jpg","datePublished":"2019-02-20T08:39:43+00:00","dateModified":"2020-07-20T08:49:51+00:00","description":"Le Coude \u00e0 45 \u00b0 est en acier inoxydable et recommand\u00e9 pour les ajutages Lama et\u00a0Ventaglio\u00a0 lorsqu'ils sont utilis\u00e9s en position inclin\u00e9e.","breadcrumb":{"@id":"https:\/\/www.cascade.it\/fr\/prodotto\/coude-45-pour-ajutages-lama-et-ventaglio\/#breadcrumb"},"inLanguage":"fr-FR","potentialAction":[{"@type":"ReadAction","target":["https:\/\/www.cascade.it\/fr\/prodotto\/coude-45-pour-ajutages-lama-et-ventaglio\/"]}]},{"@type":"ImageObject","inLanguage":"fr-FR","@id":"https:\/\/www.cascade.it\/fr\/prodotto\/coude-45-pour-ajutages-lama-et-ventaglio\/#primaryimage","url":"https:\/\/www.cascade.it\/new\/wp-content\/uploads\/Prodotti\/Accessori_per_fontane\/Accessori_idraulici_per_fontane\/GOMITO-45\u00b0-PER-LAMA-E-VENTAGLIO.jpg","contentUrl":"https:\/\/www.cascade.it\/new\/wp-content\/uploads\/Prodotti\/Accessori_per_fontane\/Accessori_idraulici_per_fontane\/GOMITO-45\u00b0-PER-LAMA-E-VENTAGLIO.jpg","width":1300,"height":1300},{"@type":"BreadcrumbList","@id":"https:\/\/www.cascade.it\/fr\/prodotto\/coude-45-pour-ajutages-lama-et-ventaglio\/#breadcrumb","itemListElement":[{"@type":"ListItem","position":1,"name":"Home","item":"https:\/\/www.cascade.it\/fr\/"},{"@type":"ListItem","position":2,"name":"Boutique","item":"https:\/\/www.cascade.it\/fr\/boutique\/"},{"@type":"ListItem","position":3,"name":"Coude 45\u00b0 pour ajutages Lama et Ventaglio"}]},{"@type":"WebSite","@id":"https:\/\/www.cascade.it\/fr\/#website","url":"https:\/\/www.cascade.it\/fr\/","name":"Cascade","description":"More than a fountain","potentialAction":[{"@type":"SearchAction","target":{"@type":"EntryPoint","urlTemplate":"https:\/\/www.cascade.it\/fr\/?s={search_term_string}"},"query-input":{"@type":"PropertyValueSpecification","valueRequired":true,"valueName":"search_term_string"}}],"inLanguage":"fr-FR"}]}},"_links":{"self":[{"href":"https:\/\/www.cascade.it\/fr\/wp-json\/wp\/v2\/product\/2538","targetHints":{"allow":["GET"]}}],"collection":[{"href":"https:\/\/www.cascade.it\/fr\/wp-json\/wp\/v2\/product"}],"about":[{"href":"https:\/\/www.cascade.it\/fr\/wp-json\/wp\/v2\/types\/product"}],"wp:featuredmedia":[{"embeddable":true,"href":"https:\/\/www.cascade.it\/fr\/wp-json\/wp\/v2\/media\/2539"}],"wp:attachment":[{"href":"https:\/\/www.cascade.it\/fr\/wp-json\/wp\/v2\/media?parent=2538"}],"wp:term":[{"taxonomy":"product_brand","embeddable":true,"href":"https:\/\/www.cascade.it\/fr\/wp-json\/wp\/v2\/product_brand?post=2538"},{"taxonomy":"product_cat","embeddable":true,"href":"https:\/\/www.cascade.it\/fr\/wp-json\/wp\/v2\/product_cat?post=2538"},{"taxonomy":"product_tag","embeddable":true,"href":"https:\/\/www.cascade.it\/fr\/wp-json\/wp\/v2\/product_tag?post=2538"}],"curies":[{"name":"wp","href":"https:\/\/api.w.org\/{rel}","templated":true}]}}