{"id":2533,"date":"2019-02-20T09:38:32","date_gmt":"2019-02-20T08:38:32","guid":{"rendered":"https:\/\/www.cascade.it\/new\/prodotto\/flangia-di-regolazione\/"},"modified":"2021-10-12T17:09:05","modified_gmt":"2021-10-12T15:09:05","slug":"bride-reglage","status":"publish","type":"product","link":"https:\/\/www.cascade.it\/fr\/prodotto\/bride-reglage\/","title":{"rendered":"Bride de r\u00e9glage"},"content":{"rendered":"<p>[vc_row][vc_column][vc_empty_space height=\u00a0\u00bb50&Prime; height_mobile=\u00a0\u00bb100&Prime;][vc_column_text spacing_heading=\u00a0\u00bb\u00a0\u00bb spacing_heading_tab=\u00a0\u00bb\u00a0\u00bb spacing_heading_mobile=\u00a0\u00bb\u00a0\u00bb]<div class=\"carousel-slider-outer carousel-slider-outer-image-carousel carousel-slider-outer-1189\" style=\"--carousel-slider-nav-color:#f1f1f1;--carousel-slider-active-nav-color:#00d1b2;--carousel-slider-arrow-size:48px;--carousel-slider-bullet-size:10px\">\n<div id=\"&#039;id-1189\" class=\"carousel-slider carousel-slider-1189 arrows-visibility-hover dots-visibility-never arrows-outside dots-center dots-square owl-carousel\" data-slide-type=\"image-carousel\" data-owl-settings='{\"nav\":true,\"dots\":false,\"slideBy\":1,\"stagePadding\":0,\"margin\":10,\"loop\":true,\"lazyLoad\":true,\"autoplay\":true,\"autoplayTimeout\":5000,\"autoplaySpeed\":500,\"autoplayHoverPause\":true,\"autoWidth\":false,\"responsive\":{\"300\":{\"items\":1},\"576\":{\"items\":2},\"768\":{\"items\":2},\"1024\":{\"items\":3},\"1280\":{\"items\":3},\"1536\":{\"items\":3}}}'>\n<div class=\"carousel-slider__item\">\n\t<img class=\"owl-lazy\" data-src=\"https:\/\/www.cascade.it\/new\/wp-content\/uploads\/2019\/07\/Flangia-di-regolazione.jpg\" alt=\"\"><\/a><\/div>\n\n<div class=\"carousel-slider__item\">\n\t<img class=\"owl-lazy\" data-src=\"https:\/\/www.cascade.it\/new\/wp-content\/uploads\/2019\/07\/Flangia-di-regolazione-1.jpg\" alt=\"\"><\/a><\/div>\n\n<div class=\"carousel-slider__item\">\n\t<img class=\"owl-lazy\" data-src=\"https:\/\/www.cascade.it\/new\/wp-content\/uploads\/2019\/07\/2-Flangia-di-regolazione.jpg\" alt=\"\"><\/a><\/div>\n\n<div class=\"carousel-slider__item\">\n\t<img class=\"owl-lazy\" data-src=\"https:\/\/www.cascade.it\/new\/wp-content\/uploads\/2019\/07\/1-Flangia-di-regolazione.jpg\" alt=\"\"><\/a><\/div>\n\n<\/div><!-- .carousel-slider-1189 -->\n<\/div><!-- .carousel-slider-outer-1189 -->\n<\/p>\n<h1><span style=\"color: #1e73be;\">Bride de r\u00e9glage pour fontaines<\/span><\/h1>\n<p>La <strong>Bride de r\u00e9glage<\/strong> permet un <strong>r\u00e9glage axial parfait du jet d&rsquo;eau<\/strong> avec un encombrement tr\u00e8s r\u00e9duit.<\/p>\n<p>Contrairement aux joints \u00e0 rotule courants, la bride rend le r\u00e9glage axial du jet <strong>facile<\/strong>, <strong>rapide<\/strong> et <strong>durable<\/strong>. Une fois r\u00e9gl\u00e9 le jet, la bride boulonn\u00e9e <strong>emp\u00eache l\u2019ajutage de se d\u00e9placer<\/strong> accidentellement, ce qui se produit souvent avec des rotules normales en raison de chocs ou d&rsquo;op\u00e9rations de vissage.<\/p>\n<p>Disponible dans une large gamme de tailles, de 1\/2&Prime; \u00e0 3&Prime;, la bride de r\u00e9glage est en <strong>bronze<\/strong> pour toutes les versions ou \u00e9galement en <strong>acier inoxydable<\/strong> pour les versions 1\/2&Prime; et 1&Prime;.<\/p>\n<p>&nbsp;<\/p>\n<h3>Donn\u00e9es techniques<\/h3>\n<div style=\"overflow-x: auto;\">\n<table width=\"100%\">\n<tbody>\n<tr>\n<td width=\"8%\"><strong>\u00a0<\/strong><\/td>\n<td class=\"thHorz\" width=\"12%\">Bride 50<\/td>\n<td class=\"thHorz\" width=\"10%\">Bride 75<\/td>\n<td class=\"thHorz\" width=\"12%\">Bride 100<\/td>\n<td class=\"thHorz\" width=\"10%\">Bride 125<\/td>\n<td class=\"thHorz\" width=\"11%\">Bride 150<\/td>\n<td class=\"thHorz\" width=\"11%\">Bride 200<\/td>\n<td class=\"thHorz\" width=\"11%\">Bride 250<\/td>\n<td class=\"thHorz\" width=\"11%\">Bride 300<\/td>\n<\/tr>\n<tr>\n<td class=\"thVert\" width=\"8%\">Code<\/td>\n<td width=\"12%\">FL50<\/td>\n<td width=\"10%\">FL75<\/td>\n<td width=\"12%\">FL100<\/td>\n<td width=\"10%\">FL125<\/td>\n<td width=\"11%\">FL150<\/td>\n<td width=\"11%\">FL200<\/td>\n<td width=\"11%\">FL250<\/td>\n<td width=\"11%\">FL300<\/td>\n<\/tr>\n<tr>\n<td class=\"thVert\" width=\"8%\">Connexion<\/td>\n<td width=\"12%\">1\/2\u201d<\/td>\n<td width=\"10%\">3\/4\u201d<\/td>\n<td width=\"12%\">1\u201d<\/td>\n<td width=\"10%\">1 1\/4\u201d<\/td>\n<td width=\"11%\">1 1\/2\u201d<\/td>\n<td width=\"11%\">2\u201d<\/td>\n<td width=\"11%\">2 1\/2\u201d<\/td>\n<td width=\"11%\">3\u201d<\/td>\n<\/tr>\n<tr>\n<td class=\"thVert\" width=\"8%\">Mat\u00e9riel<\/td>\n<td width=\"12%\">Bronze \/ Acier inox<\/td>\n<td width=\"10%\">Bronze<\/td>\n<td width=\"12%\">Bronze \/ Acier inox<\/td>\n<td width=\"10%\">Bronze<\/td>\n<td width=\"11%\">Bronze<\/td>\n<td width=\"11%\">Bronze<\/td>\n<td width=\"11%\">Bronze<\/td>\n<td width=\"11%\">Bronze<\/td>\n<\/tr>\n<\/tbody>\n<\/table>\n<\/div>\n<p>&nbsp;<\/p>\n<h3>Downloads<\/h3>\n<div class=\"divide-line text-left\"><\/div>\n<div>\n<div style=\"float: left; padding: 5px; text-align: center; width: 150px;\"><a href=\"https:\/\/www.cascade.it\/new\/wp-content\/uploads\/2021\/10\/CASCADE-Bride-de-reglage-FR.pdf\" target=\"_blank\" rel=\"noopener\"><img loading=\"lazy\" decoding=\"async\" class=\"alignnone wp-image-783\" src=\"https:\/\/www.cascade.it\/new\/wp-content\/uploads\/2019\/02\/pdf-icon-png-7.jpg\" alt=\"\" width=\"91\" height=\"91\" srcset=\"https:\/\/www.cascade.it\/new\/wp-content\/uploads\/2019\/02\/pdf-icon-png-7.jpg 254w, https:\/\/www.cascade.it\/new\/wp-content\/uploads\/2019\/02\/pdf-icon-png-7-150x150.jpg 150w, https:\/\/www.cascade.it\/new\/wp-content\/uploads\/2019\/02\/pdf-icon-png-7-100x100.jpg 100w\" sizes=\"auto, (max-width: 91px) 100vw, 91px\" \/><\/a><br \/>\nFiche technique<\/div>\n<\/div>\n","protected":false},"excerpt":{"rendered":"<p>[vc_row][vc_column][vc_empty_space height=\u00a0\u00bb50&Prime; height_mobile=\u00a0\u00bb100&Prime;][vc_column_text spacing_heading=\u00a0\u00bb\u00a0\u00bb spacing_heading_tab=\u00a0\u00bb\u00a0\u00bb spacing_heading_mobile=\u00a0\u00bb\u00a0\u00bb] Bride de r\u00e9glage pour fontaines La Bride de r\u00e9glage permet un r\u00e9glage axial parfait du jet d&rsquo;eau avec un encombrement tr\u00e8s r\u00e9duit. Contrairement aux joints \u00e0 rotule courants, la bride rend le r\u00e9glage axial du jet facile, rapide et durable. Une fois r\u00e9gl\u00e9 le jet, la bride boulonn\u00e9e emp\u00eache [&hellip;]<\/p>\n","protected":false},"featured_media":9771,"template":"","meta":[],"product_brand":[],"product_cat":[287],"product_tag":[],"class_list":{"0":"post-2533","1":"product","2":"type-product","3":"status-publish","4":"has-post-thumbnail","6":"product_cat-accessoires-hydrauliques-fontaines","8":"first","9":"instock","10":"shipping-taxable","11":"product-type-simple"},"yoast_head":"<!-- This site is optimized with the Yoast SEO plugin v26.7 - https:\/\/yoast.com\/wordpress\/plugins\/seo\/ -->\n<title>Bride de r\u00e9glage pour ajutages des fontaines - Cascade<\/title>\n<meta name=\"description\" content=\"La Bride de r\u00e9glage permet un r\u00e9glage axial parfait des jets d&#039;eau des ajutages de la fontaine avec un encombrement tr\u00e8s r\u00e9duit.\" \/>\n<meta name=\"robots\" content=\"index, follow, max-snippet:-1, max-image-preview:large, max-video-preview:-1\" \/>\n<link rel=\"canonical\" href=\"https:\/\/www.cascade.it\/fr\/prodotto\/bride-reglage\/\" \/>\n<meta property=\"og:locale\" content=\"fr_FR\" \/>\n<meta property=\"og:type\" content=\"article\" \/>\n<meta property=\"og:title\" content=\"Bride de r\u00e9glage pour ajutages des fontaines - Cascade\" \/>\n<meta property=\"og:description\" content=\"La Bride de r\u00e9glage permet un r\u00e9glage axial parfait des jets d&#039;eau des ajutages de la fontaine avec un encombrement tr\u00e8s r\u00e9duit.\" \/>\n<meta property=\"og:url\" content=\"https:\/\/www.cascade.it\/fr\/prodotto\/bride-reglage\/\" \/>\n<meta property=\"og:site_name\" content=\"Cascade\" \/>\n<meta property=\"article:modified_time\" content=\"2021-10-12T15:09:05+00:00\" \/>\n<meta property=\"og:image\" content=\"https:\/\/www.cascade.it\/new\/wp-content\/uploads\/2020\/06\/Flange-di-regolazione.jpg\" \/>\n\t<meta property=\"og:image:width\" content=\"1300\" \/>\n\t<meta property=\"og:image:height\" content=\"1300\" \/>\n\t<meta property=\"og:image:type\" content=\"image\/jpeg\" \/>\n<meta name=\"twitter:card\" content=\"summary_large_image\" \/>\n<meta name=\"twitter:label1\" content=\"Dur\u00e9e de lecture estim\u00e9e\" \/>\n\t<meta name=\"twitter:data1\" content=\"1 minute\" \/>\n<!-- \/ Yoast SEO plugin. -->","yoast_head_json":{"title":"Bride de r\u00e9glage pour ajutages des fontaines - Cascade","description":"La Bride de r\u00e9glage permet un r\u00e9glage axial parfait des jets d'eau des ajutages de la fontaine avec un encombrement tr\u00e8s r\u00e9duit.","robots":{"index":"index","follow":"follow","max-snippet":"max-snippet:-1","max-image-preview":"max-image-preview:large","max-video-preview":"max-video-preview:-1"},"canonical":"https:\/\/www.cascade.it\/fr\/prodotto\/bride-reglage\/","og_locale":"fr_FR","og_type":"article","og_title":"Bride de r\u00e9glage pour ajutages des fontaines - Cascade","og_description":"La Bride de r\u00e9glage permet un r\u00e9glage axial parfait des jets d'eau des ajutages de la fontaine avec un encombrement tr\u00e8s r\u00e9duit.","og_url":"https:\/\/www.cascade.it\/fr\/prodotto\/bride-reglage\/","og_site_name":"Cascade","article_modified_time":"2021-10-12T15:09:05+00:00","og_image":[{"width":1300,"height":1300,"url":"https:\/\/www.cascade.it\/new\/wp-content\/uploads\/2020\/06\/Flange-di-regolazione.jpg","type":"image\/jpeg"}],"twitter_card":"summary_large_image","twitter_misc":{"Dur\u00e9e de lecture estim\u00e9e":"1 minute"},"schema":{"@context":"https:\/\/schema.org","@graph":[{"@type":"WebPage","@id":"https:\/\/www.cascade.it\/fr\/prodotto\/bride-reglage\/","url":"https:\/\/www.cascade.it\/fr\/prodotto\/bride-reglage\/","name":"Bride de r\u00e9glage pour ajutages des fontaines - Cascade","isPartOf":{"@id":"https:\/\/www.cascade.it\/fr\/#website"},"primaryImageOfPage":{"@id":"https:\/\/www.cascade.it\/fr\/prodotto\/bride-reglage\/#primaryimage"},"image":{"@id":"https:\/\/www.cascade.it\/fr\/prodotto\/bride-reglage\/#primaryimage"},"thumbnailUrl":"https:\/\/www.cascade.it\/new\/wp-content\/uploads\/2020\/06\/Flange-di-regolazione.jpg","datePublished":"2019-02-20T08:38:32+00:00","dateModified":"2021-10-12T15:09:05+00:00","description":"La Bride de r\u00e9glage permet un r\u00e9glage axial parfait des jets d'eau des ajutages de la fontaine avec un encombrement tr\u00e8s r\u00e9duit.","breadcrumb":{"@id":"https:\/\/www.cascade.it\/fr\/prodotto\/bride-reglage\/#breadcrumb"},"inLanguage":"fr-FR","potentialAction":[{"@type":"ReadAction","target":["https:\/\/www.cascade.it\/fr\/prodotto\/bride-reglage\/"]}]},{"@type":"ImageObject","inLanguage":"fr-FR","@id":"https:\/\/www.cascade.it\/fr\/prodotto\/bride-reglage\/#primaryimage","url":"https:\/\/www.cascade.it\/new\/wp-content\/uploads\/2020\/06\/Flange-di-regolazione.jpg","contentUrl":"https:\/\/www.cascade.it\/new\/wp-content\/uploads\/2020\/06\/Flange-di-regolazione.jpg","width":1300,"height":1300},{"@type":"BreadcrumbList","@id":"https:\/\/www.cascade.it\/fr\/prodotto\/bride-reglage\/#breadcrumb","itemListElement":[{"@type":"ListItem","position":1,"name":"Home","item":"https:\/\/www.cascade.it\/fr\/"},{"@type":"ListItem","position":2,"name":"Boutique","item":"https:\/\/www.cascade.it\/fr\/boutique\/"},{"@type":"ListItem","position":3,"name":"Bride de r\u00e9glage"}]},{"@type":"WebSite","@id":"https:\/\/www.cascade.it\/fr\/#website","url":"https:\/\/www.cascade.it\/fr\/","name":"Cascade","description":"More than a fountain","potentialAction":[{"@type":"SearchAction","target":{"@type":"EntryPoint","urlTemplate":"https:\/\/www.cascade.it\/fr\/?s={search_term_string}"},"query-input":{"@type":"PropertyValueSpecification","valueRequired":true,"valueName":"search_term_string"}}],"inLanguage":"fr-FR"}]}},"_links":{"self":[{"href":"https:\/\/www.cascade.it\/fr\/wp-json\/wp\/v2\/product\/2533","targetHints":{"allow":["GET"]}}],"collection":[{"href":"https:\/\/www.cascade.it\/fr\/wp-json\/wp\/v2\/product"}],"about":[{"href":"https:\/\/www.cascade.it\/fr\/wp-json\/wp\/v2\/types\/product"}],"wp:featuredmedia":[{"embeddable":true,"href":"https:\/\/www.cascade.it\/fr\/wp-json\/wp\/v2\/media\/9771"}],"wp:attachment":[{"href":"https:\/\/www.cascade.it\/fr\/wp-json\/wp\/v2\/media?parent=2533"}],"wp:term":[{"taxonomy":"product_brand","embeddable":true,"href":"https:\/\/www.cascade.it\/fr\/wp-json\/wp\/v2\/product_brand?post=2533"},{"taxonomy":"product_cat","embeddable":true,"href":"https:\/\/www.cascade.it\/fr\/wp-json\/wp\/v2\/product_cat?post=2533"},{"taxonomy":"product_tag","embeddable":true,"href":"https:\/\/www.cascade.it\/fr\/wp-json\/wp\/v2\/product_tag?post=2533"}],"curies":[{"name":"wp","href":"https:\/\/api.w.org\/{rel}","templated":true}]}}