{"id":2521,"date":"2019-02-20T09:35:23","date_gmt":"2019-02-20T08:35:23","guid":{"rendered":"https:\/\/www.cascade.it\/new\/prodotto\/anello-frangionda\/"},"modified":"2020-10-27T11:08:00","modified_gmt":"2020-10-27T10:08:00","slug":"anneau-brise-lames","status":"publish","type":"product","link":"https:\/\/www.cascade.it\/fr\/prodotto\/anneau-brise-lames\/","title":{"rendered":"Anneau brise-lames"},"content":{"rendered":"<p>&nbsp;<\/p>\n<div class=\"carousel-slider-outer carousel-slider-outer-image-carousel carousel-slider-outer-1183\" style=\"--carousel-slider-nav-color:#f1f1f1;--carousel-slider-active-nav-color:#00d1b2;--carousel-slider-arrow-size:48px;--carousel-slider-bullet-size:10px\">\n<div id=\"&#039;id-1183\" class=\"carousel-slider carousel-slider-1183 arrows-visibility-hover dots-visibility-never arrows-outside dots-center dots-square owl-carousel\" data-slide-type=\"image-carousel\" data-owl-settings='{\"nav\":true,\"dots\":false,\"slideBy\":1,\"stagePadding\":0,\"margin\":10,\"loop\":true,\"lazyLoad\":true,\"autoplay\":true,\"autoplayTimeout\":5000,\"autoplaySpeed\":500,\"autoplayHoverPause\":true,\"autoWidth\":false,\"responsive\":{\"300\":{\"items\":1},\"576\":{\"items\":2},\"768\":{\"items\":2},\"1024\":{\"items\":2},\"1280\":{\"items\":2},\"1536\":{\"items\":2}}}'>\n<div class=\"carousel-slider__item\">\n\t<img class=\"owl-lazy\" data-src=\"https:\/\/www.cascade.it\/new\/wp-content\/uploads\/2019\/07\/Anello-frangionda.jpg\" alt=\"\"><\/a><\/div>\n\n<div class=\"carousel-slider__item\">\n\t<img class=\"owl-lazy\" data-src=\"https:\/\/www.cascade.it\/new\/wp-content\/uploads\/2019\/07\/Anello-frangionda-1.jpg\" alt=\"\"><\/a><\/div>\n\n<\/div><!-- .carousel-slider-1183 -->\n<\/div><!-- .carousel-slider-outer-1183 -->\n\n<h1><span style=\"color: #1e73be;\">Anneau brise-lames pour fontaines<\/span><\/h1>\n<p><strong>L&rsquo;anneau brise-lames<\/strong> est en <strong>acier inoxydable<\/strong>.<\/p>\n<p>Il est <strong>recommand\u00e9<\/strong> pour les <strong>ajutages d\u00e9pendants<\/strong> du niveau de l&rsquo;eau, tels que <strong><a href=\"https:\/\/www.cascade.it\/fr\/prodotto\/ajutage-cascade\/\"><span style=\"text-decoration: underline;\">Cascade<\/span><\/a><\/strong> et <strong><a href=\"https:\/\/www.cascade.it\/fr\/prodotto\/ajutage-geiser\/\"><span style=\"text-decoration: underline;\">Geiser<\/span><\/a><\/strong>, <strong>d&#8217;emp\u00eacher<\/strong> <strong>l&rsquo;effet vague<\/strong>, g\u00e9n\u00e9r\u00e9 par les retomb\u00e9es de l&rsquo;eau, d&rsquo;interf\u00e9rer avec leur bon fonctionnement: cela \u00e9vite les \u00e9claboussures excessives et le dysfonctionnement du jet d\u00fb au hoquet ou \u00ab\u00a0rebond\u00a0\u00bb de l&rsquo;effet vague, notamment dans les <strong>petits bassins <\/strong>ou qui ne permettent pas l&rsquo;amortissement des ondes g\u00e9n\u00e9r\u00e9es par le fonctionnement de l\u2019ajutage.<\/p>\n<p>L&rsquo;anneau est <strong>r\u00e9glable en hauteur<\/strong>: cela vous permet de changer sa hauteur en fonction du niveau de l&rsquo;eau, afin de le rendre plus ou moins visible par rapport \u00e0 la surface de l&rsquo;eau.<\/p>\n<p>Montage \u00e0 collier.<\/p>\n<p>&nbsp;<\/p>\n<h3>Donn\u00e9es techniques<\/h3>\n<div style=\"overflow-x: auto;\">\n<table width=\"855\">\n<tbody>\n<tr>\n<td width=\"126\"><strong>\u00a0<\/strong><\/td>\n<td class=\"thHorz\" width=\"227\">Anneau 200<\/td>\n<td class=\"thHorz\" width=\"246\">Anneau 250<\/td>\n<td class=\"thHorz\" width=\"256\">Anneau 300<\/td>\n<\/tr>\n<tr>\n<td class=\"thVert\" width=\"126\">Code<\/td>\n<td width=\"227\">ANFR200<\/td>\n<td width=\"246\">ANFR250<\/td>\n<td width=\"256\">ANFR300<\/td>\n<\/tr>\n<tr>\n<td class=\"thVert\" width=\"126\">Diam\u00e8tre<\/td>\n<td width=\"227\">31,8 mm<\/td>\n<td width=\"246\">31,8 mm<\/td>\n<td width=\"256\">31,8 mm<\/td>\n<\/tr>\n<tr>\n<td class=\"thVert\" width=\"126\">Connexion<\/td>\n<td width=\"227\">Jusqu&rsquo;\u00e0 50 mm<\/td>\n<td width=\"246\">Jusqu&rsquo;\u00e0 63 mm<\/td>\n<td width=\"256\">Jusqu&rsquo;\u00e0 75 mm<\/td>\n<\/tr>\n<tr>\n<td class=\"thVert\" width=\"126\">Mat\u00e9riel<\/td>\n<td width=\"227\">Acier Inox<\/td>\n<td width=\"246\">Acier Inox<\/td>\n<td width=\"256\">Acier Inox<\/td>\n<\/tr>\n<\/tbody>\n<\/table>\n<\/div>\n<div>\n<div style=\"clear: both;\"><\/div>\n<\/div>\n","protected":false},"excerpt":{"rendered":"<p>&nbsp; Anneau brise-lames pour fontaines L&rsquo;anneau brise-lames est en acier inoxydable. Il est recommand\u00e9 pour les ajutages d\u00e9pendants du niveau de l&rsquo;eau, tels que Cascade et Geiser, d&#8217;emp\u00eacher l&rsquo;effet vague, g\u00e9n\u00e9r\u00e9 par les retomb\u00e9es de l&rsquo;eau, d&rsquo;interf\u00e9rer avec leur bon fonctionnement: cela \u00e9vite les \u00e9claboussures excessives et le dysfonctionnement du jet d\u00fb au hoquet ou [&hellip;]<\/p>\n","protected":false},"featured_media":2522,"template":"","meta":[],"product_brand":[],"product_cat":[287],"product_tag":[],"class_list":{"0":"post-2521","1":"product","2":"type-product","3":"status-publish","4":"has-post-thumbnail","6":"product_cat-accessoires-hydrauliques-fontaines","8":"first","9":"instock","10":"shipping-taxable","11":"product-type-simple"},"yoast_head":"<!-- This site is optimized with the Yoast SEO plugin v26.7 - https:\/\/yoast.com\/wordpress\/plugins\/seo\/ -->\n<title>Anneau brise-lames pour fontaines - Cascade<\/title>\n<meta name=\"description\" content=\"L&#039;anneau brise-lames est en acier inoxydable. Il est recommand\u00e9 pour les ajutages d\u00e9pendants du niveau de l&#039;eau, tels que Cascade et Geiser.\" \/>\n<meta name=\"robots\" content=\"index, follow, max-snippet:-1, max-image-preview:large, max-video-preview:-1\" \/>\n<link rel=\"canonical\" href=\"https:\/\/www.cascade.it\/fr\/prodotto\/anneau-brise-lames\/\" \/>\n<meta property=\"og:locale\" content=\"fr_FR\" \/>\n<meta property=\"og:type\" content=\"article\" \/>\n<meta property=\"og:title\" content=\"Anneau brise-lames pour fontaines - Cascade\" \/>\n<meta property=\"og:description\" content=\"L&#039;anneau brise-lames est en acier inoxydable. Il est recommand\u00e9 pour les ajutages d\u00e9pendants du niveau de l&#039;eau, tels que Cascade et Geiser.\" \/>\n<meta property=\"og:url\" content=\"https:\/\/www.cascade.it\/fr\/prodotto\/anneau-brise-lames\/\" \/>\n<meta property=\"og:site_name\" content=\"Cascade\" \/>\n<meta property=\"article:modified_time\" content=\"2020-10-27T10:08:00+00:00\" \/>\n<meta property=\"og:image\" content=\"https:\/\/www.cascade.it\/new\/wp-content\/uploads\/Prodotti\/Accessori_per_fontane\/Accessori_idraulici_per_fontane\/ANELLO-FRANGIONDA.jpg\" \/>\n\t<meta property=\"og:image:width\" content=\"1300\" \/>\n\t<meta property=\"og:image:height\" content=\"1300\" \/>\n\t<meta property=\"og:image:type\" content=\"image\/jpeg\" \/>\n<meta name=\"twitter:card\" content=\"summary_large_image\" \/>\n<meta name=\"twitter:label1\" content=\"Dur\u00e9e de lecture estim\u00e9e\" \/>\n\t<meta name=\"twitter:data1\" content=\"1 minute\" \/>\n<!-- \/ Yoast SEO plugin. -->","yoast_head_json":{"title":"Anneau brise-lames pour fontaines - Cascade","description":"L'anneau brise-lames est en acier inoxydable. Il est recommand\u00e9 pour les ajutages d\u00e9pendants du niveau de l'eau, tels que Cascade et Geiser.","robots":{"index":"index","follow":"follow","max-snippet":"max-snippet:-1","max-image-preview":"max-image-preview:large","max-video-preview":"max-video-preview:-1"},"canonical":"https:\/\/www.cascade.it\/fr\/prodotto\/anneau-brise-lames\/","og_locale":"fr_FR","og_type":"article","og_title":"Anneau brise-lames pour fontaines - Cascade","og_description":"L'anneau brise-lames est en acier inoxydable. Il est recommand\u00e9 pour les ajutages d\u00e9pendants du niveau de l'eau, tels que Cascade et Geiser.","og_url":"https:\/\/www.cascade.it\/fr\/prodotto\/anneau-brise-lames\/","og_site_name":"Cascade","article_modified_time":"2020-10-27T10:08:00+00:00","og_image":[{"width":1300,"height":1300,"url":"https:\/\/www.cascade.it\/new\/wp-content\/uploads\/Prodotti\/Accessori_per_fontane\/Accessori_idraulici_per_fontane\/ANELLO-FRANGIONDA.jpg","type":"image\/jpeg"}],"twitter_card":"summary_large_image","twitter_misc":{"Dur\u00e9e de lecture estim\u00e9e":"1 minute"},"schema":{"@context":"https:\/\/schema.org","@graph":[{"@type":"WebPage","@id":"https:\/\/www.cascade.it\/fr\/prodotto\/anneau-brise-lames\/","url":"https:\/\/www.cascade.it\/fr\/prodotto\/anneau-brise-lames\/","name":"Anneau brise-lames pour fontaines - Cascade","isPartOf":{"@id":"https:\/\/www.cascade.it\/fr\/#website"},"primaryImageOfPage":{"@id":"https:\/\/www.cascade.it\/fr\/prodotto\/anneau-brise-lames\/#primaryimage"},"image":{"@id":"https:\/\/www.cascade.it\/fr\/prodotto\/anneau-brise-lames\/#primaryimage"},"thumbnailUrl":"https:\/\/www.cascade.it\/new\/wp-content\/uploads\/Prodotti\/Accessori_per_fontane\/Accessori_idraulici_per_fontane\/ANELLO-FRANGIONDA.jpg","datePublished":"2019-02-20T08:35:23+00:00","dateModified":"2020-10-27T10:08:00+00:00","description":"L'anneau brise-lames est en acier inoxydable. Il est recommand\u00e9 pour les ajutages d\u00e9pendants du niveau de l'eau, tels que Cascade et Geiser.","breadcrumb":{"@id":"https:\/\/www.cascade.it\/fr\/prodotto\/anneau-brise-lames\/#breadcrumb"},"inLanguage":"fr-FR","potentialAction":[{"@type":"ReadAction","target":["https:\/\/www.cascade.it\/fr\/prodotto\/anneau-brise-lames\/"]}]},{"@type":"ImageObject","inLanguage":"fr-FR","@id":"https:\/\/www.cascade.it\/fr\/prodotto\/anneau-brise-lames\/#primaryimage","url":"https:\/\/www.cascade.it\/new\/wp-content\/uploads\/Prodotti\/Accessori_per_fontane\/Accessori_idraulici_per_fontane\/ANELLO-FRANGIONDA.jpg","contentUrl":"https:\/\/www.cascade.it\/new\/wp-content\/uploads\/Prodotti\/Accessori_per_fontane\/Accessori_idraulici_per_fontane\/ANELLO-FRANGIONDA.jpg","width":1300,"height":1300},{"@type":"BreadcrumbList","@id":"https:\/\/www.cascade.it\/fr\/prodotto\/anneau-brise-lames\/#breadcrumb","itemListElement":[{"@type":"ListItem","position":1,"name":"Home","item":"https:\/\/www.cascade.it\/fr\/"},{"@type":"ListItem","position":2,"name":"Boutique","item":"https:\/\/www.cascade.it\/fr\/boutique\/"},{"@type":"ListItem","position":3,"name":"Anneau brise-lames"}]},{"@type":"WebSite","@id":"https:\/\/www.cascade.it\/fr\/#website","url":"https:\/\/www.cascade.it\/fr\/","name":"Cascade","description":"More than a fountain","potentialAction":[{"@type":"SearchAction","target":{"@type":"EntryPoint","urlTemplate":"https:\/\/www.cascade.it\/fr\/?s={search_term_string}"},"query-input":{"@type":"PropertyValueSpecification","valueRequired":true,"valueName":"search_term_string"}}],"inLanguage":"fr-FR"}]}},"_links":{"self":[{"href":"https:\/\/www.cascade.it\/fr\/wp-json\/wp\/v2\/product\/2521","targetHints":{"allow":["GET"]}}],"collection":[{"href":"https:\/\/www.cascade.it\/fr\/wp-json\/wp\/v2\/product"}],"about":[{"href":"https:\/\/www.cascade.it\/fr\/wp-json\/wp\/v2\/types\/product"}],"wp:featuredmedia":[{"embeddable":true,"href":"https:\/\/www.cascade.it\/fr\/wp-json\/wp\/v2\/media\/2522"}],"wp:attachment":[{"href":"https:\/\/www.cascade.it\/fr\/wp-json\/wp\/v2\/media?parent=2521"}],"wp:term":[{"taxonomy":"product_brand","embeddable":true,"href":"https:\/\/www.cascade.it\/fr\/wp-json\/wp\/v2\/product_brand?post=2521"},{"taxonomy":"product_cat","embeddable":true,"href":"https:\/\/www.cascade.it\/fr\/wp-json\/wp\/v2\/product_cat?post=2521"},{"taxonomy":"product_tag","embeddable":true,"href":"https:\/\/www.cascade.it\/fr\/wp-json\/wp\/v2\/product_tag?post=2521"}],"curies":[{"name":"wp","href":"https:\/\/api.w.org\/{rel}","templated":true}]}}