{"id":11551,"date":"2023-01-10T12:08:28","date_gmt":"2023-01-10T11:08:29","guid":{"rendered":"https:\/\/www.cascade.it\/?post_type=product&#038;p=11551"},"modified":"2023-01-11T11:23:51","modified_gmt":"2023-01-11T10:23:51","slug":"mizar-12-rgbw","status":"publish","type":"product","link":"https:\/\/www.cascade.it\/fr\/prodotto\/mizar-12-rgbw\/","title":{"rendered":"Mizar 12 RGBW"},"content":{"rendered":"<p>[vc_row][vc_column][vc_empty_space height=\u00a0\u00bb50&Prime; height_mobile=\u00a0\u00bb100&Prime;][vc_column_text]<\/p>\n<div class=\"carousel-slider-outer carousel-slider-outer-image-carousel carousel-slider-outer-11579\" style=\"--carousel-slider-nav-color:#f1f1f1;--carousel-slider-active-nav-color:#00d1b2;--carousel-slider-arrow-size:48px;--carousel-slider-bullet-size:10px\">\n<div id=\"&#039;id-11579\" class=\"carousel-slider carousel-slider-11579 arrows-visibility-hover dots-visibility-never arrows-outside dots-center dots-circle owl-carousel\" data-slide-type=\"image-carousel\" data-owl-settings='{\"nav\":true,\"dots\":false,\"slideBy\":1,\"stagePadding\":0,\"margin\":10,\"loop\":true,\"lazyLoad\":true,\"autoplay\":true,\"autoplayTimeout\":5000,\"autoplaySpeed\":500,\"autoplayHoverPause\":true,\"autoWidth\":false,\"responsive\":{\"300\":{\"items\":1},\"576\":{\"items\":2},\"768\":{\"items\":2},\"1024\":{\"items\":3},\"1280\":{\"items\":3},\"1536\":{\"items\":3}}}'>\n<div class=\"carousel-slider__item\">\n\t<img class=\"owl-lazy\" data-src=\"https:\/\/www.cascade.it\/new\/wp-content\/uploads\/2023\/01\/0-Mizar-12-RGBW.jpg\" alt=\"\"><\/a><\/div>\n\n<div class=\"carousel-slider__item\">\n\t<img class=\"owl-lazy\" data-src=\"https:\/\/www.cascade.it\/new\/wp-content\/uploads\/2023\/01\/1-Mizar-12-RGBW.jpg\" alt=\"\"><\/a><\/div>\n\n<div class=\"carousel-slider__item\">\n\t<img class=\"owl-lazy\" data-src=\"https:\/\/www.cascade.it\/new\/wp-content\/uploads\/2023\/01\/2-Mizar-12-RGBW.jpg\" alt=\"\"><\/a><\/div>\n\n<div class=\"carousel-slider__item\">\n\t<img class=\"owl-lazy\" data-src=\"https:\/\/www.cascade.it\/new\/wp-content\/uploads\/2023\/01\/3-Mizar-12-RGBW.jpg\" alt=\"\"><\/a><\/div>\n\n<\/div><!-- .carousel-slider-11579 -->\n<\/div><!-- .carousel-slider-outer-11579 -->\n\n<p>&nbsp;<\/p>\n<h1><span style=\"color: #1e73be;\">Projecteur LED immerg\u00e9 Mizar 12 RGBW pour fontaines<\/span><\/h1>\n<ul>\n<li>En acier inoxydable AISI 316L, \u00e9paisseur 3-8 mm;<\/li>\n<li>24 V<sub>cc<\/sub> &#8211; 12 W puissance maximale;<\/li>\n<li>Driver LED \u00e0 bord &#8211; pas de driver LED externe;<\/li>\n<li>Contr\u00f4le 0-10 V<sub>pwm<\/sub> (ou DMX-RDM avec Convertisseur DMX-PWM4);<\/li>\n<li>LED RGBW full color (4 en 1) \u00e0 ample gamme chromatique;<\/li>\n<li>Optique sp\u00e9cifique pour m\u00e9langer les couleurs;<\/li>\n<li>10 m de c\u00e2ble Cascade certifi\u00e9 AD8 pour immersion permanente;<\/li>\n<li>Jonction rapide IP68 submersible sur demande;<\/li>\n<li>Niveau de protection IP68 jusqu&rsquo;\u00e0 5 m de profondeur &#8211; certifi\u00e9;<\/li>\n<li>D\u00e9montable et accessible en toutes ses parties pour un \u00e9ventuel entretien.<\/li>\n<\/ul>\n<p>&nbsp;<\/p>\n<h3>Description<\/h3>\n<p>Fruit d&rsquo;une conception technique soign\u00e9e, le projecteur LED immerg\u00e9 <strong>Mizar 12 RGBW<\/strong> de derni\u00e8re g\u00e9n\u00e9ration pour fontaines est \u00e0 la pointe gr\u00e2ce \u00e0 <strong>l&rsquo;\u00e9lectronique enti\u00e8rement int\u00e9gr\u00e9e<\/strong> \u00e0 l&rsquo;int\u00e9rieur du projecteur lui-m\u00eame (aucun autre driver de pilotage \u00e9lectronique n&rsquo;est n\u00e9cessaire dans l&rsquo;eau ou \u00e0 l&rsquo;int\u00e9rieur du panneau \u00e9lectrique).<\/p>\n<p>Les <strong>LED RGBW Full Color<\/strong> de derni\u00e8re g\u00e9n\u00e9ration multi-chip (4 en 1) avec des performances chromatiques \u00e9lev\u00e9es, associ\u00e9es \u00e0 des optiques sp\u00e9cifiques garantissent une grande vari\u00e9t\u00e9 chromatique et un excellent m\u00e9lange de couleurs.<\/p>\n<p>Le projecteur LED immerg\u00e9 pour fontaines Mizar 12 RGBW est complet avec <strong>10 m de c\u00e2ble <\/strong>PBS8F 2&#215;0.5 + 4&#215;0.34 mm\u00b2, adapt\u00e9 pour une <strong>utilisation permanente dans l&rsquo;eau<\/strong> selon la certification <strong>NF C 15-100 AD8<\/strong>. Sur demande, il peut \u00eatre fourni avec <strong>diff\u00e9rentes longueurs de c\u00e2ble<\/strong> ou dans la version avec <a href=\"https:\/\/www.cascade.it\/fr\/prodotto\/jonctions-submersibles-ip68\/\"><span style=\"text-decoration: underline;\"><strong>jonction submersible IP68<\/strong><\/span><\/a>\u00a0pour faciliter et acc\u00e9l\u00e9rer l&rsquo;installation et tout entretien du projecteur.<\/p>\n<p>\u00c9quip\u00e9 d&rsquo;un support pour le diriger vers le jet en cas de besoin.<\/p>\n<p>Le corps du projecteur, le couvercle, le presse-\u00e9toupe et les vis sont en <strong>acier inoxydable AISI 316 L<\/strong>. Les joints en caoutchouc silicone haute performance et l&rsquo;ing\u00e9nierie de conception rendent le projecteur <strong>compl\u00e8tement IP68<\/strong>, adapt\u00e9 \u00e0 une immersion permanente dans l&rsquo;eau sans l&rsquo;utilisation de r\u00e9sines, mais en m\u00eame temps <strong>compl\u00e8tement d\u00e9montable et accessible dans toutes ses pi\u00e8ces<\/strong> pour tout entretien.<\/p>\n<p>La compatibilit\u00e9 avec le protocole de communication <strong>DMX-RDM<\/strong> peut \u00eatre garantie en combinaison avec le <a href=\"https:\/\/www.cascade.it\/fr\/prodotto\/convertisseur-dmx-pwm4\/\"><span style=\"text-decoration: underline;\"><strong>Convertisseur DMX-PWM4<\/strong><\/span><\/a>.<\/p>\n<p>&nbsp;<\/p>\n<h3>Donn\u00e9es techniques<\/h3>\n<div style=\"overflow-x: auto;\">\n<table width=\"92%\">\n<tbody>\n<tr>\n<td width=\"20%\"><strong>\u00a0<\/strong><\/td>\n<td class=\"thHorz\" width=\"79%\">Mizar 12 RGBW<\/td>\n<\/tr>\n<tr>\n<td class=\"thVert\" width=\"20%\">Code<\/td>\n<td width=\"79%\">LED12PWM<\/td>\n<\/tr>\n<tr>\n<td class=\"thVert\" width=\"20%\">Mat\u00e9riel<\/td>\n<td width=\"79%\">Acier inox AISI 316L<\/td>\n<\/tr>\n<tr>\n<td class=\"thVert\" width=\"20%\">Alimentation<\/td>\n<td width=\"79%\">24 Vcc<\/td>\n<\/tr>\n<tr>\n<td class=\"thVert\" width=\"20%\">Puissance max<\/td>\n<td width=\"79%\">12 W<\/td>\n<\/tr>\n<tr>\n<td class=\"thVert\" width=\"20%\">LED<\/td>\n<td width=\"79%\">Multi-chip Power LED 12 W Full Color RGBW<\/td>\n<\/tr>\n<tr>\n<td class=\"thVert\" width=\"20%\">Couleurs<\/td>\n<td width=\"79%\">R G B W (5000\u00b0K &#8211; 7000\u00b0K)<\/td>\n<\/tr>\n<tr>\n<td class=\"thVert\" width=\"20%\">Flux lumineux total min-max<\/td>\n<td width=\"79%\">860 &#8211; 1040 lm<\/td>\n<\/tr>\n<tr>\n<td class=\"thVert\" width=\"20%\">Ampleur faisceau lumineux<\/td>\n<td width=\"79%\">12\u00b0 &#8211; 25\u00b0 &#8211; 35\u00b0<\/td>\n<\/tr>\n<tr>\n<td class=\"thVert\" width=\"20%\">Contr\u00f4le<\/td>\n<td width=\"79%\">0-10 V (PWM)<\/td>\n<\/tr>\n<tr>\n<td class=\"thVert\" width=\"20%\">\u00c9lectronique integr\u00e9e \u00e0 bord<\/td>\n<td width=\"79%\">Driver LED<\/td>\n<\/tr>\n<tr>\n<td class=\"thVert\" width=\"20%\">C\u00e2ble<\/td>\n<td width=\"79%\">2&#215;1 + 5&#215;0,5 mm<sup>2<\/sup> &#8211; 10 m &#8211; certifi\u00e9 AD8 pour immersion permanente<\/td>\n<\/tr>\n<tr>\n<td class=\"thVert\" width=\"20%\">Niveau de protection<\/td>\n<td width=\"79%\">IP68 jusqu&rsquo;\u00e0 5 m de profondeur &#8211; certifi\u00e9<\/td>\n<\/tr>\n<\/tbody>\n<\/table>\n<\/div>\n<p>&nbsp;<\/p>\n","protected":false},"excerpt":{"rendered":"<p>[vc_row][vc_column][vc_empty_space height=\u00a0\u00bb50&Prime; height_mobile=\u00a0\u00bb100&Prime;][vc_column_text] &nbsp; Projecteur LED immerg\u00e9 Mizar 12 RGBW pour fontaines En acier inoxydable AISI 316L, \u00e9paisseur 3-8 mm; 24 Vcc &#8211; 12 W puissance maximale; Driver LED \u00e0 bord &#8211; pas de driver LED externe; Contr\u00f4le 0-10 Vpwm (ou DMX-RDM avec Convertisseur DMX-PWM4); LED RGBW full color (4 en 1) \u00e0 ample gamme [&hellip;]<\/p>\n","protected":false},"featured_media":11562,"template":"","meta":[],"product_brand":[],"product_cat":[294],"product_tag":[],"class_list":{"0":"post-11551","1":"product","2":"type-product","3":"status-publish","4":"has-post-thumbnail","6":"product_cat-projecteurs-led-mizar","8":"first","9":"instock","10":"shipping-taxable","11":"product-type-simple"},"yoast_head":"<!-- This site is optimized with the Yoast SEO plugin v26.7 - https:\/\/yoast.com\/wordpress\/plugins\/seo\/ -->\n<title>Projecteur LED immerg\u00e9 Mizar 12 RGBW pour fontaines - Cascade<\/title>\n<meta name=\"description\" content=\"Le projecteur LED immerg\u00e9 Mizar 12 RGBW pour fontaines de derni\u00e8re g\u00e9n\u00e9ration est \u00e0 la pointe gr\u00e2ce \u00e0 l&#039;\u00e9lectronique enti\u00e8rement int\u00e9gr\u00e9e \u00e0 bord.\" \/>\n<meta name=\"robots\" content=\"index, follow, max-snippet:-1, max-image-preview:large, max-video-preview:-1\" \/>\n<link rel=\"canonical\" href=\"https:\/\/www.cascade.it\/fr\/prodotto\/mizar-12-rgbw\/\" \/>\n<meta property=\"og:locale\" content=\"fr_FR\" \/>\n<meta property=\"og:type\" content=\"article\" \/>\n<meta property=\"og:title\" content=\"Projecteur LED immerg\u00e9 Mizar 12 RGBW pour fontaines - Cascade\" \/>\n<meta property=\"og:description\" content=\"Le projecteur LED immerg\u00e9 Mizar 12 RGBW pour fontaines de derni\u00e8re g\u00e9n\u00e9ration est \u00e0 la pointe gr\u00e2ce \u00e0 l&#039;\u00e9lectronique enti\u00e8rement int\u00e9gr\u00e9e \u00e0 bord.\" \/>\n<meta property=\"og:url\" content=\"https:\/\/www.cascade.it\/fr\/prodotto\/mizar-12-rgbw\/\" \/>\n<meta property=\"og:site_name\" content=\"Cascade\" \/>\n<meta property=\"article:modified_time\" content=\"2023-01-11T10:23:51+00:00\" \/>\n<meta property=\"og:image\" content=\"https:\/\/www.cascade.it\/new\/wp-content\/uploads\/2023\/01\/MIZAR-12-RGBW-2.jpg\" \/>\n\t<meta property=\"og:image:width\" content=\"400\" \/>\n\t<meta property=\"og:image:height\" content=\"400\" \/>\n\t<meta property=\"og:image:type\" content=\"image\/jpeg\" \/>\n<meta name=\"twitter:card\" content=\"summary_large_image\" \/>\n<meta name=\"twitter:label1\" content=\"Dur\u00e9e de lecture estim\u00e9e\" \/>\n\t<meta name=\"twitter:data1\" content=\"3 minutes\" \/>\n<!-- \/ Yoast SEO plugin. -->","yoast_head_json":{"title":"Projecteur LED immerg\u00e9 Mizar 12 RGBW pour fontaines - Cascade","description":"Le projecteur LED immerg\u00e9 Mizar 12 RGBW pour fontaines de derni\u00e8re g\u00e9n\u00e9ration est \u00e0 la pointe gr\u00e2ce \u00e0 l'\u00e9lectronique enti\u00e8rement int\u00e9gr\u00e9e \u00e0 bord.","robots":{"index":"index","follow":"follow","max-snippet":"max-snippet:-1","max-image-preview":"max-image-preview:large","max-video-preview":"max-video-preview:-1"},"canonical":"https:\/\/www.cascade.it\/fr\/prodotto\/mizar-12-rgbw\/","og_locale":"fr_FR","og_type":"article","og_title":"Projecteur LED immerg\u00e9 Mizar 12 RGBW pour fontaines - Cascade","og_description":"Le projecteur LED immerg\u00e9 Mizar 12 RGBW pour fontaines de derni\u00e8re g\u00e9n\u00e9ration est \u00e0 la pointe gr\u00e2ce \u00e0 l'\u00e9lectronique enti\u00e8rement int\u00e9gr\u00e9e \u00e0 bord.","og_url":"https:\/\/www.cascade.it\/fr\/prodotto\/mizar-12-rgbw\/","og_site_name":"Cascade","article_modified_time":"2023-01-11T10:23:51+00:00","og_image":[{"width":400,"height":400,"url":"https:\/\/www.cascade.it\/new\/wp-content\/uploads\/2023\/01\/MIZAR-12-RGBW-2.jpg","type":"image\/jpeg"}],"twitter_card":"summary_large_image","twitter_misc":{"Dur\u00e9e de lecture estim\u00e9e":"3 minutes"},"schema":{"@context":"https:\/\/schema.org","@graph":[{"@type":"WebPage","@id":"https:\/\/www.cascade.it\/fr\/prodotto\/mizar-12-rgbw\/","url":"https:\/\/www.cascade.it\/fr\/prodotto\/mizar-12-rgbw\/","name":"Projecteur LED immerg\u00e9 Mizar 12 RGBW pour fontaines - Cascade","isPartOf":{"@id":"https:\/\/www.cascade.it\/fr\/#website"},"primaryImageOfPage":{"@id":"https:\/\/www.cascade.it\/fr\/prodotto\/mizar-12-rgbw\/#primaryimage"},"image":{"@id":"https:\/\/www.cascade.it\/fr\/prodotto\/mizar-12-rgbw\/#primaryimage"},"thumbnailUrl":"https:\/\/www.cascade.it\/new\/wp-content\/uploads\/2023\/01\/MIZAR-12-RGBW-2.jpg","datePublished":"2023-01-10T11:08:29+00:00","dateModified":"2023-01-11T10:23:51+00:00","description":"Le projecteur LED immerg\u00e9 Mizar 12 RGBW pour fontaines de derni\u00e8re g\u00e9n\u00e9ration est \u00e0 la pointe gr\u00e2ce \u00e0 l'\u00e9lectronique enti\u00e8rement int\u00e9gr\u00e9e \u00e0 bord.","breadcrumb":{"@id":"https:\/\/www.cascade.it\/fr\/prodotto\/mizar-12-rgbw\/#breadcrumb"},"inLanguage":"fr-FR","potentialAction":[{"@type":"ReadAction","target":["https:\/\/www.cascade.it\/fr\/prodotto\/mizar-12-rgbw\/"]}]},{"@type":"ImageObject","inLanguage":"fr-FR","@id":"https:\/\/www.cascade.it\/fr\/prodotto\/mizar-12-rgbw\/#primaryimage","url":"https:\/\/www.cascade.it\/new\/wp-content\/uploads\/2023\/01\/MIZAR-12-RGBW-2.jpg","contentUrl":"https:\/\/www.cascade.it\/new\/wp-content\/uploads\/2023\/01\/MIZAR-12-RGBW-2.jpg","width":400,"height":400},{"@type":"BreadcrumbList","@id":"https:\/\/www.cascade.it\/fr\/prodotto\/mizar-12-rgbw\/#breadcrumb","itemListElement":[{"@type":"ListItem","position":1,"name":"Home","item":"https:\/\/www.cascade.it\/fr\/"},{"@type":"ListItem","position":2,"name":"Boutique","item":"https:\/\/www.cascade.it\/fr\/boutique\/"},{"@type":"ListItem","position":3,"name":"Mizar 12 RGBW"}]},{"@type":"WebSite","@id":"https:\/\/www.cascade.it\/fr\/#website","url":"https:\/\/www.cascade.it\/fr\/","name":"Cascade","description":"More than a fountain","potentialAction":[{"@type":"SearchAction","target":{"@type":"EntryPoint","urlTemplate":"https:\/\/www.cascade.it\/fr\/?s={search_term_string}"},"query-input":{"@type":"PropertyValueSpecification","valueRequired":true,"valueName":"search_term_string"}}],"inLanguage":"fr-FR"}]}},"_links":{"self":[{"href":"https:\/\/www.cascade.it\/fr\/wp-json\/wp\/v2\/product\/11551","targetHints":{"allow":["GET"]}}],"collection":[{"href":"https:\/\/www.cascade.it\/fr\/wp-json\/wp\/v2\/product"}],"about":[{"href":"https:\/\/www.cascade.it\/fr\/wp-json\/wp\/v2\/types\/product"}],"wp:featuredmedia":[{"embeddable":true,"href":"https:\/\/www.cascade.it\/fr\/wp-json\/wp\/v2\/media\/11562"}],"wp:attachment":[{"href":"https:\/\/www.cascade.it\/fr\/wp-json\/wp\/v2\/media?parent=11551"}],"wp:term":[{"taxonomy":"product_brand","embeddable":true,"href":"https:\/\/www.cascade.it\/fr\/wp-json\/wp\/v2\/product_brand?post=11551"},{"taxonomy":"product_cat","embeddable":true,"href":"https:\/\/www.cascade.it\/fr\/wp-json\/wp\/v2\/product_cat?post=11551"},{"taxonomy":"product_tag","embeddable":true,"href":"https:\/\/www.cascade.it\/fr\/wp-json\/wp\/v2\/product_tag?post=11551"}],"curies":[{"name":"wp","href":"https:\/\/api.w.org\/{rel}","templated":true}]}}