{"id":10469,"date":"2020-11-23T11:57:01","date_gmt":"2020-11-23T18:02:36","guid":{"rendered":"https:\/\/www.cascade.it\/?post_type=product&#038;p=10469"},"modified":"2022-10-19T17:26:38","modified_gmt":"2022-10-19T15:26:38","slug":"pompe-submersible-fontaines-pcb-140","status":"publish","type":"product","link":"https:\/\/www.cascade.it\/fr\/prodotto\/pompe-submersible-fontaines-pcb-140\/","title":{"rendered":"PCB 140"},"content":{"rendered":"<p>[vc_row][vc_column][vc_empty_space height=\u00a0\u00bb50&Prime; height_mobile=\u00a0\u00bb100&Prime;][vc_column_text spacing_heading=\u00a0\u00bb\u00a0\u00bb spacing_heading_tab=\u00a0\u00bb\u00a0\u00bb spacing_heading_mobile=\u00a0\u00bb\u00a0\u00bb]<\/p>\n<div class=\"carousel-slider-outer carousel-slider-outer-image-carousel carousel-slider-outer-10439\" style=\"--carousel-slider-nav-color:#f1f1f1;--carousel-slider-active-nav-color:#00d1b2;--carousel-slider-arrow-size:48px;--carousel-slider-bullet-size:10px\">\n<div id=\"&#039;id-10439\" class=\"carousel-slider carousel-slider-10439 arrows-visibility-hover dots-visibility-never arrows-outside dots-center dots-square owl-carousel\" data-slide-type=\"image-carousel\" data-owl-settings='{\"nav\":true,\"dots\":false,\"slideBy\":1,\"stagePadding\":0,\"margin\":10,\"loop\":true,\"lazyLoad\":true,\"autoplay\":true,\"autoplayTimeout\":5000,\"autoplaySpeed\":500,\"autoplayHoverPause\":true,\"autoWidth\":false,\"responsive\":{\"300\":{\"items\":1},\"576\":{\"items\":2},\"768\":{\"items\":2},\"1024\":{\"items\":3},\"1280\":{\"items\":3},\"1536\":{\"items\":3}}}'>\n<div class=\"carousel-slider__item\">\n\t<img class=\"owl-lazy\" data-src=\"https:\/\/www.cascade.it\/new\/wp-content\/uploads\/2020\/11\/Pompa-PCB-140-1-1.jpg\" alt=\"\"><\/a><\/div>\n\n<div class=\"carousel-slider__item\">\n\t<img class=\"owl-lazy\" data-src=\"https:\/\/www.cascade.it\/new\/wp-content\/uploads\/2020\/11\/Pompa-PCB-140-2.jpg\" alt=\"\"><\/a><\/div>\n\n<div class=\"carousel-slider__item\">\n\t<img class=\"owl-lazy\" data-src=\"https:\/\/www.cascade.it\/new\/wp-content\/uploads\/2020\/11\/Pompa-PCB-140-3.jpg\" alt=\"\"><\/a><\/div>\n\n<div class=\"carousel-slider__item\">\n\t<img class=\"owl-lazy\" data-src=\"https:\/\/www.cascade.it\/new\/wp-content\/uploads\/2020\/11\/Pompa-PCB-140-4.jpg\" alt=\"\"><\/a><\/div>\n\n<\/div><!-- .carousel-slider-10439 -->\n<\/div><!-- .carousel-slider-outer-10439 -->\n\n<h1><span style=\"color: #1e73be;\">Pompe submersible pour fontaines PCB 140<\/span><\/h1>\n<p>La pompe submersible <strong>PCB 140<\/strong> a \u00e9t\u00e9 sp\u00e9cialement con\u00e7ue pour les <strong>fontaines et les sc\u00e9nographies aquatiques<\/strong> de petite et moyenne dimension, gr\u00e2ce aux <strong>dimensions compactes<\/strong> et \u00e0 la <strong>basse tension de l&rsquo;alimentation<\/strong> (12Vac conform\u00e9ment \u00e0 la l\u00e9gislation en vigueur).<\/p>\n<p>La compacit\u00e9 de l&rsquo;appareil rend la pompe PCB 140 id\u00e9ale pour les installations qui n\u00e9cessitent des <strong>dimensions compactes<\/strong> \u00e0 la fois dans le r\u00e9servoir et dans le local technique, un <strong>montage et une maintenance faciles<\/strong>, <strong>d&rsquo;excellentes performances<\/strong> hydrauliques et des <strong>co\u00fbts limit\u00e9s<\/strong>.<\/p>\n<p>La pompe est compl\u00e8te avec <strong>filtre en acier inoxydable AISI 304<\/strong> avec grande surface filtrante, c\u00e2ble d&rsquo;alimentation H07RN-F 2 x 6 mm<sup>2<\/sup>. Longueur de c\u00e2ble standard de <strong>6 m<\/strong>.<\/p>\n<p>Raccord de refoulement G 1 1\/2.<\/p>\n<p>Il est recommand\u00e9 de l&rsquo;utiliser en combinaison avec le transformateur 0-12 T12600.<\/p>\n<p>Un traitement appropri\u00e9 de l&rsquo;eau utilis\u00e9e est recommand\u00e9, afin d&rsquo;assurer une faible duret\u00e9.<\/p>\n<p>Pour faciliter l&rsquo;installation et la maintenance, la pompe peut \u00eatre \u00e9quip\u00e9e d&rsquo;un c\u00e2ble d&rsquo;alimentation avec une <a href=\"https:\/\/www.cascade.it\/fr\/prodotto\/jonctions-submersibles-ip68\/\"><span style=\"text-decoration: underline;\"><strong>jonction submersible Cascade IP68<\/strong><\/span><\/a>, sur demande.<\/p>\n<p>&nbsp;<\/p>\n<h3>Donn\u00e9es techniques<\/h3>\n<table width=\"91%\">\n<tbody>\n<tr>\n<td width=\"20%\"><strong>\u00a0<\/strong><\/td>\n<td class=\"thHorz\" width=\"79%\">Pompe submersible PCB 140<\/td>\n<\/tr>\n<tr>\n<td class=\"thVert\" width=\"20%\">Code<\/td>\n<td width=\"79%\">PCB140<\/td>\n<\/tr>\n<tr>\n<td class=\"thVert\" width=\"20%\">Alimentation<\/td>\n<td width=\"79%\">12 VAC<\/td>\n<\/tr>\n<tr>\n<td class=\"thVert\" width=\"20%\">Puissance nominale<\/td>\n<td width=\"79%\">140 W<\/td>\n<\/tr>\n<tr>\n<td class=\"thVert\" width=\"20%\">Puissance maximale absorb\u00e9e<\/td>\n<td width=\"79%\">150 W<\/td>\n<\/tr>\n<tr>\n<td class=\"thVert\" width=\"20%\">Raccord de refoulement<\/td>\n<td width=\"79%\">G 1 \u00bd\u201d<\/td>\n<\/tr>\n<tr>\n<td class=\"thVert\" width=\"20%\">C\u00e2ble d\u2019alimentation<\/td>\n<td width=\"79%\">2 x 6 mm<sup>2<\/sup> &#8211; longueur 6 m (jonction submersible Cascade IP68 sur demande)<\/td>\n<\/tr>\n<tr>\n<td class=\"thVert\" width=\"20%\">Protection<\/td>\n<td width=\"79%\">IP68<\/td>\n<\/tr>\n<tr>\n<td class=\"thVert\" width=\"20%\">Mat\u00e9riel<\/td>\n<td width=\"79%\">Acier inox et polym\u00e8res<\/td>\n<\/tr>\n<tr>\n<td class=\"thVert\" width=\"20%\">Poids<\/td>\n<td width=\"79%\">2.7 kg (sans c\u00e2ble)<\/td>\n<\/tr>\n<\/tbody>\n<\/table>\n<div style=\"clear: both;\"><\/div>\n<p>&nbsp;<\/p>\n<h3>Downloads<\/h3>\n<div class=\"divide-line text-left\"><\/div>\n<div>\n<div style=\"float: left; padding: 5px; text-align: center; width: 150px;\"><a href=\"https:\/\/www.cascade.it\/new\/wp-content\/uploads\/2022\/10\/CASCADE-PCB-140-FR.pdf\" target=\"_blank\" rel=\"noopener\"><img loading=\"lazy\" decoding=\"async\" class=\"alignnone wp-image-783\" src=\"https:\/\/www.cascade.it\/new\/wp-content\/uploads\/2019\/02\/pdf-icon-png-7.jpg\" alt=\"\" width=\"91\" height=\"91\" srcset=\"https:\/\/www.cascade.it\/new\/wp-content\/uploads\/2019\/02\/pdf-icon-png-7.jpg 254w, https:\/\/www.cascade.it\/new\/wp-content\/uploads\/2019\/02\/pdf-icon-png-7-150x150.jpg 150w, https:\/\/www.cascade.it\/new\/wp-content\/uploads\/2019\/02\/pdf-icon-png-7-100x100.jpg 100w\" sizes=\"auto, (max-width: 91px) 100vw, 91px\" \/><\/a><br \/>\nFiche technique<\/div>\n<div style=\"clear: both;\"><\/div>\n<\/div>\n","protected":false},"excerpt":{"rendered":"<p>[vc_row][vc_column][vc_empty_space height=\u00a0\u00bb50&Prime; height_mobile=\u00a0\u00bb100&Prime;][vc_column_text spacing_heading=\u00a0\u00bb\u00a0\u00bb spacing_heading_tab=\u00a0\u00bb\u00a0\u00bb spacing_heading_mobile=\u00a0\u00bb\u00a0\u00bb] Pompe submersible pour fontaines PCB 140 La pompe submersible PCB 140 a \u00e9t\u00e9 sp\u00e9cialement con\u00e7ue pour les fontaines et les sc\u00e9nographies aquatiques de petite et moyenne dimension, gr\u00e2ce aux dimensions compactes et \u00e0 la basse tension de l&rsquo;alimentation (12Vac conform\u00e9ment \u00e0 la l\u00e9gislation en vigueur). La compacit\u00e9 de l&rsquo;appareil [&hellip;]<\/p>\n","protected":false},"featured_media":10459,"template":"","meta":[],"product_brand":[],"product_cat":[310],"product_tag":[],"class_list":{"0":"post-10469","1":"product","2":"type-product","3":"status-publish","4":"has-post-thumbnail","6":"product_cat-pompes-submersibles-basse-tension","8":"first","9":"instock","10":"shipping-taxable","11":"product-type-simple"},"yoast_head":"<!-- This site is optimized with the Yoast SEO plugin v26.7 - https:\/\/yoast.com\/wordpress\/plugins\/seo\/ -->\n<title>Pompe submersible pour fontaines PCB 140 - Cascade<\/title>\n<meta name=\"description\" content=\"Cr\u00e9\u00e9e sp\u00e9cifiquement pour les fontaines et sc\u00e9nographies aquatiques de petite et moyenne taille, gr\u00e2ce aux dimensions compactes et \u00e0 la basse tension.\" \/>\n<meta name=\"robots\" content=\"index, follow, max-snippet:-1, max-image-preview:large, max-video-preview:-1\" \/>\n<link rel=\"canonical\" href=\"https:\/\/www.cascade.it\/fr\/prodotto\/pompe-submersible-fontaines-pcb-140\/\" \/>\n<meta property=\"og:locale\" content=\"fr_FR\" \/>\n<meta property=\"og:type\" content=\"article\" \/>\n<meta property=\"og:title\" content=\"Pompe submersible pour fontaines PCB 140 - Cascade\" \/>\n<meta property=\"og:description\" content=\"Cr\u00e9\u00e9e sp\u00e9cifiquement pour les fontaines et sc\u00e9nographies aquatiques de petite et moyenne taille, gr\u00e2ce aux dimensions compactes et \u00e0 la basse tension.\" \/>\n<meta property=\"og:url\" content=\"https:\/\/www.cascade.it\/fr\/prodotto\/pompe-submersible-fontaines-pcb-140\/\" \/>\n<meta property=\"og:site_name\" content=\"Cascade\" \/>\n<meta property=\"article:modified_time\" content=\"2022-10-19T15:26:38+00:00\" \/>\n<meta property=\"og:image\" content=\"https:\/\/www.cascade.it\/new\/wp-content\/uploads\/2020\/11\/PCB-140-L.jpg\" \/>\n\t<meta property=\"og:image:width\" content=\"1300\" \/>\n\t<meta property=\"og:image:height\" content=\"1300\" \/>\n\t<meta property=\"og:image:type\" content=\"image\/jpeg\" \/>\n<meta name=\"twitter:card\" content=\"summary_large_image\" \/>\n<meta name=\"twitter:label1\" content=\"Dur\u00e9e de lecture estim\u00e9e\" \/>\n\t<meta name=\"twitter:data1\" content=\"2 minutes\" \/>\n<!-- \/ Yoast SEO plugin. -->","yoast_head_json":{"title":"Pompe submersible pour fontaines PCB 140 - Cascade","description":"Cr\u00e9\u00e9e sp\u00e9cifiquement pour les fontaines et sc\u00e9nographies aquatiques de petite et moyenne taille, gr\u00e2ce aux dimensions compactes et \u00e0 la basse tension.","robots":{"index":"index","follow":"follow","max-snippet":"max-snippet:-1","max-image-preview":"max-image-preview:large","max-video-preview":"max-video-preview:-1"},"canonical":"https:\/\/www.cascade.it\/fr\/prodotto\/pompe-submersible-fontaines-pcb-140\/","og_locale":"fr_FR","og_type":"article","og_title":"Pompe submersible pour fontaines PCB 140 - Cascade","og_description":"Cr\u00e9\u00e9e sp\u00e9cifiquement pour les fontaines et sc\u00e9nographies aquatiques de petite et moyenne taille, gr\u00e2ce aux dimensions compactes et \u00e0 la basse tension.","og_url":"https:\/\/www.cascade.it\/fr\/prodotto\/pompe-submersible-fontaines-pcb-140\/","og_site_name":"Cascade","article_modified_time":"2022-10-19T15:26:38+00:00","og_image":[{"width":1300,"height":1300,"url":"https:\/\/www.cascade.it\/new\/wp-content\/uploads\/2020\/11\/PCB-140-L.jpg","type":"image\/jpeg"}],"twitter_card":"summary_large_image","twitter_misc":{"Dur\u00e9e de lecture estim\u00e9e":"2 minutes"},"schema":{"@context":"https:\/\/schema.org","@graph":[{"@type":"WebPage","@id":"https:\/\/www.cascade.it\/fr\/prodotto\/pompe-submersible-fontaines-pcb-140\/","url":"https:\/\/www.cascade.it\/fr\/prodotto\/pompe-submersible-fontaines-pcb-140\/","name":"Pompe submersible pour fontaines PCB 140 - Cascade","isPartOf":{"@id":"https:\/\/www.cascade.it\/fr\/#website"},"primaryImageOfPage":{"@id":"https:\/\/www.cascade.it\/fr\/prodotto\/pompe-submersible-fontaines-pcb-140\/#primaryimage"},"image":{"@id":"https:\/\/www.cascade.it\/fr\/prodotto\/pompe-submersible-fontaines-pcb-140\/#primaryimage"},"thumbnailUrl":"https:\/\/www.cascade.it\/new\/wp-content\/uploads\/2020\/11\/PCB-140-L.jpg","datePublished":"2020-11-23T18:02:36+00:00","dateModified":"2022-10-19T15:26:38+00:00","description":"Cr\u00e9\u00e9e sp\u00e9cifiquement pour les fontaines et sc\u00e9nographies aquatiques de petite et moyenne taille, gr\u00e2ce aux dimensions compactes et \u00e0 la basse tension.","breadcrumb":{"@id":"https:\/\/www.cascade.it\/fr\/prodotto\/pompe-submersible-fontaines-pcb-140\/#breadcrumb"},"inLanguage":"fr-FR","potentialAction":[{"@type":"ReadAction","target":["https:\/\/www.cascade.it\/fr\/prodotto\/pompe-submersible-fontaines-pcb-140\/"]}]},{"@type":"ImageObject","inLanguage":"fr-FR","@id":"https:\/\/www.cascade.it\/fr\/prodotto\/pompe-submersible-fontaines-pcb-140\/#primaryimage","url":"https:\/\/www.cascade.it\/new\/wp-content\/uploads\/2020\/11\/PCB-140-L.jpg","contentUrl":"https:\/\/www.cascade.it\/new\/wp-content\/uploads\/2020\/11\/PCB-140-L.jpg","width":1300,"height":1300},{"@type":"BreadcrumbList","@id":"https:\/\/www.cascade.it\/fr\/prodotto\/pompe-submersible-fontaines-pcb-140\/#breadcrumb","itemListElement":[{"@type":"ListItem","position":1,"name":"Home","item":"https:\/\/www.cascade.it\/fr\/"},{"@type":"ListItem","position":2,"name":"Boutique","item":"https:\/\/www.cascade.it\/fr\/boutique\/"},{"@type":"ListItem","position":3,"name":"PCB 140"}]},{"@type":"WebSite","@id":"https:\/\/www.cascade.it\/fr\/#website","url":"https:\/\/www.cascade.it\/fr\/","name":"Cascade","description":"More than a fountain","potentialAction":[{"@type":"SearchAction","target":{"@type":"EntryPoint","urlTemplate":"https:\/\/www.cascade.it\/fr\/?s={search_term_string}"},"query-input":{"@type":"PropertyValueSpecification","valueRequired":true,"valueName":"search_term_string"}}],"inLanguage":"fr-FR"}]}},"_links":{"self":[{"href":"https:\/\/www.cascade.it\/fr\/wp-json\/wp\/v2\/product\/10469","targetHints":{"allow":["GET"]}}],"collection":[{"href":"https:\/\/www.cascade.it\/fr\/wp-json\/wp\/v2\/product"}],"about":[{"href":"https:\/\/www.cascade.it\/fr\/wp-json\/wp\/v2\/types\/product"}],"wp:featuredmedia":[{"embeddable":true,"href":"https:\/\/www.cascade.it\/fr\/wp-json\/wp\/v2\/media\/10459"}],"wp:attachment":[{"href":"https:\/\/www.cascade.it\/fr\/wp-json\/wp\/v2\/media?parent=10469"}],"wp:term":[{"taxonomy":"product_brand","embeddable":true,"href":"https:\/\/www.cascade.it\/fr\/wp-json\/wp\/v2\/product_brand?post=10469"},{"taxonomy":"product_cat","embeddable":true,"href":"https:\/\/www.cascade.it\/fr\/wp-json\/wp\/v2\/product_cat?post=10469"},{"taxonomy":"product_tag","embeddable":true,"href":"https:\/\/www.cascade.it\/fr\/wp-json\/wp\/v2\/product_tag?post=10469"}],"curies":[{"name":"wp","href":"https:\/\/api.w.org\/{rel}","templated":true}]}}