{"id":10228,"date":"2020-06-05T09:14:01","date_gmt":"2020-06-05T07:14:01","guid":{"rendered":"https:\/\/www.cascade.it\/prodotto\/cascate-su-vetro-o-parete\/"},"modified":"2020-11-20T18:17:17","modified_gmt":"2020-11-20T17:17:17","slug":"chutes-deau-sur-verre-ou-mur","status":"publish","type":"product","link":"https:\/\/www.cascade.it\/fr\/prodotto\/chutes-deau-sur-verre-ou-mur\/","title":{"rendered":"Chutes d\u2019eau sur verre ou mur"},"content":{"rendered":"<p>&nbsp;<\/p>\n<div class=\"carousel-slider-outer carousel-slider-outer-image-carousel carousel-slider-outer-9515\" style=\"--carousel-slider-nav-color:#f1f1f1;--carousel-slider-active-nav-color:#00d1b2;--carousel-slider-arrow-size:48px;--carousel-slider-bullet-size:10px\">\n<div id=\"&#039;id-9515\" class=\"carousel-slider carousel-slider-9515 arrows-visibility-hover dots-visibility-never arrows-outside dots-center dots-square owl-carousel\" data-slide-type=\"image-carousel\" data-owl-settings='{\"nav\":true,\"dots\":false,\"slideBy\":1,\"stagePadding\":0,\"margin\":10,\"loop\":true,\"lazyLoad\":false,\"autoplay\":true,\"autoplayTimeout\":5000,\"autoplaySpeed\":500,\"autoplayHoverPause\":true,\"autoWidth\":false,\"responsive\":{\"300\":{\"items\":1},\"576\":{\"items\":2},\"768\":{\"items\":2},\"1024\":{\"items\":3},\"1280\":{\"items\":3},\"1536\":{\"items\":3}}}'>\n<div class=\"carousel-slider__item\">\n\t<img loading=\"lazy\" decoding=\"async\" width=\"1300\" height=\"856\" src=\"https:\/\/www.cascade.it\/new\/wp-content\/uploads\/2020\/06\/0-Cascate-su-vetro-o-parete.jpg\" class=\"attachment-full size-full\" alt=\"\" srcset=\"https:\/\/www.cascade.it\/new\/wp-content\/uploads\/2020\/06\/0-Cascate-su-vetro-o-parete.jpg 1300w, https:\/\/www.cascade.it\/new\/wp-content\/uploads\/2020\/06\/0-Cascate-su-vetro-o-parete-300x198.jpg 300w, https:\/\/www.cascade.it\/new\/wp-content\/uploads\/2020\/06\/0-Cascate-su-vetro-o-parete-768x506.jpg 768w, https:\/\/www.cascade.it\/new\/wp-content\/uploads\/2020\/06\/0-Cascate-su-vetro-o-parete-1024x674.jpg 1024w, https:\/\/www.cascade.it\/new\/wp-content\/uploads\/2020\/06\/0-Cascate-su-vetro-o-parete-500x329.jpg 500w, https:\/\/www.cascade.it\/new\/wp-content\/uploads\/2020\/06\/0-Cascate-su-vetro-o-parete-800x527.jpg 800w, https:\/\/www.cascade.it\/new\/wp-content\/uploads\/2020\/06\/0-Cascate-su-vetro-o-parete-1280x843.jpg 1280w, https:\/\/www.cascade.it\/new\/wp-content\/uploads\/2020\/06\/0-Cascate-su-vetro-o-parete-960x632.jpg 960w, https:\/\/www.cascade.it\/new\/wp-content\/uploads\/2020\/06\/0-Cascate-su-vetro-o-parete-600x395.jpg 600w\" sizes=\"auto, (max-width: 1300px) 100vw, 1300px\" \/><\/a><\/div>\n\n<div class=\"carousel-slider__item\">\n\t<img loading=\"lazy\" decoding=\"async\" width=\"1300\" height=\"856\" src=\"https:\/\/www.cascade.it\/new\/wp-content\/uploads\/2019\/08\/2-Cascate-su-misura.jpg\" class=\"attachment-full size-full\" alt=\"\" srcset=\"https:\/\/www.cascade.it\/new\/wp-content\/uploads\/2019\/08\/2-Cascate-su-misura.jpg 1300w, https:\/\/www.cascade.it\/new\/wp-content\/uploads\/2019\/08\/2-Cascate-su-misura-300x198.jpg 300w, https:\/\/www.cascade.it\/new\/wp-content\/uploads\/2019\/08\/2-Cascate-su-misura-768x506.jpg 768w, https:\/\/www.cascade.it\/new\/wp-content\/uploads\/2019\/08\/2-Cascate-su-misura-1024x674.jpg 1024w, https:\/\/www.cascade.it\/new\/wp-content\/uploads\/2019\/08\/2-Cascate-su-misura-960x632.jpg 960w, https:\/\/www.cascade.it\/new\/wp-content\/uploads\/2019\/08\/2-Cascate-su-misura-600x395.jpg 600w\" sizes=\"auto, (max-width: 1300px) 100vw, 1300px\" \/><\/a><\/div>\n\n<div class=\"carousel-slider__item\">\n\t<img loading=\"lazy\" decoding=\"async\" width=\"1300\" height=\"856\" src=\"https:\/\/www.cascade.it\/new\/wp-content\/uploads\/2019\/08\/3-Cascate-su-misura.jpg\" class=\"attachment-full size-full\" alt=\"\" srcset=\"https:\/\/www.cascade.it\/new\/wp-content\/uploads\/2019\/08\/3-Cascate-su-misura.jpg 1300w, https:\/\/www.cascade.it\/new\/wp-content\/uploads\/2019\/08\/3-Cascate-su-misura-300x198.jpg 300w, https:\/\/www.cascade.it\/new\/wp-content\/uploads\/2019\/08\/3-Cascate-su-misura-768x506.jpg 768w, https:\/\/www.cascade.it\/new\/wp-content\/uploads\/2019\/08\/3-Cascate-su-misura-1024x674.jpg 1024w, https:\/\/www.cascade.it\/new\/wp-content\/uploads\/2019\/08\/3-Cascate-su-misura-960x632.jpg 960w, https:\/\/www.cascade.it\/new\/wp-content\/uploads\/2019\/08\/3-Cascate-su-misura-600x395.jpg 600w\" sizes=\"auto, (max-width: 1300px) 100vw, 1300px\" \/><\/a><\/div>\n\n<div class=\"carousel-slider__item\">\n\t<img loading=\"lazy\" decoding=\"async\" width=\"1905\" height=\"1254\" src=\"https:\/\/www.cascade.it\/new\/wp-content\/uploads\/2020\/06\/3-Cascate-su-vetro-o-parete-1.jpg\" class=\"attachment-full size-full\" alt=\"\" srcset=\"https:\/\/www.cascade.it\/new\/wp-content\/uploads\/2020\/06\/3-Cascate-su-vetro-o-parete-1.jpg 1905w, https:\/\/www.cascade.it\/new\/wp-content\/uploads\/2020\/06\/3-Cascate-su-vetro-o-parete-1-300x197.jpg 300w, https:\/\/www.cascade.it\/new\/wp-content\/uploads\/2020\/06\/3-Cascate-su-vetro-o-parete-1-768x506.jpg 768w, https:\/\/www.cascade.it\/new\/wp-content\/uploads\/2020\/06\/3-Cascate-su-vetro-o-parete-1-1024x674.jpg 1024w, https:\/\/www.cascade.it\/new\/wp-content\/uploads\/2020\/06\/3-Cascate-su-vetro-o-parete-1-500x329.jpg 500w, https:\/\/www.cascade.it\/new\/wp-content\/uploads\/2020\/06\/3-Cascate-su-vetro-o-parete-1-800x527.jpg 800w, https:\/\/www.cascade.it\/new\/wp-content\/uploads\/2020\/06\/3-Cascate-su-vetro-o-parete-1-1280x843.jpg 1280w, https:\/\/www.cascade.it\/new\/wp-content\/uploads\/2020\/06\/3-Cascate-su-vetro-o-parete-1-960x632.jpg 960w, https:\/\/www.cascade.it\/new\/wp-content\/uploads\/2020\/06\/3-Cascate-su-vetro-o-parete-1-600x395.jpg 600w\" sizes=\"auto, (max-width: 1905px) 100vw, 1905px\" \/><\/a><\/div>\n\n<\/div><!-- .carousel-slider-9515 -->\n<\/div><!-- .carousel-slider-outer-9515 -->\n\n<div style=\"overflow-x: auto;\">\n<h1><span style=\"color: #1e73be;\">Chutes d\u2019eau sur verre ou mur<\/span><\/h1>\n<p>Les <strong>chutes d\u2019eau sur verre ou murs<\/strong> repr\u00e9sentent un effet <strong>suggestif<\/strong> mais en m\u00eame temps <strong>\u00e9l\u00e9gant.<\/strong><\/p>\n<p>Id\u00e9ales pour les environnements int\u00e9rieurs, mais \u00e9galement utilisables \u00e0 l&rsquo;ext\u00e9rieur, ces chutes se composent d&rsquo;un <strong>collecteur en acier inoxydable<\/strong>, de taille et de position appropri\u00e9es, qui produit un flux d&rsquo;eau qui s&rsquo;\u00e9coule sur le mur ou la surface en verre, sans jamais se d\u00e9tacher. Cette caract\u00e9ristique particuli\u00e8re vous permet d&rsquo;obtenir un effet d&rsquo;eau fascinant et peu invasive, gr\u00e2ce \u00e0 l&rsquo;absence presque totale d&rsquo;eau \u00e9claboussante.<\/p>\n<p>Ces cascades sont principalement fabriqu\u00e9es sur mesure et pour des applications sp\u00e9cifiques, mais jusqu&rsquo;\u00e0 3 m de longueur Cascade propose un syst\u00e8me complet de r\u00e9servoir de collecte d&rsquo;eau <strong>Lipari<\/strong> pour la recirculation (voir la section <a href=\"https:\/\/www.cascade.it\/fr\/produits\/fontaines-pretes-preassemblees\/\"><span style=\"text-decoration: underline;\"><strong>FONTAINES PR\u00caTES PR\u00c9-ASSEMBL\u00c9ES<\/strong><\/span><\/a>).<\/p>\n<p><strong>\u00c9clairage immerg\u00e9<\/strong>: pour enrichir l&rsquo;effet de l&rsquo;eau avec des jeux de lumi\u00e8re monochromatique ou RGBW, nous recommandons l&rsquo;utilisation des <a href=\"https:\/\/www.cascade.it\/fr\/produits\/eclairage-immerge-led\/projecteurs-led-mizar\/\"><span style=\"text-decoration: underline;\"><strong>projecteurs LED immerg\u00e9s Mizar pour fontaines<\/strong><\/span><\/a>, des produits Cascade professionnels sp\u00e9cifiques pour une utilisation dans les fontaines, avec un design \u00e9l\u00e9gant, une technologie de pointe et effets de lumi\u00e8re extraordinaires.<\/p>\n<p>Pour plus d&rsquo;informations et des devis cibl\u00e9s, contactez-nous.[vc_row][vc_column][vc_btn title=\u00a0\u00bbContactez-nous\u00a0\u00bb style=\u00a0\u00bbcustom\u00a0\u00bb custom_background=\u00a0\u00bb#1e73be\u00a0\u00bb custom_text=\u00a0\u00bb#ffffff\u00a0\u00bb size=\u00a0\u00bblg\u00a0\u00bb align=\u00a0\u00bbcenter\u00a0\u00bb i_icon_fontawesome=\u00a0\u00bbfa fa-envelope-o\u00a0\u00bb add_icon=\u00a0\u00bbtrue\u00a0\u00bb link=\u00a0\u00bburl:https%3A%2F%2Fwww.cascade.it%2Ffr%2Fcontact%2F|||\u00a0\u00bb][\/vc_column][\/vc_row]<\/p>\n<\/div>\n","protected":false},"excerpt":{"rendered":"<p>&nbsp; Chutes d\u2019eau sur verre ou mur Les chutes d\u2019eau sur verre ou murs repr\u00e9sentent un effet suggestif mais en m\u00eame temps \u00e9l\u00e9gant. Id\u00e9ales pour les environnements int\u00e9rieurs, mais \u00e9galement utilisables \u00e0 l&rsquo;ext\u00e9rieur, ces chutes se composent d&rsquo;un collecteur en acier inoxydable, de taille et de position appropri\u00e9es, qui produit un flux d&rsquo;eau qui s&rsquo;\u00e9coule [&hellip;]<\/p>\n","protected":false},"featured_media":9543,"template":"","meta":[],"product_brand":[],"product_cat":[291],"product_tag":[],"class_list":{"0":"post-10228","1":"product","2":"type-product","3":"status-publish","4":"has-post-thumbnail","6":"product_cat-chutes-deau","8":"first","9":"instock","10":"shipping-taxable","11":"product-type-simple"},"yoast_head":"<!-- This site is optimized with the Yoast SEO plugin v26.7 - https:\/\/yoast.com\/wordpress\/plugins\/seo\/ -->\n<title>Chutes d\u2019eau sur verre ou mur - Cascade<\/title>\n<meta name=\"description\" content=\"Ces chutes d&#039;eau consistent en un \u00e9coulement d&#039;eau qui coule \u00e0 la surface du mur ou du verre, sans jamais se d\u00e9tacher, avec un effet suggestif.\" \/>\n<meta name=\"robots\" content=\"index, follow, max-snippet:-1, max-image-preview:large, max-video-preview:-1\" \/>\n<link rel=\"canonical\" href=\"https:\/\/www.cascade.it\/fr\/prodotto\/chutes-deau-sur-verre-ou-mur\/\" \/>\n<meta property=\"og:locale\" content=\"fr_FR\" \/>\n<meta property=\"og:type\" content=\"article\" \/>\n<meta property=\"og:title\" content=\"Chutes d\u2019eau sur verre ou mur - Cascade\" \/>\n<meta property=\"og:description\" content=\"Ces chutes d&#039;eau consistent en un \u00e9coulement d&#039;eau qui coule \u00e0 la surface du mur ou du verre, sans jamais se d\u00e9tacher, avec un effet suggestif.\" \/>\n<meta property=\"og:url\" content=\"https:\/\/www.cascade.it\/fr\/prodotto\/chutes-deau-sur-verre-ou-mur\/\" \/>\n<meta property=\"og:site_name\" content=\"Cascade\" \/>\n<meta property=\"article:modified_time\" content=\"2020-11-20T17:17:17+00:00\" \/>\n<meta property=\"og:image\" content=\"https:\/\/www.cascade.it\/new\/wp-content\/uploads\/2020\/06\/CASCATE-SU-VETRO-O-PARETE.jpg\" \/>\n\t<meta property=\"og:image:width\" content=\"1300\" \/>\n\t<meta property=\"og:image:height\" content=\"1300\" \/>\n\t<meta property=\"og:image:type\" content=\"image\/jpeg\" \/>\n<meta name=\"twitter:card\" content=\"summary_large_image\" \/>\n<meta name=\"twitter:label1\" content=\"Dur\u00e9e de lecture estim\u00e9e\" \/>\n\t<meta name=\"twitter:data1\" content=\"1 minute\" \/>\n<!-- \/ Yoast SEO plugin. -->","yoast_head_json":{"title":"Chutes d\u2019eau sur verre ou mur - Cascade","description":"Ces chutes d'eau consistent en un \u00e9coulement d'eau qui coule \u00e0 la surface du mur ou du verre, sans jamais se d\u00e9tacher, avec un effet suggestif.","robots":{"index":"index","follow":"follow","max-snippet":"max-snippet:-1","max-image-preview":"max-image-preview:large","max-video-preview":"max-video-preview:-1"},"canonical":"https:\/\/www.cascade.it\/fr\/prodotto\/chutes-deau-sur-verre-ou-mur\/","og_locale":"fr_FR","og_type":"article","og_title":"Chutes d\u2019eau sur verre ou mur - Cascade","og_description":"Ces chutes d'eau consistent en un \u00e9coulement d'eau qui coule \u00e0 la surface du mur ou du verre, sans jamais se d\u00e9tacher, avec un effet suggestif.","og_url":"https:\/\/www.cascade.it\/fr\/prodotto\/chutes-deau-sur-verre-ou-mur\/","og_site_name":"Cascade","article_modified_time":"2020-11-20T17:17:17+00:00","og_image":[{"width":1300,"height":1300,"url":"https:\/\/www.cascade.it\/new\/wp-content\/uploads\/2020\/06\/CASCATE-SU-VETRO-O-PARETE.jpg","type":"image\/jpeg"}],"twitter_card":"summary_large_image","twitter_misc":{"Dur\u00e9e de lecture estim\u00e9e":"1 minute"},"schema":{"@context":"https:\/\/schema.org","@graph":[{"@type":"WebPage","@id":"https:\/\/www.cascade.it\/fr\/prodotto\/chutes-deau-sur-verre-ou-mur\/","url":"https:\/\/www.cascade.it\/fr\/prodotto\/chutes-deau-sur-verre-ou-mur\/","name":"Chutes d\u2019eau sur verre ou mur - Cascade","isPartOf":{"@id":"https:\/\/www.cascade.it\/fr\/#website"},"primaryImageOfPage":{"@id":"https:\/\/www.cascade.it\/fr\/prodotto\/chutes-deau-sur-verre-ou-mur\/#primaryimage"},"image":{"@id":"https:\/\/www.cascade.it\/fr\/prodotto\/chutes-deau-sur-verre-ou-mur\/#primaryimage"},"thumbnailUrl":"https:\/\/www.cascade.it\/new\/wp-content\/uploads\/2020\/06\/CASCATE-SU-VETRO-O-PARETE.jpg","datePublished":"2020-06-05T07:14:01+00:00","dateModified":"2020-11-20T17:17:17+00:00","description":"Ces chutes d'eau consistent en un \u00e9coulement d'eau qui coule \u00e0 la surface du mur ou du verre, sans jamais se d\u00e9tacher, avec un effet suggestif.","breadcrumb":{"@id":"https:\/\/www.cascade.it\/fr\/prodotto\/chutes-deau-sur-verre-ou-mur\/#breadcrumb"},"inLanguage":"fr-FR","potentialAction":[{"@type":"ReadAction","target":["https:\/\/www.cascade.it\/fr\/prodotto\/chutes-deau-sur-verre-ou-mur\/"]}]},{"@type":"ImageObject","inLanguage":"fr-FR","@id":"https:\/\/www.cascade.it\/fr\/prodotto\/chutes-deau-sur-verre-ou-mur\/#primaryimage","url":"https:\/\/www.cascade.it\/new\/wp-content\/uploads\/2020\/06\/CASCATE-SU-VETRO-O-PARETE.jpg","contentUrl":"https:\/\/www.cascade.it\/new\/wp-content\/uploads\/2020\/06\/CASCATE-SU-VETRO-O-PARETE.jpg","width":1300,"height":1300,"caption":"Fontana a Cascata - Cascade"},{"@type":"BreadcrumbList","@id":"https:\/\/www.cascade.it\/fr\/prodotto\/chutes-deau-sur-verre-ou-mur\/#breadcrumb","itemListElement":[{"@type":"ListItem","position":1,"name":"Home","item":"https:\/\/www.cascade.it\/fr\/"},{"@type":"ListItem","position":2,"name":"Boutique","item":"https:\/\/www.cascade.it\/fr\/boutique\/"},{"@type":"ListItem","position":3,"name":"Chutes d\u2019eau sur verre ou mur"}]},{"@type":"WebSite","@id":"https:\/\/www.cascade.it\/fr\/#website","url":"https:\/\/www.cascade.it\/fr\/","name":"Cascade","description":"More than a fountain","potentialAction":[{"@type":"SearchAction","target":{"@type":"EntryPoint","urlTemplate":"https:\/\/www.cascade.it\/fr\/?s={search_term_string}"},"query-input":{"@type":"PropertyValueSpecification","valueRequired":true,"valueName":"search_term_string"}}],"inLanguage":"fr-FR"}]}},"_links":{"self":[{"href":"https:\/\/www.cascade.it\/fr\/wp-json\/wp\/v2\/product\/10228","targetHints":{"allow":["GET"]}}],"collection":[{"href":"https:\/\/www.cascade.it\/fr\/wp-json\/wp\/v2\/product"}],"about":[{"href":"https:\/\/www.cascade.it\/fr\/wp-json\/wp\/v2\/types\/product"}],"wp:featuredmedia":[{"embeddable":true,"href":"https:\/\/www.cascade.it\/fr\/wp-json\/wp\/v2\/media\/9543"}],"wp:attachment":[{"href":"https:\/\/www.cascade.it\/fr\/wp-json\/wp\/v2\/media?parent=10228"}],"wp:term":[{"taxonomy":"product_brand","embeddable":true,"href":"https:\/\/www.cascade.it\/fr\/wp-json\/wp\/v2\/product_brand?post=10228"},{"taxonomy":"product_cat","embeddable":true,"href":"https:\/\/www.cascade.it\/fr\/wp-json\/wp\/v2\/product_cat?post=10228"},{"taxonomy":"product_tag","embeddable":true,"href":"https:\/\/www.cascade.it\/fr\/wp-json\/wp\/v2\/product_tag?post=10228"}],"curies":[{"name":"wp","href":"https:\/\/api.w.org\/{rel}","templated":true}]}}