{"id":10226,"date":"2020-06-05T16:37:04","date_gmt":"2020-07-20T13:34:21","guid":{"rendered":"https:\/\/www.cascade.it\/?post_type=product&#038;p=10226"},"modified":"2020-11-24T10:54:16","modified_gmt":"2020-11-24T09:54:16","slug":"chutes-deau-a-rideau","status":"publish","type":"product","link":"https:\/\/www.cascade.it\/fr\/prodotto\/chutes-deau-a-rideau\/","title":{"rendered":"Chutes d\u2019eau \u00e0 rideau"},"content":{"rendered":"<p>[vc_row][vc_column][vc_empty_space height=\u00a0\u00bb50&Prime; height_mobile=\u00a0\u00bb100&Prime;][vc_column_text]<\/p>\n<div class=\"carousel-slider-outer carousel-slider-outer-image-carousel carousel-slider-outer-9547\" style=\"--carousel-slider-nav-color:#f1f1f1;--carousel-slider-active-nav-color:#00d1b2;--carousel-slider-arrow-size:48px;--carousel-slider-bullet-size:10px\">\n<div id=\"&#039;id-9547\" class=\"carousel-slider carousel-slider-9547 arrows-visibility-hover dots-visibility-never arrows-outside dots-center dots-square owl-carousel\" data-slide-type=\"image-carousel\" data-owl-settings='{\"nav\":true,\"dots\":false,\"slideBy\":1,\"stagePadding\":0,\"margin\":10,\"loop\":true,\"lazyLoad\":true,\"autoplay\":true,\"autoplayTimeout\":5000,\"autoplaySpeed\":500,\"autoplayHoverPause\":true,\"autoWidth\":false,\"responsive\":{\"300\":{\"items\":1},\"576\":{\"items\":2},\"768\":{\"items\":2},\"1024\":{\"items\":3},\"1280\":{\"items\":3},\"1536\":{\"items\":3}}}'>\n<div class=\"carousel-slider__item\">\n\t<img class=\"owl-lazy\" data-src=\"https:\/\/www.cascade.it\/new\/wp-content\/uploads\/2020\/06\/1-Cascate-a-tenda.jpg\" alt=\"\"><\/a><\/div>\n\n<div class=\"carousel-slider__item\">\n\t<img class=\"owl-lazy\" data-src=\"https:\/\/www.cascade.it\/new\/wp-content\/uploads\/2020\/06\/2-Cascate-a-tenda.jpg\" alt=\"\"><\/a><\/div>\n\n<div class=\"carousel-slider__item\">\n\t<img class=\"owl-lazy\" data-src=\"https:\/\/www.cascade.it\/new\/wp-content\/uploads\/2020\/06\/3-Cascate-a-tenda.jpg\" alt=\"\"><\/a><\/div>\n\n<div class=\"carousel-slider__item\">\n\t<img class=\"owl-lazy\" data-src=\"https:\/\/www.cascade.it\/new\/wp-content\/uploads\/2020\/06\/4-Cascate-a-tenda.jpg\" alt=\"\"><\/a><\/div>\n\n<div class=\"carousel-slider__item\">\n\t<img class=\"owl-lazy\" data-src=\"https:\/\/www.cascade.it\/new\/wp-content\/uploads\/2020\/06\/6-Cascate-a-tenda.jpg\" alt=\"\"><\/a><\/div>\n\n<div class=\"carousel-slider__item\">\n\t<img class=\"owl-lazy\" data-src=\"https:\/\/www.cascade.it\/new\/wp-content\/uploads\/2020\/06\/5-Cascate-a-tenda-1.jpg\" alt=\"\"><\/a><\/div>\n\n<\/div><!-- .carousel-slider-9547 -->\n<\/div><!-- .carousel-slider-outer-9547 -->\n\n<p>&nbsp;<\/p>\n<div style=\"overflow-x: auto;\">\n<h1><span style=\"color: #1e73be;\">Chutes d\u2019eau \u00e0 rideau<\/span><\/h1>\n<p>Les <strong>chutes d\u2019eau \u00e0 rideau<\/strong> vous permettent d&rsquo;obtenir un effet lin\u00e9aire ou curviligne qui reproduit un <strong>rideau d&rsquo;eau<\/strong> form\u00e9 par une s\u00e9rie de jets cristallins avec une tr\u00e8s petite distance entre les centres.<\/p>\n<p>Contrairement aux cascades de rideaux d&rsquo;eau homog\u00e8nes, qui n\u00e9cessitent une certaine uniformit\u00e9 du jet d&rsquo;eau pour obtenir l&rsquo;effet souhait\u00e9, ces chutes d\u2019eau b\u00e9n\u00e9ficient d&rsquo;une plus grande polyvalence et conviennent \u00e9galement \u00e0 <strong>de plus grandes hauteurs<\/strong>, o\u00f9 tout jet d&rsquo;eau aurait tendance \u00e0 perdre sa forme de toute fa\u00e7on.<\/p>\n<p>Utilisable \u00e0 l&rsquo;int\u00e9rieur et \u00e0 l&rsquo;ext\u00e9rieur, ce type de cascade peut \u00e9galement se d\u00e9velopper sur de grandes longueurs.<\/p>\n<p>Pour les chutes jusqu&rsquo;\u00e0 3 m de longueur, Cascade propose un <strong>syst\u00e8me complet<\/strong> de vasque <strong>Lipari<\/strong> pour collecter l&rsquo;eau de recirculation (voir la section <a href=\"https:\/\/www.cascade.it\/fr\/produits\/fontaines-pretes-preassemblees\/\"><strong><span style=\"text-decoration: underline;\">FONTAINES PR\u00caTES PR\u00c9-ASSEMBL\u00c9ES<\/span><\/strong><\/a>).<\/p>\n<p><strong>\u00c9clairage immerg\u00e9<\/strong>: pour enrichir l&rsquo;effet de l&rsquo;eau avec des jeux de lumi\u00e8re monochromatique ou RGBW, nous recommandons l&rsquo;utilisation des <a href=\"https:\/\/www.cascade.it\/fr\/produits\/eclairage-immerge-led\/projecteurs-led-mizar\/\"><span style=\"text-decoration: underline;\"><strong>projecteurs LED immerg\u00e9s Mizar pour fontaines<\/strong><\/span><\/a>, des produits Cascade professionnels sp\u00e9cifiques pour une utilisation dans les fontaines, avec un design \u00e9l\u00e9gant, une technologie de pointe et effets de lumi\u00e8re extraordinaires.<\/p>\n<p>Pour plus d&rsquo;informations et des devis cibl\u00e9s, contactez-nous.[vc_row][vc_column][vc_btn title=\u00a0\u00bbContactez-nous\u00a0\u00bb style=\u00a0\u00bbcustom\u00a0\u00bb custom_background=\u00a0\u00bb#1e73be\u00a0\u00bb custom_text=\u00a0\u00bb#ffffff\u00a0\u00bb size=\u00a0\u00bblg\u00a0\u00bb align=\u00a0\u00bbcenter\u00a0\u00bb i_icon_fontawesome=\u00a0\u00bbfa fa-envelope-o\u00a0\u00bb add_icon=\u00a0\u00bbtrue\u00a0\u00bb link=\u00a0\u00bburl:https%3A%2F%2Fwww.cascade.it%2Ffr%2Fcontact%2F|||\u00a0\u00bb][\/vc_column][\/vc_row]<\/p>\n<\/div>\n","protected":false},"excerpt":{"rendered":"<p>[vc_row][vc_column][vc_empty_space height=\u00a0\u00bb50&Prime; height_mobile=\u00a0\u00bb100&Prime;][vc_column_text] &nbsp; Chutes d\u2019eau \u00e0 rideau Les chutes d\u2019eau \u00e0 rideau vous permettent d&rsquo;obtenir un effet lin\u00e9aire ou curviligne qui reproduit un rideau d&rsquo;eau form\u00e9 par une s\u00e9rie de jets cristallins avec une tr\u00e8s petite distance entre les centres. Contrairement aux cascades de rideaux d&rsquo;eau homog\u00e8nes, qui n\u00e9cessitent une certaine uniformit\u00e9 du jet [&hellip;]<\/p>\n","protected":false},"featured_media":9574,"template":"","meta":[],"product_brand":[],"product_cat":[291],"product_tag":[],"class_list":{"0":"post-10226","1":"product","2":"type-product","3":"status-publish","4":"has-post-thumbnail","6":"product_cat-chutes-deau","8":"first","9":"instock","10":"shipping-taxable","11":"product-type-simple"},"yoast_head":"<!-- This site is optimized with the Yoast SEO plugin v26.7 - https:\/\/yoast.com\/wordpress\/plugins\/seo\/ -->\n<title>Chutes d\u2019eau \u00e0 rideau - Cascade<\/title>\n<meta name=\"description\" content=\"Les chutes d\u2019eau \u00e0 rideau vous permettent d&#039;obtenir un effet lin\u00e9aire ou curviligne qui reproduit un rideau d&#039;eau form\u00e9 par des jets cristallins.\" \/>\n<meta name=\"robots\" content=\"index, follow, max-snippet:-1, max-image-preview:large, max-video-preview:-1\" \/>\n<link rel=\"canonical\" href=\"https:\/\/www.cascade.it\/fr\/prodotto\/chutes-deau-a-rideau\/\" \/>\n<meta property=\"og:locale\" content=\"fr_FR\" \/>\n<meta property=\"og:type\" content=\"article\" \/>\n<meta property=\"og:title\" content=\"Chutes d\u2019eau \u00e0 rideau - Cascade\" \/>\n<meta property=\"og:description\" content=\"Les chutes d\u2019eau \u00e0 rideau vous permettent d&#039;obtenir un effet lin\u00e9aire ou curviligne qui reproduit un rideau d&#039;eau form\u00e9 par des jets cristallins.\" \/>\n<meta property=\"og:url\" content=\"https:\/\/www.cascade.it\/fr\/prodotto\/chutes-deau-a-rideau\/\" \/>\n<meta property=\"og:site_name\" content=\"Cascade\" \/>\n<meta property=\"article:modified_time\" content=\"2020-11-24T09:54:16+00:00\" \/>\n<meta property=\"og:image\" content=\"https:\/\/www.cascade.it\/new\/wp-content\/uploads\/2020\/06\/CASCATE-A-TENDA-1.jpg\" \/>\n\t<meta property=\"og:image:width\" content=\"1300\" \/>\n\t<meta property=\"og:image:height\" content=\"1300\" \/>\n\t<meta property=\"og:image:type\" content=\"image\/jpeg\" \/>\n<meta name=\"twitter:card\" content=\"summary_large_image\" \/>\n<meta name=\"twitter:label1\" content=\"Dur\u00e9e de lecture estim\u00e9e\" \/>\n\t<meta name=\"twitter:data1\" content=\"1 minute\" \/>\n<!-- \/ Yoast SEO plugin. -->","yoast_head_json":{"title":"Chutes d\u2019eau \u00e0 rideau - Cascade","description":"Les chutes d\u2019eau \u00e0 rideau vous permettent d'obtenir un effet lin\u00e9aire ou curviligne qui reproduit un rideau d'eau form\u00e9 par des jets cristallins.","robots":{"index":"index","follow":"follow","max-snippet":"max-snippet:-1","max-image-preview":"max-image-preview:large","max-video-preview":"max-video-preview:-1"},"canonical":"https:\/\/www.cascade.it\/fr\/prodotto\/chutes-deau-a-rideau\/","og_locale":"fr_FR","og_type":"article","og_title":"Chutes d\u2019eau \u00e0 rideau - Cascade","og_description":"Les chutes d\u2019eau \u00e0 rideau vous permettent d'obtenir un effet lin\u00e9aire ou curviligne qui reproduit un rideau d'eau form\u00e9 par des jets cristallins.","og_url":"https:\/\/www.cascade.it\/fr\/prodotto\/chutes-deau-a-rideau\/","og_site_name":"Cascade","article_modified_time":"2020-11-24T09:54:16+00:00","og_image":[{"width":1300,"height":1300,"url":"https:\/\/www.cascade.it\/new\/wp-content\/uploads\/2020\/06\/CASCATE-A-TENDA-1.jpg","type":"image\/jpeg"}],"twitter_card":"summary_large_image","twitter_misc":{"Dur\u00e9e de lecture estim\u00e9e":"1 minute"},"schema":{"@context":"https:\/\/schema.org","@graph":[{"@type":"WebPage","@id":"https:\/\/www.cascade.it\/fr\/prodotto\/chutes-deau-a-rideau\/","url":"https:\/\/www.cascade.it\/fr\/prodotto\/chutes-deau-a-rideau\/","name":"Chutes d\u2019eau \u00e0 rideau - Cascade","isPartOf":{"@id":"https:\/\/www.cascade.it\/fr\/#website"},"primaryImageOfPage":{"@id":"https:\/\/www.cascade.it\/fr\/prodotto\/chutes-deau-a-rideau\/#primaryimage"},"image":{"@id":"https:\/\/www.cascade.it\/fr\/prodotto\/chutes-deau-a-rideau\/#primaryimage"},"thumbnailUrl":"https:\/\/www.cascade.it\/new\/wp-content\/uploads\/2020\/06\/CASCATE-A-TENDA-1.jpg","datePublished":"2020-07-20T13:34:21+00:00","dateModified":"2020-11-24T09:54:16+00:00","description":"Les chutes d\u2019eau \u00e0 rideau vous permettent d'obtenir un effet lin\u00e9aire ou curviligne qui reproduit un rideau d'eau form\u00e9 par des jets cristallins.","breadcrumb":{"@id":"https:\/\/www.cascade.it\/fr\/prodotto\/chutes-deau-a-rideau\/#breadcrumb"},"inLanguage":"fr-FR","potentialAction":[{"@type":"ReadAction","target":["https:\/\/www.cascade.it\/fr\/prodotto\/chutes-deau-a-rideau\/"]}]},{"@type":"ImageObject","inLanguage":"fr-FR","@id":"https:\/\/www.cascade.it\/fr\/prodotto\/chutes-deau-a-rideau\/#primaryimage","url":"https:\/\/www.cascade.it\/new\/wp-content\/uploads\/2020\/06\/CASCATE-A-TENDA-1.jpg","contentUrl":"https:\/\/www.cascade.it\/new\/wp-content\/uploads\/2020\/06\/CASCATE-A-TENDA-1.jpg","width":1300,"height":1300,"caption":"Fontana a Cascata - Cascade"},{"@type":"BreadcrumbList","@id":"https:\/\/www.cascade.it\/fr\/prodotto\/chutes-deau-a-rideau\/#breadcrumb","itemListElement":[{"@type":"ListItem","position":1,"name":"Home","item":"https:\/\/www.cascade.it\/fr\/"},{"@type":"ListItem","position":2,"name":"Boutique","item":"https:\/\/www.cascade.it\/fr\/boutique\/"},{"@type":"ListItem","position":3,"name":"Chutes d\u2019eau \u00e0 rideau"}]},{"@type":"WebSite","@id":"https:\/\/www.cascade.it\/fr\/#website","url":"https:\/\/www.cascade.it\/fr\/","name":"Cascade","description":"More than a fountain","potentialAction":[{"@type":"SearchAction","target":{"@type":"EntryPoint","urlTemplate":"https:\/\/www.cascade.it\/fr\/?s={search_term_string}"},"query-input":{"@type":"PropertyValueSpecification","valueRequired":true,"valueName":"search_term_string"}}],"inLanguage":"fr-FR"}]}},"_links":{"self":[{"href":"https:\/\/www.cascade.it\/fr\/wp-json\/wp\/v2\/product\/10226","targetHints":{"allow":["GET"]}}],"collection":[{"href":"https:\/\/www.cascade.it\/fr\/wp-json\/wp\/v2\/product"}],"about":[{"href":"https:\/\/www.cascade.it\/fr\/wp-json\/wp\/v2\/types\/product"}],"wp:featuredmedia":[{"embeddable":true,"href":"https:\/\/www.cascade.it\/fr\/wp-json\/wp\/v2\/media\/9574"}],"wp:attachment":[{"href":"https:\/\/www.cascade.it\/fr\/wp-json\/wp\/v2\/media?parent=10226"}],"wp:term":[{"taxonomy":"product_brand","embeddable":true,"href":"https:\/\/www.cascade.it\/fr\/wp-json\/wp\/v2\/product_brand?post=10226"},{"taxonomy":"product_cat","embeddable":true,"href":"https:\/\/www.cascade.it\/fr\/wp-json\/wp\/v2\/product_cat?post=10226"},{"taxonomy":"product_tag","embeddable":true,"href":"https:\/\/www.cascade.it\/fr\/wp-json\/wp\/v2\/product_tag?post=10226"}],"curies":[{"name":"wp","href":"https:\/\/api.w.org\/{rel}","templated":true}]}}